{"id":50760,"date":"2024-09-14T10:53:40","date_gmt":"2024-09-14T10:53:40","guid":{"rendered":"https:\/\/bulaoutdoor.nl\/?post_type=product&#038;p=50760"},"modified":"2024-09-14T10:53:41","modified_gmt":"2024-09-14T10:53:41","slug":"broil-king-royal-390-shadow","status":"publish","type":"product","link":"https:\/\/bulaoutdoor.nl\/fr\/product\/broil-king-royal-390-shadow\/","title":{"rendered":"Broil King Royal 390 SHADOW"},"content":{"rendered":"<p>Les <strong>Broil King\u2122 Royal\u2122 390 SHADOW<\/strong> est le barbecue \u00e0 gaz id\u00e9al pour les amateurs de commodit\u00e9 et de performances de haute qualit\u00e9, dans un espace limit\u00e9. Avec ses trois br\u00fbleurs \u00e0 double flamme en acier inoxydable, ce barbecue offre une distribution de chaleur puissante et homog\u00e8ne. Gr\u00e2ce aux grilles de cuisson r\u00e9versibles en fonte \u00e9maill\u00e9e et aux r\u00e9partiteurs de chaleur Flav-R-Wave\u2122, votre viande obtiendra cette d\u00e9licieuse et authentique saveur de grillade tout en conservant son jus.<\/p>\n<h4><strong>Pourquoi choisir le barbecue \u00e0 gaz Broil King\u2122 Royal\u2122 390 SHADOW ?<\/strong><\/h4>\n<ul>\n<li>3 br\u00fbleurs \u00e0 double flamme en acier inoxydable pour une performance et une distribution de la chaleur optimales.<\/li>\n<li>Grilles de cuisson r\u00e9versibles en fonte \u00e9maill\u00e9e pour des grillades polyvalentes.<\/li>\n<li>Distributeurs de chaleur Flav-R-Wave\u2122 pour une saveur de grillade parfaite.<\/li>\n<li>Baignoire durable en fonte d'aluminium.<\/li>\n<li>Des tables lat\u00e9rales rabattables et un chariot ferm\u00e9 pour une fonctionnalit\u00e9 maximale.<\/li>\n<li>Barbecue noir \u00e9l\u00e9gant pour un look chic.<\/li>\n<li>Comprend un br\u00fbleur lat\u00e9ral et un ensemble de r\u00f4tissoires de qualit\u00e9 sup\u00e9rieure pour des options de cuisson suppl\u00e9mentaires.<\/li>\n<\/ul>\n<h4><strong>Broil King\u2122 Royal\u2122 390 SHADOW Barbecue \u00e0 gaz : Caract\u00e9ristiques techniques<\/strong><\/h4>\n<ul>\n<li><strong>Surface de friture :<\/strong> 55,2 x 37,3 cm<br \/>\nsuffisamment spacieux pour griller plusieurs plats \u00e0 la fois.<\/li>\n<li><strong>Grille de r\u00e9chauffement de la surface :<\/strong> 54,5 x 29,1 cm<br \/>\nid\u00e9al pour maintenir les grillades au chaud ou pr\u00e9parer des accompagnements.<\/li>\n<li><strong>Nombre de zones de cuisson :<\/strong> 3<br \/>\noffre un contr\u00f4le total sur plusieurs zones de temp\u00e9rature pour une cuisson polyvalente.<\/li>\n<li><strong>Hauteur de travail :<\/strong> 97 cm<br \/>\npour une position de travail confortable pendant la cuisson.<\/li>\n<li><strong>Dimensions :<\/strong> 132 x 56 x 119 cm<br \/>\nCompact mais spacieux, il s'adapte facilement \u00e0 toute terrasse ou balcon.<\/li>\n<\/ul>\n<h4>Grilles de cuisson<\/h4>\n<p>Les grilles de cuisson en fonte sont sp\u00e9cialement con\u00e7ues pour conserver la chaleur. Les grilles ont deux c\u00f4t\u00e9s diff\u00e9rents. L'une d'elles est tranchante, ce qui permet de saisir de belles marques de steakhouse. L'autre c\u00f4t\u00e9 de la grille est rainur\u00e9, ce qui permet de griller la viande dans son propre jus. Ces grilles sont faciles \u00e0 nettoyer et ont un excellent pouvoir de saisie.<img loading=\"lazy\" decoding=\"async\" class=\"wp-image-12355 aligncenter\" src=\"https:\/\/www.bulaoutdoor.nl\/wp-content\/uploads\/2021\/09\/roosters2-300x227.jpg\" alt=\"\" width=\"430\" height=\"325\" srcset=\"https:\/\/bulaoutdoor.nl\/wp-content\/uploads\/2021\/09\/roosters2-300x227.jpg 300w, https:\/\/bulaoutdoor.nl\/wp-content\/uploads\/2021\/09\/roosters2-416x315.jpg 416w, https:\/\/bulaoutdoor.nl\/wp-content\/uploads\/2021\/09\/roosters2.jpg 500w\" sizes=\"auto, (max-width: 430px) 100vw, 430px\" \/><\/p>\n<h4>Flav-r-wave<\/h4>\n<p>Le syst\u00e8me de cuisson Flav-r-wave\u2122 est con\u00e7u pour capturer et \u00e9vaporer imm\u00e9diatement les jus de viande qui tombent \u00e0 travers la grille. C'est gr\u00e2ce \u00e0 cette technique que la saveur unique du barbecue est cr\u00e9\u00e9e.<\/p>\n<p><img loading=\"lazy\" decoding=\"async\" class=\"size-medium wp-image-12353 aligncenter\" src=\"https:\/\/www.bulaoutdoor.nl\/wp-content\/uploads\/2021\/09\/flavrwave-300x300.jpg\" alt=\"\" width=\"300\" height=\"300\" srcset=\"https:\/\/bulaoutdoor.nl\/wp-content\/uploads\/2021\/09\/flavrwave-300x300.jpg 300w, https:\/\/bulaoutdoor.nl\/wp-content\/uploads\/2021\/09\/flavrwave-150x150.jpg 150w, https:\/\/bulaoutdoor.nl\/wp-content\/uploads\/2021\/09\/flavrwave-324x324.jpg 324w, https:\/\/bulaoutdoor.nl\/wp-content\/uploads\/2021\/09\/flavrwave-100x100.jpg 100w, https:\/\/bulaoutdoor.nl\/wp-content\/uploads\/2021\/09\/flavrwave.jpg 337w\" sizes=\"auto, (max-width: 300px) 100vw, 300px\" \/><\/p>\n<h4>Br\u00fbleurs \u00e0 deux tubes<\/h4>\n<p>Les br\u00fbleurs Dual-tube\u2122 sont con\u00e7us pour assurer une distribution parfaitement homog\u00e8ne des flammes. La chaleur est ainsi r\u00e9partie de mani\u00e8re homog\u00e8ne sur l'ensemble de la cuve de votre barbecue.<img loading=\"lazy\" decoding=\"async\" class=\"size-medium wp-image-12354 aligncenter\" src=\"https:\/\/www.bulaoutdoor.nl\/wp-content\/uploads\/2021\/09\/dualtube-300x300.png\" alt=\"\" width=\"300\" height=\"300\" srcset=\"https:\/\/bulaoutdoor.nl\/wp-content\/uploads\/2021\/09\/dualtube-300x300.png 300w, https:\/\/bulaoutdoor.nl\/wp-content\/uploads\/2021\/09\/dualtube-150x150.png 150w, https:\/\/bulaoutdoor.nl\/wp-content\/uploads\/2021\/09\/dualtube-324x324.png 324w, https:\/\/bulaoutdoor.nl\/wp-content\/uploads\/2021\/09\/dualtube-100x100.png 100w, https:\/\/bulaoutdoor.nl\/wp-content\/uploads\/2021\/09\/dualtube.png 337w\" sizes=\"auto, (max-width: 300px) 100vw, 300px\" \/><\/p>\n<h4><\/h4>\n<h4>Une temp\u00e9rature parfaite<\/h4>\n<p>Les robinets \u00e0 gaz Linear-Flow\u2122 sont con\u00e7us pour permettre un contr\u00f4le infini de la temp\u00e9rature. Gr\u00e2ce \u00e0 cette technique, vous pouvez saisir des steaks \u00e0 haute temp\u00e9rature ou faire cuire lentement des plats \u00e0 basse temp\u00e9rature. La temp\u00e9rature \u00e0 l'int\u00e9rieur du barbecue est facile \u00e0 lire sur le thermom\u00e8tre int\u00e9gr\u00e9.<\/p>\n<h4>Garantie<\/h4>\n<p><img loading=\"lazy\" decoding=\"async\" class=\"wp-image-12700 aligncenter\" src=\"https:\/\/www.bulaoutdoor.nl\/wp-content\/uploads\/2021\/11\/garantie-monarch-300x161.jpg\" alt=\"\" width=\"451\" height=\"242\" srcset=\"https:\/\/bulaoutdoor.nl\/wp-content\/uploads\/2021\/11\/garantie-monarch-300x161.jpg 300w, https:\/\/bulaoutdoor.nl\/wp-content\/uploads\/2021\/11\/garantie-monarch-416x223.jpg 416w, https:\/\/bulaoutdoor.nl\/wp-content\/uploads\/2021\/11\/garantie-monarch.jpg 491w\" sizes=\"auto, (max-width: 451px) 100vw, 451px\" \/><\/p>\n<p>Commandez d\u00e8s maintenant le Royal 390 SHADOW chez Bula outdoor, votre sp\u00e9cialiste en mati\u00e8re de barbecue !<\/p>","protected":false},"excerpt":{"rendered":"<p>Barbecue \u00e0 gaz id\u00e9al pour les amateurs de commodit\u00e9 et de performances de haute qualit\u00e9, dans un espace limit\u00e9.<\/p>","protected":false},"featured_media":50761,"comment_status":"open","ping_status":"closed","template":"","meta":{"_acf_changed":false},"product_brand":[],"product_cat":[783],"product_tag":[1387,1386],"class_list":{"0":"post-50760","1":"product","2":"type-product","3":"status-publish","4":"has-post-thumbnail","6":"product_cat-royal-monarch","7":"product_tag-broil-king-royal","8":"product_tag-broil-king-shadow","10":"first","11":"instock","12":"taxable","13":"shipping-taxable","14":"purchasable","15":"product-type-simple"},"acf":[],"yoast_head":"<!-- This site is optimized with the Yoast SEO plugin v27.4 - https:\/\/yoast.com\/product\/yoast-seo-wordpress\/ -->\n<title>Broil King Royal 390 SHADOW &#8211; Bula Outdoor<\/title>\n<meta name=\"robots\" content=\"index, follow, max-snippet:-1, max-image-preview:large, max-video-preview:-1\" \/>\n<link rel=\"canonical\" href=\"https:\/\/bulaoutdoor.nl\/fr\/produit\/broil-king-royal-390-shadow\/\" \/>\n<meta property=\"og:locale\" content=\"fr_FR\" \/>\n<meta property=\"og:type\" content=\"article\" \/>\n<meta property=\"og:title\" content=\"Broil King Royal 390 SHADOW &#8211; Bula Outdoor\" \/>\n<meta property=\"og:description\" content=\"Ideale gasbarbecue voor liefhebbers van zowel gemak als hoogwaardige prestaties, binnen een beperkte ruimte.\" \/>\n<meta property=\"og:url\" content=\"https:\/\/bulaoutdoor.nl\/fr\/produit\/broil-king-royal-390-shadow\/\" \/>\n<meta property=\"og:site_name\" content=\"Bula Outdoor\" \/>\n<meta property=\"article:modified_time\" content=\"2024-09-14T10:53:41+00:00\" \/>\n<meta property=\"og:image\" content=\"https:\/\/bulaoutdoor.nl\/wp-content\/uploads\/2024\/09\/broil-kingRoyal-shadow-390-bula-outdoor.jpg\" \/>\n\t<meta property=\"og:image:width\" content=\"800\" \/>\n\t<meta property=\"og:image:height\" content=\"800\" \/>\n\t<meta property=\"og:image:type\" content=\"image\/jpeg\" \/>\n<meta name=\"twitter:card\" content=\"summary_large_image\" \/>\n<meta name=\"twitter:label1\" content=\"Dur\u00e9e de lecture estim\u00e9e\" \/>\n\t<meta name=\"twitter:data1\" content=\"3 minutes\" \/>\n<script type=\"application\/ld+json\" class=\"yoast-schema-graph\">{\"@context\":\"https:\\\/\\\/schema.org\",\"@graph\":[{\"@type\":\"WebPage\",\"@id\":\"https:\\\/\\\/bulaoutdoor.nl\\\/product\\\/broil-king-royal-390-shadow\\\/\",\"url\":\"https:\\\/\\\/bulaoutdoor.nl\\\/product\\\/broil-king-royal-390-shadow\\\/\",\"name\":\"Broil King Royal 390 SHADOW &#8211; Bula Outdoor\",\"isPartOf\":{\"@id\":\"https:\\\/\\\/bulaoutdoor.nl\\\/#website\"},\"primaryImageOfPage\":{\"@id\":\"https:\\\/\\\/bulaoutdoor.nl\\\/product\\\/broil-king-royal-390-shadow\\\/#primaryimage\"},\"image\":{\"@id\":\"https:\\\/\\\/bulaoutdoor.nl\\\/product\\\/broil-king-royal-390-shadow\\\/#primaryimage\"},\"thumbnailUrl\":\"https:\\\/\\\/bulaoutdoor.nl\\\/wp-content\\\/uploads\\\/2024\\\/09\\\/broil-kingRoyal-shadow-390-bula-outdoor.jpg\",\"datePublished\":\"2024-09-14T10:53:40+00:00\",\"dateModified\":\"2024-09-14T10:53:41+00:00\",\"breadcrumb\":{\"@id\":\"https:\\\/\\\/bulaoutdoor.nl\\\/product\\\/broil-king-royal-390-shadow\\\/#breadcrumb\"},\"inLanguage\":\"fr-FR\",\"potentialAction\":[{\"@type\":\"ReadAction\",\"target\":[\"https:\\\/\\\/bulaoutdoor.nl\\\/product\\\/broil-king-royal-390-shadow\\\/\"]}]},{\"@type\":\"ImageObject\",\"inLanguage\":\"fr-FR\",\"@id\":\"https:\\\/\\\/bulaoutdoor.nl\\\/product\\\/broil-king-royal-390-shadow\\\/#primaryimage\",\"url\":\"https:\\\/\\\/bulaoutdoor.nl\\\/wp-content\\\/uploads\\\/2024\\\/09\\\/broil-kingRoyal-shadow-390-bula-outdoor.jpg\",\"contentUrl\":\"https:\\\/\\\/bulaoutdoor.nl\\\/wp-content\\\/uploads\\\/2024\\\/09\\\/broil-kingRoyal-shadow-390-bula-outdoor.jpg\",\"width\":800,\"height\":800},{\"@type\":\"BreadcrumbList\",\"@id\":\"https:\\\/\\\/bulaoutdoor.nl\\\/product\\\/broil-king-royal-390-shadow\\\/#breadcrumb\",\"itemListElement\":[{\"@type\":\"ListItem\",\"position\":1,\"name\":\"Home\",\"item\":\"https:\\\/\\\/bulaoutdoor.nl\\\/\"},{\"@type\":\"ListItem\",\"position\":2,\"name\":\"Online BBQ kopen\",\"item\":\"https:\\\/\\\/bulaoutdoor.nl\\\/\"},{\"@type\":\"ListItem\",\"position\":3,\"name\":\"Broil King Royal 390 SHADOW\"}]},{\"@type\":\"WebSite\",\"@id\":\"https:\\\/\\\/bulaoutdoor.nl\\\/#website\",\"url\":\"https:\\\/\\\/bulaoutdoor.nl\\\/\",\"name\":\"Bula Outdoor\",\"description\":\"Voor uw buitenhaard, BBQ, tuinfakkel en houtoven\",\"publisher\":{\"@id\":\"https:\\\/\\\/bulaoutdoor.nl\\\/#organization\"},\"potentialAction\":[{\"@type\":\"SearchAction\",\"target\":{\"@type\":\"EntryPoint\",\"urlTemplate\":\"https:\\\/\\\/bulaoutdoor.nl\\\/?s={search_term_string}\"},\"query-input\":{\"@type\":\"PropertyValueSpecification\",\"valueRequired\":true,\"valueName\":\"search_term_string\"}}],\"inLanguage\":\"fr-FR\"},{\"@type\":\"Organization\",\"@id\":\"https:\\\/\\\/bulaoutdoor.nl\\\/#organization\",\"name\":\"Bula Outdoor\",\"url\":\"https:\\\/\\\/bulaoutdoor.nl\\\/\",\"logo\":{\"@type\":\"ImageObject\",\"inLanguage\":\"fr-FR\",\"@id\":\"https:\\\/\\\/bulaoutdoor.nl\\\/#\\\/schema\\\/logo\\\/image\\\/\",\"url\":\"https:\\\/\\\/www.bulaoutdoor.nl\\\/wp-content\\\/uploads\\\/2018\\\/04\\\/bulaoutdoor-logo.png\",\"contentUrl\":\"https:\\\/\\\/www.bulaoutdoor.nl\\\/wp-content\\\/uploads\\\/2018\\\/04\\\/bulaoutdoor-logo.png\",\"width\":324,\"height\":91,\"caption\":\"Bula Outdoor\"},\"image\":{\"@id\":\"https:\\\/\\\/bulaoutdoor.nl\\\/#\\\/schema\\\/logo\\\/image\\\/\"}}]}<\/script>\n<!-- \/ Yoast SEO plugin. -->","yoast_head_json":{"title":"Broil King Royal 390 SHADOW - Bula Outdoor","robots":{"index":"index","follow":"follow","max-snippet":"max-snippet:-1","max-image-preview":"max-image-preview:large","max-video-preview":"max-video-preview:-1"},"canonical":"https:\/\/bulaoutdoor.nl\/fr\/produit\/broil-king-royal-390-shadow\/","og_locale":"fr_FR","og_type":"article","og_title":"Broil King Royal 390 SHADOW &#8211; Bula Outdoor","og_description":"Ideale gasbarbecue voor liefhebbers van zowel gemak als hoogwaardige prestaties, binnen een beperkte ruimte.","og_url":"https:\/\/bulaoutdoor.nl\/fr\/produit\/broil-king-royal-390-shadow\/","og_site_name":"Bula Outdoor","article_modified_time":"2024-09-14T10:53:41+00:00","og_image":[{"width":800,"height":800,"url":"https:\/\/bulaoutdoor.nl\/wp-content\/uploads\/2024\/09\/broil-kingRoyal-shadow-390-bula-outdoor.jpg","type":"image\/jpeg"}],"twitter_card":"summary_large_image","twitter_misc":{"Dur\u00e9e de lecture estim\u00e9e":"3 minutes"},"schema":{"@context":"https:\/\/schema.org","@graph":[{"@type":"WebPage","@id":"https:\/\/bulaoutdoor.nl\/product\/broil-king-royal-390-shadow\/","url":"https:\/\/bulaoutdoor.nl\/product\/broil-king-royal-390-shadow\/","name":"Broil King Royal 390 SHADOW - Bula Outdoor","isPartOf":{"@id":"https:\/\/bulaoutdoor.nl\/#website"},"primaryImageOfPage":{"@id":"https:\/\/bulaoutdoor.nl\/product\/broil-king-royal-390-shadow\/#primaryimage"},"image":{"@id":"https:\/\/bulaoutdoor.nl\/product\/broil-king-royal-390-shadow\/#primaryimage"},"thumbnailUrl":"https:\/\/bulaoutdoor.nl\/wp-content\/uploads\/2024\/09\/broil-kingRoyal-shadow-390-bula-outdoor.jpg","datePublished":"2024-09-14T10:53:40+00:00","dateModified":"2024-09-14T10:53:41+00:00","breadcrumb":{"@id":"https:\/\/bulaoutdoor.nl\/product\/broil-king-royal-390-shadow\/#breadcrumb"},"inLanguage":"fr-FR","potentialAction":[{"@type":"ReadAction","target":["https:\/\/bulaoutdoor.nl\/product\/broil-king-royal-390-shadow\/"]}]},{"@type":"ImageObject","inLanguage":"fr-FR","@id":"https:\/\/bulaoutdoor.nl\/product\/broil-king-royal-390-shadow\/#primaryimage","url":"https:\/\/bulaoutdoor.nl\/wp-content\/uploads\/2024\/09\/broil-kingRoyal-shadow-390-bula-outdoor.jpg","contentUrl":"https:\/\/bulaoutdoor.nl\/wp-content\/uploads\/2024\/09\/broil-kingRoyal-shadow-390-bula-outdoor.jpg","width":800,"height":800},{"@type":"BreadcrumbList","@id":"https:\/\/bulaoutdoor.nl\/product\/broil-king-royal-390-shadow\/#breadcrumb","itemListElement":[{"@type":"ListItem","position":1,"name":"Home","item":"https:\/\/bulaoutdoor.nl\/"},{"@type":"ListItem","position":2,"name":"Online BBQ kopen","item":"https:\/\/bulaoutdoor.nl\/"},{"@type":"ListItem","position":3,"name":"Broil King Royal 390 SHADOW"}]},{"@type":"WebSite","@id":"https:\/\/bulaoutdoor.nl\/#website","url":"https:\/\/bulaoutdoor.nl\/","name":"Bula Outdoor","description":"Pour votre chemin\u00e9e ext\u00e9rieure, votre barbecue, votre torche de jardin et votre four \u00e0 bois","publisher":{"@id":"https:\/\/bulaoutdoor.nl\/#organization"},"potentialAction":[{"@type":"SearchAction","target":{"@type":"EntryPoint","urlTemplate":"https:\/\/bulaoutdoor.nl\/?s={search_term_string}"},"query-input":{"@type":"PropertyValueSpecification","valueRequired":true,"valueName":"search_term_string"}}],"inLanguage":"fr-FR"},{"@type":"Organization","@id":"https:\/\/bulaoutdoor.nl\/#organization","name":"Bula Outdoor","url":"https:\/\/bulaoutdoor.nl\/","logo":{"@type":"ImageObject","inLanguage":"fr-FR","@id":"https:\/\/bulaoutdoor.nl\/#\/schema\/logo\/image\/","url":"https:\/\/www.bulaoutdoor.nl\/wp-content\/uploads\/2018\/04\/bulaoutdoor-logo.png","contentUrl":"https:\/\/www.bulaoutdoor.nl\/wp-content\/uploads\/2018\/04\/bulaoutdoor-logo.png","width":324,"height":91,"caption":"Bula Outdoor"},"image":{"@id":"https:\/\/bulaoutdoor.nl\/#\/schema\/logo\/image\/"}}]}},"jetpack_sharing_enabled":true,"_links":{"self":[{"href":"https:\/\/bulaoutdoor.nl\/fr\/wp-json\/wp\/v2\/product\/50760","targetHints":{"allow":["GET"]}}],"collection":[{"href":"https:\/\/bulaoutdoor.nl\/fr\/wp-json\/wp\/v2\/product"}],"about":[{"href":"https:\/\/bulaoutdoor.nl\/fr\/wp-json\/wp\/v2\/types\/product"}],"replies":[{"embeddable":true,"href":"https:\/\/bulaoutdoor.nl\/fr\/wp-json\/wp\/v2\/comments?post=50760"}],"wp:featuredmedia":[{"embeddable":true,"href":"https:\/\/bulaoutdoor.nl\/fr\/wp-json\/wp\/v2\/media\/50761"}],"wp:attachment":[{"href":"https:\/\/bulaoutdoor.nl\/fr\/wp-json\/wp\/v2\/media?parent=50760"}],"wp:term":[{"taxonomy":"product_brand","embeddable":true,"href":"https:\/\/bulaoutdoor.nl\/fr\/wp-json\/wp\/v2\/product_brand?post=50760"},{"taxonomy":"product_cat","embeddable":true,"href":"https:\/\/bulaoutdoor.nl\/fr\/wp-json\/wp\/v2\/product_cat?post=50760"},{"taxonomy":"product_tag","embeddable":true,"href":"https:\/\/bulaoutdoor.nl\/fr\/wp-json\/wp\/v2\/product_tag?post=50760"}],"curies":[{"name":"wp","href":"https:\/\/api.w.org\/{rel}","templated":true}]}}