{"id":51131,"date":"2024-08-09T12:24:19","date_gmt":"2024-08-09T12:24:19","guid":{"rendered":"https:\/\/bulaoutdoor.nl\/product\/altech-max-massiv-h\/"},"modified":"2026-04-15T04:43:44","modified_gmt":"2026-04-15T04:43:44","slug":"altech-max-massiv-h","status":"publish","type":"product","link":"https:\/\/bulaoutdoor.nl\/fr\/product\/altech-max-massiv-h\/","title":{"rendered":"Altech Max Massiv H"},"content":{"rendered":"<p>Les <a href=\"https:\/\/www.haveverwarming.nl\/altech\">Altech<\/a> Max Massiv H allie luxe et fonctionnalit\u00e9 dans un design unique. Avec cinq mod\u00e8les diff\u00e9rents, cette s\u00e9rie offre une solution adapt\u00e9e \u00e0 chaque int\u00e9rieur. Les po\u00eales Max Massiv se distinguent par leur aspect robuste et naturel et attirent tous les regards dans n'importe quelle pi\u00e8ce.<\/p>\n<p>Fabriqu\u00e9s en pierre ollaire massive, ces supports <a href=\"https:\/\/www.haveverwarming.nl\/kachels\/hout\">po\u00eales \u00e0 bois<\/a> connus pour leur capacit\u00e9 calorifique exceptionnelle. Profitez encore plus longtemps de l'agr\u00e9able chaleur infrarouge, m\u00eame apr\u00e8s l'extinction du feu. La pierre ollaire emmagasine la chaleur et la restitue progressivement, maximisant ainsi le b\u00e9n\u00e9fice d'une temp\u00e9rature confortable avec une faible consommation de bois.<\/p>\n<p>Le Altech Max Massiv n'est pas seulement \u00e9conomique, il est aussi extr\u00eamement convivial. Vous pouvez personnaliser le po\u00eale comme vous le souhaitez, avec la possibilit\u00e9 d'\u00e9tendre les couches en hauteur. Pour ceux qui souhaitent stocker encore plus de chaleur, il est \u00e9galement possible d'ajouter des packs d'accumulation suppl\u00e9mentaires. Cela permet de conserver et de diffuser la chaleur encore plus longtemps.<\/p>\n<p><strong>Les caract\u00e9ristiques uniques en un coup d'\u0153il :<\/strong><\/p>\n<ul style=\"font-weight: 400\">\n<li>Po\u00eales uniques en pierre ollaire massive<\/li>\n<li>Aspect naturel<\/li>\n<li>Attirer l'attention sur la pi\u00e8ce<\/li>\n<li>Profitez encore plus longtemps de la merveilleuse chaleur infrarouge<\/li>\n<li>Faible consommation de bois<\/li>\n<li>conviviale<\/li>\n<li>Possibilit\u00e9 d'\u00e9tendre les couches en hauteur<\/li>\n<li>Possibilit\u00e9 d'installer des packs d'accumulation suppl\u00e9mentaires pour stocker encore plus de chaleur<\/li>\n<\/ul>\n<h2>Centre d'exp\u00e9rience<\/h2>\n<p>Curieux d'en savoir plus sur l'Altech Max Massiv H ? N'h\u00e9sitez pas \u00e0 visiter notre Experience Center \u00e0 Lunteren et \u00e0 vous faire conseiller par l'un de nos sp\u00e9cialistes de la vente.<\/p>\n<p>T\u00e9l\u00e9chargements de produits<\/p>\n<ul>\n<li><a class=\"download file\" href=\"https:\/\/www.haveverwarming.nl\/amfile\/file\/download\/file\/8728\/product\/2238\/\" target=\"_blank\"><span>Brochure Altech 2025<\/span><\/a><\/li>\n<li><a class=\"download file\" href=\"https:\/\/www.haveverwarming.nl\/amfile\/file\/download\/file\/8470\/product\/2238\/\" target=\"_blank\"><span>Fiche technique Max Massiv<\/span><\/a><\/li>\n<li><a class=\"download file\" href=\"https:\/\/www.haveverwarming.nl\/amfile\/file\/download\/file\/8471\/product\/2238\/\" target=\"_blank\"><span>Dessin au trait Altech Max Massiv H<\/span><\/a><\/li>\n<li><a class=\"download file\" href=\"https:\/\/www.haveverwarming.nl\/amfile\/file\/download\/file\/8555\/product\/2238\/\" target=\"_blank\"><span>Instructions de montage Max Massiv<\/span><\/a><\/li>\n<li><a class=\"download file\" href=\"https:\/\/www.haveverwarming.nl\/productpdf\/download\/file\/id\/2238\/name\/Altech_Max_Massiv_H.pdf\/\" target=\"_blank\"><span>T\u00e9l\u00e9charger la fiche technique<\/span><\/a><\/li>\n<\/ul>","protected":false},"excerpt":{"rendered":"<p>De Altech Max Massiv H combineert luxe en functionaliteit in een uniek ontwerp. Met vijf verschillende modellen biedt deze serie voor elk interieur een passende oplossing. De Max Massiv kachels onderscheiden zich door hun robuuste, natuurlijke uitstraling en zijn ware blikvangers in elke ruimte. Gemaakt van massief speksteen, staan deze houtkachels bekend om hun uitzonderlijke [&hellip;]<\/p>\n","protected":false},"featured_media":51132,"comment_status":"open","ping_status":"closed","template":"","meta":{"_acf_changed":false},"product_brand":[],"product_cat":[1092],"product_tag":[],"class_list":{"0":"post-51131","1":"product","2":"type-product","3":"status-publish","4":"has-post-thumbnail","6":"product_cat-vrijstaande-houtkachels","8":"first","9":"instock","10":"taxable","11":"shipping-taxable","12":"purchasable","13":"product-type-simple"},"acf":[],"yoast_head":"<!-- This site is optimized with the Yoast SEO plugin v27.4 - https:\/\/yoast.com\/product\/yoast-seo-wordpress\/ -->\n<title>Altech Max Massiv H &#8211; Bula Outdoor<\/title>\n<meta name=\"robots\" content=\"index, follow, max-snippet:-1, max-image-preview:large, max-video-preview:-1\" \/>\n<link rel=\"canonical\" href=\"https:\/\/bulaoutdoor.nl\/fr\/produit\/altech-max-massiv-h\/\" \/>\n<meta property=\"og:locale\" content=\"fr_FR\" \/>\n<meta property=\"og:type\" content=\"article\" \/>\n<meta property=\"og:title\" content=\"Altech Max Massiv H &#8211; Bula Outdoor\" \/>\n<meta property=\"og:description\" content=\"De Altech Max Massiv H combineert luxe en functionaliteit in een uniek ontwerp. Met vijf verschillende modellen biedt deze serie voor elk interieur een passende oplossing. De Max Massiv kachels onderscheiden zich door hun robuuste, natuurlijke uitstraling en zijn ware blikvangers in elke ruimte. Gemaakt van massief speksteen, staan deze houtkachels bekend om hun uitzonderlijke [&hellip;]\" \/>\n<meta property=\"og:url\" content=\"https:\/\/bulaoutdoor.nl\/fr\/produit\/altech-max-massiv-h\/\" \/>\n<meta property=\"og:site_name\" content=\"Bula Outdoor\" \/>\n<meta property=\"article:modified_time\" content=\"2026-04-15T04:43:44+00:00\" \/>\n<meta property=\"og:image\" content=\"https:\/\/bulaoutdoor.nl\/wp-content\/uploads\/2024\/08\/max-massiv-h.jpg\" \/>\n\t<meta property=\"og:image:width\" content=\"1400\" \/>\n\t<meta property=\"og:image:height\" content=\"1400\" \/>\n\t<meta property=\"og:image:type\" content=\"image\/jpeg\" \/>\n<meta name=\"twitter:card\" content=\"summary_large_image\" \/>\n<meta name=\"twitter:label1\" content=\"Dur\u00e9e de lecture estim\u00e9e\" \/>\n\t<meta name=\"twitter:data1\" content=\"1 minute\" \/>\n<script type=\"application\/ld+json\" class=\"yoast-schema-graph\">{\"@context\":\"https:\\\/\\\/schema.org\",\"@graph\":[{\"@type\":\"WebPage\",\"@id\":\"https:\\\/\\\/bulaoutdoor.nl\\\/product\\\/altech-max-massiv-h\\\/\",\"url\":\"https:\\\/\\\/bulaoutdoor.nl\\\/product\\\/altech-max-massiv-h\\\/\",\"name\":\"Altech Max Massiv H &#8211; Bula Outdoor\",\"isPartOf\":{\"@id\":\"https:\\\/\\\/bulaoutdoor.nl\\\/#website\"},\"primaryImageOfPage\":{\"@id\":\"https:\\\/\\\/bulaoutdoor.nl\\\/product\\\/altech-max-massiv-h\\\/#primaryimage\"},\"image\":{\"@id\":\"https:\\\/\\\/bulaoutdoor.nl\\\/product\\\/altech-max-massiv-h\\\/#primaryimage\"},\"thumbnailUrl\":\"https:\\\/\\\/bulaoutdoor.nl\\\/wp-content\\\/uploads\\\/2024\\\/08\\\/max-massiv-h.jpg\",\"datePublished\":\"2024-08-09T12:24:19+00:00\",\"dateModified\":\"2026-04-15T04:43:44+00:00\",\"breadcrumb\":{\"@id\":\"https:\\\/\\\/bulaoutdoor.nl\\\/product\\\/altech-max-massiv-h\\\/#breadcrumb\"},\"inLanguage\":\"fr-FR\",\"potentialAction\":[{\"@type\":\"ReadAction\",\"target\":[\"https:\\\/\\\/bulaoutdoor.nl\\\/product\\\/altech-max-massiv-h\\\/\"]}]},{\"@type\":\"ImageObject\",\"inLanguage\":\"fr-FR\",\"@id\":\"https:\\\/\\\/bulaoutdoor.nl\\\/product\\\/altech-max-massiv-h\\\/#primaryimage\",\"url\":\"https:\\\/\\\/bulaoutdoor.nl\\\/wp-content\\\/uploads\\\/2024\\\/08\\\/max-massiv-h.jpg\",\"contentUrl\":\"https:\\\/\\\/bulaoutdoor.nl\\\/wp-content\\\/uploads\\\/2024\\\/08\\\/max-massiv-h.jpg\",\"width\":1400,\"height\":1400,\"caption\":\"altech-max-massiv-h-thumbnail\"},{\"@type\":\"BreadcrumbList\",\"@id\":\"https:\\\/\\\/bulaoutdoor.nl\\\/product\\\/altech-max-massiv-h\\\/#breadcrumb\",\"itemListElement\":[{\"@type\":\"ListItem\",\"position\":1,\"name\":\"Home\",\"item\":\"https:\\\/\\\/bulaoutdoor.nl\\\/\"},{\"@type\":\"ListItem\",\"position\":2,\"name\":\"Online BBQ kopen\",\"item\":\"https:\\\/\\\/bulaoutdoor.nl\\\/\"},{\"@type\":\"ListItem\",\"position\":3,\"name\":\"Altech Max Massiv H\"}]},{\"@type\":\"WebSite\",\"@id\":\"https:\\\/\\\/bulaoutdoor.nl\\\/#website\",\"url\":\"https:\\\/\\\/bulaoutdoor.nl\\\/\",\"name\":\"Bula Outdoor\",\"description\":\"Voor uw buitenhaard, BBQ, tuinfakkel en houtoven\",\"publisher\":{\"@id\":\"https:\\\/\\\/bulaoutdoor.nl\\\/#organization\"},\"potentialAction\":[{\"@type\":\"SearchAction\",\"target\":{\"@type\":\"EntryPoint\",\"urlTemplate\":\"https:\\\/\\\/bulaoutdoor.nl\\\/?s={search_term_string}\"},\"query-input\":{\"@type\":\"PropertyValueSpecification\",\"valueRequired\":true,\"valueName\":\"search_term_string\"}}],\"inLanguage\":\"fr-FR\"},{\"@type\":\"Organization\",\"@id\":\"https:\\\/\\\/bulaoutdoor.nl\\\/#organization\",\"name\":\"Bula Outdoor\",\"url\":\"https:\\\/\\\/bulaoutdoor.nl\\\/\",\"logo\":{\"@type\":\"ImageObject\",\"inLanguage\":\"fr-FR\",\"@id\":\"https:\\\/\\\/bulaoutdoor.nl\\\/#\\\/schema\\\/logo\\\/image\\\/\",\"url\":\"https:\\\/\\\/www.bulaoutdoor.nl\\\/wp-content\\\/uploads\\\/2018\\\/04\\\/bulaoutdoor-logo.png\",\"contentUrl\":\"https:\\\/\\\/www.bulaoutdoor.nl\\\/wp-content\\\/uploads\\\/2018\\\/04\\\/bulaoutdoor-logo.png\",\"width\":324,\"height\":91,\"caption\":\"Bula Outdoor\"},\"image\":{\"@id\":\"https:\\\/\\\/bulaoutdoor.nl\\\/#\\\/schema\\\/logo\\\/image\\\/\"}}]}<\/script>\n<!-- \/ Yoast SEO plugin. -->","yoast_head_json":{"title":"Altech Max Massiv H - Bula Outdoor","robots":{"index":"index","follow":"follow","max-snippet":"max-snippet:-1","max-image-preview":"max-image-preview:large","max-video-preview":"max-video-preview:-1"},"canonical":"https:\/\/bulaoutdoor.nl\/fr\/produit\/altech-max-massiv-h\/","og_locale":"fr_FR","og_type":"article","og_title":"Altech Max Massiv H &#8211; Bula Outdoor","og_description":"De Altech Max Massiv H combineert luxe en functionaliteit in een uniek ontwerp. Met vijf verschillende modellen biedt deze serie voor elk interieur een passende oplossing. De Max Massiv kachels onderscheiden zich door hun robuuste, natuurlijke uitstraling en zijn ware blikvangers in elke ruimte. Gemaakt van massief speksteen, staan deze houtkachels bekend om hun uitzonderlijke [&hellip;]","og_url":"https:\/\/bulaoutdoor.nl\/fr\/produit\/altech-max-massiv-h\/","og_site_name":"Bula Outdoor","article_modified_time":"2026-04-15T04:43:44+00:00","og_image":[{"width":1400,"height":1400,"url":"https:\/\/bulaoutdoor.nl\/wp-content\/uploads\/2024\/08\/max-massiv-h.jpg","type":"image\/jpeg"}],"twitter_card":"summary_large_image","twitter_misc":{"Dur\u00e9e de lecture estim\u00e9e":"1 minute"},"schema":{"@context":"https:\/\/schema.org","@graph":[{"@type":"WebPage","@id":"https:\/\/bulaoutdoor.nl\/product\/altech-max-massiv-h\/","url":"https:\/\/bulaoutdoor.nl\/product\/altech-max-massiv-h\/","name":"Altech Max Massiv H - Bula Outdoor","isPartOf":{"@id":"https:\/\/bulaoutdoor.nl\/#website"},"primaryImageOfPage":{"@id":"https:\/\/bulaoutdoor.nl\/product\/altech-max-massiv-h\/#primaryimage"},"image":{"@id":"https:\/\/bulaoutdoor.nl\/product\/altech-max-massiv-h\/#primaryimage"},"thumbnailUrl":"https:\/\/bulaoutdoor.nl\/wp-content\/uploads\/2024\/08\/max-massiv-h.jpg","datePublished":"2024-08-09T12:24:19+00:00","dateModified":"2026-04-15T04:43:44+00:00","breadcrumb":{"@id":"https:\/\/bulaoutdoor.nl\/product\/altech-max-massiv-h\/#breadcrumb"},"inLanguage":"fr-FR","potentialAction":[{"@type":"ReadAction","target":["https:\/\/bulaoutdoor.nl\/product\/altech-max-massiv-h\/"]}]},{"@type":"ImageObject","inLanguage":"fr-FR","@id":"https:\/\/bulaoutdoor.nl\/product\/altech-max-massiv-h\/#primaryimage","url":"https:\/\/bulaoutdoor.nl\/wp-content\/uploads\/2024\/08\/max-massiv-h.jpg","contentUrl":"https:\/\/bulaoutdoor.nl\/wp-content\/uploads\/2024\/08\/max-massiv-h.jpg","width":1400,"height":1400,"caption":"altech-max-massiv-h-thumbnail"},{"@type":"BreadcrumbList","@id":"https:\/\/bulaoutdoor.nl\/product\/altech-max-massiv-h\/#breadcrumb","itemListElement":[{"@type":"ListItem","position":1,"name":"Home","item":"https:\/\/bulaoutdoor.nl\/"},{"@type":"ListItem","position":2,"name":"Online BBQ kopen","item":"https:\/\/bulaoutdoor.nl\/"},{"@type":"ListItem","position":3,"name":"Altech Max Massiv H"}]},{"@type":"WebSite","@id":"https:\/\/bulaoutdoor.nl\/#website","url":"https:\/\/bulaoutdoor.nl\/","name":"Bula Outdoor","description":"Pour votre chemin\u00e9e ext\u00e9rieure, votre barbecue, votre torche de jardin et votre four \u00e0 bois","publisher":{"@id":"https:\/\/bulaoutdoor.nl\/#organization"},"potentialAction":[{"@type":"SearchAction","target":{"@type":"EntryPoint","urlTemplate":"https:\/\/bulaoutdoor.nl\/?s={search_term_string}"},"query-input":{"@type":"PropertyValueSpecification","valueRequired":true,"valueName":"search_term_string"}}],"inLanguage":"fr-FR"},{"@type":"Organization","@id":"https:\/\/bulaoutdoor.nl\/#organization","name":"Bula Outdoor","url":"https:\/\/bulaoutdoor.nl\/","logo":{"@type":"ImageObject","inLanguage":"fr-FR","@id":"https:\/\/bulaoutdoor.nl\/#\/schema\/logo\/image\/","url":"https:\/\/www.bulaoutdoor.nl\/wp-content\/uploads\/2018\/04\/bulaoutdoor-logo.png","contentUrl":"https:\/\/www.bulaoutdoor.nl\/wp-content\/uploads\/2018\/04\/bulaoutdoor-logo.png","width":324,"height":91,"caption":"Bula Outdoor"},"image":{"@id":"https:\/\/bulaoutdoor.nl\/#\/schema\/logo\/image\/"}}]}},"jetpack_sharing_enabled":true,"_links":{"self":[{"href":"https:\/\/bulaoutdoor.nl\/fr\/wp-json\/wp\/v2\/product\/51131","targetHints":{"allow":["GET"]}}],"collection":[{"href":"https:\/\/bulaoutdoor.nl\/fr\/wp-json\/wp\/v2\/product"}],"about":[{"href":"https:\/\/bulaoutdoor.nl\/fr\/wp-json\/wp\/v2\/types\/product"}],"replies":[{"embeddable":true,"href":"https:\/\/bulaoutdoor.nl\/fr\/wp-json\/wp\/v2\/comments?post=51131"}],"wp:featuredmedia":[{"embeddable":true,"href":"https:\/\/bulaoutdoor.nl\/fr\/wp-json\/wp\/v2\/media\/51132"}],"wp:attachment":[{"href":"https:\/\/bulaoutdoor.nl\/fr\/wp-json\/wp\/v2\/media?parent=51131"}],"wp:term":[{"taxonomy":"product_brand","embeddable":true,"href":"https:\/\/bulaoutdoor.nl\/fr\/wp-json\/wp\/v2\/product_brand?post=51131"},{"taxonomy":"product_cat","embeddable":true,"href":"https:\/\/bulaoutdoor.nl\/fr\/wp-json\/wp\/v2\/product_cat?post=51131"},{"taxonomy":"product_tag","embeddable":true,"href":"https:\/\/bulaoutdoor.nl\/fr\/wp-json\/wp\/v2\/product_tag?post=51131"}],"curies":[{"name":"wp","href":"https:\/\/api.w.org\/{rel}","templated":true}]}}