{"id":51875,"date":"2024-10-06T11:24:17","date_gmt":"2024-10-06T11:24:17","guid":{"rendered":"https:\/\/bulaoutdoor.nl\/?post_type=product&#038;p=51875"},"modified":"2024-10-12T12:32:18","modified_gmt":"2024-10-12T12:32:18","slug":"broil-king-regal-q-490-ir","status":"publish","type":"product","link":"https:\/\/bulaoutdoor.nl\/fr\/product\/broil-king-regal-q-490-ir\/","title":{"rendered":"Broil King Regal Q 490 IR"},"content":{"rendered":"<p>Ce magnifique barbecue peut satisfaire tous les sp\u00e9cialistes du barbecue gr\u00e2ce \u00e0 une liste impressionnante de caract\u00e9ristiques et de capacit\u00e9s.<\/p>\n<p>Caract\u00e9ristiques principales :<\/p>\n<ul>\n<li style=\"list-style-type: none;\">\n<ul>\n<li>Surface de friture :<br \/>\n65 x 49 cm<\/li>\n<li>Grille de r\u00e9chauffement de la surface :<br \/>\n62 x 21 cm<\/li>\n<li>Grilles de cuisson r\u00e9versibles en fonte.<\/li>\n<li>quatre zones de cuisson.<\/li>\n<li>Comprend une broche \u00e0 r\u00f4tir et un br\u00fbleur infrarouge.<\/li>\n<li>Ordinateur iQue int\u00e9gr\u00e9.<\/li>\n<\/ul>\n<\/li>\n<\/ul>\n<p>Mais le superbe barbecue Q 490 IR avec iQueue est bien plus que cela. D\u00e9couvrez toutes les nouvelles fonctionnalit\u00e9s offertes par l'iQue :<\/p>\n<p><img loading=\"lazy\" decoding=\"async\" class=\"alignnone size-full wp-image-51887\" src=\"https:\/\/bulaoutdoor.nl\/wp-content\/uploads\/2024\/10\/ique-thinking-smart.png\" alt=\"\" width=\"340\" height=\"200\" srcset=\"https:\/\/bulaoutdoor.nl\/wp-content\/uploads\/2024\/10\/ique-thinking-smart.png 340w, https:\/\/bulaoutdoor.nl\/wp-content\/uploads\/2024\/10\/ique-thinking-smart-300x176.png 300w, https:\/\/bulaoutdoor.nl\/wp-content\/uploads\/2024\/10\/ique-thinking-smart-18x12.png 18w\" sizes=\"auto, (max-width: 340px) 100vw, 340px\" \/><\/p>\n<p>Contr\u00f4lez et surveillez le barbecue \u00e0 distance. Vous voulez vous asseoir avec vos invit\u00e9s et pr\u00e9parer un d\u00e9licieux repas en m\u00eame temps ? C'est d\u00e9sormais possible gr\u00e2ce \u00e0 cette application intelligente tr\u00e8s pratique. Faites-en l'exp\u00e9rience avec votre famille et vos amis.<\/p>\n<p><img loading=\"lazy\" decoding=\"async\" class=\"alignnone size-full wp-image-51886\" src=\"https:\/\/bulaoutdoor.nl\/wp-content\/uploads\/2024\/10\/ique-smoking-results.png\" alt=\"\" width=\"340\" height=\"200\" srcset=\"https:\/\/bulaoutdoor.nl\/wp-content\/uploads\/2024\/10\/ique-smoking-results.png 340w, https:\/\/bulaoutdoor.nl\/wp-content\/uploads\/2024\/10\/ique-smoking-results-300x176.png 300w, https:\/\/bulaoutdoor.nl\/wp-content\/uploads\/2024\/10\/ique-smoking-results-18x12.png 18w\" sizes=\"auto, (max-width: 340px) 100vw, 340px\" \/><\/p>\n<p>Des informations pr\u00e9cises pour un contr\u00f4le pr\u00e9cis. Avec deux sondes \u00e0 viande, vous obtenez la temp\u00e9rature interne parfaite.<\/p>\n<p><img loading=\"lazy\" decoding=\"async\" class=\"alignnone size-full wp-image-51885\" src=\"https:\/\/bulaoutdoor.nl\/wp-content\/uploads\/2024\/10\/ique-taking-control.png\" alt=\"\" width=\"340\" height=\"200\" srcset=\"https:\/\/bulaoutdoor.nl\/wp-content\/uploads\/2024\/10\/ique-taking-control.png 340w, https:\/\/bulaoutdoor.nl\/wp-content\/uploads\/2024\/10\/ique-taking-control-300x176.png 300w, https:\/\/bulaoutdoor.nl\/wp-content\/uploads\/2024\/10\/ique-taking-control-18x12.png 18w\" sizes=\"auto, (max-width: 340px) 100vw, 340px\" \/><\/p>\n<p>Le contr\u00f4le ultime de votre barbecue, c'est ce que repr\u00e9sente iQue. Combinez cela avec la commodit\u00e9 et des r\u00e9sultats parfaits et profitez d'un d\u00e9licieux barbecue avec vos amis.<\/p>\n<p><iframe loading=\"lazy\" title=\"Aper\u00e7u de l&#039;iQue - Broil King\" src=\"https:\/\/www.youtube.com\/embed\/Cw3ii6LODbE?feature=oembed&amp;enablejsapi=1&amp;origin=https:\/\/bulaoutdoor.nl\" width=\"980\" height=\"551\" frameborder=\"0\" allowfullscreen=\"allowfullscreen\"><\/iframe><\/p>\n<p>Mais bien s\u00fbr, cette gamme iQue offre toujours cette qualit\u00e9 Broil King \u00e0 l'ancienne.<\/p>\n<p><img loading=\"lazy\" decoding=\"async\" class=\"alignnone size-full wp-image-51940\" src=\"https:\/\/bulaoutdoor.nl\/wp-content\/uploads\/2024\/10\/Flavor-story-grill.png\" alt=\"explication broil king core bbq values\" width=\"2048\" height=\"1111\" srcset=\"https:\/\/bulaoutdoor.nl\/wp-content\/uploads\/2024\/10\/Flavor-story-grill.png 2048w, https:\/\/bulaoutdoor.nl\/wp-content\/uploads\/2024\/10\/Flavor-story-grill-300x163.png 300w, https:\/\/bulaoutdoor.nl\/wp-content\/uploads\/2024\/10\/Flavor-story-grill-1024x556.png 1024w, https:\/\/bulaoutdoor.nl\/wp-content\/uploads\/2024\/10\/Flavor-story-grill-768x417.png 768w, https:\/\/bulaoutdoor.nl\/wp-content\/uploads\/2024\/10\/Flavor-story-grill-1536x833.png 1536w, https:\/\/bulaoutdoor.nl\/wp-content\/uploads\/2024\/10\/Flavor-story-grill-18x10.png 18w, https:\/\/bulaoutdoor.nl\/wp-content\/uploads\/2024\/10\/Flavor-story-grill-416x226.png 416w\" sizes=\"auto, (max-width: 2048px) 100vw, 2048px\" \/><\/p>\n<p><strong>1. Four \u00e0 barbecue Thermo-Flow\u2122<\/strong><\/p>\n<p>Faible et lent ou rapide et chaud. Le joint coupe-vent du car\u00e9nage permet d'atteindre rapidement une temp\u00e9rature \u00e9lev\u00e9e, mais aussi de la maintenir. Gr\u00e2ce au joint \u00e9tanche, il n'y a pas d'entr\u00e9e d'air froid et la temp\u00e9rature reste constante. <strong>stable<\/strong>!<\/p>\n<p><strong>2. Br\u00fbleurs Dual-Tube\u2122<br \/>\n<\/strong><\/p>\n<p>Les br\u00fbleurs brevet\u00e9s Dual-tube sont un atout majeur des barbecues \u00e0 gaz Broil King. Cette technologie assure une bonne r\u00e9partition de la chaleur. Sans cette technologie, la m\u00eame quantit\u00e9 de gaz ne sort pas du tube partout. Le r\u00e9sultat est une chaleur mal r\u00e9partie dans le barbecue, mais avec le Dual-Tube, c'est du pass\u00e9 !<\/p>\n<p><strong>3. Flav-R-Waves\u2122<\/strong><\/p>\n<p>Les Flav-R-Waves fournissent les <a href=\"https:\/\/www.youtube.com\/watch?v=z5SSotsLKgM\">saveur unique<\/a> pour lesquels les barbecues sont connus.  En outre, le rayonnement infrarouge est meilleur \u00e0 des temp\u00e9ratures plus \u00e9lev\u00e9es, la chaleur de convection est meilleure et l'\u00e9vaporation des jus de viande est maximale.<\/p>\n<p><strong>4. Grilles de cuisson Flav-R-Cast\u2122<\/strong><\/p>\n<p><img loading=\"lazy\" decoding=\"async\" class=\"alignnone size-full wp-image-12355\" src=\"https:\/\/bulaoutdoor.nl\/wp-content\/uploads\/2021\/09\/roosters2.jpg\" alt=\"\" width=\"500\" height=\"379\" srcset=\"https:\/\/bulaoutdoor.nl\/wp-content\/uploads\/2021\/09\/roosters2.jpg 500w, https:\/\/bulaoutdoor.nl\/wp-content\/uploads\/2021\/09\/roosters2-300x227.jpg 300w, https:\/\/bulaoutdoor.nl\/wp-content\/uploads\/2021\/09\/roosters2-416x315.jpg 416w\" sizes=\"auto, (max-width: 500px) 100vw, 500px\" \/><\/p>\n<p><strong>5. Bon \u00e9clairage<\/strong><\/p>\n<p><img loading=\"lazy\" decoding=\"async\" class=\"alignnone size-full wp-image-12361\" src=\"https:\/\/bulaoutdoor.nl\/wp-content\/uploads\/2021\/09\/verlichting-en-bediening3.jpg\" alt=\"\" width=\"675\" height=\"214\" srcset=\"https:\/\/bulaoutdoor.nl\/wp-content\/uploads\/2021\/09\/verlichting-en-bediening3.jpg 675w, https:\/\/bulaoutdoor.nl\/wp-content\/uploads\/2021\/09\/verlichting-en-bediening3-300x95.jpg 300w, https:\/\/bulaoutdoor.nl\/wp-content\/uploads\/2021\/09\/verlichting-en-bediening3-416x132.jpg 416w\" sizes=\"auto, (max-width: 675px) 100vw, 675px\" \/><\/p>\n<p><strong>6. Excellente garantie<\/strong><\/p>\n<p>Pour la garantie, par exemple \u00e0 vie sur la cuve et le couvercle et 15 ans sur les br\u00fbleurs de l'Imperial\/Regal, <a href=\"https:\/\/www.barbecuebroilking.be\/support\/garantie\/\">voir ici.<\/a><br \/>\nPour le manuel, voir <a href=\"https:\/\/www.barbecuebroilking.be\/wp-content\/uploads\/20094-50NL-Rev-A.pdf\">ici.<\/a><\/p>\n<p>Commandez d\u00e8s maintenant le Regal Q 490 IR aupr\u00e8s de Bula Outdoor, votre sp\u00e9cialiste de l'\u00e9clairage. <a href=\"https:\/\/bulaoutdoor.nl\/fr\/categorie-de-produits\/bbq\/\">sp\u00e9cialiste du barbecue !<\/a><\/p>","protected":false},"excerpt":{"rendered":"<p>Q 490 IR, complet, luxueux, pratique.<\/p>","protected":false},"featured_media":51891,"comment_status":"open","ping_status":"closed","template":"","meta":{"_acf_changed":false},"product_brand":[],"product_cat":[780],"product_tag":[1390,1391,1393],"class_list":{"0":"post-51875","1":"product","2":"type-product","3":"status-publish","4":"has-post-thumbnail","6":"product_cat-regal-gastvrij","7":"product_tag-broil-king-ique","8":"product_tag-broil-king-regal","9":"product_tag-medium-grote-bbq","11":"first","12":"instock","13":"taxable","14":"shipping-taxable","15":"purchasable","16":"product-type-simple"},"acf":[],"yoast_head":"<!-- This site is optimized with the Yoast SEO plugin v27.3 - https:\/\/yoast.com\/product\/yoast-seo-wordpress\/ -->\n<title>Broil King Regal Q 490 IR &#8211; Bula Outdoor<\/title>\n<meta name=\"robots\" content=\"index, follow, max-snippet:-1, max-image-preview:large, max-video-preview:-1\" \/>\n<link rel=\"canonical\" href=\"https:\/\/bulaoutdoor.nl\/fr\/produit\/broil-king-regal-q-490-ir\/\" \/>\n<meta property=\"og:locale\" content=\"fr_FR\" \/>\n<meta property=\"og:type\" content=\"article\" \/>\n<meta property=\"og:title\" content=\"Broil King Regal Q 490 IR &#8211; Bula Outdoor\" \/>\n<meta property=\"og:description\" content=\"Q 490 IR, uitgebreid, luxe, gemak.\" \/>\n<meta property=\"og:url\" content=\"https:\/\/bulaoutdoor.nl\/fr\/produit\/broil-king-regal-q-490-ir\/\" \/>\n<meta property=\"og:site_name\" content=\"Bula Outdoor\" \/>\n<meta property=\"article:modified_time\" content=\"2024-10-12T12:32:18+00:00\" \/>\n<meta property=\"og:image\" content=\"https:\/\/bulaoutdoor.nl\/wp-content\/uploads\/2024\/10\/BK_REGALQ490IR_687283_bulaoutdoor.jpg\" \/>\n\t<meta property=\"og:image:width\" content=\"2560\" \/>\n\t<meta property=\"og:image:height\" content=\"2560\" \/>\n\t<meta property=\"og:image:type\" content=\"image\/jpeg\" \/>\n<meta name=\"twitter:card\" content=\"summary_large_image\" \/>\n<meta name=\"twitter:label1\" content=\"Dur\u00e9e de lecture estim\u00e9e\" \/>\n\t<meta name=\"twitter:data1\" content=\"4 minutes\" \/>\n<script type=\"application\/ld+json\" class=\"yoast-schema-graph\">{\"@context\":\"https:\\\/\\\/schema.org\",\"@graph\":[{\"@type\":\"WebPage\",\"@id\":\"https:\\\/\\\/bulaoutdoor.nl\\\/product\\\/broil-king-regal-q-490-ir\\\/\",\"url\":\"https:\\\/\\\/bulaoutdoor.nl\\\/product\\\/broil-king-regal-q-490-ir\\\/\",\"name\":\"Broil King Regal Q 490 IR &#8211; Bula Outdoor\",\"isPartOf\":{\"@id\":\"https:\\\/\\\/bulaoutdoor.nl\\\/#website\"},\"primaryImageOfPage\":{\"@id\":\"https:\\\/\\\/bulaoutdoor.nl\\\/product\\\/broil-king-regal-q-490-ir\\\/#primaryimage\"},\"image\":{\"@id\":\"https:\\\/\\\/bulaoutdoor.nl\\\/product\\\/broil-king-regal-q-490-ir\\\/#primaryimage\"},\"thumbnailUrl\":\"https:\\\/\\\/bulaoutdoor.nl\\\/wp-content\\\/uploads\\\/2024\\\/10\\\/BK_REGALQ490IR_687283_bulaoutdoor.jpg\",\"datePublished\":\"2024-10-06T11:24:17+00:00\",\"dateModified\":\"2024-10-12T12:32:18+00:00\",\"breadcrumb\":{\"@id\":\"https:\\\/\\\/bulaoutdoor.nl\\\/product\\\/broil-king-regal-q-490-ir\\\/#breadcrumb\"},\"inLanguage\":\"fr-FR\",\"potentialAction\":[{\"@type\":\"ReadAction\",\"target\":[\"https:\\\/\\\/bulaoutdoor.nl\\\/product\\\/broil-king-regal-q-490-ir\\\/\"]}]},{\"@type\":\"ImageObject\",\"inLanguage\":\"fr-FR\",\"@id\":\"https:\\\/\\\/bulaoutdoor.nl\\\/product\\\/broil-king-regal-q-490-ir\\\/#primaryimage\",\"url\":\"https:\\\/\\\/bulaoutdoor.nl\\\/wp-content\\\/uploads\\\/2024\\\/10\\\/BK_REGALQ490IR_687283_bulaoutdoor.jpg\",\"contentUrl\":\"https:\\\/\\\/bulaoutdoor.nl\\\/wp-content\\\/uploads\\\/2024\\\/10\\\/BK_REGALQ490IR_687283_bulaoutdoor.jpg\",\"width\":2560,\"height\":2560,\"caption\":\"main pic\"},{\"@type\":\"BreadcrumbList\",\"@id\":\"https:\\\/\\\/bulaoutdoor.nl\\\/product\\\/broil-king-regal-q-490-ir\\\/#breadcrumb\",\"itemListElement\":[{\"@type\":\"ListItem\",\"position\":1,\"name\":\"Home\",\"item\":\"https:\\\/\\\/bulaoutdoor.nl\\\/\"},{\"@type\":\"ListItem\",\"position\":2,\"name\":\"Online BBQ kopen\",\"item\":\"https:\\\/\\\/bulaoutdoor.nl\\\/\"},{\"@type\":\"ListItem\",\"position\":3,\"name\":\"Broil King Regal Q 490 IR\"}]},{\"@type\":\"WebSite\",\"@id\":\"https:\\\/\\\/bulaoutdoor.nl\\\/#website\",\"url\":\"https:\\\/\\\/bulaoutdoor.nl\\\/\",\"name\":\"Bula Outdoor\",\"description\":\"Voor uw buitenhaard, BBQ, tuinfakkel en houtoven\",\"publisher\":{\"@id\":\"https:\\\/\\\/bulaoutdoor.nl\\\/#organization\"},\"potentialAction\":[{\"@type\":\"SearchAction\",\"target\":{\"@type\":\"EntryPoint\",\"urlTemplate\":\"https:\\\/\\\/bulaoutdoor.nl\\\/?s={search_term_string}\"},\"query-input\":{\"@type\":\"PropertyValueSpecification\",\"valueRequired\":true,\"valueName\":\"search_term_string\"}}],\"inLanguage\":\"fr-FR\"},{\"@type\":\"Organization\",\"@id\":\"https:\\\/\\\/bulaoutdoor.nl\\\/#organization\",\"name\":\"Bula Outdoor\",\"url\":\"https:\\\/\\\/bulaoutdoor.nl\\\/\",\"logo\":{\"@type\":\"ImageObject\",\"inLanguage\":\"fr-FR\",\"@id\":\"https:\\\/\\\/bulaoutdoor.nl\\\/#\\\/schema\\\/logo\\\/image\\\/\",\"url\":\"https:\\\/\\\/www.bulaoutdoor.nl\\\/wp-content\\\/uploads\\\/2018\\\/04\\\/bulaoutdoor-logo.png\",\"contentUrl\":\"https:\\\/\\\/www.bulaoutdoor.nl\\\/wp-content\\\/uploads\\\/2018\\\/04\\\/bulaoutdoor-logo.png\",\"width\":324,\"height\":91,\"caption\":\"Bula Outdoor\"},\"image\":{\"@id\":\"https:\\\/\\\/bulaoutdoor.nl\\\/#\\\/schema\\\/logo\\\/image\\\/\"}}]}<\/script>\n<!-- \/ Yoast SEO plugin. -->","yoast_head_json":{"title":"Broil King Regal Q 490 IR - Bula Outdoor","robots":{"index":"index","follow":"follow","max-snippet":"max-snippet:-1","max-image-preview":"max-image-preview:large","max-video-preview":"max-video-preview:-1"},"canonical":"https:\/\/bulaoutdoor.nl\/fr\/produit\/broil-king-regal-q-490-ir\/","og_locale":"fr_FR","og_type":"article","og_title":"Broil King Regal Q 490 IR &#8211; Bula Outdoor","og_description":"Q 490 IR, uitgebreid, luxe, gemak.","og_url":"https:\/\/bulaoutdoor.nl\/fr\/produit\/broil-king-regal-q-490-ir\/","og_site_name":"Bula Outdoor","article_modified_time":"2024-10-12T12:32:18+00:00","og_image":[{"width":2560,"height":2560,"url":"https:\/\/bulaoutdoor.nl\/wp-content\/uploads\/2024\/10\/BK_REGALQ490IR_687283_bulaoutdoor.jpg","type":"image\/jpeg"}],"twitter_card":"summary_large_image","twitter_misc":{"Dur\u00e9e de lecture estim\u00e9e":"4 minutes"},"schema":{"@context":"https:\/\/schema.org","@graph":[{"@type":"WebPage","@id":"https:\/\/bulaoutdoor.nl\/product\/broil-king-regal-q-490-ir\/","url":"https:\/\/bulaoutdoor.nl\/product\/broil-king-regal-q-490-ir\/","name":"Broil King Regal Q 490 IR - Bula Outdoor","isPartOf":{"@id":"https:\/\/bulaoutdoor.nl\/#website"},"primaryImageOfPage":{"@id":"https:\/\/bulaoutdoor.nl\/product\/broil-king-regal-q-490-ir\/#primaryimage"},"image":{"@id":"https:\/\/bulaoutdoor.nl\/product\/broil-king-regal-q-490-ir\/#primaryimage"},"thumbnailUrl":"https:\/\/bulaoutdoor.nl\/wp-content\/uploads\/2024\/10\/BK_REGALQ490IR_687283_bulaoutdoor.jpg","datePublished":"2024-10-06T11:24:17+00:00","dateModified":"2024-10-12T12:32:18+00:00","breadcrumb":{"@id":"https:\/\/bulaoutdoor.nl\/product\/broil-king-regal-q-490-ir\/#breadcrumb"},"inLanguage":"fr-FR","potentialAction":[{"@type":"ReadAction","target":["https:\/\/bulaoutdoor.nl\/product\/broil-king-regal-q-490-ir\/"]}]},{"@type":"ImageObject","inLanguage":"fr-FR","@id":"https:\/\/bulaoutdoor.nl\/product\/broil-king-regal-q-490-ir\/#primaryimage","url":"https:\/\/bulaoutdoor.nl\/wp-content\/uploads\/2024\/10\/BK_REGALQ490IR_687283_bulaoutdoor.jpg","contentUrl":"https:\/\/bulaoutdoor.nl\/wp-content\/uploads\/2024\/10\/BK_REGALQ490IR_687283_bulaoutdoor.jpg","width":2560,"height":2560,"caption":"main pic"},{"@type":"BreadcrumbList","@id":"https:\/\/bulaoutdoor.nl\/product\/broil-king-regal-q-490-ir\/#breadcrumb","itemListElement":[{"@type":"ListItem","position":1,"name":"Home","item":"https:\/\/bulaoutdoor.nl\/"},{"@type":"ListItem","position":2,"name":"Online BBQ kopen","item":"https:\/\/bulaoutdoor.nl\/"},{"@type":"ListItem","position":3,"name":"Broil King Regal Q 490 IR"}]},{"@type":"WebSite","@id":"https:\/\/bulaoutdoor.nl\/#website","url":"https:\/\/bulaoutdoor.nl\/","name":"Bula Outdoor","description":"Pour votre chemin\u00e9e ext\u00e9rieure, votre barbecue, votre torche de jardin et votre four \u00e0 bois","publisher":{"@id":"https:\/\/bulaoutdoor.nl\/#organization"},"potentialAction":[{"@type":"SearchAction","target":{"@type":"EntryPoint","urlTemplate":"https:\/\/bulaoutdoor.nl\/?s={search_term_string}"},"query-input":{"@type":"PropertyValueSpecification","valueRequired":true,"valueName":"search_term_string"}}],"inLanguage":"fr-FR"},{"@type":"Organization","@id":"https:\/\/bulaoutdoor.nl\/#organization","name":"Bula Outdoor","url":"https:\/\/bulaoutdoor.nl\/","logo":{"@type":"ImageObject","inLanguage":"fr-FR","@id":"https:\/\/bulaoutdoor.nl\/#\/schema\/logo\/image\/","url":"https:\/\/www.bulaoutdoor.nl\/wp-content\/uploads\/2018\/04\/bulaoutdoor-logo.png","contentUrl":"https:\/\/www.bulaoutdoor.nl\/wp-content\/uploads\/2018\/04\/bulaoutdoor-logo.png","width":324,"height":91,"caption":"Bula Outdoor"},"image":{"@id":"https:\/\/bulaoutdoor.nl\/#\/schema\/logo\/image\/"}}]}},"jetpack_sharing_enabled":true,"_links":{"self":[{"href":"https:\/\/bulaoutdoor.nl\/fr\/wp-json\/wp\/v2\/product\/51875","targetHints":{"allow":["GET"]}}],"collection":[{"href":"https:\/\/bulaoutdoor.nl\/fr\/wp-json\/wp\/v2\/product"}],"about":[{"href":"https:\/\/bulaoutdoor.nl\/fr\/wp-json\/wp\/v2\/types\/product"}],"replies":[{"embeddable":true,"href":"https:\/\/bulaoutdoor.nl\/fr\/wp-json\/wp\/v2\/comments?post=51875"}],"wp:featuredmedia":[{"embeddable":true,"href":"https:\/\/bulaoutdoor.nl\/fr\/wp-json\/wp\/v2\/media\/51891"}],"wp:attachment":[{"href":"https:\/\/bulaoutdoor.nl\/fr\/wp-json\/wp\/v2\/media?parent=51875"}],"wp:term":[{"taxonomy":"product_brand","embeddable":true,"href":"https:\/\/bulaoutdoor.nl\/fr\/wp-json\/wp\/v2\/product_brand?post=51875"},{"taxonomy":"product_cat","embeddable":true,"href":"https:\/\/bulaoutdoor.nl\/fr\/wp-json\/wp\/v2\/product_cat?post=51875"},{"taxonomy":"product_tag","embeddable":true,"href":"https:\/\/bulaoutdoor.nl\/fr\/wp-json\/wp\/v2\/product_tag?post=51875"}],"curies":[{"name":"wp","href":"https:\/\/api.w.org\/{rel}","templated":true}]}}