{"id":529,"date":"2018-05-27T09:22:43","date_gmt":"2018-05-27T09:22:43","guid":{"rendered":"http:\/\/www.bulaoutdoor.nl\/product\/import-placeholder-for-35\/"},"modified":"2026-02-27T19:39:07","modified_gmt":"2026-02-27T19:39:07","slug":"chapeau-de-cheminee-en-acier-corten-pour-four-dexterieur-et-modele-xl","status":"publish","type":"product","link":"https:\/\/bulaoutdoor.nl\/fr\/product\/schoorsteen-kap-in-corten-staal-voor-de-outdooroven-en-xl-model\/","title":{"rendered":"Chapeau de chemin\u00e9e en acier Corten pour four d'ext\u00e9rieur et mod\u00e8le XL"},"content":{"rendered":"<h2>Chapeau de chemin\u00e9e en acier Corten Weltevree<\/h2>\n<p><strong>Livraison gratuite<\/strong><\/p>\n<p>L'auvent prot\u00e8ge le Outdooroven de la pluie et peut \u00eatre ajust\u00e9 en fonction du vent.<\/p>","protected":false},"excerpt":{"rendered":"<p>Weltevree Chemin\u00e9e ext\u00e9rieure<br \/>\nChapeau de chemin\u00e9e en acier Corten pour four d'ext\u00e9rieur et mod\u00e8le XL<\/p>","protected":false},"featured_media":556,"comment_status":"open","ping_status":"closed","template":"","meta":{"_acf_changed":false},"product_brand":[],"product_cat":[24],"product_tag":[],"class_list":{"0":"post-529","1":"product","2":"type-product","3":"status-publish","4":"has-post-thumbnail","6":"product_cat-weltevree","8":"first","9":"onbackorder","10":"taxable","11":"shipping-taxable","12":"purchasable","13":"product-type-simple"},"acf":[],"yoast_head":"<!-- This site is optimized with the Yoast SEO plugin v27.4 - https:\/\/yoast.com\/product\/yoast-seo-wordpress\/ -->\n<title>Schoorsteen kap in Corten staal voor de outdooroven en XL model &#8211; Bula Outdoor<\/title>\n<meta name=\"description\" content=\"Schoorsteen kap in Corten staal voor de outdooroven en XL model. Draai de kap zodat de rookgassen met de wind meegaan. Voorkomt regen in de pijp\" \/>\n<meta name=\"robots\" content=\"index, follow, max-snippet:-1, max-image-preview:large, max-video-preview:-1\" \/>\n<link rel=\"canonical\" href=\"https:\/\/bulaoutdoor.nl\/fr\/produit\/chapeau-de-cheminee-en-acier-corten-pour-four-dexterieur-et-modele-xl\/\" \/>\n<meta property=\"og:locale\" content=\"fr_FR\" \/>\n<meta property=\"og:type\" content=\"article\" \/>\n<meta property=\"og:title\" content=\"Schoorsteen kap in Corten staal voor de outdooroven en XL model &#8211; Bula Outdoor\" \/>\n<meta property=\"og:description\" content=\"Schoorsteen kap in Corten staal voor de outdooroven en XL model. Draai de kap zodat de rookgassen met de wind meegaan. Voorkomt regen in de pijp\" \/>\n<meta property=\"og:url\" content=\"https:\/\/bulaoutdoor.nl\/fr\/produit\/chapeau-de-cheminee-en-acier-corten-pour-four-dexterieur-et-modele-xl\/\" \/>\n<meta property=\"og:site_name\" content=\"Bula Outdoor\" \/>\n<meta property=\"article:modified_time\" content=\"2026-02-27T19:39:07+00:00\" \/>\n<meta property=\"og:image\" content=\"https:\/\/bulaoutdoor.nl\/wp-content\/uploads\/2018\/05\/schoorsteen-kap-in-corten-staal-voor-de-outdooroven-en-xl-model_3551_1_G.jpg\" \/>\n\t<meta property=\"og:image:width\" content=\"960\" \/>\n\t<meta property=\"og:image:height\" content=\"1080\" \/>\n\t<meta property=\"og:image:type\" content=\"image\/jpeg\" \/>\n<meta name=\"twitter:card\" content=\"summary_large_image\" \/>\n<meta name=\"twitter:label1\" content=\"Dur\u00e9e de lecture estim\u00e9e\" \/>\n\t<meta name=\"twitter:data1\" content=\"1 minute\" \/>\n<script type=\"application\/ld+json\" class=\"yoast-schema-graph\">{\"@context\":\"https:\\\/\\\/schema.org\",\"@graph\":[{\"@type\":\"WebPage\",\"@id\":\"https:\\\/\\\/bulaoutdoor.nl\\\/product\\\/schoorsteen-kap-in-corten-staal-voor-de-outdooroven-en-xl-model\\\/\",\"url\":\"https:\\\/\\\/bulaoutdoor.nl\\\/product\\\/schoorsteen-kap-in-corten-staal-voor-de-outdooroven-en-xl-model\\\/\",\"name\":\"Schoorsteen kap in Corten staal voor de outdooroven en XL model &#8211; Bula Outdoor\",\"isPartOf\":{\"@id\":\"https:\\\/\\\/bulaoutdoor.nl\\\/#website\"},\"primaryImageOfPage\":{\"@id\":\"https:\\\/\\\/bulaoutdoor.nl\\\/product\\\/schoorsteen-kap-in-corten-staal-voor-de-outdooroven-en-xl-model\\\/#primaryimage\"},\"image\":{\"@id\":\"https:\\\/\\\/bulaoutdoor.nl\\\/product\\\/schoorsteen-kap-in-corten-staal-voor-de-outdooroven-en-xl-model\\\/#primaryimage\"},\"thumbnailUrl\":\"https:\\\/\\\/bulaoutdoor.nl\\\/wp-content\\\/uploads\\\/2018\\\/05\\\/schoorsteen-kap-in-corten-staal-voor-de-outdooroven-en-xl-model_3551_1_G.jpg\",\"datePublished\":\"2018-05-27T09:22:43+00:00\",\"dateModified\":\"2026-02-27T19:39:07+00:00\",\"description\":\"Schoorsteen kap in Corten staal voor de outdooroven en XL model. Draai de kap zodat de rookgassen met de wind meegaan. Voorkomt regen in de pijp\",\"breadcrumb\":{\"@id\":\"https:\\\/\\\/bulaoutdoor.nl\\\/product\\\/schoorsteen-kap-in-corten-staal-voor-de-outdooroven-en-xl-model\\\/#breadcrumb\"},\"inLanguage\":\"fr-FR\",\"potentialAction\":[{\"@type\":\"ReadAction\",\"target\":[\"https:\\\/\\\/bulaoutdoor.nl\\\/product\\\/schoorsteen-kap-in-corten-staal-voor-de-outdooroven-en-xl-model\\\/\"]}]},{\"@type\":\"ImageObject\",\"inLanguage\":\"fr-FR\",\"@id\":\"https:\\\/\\\/bulaoutdoor.nl\\\/product\\\/schoorsteen-kap-in-corten-staal-voor-de-outdooroven-en-xl-model\\\/#primaryimage\",\"url\":\"https:\\\/\\\/bulaoutdoor.nl\\\/wp-content\\\/uploads\\\/2018\\\/05\\\/schoorsteen-kap-in-corten-staal-voor-de-outdooroven-en-xl-model_3551_1_G.jpg\",\"contentUrl\":\"https:\\\/\\\/bulaoutdoor.nl\\\/wp-content\\\/uploads\\\/2018\\\/05\\\/schoorsteen-kap-in-corten-staal-voor-de-outdooroven-en-xl-model_3551_1_G.jpg\",\"width\":960,\"height\":1080},{\"@type\":\"BreadcrumbList\",\"@id\":\"https:\\\/\\\/bulaoutdoor.nl\\\/product\\\/schoorsteen-kap-in-corten-staal-voor-de-outdooroven-en-xl-model\\\/#breadcrumb\",\"itemListElement\":[{\"@type\":\"ListItem\",\"position\":1,\"name\":\"Home\",\"item\":\"https:\\\/\\\/bulaoutdoor.nl\\\/\"},{\"@type\":\"ListItem\",\"position\":2,\"name\":\"Online BBQ kopen\",\"item\":\"https:\\\/\\\/bulaoutdoor.nl\\\/\"},{\"@type\":\"ListItem\",\"position\":3,\"name\":\"Schoorsteen kap in Corten staal voor de outdooroven en XL model\"}]},{\"@type\":\"WebSite\",\"@id\":\"https:\\\/\\\/bulaoutdoor.nl\\\/#website\",\"url\":\"https:\\\/\\\/bulaoutdoor.nl\\\/\",\"name\":\"Bula Outdoor\",\"description\":\"Voor uw buitenhaard, BBQ, tuinfakkel en houtoven\",\"publisher\":{\"@id\":\"https:\\\/\\\/bulaoutdoor.nl\\\/#organization\"},\"potentialAction\":[{\"@type\":\"SearchAction\",\"target\":{\"@type\":\"EntryPoint\",\"urlTemplate\":\"https:\\\/\\\/bulaoutdoor.nl\\\/?s={search_term_string}\"},\"query-input\":{\"@type\":\"PropertyValueSpecification\",\"valueRequired\":true,\"valueName\":\"search_term_string\"}}],\"inLanguage\":\"fr-FR\"},{\"@type\":\"Organization\",\"@id\":\"https:\\\/\\\/bulaoutdoor.nl\\\/#organization\",\"name\":\"Bula Outdoor\",\"url\":\"https:\\\/\\\/bulaoutdoor.nl\\\/\",\"logo\":{\"@type\":\"ImageObject\",\"inLanguage\":\"fr-FR\",\"@id\":\"https:\\\/\\\/bulaoutdoor.nl\\\/#\\\/schema\\\/logo\\\/image\\\/\",\"url\":\"https:\\\/\\\/www.bulaoutdoor.nl\\\/wp-content\\\/uploads\\\/2018\\\/04\\\/bulaoutdoor-logo.png\",\"contentUrl\":\"https:\\\/\\\/www.bulaoutdoor.nl\\\/wp-content\\\/uploads\\\/2018\\\/04\\\/bulaoutdoor-logo.png\",\"width\":324,\"height\":91,\"caption\":\"Bula Outdoor\"},\"image\":{\"@id\":\"https:\\\/\\\/bulaoutdoor.nl\\\/#\\\/schema\\\/logo\\\/image\\\/\"}}]}<\/script>\n<!-- \/ Yoast SEO plugin. -->","yoast_head_json":{"title":"Chapeau de chemin\u00e9e en acier Corten pour four d'ext\u00e9rieur et mod\u00e8le XL - Bula Outdoor","description":"Chapeau de chemin\u00e9e en acier Corten pour le four d'ext\u00e9rieur et le mod\u00e8le XL. Faites pivoter le chapeau pour que les gaz de combustion se d\u00e9placent avec le vent. Emp\u00eache la pluie de p\u00e9n\u00e9trer dans le tuyau","robots":{"index":"index","follow":"follow","max-snippet":"max-snippet:-1","max-image-preview":"max-image-preview:large","max-video-preview":"max-video-preview:-1"},"canonical":"https:\/\/bulaoutdoor.nl\/fr\/produit\/chapeau-de-cheminee-en-acier-corten-pour-four-dexterieur-et-modele-xl\/","og_locale":"fr_FR","og_type":"article","og_title":"Schoorsteen kap in Corten staal voor de outdooroven en XL model &#8211; Bula Outdoor","og_description":"Schoorsteen kap in Corten staal voor de outdooroven en XL model. Draai de kap zodat de rookgassen met de wind meegaan. Voorkomt regen in de pijp","og_url":"https:\/\/bulaoutdoor.nl\/fr\/produit\/chapeau-de-cheminee-en-acier-corten-pour-four-dexterieur-et-modele-xl\/","og_site_name":"Bula Outdoor","article_modified_time":"2026-02-27T19:39:07+00:00","og_image":[{"width":960,"height":1080,"url":"https:\/\/bulaoutdoor.nl\/wp-content\/uploads\/2018\/05\/schoorsteen-kap-in-corten-staal-voor-de-outdooroven-en-xl-model_3551_1_G.jpg","type":"image\/jpeg"}],"twitter_card":"summary_large_image","twitter_misc":{"Dur\u00e9e de lecture estim\u00e9e":"1 minute"},"schema":{"@context":"https:\/\/schema.org","@graph":[{"@type":"WebPage","@id":"https:\/\/bulaoutdoor.nl\/product\/schoorsteen-kap-in-corten-staal-voor-de-outdooroven-en-xl-model\/","url":"https:\/\/bulaoutdoor.nl\/product\/schoorsteen-kap-in-corten-staal-voor-de-outdooroven-en-xl-model\/","name":"Chapeau de chemin\u00e9e en acier Corten pour four d'ext\u00e9rieur et mod\u00e8le XL - Bula Outdoor","isPartOf":{"@id":"https:\/\/bulaoutdoor.nl\/#website"},"primaryImageOfPage":{"@id":"https:\/\/bulaoutdoor.nl\/product\/schoorsteen-kap-in-corten-staal-voor-de-outdooroven-en-xl-model\/#primaryimage"},"image":{"@id":"https:\/\/bulaoutdoor.nl\/product\/schoorsteen-kap-in-corten-staal-voor-de-outdooroven-en-xl-model\/#primaryimage"},"thumbnailUrl":"https:\/\/bulaoutdoor.nl\/wp-content\/uploads\/2018\/05\/schoorsteen-kap-in-corten-staal-voor-de-outdooroven-en-xl-model_3551_1_G.jpg","datePublished":"2018-05-27T09:22:43+00:00","dateModified":"2026-02-27T19:39:07+00:00","description":"Chapeau de chemin\u00e9e en acier Corten pour le four d'ext\u00e9rieur et le mod\u00e8le XL. Faites pivoter le chapeau pour que les gaz de combustion se d\u00e9placent avec le vent. Emp\u00eache la pluie de p\u00e9n\u00e9trer dans le tuyau","breadcrumb":{"@id":"https:\/\/bulaoutdoor.nl\/product\/schoorsteen-kap-in-corten-staal-voor-de-outdooroven-en-xl-model\/#breadcrumb"},"inLanguage":"fr-FR","potentialAction":[{"@type":"ReadAction","target":["https:\/\/bulaoutdoor.nl\/product\/schoorsteen-kap-in-corten-staal-voor-de-outdooroven-en-xl-model\/"]}]},{"@type":"ImageObject","inLanguage":"fr-FR","@id":"https:\/\/bulaoutdoor.nl\/product\/schoorsteen-kap-in-corten-staal-voor-de-outdooroven-en-xl-model\/#primaryimage","url":"https:\/\/bulaoutdoor.nl\/wp-content\/uploads\/2018\/05\/schoorsteen-kap-in-corten-staal-voor-de-outdooroven-en-xl-model_3551_1_G.jpg","contentUrl":"https:\/\/bulaoutdoor.nl\/wp-content\/uploads\/2018\/05\/schoorsteen-kap-in-corten-staal-voor-de-outdooroven-en-xl-model_3551_1_G.jpg","width":960,"height":1080},{"@type":"BreadcrumbList","@id":"https:\/\/bulaoutdoor.nl\/product\/schoorsteen-kap-in-corten-staal-voor-de-outdooroven-en-xl-model\/#breadcrumb","itemListElement":[{"@type":"ListItem","position":1,"name":"Home","item":"https:\/\/bulaoutdoor.nl\/"},{"@type":"ListItem","position":2,"name":"Online BBQ kopen","item":"https:\/\/bulaoutdoor.nl\/"},{"@type":"ListItem","position":3,"name":"Schoorsteen kap in Corten staal voor de outdooroven en XL model"}]},{"@type":"WebSite","@id":"https:\/\/bulaoutdoor.nl\/#website","url":"https:\/\/bulaoutdoor.nl\/","name":"Bula Outdoor","description":"Pour votre chemin\u00e9e ext\u00e9rieure, votre barbecue, votre torche de jardin et votre four \u00e0 bois","publisher":{"@id":"https:\/\/bulaoutdoor.nl\/#organization"},"potentialAction":[{"@type":"SearchAction","target":{"@type":"EntryPoint","urlTemplate":"https:\/\/bulaoutdoor.nl\/?s={search_term_string}"},"query-input":{"@type":"PropertyValueSpecification","valueRequired":true,"valueName":"search_term_string"}}],"inLanguage":"fr-FR"},{"@type":"Organization","@id":"https:\/\/bulaoutdoor.nl\/#organization","name":"Bula Outdoor","url":"https:\/\/bulaoutdoor.nl\/","logo":{"@type":"ImageObject","inLanguage":"fr-FR","@id":"https:\/\/bulaoutdoor.nl\/#\/schema\/logo\/image\/","url":"https:\/\/www.bulaoutdoor.nl\/wp-content\/uploads\/2018\/04\/bulaoutdoor-logo.png","contentUrl":"https:\/\/www.bulaoutdoor.nl\/wp-content\/uploads\/2018\/04\/bulaoutdoor-logo.png","width":324,"height":91,"caption":"Bula Outdoor"},"image":{"@id":"https:\/\/bulaoutdoor.nl\/#\/schema\/logo\/image\/"}}]}},"jetpack_sharing_enabled":true,"_links":{"self":[{"href":"https:\/\/bulaoutdoor.nl\/fr\/wp-json\/wp\/v2\/product\/529","targetHints":{"allow":["GET"]}}],"collection":[{"href":"https:\/\/bulaoutdoor.nl\/fr\/wp-json\/wp\/v2\/product"}],"about":[{"href":"https:\/\/bulaoutdoor.nl\/fr\/wp-json\/wp\/v2\/types\/product"}],"replies":[{"embeddable":true,"href":"https:\/\/bulaoutdoor.nl\/fr\/wp-json\/wp\/v2\/comments?post=529"}],"wp:featuredmedia":[{"embeddable":true,"href":"https:\/\/bulaoutdoor.nl\/fr\/wp-json\/wp\/v2\/media\/556"}],"wp:attachment":[{"href":"https:\/\/bulaoutdoor.nl\/fr\/wp-json\/wp\/v2\/media?parent=529"}],"wp:term":[{"taxonomy":"product_brand","embeddable":true,"href":"https:\/\/bulaoutdoor.nl\/fr\/wp-json\/wp\/v2\/product_brand?post=529"},{"taxonomy":"product_cat","embeddable":true,"href":"https:\/\/bulaoutdoor.nl\/fr\/wp-json\/wp\/v2\/product_cat?post=529"},{"taxonomy":"product_tag","embeddable":true,"href":"https:\/\/bulaoutdoor.nl\/fr\/wp-json\/wp\/v2\/product_tag?post=529"}],"curies":[{"name":"wp","href":"https:\/\/api.w.org\/{rel}","templated":true}]}}