{"id":52967,"date":"2024-11-01T12:25:32","date_gmt":"2024-11-01T12:25:32","guid":{"rendered":"https:\/\/bulaoutdoor.nl\/?post_type=product&#038;p=52967"},"modified":"2024-11-01T12:25:32","modified_gmt":"2024-11-01T12:25:32","slug":"baron-420-encastre","status":"publish","type":"product","link":"https:\/\/bulaoutdoor.nl\/fr\/product\/baron-420-built-in\/","title":{"rendered":"Baron 420 int\u00e9gr\u00e9"},"content":{"rendered":"<p>D\u00e9sormais, la gamme Baron de Broil King est \u00e9galement disponible en version encastrable. Cr\u00e9ez une belle cuisine ext\u00e9rieure et compl\u00e9tez-la avec ce superbe barbecue.<\/p>\n<ul>\n<li>Plus de 2864cm<sup>2<\/sup> surface de cuisson. 4155cm<sup>2\u00a0 <\/sup>y compris la grille chauffante en acier inoxydable.<\/li>\n<li>Quatre br\u00fbleurs principaux de 11,4 kW<\/li>\n<li>Robinets \u00e0 gaz r\u00e9glables \u00e0 l'infini avec des boutons \u00e9clair\u00e9s de mani\u00e8re pratique<\/li>\n<li>Un thermom\u00e8tre int\u00e9gr\u00e9<\/li>\n<\/ul>\n<p>Nous nous ferons un plaisir de vous en dire plus sur les qualit\u00e9s particuli\u00e8res des barbecues Broil King. Par exemple, les fours sont sp\u00e9cialement con\u00e7us pour conserver la chaleur et sont dot\u00e9s d'un bol coupe-vent de qualit\u00e9.<\/p>\n<p><img loading=\"lazy\" decoding=\"async\" class=\"wp-image-12538 aligncenter\" src=\"https:\/\/www.bulaoutdoor.nl\/wp-content\/uploads\/2021\/10\/BK_Baron_Cookbox_03-300x300.png\" alt=\"four bk info baron\" width=\"345\" height=\"345\" srcset=\"https:\/\/bulaoutdoor.nl\/wp-content\/uploads\/2021\/10\/BK_Baron_Cookbox_03-300x300.png 300w, https:\/\/bulaoutdoor.nl\/wp-content\/uploads\/2021\/10\/BK_Baron_Cookbox_03-150x150.png 150w, https:\/\/bulaoutdoor.nl\/wp-content\/uploads\/2021\/10\/BK_Baron_Cookbox_03-768x768.png 768w, https:\/\/bulaoutdoor.nl\/wp-content\/uploads\/2021\/10\/BK_Baron_Cookbox_03-324x324.png 324w, https:\/\/bulaoutdoor.nl\/wp-content\/uploads\/2021\/10\/BK_Baron_Cookbox_03-416x416.png 416w, https:\/\/bulaoutdoor.nl\/wp-content\/uploads\/2021\/10\/BK_Baron_Cookbox_03-100x100.png 100w, https:\/\/bulaoutdoor.nl\/wp-content\/uploads\/2021\/10\/BK_Baron_Cookbox_03.png 842w\" sizes=\"auto, (max-width: 345px) 100vw, 345px\" \/><\/p>\n<p>Les r\u00f4tissoires en fonte sont con\u00e7ues pour conserver la chaleur. Un c\u00f4t\u00e9 est tranchant, pour saisir les marques typiques d'un steakhouse. L'autre c\u00f4t\u00e9 est rainur\u00e9, ce qui permet de griller la viande dans son propre jus. Les grilles sont faciles \u00e0 nettoyer.<\/p>\n<p><img loading=\"lazy\" decoding=\"async\" class=\"wp-image-12355 aligncenter\" src=\"https:\/\/www.bulaoutdoor.nl\/wp-content\/uploads\/2021\/09\/roosters2-300x227.jpg\" alt=\"\" width=\"430\" height=\"325\" srcset=\"https:\/\/bulaoutdoor.nl\/wp-content\/uploads\/2021\/09\/roosters2-300x227.jpg 300w, https:\/\/bulaoutdoor.nl\/wp-content\/uploads\/2021\/09\/roosters2-416x315.jpg 416w, https:\/\/bulaoutdoor.nl\/wp-content\/uploads\/2021\/09\/roosters2.jpg 500w\" sizes=\"auto, (max-width: 430px) 100vw, 430px\" \/><\/p>\n<p>Le syst\u00e8me de cuisson Flav-r-wave\u2122 capture les jus de viande qui tombent \u00e0 travers le gril et les \u00e9vapore imm\u00e9diatement. C'est ce qui cr\u00e9e la saveur unique du barbecue.<\/p>\n<p><img loading=\"lazy\" decoding=\"async\" class=\"size-medium wp-image-12353 aligncenter\" src=\"https:\/\/www.bulaoutdoor.nl\/wp-content\/uploads\/2021\/09\/flavrwave-300x300.jpg\" alt=\"\" width=\"300\" height=\"300\" srcset=\"https:\/\/bulaoutdoor.nl\/wp-content\/uploads\/2021\/09\/flavrwave-300x300.jpg 300w, https:\/\/bulaoutdoor.nl\/wp-content\/uploads\/2021\/09\/flavrwave-150x150.jpg 150w, https:\/\/bulaoutdoor.nl\/wp-content\/uploads\/2021\/09\/flavrwave-324x324.jpg 324w, https:\/\/bulaoutdoor.nl\/wp-content\/uploads\/2021\/09\/flavrwave-100x100.jpg 100w, https:\/\/bulaoutdoor.nl\/wp-content\/uploads\/2021\/09\/flavrwave.jpg 337w\" sizes=\"auto, (max-width: 300px) 100vw, 300px\" \/><\/p>\n<p>Les br\u00fbleurs Dual-tube\u2122 cr\u00e9ent une distribution parfaitement homog\u00e8ne des flammes. Cela garantit une distribution uniforme de la chaleur dans l'ensemble de la fosse de barbecue.<\/p>\n<p><img loading=\"lazy\" decoding=\"async\" class=\"size-medium wp-image-12354 aligncenter\" src=\"https:\/\/www.bulaoutdoor.nl\/wp-content\/uploads\/2021\/09\/dualtube-300x300.png\" alt=\"\" width=\"300\" height=\"300\" srcset=\"https:\/\/bulaoutdoor.nl\/wp-content\/uploads\/2021\/09\/dualtube-300x300.png 300w, https:\/\/bulaoutdoor.nl\/wp-content\/uploads\/2021\/09\/dualtube-150x150.png 150w, https:\/\/bulaoutdoor.nl\/wp-content\/uploads\/2021\/09\/dualtube-324x324.png 324w, https:\/\/bulaoutdoor.nl\/wp-content\/uploads\/2021\/09\/dualtube-100x100.png 100w, https:\/\/bulaoutdoor.nl\/wp-content\/uploads\/2021\/09\/dualtube.png 337w\" sizes=\"auto, (max-width: 300px) 100vw, 300px\" \/><\/p>\n<p>Les robinets \u00e0 gaz Linear-Flow\u2122 sont con\u00e7us pour contr\u00f4ler la temp\u00e9rature en continu. Gr\u00e2ce \u00e0 cette technique, vous pouvez saisir des steaks \u00e0 haute temp\u00e9rature ou cuire lentement des plats \u00e0 basse temp\u00e9rature. Vous utilisez ici les boutons de commande 180\u00b0 Sensi-Touch\u2122.<\/p>\n<p><img loading=\"lazy\" decoding=\"async\" class=\"size-medium wp-image-12356 aligncenter\" src=\"https:\/\/www.bulaoutdoor.nl\/wp-content\/uploads\/2021\/09\/Sensi-touch-300x300.jpg\" alt=\"\" width=\"300\" height=\"300\" srcset=\"https:\/\/bulaoutdoor.nl\/wp-content\/uploads\/2021\/09\/Sensi-touch-300x300.jpg 300w, https:\/\/bulaoutdoor.nl\/wp-content\/uploads\/2021\/09\/Sensi-touch-150x150.jpg 150w, https:\/\/bulaoutdoor.nl\/wp-content\/uploads\/2021\/09\/Sensi-touch-324x324.jpg 324w, https:\/\/bulaoutdoor.nl\/wp-content\/uploads\/2021\/09\/Sensi-touch-100x100.jpg 100w, https:\/\/bulaoutdoor.nl\/wp-content\/uploads\/2021\/09\/Sensi-touch.jpg 337w\" sizes=\"auto, (max-width: 300px) 100vw, 300px\" \/><\/p>\n<h4>Garantie<\/h4>\n<p><img loading=\"lazy\" decoding=\"async\" class=\"alignnone wp-image-12536\" src=\"https:\/\/www.bulaoutdoor.nl\/wp-content\/uploads\/2021\/10\/garantiebaron-300x172.jpg\" alt=\"baron de garantie\" width=\"515\" height=\"295\" srcset=\"https:\/\/bulaoutdoor.nl\/wp-content\/uploads\/2021\/10\/garantiebaron-300x172.jpg 300w, https:\/\/bulaoutdoor.nl\/wp-content\/uploads\/2021\/10\/garantiebaron.jpg 408w\" sizes=\"auto, (max-width: 515px) 100vw, 515px\" \/><\/p>\n<p>Lorsque vous achetez chez Broil King un <a href=\"https:\/\/bulaoutdoor.nl\/fr\/categorie-de-produits\/bbq\/\">commander un barbecue en ligne<\/a>En outre, vous b\u00e9n\u00e9ficiez d'une garantie \u00e0 vie sur la cuve et le couvercle, d'une garantie de dix ans sur les br\u00fbleurs et d'une garantie de deux ans sur les pi\u00e8ces et la peinture. N'h\u00e9sitez donc plus et utilisez notre boutique en ligne pour acheter le Baron 420 Built-in. Vous trouverez \u00e9galement toutes ces sp\u00e9cifications dans tous les autres mod\u00e8les Baron de Broil King, tels que le <a href=\"https:\/\/bulaoutdoor.nl\/fr\/produit\/baron-s490-ir\/\">Baron s490 IR<\/a>. Vous trouverez \u00e9galement dans notre gamme d'autres barbecues de cette grande marque que vous pouvez faire encastrer. Voir les <a href=\"https:\/\/bulaoutdoor.nl\/fr\/categorie-de-produits\/bbq\/roi-du-gril-2\/personnalisation-integree\/\">Mod\u00e8les encastrables de Broil King<\/a>.<\/p>\n<h3>Commandez votre barbecue en ligne<\/h3>\n<p>Si vous voulez acheter le Baron 420 Built-in, venez chez Bula Outdoor. Chez nous, vous pouvez choisir parmi une large gamme de barbecues aux sp\u00e9cifications vari\u00e9es. Passez votre commande en ligne ou n'h\u00e9sitez pas \u00e0 nous contacter pour obtenir des conseils appropri\u00e9s. Pour un rendez-vous <a href=\"https:\/\/bulaoutdoor.nl\/fr\/contact\/\">nous contacter<\/a> en envoyant un courriel \u00e0 <a href=\"mailto:info@bulaoutdoor.nl\">info@bulaoutdoor.nl<\/a> ou en appelant le <a href=\"tel:0031355330658\">035-5330658<\/a>.<\/p>","protected":false},"excerpt":{"rendered":"<p>Magnifique bbq de taille moyenne \u00e0 encastrer.<\/p>","protected":false},"featured_media":52968,"comment_status":"open","ping_status":"closed","template":"","meta":{"_acf_changed":false},"product_brand":[],"product_cat":[779],"product_tag":[1404,1402,1403],"class_list":{"0":"post-52967","1":"product","2":"type-product","3":"status-publish","4":"has-post-thumbnail","6":"product_cat-built-in-maatwerk","7":"product_tag-broil-king-baton-400-serie-built-in","8":"product_tag-broil-king-inbouw","9":"product_tag-medium-bbq","11":"first","12":"instock","13":"taxable","14":"shipping-taxable","15":"purchasable","16":"product-type-simple"},"acf":[],"yoast_head":"<!-- This site is optimized with the Yoast SEO plugin v27.4 - https:\/\/yoast.com\/product\/yoast-seo-wordpress\/ -->\n<title>Baron 420 Built-in &#8211; Bula Outdoor<\/title>\n<meta name=\"robots\" content=\"index, follow, max-snippet:-1, max-image-preview:large, max-video-preview:-1\" \/>\n<link rel=\"canonical\" href=\"https:\/\/bulaoutdoor.nl\/fr\/produit\/baron-420-encastre\/\" \/>\n<meta property=\"og:locale\" content=\"fr_FR\" \/>\n<meta property=\"og:type\" content=\"article\" \/>\n<meta property=\"og:title\" content=\"Baron 420 Built-in &#8211; Bula Outdoor\" \/>\n<meta property=\"og:description\" content=\"Mooie medium sized bbq voor inbouw.\" \/>\n<meta property=\"og:url\" content=\"https:\/\/bulaoutdoor.nl\/fr\/produit\/baron-420-encastre\/\" \/>\n<meta property=\"og:site_name\" content=\"Bula Outdoor\" \/>\n<meta property=\"og:image\" content=\"https:\/\/bulaoutdoor.nl\/wp-content\/uploads\/2024\/10\/BARON-420-Built-in-bula-outdoor-1main.jpg\" \/>\n\t<meta property=\"og:image:width\" content=\"823\" \/>\n\t<meta property=\"og:image:height\" content=\"705\" \/>\n\t<meta property=\"og:image:type\" content=\"image\/jpeg\" \/>\n<meta name=\"twitter:card\" content=\"summary_large_image\" \/>\n<meta name=\"twitter:label1\" content=\"Dur\u00e9e de lecture estim\u00e9e\" \/>\n\t<meta name=\"twitter:data1\" content=\"4 minutes\" \/>\n<script type=\"application\/ld+json\" class=\"yoast-schema-graph\">{\"@context\":\"https:\\\/\\\/schema.org\",\"@graph\":[{\"@type\":\"WebPage\",\"@id\":\"https:\\\/\\\/bulaoutdoor.nl\\\/product\\\/baron-420-built-in\\\/\",\"url\":\"https:\\\/\\\/bulaoutdoor.nl\\\/product\\\/baron-420-built-in\\\/\",\"name\":\"Baron 420 Built-in &#8211; Bula Outdoor\",\"isPartOf\":{\"@id\":\"https:\\\/\\\/bulaoutdoor.nl\\\/#website\"},\"primaryImageOfPage\":{\"@id\":\"https:\\\/\\\/bulaoutdoor.nl\\\/product\\\/baron-420-built-in\\\/#primaryimage\"},\"image\":{\"@id\":\"https:\\\/\\\/bulaoutdoor.nl\\\/product\\\/baron-420-built-in\\\/#primaryimage\"},\"thumbnailUrl\":\"https:\\\/\\\/bulaoutdoor.nl\\\/wp-content\\\/uploads\\\/2024\\\/10\\\/BARON-420-Built-in-bula-outdoor-1main.jpg\",\"datePublished\":\"2024-11-01T12:25:32+00:00\",\"breadcrumb\":{\"@id\":\"https:\\\/\\\/bulaoutdoor.nl\\\/product\\\/baron-420-built-in\\\/#breadcrumb\"},\"inLanguage\":\"fr-FR\",\"potentialAction\":[{\"@type\":\"ReadAction\",\"target\":[\"https:\\\/\\\/bulaoutdoor.nl\\\/product\\\/baron-420-built-in\\\/\"]}]},{\"@type\":\"ImageObject\",\"inLanguage\":\"fr-FR\",\"@id\":\"https:\\\/\\\/bulaoutdoor.nl\\\/product\\\/baron-420-built-in\\\/#primaryimage\",\"url\":\"https:\\\/\\\/bulaoutdoor.nl\\\/wp-content\\\/uploads\\\/2024\\\/10\\\/BARON-420-Built-in-bula-outdoor-1main.jpg\",\"contentUrl\":\"https:\\\/\\\/bulaoutdoor.nl\\\/wp-content\\\/uploads\\\/2024\\\/10\\\/BARON-420-Built-in-bula-outdoor-1main.jpg\",\"width\":823,\"height\":705},{\"@type\":\"BreadcrumbList\",\"@id\":\"https:\\\/\\\/bulaoutdoor.nl\\\/product\\\/baron-420-built-in\\\/#breadcrumb\",\"itemListElement\":[{\"@type\":\"ListItem\",\"position\":1,\"name\":\"Home\",\"item\":\"https:\\\/\\\/bulaoutdoor.nl\\\/\"},{\"@type\":\"ListItem\",\"position\":2,\"name\":\"Online BBQ kopen\",\"item\":\"https:\\\/\\\/bulaoutdoor.nl\\\/\"},{\"@type\":\"ListItem\",\"position\":3,\"name\":\"Baron 420 Built-in\"}]},{\"@type\":\"WebSite\",\"@id\":\"https:\\\/\\\/bulaoutdoor.nl\\\/#website\",\"url\":\"https:\\\/\\\/bulaoutdoor.nl\\\/\",\"name\":\"Bula Outdoor\",\"description\":\"Voor uw buitenhaard, BBQ, tuinfakkel en houtoven\",\"publisher\":{\"@id\":\"https:\\\/\\\/bulaoutdoor.nl\\\/#organization\"},\"potentialAction\":[{\"@type\":\"SearchAction\",\"target\":{\"@type\":\"EntryPoint\",\"urlTemplate\":\"https:\\\/\\\/bulaoutdoor.nl\\\/?s={search_term_string}\"},\"query-input\":{\"@type\":\"PropertyValueSpecification\",\"valueRequired\":true,\"valueName\":\"search_term_string\"}}],\"inLanguage\":\"fr-FR\"},{\"@type\":\"Organization\",\"@id\":\"https:\\\/\\\/bulaoutdoor.nl\\\/#organization\",\"name\":\"Bula Outdoor\",\"url\":\"https:\\\/\\\/bulaoutdoor.nl\\\/\",\"logo\":{\"@type\":\"ImageObject\",\"inLanguage\":\"fr-FR\",\"@id\":\"https:\\\/\\\/bulaoutdoor.nl\\\/#\\\/schema\\\/logo\\\/image\\\/\",\"url\":\"https:\\\/\\\/www.bulaoutdoor.nl\\\/wp-content\\\/uploads\\\/2018\\\/04\\\/bulaoutdoor-logo.png\",\"contentUrl\":\"https:\\\/\\\/www.bulaoutdoor.nl\\\/wp-content\\\/uploads\\\/2018\\\/04\\\/bulaoutdoor-logo.png\",\"width\":324,\"height\":91,\"caption\":\"Bula Outdoor\"},\"image\":{\"@id\":\"https:\\\/\\\/bulaoutdoor.nl\\\/#\\\/schema\\\/logo\\\/image\\\/\"}}]}<\/script>\n<!-- \/ Yoast SEO plugin. -->","yoast_head_json":{"title":"Baron 420 encastrable - Bula Outdoor","robots":{"index":"index","follow":"follow","max-snippet":"max-snippet:-1","max-image-preview":"max-image-preview:large","max-video-preview":"max-video-preview:-1"},"canonical":"https:\/\/bulaoutdoor.nl\/fr\/produit\/baron-420-encastre\/","og_locale":"fr_FR","og_type":"article","og_title":"Baron 420 Built-in &#8211; Bula Outdoor","og_description":"Mooie medium sized bbq voor inbouw.","og_url":"https:\/\/bulaoutdoor.nl\/fr\/produit\/baron-420-encastre\/","og_site_name":"Bula Outdoor","og_image":[{"width":823,"height":705,"url":"https:\/\/bulaoutdoor.nl\/wp-content\/uploads\/2024\/10\/BARON-420-Built-in-bula-outdoor-1main.jpg","type":"image\/jpeg"}],"twitter_card":"summary_large_image","twitter_misc":{"Dur\u00e9e de lecture estim\u00e9e":"4 minutes"},"schema":{"@context":"https:\/\/schema.org","@graph":[{"@type":"WebPage","@id":"https:\/\/bulaoutdoor.nl\/product\/baron-420-built-in\/","url":"https:\/\/bulaoutdoor.nl\/product\/baron-420-built-in\/","name":"Baron 420 encastrable - Bula Outdoor","isPartOf":{"@id":"https:\/\/bulaoutdoor.nl\/#website"},"primaryImageOfPage":{"@id":"https:\/\/bulaoutdoor.nl\/product\/baron-420-built-in\/#primaryimage"},"image":{"@id":"https:\/\/bulaoutdoor.nl\/product\/baron-420-built-in\/#primaryimage"},"thumbnailUrl":"https:\/\/bulaoutdoor.nl\/wp-content\/uploads\/2024\/10\/BARON-420-Built-in-bula-outdoor-1main.jpg","datePublished":"2024-11-01T12:25:32+00:00","breadcrumb":{"@id":"https:\/\/bulaoutdoor.nl\/product\/baron-420-built-in\/#breadcrumb"},"inLanguage":"fr-FR","potentialAction":[{"@type":"ReadAction","target":["https:\/\/bulaoutdoor.nl\/product\/baron-420-built-in\/"]}]},{"@type":"ImageObject","inLanguage":"fr-FR","@id":"https:\/\/bulaoutdoor.nl\/product\/baron-420-built-in\/#primaryimage","url":"https:\/\/bulaoutdoor.nl\/wp-content\/uploads\/2024\/10\/BARON-420-Built-in-bula-outdoor-1main.jpg","contentUrl":"https:\/\/bulaoutdoor.nl\/wp-content\/uploads\/2024\/10\/BARON-420-Built-in-bula-outdoor-1main.jpg","width":823,"height":705},{"@type":"BreadcrumbList","@id":"https:\/\/bulaoutdoor.nl\/product\/baron-420-built-in\/#breadcrumb","itemListElement":[{"@type":"ListItem","position":1,"name":"Home","item":"https:\/\/bulaoutdoor.nl\/"},{"@type":"ListItem","position":2,"name":"Online BBQ kopen","item":"https:\/\/bulaoutdoor.nl\/"},{"@type":"ListItem","position":3,"name":"Baron 420 Built-in"}]},{"@type":"WebSite","@id":"https:\/\/bulaoutdoor.nl\/#website","url":"https:\/\/bulaoutdoor.nl\/","name":"Bula Outdoor","description":"Pour votre chemin\u00e9e ext\u00e9rieure, votre barbecue, votre torche de jardin et votre four \u00e0 bois","publisher":{"@id":"https:\/\/bulaoutdoor.nl\/#organization"},"potentialAction":[{"@type":"SearchAction","target":{"@type":"EntryPoint","urlTemplate":"https:\/\/bulaoutdoor.nl\/?s={search_term_string}"},"query-input":{"@type":"PropertyValueSpecification","valueRequired":true,"valueName":"search_term_string"}}],"inLanguage":"fr-FR"},{"@type":"Organization","@id":"https:\/\/bulaoutdoor.nl\/#organization","name":"Bula Outdoor","url":"https:\/\/bulaoutdoor.nl\/","logo":{"@type":"ImageObject","inLanguage":"fr-FR","@id":"https:\/\/bulaoutdoor.nl\/#\/schema\/logo\/image\/","url":"https:\/\/www.bulaoutdoor.nl\/wp-content\/uploads\/2018\/04\/bulaoutdoor-logo.png","contentUrl":"https:\/\/www.bulaoutdoor.nl\/wp-content\/uploads\/2018\/04\/bulaoutdoor-logo.png","width":324,"height":91,"caption":"Bula Outdoor"},"image":{"@id":"https:\/\/bulaoutdoor.nl\/#\/schema\/logo\/image\/"}}]}},"jetpack_sharing_enabled":true,"_links":{"self":[{"href":"https:\/\/bulaoutdoor.nl\/fr\/wp-json\/wp\/v2\/product\/52967","targetHints":{"allow":["GET"]}}],"collection":[{"href":"https:\/\/bulaoutdoor.nl\/fr\/wp-json\/wp\/v2\/product"}],"about":[{"href":"https:\/\/bulaoutdoor.nl\/fr\/wp-json\/wp\/v2\/types\/product"}],"replies":[{"embeddable":true,"href":"https:\/\/bulaoutdoor.nl\/fr\/wp-json\/wp\/v2\/comments?post=52967"}],"wp:featuredmedia":[{"embeddable":true,"href":"https:\/\/bulaoutdoor.nl\/fr\/wp-json\/wp\/v2\/media\/52968"}],"wp:attachment":[{"href":"https:\/\/bulaoutdoor.nl\/fr\/wp-json\/wp\/v2\/media?parent=52967"}],"wp:term":[{"taxonomy":"product_brand","embeddable":true,"href":"https:\/\/bulaoutdoor.nl\/fr\/wp-json\/wp\/v2\/product_brand?post=52967"},{"taxonomy":"product_cat","embeddable":true,"href":"https:\/\/bulaoutdoor.nl\/fr\/wp-json\/wp\/v2\/product_cat?post=52967"},{"taxonomy":"product_tag","embeddable":true,"href":"https:\/\/bulaoutdoor.nl\/fr\/wp-json\/wp\/v2\/product_tag?post=52967"}],"curies":[{"name":"wp","href":"https:\/\/api.w.org\/{rel}","templated":true}]}}