{"id":52973,"date":"2024-10-31T14:44:57","date_gmt":"2024-10-31T14:44:57","guid":{"rendered":"https:\/\/bulaoutdoor.nl\/?post_type=product&#038;p=52973"},"modified":"2024-10-31T14:44:57","modified_gmt":"2024-10-31T14:44:57","slug":"broil-king-imperial-s100-encastre","status":"publish","type":"product","link":"https:\/\/bulaoutdoor.nl\/fr\/product\/broil-king-imperial-s100-built-in\/","title":{"rendered":"Broil King Imperial S100 \u00e0 encastrer"},"content":{"rendered":"<p>Le br\u00fbleur \u00e0 gaz de Broil King. Maintenant disponible en version encastrable !<\/p>\n<p>Commandez l'Imp\u00e9rial S100 directement aupr\u00e8s de Bula outdoor, votre fournisseur d'\u00e9lectricit\u00e9. <a href=\"https:\/\/bulaoutdoor.nl\/fr\/\">sp\u00e9cialiste du barbecue<\/a>!<\/p>","protected":false},"excerpt":{"rendered":"<p>Br\u00fbleur \u00e0 gaz encastr\u00e9 Broil King, 1 br\u00fbleur<\/p>","protected":false},"featured_media":52974,"comment_status":"open","ping_status":"closed","template":"","meta":{"_acf_changed":false},"product_brand":[],"product_cat":[779],"product_tag":[1406,1402],"class_list":{"0":"post-52973","1":"product","2":"type-product","3":"status-publish","4":"has-post-thumbnail","6":"product_cat-built-in-maatwerk","7":"product_tag-1pit-brander","8":"product_tag-broil-king-inbouw","10":"first","11":"instock","12":"taxable","13":"shipping-taxable","14":"purchasable","15":"product-type-simple"},"acf":[],"yoast_head":"<!-- This site is optimized with the Yoast SEO plugin v27.3 - https:\/\/yoast.com\/product\/yoast-seo-wordpress\/ -->\n<title>Broil King Imperial S100 Built-in &#8211; Bula Outdoor<\/title>\n<meta name=\"robots\" content=\"index, follow, max-snippet:-1, max-image-preview:large, max-video-preview:-1\" \/>\n<link rel=\"canonical\" href=\"https:\/\/bulaoutdoor.nl\/fr\/produit\/broil-king-imperial-s100-encastre\/\" \/>\n<meta property=\"og:locale\" content=\"fr_FR\" \/>\n<meta property=\"og:type\" content=\"article\" \/>\n<meta property=\"og:title\" content=\"Broil King Imperial S100 Built-in &#8211; Bula Outdoor\" \/>\n<meta property=\"og:description\" content=\"Inbouw gasbrander van Broil King, 1 pit\" \/>\n<meta property=\"og:url\" content=\"https:\/\/bulaoutdoor.nl\/fr\/produit\/broil-king-imperial-s100-encastre\/\" \/>\n<meta property=\"og:site_name\" content=\"Bula Outdoor\" \/>\n<meta property=\"og:image\" content=\"https:\/\/bulaoutdoor.nl\/wp-content\/uploads\/2024\/10\/BROIL-KING-IMPERIAL-S100-BI-bula-outdoor.jpg\" \/>\n\t<meta property=\"og:image:width\" content=\"1165\" \/>\n\t<meta property=\"og:image:height\" content=\"937\" \/>\n\t<meta property=\"og:image:type\" content=\"image\/jpeg\" \/>\n<meta name=\"twitter:card\" content=\"summary_large_image\" \/>\n<meta name=\"twitter:label1\" content=\"Dur\u00e9e de lecture estim\u00e9e\" \/>\n\t<meta name=\"twitter:data1\" content=\"1 minute\" \/>\n<script type=\"application\/ld+json\" class=\"yoast-schema-graph\">{\"@context\":\"https:\\\/\\\/schema.org\",\"@graph\":[{\"@type\":\"WebPage\",\"@id\":\"https:\\\/\\\/bulaoutdoor.nl\\\/product\\\/broil-king-imperial-s100-built-in\\\/\",\"url\":\"https:\\\/\\\/bulaoutdoor.nl\\\/product\\\/broil-king-imperial-s100-built-in\\\/\",\"name\":\"Broil King Imperial S100 Built-in &#8211; Bula Outdoor\",\"isPartOf\":{\"@id\":\"https:\\\/\\\/bulaoutdoor.nl\\\/#website\"},\"primaryImageOfPage\":{\"@id\":\"https:\\\/\\\/bulaoutdoor.nl\\\/product\\\/broil-king-imperial-s100-built-in\\\/#primaryimage\"},\"image\":{\"@id\":\"https:\\\/\\\/bulaoutdoor.nl\\\/product\\\/broil-king-imperial-s100-built-in\\\/#primaryimage\"},\"thumbnailUrl\":\"https:\\\/\\\/bulaoutdoor.nl\\\/wp-content\\\/uploads\\\/2024\\\/10\\\/BROIL-KING-IMPERIAL-S100-BI-bula-outdoor.jpg\",\"datePublished\":\"2024-10-31T14:44:57+00:00\",\"breadcrumb\":{\"@id\":\"https:\\\/\\\/bulaoutdoor.nl\\\/product\\\/broil-king-imperial-s100-built-in\\\/#breadcrumb\"},\"inLanguage\":\"fr-FR\",\"potentialAction\":[{\"@type\":\"ReadAction\",\"target\":[\"https:\\\/\\\/bulaoutdoor.nl\\\/product\\\/broil-king-imperial-s100-built-in\\\/\"]}]},{\"@type\":\"ImageObject\",\"inLanguage\":\"fr-FR\",\"@id\":\"https:\\\/\\\/bulaoutdoor.nl\\\/product\\\/broil-king-imperial-s100-built-in\\\/#primaryimage\",\"url\":\"https:\\\/\\\/bulaoutdoor.nl\\\/wp-content\\\/uploads\\\/2024\\\/10\\\/BROIL-KING-IMPERIAL-S100-BI-bula-outdoor.jpg\",\"contentUrl\":\"https:\\\/\\\/bulaoutdoor.nl\\\/wp-content\\\/uploads\\\/2024\\\/10\\\/BROIL-KING-IMPERIAL-S100-BI-bula-outdoor.jpg\",\"width\":1165,\"height\":937},{\"@type\":\"BreadcrumbList\",\"@id\":\"https:\\\/\\\/bulaoutdoor.nl\\\/product\\\/broil-king-imperial-s100-built-in\\\/#breadcrumb\",\"itemListElement\":[{\"@type\":\"ListItem\",\"position\":1,\"name\":\"Home\",\"item\":\"https:\\\/\\\/bulaoutdoor.nl\\\/\"},{\"@type\":\"ListItem\",\"position\":2,\"name\":\"Online BBQ kopen\",\"item\":\"https:\\\/\\\/bulaoutdoor.nl\\\/\"},{\"@type\":\"ListItem\",\"position\":3,\"name\":\"Broil King Imperial S100 Built-in\"}]},{\"@type\":\"WebSite\",\"@id\":\"https:\\\/\\\/bulaoutdoor.nl\\\/#website\",\"url\":\"https:\\\/\\\/bulaoutdoor.nl\\\/\",\"name\":\"Bula Outdoor\",\"description\":\"Voor uw buitenhaard, BBQ, tuinfakkel en houtoven\",\"publisher\":{\"@id\":\"https:\\\/\\\/bulaoutdoor.nl\\\/#organization\"},\"potentialAction\":[{\"@type\":\"SearchAction\",\"target\":{\"@type\":\"EntryPoint\",\"urlTemplate\":\"https:\\\/\\\/bulaoutdoor.nl\\\/?s={search_term_string}\"},\"query-input\":{\"@type\":\"PropertyValueSpecification\",\"valueRequired\":true,\"valueName\":\"search_term_string\"}}],\"inLanguage\":\"fr-FR\"},{\"@type\":\"Organization\",\"@id\":\"https:\\\/\\\/bulaoutdoor.nl\\\/#organization\",\"name\":\"Bula Outdoor\",\"url\":\"https:\\\/\\\/bulaoutdoor.nl\\\/\",\"logo\":{\"@type\":\"ImageObject\",\"inLanguage\":\"fr-FR\",\"@id\":\"https:\\\/\\\/bulaoutdoor.nl\\\/#\\\/schema\\\/logo\\\/image\\\/\",\"url\":\"https:\\\/\\\/www.bulaoutdoor.nl\\\/wp-content\\\/uploads\\\/2018\\\/04\\\/bulaoutdoor-logo.png\",\"contentUrl\":\"https:\\\/\\\/www.bulaoutdoor.nl\\\/wp-content\\\/uploads\\\/2018\\\/04\\\/bulaoutdoor-logo.png\",\"width\":324,\"height\":91,\"caption\":\"Bula Outdoor\"},\"image\":{\"@id\":\"https:\\\/\\\/bulaoutdoor.nl\\\/#\\\/schema\\\/logo\\\/image\\\/\"}}]}<\/script>\n<!-- \/ Yoast SEO plugin. -->","yoast_head_json":{"title":"Broil King Imperial S100 \u00e0 encastrer - Bula Outdoor","robots":{"index":"index","follow":"follow","max-snippet":"max-snippet:-1","max-image-preview":"max-image-preview:large","max-video-preview":"max-video-preview:-1"},"canonical":"https:\/\/bulaoutdoor.nl\/fr\/produit\/broil-king-imperial-s100-encastre\/","og_locale":"fr_FR","og_type":"article","og_title":"Broil King Imperial S100 Built-in &#8211; Bula Outdoor","og_description":"Inbouw gasbrander van Broil King, 1 pit","og_url":"https:\/\/bulaoutdoor.nl\/fr\/produit\/broil-king-imperial-s100-encastre\/","og_site_name":"Bula Outdoor","og_image":[{"width":1165,"height":937,"url":"https:\/\/bulaoutdoor.nl\/wp-content\/uploads\/2024\/10\/BROIL-KING-IMPERIAL-S100-BI-bula-outdoor.jpg","type":"image\/jpeg"}],"twitter_card":"summary_large_image","twitter_misc":{"Dur\u00e9e de lecture estim\u00e9e":"1 minute"},"schema":{"@context":"https:\/\/schema.org","@graph":[{"@type":"WebPage","@id":"https:\/\/bulaoutdoor.nl\/product\/broil-king-imperial-s100-built-in\/","url":"https:\/\/bulaoutdoor.nl\/product\/broil-king-imperial-s100-built-in\/","name":"Broil King Imperial S100 \u00e0 encastrer - Bula Outdoor","isPartOf":{"@id":"https:\/\/bulaoutdoor.nl\/#website"},"primaryImageOfPage":{"@id":"https:\/\/bulaoutdoor.nl\/product\/broil-king-imperial-s100-built-in\/#primaryimage"},"image":{"@id":"https:\/\/bulaoutdoor.nl\/product\/broil-king-imperial-s100-built-in\/#primaryimage"},"thumbnailUrl":"https:\/\/bulaoutdoor.nl\/wp-content\/uploads\/2024\/10\/BROIL-KING-IMPERIAL-S100-BI-bula-outdoor.jpg","datePublished":"2024-10-31T14:44:57+00:00","breadcrumb":{"@id":"https:\/\/bulaoutdoor.nl\/product\/broil-king-imperial-s100-built-in\/#breadcrumb"},"inLanguage":"fr-FR","potentialAction":[{"@type":"ReadAction","target":["https:\/\/bulaoutdoor.nl\/product\/broil-king-imperial-s100-built-in\/"]}]},{"@type":"ImageObject","inLanguage":"fr-FR","@id":"https:\/\/bulaoutdoor.nl\/product\/broil-king-imperial-s100-built-in\/#primaryimage","url":"https:\/\/bulaoutdoor.nl\/wp-content\/uploads\/2024\/10\/BROIL-KING-IMPERIAL-S100-BI-bula-outdoor.jpg","contentUrl":"https:\/\/bulaoutdoor.nl\/wp-content\/uploads\/2024\/10\/BROIL-KING-IMPERIAL-S100-BI-bula-outdoor.jpg","width":1165,"height":937},{"@type":"BreadcrumbList","@id":"https:\/\/bulaoutdoor.nl\/product\/broil-king-imperial-s100-built-in\/#breadcrumb","itemListElement":[{"@type":"ListItem","position":1,"name":"Home","item":"https:\/\/bulaoutdoor.nl\/"},{"@type":"ListItem","position":2,"name":"Online BBQ kopen","item":"https:\/\/bulaoutdoor.nl\/"},{"@type":"ListItem","position":3,"name":"Broil King Imperial S100 Built-in"}]},{"@type":"WebSite","@id":"https:\/\/bulaoutdoor.nl\/#website","url":"https:\/\/bulaoutdoor.nl\/","name":"Bula Outdoor","description":"Pour votre chemin\u00e9e ext\u00e9rieure, votre barbecue, votre torche de jardin et votre four \u00e0 bois","publisher":{"@id":"https:\/\/bulaoutdoor.nl\/#organization"},"potentialAction":[{"@type":"SearchAction","target":{"@type":"EntryPoint","urlTemplate":"https:\/\/bulaoutdoor.nl\/?s={search_term_string}"},"query-input":{"@type":"PropertyValueSpecification","valueRequired":true,"valueName":"search_term_string"}}],"inLanguage":"fr-FR"},{"@type":"Organization","@id":"https:\/\/bulaoutdoor.nl\/#organization","name":"Bula Outdoor","url":"https:\/\/bulaoutdoor.nl\/","logo":{"@type":"ImageObject","inLanguage":"fr-FR","@id":"https:\/\/bulaoutdoor.nl\/#\/schema\/logo\/image\/","url":"https:\/\/www.bulaoutdoor.nl\/wp-content\/uploads\/2018\/04\/bulaoutdoor-logo.png","contentUrl":"https:\/\/www.bulaoutdoor.nl\/wp-content\/uploads\/2018\/04\/bulaoutdoor-logo.png","width":324,"height":91,"caption":"Bula Outdoor"},"image":{"@id":"https:\/\/bulaoutdoor.nl\/#\/schema\/logo\/image\/"}}]}},"jetpack_sharing_enabled":true,"_links":{"self":[{"href":"https:\/\/bulaoutdoor.nl\/fr\/wp-json\/wp\/v2\/product\/52973","targetHints":{"allow":["GET"]}}],"collection":[{"href":"https:\/\/bulaoutdoor.nl\/fr\/wp-json\/wp\/v2\/product"}],"about":[{"href":"https:\/\/bulaoutdoor.nl\/fr\/wp-json\/wp\/v2\/types\/product"}],"replies":[{"embeddable":true,"href":"https:\/\/bulaoutdoor.nl\/fr\/wp-json\/wp\/v2\/comments?post=52973"}],"wp:featuredmedia":[{"embeddable":true,"href":"https:\/\/bulaoutdoor.nl\/fr\/wp-json\/wp\/v2\/media\/52974"}],"wp:attachment":[{"href":"https:\/\/bulaoutdoor.nl\/fr\/wp-json\/wp\/v2\/media?parent=52973"}],"wp:term":[{"taxonomy":"product_brand","embeddable":true,"href":"https:\/\/bulaoutdoor.nl\/fr\/wp-json\/wp\/v2\/product_brand?post=52973"},{"taxonomy":"product_cat","embeddable":true,"href":"https:\/\/bulaoutdoor.nl\/fr\/wp-json\/wp\/v2\/product_cat?post=52973"},{"taxonomy":"product_tag","embeddable":true,"href":"https:\/\/bulaoutdoor.nl\/fr\/wp-json\/wp\/v2\/product_tag?post=52973"}],"curies":[{"name":"wp","href":"https:\/\/api.w.org\/{rel}","templated":true}]}}