{"id":53041,"date":"2024-10-21T11:50:40","date_gmt":"2024-10-21T11:50:40","guid":{"rendered":"https:\/\/bulaoutdoor.nl\/product\/wanders-mata-round-base\/"},"modified":"2026-04-27T05:06:37","modified_gmt":"2026-04-27T05:06:37","slug":"wanders-mata-round-base","status":"publish","type":"product","link":"https:\/\/bulaoutdoor.nl\/fr\/product\/wanders-mata-round-base\/","title":{"rendered":"Wanders Mata Base Oval"},"content":{"rendered":"<h2>Wanders Base ronde Mata<\/h2>\n<p>Le pr\u00e9sent&nbsp;<a href=\"https:\/\/www.haveverwarming.nl\/wanders\">Wanders<\/a> Mata Round Base est une base ovale autoportante. <a href=\"https:\/\/www.haveverwarming.nl\/kachels\/hout\" target=\"_blank\" rel=\"noopener\">po\u00eale \u00e0 bois<\/a> sur un pied. Les formes rondes conf\u00e8rent au po\u00eale un aspect moderne et unique, ce qui en fait un magnifique po\u00eale pour le centre de votre maison.<\/p>\n<p>La pr\u00e9sence d'un pied \u00e9l\u00e9gant sous le po\u00eale cr\u00e9e un effet d'espace. Le Mata offre un magnifique jeu de flammes. Gr\u00e2ce \u00e0 ses trois vitres, il est <a href=\"https:\/\/www.haveverwarming.nl\/kenniscentrum\/wat-is-vuur\" target=\"_blank\" rel=\"noopener\">incendie<\/a> \u00e0 admirer de trois c\u00f4t\u00e9s !<\/p>\n<h3>Centre d'exp\u00e9rience<\/h3>\n<p>Curieux de d\u00e9couvrir toutes les chemin\u00e9es et tous les po\u00eales de Wanders ? Visitez notre&nbsp;<a href=\"https:\/\/www.haveverwarming.nl\/experiencecenter\" target=\"_blank\" rel=\"noopener\">Centre d'exp\u00e9rience<\/a> \u00e0 Lunteren et obtenir les conseils d'un de nos conseillers de vente.<\/p>\n<p>T\u00e9l\u00e9chargements de produits<\/p>\n<ul>\n<li><a class=\"download file\" href=\"https:\/\/www.haveverwarming.nl\/amfile\/file\/download\/file\/9167\/product\/2271\/\" target=\"_blank\"><span>Brochure Wanders Bois et Gaz 2025<\/span><\/a><\/li>\n<li><a class=\"download file\" href=\"https:\/\/www.haveverwarming.nl\/amfile\/file\/download\/file\/8564\/product\/2271\/\" target=\"_blank\"><span>Dessin au trait Wanders Mata Round Base<\/span><\/a><\/li>\n<li><a class=\"download file\" href=\"https:\/\/www.haveverwarming.nl\/productpdf\/download\/file\/id\/2271\/name\/Wanders_Mata_Base_Oval.pdf\/\" target=\"_blank\"><span>T\u00e9l\u00e9charger la fiche technique<\/span><\/a><\/li>\n<\/ul>","protected":false},"excerpt":{"rendered":"<p>Wanders Mata Round Base Deze&nbsp;Wanders Mata Round Base is een ovale, vrijstaande houtkachel op een poot. De ronde vormen geven de kachel een moderne, unieke uitstraling en dat maakt het een prachtige kachel voor het middelpunt van uw huis. Door het feit dat er een strakke poot onder de kachel is gevestigd, ontstaat er een [&hellip;]<\/p>\n","protected":false},"featured_media":95370,"comment_status":"open","ping_status":"closed","template":"","meta":{"_acf_changed":false},"product_brand":[],"product_cat":[1092],"product_tag":[],"class_list":{"0":"post-53041","1":"product","2":"type-product","3":"status-publish","4":"has-post-thumbnail","6":"product_cat-vrijstaande-houtkachels","8":"first","9":"instock","10":"taxable","11":"shipping-taxable","12":"purchasable","13":"product-type-simple"},"acf":[],"yoast_head":"<!-- This site is optimized with the Yoast SEO plugin v27.5 - https:\/\/yoast.com\/product\/yoast-seo-wordpress\/ -->\n<title>Wanders Mata Base Oval &#8211; Bula Outdoor<\/title>\n<meta name=\"robots\" content=\"index, follow, max-snippet:-1, max-image-preview:large, max-video-preview:-1\" \/>\n<link rel=\"canonical\" href=\"https:\/\/bulaoutdoor.nl\/fr\/produit\/wanders-mata-round-base\/\" \/>\n<meta property=\"og:locale\" content=\"fr_FR\" \/>\n<meta property=\"og:type\" content=\"article\" \/>\n<meta property=\"og:title\" content=\"Wanders Mata Base Oval &#8211; Bula Outdoor\" \/>\n<meta property=\"og:description\" content=\"Wanders Mata Round Base Deze&nbsp;Wanders Mata Round Base is een ovale, vrijstaande houtkachel op een poot. De ronde vormen geven de kachel een moderne, unieke uitstraling en dat maakt het een prachtige kachel voor het middelpunt van uw huis. Door het feit dat er een strakke poot onder de kachel is gevestigd, ontstaat er een [&hellip;]\" \/>\n<meta property=\"og:url\" content=\"https:\/\/bulaoutdoor.nl\/fr\/produit\/wanders-mata-round-base\/\" \/>\n<meta property=\"og:site_name\" content=\"Bula Outdoor\" \/>\n<meta property=\"article:modified_time\" content=\"2026-04-27T05:06:37+00:00\" \/>\n<meta property=\"og:image\" content=\"https:\/\/bulaoutdoor.nl\/wp-content\/uploads\/2024\/10\/mata_round_base.jpg\" \/>\n\t<meta property=\"og:image:width\" content=\"1000\" \/>\n\t<meta property=\"og:image:height\" content=\"1000\" \/>\n\t<meta property=\"og:image:type\" content=\"image\/jpeg\" \/>\n<meta name=\"twitter:card\" content=\"summary_large_image\" \/>\n<meta name=\"twitter:label1\" content=\"Dur\u00e9e de lecture estim\u00e9e\" \/>\n\t<meta name=\"twitter:data1\" content=\"1 minute\" \/>\n<script type=\"application\/ld+json\" class=\"yoast-schema-graph\">{\"@context\":\"https:\\\/\\\/schema.org\",\"@graph\":[{\"@type\":\"WebPage\",\"@id\":\"https:\\\/\\\/bulaoutdoor.nl\\\/product\\\/wanders-mata-round-base\\\/\",\"url\":\"https:\\\/\\\/bulaoutdoor.nl\\\/product\\\/wanders-mata-round-base\\\/\",\"name\":\"Wanders Mata Base Oval &#8211; Bula Outdoor\",\"isPartOf\":{\"@id\":\"https:\\\/\\\/bulaoutdoor.nl\\\/#website\"},\"primaryImageOfPage\":{\"@id\":\"https:\\\/\\\/bulaoutdoor.nl\\\/product\\\/wanders-mata-round-base\\\/#primaryimage\"},\"image\":{\"@id\":\"https:\\\/\\\/bulaoutdoor.nl\\\/product\\\/wanders-mata-round-base\\\/#primaryimage\"},\"thumbnailUrl\":\"https:\\\/\\\/bulaoutdoor.nl\\\/wp-content\\\/uploads\\\/2024\\\/10\\\/mata_round_base.jpg\",\"datePublished\":\"2024-10-21T11:50:40+00:00\",\"dateModified\":\"2026-04-27T05:06:37+00:00\",\"breadcrumb\":{\"@id\":\"https:\\\/\\\/bulaoutdoor.nl\\\/product\\\/wanders-mata-round-base\\\/#breadcrumb\"},\"inLanguage\":\"fr-FR\",\"potentialAction\":[{\"@type\":\"ReadAction\",\"target\":[\"https:\\\/\\\/bulaoutdoor.nl\\\/product\\\/wanders-mata-round-base\\\/\"]}]},{\"@type\":\"ImageObject\",\"inLanguage\":\"fr-FR\",\"@id\":\"https:\\\/\\\/bulaoutdoor.nl\\\/product\\\/wanders-mata-round-base\\\/#primaryimage\",\"url\":\"https:\\\/\\\/bulaoutdoor.nl\\\/wp-content\\\/uploads\\\/2024\\\/10\\\/mata_round_base.jpg\",\"contentUrl\":\"https:\\\/\\\/bulaoutdoor.nl\\\/wp-content\\\/uploads\\\/2024\\\/10\\\/mata_round_base.jpg\",\"width\":1000,\"height\":1000,\"caption\":\"wanders-mata-base-oval-thumbnail\"},{\"@type\":\"BreadcrumbList\",\"@id\":\"https:\\\/\\\/bulaoutdoor.nl\\\/product\\\/wanders-mata-round-base\\\/#breadcrumb\",\"itemListElement\":[{\"@type\":\"ListItem\",\"position\":1,\"name\":\"Home\",\"item\":\"https:\\\/\\\/bulaoutdoor.nl\\\/\"},{\"@type\":\"ListItem\",\"position\":2,\"name\":\"Online BBQ kopen\",\"item\":\"https:\\\/\\\/bulaoutdoor.nl\\\/\"},{\"@type\":\"ListItem\",\"position\":3,\"name\":\"Wanders Mata Base Oval\"}]},{\"@type\":\"WebSite\",\"@id\":\"https:\\\/\\\/bulaoutdoor.nl\\\/#website\",\"url\":\"https:\\\/\\\/bulaoutdoor.nl\\\/\",\"name\":\"Bula Outdoor\",\"description\":\"Voor uw buitenhaard, BBQ, tuinfakkel en houtoven\",\"publisher\":{\"@id\":\"https:\\\/\\\/bulaoutdoor.nl\\\/#organization\"},\"potentialAction\":[{\"@type\":\"SearchAction\",\"target\":{\"@type\":\"EntryPoint\",\"urlTemplate\":\"https:\\\/\\\/bulaoutdoor.nl\\\/?s={search_term_string}\"},\"query-input\":{\"@type\":\"PropertyValueSpecification\",\"valueRequired\":true,\"valueName\":\"search_term_string\"}}],\"inLanguage\":\"fr-FR\"},{\"@type\":\"Organization\",\"@id\":\"https:\\\/\\\/bulaoutdoor.nl\\\/#organization\",\"name\":\"Bula Outdoor\",\"url\":\"https:\\\/\\\/bulaoutdoor.nl\\\/\",\"logo\":{\"@type\":\"ImageObject\",\"inLanguage\":\"fr-FR\",\"@id\":\"https:\\\/\\\/bulaoutdoor.nl\\\/#\\\/schema\\\/logo\\\/image\\\/\",\"url\":\"https:\\\/\\\/www.bulaoutdoor.nl\\\/wp-content\\\/uploads\\\/2018\\\/04\\\/bulaoutdoor-logo.png\",\"contentUrl\":\"https:\\\/\\\/www.bulaoutdoor.nl\\\/wp-content\\\/uploads\\\/2018\\\/04\\\/bulaoutdoor-logo.png\",\"width\":324,\"height\":91,\"caption\":\"Bula Outdoor\"},\"image\":{\"@id\":\"https:\\\/\\\/bulaoutdoor.nl\\\/#\\\/schema\\\/logo\\\/image\\\/\"}}]}<\/script>\n<!-- \/ Yoast SEO plugin. -->","yoast_head_json":{"title":"Wanders Mata Base Oval - Bula Outdoor","robots":{"index":"index","follow":"follow","max-snippet":"max-snippet:-1","max-image-preview":"max-image-preview:large","max-video-preview":"max-video-preview:-1"},"canonical":"https:\/\/bulaoutdoor.nl\/fr\/produit\/wanders-mata-round-base\/","og_locale":"fr_FR","og_type":"article","og_title":"Wanders Mata Base Oval &#8211; Bula Outdoor","og_description":"Wanders Mata Round Base Deze&nbsp;Wanders Mata Round Base is een ovale, vrijstaande houtkachel op een poot. De ronde vormen geven de kachel een moderne, unieke uitstraling en dat maakt het een prachtige kachel voor het middelpunt van uw huis. Door het feit dat er een strakke poot onder de kachel is gevestigd, ontstaat er een [&hellip;]","og_url":"https:\/\/bulaoutdoor.nl\/fr\/produit\/wanders-mata-round-base\/","og_site_name":"Bula Outdoor","article_modified_time":"2026-04-27T05:06:37+00:00","og_image":[{"width":1000,"height":1000,"url":"https:\/\/bulaoutdoor.nl\/wp-content\/uploads\/2024\/10\/mata_round_base.jpg","type":"image\/jpeg"}],"twitter_card":"summary_large_image","twitter_misc":{"Dur\u00e9e de lecture estim\u00e9e":"1 minute"},"schema":{"@context":"https:\/\/schema.org","@graph":[{"@type":"WebPage","@id":"https:\/\/bulaoutdoor.nl\/product\/wanders-mata-round-base\/","url":"https:\/\/bulaoutdoor.nl\/product\/wanders-mata-round-base\/","name":"Wanders Mata Base Oval - Bula Outdoor","isPartOf":{"@id":"https:\/\/bulaoutdoor.nl\/#website"},"primaryImageOfPage":{"@id":"https:\/\/bulaoutdoor.nl\/product\/wanders-mata-round-base\/#primaryimage"},"image":{"@id":"https:\/\/bulaoutdoor.nl\/product\/wanders-mata-round-base\/#primaryimage"},"thumbnailUrl":"https:\/\/bulaoutdoor.nl\/wp-content\/uploads\/2024\/10\/mata_round_base.jpg","datePublished":"2024-10-21T11:50:40+00:00","dateModified":"2026-04-27T05:06:37+00:00","breadcrumb":{"@id":"https:\/\/bulaoutdoor.nl\/product\/wanders-mata-round-base\/#breadcrumb"},"inLanguage":"fr-FR","potentialAction":[{"@type":"ReadAction","target":["https:\/\/bulaoutdoor.nl\/product\/wanders-mata-round-base\/"]}]},{"@type":"ImageObject","inLanguage":"fr-FR","@id":"https:\/\/bulaoutdoor.nl\/product\/wanders-mata-round-base\/#primaryimage","url":"https:\/\/bulaoutdoor.nl\/wp-content\/uploads\/2024\/10\/mata_round_base.jpg","contentUrl":"https:\/\/bulaoutdoor.nl\/wp-content\/uploads\/2024\/10\/mata_round_base.jpg","width":1000,"height":1000,"caption":"wanders-mata-base-oval-thumbnail"},{"@type":"BreadcrumbList","@id":"https:\/\/bulaoutdoor.nl\/product\/wanders-mata-round-base\/#breadcrumb","itemListElement":[{"@type":"ListItem","position":1,"name":"Home","item":"https:\/\/bulaoutdoor.nl\/"},{"@type":"ListItem","position":2,"name":"Online BBQ kopen","item":"https:\/\/bulaoutdoor.nl\/"},{"@type":"ListItem","position":3,"name":"Wanders Mata Base Oval"}]},{"@type":"WebSite","@id":"https:\/\/bulaoutdoor.nl\/#website","url":"https:\/\/bulaoutdoor.nl\/","name":"Bula Outdoor","description":"Pour votre chemin\u00e9e ext\u00e9rieure, votre barbecue, votre torche de jardin et votre four \u00e0 bois","publisher":{"@id":"https:\/\/bulaoutdoor.nl\/#organization"},"potentialAction":[{"@type":"SearchAction","target":{"@type":"EntryPoint","urlTemplate":"https:\/\/bulaoutdoor.nl\/?s={search_term_string}"},"query-input":{"@type":"PropertyValueSpecification","valueRequired":true,"valueName":"search_term_string"}}],"inLanguage":"fr-FR"},{"@type":"Organization","@id":"https:\/\/bulaoutdoor.nl\/#organization","name":"Bula Outdoor","url":"https:\/\/bulaoutdoor.nl\/","logo":{"@type":"ImageObject","inLanguage":"fr-FR","@id":"https:\/\/bulaoutdoor.nl\/#\/schema\/logo\/image\/","url":"https:\/\/www.bulaoutdoor.nl\/wp-content\/uploads\/2018\/04\/bulaoutdoor-logo.png","contentUrl":"https:\/\/www.bulaoutdoor.nl\/wp-content\/uploads\/2018\/04\/bulaoutdoor-logo.png","width":324,"height":91,"caption":"Bula Outdoor"},"image":{"@id":"https:\/\/bulaoutdoor.nl\/#\/schema\/logo\/image\/"}}]}},"jetpack_sharing_enabled":true,"_links":{"self":[{"href":"https:\/\/bulaoutdoor.nl\/fr\/wp-json\/wp\/v2\/product\/53041","targetHints":{"allow":["GET"]}}],"collection":[{"href":"https:\/\/bulaoutdoor.nl\/fr\/wp-json\/wp\/v2\/product"}],"about":[{"href":"https:\/\/bulaoutdoor.nl\/fr\/wp-json\/wp\/v2\/types\/product"}],"replies":[{"embeddable":true,"href":"https:\/\/bulaoutdoor.nl\/fr\/wp-json\/wp\/v2\/comments?post=53041"}],"wp:featuredmedia":[{"embeddable":true,"href":"https:\/\/bulaoutdoor.nl\/fr\/wp-json\/wp\/v2\/media\/95370"}],"wp:attachment":[{"href":"https:\/\/bulaoutdoor.nl\/fr\/wp-json\/wp\/v2\/media?parent=53041"}],"wp:term":[{"taxonomy":"product_brand","embeddable":true,"href":"https:\/\/bulaoutdoor.nl\/fr\/wp-json\/wp\/v2\/product_brand?post=53041"},{"taxonomy":"product_cat","embeddable":true,"href":"https:\/\/bulaoutdoor.nl\/fr\/wp-json\/wp\/v2\/product_cat?post=53041"},{"taxonomy":"product_tag","embeddable":true,"href":"https:\/\/bulaoutdoor.nl\/fr\/wp-json\/wp\/v2\/product_tag?post=53041"}],"curies":[{"name":"wp","href":"https:\/\/api.w.org\/{rel}","templated":true}]}}