{"id":532,"date":"2018-05-27T09:22:44","date_gmt":"2018-05-27T09:22:44","guid":{"rendered":"http:\/\/www.bulaoutdoor.nl\/product\/import-placeholder-for-41\/"},"modified":"2025-05-19T13:52:53","modified_gmt":"2025-05-19T13:52:53","slug":"chariot-avec-panier-en-acier-inoxydable-tables-dappoint-ovales-lg-o-xl","status":"publish","type":"product","link":"https:\/\/bulaoutdoor.nl\/fr\/product\/trolley-met-mand-incl-rvs-zijtafels-oval-lg-o-xl\/","title":{"rendered":"Chariot avec panier comprenant des tables lat\u00e9rales en acier inoxydable Oval LG O\/XL"},"content":{"rendered":"<p>Chariot en m\u00e9tal avec panier et tables d'appoint en acier inoxydable Notre table la plus solide et la plus durable. Sa base sert de chariot universel pour nos plateaux et nos tables d'appoint. \u00df\u00e9tabli pour : XL 400, LG 300, JR 200 (photo avec XL400)<\/p>","protected":false},"excerpt":{"rendered":"<p>Chariot avec panier comprenant des tables lat\u00e9rales en acier inoxydable Oval LG O\/XL<\/p>","protected":false},"featured_media":559,"comment_status":"open","ping_status":"closed","template":"","meta":{"_acf_changed":false},"product_brand":[],"product_cat":[25],"product_tag":[],"class_list":{"0":"post-532","1":"product","2":"type-product","3":"status-publish","4":"has-post-thumbnail","6":"product_cat-primo-grill-en-smoker","8":"first","9":"instock","10":"taxable","11":"shipping-taxable","12":"purchasable","13":"product-type-simple"},"acf":[],"yoast_head":"<!-- This site is optimized with the Yoast SEO plugin v27.4 - https:\/\/yoast.com\/product\/yoast-seo-wordpress\/ -->\n<title>Trolley met mand incl. RVS zijtafels Oval LG O\/XL &#8211; Bula Outdoor<\/title>\n<meta name=\"robots\" content=\"index, follow, max-snippet:-1, max-image-preview:large, max-video-preview:-1\" \/>\n<link rel=\"canonical\" href=\"https:\/\/bulaoutdoor.nl\/fr\/produit\/chariot-avec-panier-en-acier-inoxydable-tables-dappoint-ovales-lg-o-xl\/\" \/>\n<meta property=\"og:locale\" content=\"fr_FR\" \/>\n<meta property=\"og:type\" content=\"article\" \/>\n<meta property=\"og:title\" content=\"Trolley met mand incl. RVS zijtafels Oval LG O\/XL &#8211; Bula Outdoor\" \/>\n<meta property=\"og:description\" content=\"Trolley met mand incl. RVS zijtafels Oval LG O\/XL\" \/>\n<meta property=\"og:url\" content=\"https:\/\/bulaoutdoor.nl\/fr\/produit\/chariot-avec-panier-en-acier-inoxydable-tables-dappoint-ovales-lg-o-xl\/\" \/>\n<meta property=\"og:site_name\" content=\"Bula Outdoor\" \/>\n<meta property=\"article:modified_time\" content=\"2025-05-19T13:52:53+00:00\" \/>\n<meta property=\"og:image\" content=\"https:\/\/bulaoutdoor.nl\/wp-content\/uploads\/2018\/05\/trolley-met-mand-incl-rvs-zijtafels-oval-lg-o-xl_3559_1_G.jpg\" \/>\n\t<meta property=\"og:image:width\" content=\"800\" \/>\n\t<meta property=\"og:image:height\" content=\"533\" \/>\n\t<meta property=\"og:image:type\" content=\"image\/jpeg\" \/>\n<meta name=\"twitter:card\" content=\"summary_large_image\" \/>\n<script type=\"application\/ld+json\" class=\"yoast-schema-graph\">{\"@context\":\"https:\\\/\\\/schema.org\",\"@graph\":[{\"@type\":\"WebPage\",\"@id\":\"https:\\\/\\\/bulaoutdoor.nl\\\/product\\\/trolley-met-mand-incl-rvs-zijtafels-oval-lg-o-xl\\\/\",\"url\":\"https:\\\/\\\/bulaoutdoor.nl\\\/product\\\/trolley-met-mand-incl-rvs-zijtafels-oval-lg-o-xl\\\/\",\"name\":\"Trolley met mand incl. RVS zijtafels Oval LG O\\\/XL &#8211; Bula Outdoor\",\"isPartOf\":{\"@id\":\"https:\\\/\\\/bulaoutdoor.nl\\\/#website\"},\"primaryImageOfPage\":{\"@id\":\"https:\\\/\\\/bulaoutdoor.nl\\\/product\\\/trolley-met-mand-incl-rvs-zijtafels-oval-lg-o-xl\\\/#primaryimage\"},\"image\":{\"@id\":\"https:\\\/\\\/bulaoutdoor.nl\\\/product\\\/trolley-met-mand-incl-rvs-zijtafels-oval-lg-o-xl\\\/#primaryimage\"},\"thumbnailUrl\":\"https:\\\/\\\/bulaoutdoor.nl\\\/wp-content\\\/uploads\\\/2018\\\/05\\\/trolley-met-mand-incl-rvs-zijtafels-oval-lg-o-xl_3559_1_G.jpg\",\"datePublished\":\"2018-05-27T09:22:44+00:00\",\"dateModified\":\"2025-05-19T13:52:53+00:00\",\"breadcrumb\":{\"@id\":\"https:\\\/\\\/bulaoutdoor.nl\\\/product\\\/trolley-met-mand-incl-rvs-zijtafels-oval-lg-o-xl\\\/#breadcrumb\"},\"inLanguage\":\"fr-FR\",\"potentialAction\":[{\"@type\":\"ReadAction\",\"target\":[\"https:\\\/\\\/bulaoutdoor.nl\\\/product\\\/trolley-met-mand-incl-rvs-zijtafels-oval-lg-o-xl\\\/\"]}]},{\"@type\":\"ImageObject\",\"inLanguage\":\"fr-FR\",\"@id\":\"https:\\\/\\\/bulaoutdoor.nl\\\/product\\\/trolley-met-mand-incl-rvs-zijtafels-oval-lg-o-xl\\\/#primaryimage\",\"url\":\"https:\\\/\\\/bulaoutdoor.nl\\\/wp-content\\\/uploads\\\/2018\\\/05\\\/trolley-met-mand-incl-rvs-zijtafels-oval-lg-o-xl_3559_1_G.jpg\",\"contentUrl\":\"https:\\\/\\\/bulaoutdoor.nl\\\/wp-content\\\/uploads\\\/2018\\\/05\\\/trolley-met-mand-incl-rvs-zijtafels-oval-lg-o-xl_3559_1_G.jpg\",\"width\":800,\"height\":533},{\"@type\":\"BreadcrumbList\",\"@id\":\"https:\\\/\\\/bulaoutdoor.nl\\\/product\\\/trolley-met-mand-incl-rvs-zijtafels-oval-lg-o-xl\\\/#breadcrumb\",\"itemListElement\":[{\"@type\":\"ListItem\",\"position\":1,\"name\":\"Home\",\"item\":\"https:\\\/\\\/bulaoutdoor.nl\\\/\"},{\"@type\":\"ListItem\",\"position\":2,\"name\":\"Online BBQ kopen\",\"item\":\"https:\\\/\\\/bulaoutdoor.nl\\\/\"},{\"@type\":\"ListItem\",\"position\":3,\"name\":\"Trolley met mand incl. RVS zijtafels Oval LG O\\\/XL\"}]},{\"@type\":\"WebSite\",\"@id\":\"https:\\\/\\\/bulaoutdoor.nl\\\/#website\",\"url\":\"https:\\\/\\\/bulaoutdoor.nl\\\/\",\"name\":\"Bula Outdoor\",\"description\":\"Voor uw buitenhaard, BBQ, tuinfakkel en houtoven\",\"publisher\":{\"@id\":\"https:\\\/\\\/bulaoutdoor.nl\\\/#organization\"},\"potentialAction\":[{\"@type\":\"SearchAction\",\"target\":{\"@type\":\"EntryPoint\",\"urlTemplate\":\"https:\\\/\\\/bulaoutdoor.nl\\\/?s={search_term_string}\"},\"query-input\":{\"@type\":\"PropertyValueSpecification\",\"valueRequired\":true,\"valueName\":\"search_term_string\"}}],\"inLanguage\":\"fr-FR\"},{\"@type\":\"Organization\",\"@id\":\"https:\\\/\\\/bulaoutdoor.nl\\\/#organization\",\"name\":\"Bula Outdoor\",\"url\":\"https:\\\/\\\/bulaoutdoor.nl\\\/\",\"logo\":{\"@type\":\"ImageObject\",\"inLanguage\":\"fr-FR\",\"@id\":\"https:\\\/\\\/bulaoutdoor.nl\\\/#\\\/schema\\\/logo\\\/image\\\/\",\"url\":\"https:\\\/\\\/www.bulaoutdoor.nl\\\/wp-content\\\/uploads\\\/2018\\\/04\\\/bulaoutdoor-logo.png\",\"contentUrl\":\"https:\\\/\\\/www.bulaoutdoor.nl\\\/wp-content\\\/uploads\\\/2018\\\/04\\\/bulaoutdoor-logo.png\",\"width\":324,\"height\":91,\"caption\":\"Bula Outdoor\"},\"image\":{\"@id\":\"https:\\\/\\\/bulaoutdoor.nl\\\/#\\\/schema\\\/logo\\\/image\\\/\"}}]}<\/script>\n<!-- \/ Yoast SEO plugin. -->","yoast_head_json":{"title":"Chariot avec panier et tables d'appoint en acier inoxydable Oval LG O\/XL - Bula Outdoor","robots":{"index":"index","follow":"follow","max-snippet":"max-snippet:-1","max-image-preview":"max-image-preview:large","max-video-preview":"max-video-preview:-1"},"canonical":"https:\/\/bulaoutdoor.nl\/fr\/produit\/chariot-avec-panier-en-acier-inoxydable-tables-dappoint-ovales-lg-o-xl\/","og_locale":"fr_FR","og_type":"article","og_title":"Trolley met mand incl. RVS zijtafels Oval LG O\/XL &#8211; Bula Outdoor","og_description":"Trolley met mand incl. RVS zijtafels Oval LG O\/XL","og_url":"https:\/\/bulaoutdoor.nl\/fr\/produit\/chariot-avec-panier-en-acier-inoxydable-tables-dappoint-ovales-lg-o-xl\/","og_site_name":"Bula Outdoor","article_modified_time":"2025-05-19T13:52:53+00:00","og_image":[{"width":800,"height":533,"url":"https:\/\/bulaoutdoor.nl\/wp-content\/uploads\/2018\/05\/trolley-met-mand-incl-rvs-zijtafels-oval-lg-o-xl_3559_1_G.jpg","type":"image\/jpeg"}],"twitter_card":"summary_large_image","schema":{"@context":"https:\/\/schema.org","@graph":[{"@type":"WebPage","@id":"https:\/\/bulaoutdoor.nl\/product\/trolley-met-mand-incl-rvs-zijtafels-oval-lg-o-xl\/","url":"https:\/\/bulaoutdoor.nl\/product\/trolley-met-mand-incl-rvs-zijtafels-oval-lg-o-xl\/","name":"Chariot avec panier et tables d'appoint en acier inoxydable Oval LG O\/XL - Bula Outdoor","isPartOf":{"@id":"https:\/\/bulaoutdoor.nl\/#website"},"primaryImageOfPage":{"@id":"https:\/\/bulaoutdoor.nl\/product\/trolley-met-mand-incl-rvs-zijtafels-oval-lg-o-xl\/#primaryimage"},"image":{"@id":"https:\/\/bulaoutdoor.nl\/product\/trolley-met-mand-incl-rvs-zijtafels-oval-lg-o-xl\/#primaryimage"},"thumbnailUrl":"https:\/\/bulaoutdoor.nl\/wp-content\/uploads\/2018\/05\/trolley-met-mand-incl-rvs-zijtafels-oval-lg-o-xl_3559_1_G.jpg","datePublished":"2018-05-27T09:22:44+00:00","dateModified":"2025-05-19T13:52:53+00:00","breadcrumb":{"@id":"https:\/\/bulaoutdoor.nl\/product\/trolley-met-mand-incl-rvs-zijtafels-oval-lg-o-xl\/#breadcrumb"},"inLanguage":"fr-FR","potentialAction":[{"@type":"ReadAction","target":["https:\/\/bulaoutdoor.nl\/product\/trolley-met-mand-incl-rvs-zijtafels-oval-lg-o-xl\/"]}]},{"@type":"ImageObject","inLanguage":"fr-FR","@id":"https:\/\/bulaoutdoor.nl\/product\/trolley-met-mand-incl-rvs-zijtafels-oval-lg-o-xl\/#primaryimage","url":"https:\/\/bulaoutdoor.nl\/wp-content\/uploads\/2018\/05\/trolley-met-mand-incl-rvs-zijtafels-oval-lg-o-xl_3559_1_G.jpg","contentUrl":"https:\/\/bulaoutdoor.nl\/wp-content\/uploads\/2018\/05\/trolley-met-mand-incl-rvs-zijtafels-oval-lg-o-xl_3559_1_G.jpg","width":800,"height":533},{"@type":"BreadcrumbList","@id":"https:\/\/bulaoutdoor.nl\/product\/trolley-met-mand-incl-rvs-zijtafels-oval-lg-o-xl\/#breadcrumb","itemListElement":[{"@type":"ListItem","position":1,"name":"Home","item":"https:\/\/bulaoutdoor.nl\/"},{"@type":"ListItem","position":2,"name":"Online BBQ kopen","item":"https:\/\/bulaoutdoor.nl\/"},{"@type":"ListItem","position":3,"name":"Trolley met mand incl. RVS zijtafels Oval LG O\/XL"}]},{"@type":"WebSite","@id":"https:\/\/bulaoutdoor.nl\/#website","url":"https:\/\/bulaoutdoor.nl\/","name":"Bula Outdoor","description":"Pour votre chemin\u00e9e ext\u00e9rieure, votre barbecue, votre torche de jardin et votre four \u00e0 bois","publisher":{"@id":"https:\/\/bulaoutdoor.nl\/#organization"},"potentialAction":[{"@type":"SearchAction","target":{"@type":"EntryPoint","urlTemplate":"https:\/\/bulaoutdoor.nl\/?s={search_term_string}"},"query-input":{"@type":"PropertyValueSpecification","valueRequired":true,"valueName":"search_term_string"}}],"inLanguage":"fr-FR"},{"@type":"Organization","@id":"https:\/\/bulaoutdoor.nl\/#organization","name":"Bula Outdoor","url":"https:\/\/bulaoutdoor.nl\/","logo":{"@type":"ImageObject","inLanguage":"fr-FR","@id":"https:\/\/bulaoutdoor.nl\/#\/schema\/logo\/image\/","url":"https:\/\/www.bulaoutdoor.nl\/wp-content\/uploads\/2018\/04\/bulaoutdoor-logo.png","contentUrl":"https:\/\/www.bulaoutdoor.nl\/wp-content\/uploads\/2018\/04\/bulaoutdoor-logo.png","width":324,"height":91,"caption":"Bula Outdoor"},"image":{"@id":"https:\/\/bulaoutdoor.nl\/#\/schema\/logo\/image\/"}}]}},"jetpack_sharing_enabled":true,"_links":{"self":[{"href":"https:\/\/bulaoutdoor.nl\/fr\/wp-json\/wp\/v2\/product\/532","targetHints":{"allow":["GET"]}}],"collection":[{"href":"https:\/\/bulaoutdoor.nl\/fr\/wp-json\/wp\/v2\/product"}],"about":[{"href":"https:\/\/bulaoutdoor.nl\/fr\/wp-json\/wp\/v2\/types\/product"}],"replies":[{"embeddable":true,"href":"https:\/\/bulaoutdoor.nl\/fr\/wp-json\/wp\/v2\/comments?post=532"}],"wp:featuredmedia":[{"embeddable":true,"href":"https:\/\/bulaoutdoor.nl\/fr\/wp-json\/wp\/v2\/media\/559"}],"wp:attachment":[{"href":"https:\/\/bulaoutdoor.nl\/fr\/wp-json\/wp\/v2\/media?parent=532"}],"wp:term":[{"taxonomy":"product_brand","embeddable":true,"href":"https:\/\/bulaoutdoor.nl\/fr\/wp-json\/wp\/v2\/product_brand?post=532"},{"taxonomy":"product_cat","embeddable":true,"href":"https:\/\/bulaoutdoor.nl\/fr\/wp-json\/wp\/v2\/product_cat?post=532"},{"taxonomy":"product_tag","embeddable":true,"href":"https:\/\/bulaoutdoor.nl\/fr\/wp-json\/wp\/v2\/product_tag?post=532"}],"curies":[{"name":"wp","href":"https:\/\/api.w.org\/{rel}","templated":true}]}}