{"id":56119,"date":"2024-12-20T18:20:28","date_gmt":"2024-12-20T18:20:28","guid":{"rendered":"https:\/\/bulaoutdoor.nl\/?post_type=product&#038;p=56119"},"modified":"2026-02-16T20:44:13","modified_gmt":"2026-02-16T20:44:13","slug":"couteau-a-desosser-sebra-forge","status":"publish","type":"product","link":"https:\/\/bulaoutdoor.nl\/fr\/product\/forged-sebra-uitbeenmes\/","title":{"rendered":"Couteau \u00e0 d\u00e9sosser Sebra forg\u00e9"},"content":{"rendered":"<h2>\u00a0Couteau \u00e0 d\u00e9sosser Sebra forg\u00e9<\/h2>\n<p>La s\u00e9rie Sebra de Forged se distingue au sein de la marque. Ces couteaux se distinguent agr\u00e9ablement par l'utilisation d'un bois fonc\u00e9 pour le manche. Le manche en bois fonc\u00e9 d\u00e9gage une combinaison parfaite de chaleur et d'\u00e9l\u00e9gance.<\/p>\n<h2>Designs Chic<\/h2>\n<p>Ce qui rend la s\u00e9rie Sebra Forged vraiment sp\u00e9ciale, c'est son look chic. La combinaison de la lame martel\u00e9e avec le subtil d\u00e9tail rouge de la t\u00eate donne \u00e0 cette s\u00e9rie de couteaux un aspect luxueux et cool. C'est l'esth\u00e9tique qui enrichira absolument votre cuisine.<\/p>\n<h2>Un must pour les amateurs de cuisine<\/h2>\n<p>En bref, avec Sebra Forged, vous apportez \u00e0 la maison un produit \u00e9l\u00e9gant et fonctionnel qui peut \u00eatre vu. Parfait pour le cuisinier amateur qui appr\u00e9cie la qualit\u00e9 et le design.<\/p>","protected":false},"excerpt":{"rendered":"<p>\u00a0Forged Sebra uitbeenmes De Sebra serie van Forged is een opvallende verschijning binnen het merk. Deze messen onderscheiden zich op een aangename manier door het gebruik van een donkere houtsoort voor het heft. Het donkerhouten heft straalt een perfecte combinatie van warmte en elegantie uit. Chique Ontwerpen Wat de Sebra Forged serie echt bijzonder maakt, [&hellip;]<\/p>\n","protected":false},"featured_media":56120,"comment_status":"open","ping_status":"closed","template":"","meta":{"_acf_changed":false},"product_brand":[],"product_cat":[15,1448],"product_tag":[216,214,213,1412],"class_list":{"0":"post-56119","1":"product","2":"type-product","3":"status-publish","4":"has-post-thumbnail","6":"product_cat-forged-messen","7":"product_cat-uitverkoop","8":"product_tag-forged","9":"product_tag-japans-staal","10":"product_tag-mes","11":"product_tag-uitbeenmes","13":"first","14":"instock","15":"sale","16":"taxable","17":"shipping-taxable","18":"purchasable","19":"product-type-simple"},"acf":[],"yoast_head":"<!-- This site is optimized with the Yoast SEO plugin v27.5 - https:\/\/yoast.com\/product\/yoast-seo-wordpress\/ -->\n<title>Forged Sebra uitbeenmes &#8211; Bula Outdoor<\/title>\n<meta name=\"robots\" content=\"index, follow, max-snippet:-1, max-image-preview:large, max-video-preview:-1\" \/>\n<link rel=\"canonical\" href=\"https:\/\/bulaoutdoor.nl\/fr\/produit\/couteau-a-desosser-sebra-forge\/\" \/>\n<meta property=\"og:locale\" content=\"fr_FR\" \/>\n<meta property=\"og:type\" content=\"article\" \/>\n<meta property=\"og:title\" content=\"Forged Sebra uitbeenmes &#8211; Bula Outdoor\" \/>\n<meta property=\"og:description\" content=\"\u00a0Forged Sebra uitbeenmes De Sebra serie van Forged is een opvallende verschijning binnen het merk. Deze messen onderscheiden zich op een aangename manier door het gebruik van een donkere houtsoort voor het heft. Het donkerhouten heft straalt een perfecte combinatie van warmte en elegantie uit. Chique Ontwerpen Wat de Sebra Forged serie echt bijzonder maakt, [&hellip;]\" \/>\n<meta property=\"og:url\" content=\"https:\/\/bulaoutdoor.nl\/fr\/produit\/couteau-a-desosser-sebra-forge\/\" \/>\n<meta property=\"og:site_name\" content=\"Bula Outdoor\" \/>\n<meta property=\"article:modified_time\" content=\"2026-02-16T20:44:13+00:00\" \/>\n<meta property=\"og:image\" content=\"https:\/\/bulaoutdoor.nl\/wp-content\/uploads\/2024\/12\/sebrauitbeen-bula-outdoor-1.webp\" \/>\n\t<meta property=\"og:image:width\" content=\"1000\" \/>\n\t<meta property=\"og:image:height\" content=\"1000\" \/>\n\t<meta property=\"og:image:type\" content=\"image\/webp\" \/>\n<meta name=\"twitter:card\" content=\"summary_large_image\" \/>\n<meta name=\"twitter:label1\" content=\"Dur\u00e9e de lecture estim\u00e9e\" \/>\n\t<meta name=\"twitter:data1\" content=\"1 minute\" \/>\n<script type=\"application\/ld+json\" class=\"yoast-schema-graph\">{\"@context\":\"https:\\\/\\\/schema.org\",\"@graph\":[{\"@type\":\"WebPage\",\"@id\":\"https:\\\/\\\/bulaoutdoor.nl\\\/product\\\/forged-sebra-uitbeenmes\\\/\",\"url\":\"https:\\\/\\\/bulaoutdoor.nl\\\/product\\\/forged-sebra-uitbeenmes\\\/\",\"name\":\"Forged Sebra uitbeenmes &#8211; Bula Outdoor\",\"isPartOf\":{\"@id\":\"https:\\\/\\\/bulaoutdoor.nl\\\/#website\"},\"primaryImageOfPage\":{\"@id\":\"https:\\\/\\\/bulaoutdoor.nl\\\/product\\\/forged-sebra-uitbeenmes\\\/#primaryimage\"},\"image\":{\"@id\":\"https:\\\/\\\/bulaoutdoor.nl\\\/product\\\/forged-sebra-uitbeenmes\\\/#primaryimage\"},\"thumbnailUrl\":\"https:\\\/\\\/bulaoutdoor.nl\\\/wp-content\\\/uploads\\\/2024\\\/12\\\/sebrauitbeen-bula-outdoor-1.webp\",\"datePublished\":\"2024-12-20T18:20:28+00:00\",\"dateModified\":\"2026-02-16T20:44:13+00:00\",\"breadcrumb\":{\"@id\":\"https:\\\/\\\/bulaoutdoor.nl\\\/product\\\/forged-sebra-uitbeenmes\\\/#breadcrumb\"},\"inLanguage\":\"fr-FR\",\"potentialAction\":[{\"@type\":\"ReadAction\",\"target\":[\"https:\\\/\\\/bulaoutdoor.nl\\\/product\\\/forged-sebra-uitbeenmes\\\/\"]}]},{\"@type\":\"ImageObject\",\"inLanguage\":\"fr-FR\",\"@id\":\"https:\\\/\\\/bulaoutdoor.nl\\\/product\\\/forged-sebra-uitbeenmes\\\/#primaryimage\",\"url\":\"https:\\\/\\\/bulaoutdoor.nl\\\/wp-content\\\/uploads\\\/2024\\\/12\\\/sebrauitbeen-bula-outdoor-1.webp\",\"contentUrl\":\"https:\\\/\\\/bulaoutdoor.nl\\\/wp-content\\\/uploads\\\/2024\\\/12\\\/sebrauitbeen-bula-outdoor-1.webp\",\"width\":1000,\"height\":1000,\"caption\":\"Forged Sebra uitbeenmes\"},{\"@type\":\"BreadcrumbList\",\"@id\":\"https:\\\/\\\/bulaoutdoor.nl\\\/product\\\/forged-sebra-uitbeenmes\\\/#breadcrumb\",\"itemListElement\":[{\"@type\":\"ListItem\",\"position\":1,\"name\":\"Home\",\"item\":\"https:\\\/\\\/bulaoutdoor.nl\\\/\"},{\"@type\":\"ListItem\",\"position\":2,\"name\":\"Online BBQ kopen\",\"item\":\"https:\\\/\\\/bulaoutdoor.nl\\\/\"},{\"@type\":\"ListItem\",\"position\":3,\"name\":\"Forged Sebra uitbeenmes\"}]},{\"@type\":\"WebSite\",\"@id\":\"https:\\\/\\\/bulaoutdoor.nl\\\/#website\",\"url\":\"https:\\\/\\\/bulaoutdoor.nl\\\/\",\"name\":\"Bula Outdoor\",\"description\":\"Voor uw buitenhaard, BBQ, tuinfakkel en houtoven\",\"publisher\":{\"@id\":\"https:\\\/\\\/bulaoutdoor.nl\\\/#organization\"},\"potentialAction\":[{\"@type\":\"SearchAction\",\"target\":{\"@type\":\"EntryPoint\",\"urlTemplate\":\"https:\\\/\\\/bulaoutdoor.nl\\\/?s={search_term_string}\"},\"query-input\":{\"@type\":\"PropertyValueSpecification\",\"valueRequired\":true,\"valueName\":\"search_term_string\"}}],\"inLanguage\":\"fr-FR\"},{\"@type\":\"Organization\",\"@id\":\"https:\\\/\\\/bulaoutdoor.nl\\\/#organization\",\"name\":\"Bula Outdoor\",\"url\":\"https:\\\/\\\/bulaoutdoor.nl\\\/\",\"logo\":{\"@type\":\"ImageObject\",\"inLanguage\":\"fr-FR\",\"@id\":\"https:\\\/\\\/bulaoutdoor.nl\\\/#\\\/schema\\\/logo\\\/image\\\/\",\"url\":\"https:\\\/\\\/www.bulaoutdoor.nl\\\/wp-content\\\/uploads\\\/2018\\\/04\\\/bulaoutdoor-logo.png\",\"contentUrl\":\"https:\\\/\\\/www.bulaoutdoor.nl\\\/wp-content\\\/uploads\\\/2018\\\/04\\\/bulaoutdoor-logo.png\",\"width\":324,\"height\":91,\"caption\":\"Bula Outdoor\"},\"image\":{\"@id\":\"https:\\\/\\\/bulaoutdoor.nl\\\/#\\\/schema\\\/logo\\\/image\\\/\"}}]}<\/script>\n<!-- \/ Yoast SEO plugin. -->","yoast_head_json":{"title":"Couteau \u00e0 d\u00e9sosser Sebra forg\u00e9 - Bula Outdoor","robots":{"index":"index","follow":"follow","max-snippet":"max-snippet:-1","max-image-preview":"max-image-preview:large","max-video-preview":"max-video-preview:-1"},"canonical":"https:\/\/bulaoutdoor.nl\/fr\/produit\/couteau-a-desosser-sebra-forge\/","og_locale":"fr_FR","og_type":"article","og_title":"Forged Sebra uitbeenmes &#8211; Bula Outdoor","og_description":"\u00a0Forged Sebra uitbeenmes De Sebra serie van Forged is een opvallende verschijning binnen het merk. Deze messen onderscheiden zich op een aangename manier door het gebruik van een donkere houtsoort voor het heft. Het donkerhouten heft straalt een perfecte combinatie van warmte en elegantie uit. Chique Ontwerpen Wat de Sebra Forged serie echt bijzonder maakt, [&hellip;]","og_url":"https:\/\/bulaoutdoor.nl\/fr\/produit\/couteau-a-desosser-sebra-forge\/","og_site_name":"Bula Outdoor","article_modified_time":"2026-02-16T20:44:13+00:00","og_image":[{"width":1000,"height":1000,"url":"https:\/\/bulaoutdoor.nl\/wp-content\/uploads\/2024\/12\/sebrauitbeen-bula-outdoor-1.webp","type":"image\/webp"}],"twitter_card":"summary_large_image","twitter_misc":{"Dur\u00e9e de lecture estim\u00e9e":"1 minute"},"schema":{"@context":"https:\/\/schema.org","@graph":[{"@type":"WebPage","@id":"https:\/\/bulaoutdoor.nl\/product\/forged-sebra-uitbeenmes\/","url":"https:\/\/bulaoutdoor.nl\/product\/forged-sebra-uitbeenmes\/","name":"Couteau \u00e0 d\u00e9sosser Sebra forg\u00e9 - Bula Outdoor","isPartOf":{"@id":"https:\/\/bulaoutdoor.nl\/#website"},"primaryImageOfPage":{"@id":"https:\/\/bulaoutdoor.nl\/product\/forged-sebra-uitbeenmes\/#primaryimage"},"image":{"@id":"https:\/\/bulaoutdoor.nl\/product\/forged-sebra-uitbeenmes\/#primaryimage"},"thumbnailUrl":"https:\/\/bulaoutdoor.nl\/wp-content\/uploads\/2024\/12\/sebrauitbeen-bula-outdoor-1.webp","datePublished":"2024-12-20T18:20:28+00:00","dateModified":"2026-02-16T20:44:13+00:00","breadcrumb":{"@id":"https:\/\/bulaoutdoor.nl\/product\/forged-sebra-uitbeenmes\/#breadcrumb"},"inLanguage":"fr-FR","potentialAction":[{"@type":"ReadAction","target":["https:\/\/bulaoutdoor.nl\/product\/forged-sebra-uitbeenmes\/"]}]},{"@type":"ImageObject","inLanguage":"fr-FR","@id":"https:\/\/bulaoutdoor.nl\/product\/forged-sebra-uitbeenmes\/#primaryimage","url":"https:\/\/bulaoutdoor.nl\/wp-content\/uploads\/2024\/12\/sebrauitbeen-bula-outdoor-1.webp","contentUrl":"https:\/\/bulaoutdoor.nl\/wp-content\/uploads\/2024\/12\/sebrauitbeen-bula-outdoor-1.webp","width":1000,"height":1000,"caption":"Forged Sebra uitbeenmes"},{"@type":"BreadcrumbList","@id":"https:\/\/bulaoutdoor.nl\/product\/forged-sebra-uitbeenmes\/#breadcrumb","itemListElement":[{"@type":"ListItem","position":1,"name":"Home","item":"https:\/\/bulaoutdoor.nl\/"},{"@type":"ListItem","position":2,"name":"Online BBQ kopen","item":"https:\/\/bulaoutdoor.nl\/"},{"@type":"ListItem","position":3,"name":"Forged Sebra uitbeenmes"}]},{"@type":"WebSite","@id":"https:\/\/bulaoutdoor.nl\/#website","url":"https:\/\/bulaoutdoor.nl\/","name":"Bula Outdoor","description":"Pour votre chemin\u00e9e ext\u00e9rieure, votre barbecue, votre torche de jardin et votre four \u00e0 bois","publisher":{"@id":"https:\/\/bulaoutdoor.nl\/#organization"},"potentialAction":[{"@type":"SearchAction","target":{"@type":"EntryPoint","urlTemplate":"https:\/\/bulaoutdoor.nl\/?s={search_term_string}"},"query-input":{"@type":"PropertyValueSpecification","valueRequired":true,"valueName":"search_term_string"}}],"inLanguage":"fr-FR"},{"@type":"Organization","@id":"https:\/\/bulaoutdoor.nl\/#organization","name":"Bula Outdoor","url":"https:\/\/bulaoutdoor.nl\/","logo":{"@type":"ImageObject","inLanguage":"fr-FR","@id":"https:\/\/bulaoutdoor.nl\/#\/schema\/logo\/image\/","url":"https:\/\/www.bulaoutdoor.nl\/wp-content\/uploads\/2018\/04\/bulaoutdoor-logo.png","contentUrl":"https:\/\/www.bulaoutdoor.nl\/wp-content\/uploads\/2018\/04\/bulaoutdoor-logo.png","width":324,"height":91,"caption":"Bula Outdoor"},"image":{"@id":"https:\/\/bulaoutdoor.nl\/#\/schema\/logo\/image\/"}}]}},"jetpack_sharing_enabled":true,"_links":{"self":[{"href":"https:\/\/bulaoutdoor.nl\/fr\/wp-json\/wp\/v2\/product\/56119","targetHints":{"allow":["GET"]}}],"collection":[{"href":"https:\/\/bulaoutdoor.nl\/fr\/wp-json\/wp\/v2\/product"}],"about":[{"href":"https:\/\/bulaoutdoor.nl\/fr\/wp-json\/wp\/v2\/types\/product"}],"replies":[{"embeddable":true,"href":"https:\/\/bulaoutdoor.nl\/fr\/wp-json\/wp\/v2\/comments?post=56119"}],"wp:featuredmedia":[{"embeddable":true,"href":"https:\/\/bulaoutdoor.nl\/fr\/wp-json\/wp\/v2\/media\/56120"}],"wp:attachment":[{"href":"https:\/\/bulaoutdoor.nl\/fr\/wp-json\/wp\/v2\/media?parent=56119"}],"wp:term":[{"taxonomy":"product_brand","embeddable":true,"href":"https:\/\/bulaoutdoor.nl\/fr\/wp-json\/wp\/v2\/product_brand?post=56119"},{"taxonomy":"product_cat","embeddable":true,"href":"https:\/\/bulaoutdoor.nl\/fr\/wp-json\/wp\/v2\/product_cat?post=56119"},{"taxonomy":"product_tag","embeddable":true,"href":"https:\/\/bulaoutdoor.nl\/fr\/wp-json\/wp\/v2\/product_tag?post=56119"}],"curies":[{"name":"wp","href":"https:\/\/api.w.org\/{rel}","templated":true}]}}