{"id":56140,"date":"2024-12-20T19:25:40","date_gmt":"2024-12-20T19:25:40","guid":{"rendered":"https:\/\/bulaoutdoor.nl\/?post_type=product&#038;p=56140"},"modified":"2026-02-16T20:44:13","modified_gmt":"2026-02-16T20:44:13","slug":"couteau-sebra-santo-forge-18-cm","status":"publish","type":"product","link":"https:\/\/bulaoutdoor.nl\/fr\/product\/forged-sebra-santokumes-18-cm\/","title":{"rendered":"Couteau forg\u00e9 Sebra Santo 18 cm"},"content":{"rendered":"<h2>Couteau forg\u00e9 Sebra Santo<\/h2>\n<p>Le couteau santoku sebra forg\u00e9 de 18 cm est la version japonaise du couteau de chef et convient parfaitement \u00e0 toutes les cuisines. Le mot \"santoku\" signifie \"trois vertus\", en r\u00e9f\u00e9rence aux trois fonctions principales de ce couteau : couper finement, trancher et couper en d\u00e9s. Il s'agit donc d'un outil polyvalent et indispensable pour tout cuisinier.<\/p>\n<h2>Qualit\u00e9 et design<\/h2>\n<p>Le couteau est fabriqu\u00e9 en acier japonais 440C d'une duret\u00e9 impressionnante de 58 Rockwell. La construction forg\u00e9e \u00e0 la main, avec une \u00e9paisseur de lame de 2 mm et un angle de coupe de 18 degr\u00e9s, offre d'excellentes performances dans la cuisine.<\/p>\n<h2>Pourquoi choisir le couteau Forg\u00e9 Sebra Santo ?<\/h2>\n<p>Outre sa fonctionnalit\u00e9, le couteau santo de 18 cm est livr\u00e9 dans un luxueux coffret en bois et b\u00e9n\u00e9ficie d'une garantie de 10 ans, ce qui ajoute \u00e0 la valeur de ce couteau polyvalent.<\/p>\n<p>Marque forg\u00e9e<br \/>\nType de produit Lames Santo<br \/>\nS\u00e9rie Sebra<br \/>\nDimension 39.3\u00d79.3\u00d74<br \/>\n\u00c9paisseur 2 mm<br \/>\nCouleur N\/A<br \/>\nMat\u00e9riaux Acier 440C, bois fonc\u00e9<br \/>\nGarantie 10 ans<br \/>\nPasse au lave-vaisselle Non<br \/>\nCode de l'article SebraSantoku18cm<br \/>\nEan 8720039623521<\/p>","protected":false},"excerpt":{"rendered":"<p>Couteau sebra santo forg\u00e9 18 cm<\/p>","protected":false},"featured_media":56141,"comment_status":"open","ping_status":"closed","template":"","meta":{"_acf_changed":false},"product_brand":[],"product_cat":[15,1448],"product_tag":[1418,1417],"class_list":{"0":"post-56140","1":"product","2":"type-product","3":"status-publish","4":"has-post-thumbnail","6":"product_cat-forged-messen","7":"product_cat-uitverkoop","8":"product_tag-forged-sebra-santokumes-18-cm","9":"product_tag-sebra","11":"first","12":"instock","13":"sale","14":"taxable","15":"shipping-taxable","16":"purchasable","17":"product-type-simple"},"acf":[],"yoast_head":"<!-- This site is optimized with the Yoast SEO plugin v27.4 - https:\/\/yoast.com\/product\/yoast-seo-wordpress\/ -->\n<title>Forged Sebra Santokumes 18 cm &#8211; Bula Outdoor<\/title>\n<meta name=\"robots\" content=\"index, follow, max-snippet:-1, max-image-preview:large, max-video-preview:-1\" \/>\n<link rel=\"canonical\" href=\"https:\/\/bulaoutdoor.nl\/fr\/produit\/couteau-sebra-santo-forge-18-cm\/\" \/>\n<meta property=\"og:locale\" content=\"fr_FR\" \/>\n<meta property=\"og:type\" content=\"article\" \/>\n<meta property=\"og:title\" content=\"Forged Sebra Santokumes 18 cm &#8211; Bula Outdoor\" \/>\n<meta property=\"og:description\" content=\"Forged sebra santokumes 18 cm\" \/>\n<meta property=\"og:url\" content=\"https:\/\/bulaoutdoor.nl\/fr\/produit\/couteau-sebra-santo-forge-18-cm\/\" \/>\n<meta property=\"og:site_name\" content=\"Bula Outdoor\" \/>\n<meta property=\"article:modified_time\" content=\"2026-02-16T20:44:13+00:00\" \/>\n<meta property=\"og:image\" content=\"https:\/\/bulaoutdoor.nl\/wp-content\/uploads\/2024\/12\/sebrasantoku18cm_Bula_outdoor.webp\" \/>\n\t<meta property=\"og:image:width\" content=\"1000\" \/>\n\t<meta property=\"og:image:height\" content=\"1000\" \/>\n\t<meta property=\"og:image:type\" content=\"image\/webp\" \/>\n<meta name=\"twitter:card\" content=\"summary_large_image\" \/>\n<meta name=\"twitter:label1\" content=\"Dur\u00e9e de lecture estim\u00e9e\" \/>\n\t<meta name=\"twitter:data1\" content=\"1 minute\" \/>\n<script type=\"application\/ld+json\" class=\"yoast-schema-graph\">{\"@context\":\"https:\\\/\\\/schema.org\",\"@graph\":[{\"@type\":\"WebPage\",\"@id\":\"https:\\\/\\\/bulaoutdoor.nl\\\/product\\\/forged-sebra-santokumes-18-cm\\\/\",\"url\":\"https:\\\/\\\/bulaoutdoor.nl\\\/product\\\/forged-sebra-santokumes-18-cm\\\/\",\"name\":\"Forged Sebra Santokumes 18 cm &#8211; Bula Outdoor\",\"isPartOf\":{\"@id\":\"https:\\\/\\\/bulaoutdoor.nl\\\/#website\"},\"primaryImageOfPage\":{\"@id\":\"https:\\\/\\\/bulaoutdoor.nl\\\/product\\\/forged-sebra-santokumes-18-cm\\\/#primaryimage\"},\"image\":{\"@id\":\"https:\\\/\\\/bulaoutdoor.nl\\\/product\\\/forged-sebra-santokumes-18-cm\\\/#primaryimage\"},\"thumbnailUrl\":\"https:\\\/\\\/bulaoutdoor.nl\\\/wp-content\\\/uploads\\\/2024\\\/12\\\/sebrasantoku18cm_Bula_outdoor.webp\",\"datePublished\":\"2024-12-20T19:25:40+00:00\",\"dateModified\":\"2026-02-16T20:44:13+00:00\",\"breadcrumb\":{\"@id\":\"https:\\\/\\\/bulaoutdoor.nl\\\/product\\\/forged-sebra-santokumes-18-cm\\\/#breadcrumb\"},\"inLanguage\":\"fr-FR\",\"potentialAction\":[{\"@type\":\"ReadAction\",\"target\":[\"https:\\\/\\\/bulaoutdoor.nl\\\/product\\\/forged-sebra-santokumes-18-cm\\\/\"]}]},{\"@type\":\"ImageObject\",\"inLanguage\":\"fr-FR\",\"@id\":\"https:\\\/\\\/bulaoutdoor.nl\\\/product\\\/forged-sebra-santokumes-18-cm\\\/#primaryimage\",\"url\":\"https:\\\/\\\/bulaoutdoor.nl\\\/wp-content\\\/uploads\\\/2024\\\/12\\\/sebrasantoku18cm_Bula_outdoor.webp\",\"contentUrl\":\"https:\\\/\\\/bulaoutdoor.nl\\\/wp-content\\\/uploads\\\/2024\\\/12\\\/sebrasantoku18cm_Bula_outdoor.webp\",\"width\":1000,\"height\":1000,\"caption\":\"forged sebra santokumes 18 cm\"},{\"@type\":\"BreadcrumbList\",\"@id\":\"https:\\\/\\\/bulaoutdoor.nl\\\/product\\\/forged-sebra-santokumes-18-cm\\\/#breadcrumb\",\"itemListElement\":[{\"@type\":\"ListItem\",\"position\":1,\"name\":\"Home\",\"item\":\"https:\\\/\\\/bulaoutdoor.nl\\\/\"},{\"@type\":\"ListItem\",\"position\":2,\"name\":\"Online BBQ kopen\",\"item\":\"https:\\\/\\\/bulaoutdoor.nl\\\/\"},{\"@type\":\"ListItem\",\"position\":3,\"name\":\"Forged Sebra Santokumes 18 cm\"}]},{\"@type\":\"WebSite\",\"@id\":\"https:\\\/\\\/bulaoutdoor.nl\\\/#website\",\"url\":\"https:\\\/\\\/bulaoutdoor.nl\\\/\",\"name\":\"Bula Outdoor\",\"description\":\"Voor uw buitenhaard, BBQ, tuinfakkel en houtoven\",\"publisher\":{\"@id\":\"https:\\\/\\\/bulaoutdoor.nl\\\/#organization\"},\"potentialAction\":[{\"@type\":\"SearchAction\",\"target\":{\"@type\":\"EntryPoint\",\"urlTemplate\":\"https:\\\/\\\/bulaoutdoor.nl\\\/?s={search_term_string}\"},\"query-input\":{\"@type\":\"PropertyValueSpecification\",\"valueRequired\":true,\"valueName\":\"search_term_string\"}}],\"inLanguage\":\"fr-FR\"},{\"@type\":\"Organization\",\"@id\":\"https:\\\/\\\/bulaoutdoor.nl\\\/#organization\",\"name\":\"Bula Outdoor\",\"url\":\"https:\\\/\\\/bulaoutdoor.nl\\\/\",\"logo\":{\"@type\":\"ImageObject\",\"inLanguage\":\"fr-FR\",\"@id\":\"https:\\\/\\\/bulaoutdoor.nl\\\/#\\\/schema\\\/logo\\\/image\\\/\",\"url\":\"https:\\\/\\\/www.bulaoutdoor.nl\\\/wp-content\\\/uploads\\\/2018\\\/04\\\/bulaoutdoor-logo.png\",\"contentUrl\":\"https:\\\/\\\/www.bulaoutdoor.nl\\\/wp-content\\\/uploads\\\/2018\\\/04\\\/bulaoutdoor-logo.png\",\"width\":324,\"height\":91,\"caption\":\"Bula Outdoor\"},\"image\":{\"@id\":\"https:\\\/\\\/bulaoutdoor.nl\\\/#\\\/schema\\\/logo\\\/image\\\/\"}}]}<\/script>\n<!-- \/ Yoast SEO plugin. -->","yoast_head_json":{"title":"Couteau Sebra Santo forg\u00e9 18 cm - Bula Outdoor","robots":{"index":"index","follow":"follow","max-snippet":"max-snippet:-1","max-image-preview":"max-image-preview:large","max-video-preview":"max-video-preview:-1"},"canonical":"https:\/\/bulaoutdoor.nl\/fr\/produit\/couteau-sebra-santo-forge-18-cm\/","og_locale":"fr_FR","og_type":"article","og_title":"Forged Sebra Santokumes 18 cm &#8211; Bula Outdoor","og_description":"Forged sebra santokumes 18 cm","og_url":"https:\/\/bulaoutdoor.nl\/fr\/produit\/couteau-sebra-santo-forge-18-cm\/","og_site_name":"Bula Outdoor","article_modified_time":"2026-02-16T20:44:13+00:00","og_image":[{"width":1000,"height":1000,"url":"https:\/\/bulaoutdoor.nl\/wp-content\/uploads\/2024\/12\/sebrasantoku18cm_Bula_outdoor.webp","type":"image\/webp"}],"twitter_card":"summary_large_image","twitter_misc":{"Dur\u00e9e de lecture estim\u00e9e":"1 minute"},"schema":{"@context":"https:\/\/schema.org","@graph":[{"@type":"WebPage","@id":"https:\/\/bulaoutdoor.nl\/product\/forged-sebra-santokumes-18-cm\/","url":"https:\/\/bulaoutdoor.nl\/product\/forged-sebra-santokumes-18-cm\/","name":"Couteau Sebra Santo forg\u00e9 18 cm - Bula Outdoor","isPartOf":{"@id":"https:\/\/bulaoutdoor.nl\/#website"},"primaryImageOfPage":{"@id":"https:\/\/bulaoutdoor.nl\/product\/forged-sebra-santokumes-18-cm\/#primaryimage"},"image":{"@id":"https:\/\/bulaoutdoor.nl\/product\/forged-sebra-santokumes-18-cm\/#primaryimage"},"thumbnailUrl":"https:\/\/bulaoutdoor.nl\/wp-content\/uploads\/2024\/12\/sebrasantoku18cm_Bula_outdoor.webp","datePublished":"2024-12-20T19:25:40+00:00","dateModified":"2026-02-16T20:44:13+00:00","breadcrumb":{"@id":"https:\/\/bulaoutdoor.nl\/product\/forged-sebra-santokumes-18-cm\/#breadcrumb"},"inLanguage":"fr-FR","potentialAction":[{"@type":"ReadAction","target":["https:\/\/bulaoutdoor.nl\/product\/forged-sebra-santokumes-18-cm\/"]}]},{"@type":"ImageObject","inLanguage":"fr-FR","@id":"https:\/\/bulaoutdoor.nl\/product\/forged-sebra-santokumes-18-cm\/#primaryimage","url":"https:\/\/bulaoutdoor.nl\/wp-content\/uploads\/2024\/12\/sebrasantoku18cm_Bula_outdoor.webp","contentUrl":"https:\/\/bulaoutdoor.nl\/wp-content\/uploads\/2024\/12\/sebrasantoku18cm_Bula_outdoor.webp","width":1000,"height":1000,"caption":"forged sebra santokumes 18 cm"},{"@type":"BreadcrumbList","@id":"https:\/\/bulaoutdoor.nl\/product\/forged-sebra-santokumes-18-cm\/#breadcrumb","itemListElement":[{"@type":"ListItem","position":1,"name":"Home","item":"https:\/\/bulaoutdoor.nl\/"},{"@type":"ListItem","position":2,"name":"Online BBQ kopen","item":"https:\/\/bulaoutdoor.nl\/"},{"@type":"ListItem","position":3,"name":"Forged Sebra Santokumes 18 cm"}]},{"@type":"WebSite","@id":"https:\/\/bulaoutdoor.nl\/#website","url":"https:\/\/bulaoutdoor.nl\/","name":"Bula Outdoor","description":"Pour votre chemin\u00e9e ext\u00e9rieure, votre barbecue, votre torche de jardin et votre four \u00e0 bois","publisher":{"@id":"https:\/\/bulaoutdoor.nl\/#organization"},"potentialAction":[{"@type":"SearchAction","target":{"@type":"EntryPoint","urlTemplate":"https:\/\/bulaoutdoor.nl\/?s={search_term_string}"},"query-input":{"@type":"PropertyValueSpecification","valueRequired":true,"valueName":"search_term_string"}}],"inLanguage":"fr-FR"},{"@type":"Organization","@id":"https:\/\/bulaoutdoor.nl\/#organization","name":"Bula Outdoor","url":"https:\/\/bulaoutdoor.nl\/","logo":{"@type":"ImageObject","inLanguage":"fr-FR","@id":"https:\/\/bulaoutdoor.nl\/#\/schema\/logo\/image\/","url":"https:\/\/www.bulaoutdoor.nl\/wp-content\/uploads\/2018\/04\/bulaoutdoor-logo.png","contentUrl":"https:\/\/www.bulaoutdoor.nl\/wp-content\/uploads\/2018\/04\/bulaoutdoor-logo.png","width":324,"height":91,"caption":"Bula Outdoor"},"image":{"@id":"https:\/\/bulaoutdoor.nl\/#\/schema\/logo\/image\/"}}]}},"jetpack_sharing_enabled":true,"_links":{"self":[{"href":"https:\/\/bulaoutdoor.nl\/fr\/wp-json\/wp\/v2\/product\/56140","targetHints":{"allow":["GET"]}}],"collection":[{"href":"https:\/\/bulaoutdoor.nl\/fr\/wp-json\/wp\/v2\/product"}],"about":[{"href":"https:\/\/bulaoutdoor.nl\/fr\/wp-json\/wp\/v2\/types\/product"}],"replies":[{"embeddable":true,"href":"https:\/\/bulaoutdoor.nl\/fr\/wp-json\/wp\/v2\/comments?post=56140"}],"wp:featuredmedia":[{"embeddable":true,"href":"https:\/\/bulaoutdoor.nl\/fr\/wp-json\/wp\/v2\/media\/56141"}],"wp:attachment":[{"href":"https:\/\/bulaoutdoor.nl\/fr\/wp-json\/wp\/v2\/media?parent=56140"}],"wp:term":[{"taxonomy":"product_brand","embeddable":true,"href":"https:\/\/bulaoutdoor.nl\/fr\/wp-json\/wp\/v2\/product_brand?post=56140"},{"taxonomy":"product_cat","embeddable":true,"href":"https:\/\/bulaoutdoor.nl\/fr\/wp-json\/wp\/v2\/product_cat?post=56140"},{"taxonomy":"product_tag","embeddable":true,"href":"https:\/\/bulaoutdoor.nl\/fr\/wp-json\/wp\/v2\/product_tag?post=56140"}],"curies":[{"name":"wp","href":"https:\/\/api.w.org\/{rel}","templated":true}]}}