{"id":56146,"date":"2024-12-20T22:32:40","date_gmt":"2024-12-20T22:32:40","guid":{"rendered":"https:\/\/bulaoutdoor.nl\/?post_type=product&#038;p=56146"},"modified":"2026-02-16T20:44:13","modified_gmt":"2026-02-16T20:44:13","slug":"couteau-a-desosser-les-olives-forge","status":"publish","type":"product","link":"https:\/\/bulaoutdoor.nl\/fr\/product\/forged-olive-uitbeenmes\/","title":{"rendered":"Couteau \u00e0 d\u00e9sosser en olivier forg\u00e9"},"content":{"rendered":"<h2>Couteau \u00e0 d\u00e9sosser en olivier forg\u00e9<\/h2>\n<p>Le couteau \u00e0 d\u00e9sosser Forged Olive est l'outil de cuisine id\u00e9al pour d\u00e9sosser les viandes et les volailles. Avec sa lame longue et fine, le couteau coupe sans effort le long des os et des pattes, rendant la pr\u00e9paration de vos plats plus facile et plus efficace.<\/p>\n<h2>Mat\u00e9riaux et fabrication de haute qualit\u00e9<\/h2>\n<p>Fabriqu\u00e9 en acier japonais 440c, ce couteau offre une duret\u00e9 de 58 Rockwell, ce qui ajoute \u00e0 sa durabilit\u00e9 et \u00e0 son tranchant. Tous les couteaux Forged sont forg\u00e9s \u00e0 la main et ont une \u00e9paisseur de lame de 2 mm, avec un angle de coupe optimal de 18 degr\u00e9s qui garantit la pr\u00e9cision de la coupe.<\/p>\n<h2>Packages et garantie<\/h2>\n<p>Le couteau \u00e0 d\u00e9sosser Forged Olive est pr\u00e9sent\u00e9 dans un luxueux coffret en bois, id\u00e9al pour l'offrir ou le ranger. En outre, le couteau est garanti 10 ans, ce qui atteste de la qualit\u00e9 et de la fiabilit\u00e9 de ce produit.<\/p>\n<table class=\"c-productspecs-table\">\n<tbody>\n<tr>\n<th>Marque<\/th>\n<td>Forg\u00e9<\/td>\n<\/tr>\n<tr>\n<th>Type de produit<\/th>\n<td>Couteau \u00e0 d\u00e9sosser<\/td>\n<\/tr>\n<tr>\n<th>S\u00e9rie<\/th>\n<td>Olive<\/td>\n<\/tr>\n<tr>\n<th>Dimensions<\/th>\n<td>33,3 \u00d7 9,3 \u00d7 4<\/td>\n<\/tr>\n<tr>\n<th>\u00c9paisseur<\/th>\n<td>2 mm<\/td>\n<\/tr>\n<tr>\n<th>Couleur<\/th>\n<td>N\/A<\/td>\n<\/tr>\n<tr>\n<th>Mat\u00e9riaux<\/th>\n<td>Acier 440C, bois d'olivier<\/td>\n<\/tr>\n<tr>\n<th>Garantie<\/th>\n<td>10 ans<\/td>\n<\/tr>\n<tr>\n<th>Lavable au lave-vaisselle<\/th>\n<td>Non<\/td>\n<\/tr>\n<tr>\n<th>Code de l'article<\/th>\n<td>Os d'olivier<\/td>\n<\/tr>\n<tr>\n<th>Ean<\/th>\n<td>8720039625099<\/td>\n<\/tr>\n<\/tbody>\n<\/table>","protected":false},"excerpt":{"rendered":"<p>Couteau \u00e0 d\u00e9sosser en olivier forg\u00e9<\/p>","protected":false},"featured_media":56147,"comment_status":"open","ping_status":"closed","template":"","meta":{"_acf_changed":false},"product_brand":[],"product_cat":[15,1448],"product_tag":[1419],"class_list":{"0":"post-56146","1":"product","2":"type-product","3":"status-publish","4":"has-post-thumbnail","6":"product_cat-forged-messen","7":"product_cat-uitverkoop","8":"product_tag-olive","10":"first","11":"instock","12":"sale","13":"taxable","14":"shipping-taxable","15":"purchasable","16":"product-type-simple"},"acf":[],"yoast_head":"<!-- This site is optimized with the Yoast SEO plugin v27.3 - https:\/\/yoast.com\/product\/yoast-seo-wordpress\/ -->\n<title>Forged Olive Uitbeenmes &#8211; Bula Outdoor<\/title>\n<meta name=\"robots\" content=\"index, follow, max-snippet:-1, max-image-preview:large, max-video-preview:-1\" \/>\n<link rel=\"canonical\" href=\"https:\/\/bulaoutdoor.nl\/fr\/produit\/couteau-a-desosser-les-olives-forge\/\" \/>\n<meta property=\"og:locale\" content=\"fr_FR\" \/>\n<meta property=\"og:type\" content=\"article\" \/>\n<meta property=\"og:title\" content=\"Forged Olive Uitbeenmes &#8211; Bula Outdoor\" \/>\n<meta property=\"og:description\" content=\"Forged Olive uitbeenmes\" \/>\n<meta property=\"og:url\" content=\"https:\/\/bulaoutdoor.nl\/fr\/produit\/couteau-a-desosser-les-olives-forge\/\" \/>\n<meta property=\"og:site_name\" content=\"Bula Outdoor\" \/>\n<meta property=\"article:modified_time\" content=\"2026-02-16T20:44:13+00:00\" \/>\n<meta property=\"og:image\" content=\"https:\/\/bulaoutdoor.nl\/wp-content\/uploads\/2024\/12\/oliveuitbeen_bula_outdoor.webp\" \/>\n\t<meta property=\"og:image:width\" content=\"1000\" \/>\n\t<meta property=\"og:image:height\" content=\"1000\" \/>\n\t<meta property=\"og:image:type\" content=\"image\/webp\" \/>\n<meta name=\"twitter:card\" content=\"summary_large_image\" \/>\n<meta name=\"twitter:label1\" content=\"Dur\u00e9e de lecture estim\u00e9e\" \/>\n\t<meta name=\"twitter:data1\" content=\"1 minute\" \/>\n<script type=\"application\/ld+json\" class=\"yoast-schema-graph\">{\"@context\":\"https:\\\/\\\/schema.org\",\"@graph\":[{\"@type\":\"WebPage\",\"@id\":\"https:\\\/\\\/bulaoutdoor.nl\\\/product\\\/forged-olive-uitbeenmes\\\/\",\"url\":\"https:\\\/\\\/bulaoutdoor.nl\\\/product\\\/forged-olive-uitbeenmes\\\/\",\"name\":\"Forged Olive Uitbeenmes &#8211; Bula Outdoor\",\"isPartOf\":{\"@id\":\"https:\\\/\\\/bulaoutdoor.nl\\\/#website\"},\"primaryImageOfPage\":{\"@id\":\"https:\\\/\\\/bulaoutdoor.nl\\\/product\\\/forged-olive-uitbeenmes\\\/#primaryimage\"},\"image\":{\"@id\":\"https:\\\/\\\/bulaoutdoor.nl\\\/product\\\/forged-olive-uitbeenmes\\\/#primaryimage\"},\"thumbnailUrl\":\"https:\\\/\\\/bulaoutdoor.nl\\\/wp-content\\\/uploads\\\/2024\\\/12\\\/oliveuitbeen_bula_outdoor.webp\",\"datePublished\":\"2024-12-20T22:32:40+00:00\",\"dateModified\":\"2026-02-16T20:44:13+00:00\",\"breadcrumb\":{\"@id\":\"https:\\\/\\\/bulaoutdoor.nl\\\/product\\\/forged-olive-uitbeenmes\\\/#breadcrumb\"},\"inLanguage\":\"fr-FR\",\"potentialAction\":[{\"@type\":\"ReadAction\",\"target\":[\"https:\\\/\\\/bulaoutdoor.nl\\\/product\\\/forged-olive-uitbeenmes\\\/\"]}]},{\"@type\":\"ImageObject\",\"inLanguage\":\"fr-FR\",\"@id\":\"https:\\\/\\\/bulaoutdoor.nl\\\/product\\\/forged-olive-uitbeenmes\\\/#primaryimage\",\"url\":\"https:\\\/\\\/bulaoutdoor.nl\\\/wp-content\\\/uploads\\\/2024\\\/12\\\/oliveuitbeen_bula_outdoor.webp\",\"contentUrl\":\"https:\\\/\\\/bulaoutdoor.nl\\\/wp-content\\\/uploads\\\/2024\\\/12\\\/oliveuitbeen_bula_outdoor.webp\",\"width\":1000,\"height\":1000,\"caption\":\"OliveUitbeen\"},{\"@type\":\"BreadcrumbList\",\"@id\":\"https:\\\/\\\/bulaoutdoor.nl\\\/product\\\/forged-olive-uitbeenmes\\\/#breadcrumb\",\"itemListElement\":[{\"@type\":\"ListItem\",\"position\":1,\"name\":\"Home\",\"item\":\"https:\\\/\\\/bulaoutdoor.nl\\\/\"},{\"@type\":\"ListItem\",\"position\":2,\"name\":\"Online BBQ kopen\",\"item\":\"https:\\\/\\\/bulaoutdoor.nl\\\/\"},{\"@type\":\"ListItem\",\"position\":3,\"name\":\"Forged Olive Uitbeenmes\"}]},{\"@type\":\"WebSite\",\"@id\":\"https:\\\/\\\/bulaoutdoor.nl\\\/#website\",\"url\":\"https:\\\/\\\/bulaoutdoor.nl\\\/\",\"name\":\"Bula Outdoor\",\"description\":\"Voor uw buitenhaard, BBQ, tuinfakkel en houtoven\",\"publisher\":{\"@id\":\"https:\\\/\\\/bulaoutdoor.nl\\\/#organization\"},\"potentialAction\":[{\"@type\":\"SearchAction\",\"target\":{\"@type\":\"EntryPoint\",\"urlTemplate\":\"https:\\\/\\\/bulaoutdoor.nl\\\/?s={search_term_string}\"},\"query-input\":{\"@type\":\"PropertyValueSpecification\",\"valueRequired\":true,\"valueName\":\"search_term_string\"}}],\"inLanguage\":\"fr-FR\"},{\"@type\":\"Organization\",\"@id\":\"https:\\\/\\\/bulaoutdoor.nl\\\/#organization\",\"name\":\"Bula Outdoor\",\"url\":\"https:\\\/\\\/bulaoutdoor.nl\\\/\",\"logo\":{\"@type\":\"ImageObject\",\"inLanguage\":\"fr-FR\",\"@id\":\"https:\\\/\\\/bulaoutdoor.nl\\\/#\\\/schema\\\/logo\\\/image\\\/\",\"url\":\"https:\\\/\\\/www.bulaoutdoor.nl\\\/wp-content\\\/uploads\\\/2018\\\/04\\\/bulaoutdoor-logo.png\",\"contentUrl\":\"https:\\\/\\\/www.bulaoutdoor.nl\\\/wp-content\\\/uploads\\\/2018\\\/04\\\/bulaoutdoor-logo.png\",\"width\":324,\"height\":91,\"caption\":\"Bula Outdoor\"},\"image\":{\"@id\":\"https:\\\/\\\/bulaoutdoor.nl\\\/#\\\/schema\\\/logo\\\/image\\\/\"}}]}<\/script>\n<!-- \/ Yoast SEO plugin. -->","yoast_head_json":{"title":"Couteau \u00e0 d\u00e9sosser en bois d'olivier forg\u00e9 - Bula Outdoor","robots":{"index":"index","follow":"follow","max-snippet":"max-snippet:-1","max-image-preview":"max-image-preview:large","max-video-preview":"max-video-preview:-1"},"canonical":"https:\/\/bulaoutdoor.nl\/fr\/produit\/couteau-a-desosser-les-olives-forge\/","og_locale":"fr_FR","og_type":"article","og_title":"Forged Olive Uitbeenmes &#8211; Bula Outdoor","og_description":"Forged Olive uitbeenmes","og_url":"https:\/\/bulaoutdoor.nl\/fr\/produit\/couteau-a-desosser-les-olives-forge\/","og_site_name":"Bula Outdoor","article_modified_time":"2026-02-16T20:44:13+00:00","og_image":[{"width":1000,"height":1000,"url":"https:\/\/bulaoutdoor.nl\/wp-content\/uploads\/2024\/12\/oliveuitbeen_bula_outdoor.webp","type":"image\/webp"}],"twitter_card":"summary_large_image","twitter_misc":{"Dur\u00e9e de lecture estim\u00e9e":"1 minute"},"schema":{"@context":"https:\/\/schema.org","@graph":[{"@type":"WebPage","@id":"https:\/\/bulaoutdoor.nl\/product\/forged-olive-uitbeenmes\/","url":"https:\/\/bulaoutdoor.nl\/product\/forged-olive-uitbeenmes\/","name":"Couteau \u00e0 d\u00e9sosser en bois d'olivier forg\u00e9 - Bula Outdoor","isPartOf":{"@id":"https:\/\/bulaoutdoor.nl\/#website"},"primaryImageOfPage":{"@id":"https:\/\/bulaoutdoor.nl\/product\/forged-olive-uitbeenmes\/#primaryimage"},"image":{"@id":"https:\/\/bulaoutdoor.nl\/product\/forged-olive-uitbeenmes\/#primaryimage"},"thumbnailUrl":"https:\/\/bulaoutdoor.nl\/wp-content\/uploads\/2024\/12\/oliveuitbeen_bula_outdoor.webp","datePublished":"2024-12-20T22:32:40+00:00","dateModified":"2026-02-16T20:44:13+00:00","breadcrumb":{"@id":"https:\/\/bulaoutdoor.nl\/product\/forged-olive-uitbeenmes\/#breadcrumb"},"inLanguage":"fr-FR","potentialAction":[{"@type":"ReadAction","target":["https:\/\/bulaoutdoor.nl\/product\/forged-olive-uitbeenmes\/"]}]},{"@type":"ImageObject","inLanguage":"fr-FR","@id":"https:\/\/bulaoutdoor.nl\/product\/forged-olive-uitbeenmes\/#primaryimage","url":"https:\/\/bulaoutdoor.nl\/wp-content\/uploads\/2024\/12\/oliveuitbeen_bula_outdoor.webp","contentUrl":"https:\/\/bulaoutdoor.nl\/wp-content\/uploads\/2024\/12\/oliveuitbeen_bula_outdoor.webp","width":1000,"height":1000,"caption":"OliveUitbeen"},{"@type":"BreadcrumbList","@id":"https:\/\/bulaoutdoor.nl\/product\/forged-olive-uitbeenmes\/#breadcrumb","itemListElement":[{"@type":"ListItem","position":1,"name":"Home","item":"https:\/\/bulaoutdoor.nl\/"},{"@type":"ListItem","position":2,"name":"Online BBQ kopen","item":"https:\/\/bulaoutdoor.nl\/"},{"@type":"ListItem","position":3,"name":"Forged Olive Uitbeenmes"}]},{"@type":"WebSite","@id":"https:\/\/bulaoutdoor.nl\/#website","url":"https:\/\/bulaoutdoor.nl\/","name":"Bula Outdoor","description":"Pour votre chemin\u00e9e ext\u00e9rieure, votre barbecue, votre torche de jardin et votre four \u00e0 bois","publisher":{"@id":"https:\/\/bulaoutdoor.nl\/#organization"},"potentialAction":[{"@type":"SearchAction","target":{"@type":"EntryPoint","urlTemplate":"https:\/\/bulaoutdoor.nl\/?s={search_term_string}"},"query-input":{"@type":"PropertyValueSpecification","valueRequired":true,"valueName":"search_term_string"}}],"inLanguage":"fr-FR"},{"@type":"Organization","@id":"https:\/\/bulaoutdoor.nl\/#organization","name":"Bula Outdoor","url":"https:\/\/bulaoutdoor.nl\/","logo":{"@type":"ImageObject","inLanguage":"fr-FR","@id":"https:\/\/bulaoutdoor.nl\/#\/schema\/logo\/image\/","url":"https:\/\/www.bulaoutdoor.nl\/wp-content\/uploads\/2018\/04\/bulaoutdoor-logo.png","contentUrl":"https:\/\/www.bulaoutdoor.nl\/wp-content\/uploads\/2018\/04\/bulaoutdoor-logo.png","width":324,"height":91,"caption":"Bula Outdoor"},"image":{"@id":"https:\/\/bulaoutdoor.nl\/#\/schema\/logo\/image\/"}}]}},"jetpack_sharing_enabled":true,"_links":{"self":[{"href":"https:\/\/bulaoutdoor.nl\/fr\/wp-json\/wp\/v2\/product\/56146","targetHints":{"allow":["GET"]}}],"collection":[{"href":"https:\/\/bulaoutdoor.nl\/fr\/wp-json\/wp\/v2\/product"}],"about":[{"href":"https:\/\/bulaoutdoor.nl\/fr\/wp-json\/wp\/v2\/types\/product"}],"replies":[{"embeddable":true,"href":"https:\/\/bulaoutdoor.nl\/fr\/wp-json\/wp\/v2\/comments?post=56146"}],"wp:featuredmedia":[{"embeddable":true,"href":"https:\/\/bulaoutdoor.nl\/fr\/wp-json\/wp\/v2\/media\/56147"}],"wp:attachment":[{"href":"https:\/\/bulaoutdoor.nl\/fr\/wp-json\/wp\/v2\/media?parent=56146"}],"wp:term":[{"taxonomy":"product_brand","embeddable":true,"href":"https:\/\/bulaoutdoor.nl\/fr\/wp-json\/wp\/v2\/product_brand?post=56146"},{"taxonomy":"product_cat","embeddable":true,"href":"https:\/\/bulaoutdoor.nl\/fr\/wp-json\/wp\/v2\/product_cat?post=56146"},{"taxonomy":"product_tag","embeddable":true,"href":"https:\/\/bulaoutdoor.nl\/fr\/wp-json\/wp\/v2\/product_tag?post=56146"}],"curies":[{"name":"wp","href":"https:\/\/api.w.org\/{rel}","templated":true}]}}