{"id":57921,"date":"2025-01-14T12:50:12","date_gmt":"2025-01-14T12:50:12","guid":{"rendered":"https:\/\/bulaoutdoor.nl\/product\/dovre-vista-702i-2\/"},"modified":"2026-04-05T04:52:04","modified_gmt":"2026-04-05T04:52:04","slug":"dovre-vista-702i-2","status":"publish","type":"product","link":"https:\/\/bulaoutdoor.nl\/fr\/product\/dovre-vista-702i-2\/","title":{"rendered":"Dovre Vista 702i (int\u00e9rieur en vermiculite)"},"content":{"rendered":"<h2>Dovre Vista 702I<\/h2>\n<p>Le foyer encastrable Vista 702I de <a title=\"Dovre\" href=\"https:\/\/www.haveverwarming.nl\/dovre\" target=\"_blank\" rel=\"noopener\">Dovre<\/a> est un mod\u00e8le \u00e9l\u00e9gant offrant de nombreuses possibilit\u00e9s. Le foyer est livr\u00e9 avec un cadre de 4 mm et un cadre de 25 mm, ce qui vous permet de composer le foyer selon vos propres souhaits. En outre, la chemin\u00e9e est \u00e9quip\u00e9e de s\u00e9rie d'une paroi arri\u00e8re en vermiculite.&nbsp;<\/p>\n<p>Un autre grand avantage de cette <a title=\"ins\u00e9rer\" href=\"https:\/\/www.haveverwarming.nl\/kachels\/inzet\" target=\"_blank\" rel=\"noopener\">ins\u00e9rer<\/a> sont les ventilateurs. Le foyer est \u00e9quip\u00e9 de deux ventilateurs qui favorisent la circulation de la chaleur. Le Dovre Vista vous tiendra donc toujours au chaud !<\/p>\n<h2>Centre d'exp\u00e9rience<\/h2>\n<p>Vous \u00eates curieux de voir le Dovre Vista en vrai ? Alors passez par notre <a title=\"Centre d&#039;exp\u00e9rience\" href=\"https:\/\/www.haveverwarming.nl\/experiencecenter\" target=\"_blank\" rel=\"noopener\">Centre d'exp\u00e9rience<\/a> \u00e0 Lunteren et admirez la chemin\u00e9e de vos propres yeux !&nbsp;<\/p>\n<p>&nbsp;<\/p>\n<p>&nbsp;<\/p>\n<p>T\u00e9l\u00e9chargements de produits<\/p>\n<ul>\n<li><a class=\"download file\" href=\"https:\/\/www.haveverwarming.nl\/amfile\/file\/download\/file\/7931\/product\/2288\/\" target=\"_blank\"><span>Catalogue Dovre 2025<\/span><\/a><\/li>\n<li><a class=\"download file\" href=\"https:\/\/www.haveverwarming.nl\/amfile\/file\/download\/file\/9198\/product\/2288\/\" target=\"_blank\"><span> Informations techniques \u2013 Dovre 2025 \u2013 2026<\/span><\/a><\/li>\n<li><a class=\"download file\" href=\"https:\/\/www.haveverwarming.nl\/amfile\/file\/download\/file\/6371\/product\/2288\/\" target=\"_blank\"><span>Instructions d'installation et mode d'emploi Vista 700I<\/span><\/a><\/li>\n<li><a class=\"download file\" href=\"https:\/\/www.haveverwarming.nl\/amfile\/file\/download\/file\/6373\/product\/2288\/\" target=\"_blank\"><span>Vue \u00e9clat\u00e9e du Dovre Vista 701I<\/span><\/a><\/li>\n<li><a class=\"download file\" href=\"https:\/\/www.haveverwarming.nl\/amfile\/file\/download\/file\/6481\/product\/2288\/\" target=\"_blank\"><span>Brochure sur le tir responsable<\/span><\/a><\/li>\n<li><a class=\"download file\" href=\"https:\/\/www.haveverwarming.nl\/amfile\/file\/download\/file\/7936\/product\/2288\/\" target=\"_blank\"><span>Informations techniques - Dovre<\/span><\/a><\/li>\n<li><a class=\"download file\" href=\"https:\/\/www.haveverwarming.nl\/amfile\/file\/download\/file\/8479\/product\/2288\/\" target=\"_blank\"><span>Dovre_Vista_Energy label<\/span><\/a><\/li>\n<li><a class=\"download file\" href=\"https:\/\/www.haveverwarming.nl\/amfile\/file\/download\/file\/8623\/product\/2288\/\" target=\"_blank\"><span>Manuel Dovre Vista 701I<\/span><\/a><\/li>\n<li><a class=\"download file\" href=\"https:\/\/www.haveverwarming.nl\/amfile\/file\/download\/file\/8629\/product\/2288\/\" target=\"_blank\"><span>Rev\u00eatement int\u00e9rieur Vista 701&amp;702<\/span><\/a><\/li>\n<li><a class=\"download file\" href=\"https:\/\/www.haveverwarming.nl\/productpdf\/download\/file\/id\/2288\/name\/Dovre_Vista_702i_%2528vermiculiet_binnenwerk%2529.pdf\/\" target=\"_blank\"><span>T\u00e9l\u00e9charger la fiche technique<\/span><\/a><\/li>\n<\/ul>","protected":false},"excerpt":{"rendered":"<p>Dovre Vista 702I De Vista 702I inzethaard van Dovre is een strak model met vele mogelijkheden. De haard wordt geleverd met een 4 mm kader en een 25 mm kader, zo kunt u de haard naar eigen wens samenstellen. Daarnaast is de haard standaard uitgerust met een achterwand van vermiculiet.&nbsp; Een ander groot voordeel van [&hellip;]<\/p>\n","protected":false},"featured_media":57922,"comment_status":"open","ping_status":"closed","template":"","meta":{"_acf_changed":false},"product_brand":[],"product_cat":[1294],"product_tag":[],"class_list":{"0":"post-57921","1":"product","2":"type-product","3":"status-publish","4":"has-post-thumbnail","6":"product_cat-inzet-haarden","8":"first","9":"instock","10":"taxable","11":"shipping-taxable","12":"purchasable","13":"product-type-simple"},"acf":[],"yoast_head":"<!-- This site is optimized with the Yoast SEO plugin v27.3 - https:\/\/yoast.com\/product\/yoast-seo-wordpress\/ -->\n<title>Dovre Vista 702i (vermiculiet binnenwerk) &#8211; Bula Outdoor<\/title>\n<meta name=\"robots\" content=\"index, follow, max-snippet:-1, max-image-preview:large, max-video-preview:-1\" \/>\n<link rel=\"canonical\" href=\"https:\/\/bulaoutdoor.nl\/fr\/produit\/dovre-vista-702i-2\/\" \/>\n<meta property=\"og:locale\" content=\"fr_FR\" \/>\n<meta property=\"og:type\" content=\"article\" \/>\n<meta property=\"og:title\" content=\"Dovre Vista 702i (vermiculiet binnenwerk) &#8211; Bula Outdoor\" \/>\n<meta property=\"og:description\" content=\"Dovre Vista 702I De Vista 702I inzethaard van Dovre is een strak model met vele mogelijkheden. De haard wordt geleverd met een 4 mm kader en een 25 mm kader, zo kunt u de haard naar eigen wens samenstellen. Daarnaast is de haard standaard uitgerust met een achterwand van vermiculiet.&nbsp; Een ander groot voordeel van [&hellip;]\" \/>\n<meta property=\"og:url\" content=\"https:\/\/bulaoutdoor.nl\/fr\/produit\/dovre-vista-702i-2\/\" \/>\n<meta property=\"og:site_name\" content=\"Bula Outdoor\" \/>\n<meta property=\"article:modified_time\" content=\"2026-04-05T04:52:04+00:00\" \/>\n<meta property=\"og:image\" content=\"https:\/\/bulaoutdoor.nl\/wp-content\/uploads\/2025\/01\/vista700_vermiculiet_1.jpg\" \/>\n\t<meta property=\"og:image:width\" content=\"1200\" \/>\n\t<meta property=\"og:image:height\" content=\"1200\" \/>\n\t<meta property=\"og:image:type\" content=\"image\/jpeg\" \/>\n<meta name=\"twitter:card\" content=\"summary_large_image\" \/>\n<meta name=\"twitter:label1\" content=\"Dur\u00e9e de lecture estim\u00e9e\" \/>\n\t<meta name=\"twitter:data1\" content=\"1 minute\" \/>\n<script type=\"application\/ld+json\" class=\"yoast-schema-graph\">{\"@context\":\"https:\\\/\\\/schema.org\",\"@graph\":[{\"@type\":\"WebPage\",\"@id\":\"https:\\\/\\\/bulaoutdoor.nl\\\/product\\\/dovre-vista-702i-2\\\/\",\"url\":\"https:\\\/\\\/bulaoutdoor.nl\\\/product\\\/dovre-vista-702i-2\\\/\",\"name\":\"Dovre Vista 702i (vermiculiet binnenwerk) &#8211; Bula Outdoor\",\"isPartOf\":{\"@id\":\"https:\\\/\\\/bulaoutdoor.nl\\\/#website\"},\"primaryImageOfPage\":{\"@id\":\"https:\\\/\\\/bulaoutdoor.nl\\\/product\\\/dovre-vista-702i-2\\\/#primaryimage\"},\"image\":{\"@id\":\"https:\\\/\\\/bulaoutdoor.nl\\\/product\\\/dovre-vista-702i-2\\\/#primaryimage\"},\"thumbnailUrl\":\"https:\\\/\\\/bulaoutdoor.nl\\\/wp-content\\\/uploads\\\/2025\\\/01\\\/vista700_vermiculiet_1.jpg\",\"datePublished\":\"2025-01-14T12:50:12+00:00\",\"dateModified\":\"2026-04-05T04:52:04+00:00\",\"breadcrumb\":{\"@id\":\"https:\\\/\\\/bulaoutdoor.nl\\\/product\\\/dovre-vista-702i-2\\\/#breadcrumb\"},\"inLanguage\":\"fr-FR\",\"potentialAction\":[{\"@type\":\"ReadAction\",\"target\":[\"https:\\\/\\\/bulaoutdoor.nl\\\/product\\\/dovre-vista-702i-2\\\/\"]}]},{\"@type\":\"ImageObject\",\"inLanguage\":\"fr-FR\",\"@id\":\"https:\\\/\\\/bulaoutdoor.nl\\\/product\\\/dovre-vista-702i-2\\\/#primaryimage\",\"url\":\"https:\\\/\\\/bulaoutdoor.nl\\\/wp-content\\\/uploads\\\/2025\\\/01\\\/vista700_vermiculiet_1.jpg\",\"contentUrl\":\"https:\\\/\\\/bulaoutdoor.nl\\\/wp-content\\\/uploads\\\/2025\\\/01\\\/vista700_vermiculiet_1.jpg\",\"width\":1200,\"height\":1200,\"caption\":\"dovre-vista-702i-vermiculiet-binnenwerk-thumbnail\"},{\"@type\":\"BreadcrumbList\",\"@id\":\"https:\\\/\\\/bulaoutdoor.nl\\\/product\\\/dovre-vista-702i-2\\\/#breadcrumb\",\"itemListElement\":[{\"@type\":\"ListItem\",\"position\":1,\"name\":\"Home\",\"item\":\"https:\\\/\\\/bulaoutdoor.nl\\\/\"},{\"@type\":\"ListItem\",\"position\":2,\"name\":\"Online BBQ kopen\",\"item\":\"https:\\\/\\\/bulaoutdoor.nl\\\/\"},{\"@type\":\"ListItem\",\"position\":3,\"name\":\"Dovre Vista 702i (vermiculiet binnenwerk)\"}]},{\"@type\":\"WebSite\",\"@id\":\"https:\\\/\\\/bulaoutdoor.nl\\\/#website\",\"url\":\"https:\\\/\\\/bulaoutdoor.nl\\\/\",\"name\":\"Bula Outdoor\",\"description\":\"Voor uw buitenhaard, BBQ, tuinfakkel en houtoven\",\"publisher\":{\"@id\":\"https:\\\/\\\/bulaoutdoor.nl\\\/#organization\"},\"potentialAction\":[{\"@type\":\"SearchAction\",\"target\":{\"@type\":\"EntryPoint\",\"urlTemplate\":\"https:\\\/\\\/bulaoutdoor.nl\\\/?s={search_term_string}\"},\"query-input\":{\"@type\":\"PropertyValueSpecification\",\"valueRequired\":true,\"valueName\":\"search_term_string\"}}],\"inLanguage\":\"fr-FR\"},{\"@type\":\"Organization\",\"@id\":\"https:\\\/\\\/bulaoutdoor.nl\\\/#organization\",\"name\":\"Bula Outdoor\",\"url\":\"https:\\\/\\\/bulaoutdoor.nl\\\/\",\"logo\":{\"@type\":\"ImageObject\",\"inLanguage\":\"fr-FR\",\"@id\":\"https:\\\/\\\/bulaoutdoor.nl\\\/#\\\/schema\\\/logo\\\/image\\\/\",\"url\":\"https:\\\/\\\/www.bulaoutdoor.nl\\\/wp-content\\\/uploads\\\/2018\\\/04\\\/bulaoutdoor-logo.png\",\"contentUrl\":\"https:\\\/\\\/www.bulaoutdoor.nl\\\/wp-content\\\/uploads\\\/2018\\\/04\\\/bulaoutdoor-logo.png\",\"width\":324,\"height\":91,\"caption\":\"Bula Outdoor\"},\"image\":{\"@id\":\"https:\\\/\\\/bulaoutdoor.nl\\\/#\\\/schema\\\/logo\\\/image\\\/\"}}]}<\/script>\n<!-- \/ Yoast SEO plugin. -->","yoast_head_json":{"title":"Dovre Vista 702i (int\u00e9rieur en vermiculite) - Bula Outdoor","robots":{"index":"index","follow":"follow","max-snippet":"max-snippet:-1","max-image-preview":"max-image-preview:large","max-video-preview":"max-video-preview:-1"},"canonical":"https:\/\/bulaoutdoor.nl\/fr\/produit\/dovre-vista-702i-2\/","og_locale":"fr_FR","og_type":"article","og_title":"Dovre Vista 702i (vermiculiet binnenwerk) &#8211; Bula Outdoor","og_description":"Dovre Vista 702I De Vista 702I inzethaard van Dovre is een strak model met vele mogelijkheden. De haard wordt geleverd met een 4 mm kader en een 25 mm kader, zo kunt u de haard naar eigen wens samenstellen. Daarnaast is de haard standaard uitgerust met een achterwand van vermiculiet.&nbsp; Een ander groot voordeel van [&hellip;]","og_url":"https:\/\/bulaoutdoor.nl\/fr\/produit\/dovre-vista-702i-2\/","og_site_name":"Bula Outdoor","article_modified_time":"2026-04-05T04:52:04+00:00","og_image":[{"width":1200,"height":1200,"url":"https:\/\/bulaoutdoor.nl\/wp-content\/uploads\/2025\/01\/vista700_vermiculiet_1.jpg","type":"image\/jpeg"}],"twitter_card":"summary_large_image","twitter_misc":{"Dur\u00e9e de lecture estim\u00e9e":"1 minute"},"schema":{"@context":"https:\/\/schema.org","@graph":[{"@type":"WebPage","@id":"https:\/\/bulaoutdoor.nl\/product\/dovre-vista-702i-2\/","url":"https:\/\/bulaoutdoor.nl\/product\/dovre-vista-702i-2\/","name":"Dovre Vista 702i (int\u00e9rieur en vermiculite) - Bula Outdoor","isPartOf":{"@id":"https:\/\/bulaoutdoor.nl\/#website"},"primaryImageOfPage":{"@id":"https:\/\/bulaoutdoor.nl\/product\/dovre-vista-702i-2\/#primaryimage"},"image":{"@id":"https:\/\/bulaoutdoor.nl\/product\/dovre-vista-702i-2\/#primaryimage"},"thumbnailUrl":"https:\/\/bulaoutdoor.nl\/wp-content\/uploads\/2025\/01\/vista700_vermiculiet_1.jpg","datePublished":"2025-01-14T12:50:12+00:00","dateModified":"2026-04-05T04:52:04+00:00","breadcrumb":{"@id":"https:\/\/bulaoutdoor.nl\/product\/dovre-vista-702i-2\/#breadcrumb"},"inLanguage":"fr-FR","potentialAction":[{"@type":"ReadAction","target":["https:\/\/bulaoutdoor.nl\/product\/dovre-vista-702i-2\/"]}]},{"@type":"ImageObject","inLanguage":"fr-FR","@id":"https:\/\/bulaoutdoor.nl\/product\/dovre-vista-702i-2\/#primaryimage","url":"https:\/\/bulaoutdoor.nl\/wp-content\/uploads\/2025\/01\/vista700_vermiculiet_1.jpg","contentUrl":"https:\/\/bulaoutdoor.nl\/wp-content\/uploads\/2025\/01\/vista700_vermiculiet_1.jpg","width":1200,"height":1200,"caption":"dovre-vista-702i-vermiculiet-binnenwerk-thumbnail"},{"@type":"BreadcrumbList","@id":"https:\/\/bulaoutdoor.nl\/product\/dovre-vista-702i-2\/#breadcrumb","itemListElement":[{"@type":"ListItem","position":1,"name":"Home","item":"https:\/\/bulaoutdoor.nl\/"},{"@type":"ListItem","position":2,"name":"Online BBQ kopen","item":"https:\/\/bulaoutdoor.nl\/"},{"@type":"ListItem","position":3,"name":"Dovre Vista 702i (vermiculiet binnenwerk)"}]},{"@type":"WebSite","@id":"https:\/\/bulaoutdoor.nl\/#website","url":"https:\/\/bulaoutdoor.nl\/","name":"Bula Outdoor","description":"Pour votre chemin\u00e9e ext\u00e9rieure, votre barbecue, votre torche de jardin et votre four \u00e0 bois","publisher":{"@id":"https:\/\/bulaoutdoor.nl\/#organization"},"potentialAction":[{"@type":"SearchAction","target":{"@type":"EntryPoint","urlTemplate":"https:\/\/bulaoutdoor.nl\/?s={search_term_string}"},"query-input":{"@type":"PropertyValueSpecification","valueRequired":true,"valueName":"search_term_string"}}],"inLanguage":"fr-FR"},{"@type":"Organization","@id":"https:\/\/bulaoutdoor.nl\/#organization","name":"Bula Outdoor","url":"https:\/\/bulaoutdoor.nl\/","logo":{"@type":"ImageObject","inLanguage":"fr-FR","@id":"https:\/\/bulaoutdoor.nl\/#\/schema\/logo\/image\/","url":"https:\/\/www.bulaoutdoor.nl\/wp-content\/uploads\/2018\/04\/bulaoutdoor-logo.png","contentUrl":"https:\/\/www.bulaoutdoor.nl\/wp-content\/uploads\/2018\/04\/bulaoutdoor-logo.png","width":324,"height":91,"caption":"Bula Outdoor"},"image":{"@id":"https:\/\/bulaoutdoor.nl\/#\/schema\/logo\/image\/"}}]}},"jetpack_sharing_enabled":true,"_links":{"self":[{"href":"https:\/\/bulaoutdoor.nl\/fr\/wp-json\/wp\/v2\/product\/57921","targetHints":{"allow":["GET"]}}],"collection":[{"href":"https:\/\/bulaoutdoor.nl\/fr\/wp-json\/wp\/v2\/product"}],"about":[{"href":"https:\/\/bulaoutdoor.nl\/fr\/wp-json\/wp\/v2\/types\/product"}],"replies":[{"embeddable":true,"href":"https:\/\/bulaoutdoor.nl\/fr\/wp-json\/wp\/v2\/comments?post=57921"}],"wp:featuredmedia":[{"embeddable":true,"href":"https:\/\/bulaoutdoor.nl\/fr\/wp-json\/wp\/v2\/media\/57922"}],"wp:attachment":[{"href":"https:\/\/bulaoutdoor.nl\/fr\/wp-json\/wp\/v2\/media?parent=57921"}],"wp:term":[{"taxonomy":"product_brand","embeddable":true,"href":"https:\/\/bulaoutdoor.nl\/fr\/wp-json\/wp\/v2\/product_brand?post=57921"},{"taxonomy":"product_cat","embeddable":true,"href":"https:\/\/bulaoutdoor.nl\/fr\/wp-json\/wp\/v2\/product_cat?post=57921"},{"taxonomy":"product_tag","embeddable":true,"href":"https:\/\/bulaoutdoor.nl\/fr\/wp-json\/wp\/v2\/product_tag?post=57921"}],"curies":[{"name":"wp","href":"https:\/\/api.w.org\/{rel}","templated":true}]}}