{"id":580,"date":"2018-05-27T09:23:05","date_gmt":"2018-05-27T09:23:05","guid":{"rendered":"http:\/\/www.bulaoutdoor.nl\/product\/import-placeholder-for-107\/"},"modified":"2025-10-05T15:58:31","modified_gmt":"2025-10-05T15:58:31","slug":"raz-frezoli-lampe-industrielle-dexterieur-en-aluminium-gris-couleur-zinc-abat-jour-en-verre-depoli-blanc","status":"publish","type":"product","link":"https:\/\/bulaoutdoor.nl\/fr\/product\/raz-frezoli-industriele-buitenlamp-in-grijs-aluminium-zink-kleur-wit-mat-glazen-afdichting-kap\/","title":{"rendered":"Raz Frezoli lampe industrielle d'ext\u00e9rieur, Prix avec frais d'exp\u00e9dition"},"content":{"rendered":"<h2>Lampe d'ext\u00e9rieur Raz Frezoli<\/h2>\n<p>Prix avec frais de port<\/p>\n<p>Lampe d'ext\u00e9rieur \u00e9l\u00e9gante en aluminium gris \/ zinc. S'adapte aussi bien aux environnements modernes qu'aux environnements ruraux.<\/p>\n<p>Les luminaires Frezoli ont un aspect contemporain, robuste et non poli, avec un caract\u00e8re industriel. Le verre sabl\u00e9 permet une bonne r\u00e9partition de la lumi\u00e8re.<\/p>\n<p>Le grand abat-jour donne \u00e0 la lampe d'ext\u00e9rieur un aspect encore plus robuste. Les pi\u00e8ces coul\u00e9es grossi\u00e8rement avec des ailettes de refroidissement accentuent le caract\u00e8re industriel. Convient pour le secteur r\u00e9sidentiel, l'h\u00f4tellerie, les bureaux, les h\u00f4tels et ...<\/p>\n<p>Frezoli lampe d'ext\u00e9rieur industrielle, lampe murale, \u00e9clairage d'ext\u00e9rieur<\/p>\n<ul>\n<li>Num\u00e9ro d'article : L.816.1.800<\/li>\n<li>Mat\u00e9riau : Aluminium<\/li>\n<li>Couleur : Gris<\/li>\n<li>Largeur : n.d.<\/li>\n<li>Profondeur : 430 mm<\/li>\n<li>Diam\u00e8tre de la base : n.d. Diam\u00e8tre<\/li>\n<li>Capot : 320 mm<\/li>\n<\/ul>\n<p>Eclairage industriel Frezoli<\/p>\n<p>Avant que l'\u00e9clairage fluorescent ne fasse son apparition en masse, les halls industriels, les entrep\u00f4ts et les ateliers \u00e9taient souvent \u00e9clair\u00e9s par de vieilles et lourdes lampes d'usine suspendues \u00e0 des cha\u00eenes ou \u00e0 d'\u00e9pais fils d'acier.<\/p>\n<p>Dans les ann\u00e9es 1980, de plus en plus de b\u00e2timents industriels ont \u00e9t\u00e9 transform\u00e9s en studios et en espaces de vie. Ces espaces se caract\u00e9risent par des pi\u00e8ces dot\u00e9es de hautes fen\u00eatres, de poutres en bois ou en acier et de sols en b\u00e9ton ou en bois. Les anciennes lampes industrielles d'origine sont souvent rest\u00e9es en place pour pr\u00e9server l'atmosph\u00e8re des lieux.<\/p>\n<p>Ce style loft conna\u00eet un tel succ\u00e8s qu'au cours des derni\u00e8res ann\u00e9es, de nombreux projets de construction et de r\u00e9novation ont \u00e9galement \u00e9t\u00e9 con\u00e7us dans ce style. L'\u00e9clairage Frezoli a un aspect contemporain, dur et non poli, avec un caract\u00e8re industriel d'autrefois.<\/p>","protected":false},"excerpt":{"rendered":"<p>Lampe d'ext\u00e9rieur industrielle Raz Frezoli, en aluminium gris (zinc), abat-jour en verre d\u00e9poli blanc. <strong>Prix avec frais de port<\/strong><\/p>","protected":false},"featured_media":10943,"comment_status":"open","ping_status":"closed","template":"","meta":{"_acf_changed":false},"product_brand":[],"product_cat":[18],"product_tag":[318,1427,1426],"class_list":{"0":"post-580","1":"product","2":"type-product","3":"status-publish","4":"has-post-thumbnail","6":"product_cat-verlichting","7":"product_tag-buitenlamp","8":"product_tag-frezoli","9":"product_tag-raz","11":"first","12":"onbackorder","13":"taxable","14":"shipping-taxable","15":"purchasable","16":"product-type-simple"},"acf":[],"yoast_head":"<!-- This site is optimized with the Yoast SEO plugin v27.5 - https:\/\/yoast.com\/product\/yoast-seo-wordpress\/ -->\n<title>Raz Frezoli industriele buitenlamp, Prijs incl. verzendkosten &#8211; Bula Outdoor<\/title>\n<meta name=\"description\" content=\"Frezoli industri\u00eble buitenlamp, wandlamp, buitenverlichting Artikelnummer: L.816.1.800, eigentijdse, stoere, ongepolijste uitstraling.\" \/>\n<meta name=\"robots\" content=\"index, follow, max-snippet:-1, max-image-preview:large, max-video-preview:-1\" \/>\n<link rel=\"canonical\" href=\"https:\/\/bulaoutdoor.nl\/fr\/produit\/raz-frezoli-lampe-industrielle-dexterieur-en-aluminium-gris-couleur-zinc-abat-jour-en-verre-depoli-blanc\/\" \/>\n<meta property=\"og:locale\" content=\"fr_FR\" \/>\n<meta property=\"og:type\" content=\"article\" \/>\n<meta property=\"og:title\" content=\"Raz Frezoli industriele buitenlamp, Prijs incl. verzendkosten &#8211; Bula Outdoor\" \/>\n<meta property=\"og:description\" content=\"Frezoli industri\u00eble buitenlamp, wandlamp, buitenverlichting Artikelnummer: L.816.1.800, eigentijdse, stoere, ongepolijste uitstraling.\" \/>\n<meta property=\"og:url\" content=\"https:\/\/bulaoutdoor.nl\/fr\/produit\/raz-frezoli-lampe-industrielle-dexterieur-en-aluminium-gris-couleur-zinc-abat-jour-en-verre-depoli-blanc\/\" \/>\n<meta property=\"og:site_name\" content=\"Bula Outdoor\" \/>\n<meta property=\"article:modified_time\" content=\"2025-10-05T15:58:31+00:00\" \/>\n<meta property=\"og:image\" content=\"https:\/\/bulaoutdoor.nl\/wp-content\/uploads\/2018\/05\/raz-frezoli-outdoor-lamp_3479_1_G_SCALED.jpg\" \/>\n\t<meta property=\"og:image:width\" content=\"500\" \/>\n\t<meta property=\"og:image:height\" content=\"500\" \/>\n\t<meta property=\"og:image:type\" content=\"image\/jpeg\" \/>\n<meta name=\"twitter:card\" content=\"summary_large_image\" \/>\n<meta name=\"twitter:label1\" content=\"Dur\u00e9e de lecture estim\u00e9e\" \/>\n\t<meta name=\"twitter:data1\" content=\"2 minutes\" \/>\n<script type=\"application\/ld+json\" class=\"yoast-schema-graph\">{\"@context\":\"https:\\\/\\\/schema.org\",\"@graph\":[{\"@type\":\"WebPage\",\"@id\":\"https:\\\/\\\/bulaoutdoor.nl\\\/product\\\/raz-frezoli-industriele-buitenlamp-in-grijs-aluminium-zink-kleur-wit-mat-glazen-afdichting-kap\\\/\",\"url\":\"https:\\\/\\\/bulaoutdoor.nl\\\/product\\\/raz-frezoli-industriele-buitenlamp-in-grijs-aluminium-zink-kleur-wit-mat-glazen-afdichting-kap\\\/\",\"name\":\"Raz Frezoli industriele buitenlamp, Prijs incl. verzendkosten &#8211; Bula Outdoor\",\"isPartOf\":{\"@id\":\"https:\\\/\\\/bulaoutdoor.nl\\\/#website\"},\"primaryImageOfPage\":{\"@id\":\"https:\\\/\\\/bulaoutdoor.nl\\\/product\\\/raz-frezoli-industriele-buitenlamp-in-grijs-aluminium-zink-kleur-wit-mat-glazen-afdichting-kap\\\/#primaryimage\"},\"image\":{\"@id\":\"https:\\\/\\\/bulaoutdoor.nl\\\/product\\\/raz-frezoli-industriele-buitenlamp-in-grijs-aluminium-zink-kleur-wit-mat-glazen-afdichting-kap\\\/#primaryimage\"},\"thumbnailUrl\":\"https:\\\/\\\/bulaoutdoor.nl\\\/wp-content\\\/uploads\\\/2018\\\/05\\\/raz-frezoli-outdoor-lamp_3479_1_G_SCALED.jpg\",\"datePublished\":\"2018-05-27T09:23:05+00:00\",\"dateModified\":\"2025-10-05T15:58:31+00:00\",\"description\":\"Frezoli industri\u00eble buitenlamp, wandlamp, buitenverlichting Artikelnummer: L.816.1.800, eigentijdse, stoere, ongepolijste uitstraling.\",\"breadcrumb\":{\"@id\":\"https:\\\/\\\/bulaoutdoor.nl\\\/product\\\/raz-frezoli-industriele-buitenlamp-in-grijs-aluminium-zink-kleur-wit-mat-glazen-afdichting-kap\\\/#breadcrumb\"},\"inLanguage\":\"fr-FR\",\"potentialAction\":[{\"@type\":\"ReadAction\",\"target\":[\"https:\\\/\\\/bulaoutdoor.nl\\\/product\\\/raz-frezoli-industriele-buitenlamp-in-grijs-aluminium-zink-kleur-wit-mat-glazen-afdichting-kap\\\/\"]}]},{\"@type\":\"ImageObject\",\"inLanguage\":\"fr-FR\",\"@id\":\"https:\\\/\\\/bulaoutdoor.nl\\\/product\\\/raz-frezoli-industriele-buitenlamp-in-grijs-aluminium-zink-kleur-wit-mat-glazen-afdichting-kap\\\/#primaryimage\",\"url\":\"https:\\\/\\\/bulaoutdoor.nl\\\/wp-content\\\/uploads\\\/2018\\\/05\\\/raz-frezoli-outdoor-lamp_3479_1_G_SCALED.jpg\",\"contentUrl\":\"https:\\\/\\\/bulaoutdoor.nl\\\/wp-content\\\/uploads\\\/2018\\\/05\\\/raz-frezoli-outdoor-lamp_3479_1_G_SCALED.jpg\",\"width\":500,\"height\":500},{\"@type\":\"BreadcrumbList\",\"@id\":\"https:\\\/\\\/bulaoutdoor.nl\\\/product\\\/raz-frezoli-industriele-buitenlamp-in-grijs-aluminium-zink-kleur-wit-mat-glazen-afdichting-kap\\\/#breadcrumb\",\"itemListElement\":[{\"@type\":\"ListItem\",\"position\":1,\"name\":\"Home\",\"item\":\"https:\\\/\\\/bulaoutdoor.nl\\\/\"},{\"@type\":\"ListItem\",\"position\":2,\"name\":\"Online BBQ kopen\",\"item\":\"https:\\\/\\\/bulaoutdoor.nl\\\/\"},{\"@type\":\"ListItem\",\"position\":3,\"name\":\"Raz Frezoli industriele buitenlamp, Prijs incl. verzendkosten\"}]},{\"@type\":\"WebSite\",\"@id\":\"https:\\\/\\\/bulaoutdoor.nl\\\/#website\",\"url\":\"https:\\\/\\\/bulaoutdoor.nl\\\/\",\"name\":\"Bula Outdoor\",\"description\":\"Voor uw buitenhaard, BBQ, tuinfakkel en houtoven\",\"publisher\":{\"@id\":\"https:\\\/\\\/bulaoutdoor.nl\\\/#organization\"},\"potentialAction\":[{\"@type\":\"SearchAction\",\"target\":{\"@type\":\"EntryPoint\",\"urlTemplate\":\"https:\\\/\\\/bulaoutdoor.nl\\\/?s={search_term_string}\"},\"query-input\":{\"@type\":\"PropertyValueSpecification\",\"valueRequired\":true,\"valueName\":\"search_term_string\"}}],\"inLanguage\":\"fr-FR\"},{\"@type\":\"Organization\",\"@id\":\"https:\\\/\\\/bulaoutdoor.nl\\\/#organization\",\"name\":\"Bula Outdoor\",\"url\":\"https:\\\/\\\/bulaoutdoor.nl\\\/\",\"logo\":{\"@type\":\"ImageObject\",\"inLanguage\":\"fr-FR\",\"@id\":\"https:\\\/\\\/bulaoutdoor.nl\\\/#\\\/schema\\\/logo\\\/image\\\/\",\"url\":\"https:\\\/\\\/www.bulaoutdoor.nl\\\/wp-content\\\/uploads\\\/2018\\\/04\\\/bulaoutdoor-logo.png\",\"contentUrl\":\"https:\\\/\\\/www.bulaoutdoor.nl\\\/wp-content\\\/uploads\\\/2018\\\/04\\\/bulaoutdoor-logo.png\",\"width\":324,\"height\":91,\"caption\":\"Bula Outdoor\"},\"image\":{\"@id\":\"https:\\\/\\\/bulaoutdoor.nl\\\/#\\\/schema\\\/logo\\\/image\\\/\"}}]}<\/script>\n<!-- \/ Yoast SEO plugin. -->","yoast_head_json":{"title":"Raz Frezoli lampe d'ext\u00e9rieur industrielle, Prix avec frais d'exp\u00e9dition - Bula Outdoor","description":"Frezoli lampe industrielle d'ext\u00e9rieur, applique murale, \u00e9clairage d'ext\u00e9rieur Num\u00e9ro d'article : L.816.1.800, aspect contemporain, dur, non poli.","robots":{"index":"index","follow":"follow","max-snippet":"max-snippet:-1","max-image-preview":"max-image-preview:large","max-video-preview":"max-video-preview:-1"},"canonical":"https:\/\/bulaoutdoor.nl\/fr\/produit\/raz-frezoli-lampe-industrielle-dexterieur-en-aluminium-gris-couleur-zinc-abat-jour-en-verre-depoli-blanc\/","og_locale":"fr_FR","og_type":"article","og_title":"Raz Frezoli industriele buitenlamp, Prijs incl. verzendkosten &#8211; Bula Outdoor","og_description":"Frezoli industri\u00eble buitenlamp, wandlamp, buitenverlichting Artikelnummer: L.816.1.800, eigentijdse, stoere, ongepolijste uitstraling.","og_url":"https:\/\/bulaoutdoor.nl\/fr\/produit\/raz-frezoli-lampe-industrielle-dexterieur-en-aluminium-gris-couleur-zinc-abat-jour-en-verre-depoli-blanc\/","og_site_name":"Bula Outdoor","article_modified_time":"2025-10-05T15:58:31+00:00","og_image":[{"width":500,"height":500,"url":"https:\/\/bulaoutdoor.nl\/wp-content\/uploads\/2018\/05\/raz-frezoli-outdoor-lamp_3479_1_G_SCALED.jpg","type":"image\/jpeg"}],"twitter_card":"summary_large_image","twitter_misc":{"Dur\u00e9e de lecture estim\u00e9e":"2 minutes"},"schema":{"@context":"https:\/\/schema.org","@graph":[{"@type":"WebPage","@id":"https:\/\/bulaoutdoor.nl\/product\/raz-frezoli-industriele-buitenlamp-in-grijs-aluminium-zink-kleur-wit-mat-glazen-afdichting-kap\/","url":"https:\/\/bulaoutdoor.nl\/product\/raz-frezoli-industriele-buitenlamp-in-grijs-aluminium-zink-kleur-wit-mat-glazen-afdichting-kap\/","name":"Raz Frezoli lampe d'ext\u00e9rieur industrielle, Prix avec frais d'exp\u00e9dition - Bula Outdoor","isPartOf":{"@id":"https:\/\/bulaoutdoor.nl\/#website"},"primaryImageOfPage":{"@id":"https:\/\/bulaoutdoor.nl\/product\/raz-frezoli-industriele-buitenlamp-in-grijs-aluminium-zink-kleur-wit-mat-glazen-afdichting-kap\/#primaryimage"},"image":{"@id":"https:\/\/bulaoutdoor.nl\/product\/raz-frezoli-industriele-buitenlamp-in-grijs-aluminium-zink-kleur-wit-mat-glazen-afdichting-kap\/#primaryimage"},"thumbnailUrl":"https:\/\/bulaoutdoor.nl\/wp-content\/uploads\/2018\/05\/raz-frezoli-outdoor-lamp_3479_1_G_SCALED.jpg","datePublished":"2018-05-27T09:23:05+00:00","dateModified":"2025-10-05T15:58:31+00:00","description":"Frezoli lampe industrielle d'ext\u00e9rieur, applique murale, \u00e9clairage d'ext\u00e9rieur Num\u00e9ro d'article : L.816.1.800, aspect contemporain, dur, non poli.","breadcrumb":{"@id":"https:\/\/bulaoutdoor.nl\/product\/raz-frezoli-industriele-buitenlamp-in-grijs-aluminium-zink-kleur-wit-mat-glazen-afdichting-kap\/#breadcrumb"},"inLanguage":"fr-FR","potentialAction":[{"@type":"ReadAction","target":["https:\/\/bulaoutdoor.nl\/product\/raz-frezoli-industriele-buitenlamp-in-grijs-aluminium-zink-kleur-wit-mat-glazen-afdichting-kap\/"]}]},{"@type":"ImageObject","inLanguage":"fr-FR","@id":"https:\/\/bulaoutdoor.nl\/product\/raz-frezoli-industriele-buitenlamp-in-grijs-aluminium-zink-kleur-wit-mat-glazen-afdichting-kap\/#primaryimage","url":"https:\/\/bulaoutdoor.nl\/wp-content\/uploads\/2018\/05\/raz-frezoli-outdoor-lamp_3479_1_G_SCALED.jpg","contentUrl":"https:\/\/bulaoutdoor.nl\/wp-content\/uploads\/2018\/05\/raz-frezoli-outdoor-lamp_3479_1_G_SCALED.jpg","width":500,"height":500},{"@type":"BreadcrumbList","@id":"https:\/\/bulaoutdoor.nl\/product\/raz-frezoli-industriele-buitenlamp-in-grijs-aluminium-zink-kleur-wit-mat-glazen-afdichting-kap\/#breadcrumb","itemListElement":[{"@type":"ListItem","position":1,"name":"Home","item":"https:\/\/bulaoutdoor.nl\/"},{"@type":"ListItem","position":2,"name":"Online BBQ kopen","item":"https:\/\/bulaoutdoor.nl\/"},{"@type":"ListItem","position":3,"name":"Raz Frezoli industriele buitenlamp, Prijs incl. verzendkosten"}]},{"@type":"WebSite","@id":"https:\/\/bulaoutdoor.nl\/#website","url":"https:\/\/bulaoutdoor.nl\/","name":"Bula Outdoor","description":"Pour votre chemin\u00e9e ext\u00e9rieure, votre barbecue, votre torche de jardin et votre four \u00e0 bois","publisher":{"@id":"https:\/\/bulaoutdoor.nl\/#organization"},"potentialAction":[{"@type":"SearchAction","target":{"@type":"EntryPoint","urlTemplate":"https:\/\/bulaoutdoor.nl\/?s={search_term_string}"},"query-input":{"@type":"PropertyValueSpecification","valueRequired":true,"valueName":"search_term_string"}}],"inLanguage":"fr-FR"},{"@type":"Organization","@id":"https:\/\/bulaoutdoor.nl\/#organization","name":"Bula Outdoor","url":"https:\/\/bulaoutdoor.nl\/","logo":{"@type":"ImageObject","inLanguage":"fr-FR","@id":"https:\/\/bulaoutdoor.nl\/#\/schema\/logo\/image\/","url":"https:\/\/www.bulaoutdoor.nl\/wp-content\/uploads\/2018\/04\/bulaoutdoor-logo.png","contentUrl":"https:\/\/www.bulaoutdoor.nl\/wp-content\/uploads\/2018\/04\/bulaoutdoor-logo.png","width":324,"height":91,"caption":"Bula Outdoor"},"image":{"@id":"https:\/\/bulaoutdoor.nl\/#\/schema\/logo\/image\/"}}]}},"jetpack_sharing_enabled":true,"_links":{"self":[{"href":"https:\/\/bulaoutdoor.nl\/fr\/wp-json\/wp\/v2\/product\/580","targetHints":{"allow":["GET"]}}],"collection":[{"href":"https:\/\/bulaoutdoor.nl\/fr\/wp-json\/wp\/v2\/product"}],"about":[{"href":"https:\/\/bulaoutdoor.nl\/fr\/wp-json\/wp\/v2\/types\/product"}],"replies":[{"embeddable":true,"href":"https:\/\/bulaoutdoor.nl\/fr\/wp-json\/wp\/v2\/comments?post=580"}],"wp:featuredmedia":[{"embeddable":true,"href":"https:\/\/bulaoutdoor.nl\/fr\/wp-json\/wp\/v2\/media\/10943"}],"wp:attachment":[{"href":"https:\/\/bulaoutdoor.nl\/fr\/wp-json\/wp\/v2\/media?parent=580"}],"wp:term":[{"taxonomy":"product_brand","embeddable":true,"href":"https:\/\/bulaoutdoor.nl\/fr\/wp-json\/wp\/v2\/product_brand?post=580"},{"taxonomy":"product_cat","embeddable":true,"href":"https:\/\/bulaoutdoor.nl\/fr\/wp-json\/wp\/v2\/product_cat?post=580"},{"taxonomy":"product_tag","embeddable":true,"href":"https:\/\/bulaoutdoor.nl\/fr\/wp-json\/wp\/v2\/product_tag?post=580"}],"curies":[{"name":"wp","href":"https:\/\/api.w.org\/{rel}","templated":true}]}}