{"id":587,"date":"2018-05-27T09:23:07","date_gmt":"2018-05-27T09:23:07","guid":{"rendered":"http:\/\/www.bulaoutdoor.nl\/product\/import-placeholder-for-137\/"},"modified":"2024-11-14T08:24:50","modified_gmt":"2024-11-14T08:24:50","slug":"dos-frezoli-spot-pour-exterieur-l-820-1-800","status":"publish","type":"product","link":"https:\/\/bulaoutdoor.nl\/fr\/product\/dos-frezoli-spot-voor-buiten-l-820-1-800\/","title":{"rendered":"Spot Dos Frezoli pour l'ext\u00e9rieur L.820.1.800"},"content":{"rendered":"<h2>Dos Frezoli spot Applique\/plafonnier pour l'ext\u00e9rieur<\/h2>\n<ul>\n<li>Prix avec frais de port<\/li>\n<li>GU 10 Spot halog\u00e8ne 230V<\/li>\n<\/ul>\n<p>Un spot \u00e9l\u00e9gant en couleur aluminium. Pour montage mural ou au plafond. Frezoli lampe d'ext\u00e9rieur, applique, \u00e9clairage d'ext\u00e9rieur<\/p>\n<p>Num\u00e9ro d'article : L.820.1.800<\/p>\n<p>Mat\u00e9riau : Aluminium<\/p>\n<p>Couleur : Aluminium<\/p>\n<p>Hauteur : 110 mm<\/p>\n<p>Largeur : 80 mm<\/p>\n<p>Profondeur : 140 mm<\/p>\n<p><strong>Eclairage industriel Frezoli<\/strong><\/p>\n<p>Avant que l'\u00e9clairage fluorescent ne fasse son apparition en masse, les halls industriels, les entrep\u00f4ts et les ateliers \u00e9taient souvent \u00e9clair\u00e9s par de vieilles lampes d'usine lourdes, suspendues \u00e0 des cha\u00eenes ou \u00e0 d'\u00e9pais fils d'acier. Dans les ann\u00e9es 1980, de plus en plus de b\u00e2timents industriels ont \u00e9t\u00e9 transform\u00e9s en studios et en espaces de vie. Ces espaces se caract\u00e9risent par des pi\u00e8ces dot\u00e9es de hautes fen\u00eatres, de poutres de soutien en bois ou en acier et de sols en b\u00e9ton ou en bois. Les anciennes lampes industrielles d'origine sont souvent rest\u00e9es en place pour pr\u00e9server l'atmosph\u00e8re des lieux. Ce style loft conna\u00eet un tel succ\u00e8s que, ces derni\u00e8res ann\u00e9es, de nombreux projets de construction et de r\u00e9novation sont \u00e9galement con\u00e7us dans ce style. Les luminaires Frezoli ont un aspect contemporain, dur et non poli, avec un caract\u00e8re industriel d'autrefois.<\/p>","protected":false},"excerpt":{"rendered":"<p>Spot Dos Frezoli pour l'ext\u00e9rieur L.820.1.800<\/p>","protected":false},"featured_media":650,"comment_status":"open","ping_status":"closed","template":"","meta":{"_acf_changed":false},"product_brand":[],"product_cat":[18],"product_tag":[],"class_list":{"0":"post-587","1":"product","2":"type-product","3":"status-publish","4":"has-post-thumbnail","6":"product_cat-verlichting","8":"first","9":"onbackorder","10":"virtual","11":"taxable","12":"purchasable","13":"product-type-simple"},"acf":[],"yoast_head":"<!-- This site is optimized with the Yoast SEO plugin v27.5 - https:\/\/yoast.com\/product\/yoast-seo-wordpress\/ -->\n<title>Dos Frezoli spot voor buiten L.820.1.800 &#8211; Bula Outdoor<\/title>\n<meta name=\"robots\" content=\"index, follow, max-snippet:-1, max-image-preview:large, max-video-preview:-1\" \/>\n<link rel=\"canonical\" href=\"https:\/\/bulaoutdoor.nl\/fr\/produit\/dos-frezoli-spot-pour-exterieur-l-820-1-800\/\" \/>\n<meta property=\"og:locale\" content=\"fr_FR\" \/>\n<meta property=\"og:type\" content=\"article\" \/>\n<meta property=\"og:title\" content=\"Dos Frezoli spot voor buiten L.820.1.800 &#8211; Bula Outdoor\" \/>\n<meta property=\"og:description\" content=\"Dos Frezoli spot voor buiten L.820.1.800\" \/>\n<meta property=\"og:url\" content=\"https:\/\/bulaoutdoor.nl\/fr\/produit\/dos-frezoli-spot-pour-exterieur-l-820-1-800\/\" \/>\n<meta property=\"og:site_name\" content=\"Bula Outdoor\" \/>\n<meta property=\"article:modified_time\" content=\"2024-11-14T08:24:50+00:00\" \/>\n<meta property=\"og:image\" content=\"https:\/\/bulaoutdoor.nl\/wp-content\/uploads\/2018\/05\/dos-wand-plafondlamp-voor-buiten-gebruik_3489_1_G.jpg\" \/>\n\t<meta property=\"og:image:width\" content=\"243\" \/>\n\t<meta property=\"og:image:height\" content=\"190\" \/>\n\t<meta property=\"og:image:type\" content=\"image\/jpeg\" \/>\n<meta name=\"twitter:card\" content=\"summary_large_image\" \/>\n<meta name=\"twitter:label1\" content=\"Dur\u00e9e de lecture estim\u00e9e\" \/>\n\t<meta name=\"twitter:data1\" content=\"1 minute\" \/>\n<script type=\"application\/ld+json\" class=\"yoast-schema-graph\">{\"@context\":\"https:\\\/\\\/schema.org\",\"@graph\":[{\"@type\":\"WebPage\",\"@id\":\"https:\\\/\\\/bulaoutdoor.nl\\\/product\\\/dos-frezoli-spot-voor-buiten-l-820-1-800\\\/\",\"url\":\"https:\\\/\\\/bulaoutdoor.nl\\\/product\\\/dos-frezoli-spot-voor-buiten-l-820-1-800\\\/\",\"name\":\"Dos Frezoli spot voor buiten L.820.1.800 &#8211; Bula Outdoor\",\"isPartOf\":{\"@id\":\"https:\\\/\\\/bulaoutdoor.nl\\\/#website\"},\"primaryImageOfPage\":{\"@id\":\"https:\\\/\\\/bulaoutdoor.nl\\\/product\\\/dos-frezoli-spot-voor-buiten-l-820-1-800\\\/#primaryimage\"},\"image\":{\"@id\":\"https:\\\/\\\/bulaoutdoor.nl\\\/product\\\/dos-frezoli-spot-voor-buiten-l-820-1-800\\\/#primaryimage\"},\"thumbnailUrl\":\"https:\\\/\\\/bulaoutdoor.nl\\\/wp-content\\\/uploads\\\/2018\\\/05\\\/dos-wand-plafondlamp-voor-buiten-gebruik_3489_1_G.jpg\",\"datePublished\":\"2018-05-27T09:23:07+00:00\",\"dateModified\":\"2024-11-14T08:24:50+00:00\",\"breadcrumb\":{\"@id\":\"https:\\\/\\\/bulaoutdoor.nl\\\/product\\\/dos-frezoli-spot-voor-buiten-l-820-1-800\\\/#breadcrumb\"},\"inLanguage\":\"fr-FR\",\"potentialAction\":[{\"@type\":\"ReadAction\",\"target\":[\"https:\\\/\\\/bulaoutdoor.nl\\\/product\\\/dos-frezoli-spot-voor-buiten-l-820-1-800\\\/\"]}]},{\"@type\":\"ImageObject\",\"inLanguage\":\"fr-FR\",\"@id\":\"https:\\\/\\\/bulaoutdoor.nl\\\/product\\\/dos-frezoli-spot-voor-buiten-l-820-1-800\\\/#primaryimage\",\"url\":\"https:\\\/\\\/bulaoutdoor.nl\\\/wp-content\\\/uploads\\\/2018\\\/05\\\/dos-wand-plafondlamp-voor-buiten-gebruik_3489_1_G.jpg\",\"contentUrl\":\"https:\\\/\\\/bulaoutdoor.nl\\\/wp-content\\\/uploads\\\/2018\\\/05\\\/dos-wand-plafondlamp-voor-buiten-gebruik_3489_1_G.jpg\",\"width\":243,\"height\":190},{\"@type\":\"BreadcrumbList\",\"@id\":\"https:\\\/\\\/bulaoutdoor.nl\\\/product\\\/dos-frezoli-spot-voor-buiten-l-820-1-800\\\/#breadcrumb\",\"itemListElement\":[{\"@type\":\"ListItem\",\"position\":1,\"name\":\"Home\",\"item\":\"https:\\\/\\\/bulaoutdoor.nl\\\/\"},{\"@type\":\"ListItem\",\"position\":2,\"name\":\"Online BBQ kopen\",\"item\":\"https:\\\/\\\/bulaoutdoor.nl\\\/\"},{\"@type\":\"ListItem\",\"position\":3,\"name\":\"Dos Frezoli spot voor buiten L.820.1.800\"}]},{\"@type\":\"WebSite\",\"@id\":\"https:\\\/\\\/bulaoutdoor.nl\\\/#website\",\"url\":\"https:\\\/\\\/bulaoutdoor.nl\\\/\",\"name\":\"Bula Outdoor\",\"description\":\"Voor uw buitenhaard, BBQ, tuinfakkel en houtoven\",\"publisher\":{\"@id\":\"https:\\\/\\\/bulaoutdoor.nl\\\/#organization\"},\"potentialAction\":[{\"@type\":\"SearchAction\",\"target\":{\"@type\":\"EntryPoint\",\"urlTemplate\":\"https:\\\/\\\/bulaoutdoor.nl\\\/?s={search_term_string}\"},\"query-input\":{\"@type\":\"PropertyValueSpecification\",\"valueRequired\":true,\"valueName\":\"search_term_string\"}}],\"inLanguage\":\"fr-FR\"},{\"@type\":\"Organization\",\"@id\":\"https:\\\/\\\/bulaoutdoor.nl\\\/#organization\",\"name\":\"Bula Outdoor\",\"url\":\"https:\\\/\\\/bulaoutdoor.nl\\\/\",\"logo\":{\"@type\":\"ImageObject\",\"inLanguage\":\"fr-FR\",\"@id\":\"https:\\\/\\\/bulaoutdoor.nl\\\/#\\\/schema\\\/logo\\\/image\\\/\",\"url\":\"https:\\\/\\\/www.bulaoutdoor.nl\\\/wp-content\\\/uploads\\\/2018\\\/04\\\/bulaoutdoor-logo.png\",\"contentUrl\":\"https:\\\/\\\/www.bulaoutdoor.nl\\\/wp-content\\\/uploads\\\/2018\\\/04\\\/bulaoutdoor-logo.png\",\"width\":324,\"height\":91,\"caption\":\"Bula Outdoor\"},\"image\":{\"@id\":\"https:\\\/\\\/bulaoutdoor.nl\\\/#\\\/schema\\\/logo\\\/image\\\/\"}}]}<\/script>\n<!-- \/ Yoast SEO plugin. -->","yoast_head_json":{"title":"Spot Dos Frezoli pour ext\u00e9rieur L.820.1.800 - Bula Outdoor","robots":{"index":"index","follow":"follow","max-snippet":"max-snippet:-1","max-image-preview":"max-image-preview:large","max-video-preview":"max-video-preview:-1"},"canonical":"https:\/\/bulaoutdoor.nl\/fr\/produit\/dos-frezoli-spot-pour-exterieur-l-820-1-800\/","og_locale":"fr_FR","og_type":"article","og_title":"Dos Frezoli spot voor buiten L.820.1.800 &#8211; Bula Outdoor","og_description":"Dos Frezoli spot voor buiten L.820.1.800","og_url":"https:\/\/bulaoutdoor.nl\/fr\/produit\/dos-frezoli-spot-pour-exterieur-l-820-1-800\/","og_site_name":"Bula Outdoor","article_modified_time":"2024-11-14T08:24:50+00:00","og_image":[{"width":243,"height":190,"url":"https:\/\/bulaoutdoor.nl\/wp-content\/uploads\/2018\/05\/dos-wand-plafondlamp-voor-buiten-gebruik_3489_1_G.jpg","type":"image\/jpeg"}],"twitter_card":"summary_large_image","twitter_misc":{"Dur\u00e9e de lecture estim\u00e9e":"1 minute"},"schema":{"@context":"https:\/\/schema.org","@graph":[{"@type":"WebPage","@id":"https:\/\/bulaoutdoor.nl\/product\/dos-frezoli-spot-voor-buiten-l-820-1-800\/","url":"https:\/\/bulaoutdoor.nl\/product\/dos-frezoli-spot-voor-buiten-l-820-1-800\/","name":"Spot Dos Frezoli pour ext\u00e9rieur L.820.1.800 - Bula Outdoor","isPartOf":{"@id":"https:\/\/bulaoutdoor.nl\/#website"},"primaryImageOfPage":{"@id":"https:\/\/bulaoutdoor.nl\/product\/dos-frezoli-spot-voor-buiten-l-820-1-800\/#primaryimage"},"image":{"@id":"https:\/\/bulaoutdoor.nl\/product\/dos-frezoli-spot-voor-buiten-l-820-1-800\/#primaryimage"},"thumbnailUrl":"https:\/\/bulaoutdoor.nl\/wp-content\/uploads\/2018\/05\/dos-wand-plafondlamp-voor-buiten-gebruik_3489_1_G.jpg","datePublished":"2018-05-27T09:23:07+00:00","dateModified":"2024-11-14T08:24:50+00:00","breadcrumb":{"@id":"https:\/\/bulaoutdoor.nl\/product\/dos-frezoli-spot-voor-buiten-l-820-1-800\/#breadcrumb"},"inLanguage":"fr-FR","potentialAction":[{"@type":"ReadAction","target":["https:\/\/bulaoutdoor.nl\/product\/dos-frezoli-spot-voor-buiten-l-820-1-800\/"]}]},{"@type":"ImageObject","inLanguage":"fr-FR","@id":"https:\/\/bulaoutdoor.nl\/product\/dos-frezoli-spot-voor-buiten-l-820-1-800\/#primaryimage","url":"https:\/\/bulaoutdoor.nl\/wp-content\/uploads\/2018\/05\/dos-wand-plafondlamp-voor-buiten-gebruik_3489_1_G.jpg","contentUrl":"https:\/\/bulaoutdoor.nl\/wp-content\/uploads\/2018\/05\/dos-wand-plafondlamp-voor-buiten-gebruik_3489_1_G.jpg","width":243,"height":190},{"@type":"BreadcrumbList","@id":"https:\/\/bulaoutdoor.nl\/product\/dos-frezoli-spot-voor-buiten-l-820-1-800\/#breadcrumb","itemListElement":[{"@type":"ListItem","position":1,"name":"Home","item":"https:\/\/bulaoutdoor.nl\/"},{"@type":"ListItem","position":2,"name":"Online BBQ kopen","item":"https:\/\/bulaoutdoor.nl\/"},{"@type":"ListItem","position":3,"name":"Dos Frezoli spot voor buiten L.820.1.800"}]},{"@type":"WebSite","@id":"https:\/\/bulaoutdoor.nl\/#website","url":"https:\/\/bulaoutdoor.nl\/","name":"Bula Outdoor","description":"Pour votre chemin\u00e9e ext\u00e9rieure, votre barbecue, votre torche de jardin et votre four \u00e0 bois","publisher":{"@id":"https:\/\/bulaoutdoor.nl\/#organization"},"potentialAction":[{"@type":"SearchAction","target":{"@type":"EntryPoint","urlTemplate":"https:\/\/bulaoutdoor.nl\/?s={search_term_string}"},"query-input":{"@type":"PropertyValueSpecification","valueRequired":true,"valueName":"search_term_string"}}],"inLanguage":"fr-FR"},{"@type":"Organization","@id":"https:\/\/bulaoutdoor.nl\/#organization","name":"Bula Outdoor","url":"https:\/\/bulaoutdoor.nl\/","logo":{"@type":"ImageObject","inLanguage":"fr-FR","@id":"https:\/\/bulaoutdoor.nl\/#\/schema\/logo\/image\/","url":"https:\/\/www.bulaoutdoor.nl\/wp-content\/uploads\/2018\/04\/bulaoutdoor-logo.png","contentUrl":"https:\/\/www.bulaoutdoor.nl\/wp-content\/uploads\/2018\/04\/bulaoutdoor-logo.png","width":324,"height":91,"caption":"Bula Outdoor"},"image":{"@id":"https:\/\/bulaoutdoor.nl\/#\/schema\/logo\/image\/"}}]}},"jetpack_sharing_enabled":true,"_links":{"self":[{"href":"https:\/\/bulaoutdoor.nl\/fr\/wp-json\/wp\/v2\/product\/587","targetHints":{"allow":["GET"]}}],"collection":[{"href":"https:\/\/bulaoutdoor.nl\/fr\/wp-json\/wp\/v2\/product"}],"about":[{"href":"https:\/\/bulaoutdoor.nl\/fr\/wp-json\/wp\/v2\/types\/product"}],"replies":[{"embeddable":true,"href":"https:\/\/bulaoutdoor.nl\/fr\/wp-json\/wp\/v2\/comments?post=587"}],"wp:featuredmedia":[{"embeddable":true,"href":"https:\/\/bulaoutdoor.nl\/fr\/wp-json\/wp\/v2\/media\/650"}],"wp:attachment":[{"href":"https:\/\/bulaoutdoor.nl\/fr\/wp-json\/wp\/v2\/media?parent=587"}],"wp:term":[{"taxonomy":"product_brand","embeddable":true,"href":"https:\/\/bulaoutdoor.nl\/fr\/wp-json\/wp\/v2\/product_brand?post=587"},{"taxonomy":"product_cat","embeddable":true,"href":"https:\/\/bulaoutdoor.nl\/fr\/wp-json\/wp\/v2\/product_cat?post=587"},{"taxonomy":"product_tag","embeddable":true,"href":"https:\/\/bulaoutdoor.nl\/fr\/wp-json\/wp\/v2\/product_tag?post=587"}],"curies":[{"name":"wp","href":"https:\/\/api.w.org\/{rel}","templated":true}]}}