{"id":590,"date":"2018-05-27T09:23:07","date_gmt":"2018-05-27T09:23:07","guid":{"rendered":"http:\/\/www.bulaoutdoor.nl\/product\/import-placeholder-for-148\/"},"modified":"2023-05-01T08:42:58","modified_gmt":"2023-05-01T08:42:58","slug":"cotopaxi-480a%c2%b8-cheminee-dexterieur-en-acier-inoxydable","status":"publish","type":"product","link":"https:\/\/bulaoutdoor.nl\/fr\/product\/cotopaxi-480a%c2%b8-rvs-buitenhaard\/","title":{"rendered":"Chemin\u00e9e d'ext\u00e9rieur Cotopaxi 480\u00f8 en acier inoxydable"},"content":{"rendered":"<h2>Chemin\u00e9e d'ext\u00e9rieur Cotopaxi 480\u00f8 en acier inoxydable<\/h2>\n<p>Une centrale en acier inoxydable indestructible. La chemin\u00e9e de terrasse peut \u00eatre plac\u00e9e librement dans le jardin, mais il est \u00e9galement possible de la placer sous un auvent \u00e0 l'aide d'un conduit de toit.<\/p>\n<p>Nous vous conseillons volontiers. Acier inoxydable, qualit\u00e9 304 R\u00e9sistant \u00e0 la chaleur et aux intemp\u00e9ries Facile \u00e0 d\u00e9placer \u00c9quip\u00e9 de poign\u00e9es en acier inoxydable et d'un pare-pluie Tr\u00e8s bon exutoire de fum\u00e9e Marque : Gardenmaxx<\/p>","protected":false},"excerpt":{"rendered":"<p>Chemin\u00e9e d'ext\u00e9rieur Cotopaxi 480\u00c3\u00b8 en acier inoxydable<\/p>","protected":false},"featured_media":10870,"comment_status":"open","ping_status":"closed","template":"","meta":{"_acf_changed":false},"product_brand":[],"product_cat":[17],"product_tag":[],"class_list":{"0":"post-590","1":"product","2":"type-product","3":"status-publish","4":"has-post-thumbnail","6":"product_cat-bula-tuinhaarden","8":"first","9":"instock","10":"taxable","11":"shipping-taxable","12":"purchasable","13":"product-type-simple"},"acf":[],"yoast_head":"<!-- This site is optimized with the Yoast SEO plugin v27.3 - https:\/\/yoast.com\/product\/yoast-seo-wordpress\/ -->\n<title>Cotopaxi 480\u00f8 RVS Buitenhaard &#8211; Bula Outdoor<\/title>\n<meta name=\"robots\" content=\"index, follow, max-snippet:-1, max-image-preview:large, max-video-preview:-1\" \/>\n<link rel=\"canonical\" href=\"https:\/\/bulaoutdoor.nl\/fr\/produit\/cotopaxi-480a\u00b8-cheminee-dexterieur-en-acier-inoxydable\/\" \/>\n<meta property=\"og:locale\" content=\"fr_FR\" \/>\n<meta property=\"og:type\" content=\"article\" \/>\n<meta property=\"og:title\" content=\"Cotopaxi 480\u00f8 RVS Buitenhaard &#8211; Bula Outdoor\" \/>\n<meta property=\"og:description\" content=\"Cotopaxi 480\u00c3\u00b8 RVS Buitenhaard\" \/>\n<meta property=\"og:url\" content=\"https:\/\/bulaoutdoor.nl\/fr\/produit\/cotopaxi-480a\u00b8-cheminee-dexterieur-en-acier-inoxydable\/\" \/>\n<meta property=\"og:site_name\" content=\"Bula Outdoor\" \/>\n<meta property=\"article:modified_time\" content=\"2023-05-01T08:42:58+00:00\" \/>\n<meta property=\"og:image\" content=\"https:\/\/bulaoutdoor.nl\/wp-content\/uploads\/2018\/05\/cotopaxi-480-rvs-buitenhaard_3494_1_G_SCALED.jpg\" \/>\n\t<meta property=\"og:image:width\" content=\"276\" \/>\n\t<meta property=\"og:image:height\" content=\"301\" \/>\n\t<meta property=\"og:image:type\" content=\"image\/jpeg\" \/>\n<meta name=\"twitter:card\" content=\"summary_large_image\" \/>\n<meta name=\"twitter:label1\" content=\"Dur\u00e9e de lecture estim\u00e9e\" \/>\n\t<meta name=\"twitter:data1\" content=\"1 minute\" \/>\n<script type=\"application\/ld+json\" class=\"yoast-schema-graph\">{\"@context\":\"https:\\\/\\\/schema.org\",\"@graph\":[{\"@type\":\"WebPage\",\"@id\":\"https:\\\/\\\/bulaoutdoor.nl\\\/product\\\/cotopaxi-480a%c2%b8-rvs-buitenhaard\\\/\",\"url\":\"https:\\\/\\\/bulaoutdoor.nl\\\/product\\\/cotopaxi-480a%c2%b8-rvs-buitenhaard\\\/\",\"name\":\"Cotopaxi 480\u00f8 RVS Buitenhaard &#8211; Bula Outdoor\",\"isPartOf\":{\"@id\":\"https:\\\/\\\/bulaoutdoor.nl\\\/#website\"},\"primaryImageOfPage\":{\"@id\":\"https:\\\/\\\/bulaoutdoor.nl\\\/product\\\/cotopaxi-480a%c2%b8-rvs-buitenhaard\\\/#primaryimage\"},\"image\":{\"@id\":\"https:\\\/\\\/bulaoutdoor.nl\\\/product\\\/cotopaxi-480a%c2%b8-rvs-buitenhaard\\\/#primaryimage\"},\"thumbnailUrl\":\"https:\\\/\\\/bulaoutdoor.nl\\\/wp-content\\\/uploads\\\/2018\\\/05\\\/cotopaxi-480-rvs-buitenhaard_3494_1_G_SCALED.jpg\",\"datePublished\":\"2018-05-27T09:23:07+00:00\",\"dateModified\":\"2023-05-01T08:42:58+00:00\",\"breadcrumb\":{\"@id\":\"https:\\\/\\\/bulaoutdoor.nl\\\/product\\\/cotopaxi-480a%c2%b8-rvs-buitenhaard\\\/#breadcrumb\"},\"inLanguage\":\"fr-FR\",\"potentialAction\":[{\"@type\":\"ReadAction\",\"target\":[\"https:\\\/\\\/bulaoutdoor.nl\\\/product\\\/cotopaxi-480a%c2%b8-rvs-buitenhaard\\\/\"]}]},{\"@type\":\"ImageObject\",\"inLanguage\":\"fr-FR\",\"@id\":\"https:\\\/\\\/bulaoutdoor.nl\\\/product\\\/cotopaxi-480a%c2%b8-rvs-buitenhaard\\\/#primaryimage\",\"url\":\"https:\\\/\\\/bulaoutdoor.nl\\\/wp-content\\\/uploads\\\/2018\\\/05\\\/cotopaxi-480-rvs-buitenhaard_3494_1_G_SCALED.jpg\",\"contentUrl\":\"https:\\\/\\\/bulaoutdoor.nl\\\/wp-content\\\/uploads\\\/2018\\\/05\\\/cotopaxi-480-rvs-buitenhaard_3494_1_G_SCALED.jpg\",\"width\":276,\"height\":301},{\"@type\":\"BreadcrumbList\",\"@id\":\"https:\\\/\\\/bulaoutdoor.nl\\\/product\\\/cotopaxi-480a%c2%b8-rvs-buitenhaard\\\/#breadcrumb\",\"itemListElement\":[{\"@type\":\"ListItem\",\"position\":1,\"name\":\"Home\",\"item\":\"https:\\\/\\\/bulaoutdoor.nl\\\/\"},{\"@type\":\"ListItem\",\"position\":2,\"name\":\"Online BBQ kopen\",\"item\":\"https:\\\/\\\/bulaoutdoor.nl\\\/\"},{\"@type\":\"ListItem\",\"position\":3,\"name\":\"Cotopaxi 480\u00f8 RVS Buitenhaard\"}]},{\"@type\":\"WebSite\",\"@id\":\"https:\\\/\\\/bulaoutdoor.nl\\\/#website\",\"url\":\"https:\\\/\\\/bulaoutdoor.nl\\\/\",\"name\":\"Bula Outdoor\",\"description\":\"Voor uw buitenhaard, BBQ, tuinfakkel en houtoven\",\"publisher\":{\"@id\":\"https:\\\/\\\/bulaoutdoor.nl\\\/#organization\"},\"potentialAction\":[{\"@type\":\"SearchAction\",\"target\":{\"@type\":\"EntryPoint\",\"urlTemplate\":\"https:\\\/\\\/bulaoutdoor.nl\\\/?s={search_term_string}\"},\"query-input\":{\"@type\":\"PropertyValueSpecification\",\"valueRequired\":true,\"valueName\":\"search_term_string\"}}],\"inLanguage\":\"fr-FR\"},{\"@type\":\"Organization\",\"@id\":\"https:\\\/\\\/bulaoutdoor.nl\\\/#organization\",\"name\":\"Bula Outdoor\",\"url\":\"https:\\\/\\\/bulaoutdoor.nl\\\/\",\"logo\":{\"@type\":\"ImageObject\",\"inLanguage\":\"fr-FR\",\"@id\":\"https:\\\/\\\/bulaoutdoor.nl\\\/#\\\/schema\\\/logo\\\/image\\\/\",\"url\":\"https:\\\/\\\/www.bulaoutdoor.nl\\\/wp-content\\\/uploads\\\/2018\\\/04\\\/bulaoutdoor-logo.png\",\"contentUrl\":\"https:\\\/\\\/www.bulaoutdoor.nl\\\/wp-content\\\/uploads\\\/2018\\\/04\\\/bulaoutdoor-logo.png\",\"width\":324,\"height\":91,\"caption\":\"Bula Outdoor\"},\"image\":{\"@id\":\"https:\\\/\\\/bulaoutdoor.nl\\\/#\\\/schema\\\/logo\\\/image\\\/\"}}]}<\/script>\n<!-- \/ Yoast SEO plugin. -->","yoast_head_json":{"title":"Chemin\u00e9e d'ext\u00e9rieur Cotopaxi 480\u00f8 en acier inoxydable - Bula Outdoor","robots":{"index":"index","follow":"follow","max-snippet":"max-snippet:-1","max-image-preview":"max-image-preview:large","max-video-preview":"max-video-preview:-1"},"canonical":"https:\/\/bulaoutdoor.nl\/fr\/produit\/cotopaxi-480a\u00b8-cheminee-dexterieur-en-acier-inoxydable\/","og_locale":"fr_FR","og_type":"article","og_title":"Cotopaxi 480\u00f8 RVS Buitenhaard &#8211; Bula Outdoor","og_description":"Cotopaxi 480\u00c3\u00b8 RVS Buitenhaard","og_url":"https:\/\/bulaoutdoor.nl\/fr\/produit\/cotopaxi-480a\u00b8-cheminee-dexterieur-en-acier-inoxydable\/","og_site_name":"Bula Outdoor","article_modified_time":"2023-05-01T08:42:58+00:00","og_image":[{"width":276,"height":301,"url":"https:\/\/bulaoutdoor.nl\/wp-content\/uploads\/2018\/05\/cotopaxi-480-rvs-buitenhaard_3494_1_G_SCALED.jpg","type":"image\/jpeg"}],"twitter_card":"summary_large_image","twitter_misc":{"Dur\u00e9e de lecture estim\u00e9e":"1 minute"},"schema":{"@context":"https:\/\/schema.org","@graph":[{"@type":"WebPage","@id":"https:\/\/bulaoutdoor.nl\/product\/cotopaxi-480a%c2%b8-rvs-buitenhaard\/","url":"https:\/\/bulaoutdoor.nl\/product\/cotopaxi-480a%c2%b8-rvs-buitenhaard\/","name":"Chemin\u00e9e d'ext\u00e9rieur Cotopaxi 480\u00f8 en acier inoxydable - Bula Outdoor","isPartOf":{"@id":"https:\/\/bulaoutdoor.nl\/#website"},"primaryImageOfPage":{"@id":"https:\/\/bulaoutdoor.nl\/product\/cotopaxi-480a%c2%b8-rvs-buitenhaard\/#primaryimage"},"image":{"@id":"https:\/\/bulaoutdoor.nl\/product\/cotopaxi-480a%c2%b8-rvs-buitenhaard\/#primaryimage"},"thumbnailUrl":"https:\/\/bulaoutdoor.nl\/wp-content\/uploads\/2018\/05\/cotopaxi-480-rvs-buitenhaard_3494_1_G_SCALED.jpg","datePublished":"2018-05-27T09:23:07+00:00","dateModified":"2023-05-01T08:42:58+00:00","breadcrumb":{"@id":"https:\/\/bulaoutdoor.nl\/product\/cotopaxi-480a%c2%b8-rvs-buitenhaard\/#breadcrumb"},"inLanguage":"fr-FR","potentialAction":[{"@type":"ReadAction","target":["https:\/\/bulaoutdoor.nl\/product\/cotopaxi-480a%c2%b8-rvs-buitenhaard\/"]}]},{"@type":"ImageObject","inLanguage":"fr-FR","@id":"https:\/\/bulaoutdoor.nl\/product\/cotopaxi-480a%c2%b8-rvs-buitenhaard\/#primaryimage","url":"https:\/\/bulaoutdoor.nl\/wp-content\/uploads\/2018\/05\/cotopaxi-480-rvs-buitenhaard_3494_1_G_SCALED.jpg","contentUrl":"https:\/\/bulaoutdoor.nl\/wp-content\/uploads\/2018\/05\/cotopaxi-480-rvs-buitenhaard_3494_1_G_SCALED.jpg","width":276,"height":301},{"@type":"BreadcrumbList","@id":"https:\/\/bulaoutdoor.nl\/product\/cotopaxi-480a%c2%b8-rvs-buitenhaard\/#breadcrumb","itemListElement":[{"@type":"ListItem","position":1,"name":"Home","item":"https:\/\/bulaoutdoor.nl\/"},{"@type":"ListItem","position":2,"name":"Online BBQ kopen","item":"https:\/\/bulaoutdoor.nl\/"},{"@type":"ListItem","position":3,"name":"Cotopaxi 480\u00f8 RVS Buitenhaard"}]},{"@type":"WebSite","@id":"https:\/\/bulaoutdoor.nl\/#website","url":"https:\/\/bulaoutdoor.nl\/","name":"Bula Outdoor","description":"Pour votre chemin\u00e9e ext\u00e9rieure, votre barbecue, votre torche de jardin et votre four \u00e0 bois","publisher":{"@id":"https:\/\/bulaoutdoor.nl\/#organization"},"potentialAction":[{"@type":"SearchAction","target":{"@type":"EntryPoint","urlTemplate":"https:\/\/bulaoutdoor.nl\/?s={search_term_string}"},"query-input":{"@type":"PropertyValueSpecification","valueRequired":true,"valueName":"search_term_string"}}],"inLanguage":"fr-FR"},{"@type":"Organization","@id":"https:\/\/bulaoutdoor.nl\/#organization","name":"Bula Outdoor","url":"https:\/\/bulaoutdoor.nl\/","logo":{"@type":"ImageObject","inLanguage":"fr-FR","@id":"https:\/\/bulaoutdoor.nl\/#\/schema\/logo\/image\/","url":"https:\/\/www.bulaoutdoor.nl\/wp-content\/uploads\/2018\/04\/bulaoutdoor-logo.png","contentUrl":"https:\/\/www.bulaoutdoor.nl\/wp-content\/uploads\/2018\/04\/bulaoutdoor-logo.png","width":324,"height":91,"caption":"Bula Outdoor"},"image":{"@id":"https:\/\/bulaoutdoor.nl\/#\/schema\/logo\/image\/"}}]}},"jetpack_sharing_enabled":true,"_links":{"self":[{"href":"https:\/\/bulaoutdoor.nl\/fr\/wp-json\/wp\/v2\/product\/590","targetHints":{"allow":["GET"]}}],"collection":[{"href":"https:\/\/bulaoutdoor.nl\/fr\/wp-json\/wp\/v2\/product"}],"about":[{"href":"https:\/\/bulaoutdoor.nl\/fr\/wp-json\/wp\/v2\/types\/product"}],"replies":[{"embeddable":true,"href":"https:\/\/bulaoutdoor.nl\/fr\/wp-json\/wp\/v2\/comments?post=590"}],"wp:featuredmedia":[{"embeddable":true,"href":"https:\/\/bulaoutdoor.nl\/fr\/wp-json\/wp\/v2\/media\/10870"}],"wp:attachment":[{"href":"https:\/\/bulaoutdoor.nl\/fr\/wp-json\/wp\/v2\/media?parent=590"}],"wp:term":[{"taxonomy":"product_brand","embeddable":true,"href":"https:\/\/bulaoutdoor.nl\/fr\/wp-json\/wp\/v2\/product_brand?post=590"},{"taxonomy":"product_cat","embeddable":true,"href":"https:\/\/bulaoutdoor.nl\/fr\/wp-json\/wp\/v2\/product_cat?post=590"},{"taxonomy":"product_tag","embeddable":true,"href":"https:\/\/bulaoutdoor.nl\/fr\/wp-json\/wp\/v2\/product_tag?post=590"}],"curies":[{"name":"wp","href":"https:\/\/api.w.org\/{rel}","templated":true}]}}