{"id":598,"date":"2018-05-27T09:23:10","date_gmt":"2018-05-27T09:23:10","guid":{"rendered":"http:\/\/www.bulaoutdoor.nl\/product\/import-placeholder-for-174\/"},"modified":"2025-05-19T13:52:53","modified_gmt":"2025-05-19T13:52:53","slug":"tacora-150-cheminee-exterieure-en-corten","status":"publish","type":"product","link":"https:\/\/bulaoutdoor.nl\/fr\/product\/tacora-150-corten-buitenhaard\/","title":{"rendered":"Tacora 150 Chemin\u00e9e d'ext\u00e9rieur en corten avec bac de r\u00e9cup\u00e9ration des cendres"},"content":{"rendered":"<h2><strong>Tacora 150 Chemin\u00e9e de jardin en corten <\/strong><\/h2>\n<p>Le Tacora<strong> chemin\u00e9e de jardin<\/strong> avec cendrier amovible et housse de protection contre la pluie. Avec un bon tirage, c'est un excellent foyer d'ext\u00e9rieur. Le feu est allum\u00e9 sur une grille sous laquelle se trouve un cendrier amovible. Il y a 4 pieds r\u00e9glables sous le feu pour s'assurer que le feu reste toujours droit.<\/p>\n<p>L'acier Corten est un type de m\u00e9tal r\u00e9sistant \u00e0 la chaleur et aux intemp\u00e9ries qui forme une couche d'oxyde prot\u00e9geant le mat\u00e9riau (comme l'acier inoxydable). Le Corten alt\u00e9r\u00e9 pr\u00e9sente une belle couleur brun-orange.<\/p>\n<ul>\n<li>Dimensions : 35 x 35 x 150 cm<\/li>\n<li>Mat\u00e9riau : acier corten 2 mm<\/li>\n<\/ul>","protected":false},"excerpt":{"rendered":"<h3>Chemin\u00e9e d'ext\u00e9rieur Tacora 150 Corten.<\/h3>\n<p>avec bac de r\u00e9cup\u00e9ration des cendres et chapeau de pluie sur la chemin\u00e9e.<\/p>","protected":false},"featured_media":10867,"comment_status":"open","ping_status":"closed","template":"","meta":{"_acf_changed":false},"product_brand":[],"product_cat":[17],"product_tag":[121,119,120,117,118],"class_list":{"0":"post-598","1":"product","2":"type-product","3":"status-publish","4":"has-post-thumbnail","6":"product_cat-bula-tuinhaarden","7":"product_tag-asbak","8":"product_tag-buitenhaard","9":"product_tag-corten","10":"product_tag-tacora","11":"product_tag-tuinhaard","13":"first","14":"instock","15":"sale","16":"taxable","17":"shipping-taxable","18":"purchasable","19":"product-type-simple"},"acf":[],"yoast_head":"<!-- This site is optimized with the Yoast SEO plugin v27.3 - https:\/\/yoast.com\/product\/yoast-seo-wordpress\/ -->\n<title>Tacora 150 Corten Buitenhaard met as opvangbak &#8211; Bula Outdoor<\/title>\n<meta name=\"description\" content=\"Tacora Tuinhaard Cortenstaal met uitneembare asbak en regenkap. Goede rook afvoer door de uitstekende trek in de haard. Corten is onderhoudsvrij\" \/>\n<meta name=\"robots\" content=\"index, follow, max-snippet:-1, max-image-preview:large, max-video-preview:-1\" \/>\n<link rel=\"canonical\" href=\"https:\/\/bulaoutdoor.nl\/fr\/produit\/tacora-150-cheminee-exterieure-en-corten\/\" \/>\n<meta property=\"og:locale\" content=\"fr_FR\" \/>\n<meta property=\"og:type\" content=\"article\" \/>\n<meta property=\"og:title\" content=\"Tacora 150 Corten Buitenhaard met as opvangbak &#8211; Bula Outdoor\" \/>\n<meta property=\"og:description\" content=\"Tacora Tuinhaard Cortenstaal met uitneembare asbak en regenkap. Goede rook afvoer door de uitstekende trek in de haard. Corten is onderhoudsvrij\" \/>\n<meta property=\"og:url\" content=\"https:\/\/bulaoutdoor.nl\/fr\/produit\/tacora-150-cheminee-exterieure-en-corten\/\" \/>\n<meta property=\"og:site_name\" content=\"Bula Outdoor\" \/>\n<meta property=\"article:modified_time\" content=\"2025-05-19T13:52:53+00:00\" \/>\n<meta property=\"og:image\" content=\"https:\/\/bulaoutdoor.nl\/wp-content\/uploads\/2018\/05\/tacora-150-corten-buitenhaard_3511_1_G_SCALED.jpg\" \/>\n\t<meta property=\"og:image:width\" content=\"1066\" \/>\n\t<meta property=\"og:image:height\" content=\"1000\" \/>\n\t<meta property=\"og:image:type\" content=\"image\/jpeg\" \/>\n<meta name=\"twitter:card\" content=\"summary_large_image\" \/>\n<meta name=\"twitter:label1\" content=\"Dur\u00e9e de lecture estim\u00e9e\" \/>\n\t<meta name=\"twitter:data1\" content=\"1 minute\" \/>\n<script type=\"application\/ld+json\" class=\"yoast-schema-graph\">{\"@context\":\"https:\\\/\\\/schema.org\",\"@graph\":[{\"@type\":\"WebPage\",\"@id\":\"https:\\\/\\\/bulaoutdoor.nl\\\/product\\\/tacora-150-corten-buitenhaard\\\/\",\"url\":\"https:\\\/\\\/bulaoutdoor.nl\\\/product\\\/tacora-150-corten-buitenhaard\\\/\",\"name\":\"Tacora 150 Corten Buitenhaard met as opvangbak &#8211; Bula Outdoor\",\"isPartOf\":{\"@id\":\"https:\\\/\\\/bulaoutdoor.nl\\\/#website\"},\"primaryImageOfPage\":{\"@id\":\"https:\\\/\\\/bulaoutdoor.nl\\\/product\\\/tacora-150-corten-buitenhaard\\\/#primaryimage\"},\"image\":{\"@id\":\"https:\\\/\\\/bulaoutdoor.nl\\\/product\\\/tacora-150-corten-buitenhaard\\\/#primaryimage\"},\"thumbnailUrl\":\"https:\\\/\\\/bulaoutdoor.nl\\\/wp-content\\\/uploads\\\/2018\\\/05\\\/tacora-150-corten-buitenhaard_3511_1_G_SCALED.jpg\",\"datePublished\":\"2018-05-27T09:23:10+00:00\",\"dateModified\":\"2025-05-19T13:52:53+00:00\",\"description\":\"Tacora Tuinhaard Cortenstaal met uitneembare asbak en regenkap. Goede rook afvoer door de uitstekende trek in de haard. Corten is onderhoudsvrij\",\"breadcrumb\":{\"@id\":\"https:\\\/\\\/bulaoutdoor.nl\\\/product\\\/tacora-150-corten-buitenhaard\\\/#breadcrumb\"},\"inLanguage\":\"fr-FR\",\"potentialAction\":[{\"@type\":\"ReadAction\",\"target\":[\"https:\\\/\\\/bulaoutdoor.nl\\\/product\\\/tacora-150-corten-buitenhaard\\\/\"]}]},{\"@type\":\"ImageObject\",\"inLanguage\":\"fr-FR\",\"@id\":\"https:\\\/\\\/bulaoutdoor.nl\\\/product\\\/tacora-150-corten-buitenhaard\\\/#primaryimage\",\"url\":\"https:\\\/\\\/bulaoutdoor.nl\\\/wp-content\\\/uploads\\\/2018\\\/05\\\/tacora-150-corten-buitenhaard_3511_1_G_SCALED.jpg\",\"contentUrl\":\"https:\\\/\\\/bulaoutdoor.nl\\\/wp-content\\\/uploads\\\/2018\\\/05\\\/tacora-150-corten-buitenhaard_3511_1_G_SCALED.jpg\",\"width\":1066,\"height\":1000},{\"@type\":\"BreadcrumbList\",\"@id\":\"https:\\\/\\\/bulaoutdoor.nl\\\/product\\\/tacora-150-corten-buitenhaard\\\/#breadcrumb\",\"itemListElement\":[{\"@type\":\"ListItem\",\"position\":1,\"name\":\"Home\",\"item\":\"https:\\\/\\\/bulaoutdoor.nl\\\/\"},{\"@type\":\"ListItem\",\"position\":2,\"name\":\"Online BBQ kopen\",\"item\":\"https:\\\/\\\/bulaoutdoor.nl\\\/\"},{\"@type\":\"ListItem\",\"position\":3,\"name\":\"Tacora 150 Corten Buitenhaard met as opvangbak\"}]},{\"@type\":\"WebSite\",\"@id\":\"https:\\\/\\\/bulaoutdoor.nl\\\/#website\",\"url\":\"https:\\\/\\\/bulaoutdoor.nl\\\/\",\"name\":\"Bula Outdoor\",\"description\":\"Voor uw buitenhaard, BBQ, tuinfakkel en houtoven\",\"publisher\":{\"@id\":\"https:\\\/\\\/bulaoutdoor.nl\\\/#organization\"},\"potentialAction\":[{\"@type\":\"SearchAction\",\"target\":{\"@type\":\"EntryPoint\",\"urlTemplate\":\"https:\\\/\\\/bulaoutdoor.nl\\\/?s={search_term_string}\"},\"query-input\":{\"@type\":\"PropertyValueSpecification\",\"valueRequired\":true,\"valueName\":\"search_term_string\"}}],\"inLanguage\":\"fr-FR\"},{\"@type\":\"Organization\",\"@id\":\"https:\\\/\\\/bulaoutdoor.nl\\\/#organization\",\"name\":\"Bula Outdoor\",\"url\":\"https:\\\/\\\/bulaoutdoor.nl\\\/\",\"logo\":{\"@type\":\"ImageObject\",\"inLanguage\":\"fr-FR\",\"@id\":\"https:\\\/\\\/bulaoutdoor.nl\\\/#\\\/schema\\\/logo\\\/image\\\/\",\"url\":\"https:\\\/\\\/www.bulaoutdoor.nl\\\/wp-content\\\/uploads\\\/2018\\\/04\\\/bulaoutdoor-logo.png\",\"contentUrl\":\"https:\\\/\\\/www.bulaoutdoor.nl\\\/wp-content\\\/uploads\\\/2018\\\/04\\\/bulaoutdoor-logo.png\",\"width\":324,\"height\":91,\"caption\":\"Bula Outdoor\"},\"image\":{\"@id\":\"https:\\\/\\\/bulaoutdoor.nl\\\/#\\\/schema\\\/logo\\\/image\\\/\"}}]}<\/script>\n<!-- \/ Yoast SEO plugin. -->","yoast_head_json":{"title":"Tacora 150 Chemin\u00e9e d'ext\u00e9rieur en corten avec bac de r\u00e9cup\u00e9ration des cendres - Bula Outdoor","description":"Chemin\u00e9e de jardin Tacora en acier Corten avec cendrier amovible et hotte de protection contre la pluie. Bonne \u00e9vacuation des fum\u00e9es gr\u00e2ce \u00e0 l'excellent tirage du foyer. Le corten ne n\u00e9cessite pas d'entretien","robots":{"index":"index","follow":"follow","max-snippet":"max-snippet:-1","max-image-preview":"max-image-preview:large","max-video-preview":"max-video-preview:-1"},"canonical":"https:\/\/bulaoutdoor.nl\/fr\/produit\/tacora-150-cheminee-exterieure-en-corten\/","og_locale":"fr_FR","og_type":"article","og_title":"Tacora 150 Corten Buitenhaard met as opvangbak &#8211; Bula Outdoor","og_description":"Tacora Tuinhaard Cortenstaal met uitneembare asbak en regenkap. Goede rook afvoer door de uitstekende trek in de haard. Corten is onderhoudsvrij","og_url":"https:\/\/bulaoutdoor.nl\/fr\/produit\/tacora-150-cheminee-exterieure-en-corten\/","og_site_name":"Bula Outdoor","article_modified_time":"2025-05-19T13:52:53+00:00","og_image":[{"width":1066,"height":1000,"url":"https:\/\/bulaoutdoor.nl\/wp-content\/uploads\/2018\/05\/tacora-150-corten-buitenhaard_3511_1_G_SCALED.jpg","type":"image\/jpeg"}],"twitter_card":"summary_large_image","twitter_misc":{"Dur\u00e9e de lecture estim\u00e9e":"1 minute"},"schema":{"@context":"https:\/\/schema.org","@graph":[{"@type":"WebPage","@id":"https:\/\/bulaoutdoor.nl\/product\/tacora-150-corten-buitenhaard\/","url":"https:\/\/bulaoutdoor.nl\/product\/tacora-150-corten-buitenhaard\/","name":"Tacora 150 Chemin\u00e9e d'ext\u00e9rieur en corten avec bac de r\u00e9cup\u00e9ration des cendres - Bula Outdoor","isPartOf":{"@id":"https:\/\/bulaoutdoor.nl\/#website"},"primaryImageOfPage":{"@id":"https:\/\/bulaoutdoor.nl\/product\/tacora-150-corten-buitenhaard\/#primaryimage"},"image":{"@id":"https:\/\/bulaoutdoor.nl\/product\/tacora-150-corten-buitenhaard\/#primaryimage"},"thumbnailUrl":"https:\/\/bulaoutdoor.nl\/wp-content\/uploads\/2018\/05\/tacora-150-corten-buitenhaard_3511_1_G_SCALED.jpg","datePublished":"2018-05-27T09:23:10+00:00","dateModified":"2025-05-19T13:52:53+00:00","description":"Chemin\u00e9e de jardin Tacora en acier Corten avec cendrier amovible et hotte de protection contre la pluie. Bonne \u00e9vacuation des fum\u00e9es gr\u00e2ce \u00e0 l'excellent tirage du foyer. Le corten ne n\u00e9cessite pas d'entretien","breadcrumb":{"@id":"https:\/\/bulaoutdoor.nl\/product\/tacora-150-corten-buitenhaard\/#breadcrumb"},"inLanguage":"fr-FR","potentialAction":[{"@type":"ReadAction","target":["https:\/\/bulaoutdoor.nl\/product\/tacora-150-corten-buitenhaard\/"]}]},{"@type":"ImageObject","inLanguage":"fr-FR","@id":"https:\/\/bulaoutdoor.nl\/product\/tacora-150-corten-buitenhaard\/#primaryimage","url":"https:\/\/bulaoutdoor.nl\/wp-content\/uploads\/2018\/05\/tacora-150-corten-buitenhaard_3511_1_G_SCALED.jpg","contentUrl":"https:\/\/bulaoutdoor.nl\/wp-content\/uploads\/2018\/05\/tacora-150-corten-buitenhaard_3511_1_G_SCALED.jpg","width":1066,"height":1000},{"@type":"BreadcrumbList","@id":"https:\/\/bulaoutdoor.nl\/product\/tacora-150-corten-buitenhaard\/#breadcrumb","itemListElement":[{"@type":"ListItem","position":1,"name":"Home","item":"https:\/\/bulaoutdoor.nl\/"},{"@type":"ListItem","position":2,"name":"Online BBQ kopen","item":"https:\/\/bulaoutdoor.nl\/"},{"@type":"ListItem","position":3,"name":"Tacora 150 Corten Buitenhaard met as opvangbak"}]},{"@type":"WebSite","@id":"https:\/\/bulaoutdoor.nl\/#website","url":"https:\/\/bulaoutdoor.nl\/","name":"Bula Outdoor","description":"Pour votre chemin\u00e9e ext\u00e9rieure, votre barbecue, votre torche de jardin et votre four \u00e0 bois","publisher":{"@id":"https:\/\/bulaoutdoor.nl\/#organization"},"potentialAction":[{"@type":"SearchAction","target":{"@type":"EntryPoint","urlTemplate":"https:\/\/bulaoutdoor.nl\/?s={search_term_string}"},"query-input":{"@type":"PropertyValueSpecification","valueRequired":true,"valueName":"search_term_string"}}],"inLanguage":"fr-FR"},{"@type":"Organization","@id":"https:\/\/bulaoutdoor.nl\/#organization","name":"Bula Outdoor","url":"https:\/\/bulaoutdoor.nl\/","logo":{"@type":"ImageObject","inLanguage":"fr-FR","@id":"https:\/\/bulaoutdoor.nl\/#\/schema\/logo\/image\/","url":"https:\/\/www.bulaoutdoor.nl\/wp-content\/uploads\/2018\/04\/bulaoutdoor-logo.png","contentUrl":"https:\/\/www.bulaoutdoor.nl\/wp-content\/uploads\/2018\/04\/bulaoutdoor-logo.png","width":324,"height":91,"caption":"Bula Outdoor"},"image":{"@id":"https:\/\/bulaoutdoor.nl\/#\/schema\/logo\/image\/"}}]}},"jetpack_sharing_enabled":true,"_links":{"self":[{"href":"https:\/\/bulaoutdoor.nl\/fr\/wp-json\/wp\/v2\/product\/598","targetHints":{"allow":["GET"]}}],"collection":[{"href":"https:\/\/bulaoutdoor.nl\/fr\/wp-json\/wp\/v2\/product"}],"about":[{"href":"https:\/\/bulaoutdoor.nl\/fr\/wp-json\/wp\/v2\/types\/product"}],"replies":[{"embeddable":true,"href":"https:\/\/bulaoutdoor.nl\/fr\/wp-json\/wp\/v2\/comments?post=598"}],"wp:featuredmedia":[{"embeddable":true,"href":"https:\/\/bulaoutdoor.nl\/fr\/wp-json\/wp\/v2\/media\/10867"}],"wp:attachment":[{"href":"https:\/\/bulaoutdoor.nl\/fr\/wp-json\/wp\/v2\/media?parent=598"}],"wp:term":[{"taxonomy":"product_brand","embeddable":true,"href":"https:\/\/bulaoutdoor.nl\/fr\/wp-json\/wp\/v2\/product_brand?post=598"},{"taxonomy":"product_cat","embeddable":true,"href":"https:\/\/bulaoutdoor.nl\/fr\/wp-json\/wp\/v2\/product_cat?post=598"},{"taxonomy":"product_tag","embeddable":true,"href":"https:\/\/bulaoutdoor.nl\/fr\/wp-json\/wp\/v2\/product_tag?post=598"}],"curies":[{"name":"wp","href":"https:\/\/api.w.org\/{rel}","templated":true}]}}