{"id":60019,"date":"2017-09-27T07:17:48","date_gmt":"2017-09-27T07:17:48","guid":{"rendered":"https:\/\/bulaoutdoor.nl\/product\/spartherm-linear-corner-80x40x50-vaste-greep\/"},"modified":"2026-04-05T04:43:11","modified_gmt":"2026-04-05T04:43:11","slug":"spartherm-linear-corner-80x40x50-poignee-fixe","status":"publish","type":"product","link":"https:\/\/bulaoutdoor.nl\/fr\/product\/spartherm-linear-corner-80x40x50-vaste-greep\/","title":{"rendered":"Spartherm Linear Corner 80x40x50 (poign\u00e9e fixe)"},"content":{"rendered":"<h1>Spartherm Linear Corner 80x40x50 (poign\u00e9e fixe)<\/h1>\n<p>Bien entendu, cette chemin\u00e9e d'angle \u00e0 porte relevable ne peut manquer dans la gamme de <a href=\"https:\/\/www.haveverwarming.nl\/spartherm\" target=\"_blank\" rel=\"noopener\">Spartherm<\/a>. Dans ce mod\u00e8le (anciennement Varia 2L\/2R-80h-4s), la fen\u00eatre est \u00e9quip\u00e9e d'une poign\u00e9e au design \u00e9pur\u00e9. Cela permet \u00e0 la fen\u00eatre de s'ouvrir et de se fermer. <a href=\"https:\/\/www.haveverwarming.nl\/kachels\/hout\" target=\"_blank\" rel=\"noopener\">feu de bois<\/a> tr\u00e8s facile \u00e0 ouvrir et \u00e0 fermer. L'angle permet de voir les flammes vives sous tous les angles. Bien entendu, cette chemin\u00e9e est disponible avec un angle gauche ou droit. Vous \u00eates \u00e0 la recherche d'un po\u00eale plus grand ? Pas de probl\u00e8me : dans la vaste gamme de produits de Spartherm, vous trouverez toujours un foyer dont les dimensions sont adapt\u00e9es \u00e0 votre situation.<\/p>\n<h3><strong>Chemin\u00e9es uniques Spartherm<\/strong><\/h3>\n<p>Qu'est-ce qui distingue un Spartherm <a href=\"https:\/\/www.haveverwarming.nl\/kachels\/inbouw\" target=\"_blank\" rel=\"noopener\">feu int\u00e9gr\u00e9<\/a> des autres chemin\u00e9es encastr\u00e9es ? Quelques points pour vous :<\/p>\n<ul>\n<li>Double poulie (porte levante) au lieu d'une seule.<\/li>\n<li>By-pass int\u00e9gr\u00e9 qui emp\u00eache \u00e9galement la fum\u00e9e de s'\u00e9chapper lors du remplissage.<\/li>\n<\/ul>\n<h2>Notre centre d'exp\u00e9rience.<\/h2>\n<p>Diverses chemin\u00e9es Spartherm sont disponibles dans notre rubrique&nbsp;<a href=\"https:\/\/www.haveverwarming.nl\/experiencecenter\" target=\"_blank\" rel=\"noopener\">Centre d'exp\u00e9rience<\/a>&nbsp;et vous \u00eates les bienvenus pour y jeter un coup d'\u0153il.<\/p>\n<p>T\u00e9l\u00e9chargements de produits<\/p>\n<ul>\n<li><a class=\"download file\" href=\"https:\/\/www.haveverwarming.nl\/amfile\/file\/download\/file\/9159\/product\/784\/\" target=\"_blank\"><span>Brochure Spartherm po\u00eales \u00e0 bois encastrables et inserts 2026<\/span><\/a><\/li>\n<li><a class=\"download file\" href=\"https:\/\/www.haveverwarming.nl\/amfile\/file\/download\/file\/389\/product\/784\/\" target=\"_blank\"><span>Explosion Linear 2 faces 80x40x50 (poign\u00e9e fixe)<\/span><\/a><\/li>\n<li><a class=\"download file\" href=\"https:\/\/www.haveverwarming.nl\/amfile\/file\/download\/file\/817\/product\/784\/\" target=\"_blank\"><span>Etiquette \u00e9nergie Lin\u00e9aire 2 faces Gauche 80x40x50 (poign\u00e9e fixe)<\/span><\/a><\/li>\n<li><a class=\"download file\" href=\"https:\/\/www.haveverwarming.nl\/amfile\/file\/download\/file\/818\/product\/784\/\" target=\"_blank\"><span>Etiquette \u00e9nergie Lin\u00e9aire 2 faces Droite 80x40x50 (poign\u00e9e fixe)<\/span><\/a><\/li>\n<li><a class=\"download file\" href=\"https:\/\/www.haveverwarming.nl\/amfile\/file\/download\/file\/1568\/product\/784\/\" target=\"_blank\"><span>Manuel d'utilisation Coin lin\u00e9aire 80x40x50 (poign\u00e9e fixe)<\/span><\/a><\/li>\n<li><a class=\"download file\" href=\"https:\/\/www.haveverwarming.nl\/amfile\/file\/download\/file\/1569\/product\/784\/\" target=\"_blank\"><span>Instructions d'installation Coin lin\u00e9aire 80x40x50 (poign\u00e9e fixe)<\/span><\/a><\/li>\n<li><a class=\"download file\" href=\"https:\/\/www.haveverwarming.nl\/amfile\/file\/download\/file\/6778\/product\/784\/\" target=\"_blank\"><span>Brochure sur le tir responsable<\/span><\/a><\/li>\n<li><a class=\"download file\" href=\"https:\/\/www.haveverwarming.nl\/productpdf\/download\/file\/id\/784\/name\/Spartherm_Linear_Corner_80x40x50_%2528vaste_greep%2529.pdf\/\" target=\"_blank\"><span>T\u00e9l\u00e9charger la fiche technique<\/span><\/a><\/li>\n<\/ul>","protected":false},"excerpt":{"rendered":"<p>Spartherm&nbsp;Linear Corner 80x40x50&nbsp;(vaste greep) Natuurlijk kan deze hoek-liftdeurhaard niet ontbreken in het aanbod van Spartherm. Bij dit model (voorheen de Varia 2L\/2R-80h-4s) is de ruit voorzien van een strak ontworpen handgreep. Hiermee is de houthaard zeer eenvoudig te openen en te sluiten.&nbsp;Door de hoek heeft u vanuit alle hoeken een bijzonder goed zicht op het [&hellip;]<\/p>\n","protected":false},"featured_media":30801,"comment_status":"open","ping_status":"closed","template":"","meta":{"_acf_changed":false},"product_brand":[],"product_cat":[1253],"product_tag":[],"class_list":{"0":"post-60019","1":"product","2":"type-product","3":"status-publish","4":"has-post-thumbnail","6":"product_cat-inbouw-houtkachels","8":"first","9":"instock","10":"taxable","11":"shipping-taxable","12":"purchasable","13":"product-type-simple"},"acf":[],"yoast_head":"<!-- This site is optimized with the Yoast SEO plugin v27.3 - https:\/\/yoast.com\/product\/yoast-seo-wordpress\/ -->\n<title>Spartherm Linear Corner 80x40x50 (vaste greep) &#8211; Bula Outdoor<\/title>\n<meta name=\"robots\" content=\"index, follow, max-snippet:-1, max-image-preview:large, max-video-preview:-1\" \/>\n<link rel=\"canonical\" href=\"https:\/\/bulaoutdoor.nl\/fr\/produit\/spartherm-linear-corner-80x40x50-poignee-fixe\/\" \/>\n<meta property=\"og:locale\" content=\"fr_FR\" \/>\n<meta property=\"og:type\" content=\"article\" \/>\n<meta property=\"og:title\" content=\"Spartherm Linear Corner 80x40x50 (vaste greep) &#8211; Bula Outdoor\" \/>\n<meta property=\"og:description\" content=\"Spartherm&nbsp;Linear Corner 80x40x50&nbsp;(vaste greep) Natuurlijk kan deze hoek-liftdeurhaard niet ontbreken in het aanbod van Spartherm. Bij dit model (voorheen de Varia 2L\/2R-80h-4s) is de ruit voorzien van een strak ontworpen handgreep. Hiermee is de houthaard zeer eenvoudig te openen en te sluiten.&nbsp;Door de hoek heeft u vanuit alle hoeken een bijzonder goed zicht op het [&hellip;]\" \/>\n<meta property=\"og:url\" content=\"https:\/\/bulaoutdoor.nl\/fr\/produit\/spartherm-linear-corner-80x40x50-poignee-fixe\/\" \/>\n<meta property=\"og:site_name\" content=\"Bula Outdoor\" \/>\n<meta property=\"article:modified_time\" content=\"2026-04-05T04:43:11+00:00\" \/>\n<meta property=\"og:image\" content=\"https:\/\/bulaoutdoor.nl\/wp-content\/uploads\/2017\/09\/linear_corner_80x40x50_1000x1000.jpg\" \/>\n\t<meta property=\"og:image:width\" content=\"1000\" \/>\n\t<meta property=\"og:image:height\" content=\"1000\" \/>\n\t<meta property=\"og:image:type\" content=\"image\/jpeg\" \/>\n<meta name=\"twitter:card\" content=\"summary_large_image\" \/>\n<meta name=\"twitter:label1\" content=\"Dur\u00e9e de lecture estim\u00e9e\" \/>\n\t<meta name=\"twitter:data1\" content=\"2 minutes\" \/>\n<script type=\"application\/ld+json\" class=\"yoast-schema-graph\">{\"@context\":\"https:\\\/\\\/schema.org\",\"@graph\":[{\"@type\":\"WebPage\",\"@id\":\"https:\\\/\\\/bulaoutdoor.nl\\\/product\\\/spartherm-linear-corner-80x40x50-vaste-greep\\\/\",\"url\":\"https:\\\/\\\/bulaoutdoor.nl\\\/product\\\/spartherm-linear-corner-80x40x50-vaste-greep\\\/\",\"name\":\"Spartherm Linear Corner 80x40x50 (vaste greep) &#8211; Bula Outdoor\",\"isPartOf\":{\"@id\":\"https:\\\/\\\/bulaoutdoor.nl\\\/#website\"},\"primaryImageOfPage\":{\"@id\":\"https:\\\/\\\/bulaoutdoor.nl\\\/product\\\/spartherm-linear-corner-80x40x50-vaste-greep\\\/#primaryimage\"},\"image\":{\"@id\":\"https:\\\/\\\/bulaoutdoor.nl\\\/product\\\/spartherm-linear-corner-80x40x50-vaste-greep\\\/#primaryimage\"},\"thumbnailUrl\":\"https:\\\/\\\/bulaoutdoor.nl\\\/wp-content\\\/uploads\\\/2017\\\/09\\\/linear_corner_80x40x50_1000x1000.jpg\",\"datePublished\":\"2017-09-27T07:17:48+00:00\",\"dateModified\":\"2026-04-05T04:43:11+00:00\",\"breadcrumb\":{\"@id\":\"https:\\\/\\\/bulaoutdoor.nl\\\/product\\\/spartherm-linear-corner-80x40x50-vaste-greep\\\/#breadcrumb\"},\"inLanguage\":\"fr-FR\",\"potentialAction\":[{\"@type\":\"ReadAction\",\"target\":[\"https:\\\/\\\/bulaoutdoor.nl\\\/product\\\/spartherm-linear-corner-80x40x50-vaste-greep\\\/\"]}]},{\"@type\":\"ImageObject\",\"inLanguage\":\"fr-FR\",\"@id\":\"https:\\\/\\\/bulaoutdoor.nl\\\/product\\\/spartherm-linear-corner-80x40x50-vaste-greep\\\/#primaryimage\",\"url\":\"https:\\\/\\\/bulaoutdoor.nl\\\/wp-content\\\/uploads\\\/2017\\\/09\\\/linear_corner_80x40x50_1000x1000.jpg\",\"contentUrl\":\"https:\\\/\\\/bulaoutdoor.nl\\\/wp-content\\\/uploads\\\/2017\\\/09\\\/linear_corner_80x40x50_1000x1000.jpg\",\"width\":1000,\"height\":1000,\"caption\":\"spartherm-linear-corner-80x40x50-vaste-greep-thumbnail\"},{\"@type\":\"BreadcrumbList\",\"@id\":\"https:\\\/\\\/bulaoutdoor.nl\\\/product\\\/spartherm-linear-corner-80x40x50-vaste-greep\\\/#breadcrumb\",\"itemListElement\":[{\"@type\":\"ListItem\",\"position\":1,\"name\":\"Home\",\"item\":\"https:\\\/\\\/bulaoutdoor.nl\\\/\"},{\"@type\":\"ListItem\",\"position\":2,\"name\":\"Online BBQ kopen\",\"item\":\"https:\\\/\\\/bulaoutdoor.nl\\\/\"},{\"@type\":\"ListItem\",\"position\":3,\"name\":\"Spartherm Linear Corner 80x40x50 (vaste greep)\"}]},{\"@type\":\"WebSite\",\"@id\":\"https:\\\/\\\/bulaoutdoor.nl\\\/#website\",\"url\":\"https:\\\/\\\/bulaoutdoor.nl\\\/\",\"name\":\"Bula Outdoor\",\"description\":\"Voor uw buitenhaard, BBQ, tuinfakkel en houtoven\",\"publisher\":{\"@id\":\"https:\\\/\\\/bulaoutdoor.nl\\\/#organization\"},\"potentialAction\":[{\"@type\":\"SearchAction\",\"target\":{\"@type\":\"EntryPoint\",\"urlTemplate\":\"https:\\\/\\\/bulaoutdoor.nl\\\/?s={search_term_string}\"},\"query-input\":{\"@type\":\"PropertyValueSpecification\",\"valueRequired\":true,\"valueName\":\"search_term_string\"}}],\"inLanguage\":\"fr-FR\"},{\"@type\":\"Organization\",\"@id\":\"https:\\\/\\\/bulaoutdoor.nl\\\/#organization\",\"name\":\"Bula Outdoor\",\"url\":\"https:\\\/\\\/bulaoutdoor.nl\\\/\",\"logo\":{\"@type\":\"ImageObject\",\"inLanguage\":\"fr-FR\",\"@id\":\"https:\\\/\\\/bulaoutdoor.nl\\\/#\\\/schema\\\/logo\\\/image\\\/\",\"url\":\"https:\\\/\\\/www.bulaoutdoor.nl\\\/wp-content\\\/uploads\\\/2018\\\/04\\\/bulaoutdoor-logo.png\",\"contentUrl\":\"https:\\\/\\\/www.bulaoutdoor.nl\\\/wp-content\\\/uploads\\\/2018\\\/04\\\/bulaoutdoor-logo.png\",\"width\":324,\"height\":91,\"caption\":\"Bula Outdoor\"},\"image\":{\"@id\":\"https:\\\/\\\/bulaoutdoor.nl\\\/#\\\/schema\\\/logo\\\/image\\\/\"}}]}<\/script>\n<!-- \/ Yoast SEO plugin. -->","yoast_head_json":{"title":"Spartherm Coin lin\u00e9aire 80x40x50 (poign\u00e9e fixe) - Bula Outdoor","robots":{"index":"index","follow":"follow","max-snippet":"max-snippet:-1","max-image-preview":"max-image-preview:large","max-video-preview":"max-video-preview:-1"},"canonical":"https:\/\/bulaoutdoor.nl\/fr\/produit\/spartherm-linear-corner-80x40x50-poignee-fixe\/","og_locale":"fr_FR","og_type":"article","og_title":"Spartherm Linear Corner 80x40x50 (vaste greep) &#8211; Bula Outdoor","og_description":"Spartherm&nbsp;Linear Corner 80x40x50&nbsp;(vaste greep) Natuurlijk kan deze hoek-liftdeurhaard niet ontbreken in het aanbod van Spartherm. Bij dit model (voorheen de Varia 2L\/2R-80h-4s) is de ruit voorzien van een strak ontworpen handgreep. Hiermee is de houthaard zeer eenvoudig te openen en te sluiten.&nbsp;Door de hoek heeft u vanuit alle hoeken een bijzonder goed zicht op het [&hellip;]","og_url":"https:\/\/bulaoutdoor.nl\/fr\/produit\/spartherm-linear-corner-80x40x50-poignee-fixe\/","og_site_name":"Bula Outdoor","article_modified_time":"2026-04-05T04:43:11+00:00","og_image":[{"width":1000,"height":1000,"url":"https:\/\/bulaoutdoor.nl\/wp-content\/uploads\/2017\/09\/linear_corner_80x40x50_1000x1000.jpg","type":"image\/jpeg"}],"twitter_card":"summary_large_image","twitter_misc":{"Dur\u00e9e de lecture estim\u00e9e":"2 minutes"},"schema":{"@context":"https:\/\/schema.org","@graph":[{"@type":"WebPage","@id":"https:\/\/bulaoutdoor.nl\/product\/spartherm-linear-corner-80x40x50-vaste-greep\/","url":"https:\/\/bulaoutdoor.nl\/product\/spartherm-linear-corner-80x40x50-vaste-greep\/","name":"Spartherm Coin lin\u00e9aire 80x40x50 (poign\u00e9e fixe) - Bula Outdoor","isPartOf":{"@id":"https:\/\/bulaoutdoor.nl\/#website"},"primaryImageOfPage":{"@id":"https:\/\/bulaoutdoor.nl\/product\/spartherm-linear-corner-80x40x50-vaste-greep\/#primaryimage"},"image":{"@id":"https:\/\/bulaoutdoor.nl\/product\/spartherm-linear-corner-80x40x50-vaste-greep\/#primaryimage"},"thumbnailUrl":"https:\/\/bulaoutdoor.nl\/wp-content\/uploads\/2017\/09\/linear_corner_80x40x50_1000x1000.jpg","datePublished":"2017-09-27T07:17:48+00:00","dateModified":"2026-04-05T04:43:11+00:00","breadcrumb":{"@id":"https:\/\/bulaoutdoor.nl\/product\/spartherm-linear-corner-80x40x50-vaste-greep\/#breadcrumb"},"inLanguage":"fr-FR","potentialAction":[{"@type":"ReadAction","target":["https:\/\/bulaoutdoor.nl\/product\/spartherm-linear-corner-80x40x50-vaste-greep\/"]}]},{"@type":"ImageObject","inLanguage":"fr-FR","@id":"https:\/\/bulaoutdoor.nl\/product\/spartherm-linear-corner-80x40x50-vaste-greep\/#primaryimage","url":"https:\/\/bulaoutdoor.nl\/wp-content\/uploads\/2017\/09\/linear_corner_80x40x50_1000x1000.jpg","contentUrl":"https:\/\/bulaoutdoor.nl\/wp-content\/uploads\/2017\/09\/linear_corner_80x40x50_1000x1000.jpg","width":1000,"height":1000,"caption":"spartherm-linear-corner-80x40x50-vaste-greep-thumbnail"},{"@type":"BreadcrumbList","@id":"https:\/\/bulaoutdoor.nl\/product\/spartherm-linear-corner-80x40x50-vaste-greep\/#breadcrumb","itemListElement":[{"@type":"ListItem","position":1,"name":"Home","item":"https:\/\/bulaoutdoor.nl\/"},{"@type":"ListItem","position":2,"name":"Online BBQ kopen","item":"https:\/\/bulaoutdoor.nl\/"},{"@type":"ListItem","position":3,"name":"Spartherm Linear Corner 80x40x50 (vaste greep)"}]},{"@type":"WebSite","@id":"https:\/\/bulaoutdoor.nl\/#website","url":"https:\/\/bulaoutdoor.nl\/","name":"Bula Outdoor","description":"Pour votre chemin\u00e9e ext\u00e9rieure, votre barbecue, votre torche de jardin et votre four \u00e0 bois","publisher":{"@id":"https:\/\/bulaoutdoor.nl\/#organization"},"potentialAction":[{"@type":"SearchAction","target":{"@type":"EntryPoint","urlTemplate":"https:\/\/bulaoutdoor.nl\/?s={search_term_string}"},"query-input":{"@type":"PropertyValueSpecification","valueRequired":true,"valueName":"search_term_string"}}],"inLanguage":"fr-FR"},{"@type":"Organization","@id":"https:\/\/bulaoutdoor.nl\/#organization","name":"Bula Outdoor","url":"https:\/\/bulaoutdoor.nl\/","logo":{"@type":"ImageObject","inLanguage":"fr-FR","@id":"https:\/\/bulaoutdoor.nl\/#\/schema\/logo\/image\/","url":"https:\/\/www.bulaoutdoor.nl\/wp-content\/uploads\/2018\/04\/bulaoutdoor-logo.png","contentUrl":"https:\/\/www.bulaoutdoor.nl\/wp-content\/uploads\/2018\/04\/bulaoutdoor-logo.png","width":324,"height":91,"caption":"Bula Outdoor"},"image":{"@id":"https:\/\/bulaoutdoor.nl\/#\/schema\/logo\/image\/"}}]}},"jetpack_sharing_enabled":true,"_links":{"self":[{"href":"https:\/\/bulaoutdoor.nl\/fr\/wp-json\/wp\/v2\/product\/60019","targetHints":{"allow":["GET"]}}],"collection":[{"href":"https:\/\/bulaoutdoor.nl\/fr\/wp-json\/wp\/v2\/product"}],"about":[{"href":"https:\/\/bulaoutdoor.nl\/fr\/wp-json\/wp\/v2\/types\/product"}],"replies":[{"embeddable":true,"href":"https:\/\/bulaoutdoor.nl\/fr\/wp-json\/wp\/v2\/comments?post=60019"}],"wp:featuredmedia":[{"embeddable":true,"href":"https:\/\/bulaoutdoor.nl\/fr\/wp-json\/wp\/v2\/media\/30801"}],"wp:attachment":[{"href":"https:\/\/bulaoutdoor.nl\/fr\/wp-json\/wp\/v2\/media?parent=60019"}],"wp:term":[{"taxonomy":"product_brand","embeddable":true,"href":"https:\/\/bulaoutdoor.nl\/fr\/wp-json\/wp\/v2\/product_brand?post=60019"},{"taxonomy":"product_cat","embeddable":true,"href":"https:\/\/bulaoutdoor.nl\/fr\/wp-json\/wp\/v2\/product_cat?post=60019"},{"taxonomy":"product_tag","embeddable":true,"href":"https:\/\/bulaoutdoor.nl\/fr\/wp-json\/wp\/v2\/product_tag?post=60019"}],"curies":[{"name":"wp","href":"https:\/\/api.w.org\/{rel}","templated":true}]}}