{"id":601,"date":"2018-05-27T09:23:11","date_gmt":"2018-05-27T09:23:11","guid":{"rendered":"http:\/\/www.bulaoutdoor.nl\/product\/import-placeholder-for-183\/"},"modified":"2024-03-30T19:55:07","modified_gmt":"2024-03-30T19:55:07","slug":"beefeater-discovery-1100e-serie-encastrable-4-bruleurs","status":"publish","type":"product","link":"https:\/\/bulaoutdoor.nl\/fr\/product\/beefeater-discovery-1100e-inbouw-series-4-burner\/","title":{"rendered":"Beefeater Discovery 1100e encastrable S\u00e9rie 4 br\u00fbleurs"},"content":{"rendered":"<p>Le v\u00e9ritable amateur de barbecue opte pour un barbecue Beefeater Discovery. Vous pouvez commander ce barbecue en ligne. Si vous prenez rendez-vous, vous pouvez vous rendre dans le magasin de Bula Outdoor. Il est situ\u00e9 \u00e0 Bussum, pr\u00e8s de Hilversum. Vous avez des questions ou souhaitez plus d'informations ? Nous nous ferons un plaisir de vous aider.<\/p>\n<h2>Vous pouvez commander ce barbecue en ligne<\/h2>\n<p>Le Discovery est un mod\u00e8le de luxe qui vous procurera des ann\u00e9es de plaisir. Avec un cadre de barbecue \u00e9maill\u00e9 durable et robuste et un capot avec fen\u00eatre de visualisation, vous obtenez une excellente qualit\u00e9. Ce barbecue \u00e0 quatre br\u00fbleurs offre un divertissement parfait \u00e0 tous les amateurs de barbecue. Savourez les plats les plus d\u00e9licieux du barbecue. Caract\u00e9ristiques :<\/p>\n<ul>\n<li>Allumage du gaz : allumage \u00e0 quartz<\/li>\n<li>Nombre de br\u00fbleurs : quatre<\/li>\n<li>Hotte : \u00e9maill\u00e9e, avec fen\u00eatre de visualisation<\/li>\n<li>Type : barbecue encastr\u00e9, br\u00fbleurs en fonte, grille chauffante incluse<\/li>\n<li>Garantie : garantie de cinq ans<\/li>\n<li>Poids : environ 51 kg<\/li>\n<li>Hauteur : 525 mm (capot ferm\u00e9), 790 mm (capot ouvert)<\/li>\n<li>Largeur : 849 mm<\/li>\n<li>Profondeur : environ 580 mm<\/li>\n<\/ul>\n<h3>Passez une commande imm\u00e9diatement ou contactez-nous pour plus d'informations.<\/h3>\n<p>Commandez imm\u00e9diatement en ligne et profitez des meilleurs produits de barbecue de Bula Outdoor. Vous avez des questions, vous souhaitez plus d'informations ou nous pouvons vous aider ? N'h\u00e9sitez pas \u00e0 nous contacter par t\u00e9l\u00e9phone <a href=\"tel:0031355330658\">035-5330658<\/a>. Vous souhaitez passer dans notre magasin pour d\u00e9couvrir le reste de notre gamme ? Prenez alors rendez-vous pour une visite du magasin dans les plus brefs d\u00e9lais.<\/p>\n<p>D'autres ont \u00e9galement consult\u00e9 :<\/p>\n<p><a href=\"https:\/\/bulaoutdoor.nl\/fr\/produit\/oval-xl-400-ceramic-bbq-grill-and-smoker\/\">Primo Oval XL BBQ<\/a> | <a href=\"https:\/\/bulaoutdoor.nl\/fr\/acheter-un-four-a-bois\/\">Acheter Four \u00e0 bois<\/a> | <a href=\"https:\/\/bulaoutdoor.nl\/fr\/produit\/torche-de-jardin-tuyau-torchmaster-extremement-resistante-au-vent-grande-flamme-fonctionne-avec-de-lhuile-de-lampe-industrie-de-la-restauration\/\">Ma\u00eetre de la torche<\/a><\/p>","protected":false},"excerpt":{"rendered":"<p>Beefeater Discovery 1100e encastrable S\u00e9rie 4 br\u00fbleurs<\/p>","protected":false},"featured_media":700,"comment_status":"open","ping_status":"closed","template":"","meta":{"_acf_changed":false},"product_brand":[],"product_cat":[21],"product_tag":[],"class_list":{"0":"post-601","1":"product","2":"type-product","3":"status-publish","4":"has-post-thumbnail","6":"product_cat-beefeater-barbeques","8":"first","9":"instock","10":"taxable","11":"shipping-taxable","12":"purchasable","13":"product-type-simple"},"acf":[],"yoast_head":"<!-- This site is optimized with the Yoast SEO plugin v27.4 - https:\/\/yoast.com\/product\/yoast-seo-wordpress\/ -->\n<title>Beefeater Discovery 1100e inbouw Series 4 Burner &#8211; Bula Outdoor<\/title>\n<meta name=\"description\" content=\"Voor een Beefeater Discovery BBQ kiest u natuurlijk voor ons ruime online aanbod. Maak dan ook uw keuze en plaats uw bestelling. Neem contact met ons op.\" \/>\n<meta name=\"robots\" content=\"index, follow, max-snippet:-1, max-image-preview:large, max-video-preview:-1\" \/>\n<link rel=\"canonical\" href=\"https:\/\/bulaoutdoor.nl\/fr\/produit\/beefeater-discovery-1100e-serie-encastrable-4-bruleurs\/\" \/>\n<meta property=\"og:locale\" content=\"fr_FR\" \/>\n<meta property=\"og:type\" content=\"article\" \/>\n<meta property=\"og:title\" content=\"Beefeater Discovery 1100e inbouw Series 4 Burner &#8211; Bula Outdoor\" \/>\n<meta property=\"og:description\" content=\"Voor een Beefeater Discovery BBQ kiest u natuurlijk voor ons ruime online aanbod. Maak dan ook uw keuze en plaats uw bestelling. Neem contact met ons op.\" \/>\n<meta property=\"og:url\" content=\"https:\/\/bulaoutdoor.nl\/fr\/produit\/beefeater-discovery-1100e-serie-encastrable-4-bruleurs\/\" \/>\n<meta property=\"og:site_name\" content=\"Bula Outdoor\" \/>\n<meta property=\"article:modified_time\" content=\"2024-03-30T19:55:07+00:00\" \/>\n<meta property=\"og:image\" content=\"https:\/\/bulaoutdoor.nl\/wp-content\/uploads\/2018\/05\/discovery-1100e-inbouw-series-4-burner_3516_1_G.jpg\" \/>\n\t<meta property=\"og:image:width\" content=\"590\" \/>\n\t<meta property=\"og:image:height\" content=\"590\" \/>\n\t<meta property=\"og:image:type\" content=\"image\/jpeg\" \/>\n<meta name=\"twitter:card\" content=\"summary_large_image\" \/>\n<meta name=\"twitter:label1\" content=\"Dur\u00e9e de lecture estim\u00e9e\" \/>\n\t<meta name=\"twitter:data1\" content=\"2 minutes\" \/>\n<script type=\"application\/ld+json\" class=\"yoast-schema-graph\">{\"@context\":\"https:\\\/\\\/schema.org\",\"@graph\":[{\"@type\":\"WebPage\",\"@id\":\"https:\\\/\\\/bulaoutdoor.nl\\\/product\\\/beefeater-discovery-1100e-inbouw-series-4-burner\\\/\",\"url\":\"https:\\\/\\\/bulaoutdoor.nl\\\/product\\\/beefeater-discovery-1100e-inbouw-series-4-burner\\\/\",\"name\":\"Beefeater Discovery 1100e inbouw Series 4 Burner &#8211; Bula Outdoor\",\"isPartOf\":{\"@id\":\"https:\\\/\\\/bulaoutdoor.nl\\\/#website\"},\"primaryImageOfPage\":{\"@id\":\"https:\\\/\\\/bulaoutdoor.nl\\\/product\\\/beefeater-discovery-1100e-inbouw-series-4-burner\\\/#primaryimage\"},\"image\":{\"@id\":\"https:\\\/\\\/bulaoutdoor.nl\\\/product\\\/beefeater-discovery-1100e-inbouw-series-4-burner\\\/#primaryimage\"},\"thumbnailUrl\":\"https:\\\/\\\/bulaoutdoor.nl\\\/wp-content\\\/uploads\\\/2018\\\/05\\\/discovery-1100e-inbouw-series-4-burner_3516_1_G.jpg\",\"datePublished\":\"2018-05-27T09:23:11+00:00\",\"dateModified\":\"2024-03-30T19:55:07+00:00\",\"description\":\"Voor een Beefeater Discovery BBQ kiest u natuurlijk voor ons ruime online aanbod. Maak dan ook uw keuze en plaats uw bestelling. Neem contact met ons op.\",\"breadcrumb\":{\"@id\":\"https:\\\/\\\/bulaoutdoor.nl\\\/product\\\/beefeater-discovery-1100e-inbouw-series-4-burner\\\/#breadcrumb\"},\"inLanguage\":\"fr-FR\",\"potentialAction\":[{\"@type\":\"ReadAction\",\"target\":[\"https:\\\/\\\/bulaoutdoor.nl\\\/product\\\/beefeater-discovery-1100e-inbouw-series-4-burner\\\/\"]}]},{\"@type\":\"ImageObject\",\"inLanguage\":\"fr-FR\",\"@id\":\"https:\\\/\\\/bulaoutdoor.nl\\\/product\\\/beefeater-discovery-1100e-inbouw-series-4-burner\\\/#primaryimage\",\"url\":\"https:\\\/\\\/bulaoutdoor.nl\\\/wp-content\\\/uploads\\\/2018\\\/05\\\/discovery-1100e-inbouw-series-4-burner_3516_1_G.jpg\",\"contentUrl\":\"https:\\\/\\\/bulaoutdoor.nl\\\/wp-content\\\/uploads\\\/2018\\\/05\\\/discovery-1100e-inbouw-series-4-burner_3516_1_G.jpg\",\"width\":590,\"height\":590},{\"@type\":\"BreadcrumbList\",\"@id\":\"https:\\\/\\\/bulaoutdoor.nl\\\/product\\\/beefeater-discovery-1100e-inbouw-series-4-burner\\\/#breadcrumb\",\"itemListElement\":[{\"@type\":\"ListItem\",\"position\":1,\"name\":\"Home\",\"item\":\"https:\\\/\\\/bulaoutdoor.nl\\\/\"},{\"@type\":\"ListItem\",\"position\":2,\"name\":\"Online BBQ kopen\",\"item\":\"https:\\\/\\\/bulaoutdoor.nl\\\/\"},{\"@type\":\"ListItem\",\"position\":3,\"name\":\"Beefeater Discovery 1100e inbouw Series 4 Burner\"}]},{\"@type\":\"WebSite\",\"@id\":\"https:\\\/\\\/bulaoutdoor.nl\\\/#website\",\"url\":\"https:\\\/\\\/bulaoutdoor.nl\\\/\",\"name\":\"Bula Outdoor\",\"description\":\"Voor uw buitenhaard, BBQ, tuinfakkel en houtoven\",\"publisher\":{\"@id\":\"https:\\\/\\\/bulaoutdoor.nl\\\/#organization\"},\"potentialAction\":[{\"@type\":\"SearchAction\",\"target\":{\"@type\":\"EntryPoint\",\"urlTemplate\":\"https:\\\/\\\/bulaoutdoor.nl\\\/?s={search_term_string}\"},\"query-input\":{\"@type\":\"PropertyValueSpecification\",\"valueRequired\":true,\"valueName\":\"search_term_string\"}}],\"inLanguage\":\"fr-FR\"},{\"@type\":\"Organization\",\"@id\":\"https:\\\/\\\/bulaoutdoor.nl\\\/#organization\",\"name\":\"Bula Outdoor\",\"url\":\"https:\\\/\\\/bulaoutdoor.nl\\\/\",\"logo\":{\"@type\":\"ImageObject\",\"inLanguage\":\"fr-FR\",\"@id\":\"https:\\\/\\\/bulaoutdoor.nl\\\/#\\\/schema\\\/logo\\\/image\\\/\",\"url\":\"https:\\\/\\\/www.bulaoutdoor.nl\\\/wp-content\\\/uploads\\\/2018\\\/04\\\/bulaoutdoor-logo.png\",\"contentUrl\":\"https:\\\/\\\/www.bulaoutdoor.nl\\\/wp-content\\\/uploads\\\/2018\\\/04\\\/bulaoutdoor-logo.png\",\"width\":324,\"height\":91,\"caption\":\"Bula Outdoor\"},\"image\":{\"@id\":\"https:\\\/\\\/bulaoutdoor.nl\\\/#\\\/schema\\\/logo\\\/image\\\/\"}}]}<\/script>\n<!-- \/ Yoast SEO plugin. -->","yoast_head_json":{"title":"Beefeater Discovery 1100e s\u00e9rie encastrable 4 br\u00fbleurs - Bula Outdoor","description":"Pour un barbecue Beefeater Discovery, vous pouvez naturellement choisir parmi notre large gamme en ligne. Faites votre choix et passez votre commande. Contactez nous.","robots":{"index":"index","follow":"follow","max-snippet":"max-snippet:-1","max-image-preview":"max-image-preview:large","max-video-preview":"max-video-preview:-1"},"canonical":"https:\/\/bulaoutdoor.nl\/fr\/produit\/beefeater-discovery-1100e-serie-encastrable-4-bruleurs\/","og_locale":"fr_FR","og_type":"article","og_title":"Beefeater Discovery 1100e inbouw Series 4 Burner &#8211; Bula Outdoor","og_description":"Voor een Beefeater Discovery BBQ kiest u natuurlijk voor ons ruime online aanbod. Maak dan ook uw keuze en plaats uw bestelling. Neem contact met ons op.","og_url":"https:\/\/bulaoutdoor.nl\/fr\/produit\/beefeater-discovery-1100e-serie-encastrable-4-bruleurs\/","og_site_name":"Bula Outdoor","article_modified_time":"2024-03-30T19:55:07+00:00","og_image":[{"width":590,"height":590,"url":"https:\/\/bulaoutdoor.nl\/wp-content\/uploads\/2018\/05\/discovery-1100e-inbouw-series-4-burner_3516_1_G.jpg","type":"image\/jpeg"}],"twitter_card":"summary_large_image","twitter_misc":{"Dur\u00e9e de lecture estim\u00e9e":"2 minutes"},"schema":{"@context":"https:\/\/schema.org","@graph":[{"@type":"WebPage","@id":"https:\/\/bulaoutdoor.nl\/product\/beefeater-discovery-1100e-inbouw-series-4-burner\/","url":"https:\/\/bulaoutdoor.nl\/product\/beefeater-discovery-1100e-inbouw-series-4-burner\/","name":"Beefeater Discovery 1100e s\u00e9rie encastrable 4 br\u00fbleurs - Bula Outdoor","isPartOf":{"@id":"https:\/\/bulaoutdoor.nl\/#website"},"primaryImageOfPage":{"@id":"https:\/\/bulaoutdoor.nl\/product\/beefeater-discovery-1100e-inbouw-series-4-burner\/#primaryimage"},"image":{"@id":"https:\/\/bulaoutdoor.nl\/product\/beefeater-discovery-1100e-inbouw-series-4-burner\/#primaryimage"},"thumbnailUrl":"https:\/\/bulaoutdoor.nl\/wp-content\/uploads\/2018\/05\/discovery-1100e-inbouw-series-4-burner_3516_1_G.jpg","datePublished":"2018-05-27T09:23:11+00:00","dateModified":"2024-03-30T19:55:07+00:00","description":"Pour un barbecue Beefeater Discovery, vous pouvez naturellement choisir parmi notre large gamme en ligne. Faites votre choix et passez votre commande. Contactez nous.","breadcrumb":{"@id":"https:\/\/bulaoutdoor.nl\/product\/beefeater-discovery-1100e-inbouw-series-4-burner\/#breadcrumb"},"inLanguage":"fr-FR","potentialAction":[{"@type":"ReadAction","target":["https:\/\/bulaoutdoor.nl\/product\/beefeater-discovery-1100e-inbouw-series-4-burner\/"]}]},{"@type":"ImageObject","inLanguage":"fr-FR","@id":"https:\/\/bulaoutdoor.nl\/product\/beefeater-discovery-1100e-inbouw-series-4-burner\/#primaryimage","url":"https:\/\/bulaoutdoor.nl\/wp-content\/uploads\/2018\/05\/discovery-1100e-inbouw-series-4-burner_3516_1_G.jpg","contentUrl":"https:\/\/bulaoutdoor.nl\/wp-content\/uploads\/2018\/05\/discovery-1100e-inbouw-series-4-burner_3516_1_G.jpg","width":590,"height":590},{"@type":"BreadcrumbList","@id":"https:\/\/bulaoutdoor.nl\/product\/beefeater-discovery-1100e-inbouw-series-4-burner\/#breadcrumb","itemListElement":[{"@type":"ListItem","position":1,"name":"Home","item":"https:\/\/bulaoutdoor.nl\/"},{"@type":"ListItem","position":2,"name":"Online BBQ kopen","item":"https:\/\/bulaoutdoor.nl\/"},{"@type":"ListItem","position":3,"name":"Beefeater Discovery 1100e inbouw Series 4 Burner"}]},{"@type":"WebSite","@id":"https:\/\/bulaoutdoor.nl\/#website","url":"https:\/\/bulaoutdoor.nl\/","name":"Bula Outdoor","description":"Pour votre chemin\u00e9e ext\u00e9rieure, votre barbecue, votre torche de jardin et votre four \u00e0 bois","publisher":{"@id":"https:\/\/bulaoutdoor.nl\/#organization"},"potentialAction":[{"@type":"SearchAction","target":{"@type":"EntryPoint","urlTemplate":"https:\/\/bulaoutdoor.nl\/?s={search_term_string}"},"query-input":{"@type":"PropertyValueSpecification","valueRequired":true,"valueName":"search_term_string"}}],"inLanguage":"fr-FR"},{"@type":"Organization","@id":"https:\/\/bulaoutdoor.nl\/#organization","name":"Bula Outdoor","url":"https:\/\/bulaoutdoor.nl\/","logo":{"@type":"ImageObject","inLanguage":"fr-FR","@id":"https:\/\/bulaoutdoor.nl\/#\/schema\/logo\/image\/","url":"https:\/\/www.bulaoutdoor.nl\/wp-content\/uploads\/2018\/04\/bulaoutdoor-logo.png","contentUrl":"https:\/\/www.bulaoutdoor.nl\/wp-content\/uploads\/2018\/04\/bulaoutdoor-logo.png","width":324,"height":91,"caption":"Bula Outdoor"},"image":{"@id":"https:\/\/bulaoutdoor.nl\/#\/schema\/logo\/image\/"}}]}},"jetpack_sharing_enabled":true,"_links":{"self":[{"href":"https:\/\/bulaoutdoor.nl\/fr\/wp-json\/wp\/v2\/product\/601","targetHints":{"allow":["GET"]}}],"collection":[{"href":"https:\/\/bulaoutdoor.nl\/fr\/wp-json\/wp\/v2\/product"}],"about":[{"href":"https:\/\/bulaoutdoor.nl\/fr\/wp-json\/wp\/v2\/types\/product"}],"replies":[{"embeddable":true,"href":"https:\/\/bulaoutdoor.nl\/fr\/wp-json\/wp\/v2\/comments?post=601"}],"wp:featuredmedia":[{"embeddable":true,"href":"https:\/\/bulaoutdoor.nl\/fr\/wp-json\/wp\/v2\/media\/700"}],"wp:attachment":[{"href":"https:\/\/bulaoutdoor.nl\/fr\/wp-json\/wp\/v2\/media?parent=601"}],"wp:term":[{"taxonomy":"product_brand","embeddable":true,"href":"https:\/\/bulaoutdoor.nl\/fr\/wp-json\/wp\/v2\/product_brand?post=601"},{"taxonomy":"product_cat","embeddable":true,"href":"https:\/\/bulaoutdoor.nl\/fr\/wp-json\/wp\/v2\/product_cat?post=601"},{"taxonomy":"product_tag","embeddable":true,"href":"https:\/\/bulaoutdoor.nl\/fr\/wp-json\/wp\/v2\/product_tag?post=601"}],"curies":[{"name":"wp","href":"https:\/\/api.w.org\/{rel}","templated":true}]}}