{"id":60554,"date":"2025-02-27T14:20:00","date_gmt":"2025-02-27T14:20:00","guid":{"rendered":"https:\/\/bulaoutdoor.nl\/product\/wanders-black-sapphire\/"},"modified":"2026-04-27T05:06:42","modified_gmt":"2026-04-27T05:06:42","slug":"errances-saphir-noir","status":"publish","type":"product","link":"https:\/\/bulaoutdoor.nl\/fr\/product\/wanders-black-sapphire\/","title":{"rendered":"Wanders Saphir noir"},"content":{"rendered":"<p data-start=\"0\" data-end=\"416\">Les <a href=\"https:\/\/www.haveverwarming.nl\/wanders\">Wanders<\/a> Le Black Sapphire est con\u00e7u non seulement pour fournir de la chaleur, mais aussi pour s'imposer dans votre int\u00e9rieur. Avec son design \u00e9l\u00e9gant et ses trois grandes fen\u00eatres, le Black Sapphire offre non seulement une vue impressionnante sur les flammes, mais assure \u00e9galement une distribution efficace de la chaleur dans n'importe quelle pi\u00e8ce.<\/p>\n<p data-start=\"418\" data-end=\"780\">D'une puissance de 8 kW, cette <a href=\"https:\/\/www.haveverwarming.nl\/kachels\/hout\">po\u00eale \u00e0 bois<\/a> Il est parfait pour les pi\u00e8ces de taille moyenne \u00e0 grande, o\u00f9 il cr\u00e9e une atmosph\u00e8re confortable et chaleureuse. Sa technologie moderne vous permet de b\u00e9n\u00e9ficier d'un rendement \u00e9lev\u00e9 et d'une combustion respectueuse de l'environnement, tandis que son design \u00e9l\u00e9gant s'int\u00e8gre parfaitement dans les int\u00e9rieurs classiques et modernes.<\/p>\n<h3 data-start=\"782\" data-end=\"900\">Centre d'exp\u00e9rience<\/h3>\n<p>Vous voulez en savoir plus sur le Wanders Black Sapphire ? Venez nous rendre visite dans notre <a href=\"https:\/\/www.haveverwarming.nl\/experiencecenter\">Centre d'exp\u00e9rience<\/a> et demandez conseil \u00e0 l'un de nos sp\u00e9cialistes de la vente.<\/p>\n<p>T\u00e9l\u00e9chargements de produits<\/p>\n<ul>\n<li><a class=\"download file\" href=\"https:\/\/www.haveverwarming.nl\/amfile\/file\/download\/file\/9167\/product\/2302\/\" target=\"_blank\"><span>Brochure Wanders Bois et Gaz 2025<\/span><\/a><\/li>\n<li><a class=\"download file\" href=\"https:\/\/www.haveverwarming.nl\/amfile\/file\/download\/file\/8736\/product\/2302\/\" target=\"_blank\"><span>Instructions Wanders Saphir noir<\/span><\/a><\/li>\n<li><a class=\"download file\" href=\"https:\/\/www.haveverwarming.nl\/amfile\/file\/download\/file\/8737\/product\/2302\/\" target=\"_blank\"><span>Dessin au trait Wanders Black Sapphire<\/span><\/a><\/li>\n<li><a class=\"download file\" href=\"https:\/\/www.haveverwarming.nl\/productpdf\/download\/file\/id\/2302\/name\/Wanders_Black_Sapphire.pdf\/\" target=\"_blank\"><span>T\u00e9l\u00e9charger la fiche technique<\/span><\/a><\/li>\n<\/ul>","protected":false},"excerpt":{"rendered":"<p>De Wanders Black Sapphire is ontworpen om niet alleen warmte te leveren, maar ook een statement te maken in jouw interieur. Met zijn elegante design en drie grote ruiten biedt de Black Sapphire niet alleen een indrukwekkend zicht op het vlammenspel, maar zorgt ook voor een effici\u00ebnte warmteverspreiding in elke ruimte. Met een vermogen van [&hellip;]<\/p>\n","protected":false},"featured_media":60555,"comment_status":"open","ping_status":"closed","template":"","meta":{"_acf_changed":false},"product_brand":[],"product_cat":[1248],"product_tag":[],"class_list":{"0":"post-60554","1":"product","2":"type-product","3":"status-publish","4":"has-post-thumbnail","6":"product_cat-hangende-houtkachels","8":"first","9":"instock","10":"taxable","11":"shipping-taxable","12":"purchasable","13":"product-type-simple"},"acf":[],"yoast_head":"<!-- This site is optimized with the Yoast SEO plugin v27.4 - https:\/\/yoast.com\/product\/yoast-seo-wordpress\/ -->\n<title>Wanders Black Sapphire &#8211; Bula Outdoor<\/title>\n<meta name=\"robots\" content=\"index, follow, max-snippet:-1, max-image-preview:large, max-video-preview:-1\" \/>\n<link rel=\"canonical\" href=\"https:\/\/bulaoutdoor.nl\/fr\/produit\/errances-saphir-noir\/\" \/>\n<meta property=\"og:locale\" content=\"fr_FR\" \/>\n<meta property=\"og:type\" content=\"article\" \/>\n<meta property=\"og:title\" content=\"Wanders Black Sapphire &#8211; Bula Outdoor\" \/>\n<meta property=\"og:description\" content=\"De Wanders Black Sapphire is ontworpen om niet alleen warmte te leveren, maar ook een statement te maken in jouw interieur. Met zijn elegante design en drie grote ruiten biedt de Black Sapphire niet alleen een indrukwekkend zicht op het vlammenspel, maar zorgt ook voor een effici\u00ebnte warmteverspreiding in elke ruimte. Met een vermogen van [&hellip;]\" \/>\n<meta property=\"og:url\" content=\"https:\/\/bulaoutdoor.nl\/fr\/produit\/errances-saphir-noir\/\" \/>\n<meta property=\"og:site_name\" content=\"Bula Outdoor\" \/>\n<meta property=\"article:modified_time\" content=\"2026-04-27T05:06:42+00:00\" \/>\n<meta property=\"og:image\" content=\"https:\/\/bulaoutdoor.nl\/wp-content\/uploads\/2025\/02\/blacksapphir.jpg\" \/>\n\t<meta property=\"og:image:width\" content=\"1400\" \/>\n\t<meta property=\"og:image:height\" content=\"1400\" \/>\n\t<meta property=\"og:image:type\" content=\"image\/jpeg\" \/>\n<meta name=\"twitter:card\" content=\"summary_large_image\" \/>\n<meta name=\"twitter:label1\" content=\"Dur\u00e9e de lecture estim\u00e9e\" \/>\n\t<meta name=\"twitter:data1\" content=\"1 minute\" \/>\n<script type=\"application\/ld+json\" class=\"yoast-schema-graph\">{\"@context\":\"https:\\\/\\\/schema.org\",\"@graph\":[{\"@type\":\"WebPage\",\"@id\":\"https:\\\/\\\/bulaoutdoor.nl\\\/product\\\/wanders-black-sapphire\\\/\",\"url\":\"https:\\\/\\\/bulaoutdoor.nl\\\/product\\\/wanders-black-sapphire\\\/\",\"name\":\"Wanders Black Sapphire &#8211; Bula Outdoor\",\"isPartOf\":{\"@id\":\"https:\\\/\\\/bulaoutdoor.nl\\\/#website\"},\"primaryImageOfPage\":{\"@id\":\"https:\\\/\\\/bulaoutdoor.nl\\\/product\\\/wanders-black-sapphire\\\/#primaryimage\"},\"image\":{\"@id\":\"https:\\\/\\\/bulaoutdoor.nl\\\/product\\\/wanders-black-sapphire\\\/#primaryimage\"},\"thumbnailUrl\":\"https:\\\/\\\/bulaoutdoor.nl\\\/wp-content\\\/uploads\\\/2025\\\/02\\\/blacksapphir.jpg\",\"datePublished\":\"2025-02-27T14:20:00+00:00\",\"dateModified\":\"2026-04-27T05:06:42+00:00\",\"breadcrumb\":{\"@id\":\"https:\\\/\\\/bulaoutdoor.nl\\\/product\\\/wanders-black-sapphire\\\/#breadcrumb\"},\"inLanguage\":\"fr-FR\",\"potentialAction\":[{\"@type\":\"ReadAction\",\"target\":[\"https:\\\/\\\/bulaoutdoor.nl\\\/product\\\/wanders-black-sapphire\\\/\"]}]},{\"@type\":\"ImageObject\",\"inLanguage\":\"fr-FR\",\"@id\":\"https:\\\/\\\/bulaoutdoor.nl\\\/product\\\/wanders-black-sapphire\\\/#primaryimage\",\"url\":\"https:\\\/\\\/bulaoutdoor.nl\\\/wp-content\\\/uploads\\\/2025\\\/02\\\/blacksapphir.jpg\",\"contentUrl\":\"https:\\\/\\\/bulaoutdoor.nl\\\/wp-content\\\/uploads\\\/2025\\\/02\\\/blacksapphir.jpg\",\"width\":1400,\"height\":1400,\"caption\":\"wanders-black-sapphire-thumbnail\"},{\"@type\":\"BreadcrumbList\",\"@id\":\"https:\\\/\\\/bulaoutdoor.nl\\\/product\\\/wanders-black-sapphire\\\/#breadcrumb\",\"itemListElement\":[{\"@type\":\"ListItem\",\"position\":1,\"name\":\"Home\",\"item\":\"https:\\\/\\\/bulaoutdoor.nl\\\/\"},{\"@type\":\"ListItem\",\"position\":2,\"name\":\"Online BBQ kopen\",\"item\":\"https:\\\/\\\/bulaoutdoor.nl\\\/\"},{\"@type\":\"ListItem\",\"position\":3,\"name\":\"Wanders Black Sapphire\"}]},{\"@type\":\"WebSite\",\"@id\":\"https:\\\/\\\/bulaoutdoor.nl\\\/#website\",\"url\":\"https:\\\/\\\/bulaoutdoor.nl\\\/\",\"name\":\"Bula Outdoor\",\"description\":\"Voor uw buitenhaard, BBQ, tuinfakkel en houtoven\",\"publisher\":{\"@id\":\"https:\\\/\\\/bulaoutdoor.nl\\\/#organization\"},\"potentialAction\":[{\"@type\":\"SearchAction\",\"target\":{\"@type\":\"EntryPoint\",\"urlTemplate\":\"https:\\\/\\\/bulaoutdoor.nl\\\/?s={search_term_string}\"},\"query-input\":{\"@type\":\"PropertyValueSpecification\",\"valueRequired\":true,\"valueName\":\"search_term_string\"}}],\"inLanguage\":\"fr-FR\"},{\"@type\":\"Organization\",\"@id\":\"https:\\\/\\\/bulaoutdoor.nl\\\/#organization\",\"name\":\"Bula Outdoor\",\"url\":\"https:\\\/\\\/bulaoutdoor.nl\\\/\",\"logo\":{\"@type\":\"ImageObject\",\"inLanguage\":\"fr-FR\",\"@id\":\"https:\\\/\\\/bulaoutdoor.nl\\\/#\\\/schema\\\/logo\\\/image\\\/\",\"url\":\"https:\\\/\\\/www.bulaoutdoor.nl\\\/wp-content\\\/uploads\\\/2018\\\/04\\\/bulaoutdoor-logo.png\",\"contentUrl\":\"https:\\\/\\\/www.bulaoutdoor.nl\\\/wp-content\\\/uploads\\\/2018\\\/04\\\/bulaoutdoor-logo.png\",\"width\":324,\"height\":91,\"caption\":\"Bula Outdoor\"},\"image\":{\"@id\":\"https:\\\/\\\/bulaoutdoor.nl\\\/#\\\/schema\\\/logo\\\/image\\\/\"}}]}<\/script>\n<!-- \/ Yoast SEO plugin. -->","yoast_head_json":{"title":"Wanders Black Sapphire - Bula Outdoor","robots":{"index":"index","follow":"follow","max-snippet":"max-snippet:-1","max-image-preview":"max-image-preview:large","max-video-preview":"max-video-preview:-1"},"canonical":"https:\/\/bulaoutdoor.nl\/fr\/produit\/errances-saphir-noir\/","og_locale":"fr_FR","og_type":"article","og_title":"Wanders Black Sapphire &#8211; Bula Outdoor","og_description":"De Wanders Black Sapphire is ontworpen om niet alleen warmte te leveren, maar ook een statement te maken in jouw interieur. Met zijn elegante design en drie grote ruiten biedt de Black Sapphire niet alleen een indrukwekkend zicht op het vlammenspel, maar zorgt ook voor een effici\u00ebnte warmteverspreiding in elke ruimte. Met een vermogen van [&hellip;]","og_url":"https:\/\/bulaoutdoor.nl\/fr\/produit\/errances-saphir-noir\/","og_site_name":"Bula Outdoor","article_modified_time":"2026-04-27T05:06:42+00:00","og_image":[{"width":1400,"height":1400,"url":"https:\/\/bulaoutdoor.nl\/wp-content\/uploads\/2025\/02\/blacksapphir.jpg","type":"image\/jpeg"}],"twitter_card":"summary_large_image","twitter_misc":{"Dur\u00e9e de lecture estim\u00e9e":"1 minute"},"schema":{"@context":"https:\/\/schema.org","@graph":[{"@type":"WebPage","@id":"https:\/\/bulaoutdoor.nl\/product\/wanders-black-sapphire\/","url":"https:\/\/bulaoutdoor.nl\/product\/wanders-black-sapphire\/","name":"Wanders Black Sapphire - Bula Outdoor","isPartOf":{"@id":"https:\/\/bulaoutdoor.nl\/#website"},"primaryImageOfPage":{"@id":"https:\/\/bulaoutdoor.nl\/product\/wanders-black-sapphire\/#primaryimage"},"image":{"@id":"https:\/\/bulaoutdoor.nl\/product\/wanders-black-sapphire\/#primaryimage"},"thumbnailUrl":"https:\/\/bulaoutdoor.nl\/wp-content\/uploads\/2025\/02\/blacksapphir.jpg","datePublished":"2025-02-27T14:20:00+00:00","dateModified":"2026-04-27T05:06:42+00:00","breadcrumb":{"@id":"https:\/\/bulaoutdoor.nl\/product\/wanders-black-sapphire\/#breadcrumb"},"inLanguage":"fr-FR","potentialAction":[{"@type":"ReadAction","target":["https:\/\/bulaoutdoor.nl\/product\/wanders-black-sapphire\/"]}]},{"@type":"ImageObject","inLanguage":"fr-FR","@id":"https:\/\/bulaoutdoor.nl\/product\/wanders-black-sapphire\/#primaryimage","url":"https:\/\/bulaoutdoor.nl\/wp-content\/uploads\/2025\/02\/blacksapphir.jpg","contentUrl":"https:\/\/bulaoutdoor.nl\/wp-content\/uploads\/2025\/02\/blacksapphir.jpg","width":1400,"height":1400,"caption":"wanders-black-sapphire-thumbnail"},{"@type":"BreadcrumbList","@id":"https:\/\/bulaoutdoor.nl\/product\/wanders-black-sapphire\/#breadcrumb","itemListElement":[{"@type":"ListItem","position":1,"name":"Home","item":"https:\/\/bulaoutdoor.nl\/"},{"@type":"ListItem","position":2,"name":"Online BBQ kopen","item":"https:\/\/bulaoutdoor.nl\/"},{"@type":"ListItem","position":3,"name":"Wanders Black Sapphire"}]},{"@type":"WebSite","@id":"https:\/\/bulaoutdoor.nl\/#website","url":"https:\/\/bulaoutdoor.nl\/","name":"Bula Outdoor","description":"Pour votre chemin\u00e9e ext\u00e9rieure, votre barbecue, votre torche de jardin et votre four \u00e0 bois","publisher":{"@id":"https:\/\/bulaoutdoor.nl\/#organization"},"potentialAction":[{"@type":"SearchAction","target":{"@type":"EntryPoint","urlTemplate":"https:\/\/bulaoutdoor.nl\/?s={search_term_string}"},"query-input":{"@type":"PropertyValueSpecification","valueRequired":true,"valueName":"search_term_string"}}],"inLanguage":"fr-FR"},{"@type":"Organization","@id":"https:\/\/bulaoutdoor.nl\/#organization","name":"Bula Outdoor","url":"https:\/\/bulaoutdoor.nl\/","logo":{"@type":"ImageObject","inLanguage":"fr-FR","@id":"https:\/\/bulaoutdoor.nl\/#\/schema\/logo\/image\/","url":"https:\/\/www.bulaoutdoor.nl\/wp-content\/uploads\/2018\/04\/bulaoutdoor-logo.png","contentUrl":"https:\/\/www.bulaoutdoor.nl\/wp-content\/uploads\/2018\/04\/bulaoutdoor-logo.png","width":324,"height":91,"caption":"Bula Outdoor"},"image":{"@id":"https:\/\/bulaoutdoor.nl\/#\/schema\/logo\/image\/"}}]}},"jetpack_sharing_enabled":true,"_links":{"self":[{"href":"https:\/\/bulaoutdoor.nl\/fr\/wp-json\/wp\/v2\/product\/60554","targetHints":{"allow":["GET"]}}],"collection":[{"href":"https:\/\/bulaoutdoor.nl\/fr\/wp-json\/wp\/v2\/product"}],"about":[{"href":"https:\/\/bulaoutdoor.nl\/fr\/wp-json\/wp\/v2\/types\/product"}],"replies":[{"embeddable":true,"href":"https:\/\/bulaoutdoor.nl\/fr\/wp-json\/wp\/v2\/comments?post=60554"}],"wp:featuredmedia":[{"embeddable":true,"href":"https:\/\/bulaoutdoor.nl\/fr\/wp-json\/wp\/v2\/media\/60555"}],"wp:attachment":[{"href":"https:\/\/bulaoutdoor.nl\/fr\/wp-json\/wp\/v2\/media?parent=60554"}],"wp:term":[{"taxonomy":"product_brand","embeddable":true,"href":"https:\/\/bulaoutdoor.nl\/fr\/wp-json\/wp\/v2\/product_brand?post=60554"},{"taxonomy":"product_cat","embeddable":true,"href":"https:\/\/bulaoutdoor.nl\/fr\/wp-json\/wp\/v2\/product_cat?post=60554"},{"taxonomy":"product_tag","embeddable":true,"href":"https:\/\/bulaoutdoor.nl\/fr\/wp-json\/wp\/v2\/product_tag?post=60554"}],"curies":[{"name":"wp","href":"https:\/\/api.w.org\/{rel}","templated":true}]}}