{"id":658,"date":"2018-05-27T09:23:32","date_gmt":"2018-05-27T09:23:32","guid":{"rendered":"http:\/\/www.bulaoutdoor.nl\/product\/import-placeholder-for-188\/"},"modified":"2026-02-11T19:55:52","modified_gmt":"2026-02-11T19:55:52","slug":"barr-frezoli-outdoor-wall-lamp-wide","status":"publish","type":"product","link":"https:\/\/bulaoutdoor.nl\/fr\/product\/barr-frezoli-buitenlamp-wandlamp-breed\/","title":{"rendered":"Barr Frezoli lampe d'ext\u00e9rieur, applique murale large"},"content":{"rendered":"<h2>Applique Barr large<\/h2>\n<p>Prix avec frais de port<\/p>\n<p>Une lampe d'ext\u00e9rieur exclusive et \u00e9l\u00e9gante, fabriqu\u00e9e \u00e0 la main \u00e0 partir de mat\u00e9riaux durables.<\/p>\n<p>Frezoli lampe d'ext\u00e9rieur, applique, \u00e9clairage d'ext\u00e9rieur <strong>Noir<\/strong> Num\u00e9ro d'article : L.838.1.600<\/p>\n<p>Mat\u00e9riau : noir mat (la photo diff\u00e8re)<\/p>\n<p>Hauteur : 105 mm<\/p>\n<p>Longueur : n.d.<\/p>\n<p>Largeur : 230 mm<\/p>\n<p>Profondeur : 7 mm<\/p>\n<p>Diam\u00e8tre de la base : n\/a<\/p>\n<p>halog\u00e8ne G 9 spot 25W NOUVEAU maintenant aussi en Led !<\/p>\n<p>\u00c9clairage industriel Frezoli Avant l'introduction massive de l'\u00e9clairage fluorescent, les halls industriels, les entrep\u00f4ts et les ateliers \u00e9taient souvent \u00e9clair\u00e9s par de lourdes lampes d'usine suspendues \u00e0 des cha\u00eenes ou \u00e0 d'\u00e9pais fils d'acier. Dans les ann\u00e9es 1980, de plus en plus de locaux industriels ont \u00e9t\u00e9 transform\u00e9s en studios et en espaces de vie. Ces espaces se caract\u00e9risent par des pi\u00e8ces dot\u00e9es de hautes fen\u00eatres, de poutres de soutien en bois ou en acier et de sols en b\u00e9ton ou en bois. Les anciennes lampes industrielles d'origine sont souvent rest\u00e9es en place pour pr\u00e9server l'atmosph\u00e8re des lieux. Ce style loft conna\u00eet un tel succ\u00e8s que, ces derni\u00e8res ann\u00e9es, de nombreux projets de construction et de r\u00e9novation sont \u00e9galement con\u00e7us dans ce style. Les luminaires Frezoli ont un aspect contemporain, dur et non poli, avec un caract\u00e8re industriel d'autrefois.<\/p>","protected":false},"excerpt":{"rendered":"<p>Barr Frezoli lampe d'ext\u00e9rieur, applique murale large L.838.1.600<\/p>","protected":false},"featured_media":702,"comment_status":"open","ping_status":"closed","template":"","meta":{"_acf_changed":false},"product_brand":[],"product_cat":[18],"product_tag":[],"class_list":{"0":"post-658","1":"product","2":"type-product","3":"status-publish","4":"has-post-thumbnail","6":"product_cat-verlichting","8":"first","9":"outofstock","10":"taxable","11":"shipping-taxable","12":"purchasable","13":"product-type-simple"},"acf":[],"yoast_head":"<!-- This site is optimized with the Yoast SEO plugin v27.5 - https:\/\/yoast.com\/product\/yoast-seo-wordpress\/ -->\n<title>Barr Frezoli buitenlamp, wandlamp breed &#8211; Bula Outdoor<\/title>\n<meta name=\"description\" content=\"Barr wandlamp breed exclusieve stijlvolle buitenlamp Frezoli, wandlamp, buitenverlichting Artikelnummer: L.838.1.600 Zwart\u00a0Artikelnummer:\u00a0L.838.1.400 Alu\" \/>\n<meta name=\"robots\" content=\"index, follow, max-snippet:-1, max-image-preview:large, max-video-preview:-1\" \/>\n<link rel=\"canonical\" href=\"https:\/\/bulaoutdoor.nl\/fr\/produit\/barr-frezoli-outdoor-wall-lamp-wide\/\" \/>\n<meta property=\"og:locale\" content=\"fr_FR\" \/>\n<meta property=\"og:type\" content=\"article\" \/>\n<meta property=\"og:title\" content=\"Barr Frezoli buitenlamp, wandlamp breed &#8211; Bula Outdoor\" \/>\n<meta property=\"og:description\" content=\"Barr wandlamp breed exclusieve stijlvolle buitenlamp Frezoli, wandlamp, buitenverlichting Artikelnummer: L.838.1.600 Zwart\u00a0Artikelnummer:\u00a0L.838.1.400 Alu\" \/>\n<meta property=\"og:url\" content=\"https:\/\/bulaoutdoor.nl\/fr\/produit\/barr-frezoli-outdoor-wall-lamp-wide\/\" \/>\n<meta property=\"og:site_name\" content=\"Bula Outdoor\" \/>\n<meta property=\"article:modified_time\" content=\"2026-02-11T19:55:52+00:00\" \/>\n<meta property=\"og:image\" content=\"https:\/\/bulaoutdoor.nl\/wp-content\/uploads\/2018\/05\/barr-wandlamp-breed_3520_1_G.jpg\" \/>\n\t<meta property=\"og:image:width\" content=\"400\" \/>\n\t<meta property=\"og:image:height\" content=\"300\" \/>\n\t<meta property=\"og:image:type\" content=\"image\/jpeg\" \/>\n<meta name=\"twitter:card\" content=\"summary_large_image\" \/>\n<meta name=\"twitter:label1\" content=\"Dur\u00e9e de lecture estim\u00e9e\" \/>\n\t<meta name=\"twitter:data1\" content=\"2 minutes\" \/>\n<script type=\"application\/ld+json\" class=\"yoast-schema-graph\">{\"@context\":\"https:\\\/\\\/schema.org\",\"@graph\":[{\"@type\":\"WebPage\",\"@id\":\"https:\\\/\\\/bulaoutdoor.nl\\\/product\\\/barr-frezoli-buitenlamp-wandlamp-breed\\\/\",\"url\":\"https:\\\/\\\/bulaoutdoor.nl\\\/product\\\/barr-frezoli-buitenlamp-wandlamp-breed\\\/\",\"name\":\"Barr Frezoli buitenlamp, wandlamp breed &#8211; Bula Outdoor\",\"isPartOf\":{\"@id\":\"https:\\\/\\\/bulaoutdoor.nl\\\/#website\"},\"primaryImageOfPage\":{\"@id\":\"https:\\\/\\\/bulaoutdoor.nl\\\/product\\\/barr-frezoli-buitenlamp-wandlamp-breed\\\/#primaryimage\"},\"image\":{\"@id\":\"https:\\\/\\\/bulaoutdoor.nl\\\/product\\\/barr-frezoli-buitenlamp-wandlamp-breed\\\/#primaryimage\"},\"thumbnailUrl\":\"https:\\\/\\\/bulaoutdoor.nl\\\/wp-content\\\/uploads\\\/2018\\\/05\\\/barr-wandlamp-breed_3520_1_G.jpg\",\"datePublished\":\"2018-05-27T09:23:32+00:00\",\"dateModified\":\"2026-02-11T19:55:52+00:00\",\"description\":\"Barr wandlamp breed exclusieve stijlvolle buitenlamp Frezoli, wandlamp, buitenverlichting Artikelnummer: L.838.1.600 Zwart\u00a0Artikelnummer:\u00a0L.838.1.400 Alu\",\"breadcrumb\":{\"@id\":\"https:\\\/\\\/bulaoutdoor.nl\\\/product\\\/barr-frezoli-buitenlamp-wandlamp-breed\\\/#breadcrumb\"},\"inLanguage\":\"fr-FR\",\"potentialAction\":[{\"@type\":\"ReadAction\",\"target\":[\"https:\\\/\\\/bulaoutdoor.nl\\\/product\\\/barr-frezoli-buitenlamp-wandlamp-breed\\\/\"]}]},{\"@type\":\"ImageObject\",\"inLanguage\":\"fr-FR\",\"@id\":\"https:\\\/\\\/bulaoutdoor.nl\\\/product\\\/barr-frezoli-buitenlamp-wandlamp-breed\\\/#primaryimage\",\"url\":\"https:\\\/\\\/bulaoutdoor.nl\\\/wp-content\\\/uploads\\\/2018\\\/05\\\/barr-wandlamp-breed_3520_1_G.jpg\",\"contentUrl\":\"https:\\\/\\\/bulaoutdoor.nl\\\/wp-content\\\/uploads\\\/2018\\\/05\\\/barr-wandlamp-breed_3520_1_G.jpg\",\"width\":400,\"height\":300,\"caption\":\"Barr Frezoli buitenlamp breed\"},{\"@type\":\"BreadcrumbList\",\"@id\":\"https:\\\/\\\/bulaoutdoor.nl\\\/product\\\/barr-frezoli-buitenlamp-wandlamp-breed\\\/#breadcrumb\",\"itemListElement\":[{\"@type\":\"ListItem\",\"position\":1,\"name\":\"Home\",\"item\":\"https:\\\/\\\/bulaoutdoor.nl\\\/\"},{\"@type\":\"ListItem\",\"position\":2,\"name\":\"Online BBQ kopen\",\"item\":\"https:\\\/\\\/bulaoutdoor.nl\\\/\"},{\"@type\":\"ListItem\",\"position\":3,\"name\":\"Barr Frezoli buitenlamp, wandlamp breed\"}]},{\"@type\":\"WebSite\",\"@id\":\"https:\\\/\\\/bulaoutdoor.nl\\\/#website\",\"url\":\"https:\\\/\\\/bulaoutdoor.nl\\\/\",\"name\":\"Bula Outdoor\",\"description\":\"Voor uw buitenhaard, BBQ, tuinfakkel en houtoven\",\"publisher\":{\"@id\":\"https:\\\/\\\/bulaoutdoor.nl\\\/#organization\"},\"potentialAction\":[{\"@type\":\"SearchAction\",\"target\":{\"@type\":\"EntryPoint\",\"urlTemplate\":\"https:\\\/\\\/bulaoutdoor.nl\\\/?s={search_term_string}\"},\"query-input\":{\"@type\":\"PropertyValueSpecification\",\"valueRequired\":true,\"valueName\":\"search_term_string\"}}],\"inLanguage\":\"fr-FR\"},{\"@type\":\"Organization\",\"@id\":\"https:\\\/\\\/bulaoutdoor.nl\\\/#organization\",\"name\":\"Bula Outdoor\",\"url\":\"https:\\\/\\\/bulaoutdoor.nl\\\/\",\"logo\":{\"@type\":\"ImageObject\",\"inLanguage\":\"fr-FR\",\"@id\":\"https:\\\/\\\/bulaoutdoor.nl\\\/#\\\/schema\\\/logo\\\/image\\\/\",\"url\":\"https:\\\/\\\/www.bulaoutdoor.nl\\\/wp-content\\\/uploads\\\/2018\\\/04\\\/bulaoutdoor-logo.png\",\"contentUrl\":\"https:\\\/\\\/www.bulaoutdoor.nl\\\/wp-content\\\/uploads\\\/2018\\\/04\\\/bulaoutdoor-logo.png\",\"width\":324,\"height\":91,\"caption\":\"Bula Outdoor\"},\"image\":{\"@id\":\"https:\\\/\\\/bulaoutdoor.nl\\\/#\\\/schema\\\/logo\\\/image\\\/\"}}]}<\/script>\n<!-- \/ Yoast SEO plugin. -->","yoast_head_json":{"title":"Barr Frezoli lampe d'ext\u00e9rieur, applique murale large - Bula Outdoor","description":"Lampe murale Barr large lampe d'ext\u00e9rieur de style exclusif Frezoli, lampe murale, \u00e9clairage d'ext\u00e9rieur Num\u00e9ro d'article : L.838.1.600 Noir Num\u00e9ro d'article : L.838.1.400 Alu","robots":{"index":"index","follow":"follow","max-snippet":"max-snippet:-1","max-image-preview":"max-image-preview:large","max-video-preview":"max-video-preview:-1"},"canonical":"https:\/\/bulaoutdoor.nl\/fr\/produit\/barr-frezoli-outdoor-wall-lamp-wide\/","og_locale":"fr_FR","og_type":"article","og_title":"Barr Frezoli buitenlamp, wandlamp breed &#8211; Bula Outdoor","og_description":"Barr wandlamp breed exclusieve stijlvolle buitenlamp Frezoli, wandlamp, buitenverlichting Artikelnummer: L.838.1.600 Zwart\u00a0Artikelnummer:\u00a0L.838.1.400 Alu","og_url":"https:\/\/bulaoutdoor.nl\/fr\/produit\/barr-frezoli-outdoor-wall-lamp-wide\/","og_site_name":"Bula Outdoor","article_modified_time":"2026-02-11T19:55:52+00:00","og_image":[{"width":400,"height":300,"url":"https:\/\/bulaoutdoor.nl\/wp-content\/uploads\/2018\/05\/barr-wandlamp-breed_3520_1_G.jpg","type":"image\/jpeg"}],"twitter_card":"summary_large_image","twitter_misc":{"Dur\u00e9e de lecture estim\u00e9e":"2 minutes"},"schema":{"@context":"https:\/\/schema.org","@graph":[{"@type":"WebPage","@id":"https:\/\/bulaoutdoor.nl\/product\/barr-frezoli-buitenlamp-wandlamp-breed\/","url":"https:\/\/bulaoutdoor.nl\/product\/barr-frezoli-buitenlamp-wandlamp-breed\/","name":"Barr Frezoli lampe d'ext\u00e9rieur, applique murale large - Bula Outdoor","isPartOf":{"@id":"https:\/\/bulaoutdoor.nl\/#website"},"primaryImageOfPage":{"@id":"https:\/\/bulaoutdoor.nl\/product\/barr-frezoli-buitenlamp-wandlamp-breed\/#primaryimage"},"image":{"@id":"https:\/\/bulaoutdoor.nl\/product\/barr-frezoli-buitenlamp-wandlamp-breed\/#primaryimage"},"thumbnailUrl":"https:\/\/bulaoutdoor.nl\/wp-content\/uploads\/2018\/05\/barr-wandlamp-breed_3520_1_G.jpg","datePublished":"2018-05-27T09:23:32+00:00","dateModified":"2026-02-11T19:55:52+00:00","description":"Lampe murale Barr large lampe d'ext\u00e9rieur de style exclusif Frezoli, lampe murale, \u00e9clairage d'ext\u00e9rieur Num\u00e9ro d'article : L.838.1.600 Noir Num\u00e9ro d'article : L.838.1.400 Alu","breadcrumb":{"@id":"https:\/\/bulaoutdoor.nl\/product\/barr-frezoli-buitenlamp-wandlamp-breed\/#breadcrumb"},"inLanguage":"fr-FR","potentialAction":[{"@type":"ReadAction","target":["https:\/\/bulaoutdoor.nl\/product\/barr-frezoli-buitenlamp-wandlamp-breed\/"]}]},{"@type":"ImageObject","inLanguage":"fr-FR","@id":"https:\/\/bulaoutdoor.nl\/product\/barr-frezoli-buitenlamp-wandlamp-breed\/#primaryimage","url":"https:\/\/bulaoutdoor.nl\/wp-content\/uploads\/2018\/05\/barr-wandlamp-breed_3520_1_G.jpg","contentUrl":"https:\/\/bulaoutdoor.nl\/wp-content\/uploads\/2018\/05\/barr-wandlamp-breed_3520_1_G.jpg","width":400,"height":300,"caption":"Barr Frezoli buitenlamp breed"},{"@type":"BreadcrumbList","@id":"https:\/\/bulaoutdoor.nl\/product\/barr-frezoli-buitenlamp-wandlamp-breed\/#breadcrumb","itemListElement":[{"@type":"ListItem","position":1,"name":"Home","item":"https:\/\/bulaoutdoor.nl\/"},{"@type":"ListItem","position":2,"name":"Online BBQ kopen","item":"https:\/\/bulaoutdoor.nl\/"},{"@type":"ListItem","position":3,"name":"Barr Frezoli buitenlamp, wandlamp breed"}]},{"@type":"WebSite","@id":"https:\/\/bulaoutdoor.nl\/#website","url":"https:\/\/bulaoutdoor.nl\/","name":"Bula Outdoor","description":"Pour votre chemin\u00e9e ext\u00e9rieure, votre barbecue, votre torche de jardin et votre four \u00e0 bois","publisher":{"@id":"https:\/\/bulaoutdoor.nl\/#organization"},"potentialAction":[{"@type":"SearchAction","target":{"@type":"EntryPoint","urlTemplate":"https:\/\/bulaoutdoor.nl\/?s={search_term_string}"},"query-input":{"@type":"PropertyValueSpecification","valueRequired":true,"valueName":"search_term_string"}}],"inLanguage":"fr-FR"},{"@type":"Organization","@id":"https:\/\/bulaoutdoor.nl\/#organization","name":"Bula Outdoor","url":"https:\/\/bulaoutdoor.nl\/","logo":{"@type":"ImageObject","inLanguage":"fr-FR","@id":"https:\/\/bulaoutdoor.nl\/#\/schema\/logo\/image\/","url":"https:\/\/www.bulaoutdoor.nl\/wp-content\/uploads\/2018\/04\/bulaoutdoor-logo.png","contentUrl":"https:\/\/www.bulaoutdoor.nl\/wp-content\/uploads\/2018\/04\/bulaoutdoor-logo.png","width":324,"height":91,"caption":"Bula Outdoor"},"image":{"@id":"https:\/\/bulaoutdoor.nl\/#\/schema\/logo\/image\/"}}]}},"jetpack_sharing_enabled":true,"_links":{"self":[{"href":"https:\/\/bulaoutdoor.nl\/fr\/wp-json\/wp\/v2\/product\/658","targetHints":{"allow":["GET"]}}],"collection":[{"href":"https:\/\/bulaoutdoor.nl\/fr\/wp-json\/wp\/v2\/product"}],"about":[{"href":"https:\/\/bulaoutdoor.nl\/fr\/wp-json\/wp\/v2\/types\/product"}],"replies":[{"embeddable":true,"href":"https:\/\/bulaoutdoor.nl\/fr\/wp-json\/wp\/v2\/comments?post=658"}],"wp:featuredmedia":[{"embeddable":true,"href":"https:\/\/bulaoutdoor.nl\/fr\/wp-json\/wp\/v2\/media\/702"}],"wp:attachment":[{"href":"https:\/\/bulaoutdoor.nl\/fr\/wp-json\/wp\/v2\/media?parent=658"}],"wp:term":[{"taxonomy":"product_brand","embeddable":true,"href":"https:\/\/bulaoutdoor.nl\/fr\/wp-json\/wp\/v2\/product_brand?post=658"},{"taxonomy":"product_cat","embeddable":true,"href":"https:\/\/bulaoutdoor.nl\/fr\/wp-json\/wp\/v2\/product_cat?post=658"},{"taxonomy":"product_tag","embeddable":true,"href":"https:\/\/bulaoutdoor.nl\/fr\/wp-json\/wp\/v2\/product_tag?post=658"}],"curies":[{"name":"wp","href":"https:\/\/api.w.org\/{rel}","templated":true}]}}