{"id":659,"date":"2018-05-27T09:23:32","date_gmt":"2018-05-27T09:23:32","guid":{"rendered":"http:\/\/www.bulaoutdoor.nl\/product\/import-placeholder-for-193\/"},"modified":"2024-05-25T11:48:33","modified_gmt":"2024-05-25T11:48:33","slug":"beefeater-burner-cast-iron-bbq-signatures-series-and-discovery-1100-1000","status":"publish","type":"product","link":"https:\/\/bulaoutdoor.nl\/fr\/product\/beefeater-brander-gietijzer-bbq-signaturen-series-en-discovery-1100-1000\/","title":{"rendered":"Beefeater br\u00fbleur en fonte BBQ s\u00e9rie Signatures et Discovery 1100 1000"},"content":{"rendered":"<p>Dans notre gamme en ligne, vous trouverez un br\u00fbleur en fonte de Beefeater. Ce br\u00fbleur est compatible avec diff\u00e9rents mod\u00e8les. Vous ne devez donc pas acheter un nouveau barbecue si un seul br\u00fbleur tombe en panne. Le rev\u00eatement en fonte prolonge la dur\u00e9e de vie du br\u00fbleur. Vous trouverez des pi\u00e8ces de rechange pour votre barbecue, ainsi que de superbes accessoires pour votre jardin.<\/p>\n<h2>Un br\u00fbleur Beefeater en fonte pour votre barbecue<\/h2>\n<p>Si un br\u00fbleur est cass\u00e9 sur votre barbecue Beefeater, vous pouvez le remplacer par ce br\u00fbleur en fonte. Ce br\u00fbleur peut \u00eatre mont\u00e9 sur diff\u00e9rents mod\u00e8les, tels que le <a href=\"https:\/\/bulaoutdoor.nl\/fr\/categorie-de-produits\/bbq\/barbecues-beefeater\/\">D\u00e9couverte de Beefeater<\/a> 1000i, la s\u00e9rie 1100 et la s\u00e9rie Signature. Le br\u00fbleur mesure 40 centim\u00e8tres de long et 7,5 centim\u00e8tres de large. Vous trouverez \u00e9galement d'autres pi\u00e8ces pour votre barbecue dans notre webshop, comme un distributeur de flammes ou un bouton. Outre les barbecues, vous trouverez \u00e9galement de jolis accessoires de jardin dans notre boutique en ligne. Jetez un coup d'\u0153il \u00e0 la rubrique <a href=\"https:\/\/bulaoutdoor.nl\/fr\/produit\/torche-de-jardin-tuyau-torchmaster-extremement-resistante-au-vent-grande-flamme-fonctionne-avec-de-lhuile-de-lampe-industrie-de-la-restauration\/\">Ma\u00eetre de la torche<\/a>.<\/p>\n<h3>Commandez vos accessoires d'ext\u00e9rieur en ligne<\/h3>\n<p>Chez Bula Outdoor, vous trouverez toutes sortes d'accessoires pour votre jardin et votre barbecue. Vous pouvez par exemple commander un br\u00fbleur suppl\u00e9mentaire en fonte pour votre barbecue Beefeater. Ajoutez les articles souhait\u00e9s \u00e0 votre panier et payez en toute s\u00e9curit\u00e9 et simplicit\u00e9. Il est \u00e9galement possible de visiter notre magasin. Visiter <a href=\"https:\/\/bulaoutdoor.nl\/fr\/contact\/\">nous contacter<\/a> pour prendre rendez-vous. Appelez-nous au <a href=\"tel:0031355330658\">035-5330658<\/a> ou envoyer un courriel \u00e0 <a href=\"mailto:info@bulaoutdoor.nl\">info@bulaoutdoor.nl<\/a>.<\/p>","protected":false},"excerpt":{"rendered":"<p>Br\u00fbleur Beefeater en fonte BBQ s\u00e9rie Signatures et Discovery 1100 1000i<\/p>","protected":false},"featured_media":10912,"comment_status":"open","ping_status":"closed","template":"","meta":{"_acf_changed":false},"product_brand":[],"product_cat":[21],"product_tag":[],"class_list":{"0":"post-659","1":"product","2":"type-product","3":"status-publish","4":"has-post-thumbnail","6":"product_cat-beefeater-barbeques","8":"first","9":"outofstock","10":"taxable","11":"shipping-taxable","12":"purchasable","13":"product-type-simple"},"acf":[],"yoast_head":"<!-- This site is optimized with the Yoast SEO plugin v27.6 - https:\/\/yoast.com\/product\/yoast-seo-wordpress\/ -->\n<title>Beefeater brander gietijzer BBQ Signaturen series en Discovery 1100 1000 &#8211; Bula Outdoor<\/title>\n<meta name=\"description\" content=\"Zoekt u voor uw Beefeater een brander van gietijzer? In onze webshop vindt u diverse onderdelen voor uw Beefeater barbecue. Plaats direct uw bestelling.\" \/>\n<meta name=\"robots\" content=\"index, follow, max-snippet:-1, max-image-preview:large, max-video-preview:-1\" \/>\n<link rel=\"canonical\" href=\"https:\/\/bulaoutdoor.nl\/fr\/produit\/beefeater-burner-cast-iron-bbq-signatures-series-and-discovery-1100-1000\/\" \/>\n<meta property=\"og:locale\" content=\"fr_FR\" \/>\n<meta property=\"og:type\" content=\"article\" \/>\n<meta property=\"og:title\" content=\"Beefeater brander gietijzer BBQ Signaturen series en Discovery 1100 1000 &#8211; Bula Outdoor\" \/>\n<meta property=\"og:description\" content=\"Zoekt u voor uw Beefeater een brander van gietijzer? In onze webshop vindt u diverse onderdelen voor uw Beefeater barbecue. Plaats direct uw bestelling.\" \/>\n<meta property=\"og:url\" content=\"https:\/\/bulaoutdoor.nl\/fr\/produit\/beefeater-burner-cast-iron-bbq-signatures-series-and-discovery-1100-1000\/\" \/>\n<meta property=\"og:site_name\" content=\"Bula Outdoor\" \/>\n<meta property=\"article:modified_time\" content=\"2024-05-25T11:48:33+00:00\" \/>\n<meta property=\"og:image\" content=\"https:\/\/bulaoutdoor.nl\/wp-content\/uploads\/2018\/05\/brander-gietijzer-bbq_3521_1_G_SCALED.jpg\" \/>\n\t<meta property=\"og:image:width\" content=\"207\" \/>\n\t<meta property=\"og:image:height\" content=\"207\" \/>\n\t<meta property=\"og:image:type\" content=\"image\/jpeg\" \/>\n<meta name=\"twitter:card\" content=\"summary_large_image\" \/>\n<meta name=\"twitter:label1\" content=\"Dur\u00e9e de lecture estim\u00e9e\" \/>\n\t<meta name=\"twitter:data1\" content=\"2 minutes\" \/>\n<script type=\"application\/ld+json\" class=\"yoast-schema-graph\">{\"@context\":\"https:\\\/\\\/schema.org\",\"@graph\":[{\"@type\":\"WebPage\",\"@id\":\"https:\\\/\\\/bulaoutdoor.nl\\\/product\\\/beefeater-brander-gietijzer-bbq-signaturen-series-en-discovery-1100-1000\\\/\",\"url\":\"https:\\\/\\\/bulaoutdoor.nl\\\/product\\\/beefeater-brander-gietijzer-bbq-signaturen-series-en-discovery-1100-1000\\\/\",\"name\":\"Beefeater brander gietijzer BBQ Signaturen series en Discovery 1100 1000 &#8211; Bula Outdoor\",\"isPartOf\":{\"@id\":\"https:\\\/\\\/bulaoutdoor.nl\\\/#website\"},\"primaryImageOfPage\":{\"@id\":\"https:\\\/\\\/bulaoutdoor.nl\\\/product\\\/beefeater-brander-gietijzer-bbq-signaturen-series-en-discovery-1100-1000\\\/#primaryimage\"},\"image\":{\"@id\":\"https:\\\/\\\/bulaoutdoor.nl\\\/product\\\/beefeater-brander-gietijzer-bbq-signaturen-series-en-discovery-1100-1000\\\/#primaryimage\"},\"thumbnailUrl\":\"https:\\\/\\\/bulaoutdoor.nl\\\/wp-content\\\/uploads\\\/2018\\\/05\\\/brander-gietijzer-bbq_3521_1_G_SCALED.jpg\",\"datePublished\":\"2018-05-27T09:23:32+00:00\",\"dateModified\":\"2024-05-25T11:48:33+00:00\",\"description\":\"Zoekt u voor uw Beefeater een brander van gietijzer? In onze webshop vindt u diverse onderdelen voor uw Beefeater barbecue. Plaats direct uw bestelling.\",\"breadcrumb\":{\"@id\":\"https:\\\/\\\/bulaoutdoor.nl\\\/product\\\/beefeater-brander-gietijzer-bbq-signaturen-series-en-discovery-1100-1000\\\/#breadcrumb\"},\"inLanguage\":\"fr-FR\",\"potentialAction\":[{\"@type\":\"ReadAction\",\"target\":[\"https:\\\/\\\/bulaoutdoor.nl\\\/product\\\/beefeater-brander-gietijzer-bbq-signaturen-series-en-discovery-1100-1000\\\/\"]}]},{\"@type\":\"ImageObject\",\"inLanguage\":\"fr-FR\",\"@id\":\"https:\\\/\\\/bulaoutdoor.nl\\\/product\\\/beefeater-brander-gietijzer-bbq-signaturen-series-en-discovery-1100-1000\\\/#primaryimage\",\"url\":\"https:\\\/\\\/bulaoutdoor.nl\\\/wp-content\\\/uploads\\\/2018\\\/05\\\/brander-gietijzer-bbq_3521_1_G_SCALED.jpg\",\"contentUrl\":\"https:\\\/\\\/bulaoutdoor.nl\\\/wp-content\\\/uploads\\\/2018\\\/05\\\/brander-gietijzer-bbq_3521_1_G_SCALED.jpg\",\"width\":207,\"height\":207},{\"@type\":\"BreadcrumbList\",\"@id\":\"https:\\\/\\\/bulaoutdoor.nl\\\/product\\\/beefeater-brander-gietijzer-bbq-signaturen-series-en-discovery-1100-1000\\\/#breadcrumb\",\"itemListElement\":[{\"@type\":\"ListItem\",\"position\":1,\"name\":\"Home\",\"item\":\"https:\\\/\\\/bulaoutdoor.nl\\\/\"},{\"@type\":\"ListItem\",\"position\":2,\"name\":\"Online BBQ kopen\",\"item\":\"https:\\\/\\\/bulaoutdoor.nl\\\/\"},{\"@type\":\"ListItem\",\"position\":3,\"name\":\"Beefeater brander gietijzer BBQ Signaturen series en Discovery 1100 1000\"}]},{\"@type\":\"WebSite\",\"@id\":\"https:\\\/\\\/bulaoutdoor.nl\\\/#website\",\"url\":\"https:\\\/\\\/bulaoutdoor.nl\\\/\",\"name\":\"Bula Outdoor\",\"description\":\"Voor uw buitenhaard, BBQ, tuinfakkel en houtoven\",\"publisher\":{\"@id\":\"https:\\\/\\\/bulaoutdoor.nl\\\/#organization\"},\"potentialAction\":[{\"@type\":\"SearchAction\",\"target\":{\"@type\":\"EntryPoint\",\"urlTemplate\":\"https:\\\/\\\/bulaoutdoor.nl\\\/?s={search_term_string}\"},\"query-input\":{\"@type\":\"PropertyValueSpecification\",\"valueRequired\":true,\"valueName\":\"search_term_string\"}}],\"inLanguage\":\"fr-FR\"},{\"@type\":\"Organization\",\"@id\":\"https:\\\/\\\/bulaoutdoor.nl\\\/#organization\",\"name\":\"Bula Outdoor\",\"url\":\"https:\\\/\\\/bulaoutdoor.nl\\\/\",\"logo\":{\"@type\":\"ImageObject\",\"inLanguage\":\"fr-FR\",\"@id\":\"https:\\\/\\\/bulaoutdoor.nl\\\/#\\\/schema\\\/logo\\\/image\\\/\",\"url\":\"https:\\\/\\\/www.bulaoutdoor.nl\\\/wp-content\\\/uploads\\\/2018\\\/04\\\/bulaoutdoor-logo.png\",\"contentUrl\":\"https:\\\/\\\/www.bulaoutdoor.nl\\\/wp-content\\\/uploads\\\/2018\\\/04\\\/bulaoutdoor-logo.png\",\"width\":324,\"height\":91,\"caption\":\"Bula Outdoor\"},\"image\":{\"@id\":\"https:\\\/\\\/bulaoutdoor.nl\\\/#\\\/schema\\\/logo\\\/image\\\/\"}}]}<\/script>\n<!-- \/ Yoast SEO plugin. -->","yoast_head_json":{"title":"Beefeater br\u00fbleur en fonte BBQ s\u00e9rie Signatures et Discovery 1100 1000 - Bula Outdoor","description":"Vous cherchez un br\u00fbleur en fonte pour votre Beefeater ? Dans notre boutique en ligne, vous trouverez diverses pi\u00e8ces de rechange pour votre barbecue Beefeater. Commandez d\u00e8s maintenant.","robots":{"index":"index","follow":"follow","max-snippet":"max-snippet:-1","max-image-preview":"max-image-preview:large","max-video-preview":"max-video-preview:-1"},"canonical":"https:\/\/bulaoutdoor.nl\/fr\/produit\/beefeater-burner-cast-iron-bbq-signatures-series-and-discovery-1100-1000\/","og_locale":"fr_FR","og_type":"article","og_title":"Beefeater brander gietijzer BBQ Signaturen series en Discovery 1100 1000 &#8211; Bula Outdoor","og_description":"Zoekt u voor uw Beefeater een brander van gietijzer? In onze webshop vindt u diverse onderdelen voor uw Beefeater barbecue. Plaats direct uw bestelling.","og_url":"https:\/\/bulaoutdoor.nl\/fr\/produit\/beefeater-burner-cast-iron-bbq-signatures-series-and-discovery-1100-1000\/","og_site_name":"Bula Outdoor","article_modified_time":"2024-05-25T11:48:33+00:00","og_image":[{"width":207,"height":207,"url":"https:\/\/bulaoutdoor.nl\/wp-content\/uploads\/2018\/05\/brander-gietijzer-bbq_3521_1_G_SCALED.jpg","type":"image\/jpeg"}],"twitter_card":"summary_large_image","twitter_misc":{"Dur\u00e9e de lecture estim\u00e9e":"2 minutes"},"schema":{"@context":"https:\/\/schema.org","@graph":[{"@type":"WebPage","@id":"https:\/\/bulaoutdoor.nl\/product\/beefeater-brander-gietijzer-bbq-signaturen-series-en-discovery-1100-1000\/","url":"https:\/\/bulaoutdoor.nl\/product\/beefeater-brander-gietijzer-bbq-signaturen-series-en-discovery-1100-1000\/","name":"Beefeater br\u00fbleur en fonte BBQ s\u00e9rie Signatures et Discovery 1100 1000 - Bula Outdoor","isPartOf":{"@id":"https:\/\/bulaoutdoor.nl\/#website"},"primaryImageOfPage":{"@id":"https:\/\/bulaoutdoor.nl\/product\/beefeater-brander-gietijzer-bbq-signaturen-series-en-discovery-1100-1000\/#primaryimage"},"image":{"@id":"https:\/\/bulaoutdoor.nl\/product\/beefeater-brander-gietijzer-bbq-signaturen-series-en-discovery-1100-1000\/#primaryimage"},"thumbnailUrl":"https:\/\/bulaoutdoor.nl\/wp-content\/uploads\/2018\/05\/brander-gietijzer-bbq_3521_1_G_SCALED.jpg","datePublished":"2018-05-27T09:23:32+00:00","dateModified":"2024-05-25T11:48:33+00:00","description":"Vous cherchez un br\u00fbleur en fonte pour votre Beefeater ? Dans notre boutique en ligne, vous trouverez diverses pi\u00e8ces de rechange pour votre barbecue Beefeater. Commandez d\u00e8s maintenant.","breadcrumb":{"@id":"https:\/\/bulaoutdoor.nl\/product\/beefeater-brander-gietijzer-bbq-signaturen-series-en-discovery-1100-1000\/#breadcrumb"},"inLanguage":"fr-FR","potentialAction":[{"@type":"ReadAction","target":["https:\/\/bulaoutdoor.nl\/product\/beefeater-brander-gietijzer-bbq-signaturen-series-en-discovery-1100-1000\/"]}]},{"@type":"ImageObject","inLanguage":"fr-FR","@id":"https:\/\/bulaoutdoor.nl\/product\/beefeater-brander-gietijzer-bbq-signaturen-series-en-discovery-1100-1000\/#primaryimage","url":"https:\/\/bulaoutdoor.nl\/wp-content\/uploads\/2018\/05\/brander-gietijzer-bbq_3521_1_G_SCALED.jpg","contentUrl":"https:\/\/bulaoutdoor.nl\/wp-content\/uploads\/2018\/05\/brander-gietijzer-bbq_3521_1_G_SCALED.jpg","width":207,"height":207},{"@type":"BreadcrumbList","@id":"https:\/\/bulaoutdoor.nl\/product\/beefeater-brander-gietijzer-bbq-signaturen-series-en-discovery-1100-1000\/#breadcrumb","itemListElement":[{"@type":"ListItem","position":1,"name":"Home","item":"https:\/\/bulaoutdoor.nl\/"},{"@type":"ListItem","position":2,"name":"Online BBQ kopen","item":"https:\/\/bulaoutdoor.nl\/"},{"@type":"ListItem","position":3,"name":"Beefeater brander gietijzer BBQ Signaturen series en Discovery 1100 1000"}]},{"@type":"WebSite","@id":"https:\/\/bulaoutdoor.nl\/#website","url":"https:\/\/bulaoutdoor.nl\/","name":"Bula Outdoor","description":"Pour votre chemin\u00e9e ext\u00e9rieure, votre barbecue, votre torche de jardin et votre four \u00e0 bois","publisher":{"@id":"https:\/\/bulaoutdoor.nl\/#organization"},"potentialAction":[{"@type":"SearchAction","target":{"@type":"EntryPoint","urlTemplate":"https:\/\/bulaoutdoor.nl\/?s={search_term_string}"},"query-input":{"@type":"PropertyValueSpecification","valueRequired":true,"valueName":"search_term_string"}}],"inLanguage":"fr-FR"},{"@type":"Organization","@id":"https:\/\/bulaoutdoor.nl\/#organization","name":"Bula Outdoor","url":"https:\/\/bulaoutdoor.nl\/","logo":{"@type":"ImageObject","inLanguage":"fr-FR","@id":"https:\/\/bulaoutdoor.nl\/#\/schema\/logo\/image\/","url":"https:\/\/www.bulaoutdoor.nl\/wp-content\/uploads\/2018\/04\/bulaoutdoor-logo.png","contentUrl":"https:\/\/www.bulaoutdoor.nl\/wp-content\/uploads\/2018\/04\/bulaoutdoor-logo.png","width":324,"height":91,"caption":"Bula Outdoor"},"image":{"@id":"https:\/\/bulaoutdoor.nl\/#\/schema\/logo\/image\/"}}]}},"jetpack_sharing_enabled":true,"_links":{"self":[{"href":"https:\/\/bulaoutdoor.nl\/fr\/wp-json\/wp\/v2\/product\/659","targetHints":{"allow":["GET"]}}],"collection":[{"href":"https:\/\/bulaoutdoor.nl\/fr\/wp-json\/wp\/v2\/product"}],"about":[{"href":"https:\/\/bulaoutdoor.nl\/fr\/wp-json\/wp\/v2\/types\/product"}],"replies":[{"embeddable":true,"href":"https:\/\/bulaoutdoor.nl\/fr\/wp-json\/wp\/v2\/comments?post=659"}],"wp:featuredmedia":[{"embeddable":true,"href":"https:\/\/bulaoutdoor.nl\/fr\/wp-json\/wp\/v2\/media\/10912"}],"wp:attachment":[{"href":"https:\/\/bulaoutdoor.nl\/fr\/wp-json\/wp\/v2\/media?parent=659"}],"wp:term":[{"taxonomy":"product_brand","embeddable":true,"href":"https:\/\/bulaoutdoor.nl\/fr\/wp-json\/wp\/v2\/product_brand?post=659"},{"taxonomy":"product_cat","embeddable":true,"href":"https:\/\/bulaoutdoor.nl\/fr\/wp-json\/wp\/v2\/product_cat?post=659"},{"taxonomy":"product_tag","embeddable":true,"href":"https:\/\/bulaoutdoor.nl\/fr\/wp-json\/wp\/v2\/product_tag?post=659"}],"curies":[{"name":"wp","href":"https:\/\/api.w.org\/{rel}","templated":true}]}}