{"id":662,"date":"2018-05-27T09:23:33","date_gmt":"2018-05-27T09:23:33","guid":{"rendered":"http:\/\/www.bulaoutdoor.nl\/product\/import-placeholder-for-214\/"},"modified":"2026-02-10T13:33:51","modified_gmt":"2026-02-10T13:33:51","slug":"base-de-la-ligne-de-tuyauterie-base-du-chalumeau-base-du-chalumeau-en-beton-torchemaster","status":"publish","type":"product","link":"https:\/\/bulaoutdoor.nl\/fr\/product\/pipe-line-base-fakkelvoet-beton-torchemaster\/","title":{"rendered":"Pipe-Line Base Torch pied b\u00e9ton pour torche de jardin"},"content":{"rendered":"<h2>Pied de torche pour torche de jardin<\/h2>\n<p>Socle en b\u00e9ton robuste, adapt\u00e9 \u00e0 toutes les torches Pipe-Line. Les joints toriques en caoutchouc inclus garantissent que la torche reste toujours droite et stable dans le socle. Gr\u00e2ce \u00e0 l'anneau, il est tr\u00e8s facile de d\u00e9monter la torche et le pied, m\u00eame si les mat\u00e9riaux ont r\u00e9tr\u00e9ci ou gonfl\u00e9 sous l'influence des conditions m\u00e9t\u00e9orologiques. Le joint torique en caoutchouc garantit \u00e9galement que la torche et le pied peuvent \u00eatre d\u00e9plac\u00e9s ensemble.<\/p>\n<p>Couleur : B\u00e9ton<\/p>\n<p>Poids : 6 kg<\/p>","protected":false},"excerpt":{"rendered":"<p>Pipe-Line Base Torch foot concrete<\/p>","protected":false},"featured_media":724,"comment_status":"open","ping_status":"closed","template":"","meta":{"_acf_changed":false},"product_brand":[],"product_cat":[19],"product_tag":[],"class_list":{"0":"post-662","1":"product","2":"type-product","3":"status-publish","4":"has-post-thumbnail","6":"product_cat-fakkels","8":"first","9":"instock","10":"taxable","11":"shipping-taxable","12":"purchasable","13":"product-type-simple"},"acf":[],"yoast_head":"<!-- This site is optimized with the Yoast SEO plugin v27.6 - https:\/\/yoast.com\/product\/yoast-seo-wordpress\/ -->\n<title>Pipe-Line Base Fakkelvoet beton voor tuinfakkel &#8211; Bula Outdoor<\/title>\n<meta name=\"description\" content=\"Pipe-Line Base FakkelvoetStevige betonnen voet, passend voor alle Pipe-Line Fakkels. De meegeleverde rubberen O-ringen zorgen ervoor dat de fakkel vast zit\" \/>\n<meta name=\"robots\" content=\"index, follow, max-snippet:-1, max-image-preview:large, max-video-preview:-1\" \/>\n<link rel=\"canonical\" href=\"https:\/\/bulaoutdoor.nl\/fr\/produit\/base-de-la-ligne-de-tuyauterie-base-du-chalumeau-base-du-chalumeau-en-beton-torchemaster\/\" \/>\n<meta property=\"og:locale\" content=\"fr_FR\" \/>\n<meta property=\"og:type\" content=\"article\" \/>\n<meta property=\"og:title\" content=\"Pipe-Line Base Fakkelvoet beton voor tuinfakkel &#8211; Bula Outdoor\" \/>\n<meta property=\"og:description\" content=\"Pipe-Line Base FakkelvoetStevige betonnen voet, passend voor alle Pipe-Line Fakkels. De meegeleverde rubberen O-ringen zorgen ervoor dat de fakkel vast zit\" \/>\n<meta property=\"og:url\" content=\"https:\/\/bulaoutdoor.nl\/fr\/produit\/base-de-la-ligne-de-tuyauterie-base-du-chalumeau-base-du-chalumeau-en-beton-torchemaster\/\" \/>\n<meta property=\"og:site_name\" content=\"Bula Outdoor\" \/>\n<meta property=\"article:modified_time\" content=\"2026-02-10T13:33:51+00:00\" \/>\n<meta property=\"og:image\" content=\"https:\/\/bulaoutdoor.nl\/wp-content\/uploads\/2018\/05\/pipe-line-base-fakkelvoet_3526_1_G.jpg\" \/>\n\t<meta property=\"og:image:width\" content=\"356\" \/>\n\t<meta property=\"og:image:height\" content=\"325\" \/>\n\t<meta property=\"og:image:type\" content=\"image\/jpeg\" \/>\n<meta name=\"twitter:card\" content=\"summary_large_image\" \/>\n<meta name=\"twitter:label1\" content=\"Dur\u00e9e de lecture estim\u00e9e\" \/>\n\t<meta name=\"twitter:data1\" content=\"1 minute\" \/>\n<script type=\"application\/ld+json\" class=\"yoast-schema-graph\">{\"@context\":\"https:\\\/\\\/schema.org\",\"@graph\":[{\"@type\":\"WebPage\",\"@id\":\"https:\\\/\\\/bulaoutdoor.nl\\\/product\\\/pipe-line-base-fakkelvoet-beton-torchemaster\\\/\",\"url\":\"https:\\\/\\\/bulaoutdoor.nl\\\/product\\\/pipe-line-base-fakkelvoet-beton-torchemaster\\\/\",\"name\":\"Pipe-Line Base Fakkelvoet beton voor tuinfakkel &#8211; Bula Outdoor\",\"isPartOf\":{\"@id\":\"https:\\\/\\\/bulaoutdoor.nl\\\/#website\"},\"primaryImageOfPage\":{\"@id\":\"https:\\\/\\\/bulaoutdoor.nl\\\/product\\\/pipe-line-base-fakkelvoet-beton-torchemaster\\\/#primaryimage\"},\"image\":{\"@id\":\"https:\\\/\\\/bulaoutdoor.nl\\\/product\\\/pipe-line-base-fakkelvoet-beton-torchemaster\\\/#primaryimage\"},\"thumbnailUrl\":\"https:\\\/\\\/bulaoutdoor.nl\\\/wp-content\\\/uploads\\\/2018\\\/05\\\/pipe-line-base-fakkelvoet_3526_1_G.jpg\",\"datePublished\":\"2018-05-27T09:23:33+00:00\",\"dateModified\":\"2026-02-10T13:33:51+00:00\",\"description\":\"Pipe-Line Base FakkelvoetStevige betonnen voet, passend voor alle Pipe-Line Fakkels. De meegeleverde rubberen O-ringen zorgen ervoor dat de fakkel vast zit\",\"breadcrumb\":{\"@id\":\"https:\\\/\\\/bulaoutdoor.nl\\\/product\\\/pipe-line-base-fakkelvoet-beton-torchemaster\\\/#breadcrumb\"},\"inLanguage\":\"fr-FR\",\"potentialAction\":[{\"@type\":\"ReadAction\",\"target\":[\"https:\\\/\\\/bulaoutdoor.nl\\\/product\\\/pipe-line-base-fakkelvoet-beton-torchemaster\\\/\"]}]},{\"@type\":\"ImageObject\",\"inLanguage\":\"fr-FR\",\"@id\":\"https:\\\/\\\/bulaoutdoor.nl\\\/product\\\/pipe-line-base-fakkelvoet-beton-torchemaster\\\/#primaryimage\",\"url\":\"https:\\\/\\\/bulaoutdoor.nl\\\/wp-content\\\/uploads\\\/2018\\\/05\\\/pipe-line-base-fakkelvoet_3526_1_G.jpg\",\"contentUrl\":\"https:\\\/\\\/bulaoutdoor.nl\\\/wp-content\\\/uploads\\\/2018\\\/05\\\/pipe-line-base-fakkelvoet_3526_1_G.jpg\",\"width\":356,\"height\":325,\"caption\":\"Fakkel base beton\"},{\"@type\":\"BreadcrumbList\",\"@id\":\"https:\\\/\\\/bulaoutdoor.nl\\\/product\\\/pipe-line-base-fakkelvoet-beton-torchemaster\\\/#breadcrumb\",\"itemListElement\":[{\"@type\":\"ListItem\",\"position\":1,\"name\":\"Home\",\"item\":\"https:\\\/\\\/bulaoutdoor.nl\\\/\"},{\"@type\":\"ListItem\",\"position\":2,\"name\":\"Online BBQ kopen\",\"item\":\"https:\\\/\\\/bulaoutdoor.nl\\\/\"},{\"@type\":\"ListItem\",\"position\":3,\"name\":\"Pipe-Line Base Fakkelvoet beton voor tuinfakkel\"}]},{\"@type\":\"WebSite\",\"@id\":\"https:\\\/\\\/bulaoutdoor.nl\\\/#website\",\"url\":\"https:\\\/\\\/bulaoutdoor.nl\\\/\",\"name\":\"Bula Outdoor\",\"description\":\"Voor uw buitenhaard, BBQ, tuinfakkel en houtoven\",\"publisher\":{\"@id\":\"https:\\\/\\\/bulaoutdoor.nl\\\/#organization\"},\"potentialAction\":[{\"@type\":\"SearchAction\",\"target\":{\"@type\":\"EntryPoint\",\"urlTemplate\":\"https:\\\/\\\/bulaoutdoor.nl\\\/?s={search_term_string}\"},\"query-input\":{\"@type\":\"PropertyValueSpecification\",\"valueRequired\":true,\"valueName\":\"search_term_string\"}}],\"inLanguage\":\"fr-FR\"},{\"@type\":\"Organization\",\"@id\":\"https:\\\/\\\/bulaoutdoor.nl\\\/#organization\",\"name\":\"Bula Outdoor\",\"url\":\"https:\\\/\\\/bulaoutdoor.nl\\\/\",\"logo\":{\"@type\":\"ImageObject\",\"inLanguage\":\"fr-FR\",\"@id\":\"https:\\\/\\\/bulaoutdoor.nl\\\/#\\\/schema\\\/logo\\\/image\\\/\",\"url\":\"https:\\\/\\\/www.bulaoutdoor.nl\\\/wp-content\\\/uploads\\\/2018\\\/04\\\/bulaoutdoor-logo.png\",\"contentUrl\":\"https:\\\/\\\/www.bulaoutdoor.nl\\\/wp-content\\\/uploads\\\/2018\\\/04\\\/bulaoutdoor-logo.png\",\"width\":324,\"height\":91,\"caption\":\"Bula Outdoor\"},\"image\":{\"@id\":\"https:\\\/\\\/bulaoutdoor.nl\\\/#\\\/schema\\\/logo\\\/image\\\/\"}}]}<\/script>\n<!-- \/ Yoast SEO plugin. -->","yoast_head_json":{"title":"Base de torche Pipe-Line pied b\u00e9ton pour torche de jardin - Bula Outdoor","description":"Base de torche Pipe-Line Base en b\u00e9ton robuste, adapt\u00e9e \u00e0 toutes les torches Pipe-Line. Les joints toriques en caoutchouc inclus assurent la fixation de la torche.","robots":{"index":"index","follow":"follow","max-snippet":"max-snippet:-1","max-image-preview":"max-image-preview:large","max-video-preview":"max-video-preview:-1"},"canonical":"https:\/\/bulaoutdoor.nl\/fr\/produit\/base-de-la-ligne-de-tuyauterie-base-du-chalumeau-base-du-chalumeau-en-beton-torchemaster\/","og_locale":"fr_FR","og_type":"article","og_title":"Pipe-Line Base Fakkelvoet beton voor tuinfakkel &#8211; Bula Outdoor","og_description":"Pipe-Line Base FakkelvoetStevige betonnen voet, passend voor alle Pipe-Line Fakkels. De meegeleverde rubberen O-ringen zorgen ervoor dat de fakkel vast zit","og_url":"https:\/\/bulaoutdoor.nl\/fr\/produit\/base-de-la-ligne-de-tuyauterie-base-du-chalumeau-base-du-chalumeau-en-beton-torchemaster\/","og_site_name":"Bula Outdoor","article_modified_time":"2026-02-10T13:33:51+00:00","og_image":[{"width":356,"height":325,"url":"https:\/\/bulaoutdoor.nl\/wp-content\/uploads\/2018\/05\/pipe-line-base-fakkelvoet_3526_1_G.jpg","type":"image\/jpeg"}],"twitter_card":"summary_large_image","twitter_misc":{"Dur\u00e9e de lecture estim\u00e9e":"1 minute"},"schema":{"@context":"https:\/\/schema.org","@graph":[{"@type":"WebPage","@id":"https:\/\/bulaoutdoor.nl\/product\/pipe-line-base-fakkelvoet-beton-torchemaster\/","url":"https:\/\/bulaoutdoor.nl\/product\/pipe-line-base-fakkelvoet-beton-torchemaster\/","name":"Base de torche Pipe-Line pied b\u00e9ton pour torche de jardin - Bula Outdoor","isPartOf":{"@id":"https:\/\/bulaoutdoor.nl\/#website"},"primaryImageOfPage":{"@id":"https:\/\/bulaoutdoor.nl\/product\/pipe-line-base-fakkelvoet-beton-torchemaster\/#primaryimage"},"image":{"@id":"https:\/\/bulaoutdoor.nl\/product\/pipe-line-base-fakkelvoet-beton-torchemaster\/#primaryimage"},"thumbnailUrl":"https:\/\/bulaoutdoor.nl\/wp-content\/uploads\/2018\/05\/pipe-line-base-fakkelvoet_3526_1_G.jpg","datePublished":"2018-05-27T09:23:33+00:00","dateModified":"2026-02-10T13:33:51+00:00","description":"Base de torche Pipe-Line Base en b\u00e9ton robuste, adapt\u00e9e \u00e0 toutes les torches Pipe-Line. Les joints toriques en caoutchouc inclus assurent la fixation de la torche.","breadcrumb":{"@id":"https:\/\/bulaoutdoor.nl\/product\/pipe-line-base-fakkelvoet-beton-torchemaster\/#breadcrumb"},"inLanguage":"fr-FR","potentialAction":[{"@type":"ReadAction","target":["https:\/\/bulaoutdoor.nl\/product\/pipe-line-base-fakkelvoet-beton-torchemaster\/"]}]},{"@type":"ImageObject","inLanguage":"fr-FR","@id":"https:\/\/bulaoutdoor.nl\/product\/pipe-line-base-fakkelvoet-beton-torchemaster\/#primaryimage","url":"https:\/\/bulaoutdoor.nl\/wp-content\/uploads\/2018\/05\/pipe-line-base-fakkelvoet_3526_1_G.jpg","contentUrl":"https:\/\/bulaoutdoor.nl\/wp-content\/uploads\/2018\/05\/pipe-line-base-fakkelvoet_3526_1_G.jpg","width":356,"height":325,"caption":"Fakkel base beton"},{"@type":"BreadcrumbList","@id":"https:\/\/bulaoutdoor.nl\/product\/pipe-line-base-fakkelvoet-beton-torchemaster\/#breadcrumb","itemListElement":[{"@type":"ListItem","position":1,"name":"Home","item":"https:\/\/bulaoutdoor.nl\/"},{"@type":"ListItem","position":2,"name":"Online BBQ kopen","item":"https:\/\/bulaoutdoor.nl\/"},{"@type":"ListItem","position":3,"name":"Pipe-Line Base Fakkelvoet beton voor tuinfakkel"}]},{"@type":"WebSite","@id":"https:\/\/bulaoutdoor.nl\/#website","url":"https:\/\/bulaoutdoor.nl\/","name":"Bula Outdoor","description":"Pour votre chemin\u00e9e ext\u00e9rieure, votre barbecue, votre torche de jardin et votre four \u00e0 bois","publisher":{"@id":"https:\/\/bulaoutdoor.nl\/#organization"},"potentialAction":[{"@type":"SearchAction","target":{"@type":"EntryPoint","urlTemplate":"https:\/\/bulaoutdoor.nl\/?s={search_term_string}"},"query-input":{"@type":"PropertyValueSpecification","valueRequired":true,"valueName":"search_term_string"}}],"inLanguage":"fr-FR"},{"@type":"Organization","@id":"https:\/\/bulaoutdoor.nl\/#organization","name":"Bula Outdoor","url":"https:\/\/bulaoutdoor.nl\/","logo":{"@type":"ImageObject","inLanguage":"fr-FR","@id":"https:\/\/bulaoutdoor.nl\/#\/schema\/logo\/image\/","url":"https:\/\/www.bulaoutdoor.nl\/wp-content\/uploads\/2018\/04\/bulaoutdoor-logo.png","contentUrl":"https:\/\/www.bulaoutdoor.nl\/wp-content\/uploads\/2018\/04\/bulaoutdoor-logo.png","width":324,"height":91,"caption":"Bula Outdoor"},"image":{"@id":"https:\/\/bulaoutdoor.nl\/#\/schema\/logo\/image\/"}}]}},"jetpack_sharing_enabled":true,"_links":{"self":[{"href":"https:\/\/bulaoutdoor.nl\/fr\/wp-json\/wp\/v2\/product\/662","targetHints":{"allow":["GET"]}}],"collection":[{"href":"https:\/\/bulaoutdoor.nl\/fr\/wp-json\/wp\/v2\/product"}],"about":[{"href":"https:\/\/bulaoutdoor.nl\/fr\/wp-json\/wp\/v2\/types\/product"}],"replies":[{"embeddable":true,"href":"https:\/\/bulaoutdoor.nl\/fr\/wp-json\/wp\/v2\/comments?post=662"}],"wp:featuredmedia":[{"embeddable":true,"href":"https:\/\/bulaoutdoor.nl\/fr\/wp-json\/wp\/v2\/media\/724"}],"wp:attachment":[{"href":"https:\/\/bulaoutdoor.nl\/fr\/wp-json\/wp\/v2\/media?parent=662"}],"wp:term":[{"taxonomy":"product_brand","embeddable":true,"href":"https:\/\/bulaoutdoor.nl\/fr\/wp-json\/wp\/v2\/product_brand?post=662"},{"taxonomy":"product_cat","embeddable":true,"href":"https:\/\/bulaoutdoor.nl\/fr\/wp-json\/wp\/v2\/product_cat?post=662"},{"taxonomy":"product_tag","embeddable":true,"href":"https:\/\/bulaoutdoor.nl\/fr\/wp-json\/wp\/v2\/product_tag?post=662"}],"curies":[{"name":"wp","href":"https:\/\/api.w.org\/{rel}","templated":true}]}}