{"id":666,"date":"2018-05-27T09:23:34","date_gmt":"2018-05-27T09:23:34","guid":{"rendered":"http:\/\/www.bulaoutdoor.nl\/product\/import-placeholder-for-243\/"},"modified":"2023-02-14T12:48:24","modified_gmt":"2023-02-14T12:48:24","slug":"pelle-a-feu-de-jardin-bula-original-en-acier-inoxydable-inc-bbq-poker-shovel","status":"publish","type":"product","link":"https:\/\/bulaoutdoor.nl\/fr\/product\/tuinhaard-bula-original-rvs-inc-bbq-pook-schep\/","title":{"rendered":"Feu de jardin Bula Original en acier inoxydable avec BBQ, tisonnier et pelle"},"content":{"rendered":"<p><strong>Chemin\u00e9e de jardin | BBQ | Bula Original<\/strong><\/p>\n<p>La chemin\u00e9e d'ext\u00e9rieur est enti\u00e8rement fabriqu\u00e9e en acier inoxydable de haute qualit\u00e9 (RVS \/ Inox). Si vous utilisez r\u00e9guli\u00e8rement la chemin\u00e9e de jardin Bula Original, l'acier inoxydable s'enflammera et la chemin\u00e9e d'ext\u00e9rieur aura un beau caract\u00e8re vieilli.<\/p>\n<p>Le tuyau de chemin\u00e9e s'adapte aux conduits de fum\u00e9e standard. Le foyer d'ext\u00e9rieur Bula peut \u00eatre install\u00e9 sous un auvent ou une v\u00e9randa. La chemin\u00e9e \u00e0 double paroi assure une \u00e9vacuation parfaite des fum\u00e9es. Le foyer est \u00e9quip\u00e9 de s\u00e9rie d'un barbecue en acier inoxydable. L'effet four de la chemin\u00e9e permet de pr\u00e9parer facilement de d\u00e9licieux plats. Avec un l\u00e9ger go\u00fbt de fum\u00e9e pour une saveur optimale. Un barbecue et un feu de jardin en un ! Garantie de 5 ans sur les d\u00e9fauts de fabrication<\/p>\n<p><strong>Standard<\/strong> les caract\u00e9ristiques de la chemin\u00e9e du jardin : <strong>Gril BBQ<\/strong> (3 postes) <strong>poker<\/strong> et <strong>scoop<\/strong> et r\u00e9fractaires <strong>gant<\/strong>Kit de montage avec gants.<\/p>\n<ul>\n<li><strong>Diam\u00e8tre de la chemin\u00e9e 150 mm<\/strong><\/li>\n<li>Dimensions : 147 de haut x 50 de large<\/li>\n<li>Acier inoxydable 304, \u00e9paisseur de la t\u00f4le 1,2 et 3 mm<\/li>\n<li>Garantie limit\u00e9e de 5 ans<\/li>\n<li>En option : tuyaux d'extension, p\u00e9n\u00e9trations dans le toit \/ chemin\u00e9e, hotte<\/li>\n<li>Couleurs : acier inoxydable mat (disponible en option en noir ou en anthracite)<\/li>\n<\/ul>","protected":false},"excerpt":{"rendered":"<p>Tuinhaard Bula RVS inc. BBQ, pook schep. Eenvoudig aan te sluiten op een schoorsteen (150 mm \u00f8)<\/p>\n<p>Garantie limit\u00e9e de 5 ans<\/p>","protected":false},"featured_media":10865,"comment_status":"open","ping_status":"closed","template":"","meta":{"_acf_changed":false},"product_brand":[],"product_cat":[17],"product_tag":[41,35,113,118],"class_list":{"0":"post-666","1":"product","2":"type-product","3":"status-publish","4":"has-post-thumbnail","6":"product_cat-bula-tuinhaarden","7":"product_tag-bula","8":"product_tag-bula-rvs-buitenhaard-bbq","9":"product_tag-rvs","10":"product_tag-tuinhaard","12":"first","13":"instock","14":"sale","15":"featured","16":"taxable","17":"shipping-taxable","18":"purchasable","19":"product-type-simple"},"acf":[],"yoast_head":"<!-- This site is optimized with the Yoast SEO plugin v27.3 - https:\/\/yoast.com\/product\/yoast-seo-wordpress\/ -->\n<title>Tuinhaard Bula Original RVS incl. BBQ, pook schep &#8211; Bula Outdoor<\/title>\n<meta name=\"description\" content=\"Bula Original RVS tuinhaard en BBQ met 5 jaar garantie. Gemaakt van kwaliteit RVS. Incl. pook en schep en handvatten. Aan te sluiten op een schoorsteen\" \/>\n<meta name=\"robots\" content=\"index, follow, max-snippet:-1, max-image-preview:large, max-video-preview:-1\" \/>\n<link rel=\"canonical\" href=\"https:\/\/bulaoutdoor.nl\/fr\/produit\/pelle-a-feu-de-jardin-bula-original-en-acier-inoxydable-inc-bbq-poker-shovel\/\" \/>\n<meta property=\"og:locale\" content=\"fr_FR\" \/>\n<meta property=\"og:type\" content=\"article\" \/>\n<meta property=\"og:title\" content=\"Tuinhaard Bula Original RVS incl. BBQ, pook schep &#8211; Bula Outdoor\" \/>\n<meta property=\"og:description\" content=\"Bula Original RVS tuinhaard en BBQ met 5 jaar garantie. Gemaakt van kwaliteit RVS. Incl. pook en schep en handvatten. Aan te sluiten op een schoorsteen\" \/>\n<meta property=\"og:url\" content=\"https:\/\/bulaoutdoor.nl\/fr\/produit\/pelle-a-feu-de-jardin-bula-original-en-acier-inoxydable-inc-bbq-poker-shovel\/\" \/>\n<meta property=\"og:site_name\" content=\"Bula Outdoor\" \/>\n<meta property=\"article:modified_time\" content=\"2023-02-14T12:48:24+00:00\" \/>\n<meta property=\"og:image\" content=\"https:\/\/bulaoutdoor.nl\/wp-content\/uploads\/2018\/05\/tuinhaard-bula-original-rvs-inc-bbq-pook-schep-eenvoudig-aan-te-sluit_3533_1_G_SCALED.jpg\" \/>\n\t<meta property=\"og:image:width\" content=\"792\" \/>\n\t<meta property=\"og:image:height\" content=\"714\" \/>\n\t<meta property=\"og:image:type\" content=\"image\/jpeg\" \/>\n<meta name=\"twitter:card\" content=\"summary_large_image\" \/>\n<meta name=\"twitter:label1\" content=\"Dur\u00e9e de lecture estim\u00e9e\" \/>\n\t<meta name=\"twitter:data1\" content=\"1 minute\" \/>\n<script type=\"application\/ld+json\" class=\"yoast-schema-graph\">{\"@context\":\"https:\\\/\\\/schema.org\",\"@graph\":[{\"@type\":\"WebPage\",\"@id\":\"https:\\\/\\\/bulaoutdoor.nl\\\/product\\\/tuinhaard-bula-original-rvs-inc-bbq-pook-schep\\\/\",\"url\":\"https:\\\/\\\/bulaoutdoor.nl\\\/product\\\/tuinhaard-bula-original-rvs-inc-bbq-pook-schep\\\/\",\"name\":\"Tuinhaard Bula Original RVS incl. BBQ, pook schep &#8211; Bula Outdoor\",\"isPartOf\":{\"@id\":\"https:\\\/\\\/bulaoutdoor.nl\\\/#website\"},\"primaryImageOfPage\":{\"@id\":\"https:\\\/\\\/bulaoutdoor.nl\\\/product\\\/tuinhaard-bula-original-rvs-inc-bbq-pook-schep\\\/#primaryimage\"},\"image\":{\"@id\":\"https:\\\/\\\/bulaoutdoor.nl\\\/product\\\/tuinhaard-bula-original-rvs-inc-bbq-pook-schep\\\/#primaryimage\"},\"thumbnailUrl\":\"https:\\\/\\\/bulaoutdoor.nl\\\/wp-content\\\/uploads\\\/2018\\\/05\\\/tuinhaard-bula-original-rvs-inc-bbq-pook-schep-eenvoudig-aan-te-sluit_3533_1_G_SCALED.jpg\",\"datePublished\":\"2018-05-27T09:23:34+00:00\",\"dateModified\":\"2023-02-14T12:48:24+00:00\",\"description\":\"Bula Original RVS tuinhaard en BBQ met 5 jaar garantie. Gemaakt van kwaliteit RVS. Incl. pook en schep en handvatten. Aan te sluiten op een schoorsteen\",\"breadcrumb\":{\"@id\":\"https:\\\/\\\/bulaoutdoor.nl\\\/product\\\/tuinhaard-bula-original-rvs-inc-bbq-pook-schep\\\/#breadcrumb\"},\"inLanguage\":\"fr-FR\",\"potentialAction\":[{\"@type\":\"ReadAction\",\"target\":[\"https:\\\/\\\/bulaoutdoor.nl\\\/product\\\/tuinhaard-bula-original-rvs-inc-bbq-pook-schep\\\/\"]}]},{\"@type\":\"ImageObject\",\"inLanguage\":\"fr-FR\",\"@id\":\"https:\\\/\\\/bulaoutdoor.nl\\\/product\\\/tuinhaard-bula-original-rvs-inc-bbq-pook-schep\\\/#primaryimage\",\"url\":\"https:\\\/\\\/bulaoutdoor.nl\\\/wp-content\\\/uploads\\\/2018\\\/05\\\/tuinhaard-bula-original-rvs-inc-bbq-pook-schep-eenvoudig-aan-te-sluit_3533_1_G_SCALED.jpg\",\"contentUrl\":\"https:\\\/\\\/bulaoutdoor.nl\\\/wp-content\\\/uploads\\\/2018\\\/05\\\/tuinhaard-bula-original-rvs-inc-bbq-pook-schep-eenvoudig-aan-te-sluit_3533_1_G_SCALED.jpg\",\"width\":792,\"height\":714},{\"@type\":\"BreadcrumbList\",\"@id\":\"https:\\\/\\\/bulaoutdoor.nl\\\/product\\\/tuinhaard-bula-original-rvs-inc-bbq-pook-schep\\\/#breadcrumb\",\"itemListElement\":[{\"@type\":\"ListItem\",\"position\":1,\"name\":\"Home\",\"item\":\"https:\\\/\\\/bulaoutdoor.nl\\\/\"},{\"@type\":\"ListItem\",\"position\":2,\"name\":\"Online BBQ kopen\",\"item\":\"https:\\\/\\\/bulaoutdoor.nl\\\/\"},{\"@type\":\"ListItem\",\"position\":3,\"name\":\"Tuinhaard Bula Original RVS incl. BBQ, pook schep\"}]},{\"@type\":\"WebSite\",\"@id\":\"https:\\\/\\\/bulaoutdoor.nl\\\/#website\",\"url\":\"https:\\\/\\\/bulaoutdoor.nl\\\/\",\"name\":\"Bula Outdoor\",\"description\":\"Voor uw buitenhaard, BBQ, tuinfakkel en houtoven\",\"publisher\":{\"@id\":\"https:\\\/\\\/bulaoutdoor.nl\\\/#organization\"},\"potentialAction\":[{\"@type\":\"SearchAction\",\"target\":{\"@type\":\"EntryPoint\",\"urlTemplate\":\"https:\\\/\\\/bulaoutdoor.nl\\\/?s={search_term_string}\"},\"query-input\":{\"@type\":\"PropertyValueSpecification\",\"valueRequired\":true,\"valueName\":\"search_term_string\"}}],\"inLanguage\":\"fr-FR\"},{\"@type\":\"Organization\",\"@id\":\"https:\\\/\\\/bulaoutdoor.nl\\\/#organization\",\"name\":\"Bula Outdoor\",\"url\":\"https:\\\/\\\/bulaoutdoor.nl\\\/\",\"logo\":{\"@type\":\"ImageObject\",\"inLanguage\":\"fr-FR\",\"@id\":\"https:\\\/\\\/bulaoutdoor.nl\\\/#\\\/schema\\\/logo\\\/image\\\/\",\"url\":\"https:\\\/\\\/www.bulaoutdoor.nl\\\/wp-content\\\/uploads\\\/2018\\\/04\\\/bulaoutdoor-logo.png\",\"contentUrl\":\"https:\\\/\\\/www.bulaoutdoor.nl\\\/wp-content\\\/uploads\\\/2018\\\/04\\\/bulaoutdoor-logo.png\",\"width\":324,\"height\":91,\"caption\":\"Bula Outdoor\"},\"image\":{\"@id\":\"https:\\\/\\\/bulaoutdoor.nl\\\/#\\\/schema\\\/logo\\\/image\\\/\"}}]}<\/script>\n<!-- \/ Yoast SEO plugin. -->","yoast_head_json":{"title":"Feu de jardin Bula Original en acier inoxydable incl. BBQ, pelle \u00e0 tisonnier - Bula Outdoor","description":"Chemin\u00e9e de jardin et barbecue en acier inoxydable Bula Original, garantie 5 ans. Fabriqu\u00e9 en acier inoxydable de qualit\u00e9. Comprend un tisonnier, une pelle et des poign\u00e9es. A raccorder \u00e0 une chemin\u00e9e","robots":{"index":"index","follow":"follow","max-snippet":"max-snippet:-1","max-image-preview":"max-image-preview:large","max-video-preview":"max-video-preview:-1"},"canonical":"https:\/\/bulaoutdoor.nl\/fr\/produit\/pelle-a-feu-de-jardin-bula-original-en-acier-inoxydable-inc-bbq-poker-shovel\/","og_locale":"fr_FR","og_type":"article","og_title":"Tuinhaard Bula Original RVS incl. BBQ, pook schep &#8211; Bula Outdoor","og_description":"Bula Original RVS tuinhaard en BBQ met 5 jaar garantie. Gemaakt van kwaliteit RVS. Incl. pook en schep en handvatten. Aan te sluiten op een schoorsteen","og_url":"https:\/\/bulaoutdoor.nl\/fr\/produit\/pelle-a-feu-de-jardin-bula-original-en-acier-inoxydable-inc-bbq-poker-shovel\/","og_site_name":"Bula Outdoor","article_modified_time":"2023-02-14T12:48:24+00:00","og_image":[{"width":792,"height":714,"url":"https:\/\/bulaoutdoor.nl\/wp-content\/uploads\/2018\/05\/tuinhaard-bula-original-rvs-inc-bbq-pook-schep-eenvoudig-aan-te-sluit_3533_1_G_SCALED.jpg","type":"image\/jpeg"}],"twitter_card":"summary_large_image","twitter_misc":{"Dur\u00e9e de lecture estim\u00e9e":"1 minute"},"schema":{"@context":"https:\/\/schema.org","@graph":[{"@type":"WebPage","@id":"https:\/\/bulaoutdoor.nl\/product\/tuinhaard-bula-original-rvs-inc-bbq-pook-schep\/","url":"https:\/\/bulaoutdoor.nl\/product\/tuinhaard-bula-original-rvs-inc-bbq-pook-schep\/","name":"Feu de jardin Bula Original en acier inoxydable incl. BBQ, pelle \u00e0 tisonnier - Bula Outdoor","isPartOf":{"@id":"https:\/\/bulaoutdoor.nl\/#website"},"primaryImageOfPage":{"@id":"https:\/\/bulaoutdoor.nl\/product\/tuinhaard-bula-original-rvs-inc-bbq-pook-schep\/#primaryimage"},"image":{"@id":"https:\/\/bulaoutdoor.nl\/product\/tuinhaard-bula-original-rvs-inc-bbq-pook-schep\/#primaryimage"},"thumbnailUrl":"https:\/\/bulaoutdoor.nl\/wp-content\/uploads\/2018\/05\/tuinhaard-bula-original-rvs-inc-bbq-pook-schep-eenvoudig-aan-te-sluit_3533_1_G_SCALED.jpg","datePublished":"2018-05-27T09:23:34+00:00","dateModified":"2023-02-14T12:48:24+00:00","description":"Chemin\u00e9e de jardin et barbecue en acier inoxydable Bula Original, garantie 5 ans. Fabriqu\u00e9 en acier inoxydable de qualit\u00e9. Comprend un tisonnier, une pelle et des poign\u00e9es. A raccorder \u00e0 une chemin\u00e9e","breadcrumb":{"@id":"https:\/\/bulaoutdoor.nl\/product\/tuinhaard-bula-original-rvs-inc-bbq-pook-schep\/#breadcrumb"},"inLanguage":"fr-FR","potentialAction":[{"@type":"ReadAction","target":["https:\/\/bulaoutdoor.nl\/product\/tuinhaard-bula-original-rvs-inc-bbq-pook-schep\/"]}]},{"@type":"ImageObject","inLanguage":"fr-FR","@id":"https:\/\/bulaoutdoor.nl\/product\/tuinhaard-bula-original-rvs-inc-bbq-pook-schep\/#primaryimage","url":"https:\/\/bulaoutdoor.nl\/wp-content\/uploads\/2018\/05\/tuinhaard-bula-original-rvs-inc-bbq-pook-schep-eenvoudig-aan-te-sluit_3533_1_G_SCALED.jpg","contentUrl":"https:\/\/bulaoutdoor.nl\/wp-content\/uploads\/2018\/05\/tuinhaard-bula-original-rvs-inc-bbq-pook-schep-eenvoudig-aan-te-sluit_3533_1_G_SCALED.jpg","width":792,"height":714},{"@type":"BreadcrumbList","@id":"https:\/\/bulaoutdoor.nl\/product\/tuinhaard-bula-original-rvs-inc-bbq-pook-schep\/#breadcrumb","itemListElement":[{"@type":"ListItem","position":1,"name":"Home","item":"https:\/\/bulaoutdoor.nl\/"},{"@type":"ListItem","position":2,"name":"Online BBQ kopen","item":"https:\/\/bulaoutdoor.nl\/"},{"@type":"ListItem","position":3,"name":"Tuinhaard Bula Original RVS incl. BBQ, pook schep"}]},{"@type":"WebSite","@id":"https:\/\/bulaoutdoor.nl\/#website","url":"https:\/\/bulaoutdoor.nl\/","name":"Bula Outdoor","description":"Pour votre chemin\u00e9e ext\u00e9rieure, votre barbecue, votre torche de jardin et votre four \u00e0 bois","publisher":{"@id":"https:\/\/bulaoutdoor.nl\/#organization"},"potentialAction":[{"@type":"SearchAction","target":{"@type":"EntryPoint","urlTemplate":"https:\/\/bulaoutdoor.nl\/?s={search_term_string}"},"query-input":{"@type":"PropertyValueSpecification","valueRequired":true,"valueName":"search_term_string"}}],"inLanguage":"fr-FR"},{"@type":"Organization","@id":"https:\/\/bulaoutdoor.nl\/#organization","name":"Bula Outdoor","url":"https:\/\/bulaoutdoor.nl\/","logo":{"@type":"ImageObject","inLanguage":"fr-FR","@id":"https:\/\/bulaoutdoor.nl\/#\/schema\/logo\/image\/","url":"https:\/\/www.bulaoutdoor.nl\/wp-content\/uploads\/2018\/04\/bulaoutdoor-logo.png","contentUrl":"https:\/\/www.bulaoutdoor.nl\/wp-content\/uploads\/2018\/04\/bulaoutdoor-logo.png","width":324,"height":91,"caption":"Bula Outdoor"},"image":{"@id":"https:\/\/bulaoutdoor.nl\/#\/schema\/logo\/image\/"}}]}},"jetpack_sharing_enabled":true,"_links":{"self":[{"href":"https:\/\/bulaoutdoor.nl\/fr\/wp-json\/wp\/v2\/product\/666","targetHints":{"allow":["GET"]}}],"collection":[{"href":"https:\/\/bulaoutdoor.nl\/fr\/wp-json\/wp\/v2\/product"}],"about":[{"href":"https:\/\/bulaoutdoor.nl\/fr\/wp-json\/wp\/v2\/types\/product"}],"replies":[{"embeddable":true,"href":"https:\/\/bulaoutdoor.nl\/fr\/wp-json\/wp\/v2\/comments?post=666"}],"wp:featuredmedia":[{"embeddable":true,"href":"https:\/\/bulaoutdoor.nl\/fr\/wp-json\/wp\/v2\/media\/10865"}],"wp:attachment":[{"href":"https:\/\/bulaoutdoor.nl\/fr\/wp-json\/wp\/v2\/media?parent=666"}],"wp:term":[{"taxonomy":"product_brand","embeddable":true,"href":"https:\/\/bulaoutdoor.nl\/fr\/wp-json\/wp\/v2\/product_brand?post=666"},{"taxonomy":"product_cat","embeddable":true,"href":"https:\/\/bulaoutdoor.nl\/fr\/wp-json\/wp\/v2\/product_cat?post=666"},{"taxonomy":"product_tag","embeddable":true,"href":"https:\/\/bulaoutdoor.nl\/fr\/wp-json\/wp\/v2\/product_tag?post=666"}],"curies":[{"name":"wp","href":"https:\/\/api.w.org\/{rel}","templated":true}]}}