{"id":6665,"date":"2019-12-07T13:31:12","date_gmt":"2019-12-07T13:31:12","guid":{"rendered":"https:\/\/www.bulaoutdoor.nl\/?post_type=product&#038;p=6665"},"modified":"2026-01-16T18:52:50","modified_gmt":"2026-01-16T18:52:50","slug":"lampe-a-huile-xxl-hauteur-38-cm","status":"publish","type":"product","link":"https:\/\/bulaoutdoor.nl\/fr\/product\/olielamp-xxl-hoogte-38-cm\/","title":{"rendered":"Lampe \u00e0 huile Party XXL, hauteur 38 cm"},"content":{"rendered":"<p>La lampe \u00e0 huile XXL est une lampe \u00e0 huile de tr\u00e8s grande taille. Avec ses 38 centim\u00e8tres, cette lampe temp\u00eate s'impose dans le jardin ou au camping. Profitez de la lumi\u00e8re agr\u00e9able de la lampe \u00e0 huile.<\/p>\n<ul>\n<li>La longueur de la lampe est de 38 cm.<\/li>\n<li>La base de la lampe a un diam\u00e8tre de 17 cm.<\/li>\n<li>Fabriqu\u00e9 en Allemagne.<\/li>\n<li>Fonctionne \u00e0 l'huile de lampe et au p\u00e9trole.<\/li>\n<li>Couleurs disponibles : argent, turquoise et rouge.<\/li>\n<\/ul>","protected":false},"excerpt":{"rendered":"<p>Lampe \u00e0 huile solide \/ lampe temp\u00eate XXL, hauteur 38 cm. Rouge, argent ou turquoise.<\/p>","protected":false},"featured_media":6670,"comment_status":"open","ping_status":"closed","template":"","meta":{"_acf_changed":false},"product_brand":[],"product_cat":[740,19],"product_tag":[746,745],"class_list":{"0":"post-6665","1":"product","2":"type-product","3":"status-publish","4":"has-post-thumbnail","6":"product_cat-fire-en-deco","7":"product_cat-fakkels","8":"product_tag-boomex-decofire-olielamp","9":"product_tag-stormlamp-decofire-21330-21331-21333","11":"first","12":"instock","13":"sale","14":"taxable","15":"shipping-taxable","16":"purchasable","17":"product-type-variable","18":"has-default-attributes"},"acf":[],"yoast_head":"<!-- This site is optimized with the Yoast SEO plugin v27.6 - https:\/\/yoast.com\/product\/yoast-seo-wordpress\/ -->\n<title>Olielamp Party XXL, hoogte 38 cm &#8211; Bula Outdoor<\/title>\n<meta name=\"robots\" content=\"index, follow, max-snippet:-1, max-image-preview:large, max-video-preview:-1\" \/>\n<link rel=\"canonical\" href=\"https:\/\/bulaoutdoor.nl\/fr\/produit\/lampe-a-huile-xxl-hauteur-38-cm\/\" \/>\n<meta property=\"og:locale\" content=\"fr_FR\" \/>\n<meta property=\"og:type\" content=\"article\" \/>\n<meta property=\"og:title\" content=\"Olielamp Party XXL, hoogte 38 cm &#8211; Bula Outdoor\" \/>\n<meta property=\"og:description\" content=\"Degelijke olielamp \/ Stormlamp XXL, hoogte 38 cm. Rood, zilver of turquoise.\" \/>\n<meta property=\"og:url\" content=\"https:\/\/bulaoutdoor.nl\/fr\/produit\/lampe-a-huile-xxl-hauteur-38-cm\/\" \/>\n<meta property=\"og:site_name\" content=\"Bula Outdoor\" \/>\n<meta property=\"article:modified_time\" content=\"2026-01-16T18:52:50+00:00\" \/>\n<meta property=\"og:image\" content=\"https:\/\/bulaoutdoor.nl\/wp-content\/uploads\/2019\/12\/21333-FD-Laterne-PARTY-XXL-silber-1030x1030.jpg\" \/>\n\t<meta property=\"og:image:width\" content=\"1030\" \/>\n\t<meta property=\"og:image:height\" content=\"1030\" \/>\n\t<meta property=\"og:image:type\" content=\"image\/jpeg\" \/>\n<meta name=\"twitter:card\" content=\"summary_large_image\" \/>\n<meta name=\"twitter:label1\" content=\"Dur\u00e9e de lecture estim\u00e9e\" \/>\n\t<meta name=\"twitter:data1\" content=\"1 minute\" \/>\n<script type=\"application\/ld+json\" class=\"yoast-schema-graph\">{\"@context\":\"https:\\\/\\\/schema.org\",\"@graph\":[{\"@type\":\"WebPage\",\"@id\":\"https:\\\/\\\/bulaoutdoor.nl\\\/product\\\/olielamp-xxl-hoogte-38-cm\\\/\",\"url\":\"https:\\\/\\\/bulaoutdoor.nl\\\/product\\\/olielamp-xxl-hoogte-38-cm\\\/\",\"name\":\"Olielamp Party XXL, hoogte 38 cm &#8211; Bula Outdoor\",\"isPartOf\":{\"@id\":\"https:\\\/\\\/bulaoutdoor.nl\\\/#website\"},\"primaryImageOfPage\":{\"@id\":\"https:\\\/\\\/bulaoutdoor.nl\\\/product\\\/olielamp-xxl-hoogte-38-cm\\\/#primaryimage\"},\"image\":{\"@id\":\"https:\\\/\\\/bulaoutdoor.nl\\\/product\\\/olielamp-xxl-hoogte-38-cm\\\/#primaryimage\"},\"thumbnailUrl\":\"https:\\\/\\\/bulaoutdoor.nl\\\/wp-content\\\/uploads\\\/2019\\\/12\\\/21333-FD-Laterne-PARTY-XXL-silber-1030x1030.jpg\",\"datePublished\":\"2019-12-07T13:31:12+00:00\",\"dateModified\":\"2026-01-16T18:52:50+00:00\",\"breadcrumb\":{\"@id\":\"https:\\\/\\\/bulaoutdoor.nl\\\/product\\\/olielamp-xxl-hoogte-38-cm\\\/#breadcrumb\"},\"inLanguage\":\"fr-FR\",\"potentialAction\":[{\"@type\":\"ReadAction\",\"target\":[\"https:\\\/\\\/bulaoutdoor.nl\\\/product\\\/olielamp-xxl-hoogte-38-cm\\\/\"]}]},{\"@type\":\"ImageObject\",\"inLanguage\":\"fr-FR\",\"@id\":\"https:\\\/\\\/bulaoutdoor.nl\\\/product\\\/olielamp-xxl-hoogte-38-cm\\\/#primaryimage\",\"url\":\"https:\\\/\\\/bulaoutdoor.nl\\\/wp-content\\\/uploads\\\/2019\\\/12\\\/21333-FD-Laterne-PARTY-XXL-silber-1030x1030.jpg\",\"contentUrl\":\"https:\\\/\\\/bulaoutdoor.nl\\\/wp-content\\\/uploads\\\/2019\\\/12\\\/21333-FD-Laterne-PARTY-XXL-silber-1030x1030.jpg\",\"width\":1030,\"height\":1030,\"caption\":\"Olielamp Zilver\"},{\"@type\":\"BreadcrumbList\",\"@id\":\"https:\\\/\\\/bulaoutdoor.nl\\\/product\\\/olielamp-xxl-hoogte-38-cm\\\/#breadcrumb\",\"itemListElement\":[{\"@type\":\"ListItem\",\"position\":1,\"name\":\"Home\",\"item\":\"https:\\\/\\\/bulaoutdoor.nl\\\/\"},{\"@type\":\"ListItem\",\"position\":2,\"name\":\"Online BBQ kopen\",\"item\":\"https:\\\/\\\/bulaoutdoor.nl\\\/\"},{\"@type\":\"ListItem\",\"position\":3,\"name\":\"Olielamp Party XXL, hoogte 38 cm\"}]},{\"@type\":\"WebSite\",\"@id\":\"https:\\\/\\\/bulaoutdoor.nl\\\/#website\",\"url\":\"https:\\\/\\\/bulaoutdoor.nl\\\/\",\"name\":\"Bula Outdoor\",\"description\":\"Voor uw buitenhaard, BBQ, tuinfakkel en houtoven\",\"publisher\":{\"@id\":\"https:\\\/\\\/bulaoutdoor.nl\\\/#organization\"},\"potentialAction\":[{\"@type\":\"SearchAction\",\"target\":{\"@type\":\"EntryPoint\",\"urlTemplate\":\"https:\\\/\\\/bulaoutdoor.nl\\\/?s={search_term_string}\"},\"query-input\":{\"@type\":\"PropertyValueSpecification\",\"valueRequired\":true,\"valueName\":\"search_term_string\"}}],\"inLanguage\":\"fr-FR\"},{\"@type\":\"Organization\",\"@id\":\"https:\\\/\\\/bulaoutdoor.nl\\\/#organization\",\"name\":\"Bula Outdoor\",\"url\":\"https:\\\/\\\/bulaoutdoor.nl\\\/\",\"logo\":{\"@type\":\"ImageObject\",\"inLanguage\":\"fr-FR\",\"@id\":\"https:\\\/\\\/bulaoutdoor.nl\\\/#\\\/schema\\\/logo\\\/image\\\/\",\"url\":\"https:\\\/\\\/www.bulaoutdoor.nl\\\/wp-content\\\/uploads\\\/2018\\\/04\\\/bulaoutdoor-logo.png\",\"contentUrl\":\"https:\\\/\\\/www.bulaoutdoor.nl\\\/wp-content\\\/uploads\\\/2018\\\/04\\\/bulaoutdoor-logo.png\",\"width\":324,\"height\":91,\"caption\":\"Bula Outdoor\"},\"image\":{\"@id\":\"https:\\\/\\\/bulaoutdoor.nl\\\/#\\\/schema\\\/logo\\\/image\\\/\"}}]}<\/script>\n<!-- \/ Yoast SEO plugin. -->","yoast_head_json":{"title":"Lampe \u00e0 huile Party XXL, hauteur 38 cm - Bula Outdoor","robots":{"index":"index","follow":"follow","max-snippet":"max-snippet:-1","max-image-preview":"max-image-preview:large","max-video-preview":"max-video-preview:-1"},"canonical":"https:\/\/bulaoutdoor.nl\/fr\/produit\/lampe-a-huile-xxl-hauteur-38-cm\/","og_locale":"fr_FR","og_type":"article","og_title":"Olielamp Party XXL, hoogte 38 cm &#8211; Bula Outdoor","og_description":"Degelijke olielamp \/ Stormlamp XXL, hoogte 38 cm. Rood, zilver of turquoise.","og_url":"https:\/\/bulaoutdoor.nl\/fr\/produit\/lampe-a-huile-xxl-hauteur-38-cm\/","og_site_name":"Bula Outdoor","article_modified_time":"2026-01-16T18:52:50+00:00","og_image":[{"width":1030,"height":1030,"url":"https:\/\/bulaoutdoor.nl\/wp-content\/uploads\/2019\/12\/21333-FD-Laterne-PARTY-XXL-silber-1030x1030.jpg","type":"image\/jpeg"}],"twitter_card":"summary_large_image","twitter_misc":{"Dur\u00e9e de lecture estim\u00e9e":"1 minute"},"schema":{"@context":"https:\/\/schema.org","@graph":[{"@type":"WebPage","@id":"https:\/\/bulaoutdoor.nl\/product\/olielamp-xxl-hoogte-38-cm\/","url":"https:\/\/bulaoutdoor.nl\/product\/olielamp-xxl-hoogte-38-cm\/","name":"Lampe \u00e0 huile Party XXL, hauteur 38 cm - Bula Outdoor","isPartOf":{"@id":"https:\/\/bulaoutdoor.nl\/#website"},"primaryImageOfPage":{"@id":"https:\/\/bulaoutdoor.nl\/product\/olielamp-xxl-hoogte-38-cm\/#primaryimage"},"image":{"@id":"https:\/\/bulaoutdoor.nl\/product\/olielamp-xxl-hoogte-38-cm\/#primaryimage"},"thumbnailUrl":"https:\/\/bulaoutdoor.nl\/wp-content\/uploads\/2019\/12\/21333-FD-Laterne-PARTY-XXL-silber-1030x1030.jpg","datePublished":"2019-12-07T13:31:12+00:00","dateModified":"2026-01-16T18:52:50+00:00","breadcrumb":{"@id":"https:\/\/bulaoutdoor.nl\/product\/olielamp-xxl-hoogte-38-cm\/#breadcrumb"},"inLanguage":"fr-FR","potentialAction":[{"@type":"ReadAction","target":["https:\/\/bulaoutdoor.nl\/product\/olielamp-xxl-hoogte-38-cm\/"]}]},{"@type":"ImageObject","inLanguage":"fr-FR","@id":"https:\/\/bulaoutdoor.nl\/product\/olielamp-xxl-hoogte-38-cm\/#primaryimage","url":"https:\/\/bulaoutdoor.nl\/wp-content\/uploads\/2019\/12\/21333-FD-Laterne-PARTY-XXL-silber-1030x1030.jpg","contentUrl":"https:\/\/bulaoutdoor.nl\/wp-content\/uploads\/2019\/12\/21333-FD-Laterne-PARTY-XXL-silber-1030x1030.jpg","width":1030,"height":1030,"caption":"Olielamp Zilver"},{"@type":"BreadcrumbList","@id":"https:\/\/bulaoutdoor.nl\/product\/olielamp-xxl-hoogte-38-cm\/#breadcrumb","itemListElement":[{"@type":"ListItem","position":1,"name":"Home","item":"https:\/\/bulaoutdoor.nl\/"},{"@type":"ListItem","position":2,"name":"Online BBQ kopen","item":"https:\/\/bulaoutdoor.nl\/"},{"@type":"ListItem","position":3,"name":"Olielamp Party XXL, hoogte 38 cm"}]},{"@type":"WebSite","@id":"https:\/\/bulaoutdoor.nl\/#website","url":"https:\/\/bulaoutdoor.nl\/","name":"Bula Outdoor","description":"Pour votre chemin\u00e9e ext\u00e9rieure, votre barbecue, votre torche de jardin et votre four \u00e0 bois","publisher":{"@id":"https:\/\/bulaoutdoor.nl\/#organization"},"potentialAction":[{"@type":"SearchAction","target":{"@type":"EntryPoint","urlTemplate":"https:\/\/bulaoutdoor.nl\/?s={search_term_string}"},"query-input":{"@type":"PropertyValueSpecification","valueRequired":true,"valueName":"search_term_string"}}],"inLanguage":"fr-FR"},{"@type":"Organization","@id":"https:\/\/bulaoutdoor.nl\/#organization","name":"Bula Outdoor","url":"https:\/\/bulaoutdoor.nl\/","logo":{"@type":"ImageObject","inLanguage":"fr-FR","@id":"https:\/\/bulaoutdoor.nl\/#\/schema\/logo\/image\/","url":"https:\/\/www.bulaoutdoor.nl\/wp-content\/uploads\/2018\/04\/bulaoutdoor-logo.png","contentUrl":"https:\/\/www.bulaoutdoor.nl\/wp-content\/uploads\/2018\/04\/bulaoutdoor-logo.png","width":324,"height":91,"caption":"Bula Outdoor"},"image":{"@id":"https:\/\/bulaoutdoor.nl\/#\/schema\/logo\/image\/"}}]}},"jetpack_sharing_enabled":true,"_links":{"self":[{"href":"https:\/\/bulaoutdoor.nl\/fr\/wp-json\/wp\/v2\/product\/6665","targetHints":{"allow":["GET"]}}],"collection":[{"href":"https:\/\/bulaoutdoor.nl\/fr\/wp-json\/wp\/v2\/product"}],"about":[{"href":"https:\/\/bulaoutdoor.nl\/fr\/wp-json\/wp\/v2\/types\/product"}],"replies":[{"embeddable":true,"href":"https:\/\/bulaoutdoor.nl\/fr\/wp-json\/wp\/v2\/comments?post=6665"}],"wp:featuredmedia":[{"embeddable":true,"href":"https:\/\/bulaoutdoor.nl\/fr\/wp-json\/wp\/v2\/media\/6670"}],"wp:attachment":[{"href":"https:\/\/bulaoutdoor.nl\/fr\/wp-json\/wp\/v2\/media?parent=6665"}],"wp:term":[{"taxonomy":"product_brand","embeddable":true,"href":"https:\/\/bulaoutdoor.nl\/fr\/wp-json\/wp\/v2\/product_brand?post=6665"},{"taxonomy":"product_cat","embeddable":true,"href":"https:\/\/bulaoutdoor.nl\/fr\/wp-json\/wp\/v2\/product_cat?post=6665"},{"taxonomy":"product_tag","embeddable":true,"href":"https:\/\/bulaoutdoor.nl\/fr\/wp-json\/wp\/v2\/product_tag?post=6665"}],"curies":[{"name":"wp","href":"https:\/\/api.w.org\/{rel}","templated":true}]}}