{"id":667,"date":"2018-05-27T09:23:34","date_gmt":"2018-05-27T09:23:34","guid":{"rendered":"http:\/\/www.bulaoutdoor.nl\/product\/import-placeholder-for-252\/"},"modified":"2026-02-16T21:37:30","modified_gmt":"2026-02-16T21:37:30","slug":"alfa-pizza-four-a-bois-four-a-pizza-acier-inoxydable-ciao","status":"publish","type":"product","link":"https:\/\/bulaoutdoor.nl\/fr\/product\/alfa-pizza-houtoven-pizza-oven-rvs-ciao\/","title":{"rendered":"Alfa Forni Four \u00e0 bois Four \u00e0 pizza en acier inoxydable, Ciao"},"content":{"rendered":"<h2>Four \u00e0 bois en acier inoxydable Alfa Pizza FORNO CIAO<\/h2>\n<p>Ce four extraordinaire chauffe en quelques minutes et peut \u00eatre d\u00e9plac\u00e9 o\u00f9 vous le souhaitez.<\/p>\n<p>Quelque part dans le jardin ou sur la terrasse. Le four en acier inoxydable \/ Inox permet d'atteindre rapidement la bonne temp\u00e9rature avec peu de bois ; la chaleur est emmagasin\u00e9e et garantit un long temps de cuisson. Il est durable, l\u00e9ger et facile \u00e0 nettoyer.<\/p>\n<p>Les fours Alfa Forni sont de haute qualit\u00e9 et d'une finition parfaite. Il existe de nombreux types et marques de fours sur le march\u00e9. Alfa Forni se distingue par sa durabilit\u00e9 et sa facilit\u00e9 d'utilisation.  Le four \u00e0 bois est livr\u00e9 avec un ch\u00e2ssis sur roues. Chemin\u00e9e avec hotte. Volet d'\u00e9tanch\u00e9it\u00e9 du four. Support de foyer pour le four.  Disponible en trois couleurs diff\u00e9rentes : vert, gris et jaune. Le four Ciao s'assemble en quelques \u00e9tapes faciles et sans outils. La sole du four Ciao est fabriqu\u00e9e dans un mat\u00e9riau r\u00e9sistant \u00e0 la chaleur, comme dans les fours de pizzeria professionnels. Le four Ciao utilise la technologie Forninox, un brevet Alfa Forni. L'allumage du four est tr\u00e8s rapide, la temp\u00e9rature est sup\u00e9rieure \u00e0 300\u00b0C en 10 minutes.<\/p>\n<p>Le four Ciao peut cuire jusqu'\u00e0 30 pizzas et environ 1 kg de pain par heure. Gr\u00e2ce \u00e0 ses grandes roues, le Ciao peut \u00eatre d\u00e9plac\u00e9 sans probl\u00e8me dans le jardin.<\/p>\n<p><span style=\"color: #800000;\">Fabriqu\u00e9 en Italie<\/span><\/p>\n<p>Ciao<\/p>\n<ul>\n<li>15 minutes d'\u00e9chauffement<\/li>\n<li>Nombre de pizzas dans le four, deux \u00e0 la fois<\/li>\n<li>Le nombre de pizzas par 15 minutes : 6<\/li>\n<li>Cuisson du pain (Kg) 2<\/li>\n<li>Consommation moyenne (Kg\/h) 2,5<\/li>\n<li>Surface de plancher (mq) 0,28<\/li>\n<li>Plancher de cuisson (cm) 70\u00d740<\/li>\n<li>Chemin\u00e9e (cm) \u2205 15,0<\/li>\n<li>\u00a0Largeur (cm) 118,0<\/li>\n<li>Profondeur (cm) 85,0<\/li>\n<li>Hauteur totale (cm) 181,0<\/li>\n<li>Largeur de l'ouverture (cm) 50,0<\/li>\n<li>Hauteur de l'ouverture (cm) 20,5<\/li>\n<li>Couleur Gris<\/li>\n<li>Temp\u00e9rature maximale (\u00b0C) 400<\/li>\n<li>Poids (Kg) 90.0<\/li>\n<li>Mod\u00e8le FXCIAM-LGRI<\/li>\n<\/ul>","protected":false},"excerpt":{"rendered":"<p>Alfa Forni Ciao Top et Base en couleur gris avec une belle remise ! Uniquement sur les mod\u00e8les en stock et les mod\u00e8les \u00e9puis\u00e9s sont \u00e9puis\u00e9s.<\/p>","protected":false},"featured_media":770,"comment_status":"open","ping_status":"closed","template":"","meta":{"_acf_changed":false},"product_brand":[],"product_cat":[1284,1448],"product_tag":[132,92,91],"class_list":{"0":"post-667","1":"product","2":"type-product","3":"status-publish","4":"has-post-thumbnail","6":"product_cat-classico-lijn","7":"product_cat-uitverkoop","8":"product_tag-ciao","9":"product_tag-houtoven","10":"product_tag-pizza","12":"first","13":"instock","14":"sale","15":"taxable","16":"shipping-taxable","17":"purchasable","18":"product-type-variable"},"acf":[],"yoast_head":"<!-- This site is optimized with the Yoast SEO plugin v27.5 - https:\/\/yoast.com\/product\/yoast-seo-wordpress\/ -->\n<title>Alfa Forni Houtoven Pizzaoven RVS, Ciao &#8211; Bula Outdoor<\/title>\n<meta name=\"robots\" content=\"index, follow, max-snippet:-1, max-image-preview:large, max-video-preview:-1\" \/>\n<link rel=\"canonical\" href=\"https:\/\/bulaoutdoor.nl\/fr\/produit\/alfa-pizza-four-a-bois-four-a-pizza-acier-inoxydable-ciao\/\" \/>\n<meta property=\"og:locale\" content=\"fr_FR\" \/>\n<meta property=\"og:type\" content=\"article\" \/>\n<meta property=\"og:title\" content=\"Alfa Forni Houtoven Pizzaoven RVS, Ciao &#8211; Bula Outdoor\" \/>\n<meta property=\"og:description\" content=\"Alfa Forni Ciao Top en Base in de kleur grijs met een leuke korting! Alleen op voorraad modellen en op is op.\" \/>\n<meta property=\"og:url\" content=\"https:\/\/bulaoutdoor.nl\/fr\/produit\/alfa-pizza-four-a-bois-four-a-pizza-acier-inoxydable-ciao\/\" \/>\n<meta property=\"og:site_name\" content=\"Bula Outdoor\" \/>\n<meta property=\"article:modified_time\" content=\"2026-02-16T21:37:30+00:00\" \/>\n<meta property=\"og:image\" content=\"https:\/\/bulaoutdoor.nl\/wp-content\/uploads\/2018\/05\/alfa-pizza-houtoven-pizza-oven-rvs-ciao-goed-voor-30-pizza-s-per-uur_3534_1_G.jpg\" \/>\n\t<meta property=\"og:image:width\" content=\"1151\" \/>\n\t<meta property=\"og:image:height\" content=\"1200\" \/>\n\t<meta property=\"og:image:type\" content=\"image\/jpeg\" \/>\n<meta name=\"twitter:card\" content=\"summary_large_image\" \/>\n<meta name=\"twitter:label1\" content=\"Dur\u00e9e de lecture estim\u00e9e\" \/>\n\t<meta name=\"twitter:data1\" content=\"2 minutes\" \/>\n<script type=\"application\/ld+json\" class=\"yoast-schema-graph\">{\"@context\":\"https:\\\/\\\/schema.org\",\"@graph\":[{\"@type\":\"WebPage\",\"@id\":\"https:\\\/\\\/bulaoutdoor.nl\\\/product\\\/alfa-pizza-houtoven-pizza-oven-rvs-ciao\\\/\",\"url\":\"https:\\\/\\\/bulaoutdoor.nl\\\/product\\\/alfa-pizza-houtoven-pizza-oven-rvs-ciao\\\/\",\"name\":\"Alfa Forni Houtoven Pizzaoven RVS, Ciao &#8211; Bula Outdoor\",\"isPartOf\":{\"@id\":\"https:\\\/\\\/bulaoutdoor.nl\\\/#website\"},\"primaryImageOfPage\":{\"@id\":\"https:\\\/\\\/bulaoutdoor.nl\\\/product\\\/alfa-pizza-houtoven-pizza-oven-rvs-ciao\\\/#primaryimage\"},\"image\":{\"@id\":\"https:\\\/\\\/bulaoutdoor.nl\\\/product\\\/alfa-pizza-houtoven-pizza-oven-rvs-ciao\\\/#primaryimage\"},\"thumbnailUrl\":\"https:\\\/\\\/bulaoutdoor.nl\\\/wp-content\\\/uploads\\\/2018\\\/05\\\/alfa-pizza-houtoven-pizza-oven-rvs-ciao-goed-voor-30-pizza-s-per-uur_3534_1_G.jpg\",\"datePublished\":\"2018-05-27T09:23:34+00:00\",\"dateModified\":\"2026-02-16T21:37:30+00:00\",\"breadcrumb\":{\"@id\":\"https:\\\/\\\/bulaoutdoor.nl\\\/product\\\/alfa-pizza-houtoven-pizza-oven-rvs-ciao\\\/#breadcrumb\"},\"inLanguage\":\"fr-FR\",\"potentialAction\":[{\"@type\":\"ReadAction\",\"target\":[\"https:\\\/\\\/bulaoutdoor.nl\\\/product\\\/alfa-pizza-houtoven-pizza-oven-rvs-ciao\\\/\"]}]},{\"@type\":\"ImageObject\",\"inLanguage\":\"fr-FR\",\"@id\":\"https:\\\/\\\/bulaoutdoor.nl\\\/product\\\/alfa-pizza-houtoven-pizza-oven-rvs-ciao\\\/#primaryimage\",\"url\":\"https:\\\/\\\/bulaoutdoor.nl\\\/wp-content\\\/uploads\\\/2018\\\/05\\\/alfa-pizza-houtoven-pizza-oven-rvs-ciao-goed-voor-30-pizza-s-per-uur_3534_1_G.jpg\",\"contentUrl\":\"https:\\\/\\\/bulaoutdoor.nl\\\/wp-content\\\/uploads\\\/2018\\\/05\\\/alfa-pizza-houtoven-pizza-oven-rvs-ciao-goed-voor-30-pizza-s-per-uur_3534_1_G.jpg\",\"width\":1151,\"height\":1200},{\"@type\":\"BreadcrumbList\",\"@id\":\"https:\\\/\\\/bulaoutdoor.nl\\\/product\\\/alfa-pizza-houtoven-pizza-oven-rvs-ciao\\\/#breadcrumb\",\"itemListElement\":[{\"@type\":\"ListItem\",\"position\":1,\"name\":\"Home\",\"item\":\"https:\\\/\\\/bulaoutdoor.nl\\\/\"},{\"@type\":\"ListItem\",\"position\":2,\"name\":\"Online BBQ kopen\",\"item\":\"https:\\\/\\\/bulaoutdoor.nl\\\/\"},{\"@type\":\"ListItem\",\"position\":3,\"name\":\"Alfa Forni Houtoven Pizzaoven RVS, Ciao\"}]},{\"@type\":\"WebSite\",\"@id\":\"https:\\\/\\\/bulaoutdoor.nl\\\/#website\",\"url\":\"https:\\\/\\\/bulaoutdoor.nl\\\/\",\"name\":\"Bula Outdoor\",\"description\":\"Voor uw buitenhaard, BBQ, tuinfakkel en houtoven\",\"publisher\":{\"@id\":\"https:\\\/\\\/bulaoutdoor.nl\\\/#organization\"},\"potentialAction\":[{\"@type\":\"SearchAction\",\"target\":{\"@type\":\"EntryPoint\",\"urlTemplate\":\"https:\\\/\\\/bulaoutdoor.nl\\\/?s={search_term_string}\"},\"query-input\":{\"@type\":\"PropertyValueSpecification\",\"valueRequired\":true,\"valueName\":\"search_term_string\"}}],\"inLanguage\":\"fr-FR\"},{\"@type\":\"Organization\",\"@id\":\"https:\\\/\\\/bulaoutdoor.nl\\\/#organization\",\"name\":\"Bula Outdoor\",\"url\":\"https:\\\/\\\/bulaoutdoor.nl\\\/\",\"logo\":{\"@type\":\"ImageObject\",\"inLanguage\":\"fr-FR\",\"@id\":\"https:\\\/\\\/bulaoutdoor.nl\\\/#\\\/schema\\\/logo\\\/image\\\/\",\"url\":\"https:\\\/\\\/www.bulaoutdoor.nl\\\/wp-content\\\/uploads\\\/2018\\\/04\\\/bulaoutdoor-logo.png\",\"contentUrl\":\"https:\\\/\\\/www.bulaoutdoor.nl\\\/wp-content\\\/uploads\\\/2018\\\/04\\\/bulaoutdoor-logo.png\",\"width\":324,\"height\":91,\"caption\":\"Bula Outdoor\"},\"image\":{\"@id\":\"https:\\\/\\\/bulaoutdoor.nl\\\/#\\\/schema\\\/logo\\\/image\\\/\"}}]}<\/script>\n<!-- \/ Yoast SEO plugin. -->","yoast_head_json":{"title":"Alfa Forni Four \u00e0 bois Four \u00e0 pizza en acier inoxydable, Ciao - Bula Outdoor","robots":{"index":"index","follow":"follow","max-snippet":"max-snippet:-1","max-image-preview":"max-image-preview:large","max-video-preview":"max-video-preview:-1"},"canonical":"https:\/\/bulaoutdoor.nl\/fr\/produit\/alfa-pizza-four-a-bois-four-a-pizza-acier-inoxydable-ciao\/","og_locale":"fr_FR","og_type":"article","og_title":"Alfa Forni Houtoven Pizzaoven RVS, Ciao &#8211; Bula Outdoor","og_description":"Alfa Forni Ciao Top en Base in de kleur grijs met een leuke korting! Alleen op voorraad modellen en op is op.","og_url":"https:\/\/bulaoutdoor.nl\/fr\/produit\/alfa-pizza-four-a-bois-four-a-pizza-acier-inoxydable-ciao\/","og_site_name":"Bula Outdoor","article_modified_time":"2026-02-16T21:37:30+00:00","og_image":[{"width":1151,"height":1200,"url":"https:\/\/bulaoutdoor.nl\/wp-content\/uploads\/2018\/05\/alfa-pizza-houtoven-pizza-oven-rvs-ciao-goed-voor-30-pizza-s-per-uur_3534_1_G.jpg","type":"image\/jpeg"}],"twitter_card":"summary_large_image","twitter_misc":{"Dur\u00e9e de lecture estim\u00e9e":"2 minutes"},"schema":{"@context":"https:\/\/schema.org","@graph":[{"@type":"WebPage","@id":"https:\/\/bulaoutdoor.nl\/product\/alfa-pizza-houtoven-pizza-oven-rvs-ciao\/","url":"https:\/\/bulaoutdoor.nl\/product\/alfa-pizza-houtoven-pizza-oven-rvs-ciao\/","name":"Alfa Forni Four \u00e0 bois Four \u00e0 pizza en acier inoxydable, Ciao - Bula Outdoor","isPartOf":{"@id":"https:\/\/bulaoutdoor.nl\/#website"},"primaryImageOfPage":{"@id":"https:\/\/bulaoutdoor.nl\/product\/alfa-pizza-houtoven-pizza-oven-rvs-ciao\/#primaryimage"},"image":{"@id":"https:\/\/bulaoutdoor.nl\/product\/alfa-pizza-houtoven-pizza-oven-rvs-ciao\/#primaryimage"},"thumbnailUrl":"https:\/\/bulaoutdoor.nl\/wp-content\/uploads\/2018\/05\/alfa-pizza-houtoven-pizza-oven-rvs-ciao-goed-voor-30-pizza-s-per-uur_3534_1_G.jpg","datePublished":"2018-05-27T09:23:34+00:00","dateModified":"2026-02-16T21:37:30+00:00","breadcrumb":{"@id":"https:\/\/bulaoutdoor.nl\/product\/alfa-pizza-houtoven-pizza-oven-rvs-ciao\/#breadcrumb"},"inLanguage":"fr-FR","potentialAction":[{"@type":"ReadAction","target":["https:\/\/bulaoutdoor.nl\/product\/alfa-pizza-houtoven-pizza-oven-rvs-ciao\/"]}]},{"@type":"ImageObject","inLanguage":"fr-FR","@id":"https:\/\/bulaoutdoor.nl\/product\/alfa-pizza-houtoven-pizza-oven-rvs-ciao\/#primaryimage","url":"https:\/\/bulaoutdoor.nl\/wp-content\/uploads\/2018\/05\/alfa-pizza-houtoven-pizza-oven-rvs-ciao-goed-voor-30-pizza-s-per-uur_3534_1_G.jpg","contentUrl":"https:\/\/bulaoutdoor.nl\/wp-content\/uploads\/2018\/05\/alfa-pizza-houtoven-pizza-oven-rvs-ciao-goed-voor-30-pizza-s-per-uur_3534_1_G.jpg","width":1151,"height":1200},{"@type":"BreadcrumbList","@id":"https:\/\/bulaoutdoor.nl\/product\/alfa-pizza-houtoven-pizza-oven-rvs-ciao\/#breadcrumb","itemListElement":[{"@type":"ListItem","position":1,"name":"Home","item":"https:\/\/bulaoutdoor.nl\/"},{"@type":"ListItem","position":2,"name":"Online BBQ kopen","item":"https:\/\/bulaoutdoor.nl\/"},{"@type":"ListItem","position":3,"name":"Alfa Forni Houtoven Pizzaoven RVS, Ciao"}]},{"@type":"WebSite","@id":"https:\/\/bulaoutdoor.nl\/#website","url":"https:\/\/bulaoutdoor.nl\/","name":"Bula Outdoor","description":"Pour votre chemin\u00e9e ext\u00e9rieure, votre barbecue, votre torche de jardin et votre four \u00e0 bois","publisher":{"@id":"https:\/\/bulaoutdoor.nl\/#organization"},"potentialAction":[{"@type":"SearchAction","target":{"@type":"EntryPoint","urlTemplate":"https:\/\/bulaoutdoor.nl\/?s={search_term_string}"},"query-input":{"@type":"PropertyValueSpecification","valueRequired":true,"valueName":"search_term_string"}}],"inLanguage":"fr-FR"},{"@type":"Organization","@id":"https:\/\/bulaoutdoor.nl\/#organization","name":"Bula Outdoor","url":"https:\/\/bulaoutdoor.nl\/","logo":{"@type":"ImageObject","inLanguage":"fr-FR","@id":"https:\/\/bulaoutdoor.nl\/#\/schema\/logo\/image\/","url":"https:\/\/www.bulaoutdoor.nl\/wp-content\/uploads\/2018\/04\/bulaoutdoor-logo.png","contentUrl":"https:\/\/www.bulaoutdoor.nl\/wp-content\/uploads\/2018\/04\/bulaoutdoor-logo.png","width":324,"height":91,"caption":"Bula Outdoor"},"image":{"@id":"https:\/\/bulaoutdoor.nl\/#\/schema\/logo\/image\/"}}]}},"jetpack_sharing_enabled":true,"_links":{"self":[{"href":"https:\/\/bulaoutdoor.nl\/fr\/wp-json\/wp\/v2\/product\/667","targetHints":{"allow":["GET"]}}],"collection":[{"href":"https:\/\/bulaoutdoor.nl\/fr\/wp-json\/wp\/v2\/product"}],"about":[{"href":"https:\/\/bulaoutdoor.nl\/fr\/wp-json\/wp\/v2\/types\/product"}],"replies":[{"embeddable":true,"href":"https:\/\/bulaoutdoor.nl\/fr\/wp-json\/wp\/v2\/comments?post=667"}],"wp:featuredmedia":[{"embeddable":true,"href":"https:\/\/bulaoutdoor.nl\/fr\/wp-json\/wp\/v2\/media\/770"}],"wp:attachment":[{"href":"https:\/\/bulaoutdoor.nl\/fr\/wp-json\/wp\/v2\/media?parent=667"}],"wp:term":[{"taxonomy":"product_brand","embeddable":true,"href":"https:\/\/bulaoutdoor.nl\/fr\/wp-json\/wp\/v2\/product_brand?post=667"},{"taxonomy":"product_cat","embeddable":true,"href":"https:\/\/bulaoutdoor.nl\/fr\/wp-json\/wp\/v2\/product_cat?post=667"},{"taxonomy":"product_tag","embeddable":true,"href":"https:\/\/bulaoutdoor.nl\/fr\/wp-json\/wp\/v2\/product_tag?post=667"}],"curies":[{"name":"wp","href":"https:\/\/api.w.org\/{rel}","templated":true}]}}