{"id":670,"date":"2018-05-27T09:23:35","date_gmt":"2018-05-27T09:23:35","guid":{"rendered":"http:\/\/www.bulaoutdoor.nl\/product\/import-placeholder-for-272\/"},"modified":"2026-03-22T10:20:25","modified_gmt":"2026-03-22T10:20:25","slug":"torche-de-jardin-tuyau-torchmaster-extremement-resistante-au-vent-grande-flamme-fonctionne-avec-de-lhuile-de-lampe-industrie-de-la-restauration","status":"publish","type":"product","link":"https:\/\/bulaoutdoor.nl\/fr\/product\/tuinfakkel-pipe-line-torchmaster-extreem-windvast-grote-vlam-werkt-op-lampenolie-horeca\/","title":{"rendered":"Torche de jardin Pipe Line Torchmaster Noir - lot de 2"},"content":{"rendered":"<h2>Torche de jardin Pipe Line Torchmaster Noir<\/h2>\n<p>Si vous \u00eates \u00e0 la recherche d'une torche de jardin belle et durable, vous devriez certainement jeter un coup d'\u0153il \u00e0 notre gamme de Torchmaster. La Torchmaster est une torche de jardin coupe-vent avec une grande flamme. Pouvons-nous vous aider ? N'h\u00e9sitez pas \u00e0 nous contacter.<\/p>\n<p><strong>Livraison gratuite<\/strong><\/p>\n<p>Acheter un Torchmaster en ligne aupr\u00e8s d'un sp\u00e9cialiste du barbecue<\/p>\n<p>Si vous commandez le Torchmaster en ligne, les torches sont livr\u00e9es par paire. Dans le magasin, nous vendons ces torches s\u00e9par\u00e9ment. Gr\u00e2ce \u00e0 la technologie \"ABC\", les gaz de l'huile de lampe br\u00fblent et la torche br\u00fble tr\u00e8s proprement, avec un minimum de fum\u00e9e et sans risque d'\u00e9tincelles. Cette technologie avanc\u00e9e garantit \u00e9galement que le chalumeau est extr\u00eamement r\u00e9sistant au vent et que la flamme est grande. Le chalumeau convient \u00e0 de nombreuses applications, par exemple dans le jardin, la restauration ou lors de f\u00eates et d'\u00e9v\u00e9nements. Avec le syst\u00e8me de remplissage brevet\u00e9 \"No Touch\", il n'est pas n\u00e9cessaire de toucher ou d'ouvrir le chalumeau, gr\u00e2ce au syst\u00e8me d'entonnoir int\u00e9gr\u00e9. La salet\u00e9 et l'huile sur les mains et les v\u00eatements appartiennent au pass\u00e9. D\u00e9couvrez les sp\u00e9cifications :<\/p>\n<ul>\n<li>Couleur : Torche - Noir | B\u00e2ton - Noir<\/li>\n<li>Hauteur : 150 cm<\/li>\n<li>Dur\u00e9e de combustion : environ 6 heures<\/li>\n<li>Carburant : huile lampante (capacit\u00e9 de 500 cl)<\/li>\n<li>Unique pour toutes les torches Pipe-Line<\/li>\n<\/ul>\n<figure id=\"attachment_724\" aria-describedby=\"caption-attachment-724\" style=\"width: 300px\" class=\"wp-caption alignnone\"><a href=\"https:\/\/bulaoutdoor.nl\/fr\/produit\/base-de-la-ligne-de-tuyauterie-base-du-chalumeau-base-du-chalumeau-en-beton-torchemaster\/\" target=\"_blank\" rel=\"noopener\"><img loading=\"lazy\" decoding=\"async\" class=\"size-medium wp-image-724\" src=\"https:\/\/www.bulaoutdoor.nl\/wp-content\/uploads\/2018\/05\/pipe-line-base-fakkelvoet_3526_1_G-300x274.jpg\" alt=\"\" width=\"300\" height=\"274\" srcset=\"https:\/\/bulaoutdoor.nl\/wp-content\/uploads\/2018\/05\/pipe-line-base-fakkelvoet_3526_1_G-300x274.jpg 300w, https:\/\/bulaoutdoor.nl\/wp-content\/uploads\/2018\/05\/pipe-line-base-fakkelvoet_3526_1_G.jpg 356w\" sizes=\"auto, (max-width: 300px) 100vw, 300px\" \/><\/a><figcaption id=\"caption-attachment-724\" class=\"wp-caption-text\"><a href=\"https:\/\/bulaoutdoor.nl\/fr\/produit\/base-de-la-ligne-de-tuyauterie-base-du-chalumeau-base-du-chalumeau-en-beton-torchemaster\/\" target=\"_blank\" rel=\"noopener\">Torche base b\u00e9ton (non incluse)<\/a><\/figcaption><\/figure>\n<h3>Passez une commande imm\u00e9diatement ou contactez-nous pour plus d'informations.<\/h3>\n<p>Passez imm\u00e9diatement votre commande en ligne et profitez des meilleurs produits pour le barbecue. Vous avez des questions, vous avez besoin de plus d'informations ou nous pouvons vous aider ? Dans ce cas, n'h\u00e9sitez pas \u00e0 <a href=\"https:\/\/bulaoutdoor.nl\/fr\/contact\/\">nous contacter<\/a> en appelant le <a href=\"tel:0031355330658\">035-5330658<\/a>. Vous souhaitez acheter une torche \u00e0 l'unit\u00e9 ? Contactez-nous pour un rendez-vous dans notre magasin \u00e0 Bussum, pr\u00e8s de Hilversum.<\/p>\n<p>\u00c9galement int\u00e9ressant :<\/p>\n<p><a href=\"https:\/\/bulaoutdoor.nl\/fr\/categorie-de-produits\/alpha-pizza-four-a-bois-en-acier-inoxydable\/\">Four \u00e0 bois Alfa Forni<\/a> | <a href=\"https:\/\/bulaoutdoor.nl\/fr\/categorie-de-produits\/bbq\/barbecues-beefeater\/\">Beefeater Discovery BBQ<\/a> | <a href=\"https:\/\/bulaoutdoor.nl\/fr\/categorie-de-produits\/bienvenue-a-tous\/\">Acheter le four d'ext\u00e9rieur Weltevree<\/a><\/p>","protected":false},"excerpt":{"rendered":"<p><strong>\u00a0Livraison gratuite NL\/BE <\/strong>Torche de jardin Pipe Line Torchmaster extr\u00eamement r\u00e9sistante au vent - grande flamme. Fonctionne \u00e0 l'huile de lampe. Prix par pi\u00e8ce \u20ac 29,00 (emball\u00e9 par 2 pi\u00e8ces) - Couleur : Noir<\/p>","protected":false},"featured_media":10919,"comment_status":"open","ping_status":"closed","template":"","meta":{"_acf_changed":false},"product_brand":[],"product_cat":[19],"product_tag":[979,978],"class_list":{"0":"post-670","1":"product","2":"type-product","3":"status-publish","4":"has-post-thumbnail","6":"product_cat-fakkels","7":"product_tag-fakkel-horeca-lampenolie-zwart","8":"product_tag-tuinfakkel-pipe-line-torchmaster","10":"first","11":"instock","12":"taxable","13":"shipping-taxable","14":"purchasable","15":"product-type-simple"},"acf":[],"yoast_head":"<!-- This site is optimized with the Yoast SEO plugin v27.4 - https:\/\/yoast.com\/product\/yoast-seo-wordpress\/ -->\n<title>Tuinfakkel Pipe Line Torchmaster Zwart - set van 2 &#8211; Bula Outdoor<\/title>\n<meta name=\"description\" content=\"Geniet van het gemak van een Torchmaster online kopen in onze webshop. Kunnen we u ergens mee helpen? Laat het ons dan weten. Plaats direct uw bestelling.\" \/>\n<meta name=\"robots\" content=\"index, follow, max-snippet:-1, max-image-preview:large, max-video-preview:-1\" \/>\n<link rel=\"canonical\" href=\"https:\/\/bulaoutdoor.nl\/fr\/produit\/torche-de-jardin-tuyau-torchmaster-extremement-resistante-au-vent-grande-flamme-fonctionne-avec-de-lhuile-de-lampe-industrie-de-la-restauration\/\" \/>\n<meta property=\"og:locale\" content=\"fr_FR\" \/>\n<meta property=\"og:type\" content=\"article\" \/>\n<meta property=\"og:title\" content=\"Tuinfakkel Pipe Line Torchmaster Zwart - set van 2 &#8211; Bula Outdoor\" \/>\n<meta property=\"og:description\" content=\"Geniet van het gemak van een Torchmaster online kopen in onze webshop. Kunnen we u ergens mee helpen? Laat het ons dan weten. Plaats direct uw bestelling.\" \/>\n<meta property=\"og:url\" content=\"https:\/\/bulaoutdoor.nl\/fr\/produit\/torche-de-jardin-tuyau-torchmaster-extremement-resistante-au-vent-grande-flamme-fonctionne-avec-de-lhuile-de-lampe-industrie-de-la-restauration\/\" \/>\n<meta property=\"og:site_name\" content=\"Bula Outdoor\" \/>\n<meta property=\"article:modified_time\" content=\"2026-03-22T10:20:25+00:00\" \/>\n<meta property=\"og:image\" content=\"https:\/\/bulaoutdoor.nl\/wp-content\/uploads\/2018\/05\/tuinfakkel-pipe-line-torchmaster-extreem-windvast-grote-vlam-werkt-op-la_3541_1_G_SCALED.jpg\" \/>\n\t<meta property=\"og:image:width\" content=\"700\" \/>\n\t<meta property=\"og:image:height\" content=\"700\" \/>\n\t<meta property=\"og:image:type\" content=\"image\/jpeg\" \/>\n<meta name=\"twitter:card\" content=\"summary_large_image\" \/>\n<meta name=\"twitter:label1\" content=\"Dur\u00e9e de lecture estim\u00e9e\" \/>\n\t<meta name=\"twitter:data1\" content=\"2 minutes\" \/>\n<script type=\"application\/ld+json\" class=\"yoast-schema-graph\">{\"@context\":\"https:\\\/\\\/schema.org\",\"@graph\":[{\"@type\":\"WebPage\",\"@id\":\"https:\\\/\\\/bulaoutdoor.nl\\\/product\\\/tuinfakkel-pipe-line-torchmaster-extreem-windvast-grote-vlam-werkt-op-lampenolie-horeca\\\/\",\"url\":\"https:\\\/\\\/bulaoutdoor.nl\\\/product\\\/tuinfakkel-pipe-line-torchmaster-extreem-windvast-grote-vlam-werkt-op-lampenolie-horeca\\\/\",\"name\":\"Tuinfakkel Pipe Line Torchmaster Zwart - set van 2 &#8211; Bula Outdoor\",\"isPartOf\":{\"@id\":\"https:\\\/\\\/bulaoutdoor.nl\\\/#website\"},\"primaryImageOfPage\":{\"@id\":\"https:\\\/\\\/bulaoutdoor.nl\\\/product\\\/tuinfakkel-pipe-line-torchmaster-extreem-windvast-grote-vlam-werkt-op-lampenolie-horeca\\\/#primaryimage\"},\"image\":{\"@id\":\"https:\\\/\\\/bulaoutdoor.nl\\\/product\\\/tuinfakkel-pipe-line-torchmaster-extreem-windvast-grote-vlam-werkt-op-lampenolie-horeca\\\/#primaryimage\"},\"thumbnailUrl\":\"https:\\\/\\\/bulaoutdoor.nl\\\/wp-content\\\/uploads\\\/2018\\\/05\\\/tuinfakkel-pipe-line-torchmaster-extreem-windvast-grote-vlam-werkt-op-la_3541_1_G_SCALED.jpg\",\"datePublished\":\"2018-05-27T09:23:35+00:00\",\"dateModified\":\"2026-03-22T10:20:25+00:00\",\"description\":\"Geniet van het gemak van een Torchmaster online kopen in onze webshop. Kunnen we u ergens mee helpen? Laat het ons dan weten. Plaats direct uw bestelling.\",\"breadcrumb\":{\"@id\":\"https:\\\/\\\/bulaoutdoor.nl\\\/product\\\/tuinfakkel-pipe-line-torchmaster-extreem-windvast-grote-vlam-werkt-op-lampenolie-horeca\\\/#breadcrumb\"},\"inLanguage\":\"fr-FR\",\"potentialAction\":[{\"@type\":\"ReadAction\",\"target\":[\"https:\\\/\\\/bulaoutdoor.nl\\\/product\\\/tuinfakkel-pipe-line-torchmaster-extreem-windvast-grote-vlam-werkt-op-lampenolie-horeca\\\/\"]}]},{\"@type\":\"ImageObject\",\"inLanguage\":\"fr-FR\",\"@id\":\"https:\\\/\\\/bulaoutdoor.nl\\\/product\\\/tuinfakkel-pipe-line-torchmaster-extreem-windvast-grote-vlam-werkt-op-lampenolie-horeca\\\/#primaryimage\",\"url\":\"https:\\\/\\\/bulaoutdoor.nl\\\/wp-content\\\/uploads\\\/2018\\\/05\\\/tuinfakkel-pipe-line-torchmaster-extreem-windvast-grote-vlam-werkt-op-la_3541_1_G_SCALED.jpg\",\"contentUrl\":\"https:\\\/\\\/bulaoutdoor.nl\\\/wp-content\\\/uploads\\\/2018\\\/05\\\/tuinfakkel-pipe-line-torchmaster-extreem-windvast-grote-vlam-werkt-op-la_3541_1_G_SCALED.jpg\",\"width\":700,\"height\":700},{\"@type\":\"BreadcrumbList\",\"@id\":\"https:\\\/\\\/bulaoutdoor.nl\\\/product\\\/tuinfakkel-pipe-line-torchmaster-extreem-windvast-grote-vlam-werkt-op-lampenolie-horeca\\\/#breadcrumb\",\"itemListElement\":[{\"@type\":\"ListItem\",\"position\":1,\"name\":\"Home\",\"item\":\"https:\\\/\\\/bulaoutdoor.nl\\\/\"},{\"@type\":\"ListItem\",\"position\":2,\"name\":\"Online BBQ kopen\",\"item\":\"https:\\\/\\\/bulaoutdoor.nl\\\/\"},{\"@type\":\"ListItem\",\"position\":3,\"name\":\"Tuinfakkel Pipe Line Torchmaster Zwart &#8211; set van 2\"}]},{\"@type\":\"WebSite\",\"@id\":\"https:\\\/\\\/bulaoutdoor.nl\\\/#website\",\"url\":\"https:\\\/\\\/bulaoutdoor.nl\\\/\",\"name\":\"Bula Outdoor\",\"description\":\"Voor uw buitenhaard, BBQ, tuinfakkel en houtoven\",\"publisher\":{\"@id\":\"https:\\\/\\\/bulaoutdoor.nl\\\/#organization\"},\"potentialAction\":[{\"@type\":\"SearchAction\",\"target\":{\"@type\":\"EntryPoint\",\"urlTemplate\":\"https:\\\/\\\/bulaoutdoor.nl\\\/?s={search_term_string}\"},\"query-input\":{\"@type\":\"PropertyValueSpecification\",\"valueRequired\":true,\"valueName\":\"search_term_string\"}}],\"inLanguage\":\"fr-FR\"},{\"@type\":\"Organization\",\"@id\":\"https:\\\/\\\/bulaoutdoor.nl\\\/#organization\",\"name\":\"Bula Outdoor\",\"url\":\"https:\\\/\\\/bulaoutdoor.nl\\\/\",\"logo\":{\"@type\":\"ImageObject\",\"inLanguage\":\"fr-FR\",\"@id\":\"https:\\\/\\\/bulaoutdoor.nl\\\/#\\\/schema\\\/logo\\\/image\\\/\",\"url\":\"https:\\\/\\\/www.bulaoutdoor.nl\\\/wp-content\\\/uploads\\\/2018\\\/04\\\/bulaoutdoor-logo.png\",\"contentUrl\":\"https:\\\/\\\/www.bulaoutdoor.nl\\\/wp-content\\\/uploads\\\/2018\\\/04\\\/bulaoutdoor-logo.png\",\"width\":324,\"height\":91,\"caption\":\"Bula Outdoor\"},\"image\":{\"@id\":\"https:\\\/\\\/bulaoutdoor.nl\\\/#\\\/schema\\\/logo\\\/image\\\/\"}}]}<\/script>\n<!-- \/ Yoast SEO plugin. -->","yoast_head_json":{"title":"Torche de jardin Pipe Line Torchmaster Black - set of 2 - Bula Outdoor","description":"Profitez de la commodit\u00e9 de l'achat d'un Torchmaster en ligne depuis notre boutique en ligne. Pouvons-nous vous aider ? Si oui, n'h\u00e9sitez pas \u00e0 nous le faire savoir. Passez votre commande imm\u00e9diatement.","robots":{"index":"index","follow":"follow","max-snippet":"max-snippet:-1","max-image-preview":"max-image-preview:large","max-video-preview":"max-video-preview:-1"},"canonical":"https:\/\/bulaoutdoor.nl\/fr\/produit\/torche-de-jardin-tuyau-torchmaster-extremement-resistante-au-vent-grande-flamme-fonctionne-avec-de-lhuile-de-lampe-industrie-de-la-restauration\/","og_locale":"fr_FR","og_type":"article","og_title":"Tuinfakkel Pipe Line Torchmaster Zwart - set van 2 &#8211; Bula Outdoor","og_description":"Geniet van het gemak van een Torchmaster online kopen in onze webshop. Kunnen we u ergens mee helpen? Laat het ons dan weten. Plaats direct uw bestelling.","og_url":"https:\/\/bulaoutdoor.nl\/fr\/produit\/torche-de-jardin-tuyau-torchmaster-extremement-resistante-au-vent-grande-flamme-fonctionne-avec-de-lhuile-de-lampe-industrie-de-la-restauration\/","og_site_name":"Bula Outdoor","article_modified_time":"2026-03-22T10:20:25+00:00","og_image":[{"width":700,"height":700,"url":"https:\/\/bulaoutdoor.nl\/wp-content\/uploads\/2018\/05\/tuinfakkel-pipe-line-torchmaster-extreem-windvast-grote-vlam-werkt-op-la_3541_1_G_SCALED.jpg","type":"image\/jpeg"}],"twitter_card":"summary_large_image","twitter_misc":{"Dur\u00e9e de lecture estim\u00e9e":"2 minutes"},"schema":{"@context":"https:\/\/schema.org","@graph":[{"@type":"WebPage","@id":"https:\/\/bulaoutdoor.nl\/product\/tuinfakkel-pipe-line-torchmaster-extreem-windvast-grote-vlam-werkt-op-lampenolie-horeca\/","url":"https:\/\/bulaoutdoor.nl\/product\/tuinfakkel-pipe-line-torchmaster-extreem-windvast-grote-vlam-werkt-op-lampenolie-horeca\/","name":"Torche de jardin Pipe Line Torchmaster Black - set of 2 - Bula Outdoor","isPartOf":{"@id":"https:\/\/bulaoutdoor.nl\/#website"},"primaryImageOfPage":{"@id":"https:\/\/bulaoutdoor.nl\/product\/tuinfakkel-pipe-line-torchmaster-extreem-windvast-grote-vlam-werkt-op-lampenolie-horeca\/#primaryimage"},"image":{"@id":"https:\/\/bulaoutdoor.nl\/product\/tuinfakkel-pipe-line-torchmaster-extreem-windvast-grote-vlam-werkt-op-lampenolie-horeca\/#primaryimage"},"thumbnailUrl":"https:\/\/bulaoutdoor.nl\/wp-content\/uploads\/2018\/05\/tuinfakkel-pipe-line-torchmaster-extreem-windvast-grote-vlam-werkt-op-la_3541_1_G_SCALED.jpg","datePublished":"2018-05-27T09:23:35+00:00","dateModified":"2026-03-22T10:20:25+00:00","description":"Profitez de la commodit\u00e9 de l'achat d'un Torchmaster en ligne depuis notre boutique en ligne. Pouvons-nous vous aider ? Si oui, n'h\u00e9sitez pas \u00e0 nous le faire savoir. Passez votre commande imm\u00e9diatement.","breadcrumb":{"@id":"https:\/\/bulaoutdoor.nl\/product\/tuinfakkel-pipe-line-torchmaster-extreem-windvast-grote-vlam-werkt-op-lampenolie-horeca\/#breadcrumb"},"inLanguage":"fr-FR","potentialAction":[{"@type":"ReadAction","target":["https:\/\/bulaoutdoor.nl\/product\/tuinfakkel-pipe-line-torchmaster-extreem-windvast-grote-vlam-werkt-op-lampenolie-horeca\/"]}]},{"@type":"ImageObject","inLanguage":"fr-FR","@id":"https:\/\/bulaoutdoor.nl\/product\/tuinfakkel-pipe-line-torchmaster-extreem-windvast-grote-vlam-werkt-op-lampenolie-horeca\/#primaryimage","url":"https:\/\/bulaoutdoor.nl\/wp-content\/uploads\/2018\/05\/tuinfakkel-pipe-line-torchmaster-extreem-windvast-grote-vlam-werkt-op-la_3541_1_G_SCALED.jpg","contentUrl":"https:\/\/bulaoutdoor.nl\/wp-content\/uploads\/2018\/05\/tuinfakkel-pipe-line-torchmaster-extreem-windvast-grote-vlam-werkt-op-la_3541_1_G_SCALED.jpg","width":700,"height":700},{"@type":"BreadcrumbList","@id":"https:\/\/bulaoutdoor.nl\/product\/tuinfakkel-pipe-line-torchmaster-extreem-windvast-grote-vlam-werkt-op-lampenolie-horeca\/#breadcrumb","itemListElement":[{"@type":"ListItem","position":1,"name":"Home","item":"https:\/\/bulaoutdoor.nl\/"},{"@type":"ListItem","position":2,"name":"Online BBQ kopen","item":"https:\/\/bulaoutdoor.nl\/"},{"@type":"ListItem","position":3,"name":"Tuinfakkel Pipe Line Torchmaster Zwart &#8211; set van 2"}]},{"@type":"WebSite","@id":"https:\/\/bulaoutdoor.nl\/#website","url":"https:\/\/bulaoutdoor.nl\/","name":"Bula Outdoor","description":"Pour votre chemin\u00e9e ext\u00e9rieure, votre barbecue, votre torche de jardin et votre four \u00e0 bois","publisher":{"@id":"https:\/\/bulaoutdoor.nl\/#organization"},"potentialAction":[{"@type":"SearchAction","target":{"@type":"EntryPoint","urlTemplate":"https:\/\/bulaoutdoor.nl\/?s={search_term_string}"},"query-input":{"@type":"PropertyValueSpecification","valueRequired":true,"valueName":"search_term_string"}}],"inLanguage":"fr-FR"},{"@type":"Organization","@id":"https:\/\/bulaoutdoor.nl\/#organization","name":"Bula Outdoor","url":"https:\/\/bulaoutdoor.nl\/","logo":{"@type":"ImageObject","inLanguage":"fr-FR","@id":"https:\/\/bulaoutdoor.nl\/#\/schema\/logo\/image\/","url":"https:\/\/www.bulaoutdoor.nl\/wp-content\/uploads\/2018\/04\/bulaoutdoor-logo.png","contentUrl":"https:\/\/www.bulaoutdoor.nl\/wp-content\/uploads\/2018\/04\/bulaoutdoor-logo.png","width":324,"height":91,"caption":"Bula Outdoor"},"image":{"@id":"https:\/\/bulaoutdoor.nl\/#\/schema\/logo\/image\/"}}]}},"jetpack_sharing_enabled":true,"_links":{"self":[{"href":"https:\/\/bulaoutdoor.nl\/fr\/wp-json\/wp\/v2\/product\/670","targetHints":{"allow":["GET"]}}],"collection":[{"href":"https:\/\/bulaoutdoor.nl\/fr\/wp-json\/wp\/v2\/product"}],"about":[{"href":"https:\/\/bulaoutdoor.nl\/fr\/wp-json\/wp\/v2\/types\/product"}],"replies":[{"embeddable":true,"href":"https:\/\/bulaoutdoor.nl\/fr\/wp-json\/wp\/v2\/comments?post=670"}],"wp:featuredmedia":[{"embeddable":true,"href":"https:\/\/bulaoutdoor.nl\/fr\/wp-json\/wp\/v2\/media\/10919"}],"wp:attachment":[{"href":"https:\/\/bulaoutdoor.nl\/fr\/wp-json\/wp\/v2\/media?parent=670"}],"wp:term":[{"taxonomy":"product_brand","embeddable":true,"href":"https:\/\/bulaoutdoor.nl\/fr\/wp-json\/wp\/v2\/product_brand?post=670"},{"taxonomy":"product_cat","embeddable":true,"href":"https:\/\/bulaoutdoor.nl\/fr\/wp-json\/wp\/v2\/product_cat?post=670"},{"taxonomy":"product_tag","embeddable":true,"href":"https:\/\/bulaoutdoor.nl\/fr\/wp-json\/wp\/v2\/product_tag?post=670"}],"curies":[{"name":"wp","href":"https:\/\/api.w.org\/{rel}","templated":true}]}}