{"id":79186,"date":"2017-07-18T13:38:10","date_gmt":"2017-07-18T13:38:10","guid":{"rendered":"https:\/\/bulaoutdoor.nl\/product\/olsberg-lombok-powersystem\/"},"modified":"2026-04-07T04:31:06","modified_gmt":"2026-04-07T04:31:06","slug":"olsberg-lombok-systeme-dalimentation","status":"publish","type":"product","link":"https:\/\/bulaoutdoor.nl\/fr\/product\/olsberg-lombok-powersystem\/","title":{"rendered":"Syst\u00e8me d'alimentation Olsberg Lombok"},"content":{"rendered":"<h2>Syst\u00e8me d'alimentation Olsberg Lombok<\/h2>\n<p>Ce magnifique <a href=\"https:\/\/www.haveverwarming.nl\/kachels\/hout\" target=\"_blank\" rel=\"noopener\">po\u00eale \u00e0 bois<\/a> de <a href=\"https:\/\/www.haveverwarming.nl\/olsberg\" target=\"_blank\" rel=\"noopener\">Olsberg<\/a> a une vitre haute. La haute vitre panoramique avec le syst\u00e8me \u00e9prouv\u00e9 de vitre propre garantit de nombreuses heures douillettes avec une vue parfaite sur le feu dans ce po\u00eale \u00e0 bois. Le po\u00eale \u00e0 bois Olsberg est un magnifique po\u00eale \u00e9lanc\u00e9 qui donne de la hauteur \u00e0 votre pi\u00e8ce. Gr\u00e2ce \u00e0 lui, il est encore plus agr\u00e9able de profiter chaque jour de votre salon comme d'une oasis de paix et de d\u00e9tente.<\/p>\n<h3>Stockage de chaleur (StorageBloc !)<\/h3>\n<p>Vous avez \u00e9galement la possibilit\u00e9 d'installer un Powerblock ! dans ce po\u00eale. Il s'agit d'un bloc de stockage de la chaleur. Le bloc permet \u00e0 ce po\u00eale \u00e0 bois de conserver la chaleur plus longtemps.&nbsp;<\/p>\n<h3>Peu de puissance<\/h3>\n<p>Vous avez \u00e9galement du mal \u00e0 trouver un po\u00eale \u00e0 bois qui ne soit pas trop petit mais qui ne soit pas non plus trop puissant ? Dans de nombreuses maisons d'aujourd'hui, le syst\u00e8me de chauffage principal est le syst\u00e8me de chauffage central avec radiateurs et\/ou chauffage par le sol. Le po\u00eale ou la chemin\u00e9e n'a alors qu'une fonction de confort et de r\u00e9chauffement rapide de la pi\u00e8ce. De nombreux po\u00eales tombent en panne ou ne peuvent pas \u00eatre aliment\u00e9s correctement. Par cons\u00e9quent, soit la vitre du po\u00eale est toujours sale, soit vous vous retrouvez en train de fumer hors de la pi\u00e8ce. Les po\u00eales Olsberg ont tous une faible puissance nominale. Ce po\u00eale \u00e0 bois est donc le po\u00eale id\u00e9al pour les petites maisons. Surtout lorsqu'il est \u00e9quip\u00e9 de l'OEC.<\/p>\n<h3>OEC<\/h3>\n<p>Ce po\u00eale Olsberg peut \u00e9galement \u00eatre \u00e9quip\u00e9 de l'OEC. Le contr\u00f4le parfait de la temp\u00e9rature et le rendement gr\u00e2ce \u00e0 l'OEC font que ce po\u00eale convient \u00e9galement tr\u00e8s bien aux petites maisons bien isol\u00e9es.<\/p>\n<h2>Voir les po\u00eales Olsberg<\/h2>\n<div class=\"text-lg text-primary relative product-description h-auto overflow-visible\">\n<p>Venez d\u00e9couvrir notre collection de po\u00eales \u00e0 bois dans notre&nbsp;<a href=\"https:\/\/www.haveverwarming.nl\/experiencecenter\" target=\"_blank\" rel=\"noopener\">Centre d'exp\u00e9rience<\/a> \u00e0 Lunteren. Nos sp\u00e9cialistes commerciaux sont \u00e0 votre disposition pour vous fournir des conseils adapt\u00e9s. \u00c0 bient\u00f4t !<\/p>\n<\/div>\n<p>T\u00e9l\u00e9chargements de produits<\/p>\n<ul>\n<li><a class=\"download file\" href=\"https:\/\/www.haveverwarming.nl\/amfile\/file\/download\/file\/9165\/product\/173\/\" target=\"_blank\"><span>Brochure Olsberg bois 2025\/2026<\/span><\/a><\/li>\n<li><a class=\"download file\" href=\"https:\/\/www.haveverwarming.nl\/amfile\/file\/download\/file\/9038\/product\/173\/\" target=\"_blank\"><span>Dessin au trait Olsberg Lombok 2025-2026<\/span><\/a><\/li>\n<li><a class=\"download file\" href=\"https:\/\/www.haveverwarming.nl\/amfile\/file\/download\/file\/6591\/product\/173\/\" target=\"_blank\"><span>Brochure sur le tir responsable<\/span><\/a><\/li>\n<li><a class=\"download file\" href=\"https:\/\/www.haveverwarming.nl\/productpdf\/download\/file\/id\/173\/name\/Olsberg_Lombok_PowerSystem.pdf\/\" target=\"_blank\"><span>T\u00e9l\u00e9charger la fiche technique<\/span><\/a><\/li>\n<\/ul>","protected":false},"excerpt":{"rendered":"<p>Olsberg Lombok PowerSystem Deze mooie houtkachel van Olsberg heeft een hoge ruit. De hoge panoramische ruit met het bewezen schone ruit systeem staat garant voor veel gezellige uren met een perfect zicht op het vuur in deze houtkachel. De Olsberg houtkachel is een mooie ranke kachel die hoogte geeft aan uw kamer. Dankzij dit alles [&hellip;]<\/p>\n","protected":false},"featured_media":79187,"comment_status":"open","ping_status":"closed","template":"","meta":{"_acf_changed":false},"product_brand":[],"product_cat":[1092],"product_tag":[],"class_list":{"0":"post-79186","1":"product","2":"type-product","3":"status-publish","4":"has-post-thumbnail","6":"product_cat-vrijstaande-houtkachels","8":"first","9":"instock","10":"taxable","11":"shipping-taxable","12":"purchasable","13":"product-type-simple"},"acf":[],"yoast_head":"<!-- This site is optimized with the Yoast SEO plugin v27.3 - https:\/\/yoast.com\/product\/yoast-seo-wordpress\/ -->\n<title>Olsberg Lombok PowerSystem &#8211; Bula Outdoor<\/title>\n<meta name=\"robots\" content=\"index, follow, max-snippet:-1, max-image-preview:large, max-video-preview:-1\" \/>\n<link rel=\"canonical\" href=\"https:\/\/bulaoutdoor.nl\/fr\/produit\/olsberg-lombok-systeme-dalimentation\/\" \/>\n<meta property=\"og:locale\" content=\"fr_FR\" \/>\n<meta property=\"og:type\" content=\"article\" \/>\n<meta property=\"og:title\" content=\"Olsberg Lombok PowerSystem &#8211; Bula Outdoor\" \/>\n<meta property=\"og:description\" content=\"Olsberg Lombok PowerSystem Deze mooie houtkachel van Olsberg heeft een hoge ruit. De hoge panoramische ruit met het bewezen schone ruit systeem staat garant voor veel gezellige uren met een perfect zicht op het vuur in deze houtkachel. De Olsberg houtkachel is een mooie ranke kachel die hoogte geeft aan uw kamer. Dankzij dit alles [&hellip;]\" \/>\n<meta property=\"og:url\" content=\"https:\/\/bulaoutdoor.nl\/fr\/produit\/olsberg-lombok-systeme-dalimentation\/\" \/>\n<meta property=\"og:site_name\" content=\"Bula Outdoor\" \/>\n<meta property=\"article:modified_time\" content=\"2026-04-07T04:31:06+00:00\" \/>\n<meta property=\"og:image\" content=\"https:\/\/bulaoutdoor.nl\/wp-content\/uploads\/2017\/07\/lombokpowersystem.jpg\" \/>\n\t<meta property=\"og:image:width\" content=\"1400\" \/>\n\t<meta property=\"og:image:height\" content=\"1400\" \/>\n\t<meta property=\"og:image:type\" content=\"image\/jpeg\" \/>\n<meta name=\"twitter:card\" content=\"summary_large_image\" \/>\n<meta name=\"twitter:label1\" content=\"Dur\u00e9e de lecture estim\u00e9e\" \/>\n\t<meta name=\"twitter:data1\" content=\"2 minutes\" \/>\n<script type=\"application\/ld+json\" class=\"yoast-schema-graph\">{\"@context\":\"https:\\\/\\\/schema.org\",\"@graph\":[{\"@type\":\"WebPage\",\"@id\":\"https:\\\/\\\/bulaoutdoor.nl\\\/product\\\/olsberg-lombok-powersystem\\\/\",\"url\":\"https:\\\/\\\/bulaoutdoor.nl\\\/product\\\/olsberg-lombok-powersystem\\\/\",\"name\":\"Olsberg Lombok PowerSystem &#8211; Bula Outdoor\",\"isPartOf\":{\"@id\":\"https:\\\/\\\/bulaoutdoor.nl\\\/#website\"},\"primaryImageOfPage\":{\"@id\":\"https:\\\/\\\/bulaoutdoor.nl\\\/product\\\/olsberg-lombok-powersystem\\\/#primaryimage\"},\"image\":{\"@id\":\"https:\\\/\\\/bulaoutdoor.nl\\\/product\\\/olsberg-lombok-powersystem\\\/#primaryimage\"},\"thumbnailUrl\":\"https:\\\/\\\/bulaoutdoor.nl\\\/wp-content\\\/uploads\\\/2017\\\/07\\\/lombokpowersystem.jpg\",\"datePublished\":\"2017-07-18T13:38:10+00:00\",\"dateModified\":\"2026-04-07T04:31:06+00:00\",\"breadcrumb\":{\"@id\":\"https:\\\/\\\/bulaoutdoor.nl\\\/product\\\/olsberg-lombok-powersystem\\\/#breadcrumb\"},\"inLanguage\":\"fr-FR\",\"potentialAction\":[{\"@type\":\"ReadAction\",\"target\":[\"https:\\\/\\\/bulaoutdoor.nl\\\/product\\\/olsberg-lombok-powersystem\\\/\"]}]},{\"@type\":\"ImageObject\",\"inLanguage\":\"fr-FR\",\"@id\":\"https:\\\/\\\/bulaoutdoor.nl\\\/product\\\/olsberg-lombok-powersystem\\\/#primaryimage\",\"url\":\"https:\\\/\\\/bulaoutdoor.nl\\\/wp-content\\\/uploads\\\/2017\\\/07\\\/lombokpowersystem.jpg\",\"contentUrl\":\"https:\\\/\\\/bulaoutdoor.nl\\\/wp-content\\\/uploads\\\/2017\\\/07\\\/lombokpowersystem.jpg\",\"width\":1400,\"height\":1400,\"caption\":\"olsberg-lombok-powersystem-thumbnail\"},{\"@type\":\"BreadcrumbList\",\"@id\":\"https:\\\/\\\/bulaoutdoor.nl\\\/product\\\/olsberg-lombok-powersystem\\\/#breadcrumb\",\"itemListElement\":[{\"@type\":\"ListItem\",\"position\":1,\"name\":\"Home\",\"item\":\"https:\\\/\\\/bulaoutdoor.nl\\\/\"},{\"@type\":\"ListItem\",\"position\":2,\"name\":\"Online BBQ kopen\",\"item\":\"https:\\\/\\\/bulaoutdoor.nl\\\/\"},{\"@type\":\"ListItem\",\"position\":3,\"name\":\"Olsberg Lombok PowerSystem\"}]},{\"@type\":\"WebSite\",\"@id\":\"https:\\\/\\\/bulaoutdoor.nl\\\/#website\",\"url\":\"https:\\\/\\\/bulaoutdoor.nl\\\/\",\"name\":\"Bula Outdoor\",\"description\":\"Voor uw buitenhaard, BBQ, tuinfakkel en houtoven\",\"publisher\":{\"@id\":\"https:\\\/\\\/bulaoutdoor.nl\\\/#organization\"},\"potentialAction\":[{\"@type\":\"SearchAction\",\"target\":{\"@type\":\"EntryPoint\",\"urlTemplate\":\"https:\\\/\\\/bulaoutdoor.nl\\\/?s={search_term_string}\"},\"query-input\":{\"@type\":\"PropertyValueSpecification\",\"valueRequired\":true,\"valueName\":\"search_term_string\"}}],\"inLanguage\":\"fr-FR\"},{\"@type\":\"Organization\",\"@id\":\"https:\\\/\\\/bulaoutdoor.nl\\\/#organization\",\"name\":\"Bula Outdoor\",\"url\":\"https:\\\/\\\/bulaoutdoor.nl\\\/\",\"logo\":{\"@type\":\"ImageObject\",\"inLanguage\":\"fr-FR\",\"@id\":\"https:\\\/\\\/bulaoutdoor.nl\\\/#\\\/schema\\\/logo\\\/image\\\/\",\"url\":\"https:\\\/\\\/www.bulaoutdoor.nl\\\/wp-content\\\/uploads\\\/2018\\\/04\\\/bulaoutdoor-logo.png\",\"contentUrl\":\"https:\\\/\\\/www.bulaoutdoor.nl\\\/wp-content\\\/uploads\\\/2018\\\/04\\\/bulaoutdoor-logo.png\",\"width\":324,\"height\":91,\"caption\":\"Bula Outdoor\"},\"image\":{\"@id\":\"https:\\\/\\\/bulaoutdoor.nl\\\/#\\\/schema\\\/logo\\\/image\\\/\"}}]}<\/script>\n<!-- \/ Yoast SEO plugin. -->","yoast_head_json":{"title":"Olsberg Lombok PowerSystem \u2013 Bula Outdoor","robots":{"index":"index","follow":"follow","max-snippet":"max-snippet:-1","max-image-preview":"max-image-preview:large","max-video-preview":"max-video-preview:-1"},"canonical":"https:\/\/bulaoutdoor.nl\/fr\/produit\/olsberg-lombok-systeme-dalimentation\/","og_locale":"fr_FR","og_type":"article","og_title":"Olsberg Lombok PowerSystem &#8211; Bula Outdoor","og_description":"Olsberg Lombok PowerSystem Deze mooie houtkachel van Olsberg heeft een hoge ruit. De hoge panoramische ruit met het bewezen schone ruit systeem staat garant voor veel gezellige uren met een perfect zicht op het vuur in deze houtkachel. De Olsberg houtkachel is een mooie ranke kachel die hoogte geeft aan uw kamer. Dankzij dit alles [&hellip;]","og_url":"https:\/\/bulaoutdoor.nl\/fr\/produit\/olsberg-lombok-systeme-dalimentation\/","og_site_name":"Bula Outdoor","article_modified_time":"2026-04-07T04:31:06+00:00","og_image":[{"width":1400,"height":1400,"url":"https:\/\/bulaoutdoor.nl\/wp-content\/uploads\/2017\/07\/lombokpowersystem.jpg","type":"image\/jpeg"}],"twitter_card":"summary_large_image","twitter_misc":{"Dur\u00e9e de lecture estim\u00e9e":"2 minutes"},"schema":{"@context":"https:\/\/schema.org","@graph":[{"@type":"WebPage","@id":"https:\/\/bulaoutdoor.nl\/product\/olsberg-lombok-powersystem\/","url":"https:\/\/bulaoutdoor.nl\/product\/olsberg-lombok-powersystem\/","name":"Olsberg Lombok PowerSystem \u2013 Bula Outdoor","isPartOf":{"@id":"https:\/\/bulaoutdoor.nl\/#website"},"primaryImageOfPage":{"@id":"https:\/\/bulaoutdoor.nl\/product\/olsberg-lombok-powersystem\/#primaryimage"},"image":{"@id":"https:\/\/bulaoutdoor.nl\/product\/olsberg-lombok-powersystem\/#primaryimage"},"thumbnailUrl":"https:\/\/bulaoutdoor.nl\/wp-content\/uploads\/2017\/07\/lombokpowersystem.jpg","datePublished":"2017-07-18T13:38:10+00:00","dateModified":"2026-04-07T04:31:06+00:00","breadcrumb":{"@id":"https:\/\/bulaoutdoor.nl\/product\/olsberg-lombok-powersystem\/#breadcrumb"},"inLanguage":"fr-FR","potentialAction":[{"@type":"ReadAction","target":["https:\/\/bulaoutdoor.nl\/product\/olsberg-lombok-powersystem\/"]}]},{"@type":"ImageObject","inLanguage":"fr-FR","@id":"https:\/\/bulaoutdoor.nl\/product\/olsberg-lombok-powersystem\/#primaryimage","url":"https:\/\/bulaoutdoor.nl\/wp-content\/uploads\/2017\/07\/lombokpowersystem.jpg","contentUrl":"https:\/\/bulaoutdoor.nl\/wp-content\/uploads\/2017\/07\/lombokpowersystem.jpg","width":1400,"height":1400,"caption":"olsberg-lombok-powersystem-thumbnail"},{"@type":"BreadcrumbList","@id":"https:\/\/bulaoutdoor.nl\/product\/olsberg-lombok-powersystem\/#breadcrumb","itemListElement":[{"@type":"ListItem","position":1,"name":"Home","item":"https:\/\/bulaoutdoor.nl\/"},{"@type":"ListItem","position":2,"name":"Online BBQ kopen","item":"https:\/\/bulaoutdoor.nl\/"},{"@type":"ListItem","position":3,"name":"Olsberg Lombok PowerSystem"}]},{"@type":"WebSite","@id":"https:\/\/bulaoutdoor.nl\/#website","url":"https:\/\/bulaoutdoor.nl\/","name":"Bula Outdoor","description":"Pour votre chemin\u00e9e ext\u00e9rieure, votre barbecue, votre torche de jardin et votre four \u00e0 bois","publisher":{"@id":"https:\/\/bulaoutdoor.nl\/#organization"},"potentialAction":[{"@type":"SearchAction","target":{"@type":"EntryPoint","urlTemplate":"https:\/\/bulaoutdoor.nl\/?s={search_term_string}"},"query-input":{"@type":"PropertyValueSpecification","valueRequired":true,"valueName":"search_term_string"}}],"inLanguage":"fr-FR"},{"@type":"Organization","@id":"https:\/\/bulaoutdoor.nl\/#organization","name":"Bula Outdoor","url":"https:\/\/bulaoutdoor.nl\/","logo":{"@type":"ImageObject","inLanguage":"fr-FR","@id":"https:\/\/bulaoutdoor.nl\/#\/schema\/logo\/image\/","url":"https:\/\/www.bulaoutdoor.nl\/wp-content\/uploads\/2018\/04\/bulaoutdoor-logo.png","contentUrl":"https:\/\/www.bulaoutdoor.nl\/wp-content\/uploads\/2018\/04\/bulaoutdoor-logo.png","width":324,"height":91,"caption":"Bula Outdoor"},"image":{"@id":"https:\/\/bulaoutdoor.nl\/#\/schema\/logo\/image\/"}}]}},"jetpack_sharing_enabled":true,"_links":{"self":[{"href":"https:\/\/bulaoutdoor.nl\/fr\/wp-json\/wp\/v2\/product\/79186","targetHints":{"allow":["GET"]}}],"collection":[{"href":"https:\/\/bulaoutdoor.nl\/fr\/wp-json\/wp\/v2\/product"}],"about":[{"href":"https:\/\/bulaoutdoor.nl\/fr\/wp-json\/wp\/v2\/types\/product"}],"replies":[{"embeddable":true,"href":"https:\/\/bulaoutdoor.nl\/fr\/wp-json\/wp\/v2\/comments?post=79186"}],"wp:featuredmedia":[{"embeddable":true,"href":"https:\/\/bulaoutdoor.nl\/fr\/wp-json\/wp\/v2\/media\/79187"}],"wp:attachment":[{"href":"https:\/\/bulaoutdoor.nl\/fr\/wp-json\/wp\/v2\/media?parent=79186"}],"wp:term":[{"taxonomy":"product_brand","embeddable":true,"href":"https:\/\/bulaoutdoor.nl\/fr\/wp-json\/wp\/v2\/product_brand?post=79186"},{"taxonomy":"product_cat","embeddable":true,"href":"https:\/\/bulaoutdoor.nl\/fr\/wp-json\/wp\/v2\/product_cat?post=79186"},{"taxonomy":"product_tag","embeddable":true,"href":"https:\/\/bulaoutdoor.nl\/fr\/wp-json\/wp\/v2\/product_tag?post=79186"}],"curies":[{"name":"wp","href":"https:\/\/api.w.org\/{rel}","templated":true}]}}