{"id":79210,"date":"2017-09-15T12:45:19","date_gmt":"2017-09-15T12:45:19","guid":{"rendered":"https:\/\/bulaoutdoor.nl\/product\/olsberg-bacan-staaldeur\/"},"modified":"2026-04-27T04:58:11","modified_gmt":"2026-04-27T04:58:11","slug":"olsberg-bacan-porte-en-acier","status":"publish","type":"product","link":"https:\/\/bulaoutdoor.nl\/fr\/product\/olsberg-bacan-staaldeur\/","title":{"rendered":"Porte en acier Olsberg Bacan"},"content":{"rendered":"<h2>Porte en acier Olsberg Bacan<\/h2>\n<p>Ce magnifique <a href=\"https:\/\/www.haveverwarming.nl\/kachels\/hout\" target=\"_blank\" rel=\"noopener\">po\u00eale \u00e0 bois<\/a> de <a href=\"https:\/\/www.haveverwarming.nl\/olsberg\" target=\"_blank\" rel=\"noopener\">Olsberg<\/a> a une vitre haute. La haute vitre panoramique avec le syst\u00e8me \u00e9prouv\u00e9 de vitre propre garantit de nombreuses heures douillettes avec une vue parfaite sur le feu dans ce po\u00eale \u00e0 bois. Le po\u00eale \u00e0 bois Olsberg est un magnifique po\u00eale \u00e9lanc\u00e9 qui donne de la hauteur \u00e0 votre pi\u00e8ce. Gr\u00e2ce \u00e0 lui, il est encore plus agr\u00e9able de profiter chaque jour de votre salon comme d'une oasis de paix et de d\u00e9tente.<\/p>\n<h3>Stockage de chaleur (PowerSystem !)<\/h3>\n<p>Ce po\u00eale est \u00e9galement \u00e9quip\u00e9 d'un Powerblock ! On l'appelle aussi \u00ab accumulateur de chaleur \u00bb. Le bloc permet \u00e0 ce po\u00eale \u00e0 bois de conserver la chaleur plus longtemps.&nbsp;<\/p>\n<h3>Peu de puissance<\/h3>\n<p>Vous avez du mal \u00e0 trouver un po\u00eale \u00e0 bois qui ne soit ni trop petit, ni trop puissant ? Dans la plupart des maisons actuelles, le chauffage principal est assur\u00e9 par un syst\u00e8me de chauffage central avec radiateurs et\/ou chauffage au sol. Le po\u00eale ou la chemin\u00e9e sert alors uniquement \u00e0 cr\u00e9er une ambiance chaleureuse et \u00e0 r\u00e9chauffer rapidement la pi\u00e8ce. De nombreux po\u00eales ne conviennent donc pas ou ne peuvent pas \u00eatre correctement aliment\u00e9s. R\u00e9sultat : soit la vitre du po\u00eale est toujours sale, soit la pi\u00e8ce est surchauff\u00e9e. Les po\u00eales Olsberg ont tous une faible puissance nominale. C'est pourquoi ce po\u00eale \u00e0 bois est le po\u00eale id\u00e9al pour les petites maisons. Surtout lorsqu'il est \u00e9quip\u00e9 de l'OEC.<\/p>\n<h3>OEC<\/h3>\n<p>Ce po\u00eale Olsberg peut \u00e9galement \u00eatre \u00e9quip\u00e9 de l'OEC. Le contr\u00f4le parfait de la temp\u00e9rature et le rendement gr\u00e2ce \u00e0 l'OEC font que ce po\u00eale convient \u00e9galement tr\u00e8s bien aux petites maisons bien isol\u00e9es.<\/p>\n<h2>Voir les po\u00eales Olsberg<\/h2>\n<p>Venez voir les po\u00eales Olsberg dans notre magasin. <a href=\"https:\/\/www.haveverwarming.nl\/experiencecenter\" target=\"_blank\" rel=\"noopener\">Centre d'exp\u00e9rience<\/a> \u00e0 Lunteren. La plupart des mod\u00e8les d'Olsberg y sont expos\u00e9s. Nous avons m\u00eame plusieurs mod\u00e8les en feu. Au plaisir de vous y voir.<\/p>\n<p>T\u00e9l\u00e9chargements de produits<\/p>\n<ul>\n<li><a class=\"download file\" href=\"https:\/\/www.haveverwarming.nl\/amfile\/file\/download\/file\/462\/product\/761\/\" target=\"_blank\"><span>Etiquette \u00e9nerg\u00e9tique Tecapa compact<\/span><\/a><\/li>\n<li><a class=\"download file\" href=\"https:\/\/www.haveverwarming.nl\/amfile\/file\/download\/file\/6601\/product\/761\/\" target=\"_blank\"><span>Brochure sur le tir responsable<\/span><\/a><\/li>\n<li><a class=\"download file\" href=\"https:\/\/www.haveverwarming.nl\/amfile\/file\/download\/file\/9165\/product\/761\/\" target=\"_blank\"><span>Brochure Olsberg bois 2025\/2026<\/span><\/a><\/li>\n<li><a class=\"download file\" href=\"https:\/\/www.haveverwarming.nl\/amfile\/file\/download\/file\/9037\/product\/761\/\" target=\"_blank\"><span>Dessin au trait Olsberg Bacan<\/span><\/a><\/li>\n<li><a class=\"download file\" href=\"https:\/\/www.haveverwarming.nl\/productpdf\/download\/file\/id\/761\/name\/Olsberg_Bacan_Staaldeur.pdf\/\" target=\"_blank\"><span>T\u00e9l\u00e9charger la fiche technique<\/span><\/a><\/li>\n<\/ul>","protected":false},"excerpt":{"rendered":"<p>Olsberg Bacan Staaldeur Deze mooie houtkachel van Olsberg heeft een hoge ruit. De hoge panoramische ruit met het bewezen schone ruit systeem staat garant voor veel gezellige uren met een perfect zicht op het vuur in deze houtkachel. De Olsberg houtkachel is een mooie ranke kachel die hoogte geeft aan uw kamer. Dankzij dit alles [&hellip;]<\/p>\n","protected":false},"featured_media":79211,"comment_status":"open","ping_status":"closed","template":"","meta":{"_acf_changed":false},"product_brand":[],"product_cat":[1092],"product_tag":[],"class_list":{"0":"post-79210","1":"product","2":"type-product","3":"status-publish","4":"has-post-thumbnail","6":"product_cat-vrijstaande-houtkachels","8":"first","9":"instock","10":"taxable","11":"shipping-taxable","12":"purchasable","13":"product-type-simple"},"acf":[],"yoast_head":"<!-- This site is optimized with the Yoast SEO plugin v27.5 - https:\/\/yoast.com\/product\/yoast-seo-wordpress\/ -->\n<title>Olsberg Bacan Staaldeur &#8211; Bula Outdoor<\/title>\n<meta name=\"robots\" content=\"index, follow, max-snippet:-1, max-image-preview:large, max-video-preview:-1\" \/>\n<link rel=\"canonical\" href=\"https:\/\/bulaoutdoor.nl\/fr\/produit\/olsberg-bacan-porte-en-acier\/\" \/>\n<meta property=\"og:locale\" content=\"fr_FR\" \/>\n<meta property=\"og:type\" content=\"article\" \/>\n<meta property=\"og:title\" content=\"Olsberg Bacan Staaldeur &#8211; Bula Outdoor\" \/>\n<meta property=\"og:description\" content=\"Olsberg Bacan Staaldeur Deze mooie houtkachel van Olsberg heeft een hoge ruit. De hoge panoramische ruit met het bewezen schone ruit systeem staat garant voor veel gezellige uren met een perfect zicht op het vuur in deze houtkachel. De Olsberg houtkachel is een mooie ranke kachel die hoogte geeft aan uw kamer. Dankzij dit alles [&hellip;]\" \/>\n<meta property=\"og:url\" content=\"https:\/\/bulaoutdoor.nl\/fr\/produit\/olsberg-bacan-porte-en-acier\/\" \/>\n<meta property=\"og:site_name\" content=\"Bula Outdoor\" \/>\n<meta property=\"article:modified_time\" content=\"2026-04-27T04:58:11+00:00\" \/>\n<meta property=\"og:image\" content=\"https:\/\/bulaoutdoor.nl\/wp-content\/uploads\/2017\/09\/bacan.jpg\" \/>\n\t<meta property=\"og:image:width\" content=\"1400\" \/>\n\t<meta property=\"og:image:height\" content=\"1400\" \/>\n\t<meta property=\"og:image:type\" content=\"image\/jpeg\" \/>\n<meta name=\"twitter:card\" content=\"summary_large_image\" \/>\n<meta name=\"twitter:label1\" content=\"Dur\u00e9e de lecture estim\u00e9e\" \/>\n\t<meta name=\"twitter:data1\" content=\"2 minutes\" \/>\n<script type=\"application\/ld+json\" class=\"yoast-schema-graph\">{\"@context\":\"https:\\\/\\\/schema.org\",\"@graph\":[{\"@type\":\"WebPage\",\"@id\":\"https:\\\/\\\/bulaoutdoor.nl\\\/product\\\/olsberg-bacan-staaldeur\\\/\",\"url\":\"https:\\\/\\\/bulaoutdoor.nl\\\/product\\\/olsberg-bacan-staaldeur\\\/\",\"name\":\"Olsberg Bacan Staaldeur &#8211; Bula Outdoor\",\"isPartOf\":{\"@id\":\"https:\\\/\\\/bulaoutdoor.nl\\\/#website\"},\"primaryImageOfPage\":{\"@id\":\"https:\\\/\\\/bulaoutdoor.nl\\\/product\\\/olsberg-bacan-staaldeur\\\/#primaryimage\"},\"image\":{\"@id\":\"https:\\\/\\\/bulaoutdoor.nl\\\/product\\\/olsberg-bacan-staaldeur\\\/#primaryimage\"},\"thumbnailUrl\":\"https:\\\/\\\/bulaoutdoor.nl\\\/wp-content\\\/uploads\\\/2017\\\/09\\\/bacan.jpg\",\"datePublished\":\"2017-09-15T12:45:19+00:00\",\"dateModified\":\"2026-04-27T04:58:11+00:00\",\"breadcrumb\":{\"@id\":\"https:\\\/\\\/bulaoutdoor.nl\\\/product\\\/olsberg-bacan-staaldeur\\\/#breadcrumb\"},\"inLanguage\":\"fr-FR\",\"potentialAction\":[{\"@type\":\"ReadAction\",\"target\":[\"https:\\\/\\\/bulaoutdoor.nl\\\/product\\\/olsberg-bacan-staaldeur\\\/\"]}]},{\"@type\":\"ImageObject\",\"inLanguage\":\"fr-FR\",\"@id\":\"https:\\\/\\\/bulaoutdoor.nl\\\/product\\\/olsberg-bacan-staaldeur\\\/#primaryimage\",\"url\":\"https:\\\/\\\/bulaoutdoor.nl\\\/wp-content\\\/uploads\\\/2017\\\/09\\\/bacan.jpg\",\"contentUrl\":\"https:\\\/\\\/bulaoutdoor.nl\\\/wp-content\\\/uploads\\\/2017\\\/09\\\/bacan.jpg\",\"width\":1400,\"height\":1400,\"caption\":\"olsberg-bacan-staaldeur-thumbnail\"},{\"@type\":\"BreadcrumbList\",\"@id\":\"https:\\\/\\\/bulaoutdoor.nl\\\/product\\\/olsberg-bacan-staaldeur\\\/#breadcrumb\",\"itemListElement\":[{\"@type\":\"ListItem\",\"position\":1,\"name\":\"Home\",\"item\":\"https:\\\/\\\/bulaoutdoor.nl\\\/\"},{\"@type\":\"ListItem\",\"position\":2,\"name\":\"Online BBQ kopen\",\"item\":\"https:\\\/\\\/bulaoutdoor.nl\\\/\"},{\"@type\":\"ListItem\",\"position\":3,\"name\":\"Olsberg Bacan Staaldeur\"}]},{\"@type\":\"WebSite\",\"@id\":\"https:\\\/\\\/bulaoutdoor.nl\\\/#website\",\"url\":\"https:\\\/\\\/bulaoutdoor.nl\\\/\",\"name\":\"Bula Outdoor\",\"description\":\"Voor uw buitenhaard, BBQ, tuinfakkel en houtoven\",\"publisher\":{\"@id\":\"https:\\\/\\\/bulaoutdoor.nl\\\/#organization\"},\"potentialAction\":[{\"@type\":\"SearchAction\",\"target\":{\"@type\":\"EntryPoint\",\"urlTemplate\":\"https:\\\/\\\/bulaoutdoor.nl\\\/?s={search_term_string}\"},\"query-input\":{\"@type\":\"PropertyValueSpecification\",\"valueRequired\":true,\"valueName\":\"search_term_string\"}}],\"inLanguage\":\"fr-FR\"},{\"@type\":\"Organization\",\"@id\":\"https:\\\/\\\/bulaoutdoor.nl\\\/#organization\",\"name\":\"Bula Outdoor\",\"url\":\"https:\\\/\\\/bulaoutdoor.nl\\\/\",\"logo\":{\"@type\":\"ImageObject\",\"inLanguage\":\"fr-FR\",\"@id\":\"https:\\\/\\\/bulaoutdoor.nl\\\/#\\\/schema\\\/logo\\\/image\\\/\",\"url\":\"https:\\\/\\\/www.bulaoutdoor.nl\\\/wp-content\\\/uploads\\\/2018\\\/04\\\/bulaoutdoor-logo.png\",\"contentUrl\":\"https:\\\/\\\/www.bulaoutdoor.nl\\\/wp-content\\\/uploads\\\/2018\\\/04\\\/bulaoutdoor-logo.png\",\"width\":324,\"height\":91,\"caption\":\"Bula Outdoor\"},\"image\":{\"@id\":\"https:\\\/\\\/bulaoutdoor.nl\\\/#\\\/schema\\\/logo\\\/image\\\/\"}}]}<\/script>\n<!-- \/ Yoast SEO plugin. -->","yoast_head_json":{"title":"Porte en acier Olsberg Bacan \u2013 Bula Outdoor","robots":{"index":"index","follow":"follow","max-snippet":"max-snippet:-1","max-image-preview":"max-image-preview:large","max-video-preview":"max-video-preview:-1"},"canonical":"https:\/\/bulaoutdoor.nl\/fr\/produit\/olsberg-bacan-porte-en-acier\/","og_locale":"fr_FR","og_type":"article","og_title":"Olsberg Bacan Staaldeur &#8211; Bula Outdoor","og_description":"Olsberg Bacan Staaldeur Deze mooie houtkachel van Olsberg heeft een hoge ruit. De hoge panoramische ruit met het bewezen schone ruit systeem staat garant voor veel gezellige uren met een perfect zicht op het vuur in deze houtkachel. De Olsberg houtkachel is een mooie ranke kachel die hoogte geeft aan uw kamer. Dankzij dit alles [&hellip;]","og_url":"https:\/\/bulaoutdoor.nl\/fr\/produit\/olsberg-bacan-porte-en-acier\/","og_site_name":"Bula Outdoor","article_modified_time":"2026-04-27T04:58:11+00:00","og_image":[{"width":1400,"height":1400,"url":"https:\/\/bulaoutdoor.nl\/wp-content\/uploads\/2017\/09\/bacan.jpg","type":"image\/jpeg"}],"twitter_card":"summary_large_image","twitter_misc":{"Dur\u00e9e de lecture estim\u00e9e":"2 minutes"},"schema":{"@context":"https:\/\/schema.org","@graph":[{"@type":"WebPage","@id":"https:\/\/bulaoutdoor.nl\/product\/olsberg-bacan-staaldeur\/","url":"https:\/\/bulaoutdoor.nl\/product\/olsberg-bacan-staaldeur\/","name":"Porte en acier Olsberg Bacan \u2013 Bula Outdoor","isPartOf":{"@id":"https:\/\/bulaoutdoor.nl\/#website"},"primaryImageOfPage":{"@id":"https:\/\/bulaoutdoor.nl\/product\/olsberg-bacan-staaldeur\/#primaryimage"},"image":{"@id":"https:\/\/bulaoutdoor.nl\/product\/olsberg-bacan-staaldeur\/#primaryimage"},"thumbnailUrl":"https:\/\/bulaoutdoor.nl\/wp-content\/uploads\/2017\/09\/bacan.jpg","datePublished":"2017-09-15T12:45:19+00:00","dateModified":"2026-04-27T04:58:11+00:00","breadcrumb":{"@id":"https:\/\/bulaoutdoor.nl\/product\/olsberg-bacan-staaldeur\/#breadcrumb"},"inLanguage":"fr-FR","potentialAction":[{"@type":"ReadAction","target":["https:\/\/bulaoutdoor.nl\/product\/olsberg-bacan-staaldeur\/"]}]},{"@type":"ImageObject","inLanguage":"fr-FR","@id":"https:\/\/bulaoutdoor.nl\/product\/olsberg-bacan-staaldeur\/#primaryimage","url":"https:\/\/bulaoutdoor.nl\/wp-content\/uploads\/2017\/09\/bacan.jpg","contentUrl":"https:\/\/bulaoutdoor.nl\/wp-content\/uploads\/2017\/09\/bacan.jpg","width":1400,"height":1400,"caption":"olsberg-bacan-staaldeur-thumbnail"},{"@type":"BreadcrumbList","@id":"https:\/\/bulaoutdoor.nl\/product\/olsberg-bacan-staaldeur\/#breadcrumb","itemListElement":[{"@type":"ListItem","position":1,"name":"Home","item":"https:\/\/bulaoutdoor.nl\/"},{"@type":"ListItem","position":2,"name":"Online BBQ kopen","item":"https:\/\/bulaoutdoor.nl\/"},{"@type":"ListItem","position":3,"name":"Olsberg Bacan Staaldeur"}]},{"@type":"WebSite","@id":"https:\/\/bulaoutdoor.nl\/#website","url":"https:\/\/bulaoutdoor.nl\/","name":"Bula Outdoor","description":"Pour votre chemin\u00e9e ext\u00e9rieure, votre barbecue, votre torche de jardin et votre four \u00e0 bois","publisher":{"@id":"https:\/\/bulaoutdoor.nl\/#organization"},"potentialAction":[{"@type":"SearchAction","target":{"@type":"EntryPoint","urlTemplate":"https:\/\/bulaoutdoor.nl\/?s={search_term_string}"},"query-input":{"@type":"PropertyValueSpecification","valueRequired":true,"valueName":"search_term_string"}}],"inLanguage":"fr-FR"},{"@type":"Organization","@id":"https:\/\/bulaoutdoor.nl\/#organization","name":"Bula Outdoor","url":"https:\/\/bulaoutdoor.nl\/","logo":{"@type":"ImageObject","inLanguage":"fr-FR","@id":"https:\/\/bulaoutdoor.nl\/#\/schema\/logo\/image\/","url":"https:\/\/www.bulaoutdoor.nl\/wp-content\/uploads\/2018\/04\/bulaoutdoor-logo.png","contentUrl":"https:\/\/www.bulaoutdoor.nl\/wp-content\/uploads\/2018\/04\/bulaoutdoor-logo.png","width":324,"height":91,"caption":"Bula Outdoor"},"image":{"@id":"https:\/\/bulaoutdoor.nl\/#\/schema\/logo\/image\/"}}]}},"jetpack_sharing_enabled":true,"_links":{"self":[{"href":"https:\/\/bulaoutdoor.nl\/fr\/wp-json\/wp\/v2\/product\/79210","targetHints":{"allow":["GET"]}}],"collection":[{"href":"https:\/\/bulaoutdoor.nl\/fr\/wp-json\/wp\/v2\/product"}],"about":[{"href":"https:\/\/bulaoutdoor.nl\/fr\/wp-json\/wp\/v2\/types\/product"}],"replies":[{"embeddable":true,"href":"https:\/\/bulaoutdoor.nl\/fr\/wp-json\/wp\/v2\/comments?post=79210"}],"wp:featuredmedia":[{"embeddable":true,"href":"https:\/\/bulaoutdoor.nl\/fr\/wp-json\/wp\/v2\/media\/79211"}],"wp:attachment":[{"href":"https:\/\/bulaoutdoor.nl\/fr\/wp-json\/wp\/v2\/media?parent=79210"}],"wp:term":[{"taxonomy":"product_brand","embeddable":true,"href":"https:\/\/bulaoutdoor.nl\/fr\/wp-json\/wp\/v2\/product_brand?post=79210"},{"taxonomy":"product_cat","embeddable":true,"href":"https:\/\/bulaoutdoor.nl\/fr\/wp-json\/wp\/v2\/product_cat?post=79210"},{"taxonomy":"product_tag","embeddable":true,"href":"https:\/\/bulaoutdoor.nl\/fr\/wp-json\/wp\/v2\/product_tag?post=79210"}],"curies":[{"name":"wp","href":"https:\/\/api.w.org\/{rel}","templated":true}]}}