{"id":79710,"date":"2022-03-31T10:20:32","date_gmt":"2022-03-31T10:20:32","guid":{"rendered":"https:\/\/bulaoutdoor.nl\/product\/nestor-martin-h13-houtkachel-5\/"},"modified":"2026-04-05T04:48:43","modified_gmt":"2026-04-05T04:48:43","slug":"nestor-martin-h13-poele-a-bois-5","status":"publish","type":"product","link":"https:\/\/bulaoutdoor.nl\/fr\/product\/nestor-martin-h13-houtkachel-5\/","title":{"rendered":"Po\u00eale \u00e0 bois Nestor Martin H13"},"content":{"rendered":"<h2>Nestor Martin H13<\/h2>\n<p>Le pr\u00e9sent&nbsp;<a href=\"https:\/\/www.haveverwarming.nl\/nestormartin\" target=\"_blank\" rel=\"noopener\">Nestor Martin<\/a>&nbsp;H13&nbsp;<a href=\"https:\/\/www.haveverwarming.nl\/kachels\/hout\" target=\"_blank\" rel=\"noopener\">po\u00eale \u00e0 bois<\/a>&nbsp;combine la classe intemporelle de la&nbsp;<a href=\"https:\/\/www.haveverwarming.nl\/kachels\/nestor-martin-hout-stanford\" target=\"_blank\" rel=\"noopener\">Stanford<\/a>&nbsp;La technologie Woodbox de Nestor Martin permet de contr\u00f4ler facilement la chaleur et le confort, elle offre \u00e9galement des avantages techniques exceptionnels :<\/p>\n<h3>Bo\u00eete \u00e0 bois<\/h3>\n<p>- Combinaison int\u00e9gr\u00e9e de combustion primaire et secondaire<br \/>- Excellente efficacit\u00e9<br \/>- Contr\u00f4le pr\u00e9cis du taux de combustion dans le po\u00eale<br \/>- Syst\u00e8me de lavage \u00e0 l'air pour une fen\u00eatre toujours propre<br \/>- Alimentation en air suppl\u00e9mentaire pour faciliter l'allumage<br \/>- Corps de chauffe en fonte dans un bo\u00eetier en acier soud\u00e9 \u00e9tanche \u00e0 l'air<br \/>- Fonctionnement manuel simple<\/p>\n<h3>T\u00e9l\u00e9commande<\/h3>\n<p>Cette t\u00e9l\u00e9commande peut \u00eatre utilis\u00e9e en mode \"manuel\" ou \"automatique\". Lorsque vous utilisez la t\u00e9l\u00e9commande manuellement, vous pouvez appuyer sur les boutons + et - pour r\u00e9gler l'intensit\u00e9 du feu, simplement en augmentant ou en diminuant l'apport d'air. Ces boutons peuvent \u00eatre utilis\u00e9s pour ajuster ces r\u00e9glages \u00e0 tout moment, comme vous le feriez pour le r\u00e9glage manuel de l'air. En mode automatique, vous pouvez r\u00e9gler la temp\u00e9rature de la pi\u00e8ce. Le capteur int\u00e9gr\u00e9 surveillera et ajustera automatiquement la temp\u00e9rature de la pi\u00e8ce en fonction du po\u00eale. La t\u00e9l\u00e9commande Nestor Martin vous offre plus de confort et de flexibilit\u00e9 que jamais.<\/p>\n<h3>Centre d'exp\u00e9rience<\/h3>\n<p>Visitez-nous bient\u00f4t dans notre&nbsp;<a href=\"https:\/\/www.haveverwarming.nl\/experiencecenter\" target=\"_blank\" rel=\"noopener\">Centre d'exp\u00e9rience<\/a>&nbsp;Pour admirer diff\u00e9rents po\u00eales.<\/p>\n<p>T\u00e9l\u00e9chargements de produits<\/p>\n<ul>\n<li><a class=\"download file\" href=\"https:\/\/www.haveverwarming.nl\/amfile\/file\/download\/file\/8233\/product\/1830\/\" target=\"_blank\"><span>Brochure Nestor Martin 2024<\/span><\/a><\/li>\n<li><a class=\"download file\" href=\"https:\/\/www.haveverwarming.nl\/amfile\/file\/download\/file\/5648\/product\/1830\/\" target=\"_blank\"><span>Label \u00e9nerg\u00e9tique Nestor Martin H13<\/span><\/a><\/li>\n<li><a class=\"download file\" href=\"https:\/\/www.haveverwarming.nl\/amfile\/file\/download\/file\/5649\/product\/1830\/\" target=\"_blank\"><span>Manuel Nestor Martin H13<\/span><\/a><\/li>\n<li><a class=\"download file\" href=\"https:\/\/www.haveverwarming.nl\/amfile\/file\/download\/file\/6585\/product\/1830\/\" target=\"_blank\"><span>Brochure sur le tir responsable<\/span><\/a><\/li>\n<li><a class=\"download file\" href=\"https:\/\/www.haveverwarming.nl\/amfile\/file\/download\/file\/9292\/product\/1830\/\" target=\"_blank\"><span>Dessin au trait H13<\/span><\/a><\/li>\n<li><a class=\"download file\" href=\"https:\/\/www.haveverwarming.nl\/productpdf\/download\/file\/id\/1830\/name\/Nestor_Martin_H13_houtkachel.pdf\/\" target=\"_blank\"><span>T\u00e9l\u00e9charger la fiche technique<\/span><\/a><\/li>\n<\/ul>","protected":false},"excerpt":{"rendered":"<p>Nestor Martin H13 Deze&nbsp;Nestor Martin&nbsp;H13&nbsp;houtkachel&nbsp;combineert de tijdloze klasse van de&nbsp;Stanford&nbsp;met de gepatenteerde Woodbox technologie* en een optionele afstandsbediening.**&nbsp;De Nestor Martin Woodbox technologie maakt het mogelijk dat u op eenvoudige wijze de warmte en het comfort kunt regelen,&nbsp;het biedt ook enkele uitzonderlijke technische voordelen: Woodbox &#8211; Ge\u00efntegreerde combinatie van primaire en secundaire verbranding&#8211; Uitstekende effici\u00ebntie&#8211; Exacte [&hellip;]<\/p>\n","protected":false},"featured_media":97349,"comment_status":"open","ping_status":"closed","template":"","meta":{"_acf_changed":false},"product_brand":[],"product_cat":[1092],"product_tag":[],"class_list":{"0":"post-79710","1":"product","2":"type-product","3":"status-publish","4":"has-post-thumbnail","6":"product_cat-vrijstaande-houtkachels","8":"first","9":"instock","10":"taxable","11":"shipping-taxable","12":"purchasable","13":"product-type-simple"},"acf":[],"yoast_head":"<!-- This site is optimized with the Yoast SEO plugin v27.3 - https:\/\/yoast.com\/product\/yoast-seo-wordpress\/ -->\n<title>Nestor Martin H13 houtkachel &#8211; Bula Outdoor<\/title>\n<meta name=\"robots\" content=\"index, follow, max-snippet:-1, max-image-preview:large, max-video-preview:-1\" \/>\n<link rel=\"canonical\" href=\"https:\/\/bulaoutdoor.nl\/fr\/produit\/nestor-martin-h13-poele-a-bois-5\/\" \/>\n<meta property=\"og:locale\" content=\"fr_FR\" \/>\n<meta property=\"og:type\" content=\"article\" \/>\n<meta property=\"og:title\" content=\"Nestor Martin H13 houtkachel &#8211; Bula Outdoor\" \/>\n<meta property=\"og:description\" content=\"Nestor Martin H13 Deze&nbsp;Nestor Martin&nbsp;H13&nbsp;houtkachel&nbsp;combineert de tijdloze klasse van de&nbsp;Stanford&nbsp;met de gepatenteerde Woodbox technologie* en een optionele afstandsbediening.**&nbsp;De Nestor Martin Woodbox technologie maakt het mogelijk dat u op eenvoudige wijze de warmte en het comfort kunt regelen,&nbsp;het biedt ook enkele uitzonderlijke technische voordelen: Woodbox &#8211; Ge\u00efntegreerde combinatie van primaire en secundaire verbranding&#8211; Uitstekende effici\u00ebntie&#8211; Exacte [&hellip;]\" \/>\n<meta property=\"og:url\" content=\"https:\/\/bulaoutdoor.nl\/fr\/produit\/nestor-martin-h13-poele-a-bois-5\/\" \/>\n<meta property=\"og:site_name\" content=\"Bula Outdoor\" \/>\n<meta property=\"article:modified_time\" content=\"2026-04-05T04:48:43+00:00\" \/>\n<meta property=\"og:image\" content=\"https:\/\/bulaoutdoor.nl\/wp-content\/uploads\/2022\/03\/nestor_martin_h13-1.jpg\" \/>\n\t<meta property=\"og:image:width\" content=\"1000\" \/>\n\t<meta property=\"og:image:height\" content=\"1000\" \/>\n\t<meta property=\"og:image:type\" content=\"image\/jpeg\" \/>\n<meta name=\"twitter:card\" content=\"summary_large_image\" \/>\n<meta name=\"twitter:label1\" content=\"Dur\u00e9e de lecture estim\u00e9e\" \/>\n\t<meta name=\"twitter:data1\" content=\"2 minutes\" \/>\n<script type=\"application\/ld+json\" class=\"yoast-schema-graph\">{\"@context\":\"https:\\\/\\\/schema.org\",\"@graph\":[{\"@type\":\"WebPage\",\"@id\":\"https:\\\/\\\/bulaoutdoor.nl\\\/product\\\/nestor-martin-h13-houtkachel-5\\\/\",\"url\":\"https:\\\/\\\/bulaoutdoor.nl\\\/product\\\/nestor-martin-h13-houtkachel-5\\\/\",\"name\":\"Nestor Martin H13 houtkachel &#8211; Bula Outdoor\",\"isPartOf\":{\"@id\":\"https:\\\/\\\/bulaoutdoor.nl\\\/#website\"},\"primaryImageOfPage\":{\"@id\":\"https:\\\/\\\/bulaoutdoor.nl\\\/product\\\/nestor-martin-h13-houtkachel-5\\\/#primaryimage\"},\"image\":{\"@id\":\"https:\\\/\\\/bulaoutdoor.nl\\\/product\\\/nestor-martin-h13-houtkachel-5\\\/#primaryimage\"},\"thumbnailUrl\":\"https:\\\/\\\/bulaoutdoor.nl\\\/wp-content\\\/uploads\\\/2022\\\/03\\\/nestor_martin_h13-1.jpg\",\"datePublished\":\"2022-03-31T10:20:32+00:00\",\"dateModified\":\"2026-04-05T04:48:43+00:00\",\"breadcrumb\":{\"@id\":\"https:\\\/\\\/bulaoutdoor.nl\\\/product\\\/nestor-martin-h13-houtkachel-5\\\/#breadcrumb\"},\"inLanguage\":\"fr-FR\",\"potentialAction\":[{\"@type\":\"ReadAction\",\"target\":[\"https:\\\/\\\/bulaoutdoor.nl\\\/product\\\/nestor-martin-h13-houtkachel-5\\\/\"]}]},{\"@type\":\"ImageObject\",\"inLanguage\":\"fr-FR\",\"@id\":\"https:\\\/\\\/bulaoutdoor.nl\\\/product\\\/nestor-martin-h13-houtkachel-5\\\/#primaryimage\",\"url\":\"https:\\\/\\\/bulaoutdoor.nl\\\/wp-content\\\/uploads\\\/2022\\\/03\\\/nestor_martin_h13-1.jpg\",\"contentUrl\":\"https:\\\/\\\/bulaoutdoor.nl\\\/wp-content\\\/uploads\\\/2022\\\/03\\\/nestor_martin_h13-1.jpg\",\"width\":1000,\"height\":1000,\"caption\":\"nestor-martin-h13-houtkachel-thumbnail\"},{\"@type\":\"BreadcrumbList\",\"@id\":\"https:\\\/\\\/bulaoutdoor.nl\\\/product\\\/nestor-martin-h13-houtkachel-5\\\/#breadcrumb\",\"itemListElement\":[{\"@type\":\"ListItem\",\"position\":1,\"name\":\"Home\",\"item\":\"https:\\\/\\\/bulaoutdoor.nl\\\/\"},{\"@type\":\"ListItem\",\"position\":2,\"name\":\"Online BBQ kopen\",\"item\":\"https:\\\/\\\/bulaoutdoor.nl\\\/\"},{\"@type\":\"ListItem\",\"position\":3,\"name\":\"Nestor Martin H13 houtkachel\"}]},{\"@type\":\"WebSite\",\"@id\":\"https:\\\/\\\/bulaoutdoor.nl\\\/#website\",\"url\":\"https:\\\/\\\/bulaoutdoor.nl\\\/\",\"name\":\"Bula Outdoor\",\"description\":\"Voor uw buitenhaard, BBQ, tuinfakkel en houtoven\",\"publisher\":{\"@id\":\"https:\\\/\\\/bulaoutdoor.nl\\\/#organization\"},\"potentialAction\":[{\"@type\":\"SearchAction\",\"target\":{\"@type\":\"EntryPoint\",\"urlTemplate\":\"https:\\\/\\\/bulaoutdoor.nl\\\/?s={search_term_string}\"},\"query-input\":{\"@type\":\"PropertyValueSpecification\",\"valueRequired\":true,\"valueName\":\"search_term_string\"}}],\"inLanguage\":\"fr-FR\"},{\"@type\":\"Organization\",\"@id\":\"https:\\\/\\\/bulaoutdoor.nl\\\/#organization\",\"name\":\"Bula Outdoor\",\"url\":\"https:\\\/\\\/bulaoutdoor.nl\\\/\",\"logo\":{\"@type\":\"ImageObject\",\"inLanguage\":\"fr-FR\",\"@id\":\"https:\\\/\\\/bulaoutdoor.nl\\\/#\\\/schema\\\/logo\\\/image\\\/\",\"url\":\"https:\\\/\\\/www.bulaoutdoor.nl\\\/wp-content\\\/uploads\\\/2018\\\/04\\\/bulaoutdoor-logo.png\",\"contentUrl\":\"https:\\\/\\\/www.bulaoutdoor.nl\\\/wp-content\\\/uploads\\\/2018\\\/04\\\/bulaoutdoor-logo.png\",\"width\":324,\"height\":91,\"caption\":\"Bula Outdoor\"},\"image\":{\"@id\":\"https:\\\/\\\/bulaoutdoor.nl\\\/#\\\/schema\\\/logo\\\/image\\\/\"}}]}<\/script>\n<!-- \/ Yoast SEO plugin. -->","yoast_head_json":{"title":"Po\u00eale \u00e0 bois Nestor Martin H13 - Bula Outdoor","robots":{"index":"index","follow":"follow","max-snippet":"max-snippet:-1","max-image-preview":"max-image-preview:large","max-video-preview":"max-video-preview:-1"},"canonical":"https:\/\/bulaoutdoor.nl\/fr\/produit\/nestor-martin-h13-poele-a-bois-5\/","og_locale":"fr_FR","og_type":"article","og_title":"Nestor Martin H13 houtkachel &#8211; Bula Outdoor","og_description":"Nestor Martin H13 Deze&nbsp;Nestor Martin&nbsp;H13&nbsp;houtkachel&nbsp;combineert de tijdloze klasse van de&nbsp;Stanford&nbsp;met de gepatenteerde Woodbox technologie* en een optionele afstandsbediening.**&nbsp;De Nestor Martin Woodbox technologie maakt het mogelijk dat u op eenvoudige wijze de warmte en het comfort kunt regelen,&nbsp;het biedt ook enkele uitzonderlijke technische voordelen: Woodbox &#8211; Ge\u00efntegreerde combinatie van primaire en secundaire verbranding&#8211; Uitstekende effici\u00ebntie&#8211; Exacte [&hellip;]","og_url":"https:\/\/bulaoutdoor.nl\/fr\/produit\/nestor-martin-h13-poele-a-bois-5\/","og_site_name":"Bula Outdoor","article_modified_time":"2026-04-05T04:48:43+00:00","og_image":[{"width":1000,"height":1000,"url":"https:\/\/bulaoutdoor.nl\/wp-content\/uploads\/2022\/03\/nestor_martin_h13-1.jpg","type":"image\/jpeg"}],"twitter_card":"summary_large_image","twitter_misc":{"Dur\u00e9e de lecture estim\u00e9e":"2 minutes"},"schema":{"@context":"https:\/\/schema.org","@graph":[{"@type":"WebPage","@id":"https:\/\/bulaoutdoor.nl\/product\/nestor-martin-h13-houtkachel-5\/","url":"https:\/\/bulaoutdoor.nl\/product\/nestor-martin-h13-houtkachel-5\/","name":"Po\u00eale \u00e0 bois Nestor Martin H13 - Bula Outdoor","isPartOf":{"@id":"https:\/\/bulaoutdoor.nl\/#website"},"primaryImageOfPage":{"@id":"https:\/\/bulaoutdoor.nl\/product\/nestor-martin-h13-houtkachel-5\/#primaryimage"},"image":{"@id":"https:\/\/bulaoutdoor.nl\/product\/nestor-martin-h13-houtkachel-5\/#primaryimage"},"thumbnailUrl":"https:\/\/bulaoutdoor.nl\/wp-content\/uploads\/2022\/03\/nestor_martin_h13-1.jpg","datePublished":"2022-03-31T10:20:32+00:00","dateModified":"2026-04-05T04:48:43+00:00","breadcrumb":{"@id":"https:\/\/bulaoutdoor.nl\/product\/nestor-martin-h13-houtkachel-5\/#breadcrumb"},"inLanguage":"fr-FR","potentialAction":[{"@type":"ReadAction","target":["https:\/\/bulaoutdoor.nl\/product\/nestor-martin-h13-houtkachel-5\/"]}]},{"@type":"ImageObject","inLanguage":"fr-FR","@id":"https:\/\/bulaoutdoor.nl\/product\/nestor-martin-h13-houtkachel-5\/#primaryimage","url":"https:\/\/bulaoutdoor.nl\/wp-content\/uploads\/2022\/03\/nestor_martin_h13-1.jpg","contentUrl":"https:\/\/bulaoutdoor.nl\/wp-content\/uploads\/2022\/03\/nestor_martin_h13-1.jpg","width":1000,"height":1000,"caption":"nestor-martin-h13-houtkachel-thumbnail"},{"@type":"BreadcrumbList","@id":"https:\/\/bulaoutdoor.nl\/product\/nestor-martin-h13-houtkachel-5\/#breadcrumb","itemListElement":[{"@type":"ListItem","position":1,"name":"Home","item":"https:\/\/bulaoutdoor.nl\/"},{"@type":"ListItem","position":2,"name":"Online BBQ kopen","item":"https:\/\/bulaoutdoor.nl\/"},{"@type":"ListItem","position":3,"name":"Nestor Martin H13 houtkachel"}]},{"@type":"WebSite","@id":"https:\/\/bulaoutdoor.nl\/#website","url":"https:\/\/bulaoutdoor.nl\/","name":"Bula Outdoor","description":"Pour votre chemin\u00e9e ext\u00e9rieure, votre barbecue, votre torche de jardin et votre four \u00e0 bois","publisher":{"@id":"https:\/\/bulaoutdoor.nl\/#organization"},"potentialAction":[{"@type":"SearchAction","target":{"@type":"EntryPoint","urlTemplate":"https:\/\/bulaoutdoor.nl\/?s={search_term_string}"},"query-input":{"@type":"PropertyValueSpecification","valueRequired":true,"valueName":"search_term_string"}}],"inLanguage":"fr-FR"},{"@type":"Organization","@id":"https:\/\/bulaoutdoor.nl\/#organization","name":"Bula Outdoor","url":"https:\/\/bulaoutdoor.nl\/","logo":{"@type":"ImageObject","inLanguage":"fr-FR","@id":"https:\/\/bulaoutdoor.nl\/#\/schema\/logo\/image\/","url":"https:\/\/www.bulaoutdoor.nl\/wp-content\/uploads\/2018\/04\/bulaoutdoor-logo.png","contentUrl":"https:\/\/www.bulaoutdoor.nl\/wp-content\/uploads\/2018\/04\/bulaoutdoor-logo.png","width":324,"height":91,"caption":"Bula Outdoor"},"image":{"@id":"https:\/\/bulaoutdoor.nl\/#\/schema\/logo\/image\/"}}]}},"jetpack_sharing_enabled":true,"_links":{"self":[{"href":"https:\/\/bulaoutdoor.nl\/fr\/wp-json\/wp\/v2\/product\/79710","targetHints":{"allow":["GET"]}}],"collection":[{"href":"https:\/\/bulaoutdoor.nl\/fr\/wp-json\/wp\/v2\/product"}],"about":[{"href":"https:\/\/bulaoutdoor.nl\/fr\/wp-json\/wp\/v2\/types\/product"}],"replies":[{"embeddable":true,"href":"https:\/\/bulaoutdoor.nl\/fr\/wp-json\/wp\/v2\/comments?post=79710"}],"wp:featuredmedia":[{"embeddable":true,"href":"https:\/\/bulaoutdoor.nl\/fr\/wp-json\/wp\/v2\/media\/97349"}],"wp:attachment":[{"href":"https:\/\/bulaoutdoor.nl\/fr\/wp-json\/wp\/v2\/media?parent=79710"}],"wp:term":[{"taxonomy":"product_brand","embeddable":true,"href":"https:\/\/bulaoutdoor.nl\/fr\/wp-json\/wp\/v2\/product_brand?post=79710"},{"taxonomy":"product_cat","embeddable":true,"href":"https:\/\/bulaoutdoor.nl\/fr\/wp-json\/wp\/v2\/product_cat?post=79710"},{"taxonomy":"product_tag","embeddable":true,"href":"https:\/\/bulaoutdoor.nl\/fr\/wp-json\/wp\/v2\/product_tag?post=79710"}],"curies":[{"name":"wp","href":"https:\/\/api.w.org\/{rel}","templated":true}]}}