{"id":79756,"date":"2025-10-22T14:10:25","date_gmt":"2025-10-22T14:10:25","guid":{"rendered":"https:\/\/bulaoutdoor.nl\/product\/charlton-jenrick-fireline-woodtec-5-kw-xw-extra-breed-564-mm-1\/"},"modified":"2026-04-04T04:22:26","modified_gmt":"2026-04-04T04:22:26","slug":"charlton-jenrick-fireline-woodtec-5-kw-xw-extra-large-564-mm-1","status":"publish","type":"product","link":"https:\/\/bulaoutdoor.nl\/fr\/product\/charlton-jenrick-fireline-woodtec-5-kw-xw-extra-breed-564-mm-1\/","title":{"rendered":"Charlton &amp; Jenrick Fireline Woodtec 8 kW foyer \u00e0 double vitrage"},"content":{"rendered":"<h3>Charlton &amp; Jenrick Fireline Woodtec 8 kW foyer \u00e0 double vitrage<\/h3>\n<h4><strong>Deux c\u00f4t\u00e9s de feu, deux fois plus d'ambiance<\/strong><\/h4>\n<p class=\"p3\">Le po\u00eale \u00e0 bois Fireline Woodtec 8 kW est un v\u00e9ritable accroche-regard. Gr\u00e2ce \u00e0 ses vitres des deux c\u00f4t\u00e9s, vous pouvez profiter du jeu des flammes depuis deux c\u00f4t\u00e9s \u00e0 la fois, ce qui est id\u00e9al entre le salon et la salle \u00e0 manger ou dans un espace de vie ouvert. Les portes en fonte et les finitions \u00e9pur\u00e9es conf\u00e8rent \u00e0 ce po\u00eale \u00e0 bois un look moderne et robuste.<br \/>Ne choisissez que le meilleur avec les po\u00eales Woodtec de <a href=\"https:\/\/www.haveverwarming.nl\/kachels\/charlton-jenrick-fireline\" target=\"_blank\" rel=\"noopener\">Ligne de feu<\/a>.<\/p>\n<h4><strong>Puissant, \u00e9l\u00e9gant et efficace<\/strong><\/h4>\n<p class=\"p3\">Avec une puissance de 8 kW, le Woodtec chauffe sans effort les grandes pi\u00e8ces. Son rendement de 76,7 % garantit une chaleur agr\u00e9able et homog\u00e8ne. Le po\u00eale est conforme \u00e0 la norme Ecodesign et dispose de portes en fonte de haute qualit\u00e9 pour une longue dur\u00e9e de vie.<\/p>\n<h4><strong>D\u00e9couvrez-le dans notre Experience Center<\/strong><\/h4>\n<p class=\"p3\">Vous souhaitez d\u00e9couvrir \u00e0 quoi ressemble le foyer \u00e0 double face Charlton &amp; Jenrick Fireline Woodtec 8 kW ? Dans notre<strong> <\/strong><span class=\"s2\">Centre d'exp\u00e9rience \u00e0 Lunteren t<\/span>Nous proposons diff\u00e9rents mod\u00e8les de Charlton &amp; Jenrick, dont celui-ci ! Venez d\u00e9couvrir par vous-m\u00eame l'ambiance, le feu et les finitions. Nos conseillers se feront un plaisir de vous aider en vous prodiguant des conseils personnalis\u00e9s.<\/p>\n<p>T\u00e9l\u00e9chargements de produits<\/p>\n<ul>\n<li><a class=\"download file\" href=\"https:\/\/www.haveverwarming.nl\/amfile\/file\/download\/file\/9102\/product\/2444\/\" target=\"_blank\"><span>Dessins au trait Woodtec Doorkijk 8 kW<\/span><\/a><\/li>\n<li><a class=\"download file\" href=\"https:\/\/www.haveverwarming.nl\/amfile\/file\/download\/file\/9103\/product\/2444\/\" target=\"_blank\"><span>Manuel Woodtec Doorkijk 8 kW<\/span><\/a><\/li>\n<li><a class=\"download file\" href=\"https:\/\/www.haveverwarming.nl\/amfile\/file\/download\/file\/4307\/product\/2444\/\" target=\"_blank\"><span>Instructions de montage de l'ensemble d'alimentation en air<\/span><\/a><\/li>\n<li><a class=\"download file\" href=\"https:\/\/www.haveverwarming.nl\/amfile\/file\/download\/file\/6422\/product\/2444\/\" target=\"_blank\"><span>Brochure sur le tir responsable<\/span><\/a><\/li>\n<li><a class=\"download file\" href=\"https:\/\/www.haveverwarming.nl\/amfile\/file\/download\/file\/9086\/product\/2444\/\" target=\"_blank\"><span>Brochure C&amp;J Bois 2025<\/span><\/a><\/li>\n<li><a class=\"download file\" href=\"https:\/\/www.haveverwarming.nl\/amfile\/file\/download\/file\/9105\/product\/2444\/\" target=\"_blank\"><span>Woodtec 8 kW Foyer \u00e0 double vitrage Label \u00e9nerg\u00e9tique<\/span><\/a><\/li>\n<li><a class=\"download file\" href=\"https:\/\/www.haveverwarming.nl\/productpdf\/download\/file\/id\/2444\/name\/Charlton_%2526_Jenrick_Fireline_Woodtec_8_kW_doorkijk_haard.pdf\/\" target=\"_blank\"><span>T\u00e9l\u00e9charger la fiche technique<\/span><\/a><\/li>\n<\/ul>","protected":false},"excerpt":{"rendered":"<p>Charlton &amp; Jenrick Fireline Woodtec 8 kW doorkijk haard Twee kanten vuur, dubbel zoveel sfeer De Fireline Woodtec 8 kW doorkijkhaard is een echte blikvanger. Dankzij het glas aan beide zijden geniet u van het vlammenspel vanuit twee kanten tegelijk, ideaal tussen woon en eetkamer of in een open leefruimte. De gietijzeren deuren en strakke [&hellip;]<\/p>\n","protected":false},"featured_media":79757,"comment_status":"open","ping_status":"closed","template":"","meta":{"_acf_changed":false},"product_brand":[],"product_cat":[1092],"product_tag":[],"class_list":{"0":"post-79756","1":"product","2":"type-product","3":"status-publish","4":"has-post-thumbnail","6":"product_cat-vrijstaande-houtkachels","8":"first","9":"instock","10":"taxable","11":"shipping-taxable","12":"purchasable","13":"product-type-simple"},"acf":[],"yoast_head":"<!-- This site is optimized with the Yoast SEO plugin v27.3 - https:\/\/yoast.com\/product\/yoast-seo-wordpress\/ -->\n<title>Charlton &amp; Jenrick Fireline Woodtec 8 kW doorkijk haard &#8211; Bula Outdoor<\/title>\n<meta name=\"robots\" content=\"index, follow, max-snippet:-1, max-image-preview:large, max-video-preview:-1\" \/>\n<link rel=\"canonical\" href=\"https:\/\/bulaoutdoor.nl\/fr\/produit\/charlton-jenrick-fireline-woodtec-5-kw-xw-extra-large-564-mm-1\/\" \/>\n<meta property=\"og:locale\" content=\"fr_FR\" \/>\n<meta property=\"og:type\" content=\"article\" \/>\n<meta property=\"og:title\" content=\"Charlton &amp; Jenrick Fireline Woodtec 8 kW doorkijk haard &#8211; Bula Outdoor\" \/>\n<meta property=\"og:description\" content=\"Charlton &amp; Jenrick Fireline Woodtec 8 kW doorkijk haard Twee kanten vuur, dubbel zoveel sfeer De Fireline Woodtec 8 kW doorkijkhaard is een echte blikvanger. Dankzij het glas aan beide zijden geniet u van het vlammenspel vanuit twee kanten tegelijk, ideaal tussen woon en eetkamer of in een open leefruimte. De gietijzeren deuren en strakke [&hellip;]\" \/>\n<meta property=\"og:url\" content=\"https:\/\/bulaoutdoor.nl\/fr\/produit\/charlton-jenrick-fireline-woodtec-5-kw-xw-extra-large-564-mm-1\/\" \/>\n<meta property=\"og:site_name\" content=\"Bula Outdoor\" \/>\n<meta property=\"article:modified_time\" content=\"2026-04-04T04:22:26+00:00\" \/>\n<meta property=\"og:image\" content=\"https:\/\/bulaoutdoor.nl\/wp-content\/uploads\/2025\/10\/woodtec_8kw_double_sided_wood_burning_stove_on_log_store_1400x1400.jpg\" \/>\n\t<meta property=\"og:image:width\" content=\"1400\" \/>\n\t<meta property=\"og:image:height\" content=\"1400\" \/>\n\t<meta property=\"og:image:type\" content=\"image\/jpeg\" \/>\n<meta name=\"twitter:card\" content=\"summary_large_image\" \/>\n<meta name=\"twitter:label1\" content=\"Dur\u00e9e de lecture estim\u00e9e\" \/>\n\t<meta name=\"twitter:data1\" content=\"2 minutes\" \/>\n<script type=\"application\/ld+json\" class=\"yoast-schema-graph\">{\"@context\":\"https:\\\/\\\/schema.org\",\"@graph\":[{\"@type\":\"WebPage\",\"@id\":\"https:\\\/\\\/bulaoutdoor.nl\\\/product\\\/charlton-jenrick-fireline-woodtec-5-kw-xw-extra-breed-564-mm-1\\\/\",\"url\":\"https:\\\/\\\/bulaoutdoor.nl\\\/product\\\/charlton-jenrick-fireline-woodtec-5-kw-xw-extra-breed-564-mm-1\\\/\",\"name\":\"Charlton &amp; Jenrick Fireline Woodtec 8 kW doorkijk haard &#8211; Bula Outdoor\",\"isPartOf\":{\"@id\":\"https:\\\/\\\/bulaoutdoor.nl\\\/#website\"},\"primaryImageOfPage\":{\"@id\":\"https:\\\/\\\/bulaoutdoor.nl\\\/product\\\/charlton-jenrick-fireline-woodtec-5-kw-xw-extra-breed-564-mm-1\\\/#primaryimage\"},\"image\":{\"@id\":\"https:\\\/\\\/bulaoutdoor.nl\\\/product\\\/charlton-jenrick-fireline-woodtec-5-kw-xw-extra-breed-564-mm-1\\\/#primaryimage\"},\"thumbnailUrl\":\"https:\\\/\\\/bulaoutdoor.nl\\\/wp-content\\\/uploads\\\/2025\\\/10\\\/woodtec_8kw_double_sided_wood_burning_stove_on_log_store_1400x1400.jpg\",\"datePublished\":\"2025-10-22T14:10:25+00:00\",\"dateModified\":\"2026-04-04T04:22:26+00:00\",\"breadcrumb\":{\"@id\":\"https:\\\/\\\/bulaoutdoor.nl\\\/product\\\/charlton-jenrick-fireline-woodtec-5-kw-xw-extra-breed-564-mm-1\\\/#breadcrumb\"},\"inLanguage\":\"fr-FR\",\"potentialAction\":[{\"@type\":\"ReadAction\",\"target\":[\"https:\\\/\\\/bulaoutdoor.nl\\\/product\\\/charlton-jenrick-fireline-woodtec-5-kw-xw-extra-breed-564-mm-1\\\/\"]}]},{\"@type\":\"ImageObject\",\"inLanguage\":\"fr-FR\",\"@id\":\"https:\\\/\\\/bulaoutdoor.nl\\\/product\\\/charlton-jenrick-fireline-woodtec-5-kw-xw-extra-breed-564-mm-1\\\/#primaryimage\",\"url\":\"https:\\\/\\\/bulaoutdoor.nl\\\/wp-content\\\/uploads\\\/2025\\\/10\\\/woodtec_8kw_double_sided_wood_burning_stove_on_log_store_1400x1400.jpg\",\"contentUrl\":\"https:\\\/\\\/bulaoutdoor.nl\\\/wp-content\\\/uploads\\\/2025\\\/10\\\/woodtec_8kw_double_sided_wood_burning_stove_on_log_store_1400x1400.jpg\",\"width\":1400,\"height\":1400,\"caption\":\"charlton-jenrick-fireline-woodtec-8-kw-doorkijk-haard-thumbnail\"},{\"@type\":\"BreadcrumbList\",\"@id\":\"https:\\\/\\\/bulaoutdoor.nl\\\/product\\\/charlton-jenrick-fireline-woodtec-5-kw-xw-extra-breed-564-mm-1\\\/#breadcrumb\",\"itemListElement\":[{\"@type\":\"ListItem\",\"position\":1,\"name\":\"Home\",\"item\":\"https:\\\/\\\/bulaoutdoor.nl\\\/\"},{\"@type\":\"ListItem\",\"position\":2,\"name\":\"Online BBQ kopen\",\"item\":\"https:\\\/\\\/bulaoutdoor.nl\\\/\"},{\"@type\":\"ListItem\",\"position\":3,\"name\":\"Charlton &amp; Jenrick Fireline Woodtec 8 kW doorkijk haard\"}]},{\"@type\":\"WebSite\",\"@id\":\"https:\\\/\\\/bulaoutdoor.nl\\\/#website\",\"url\":\"https:\\\/\\\/bulaoutdoor.nl\\\/\",\"name\":\"Bula Outdoor\",\"description\":\"Voor uw buitenhaard, BBQ, tuinfakkel en houtoven\",\"publisher\":{\"@id\":\"https:\\\/\\\/bulaoutdoor.nl\\\/#organization\"},\"potentialAction\":[{\"@type\":\"SearchAction\",\"target\":{\"@type\":\"EntryPoint\",\"urlTemplate\":\"https:\\\/\\\/bulaoutdoor.nl\\\/?s={search_term_string}\"},\"query-input\":{\"@type\":\"PropertyValueSpecification\",\"valueRequired\":true,\"valueName\":\"search_term_string\"}}],\"inLanguage\":\"fr-FR\"},{\"@type\":\"Organization\",\"@id\":\"https:\\\/\\\/bulaoutdoor.nl\\\/#organization\",\"name\":\"Bula Outdoor\",\"url\":\"https:\\\/\\\/bulaoutdoor.nl\\\/\",\"logo\":{\"@type\":\"ImageObject\",\"inLanguage\":\"fr-FR\",\"@id\":\"https:\\\/\\\/bulaoutdoor.nl\\\/#\\\/schema\\\/logo\\\/image\\\/\",\"url\":\"https:\\\/\\\/www.bulaoutdoor.nl\\\/wp-content\\\/uploads\\\/2018\\\/04\\\/bulaoutdoor-logo.png\",\"contentUrl\":\"https:\\\/\\\/www.bulaoutdoor.nl\\\/wp-content\\\/uploads\\\/2018\\\/04\\\/bulaoutdoor-logo.png\",\"width\":324,\"height\":91,\"caption\":\"Bula Outdoor\"},\"image\":{\"@id\":\"https:\\\/\\\/bulaoutdoor.nl\\\/#\\\/schema\\\/logo\\\/image\\\/\"}}]}<\/script>\n<!-- \/ Yoast SEO plugin. -->","yoast_head_json":{"title":"Foyer ouvert Charlton &amp; Jenrick Fireline Woodtec 8 kW \u2013 Bula Outdoor","robots":{"index":"index","follow":"follow","max-snippet":"max-snippet:-1","max-image-preview":"max-image-preview:large","max-video-preview":"max-video-preview:-1"},"canonical":"https:\/\/bulaoutdoor.nl\/fr\/produit\/charlton-jenrick-fireline-woodtec-5-kw-xw-extra-large-564-mm-1\/","og_locale":"fr_FR","og_type":"article","og_title":"Charlton &amp; Jenrick Fireline Woodtec 8 kW doorkijk haard &#8211; Bula Outdoor","og_description":"Charlton &amp; Jenrick Fireline Woodtec 8 kW doorkijk haard Twee kanten vuur, dubbel zoveel sfeer De Fireline Woodtec 8 kW doorkijkhaard is een echte blikvanger. Dankzij het glas aan beide zijden geniet u van het vlammenspel vanuit twee kanten tegelijk, ideaal tussen woon en eetkamer of in een open leefruimte. De gietijzeren deuren en strakke [&hellip;]","og_url":"https:\/\/bulaoutdoor.nl\/fr\/produit\/charlton-jenrick-fireline-woodtec-5-kw-xw-extra-large-564-mm-1\/","og_site_name":"Bula Outdoor","article_modified_time":"2026-04-04T04:22:26+00:00","og_image":[{"width":1400,"height":1400,"url":"https:\/\/bulaoutdoor.nl\/wp-content\/uploads\/2025\/10\/woodtec_8kw_double_sided_wood_burning_stove_on_log_store_1400x1400.jpg","type":"image\/jpeg"}],"twitter_card":"summary_large_image","twitter_misc":{"Dur\u00e9e de lecture estim\u00e9e":"2 minutes"},"schema":{"@context":"https:\/\/schema.org","@graph":[{"@type":"WebPage","@id":"https:\/\/bulaoutdoor.nl\/product\/charlton-jenrick-fireline-woodtec-5-kw-xw-extra-breed-564-mm-1\/","url":"https:\/\/bulaoutdoor.nl\/product\/charlton-jenrick-fireline-woodtec-5-kw-xw-extra-breed-564-mm-1\/","name":"Foyer ouvert Charlton &amp; Jenrick Fireline Woodtec 8 kW \u2013 Bula Outdoor","isPartOf":{"@id":"https:\/\/bulaoutdoor.nl\/#website"},"primaryImageOfPage":{"@id":"https:\/\/bulaoutdoor.nl\/product\/charlton-jenrick-fireline-woodtec-5-kw-xw-extra-breed-564-mm-1\/#primaryimage"},"image":{"@id":"https:\/\/bulaoutdoor.nl\/product\/charlton-jenrick-fireline-woodtec-5-kw-xw-extra-breed-564-mm-1\/#primaryimage"},"thumbnailUrl":"https:\/\/bulaoutdoor.nl\/wp-content\/uploads\/2025\/10\/woodtec_8kw_double_sided_wood_burning_stove_on_log_store_1400x1400.jpg","datePublished":"2025-10-22T14:10:25+00:00","dateModified":"2026-04-04T04:22:26+00:00","breadcrumb":{"@id":"https:\/\/bulaoutdoor.nl\/product\/charlton-jenrick-fireline-woodtec-5-kw-xw-extra-breed-564-mm-1\/#breadcrumb"},"inLanguage":"fr-FR","potentialAction":[{"@type":"ReadAction","target":["https:\/\/bulaoutdoor.nl\/product\/charlton-jenrick-fireline-woodtec-5-kw-xw-extra-breed-564-mm-1\/"]}]},{"@type":"ImageObject","inLanguage":"fr-FR","@id":"https:\/\/bulaoutdoor.nl\/product\/charlton-jenrick-fireline-woodtec-5-kw-xw-extra-breed-564-mm-1\/#primaryimage","url":"https:\/\/bulaoutdoor.nl\/wp-content\/uploads\/2025\/10\/woodtec_8kw_double_sided_wood_burning_stove_on_log_store_1400x1400.jpg","contentUrl":"https:\/\/bulaoutdoor.nl\/wp-content\/uploads\/2025\/10\/woodtec_8kw_double_sided_wood_burning_stove_on_log_store_1400x1400.jpg","width":1400,"height":1400,"caption":"charlton-jenrick-fireline-woodtec-8-kw-doorkijk-haard-thumbnail"},{"@type":"BreadcrumbList","@id":"https:\/\/bulaoutdoor.nl\/product\/charlton-jenrick-fireline-woodtec-5-kw-xw-extra-breed-564-mm-1\/#breadcrumb","itemListElement":[{"@type":"ListItem","position":1,"name":"Home","item":"https:\/\/bulaoutdoor.nl\/"},{"@type":"ListItem","position":2,"name":"Online BBQ kopen","item":"https:\/\/bulaoutdoor.nl\/"},{"@type":"ListItem","position":3,"name":"Charlton &amp; Jenrick Fireline Woodtec 8 kW doorkijk haard"}]},{"@type":"WebSite","@id":"https:\/\/bulaoutdoor.nl\/#website","url":"https:\/\/bulaoutdoor.nl\/","name":"Bula Outdoor","description":"Pour votre chemin\u00e9e ext\u00e9rieure, votre barbecue, votre torche de jardin et votre four \u00e0 bois","publisher":{"@id":"https:\/\/bulaoutdoor.nl\/#organization"},"potentialAction":[{"@type":"SearchAction","target":{"@type":"EntryPoint","urlTemplate":"https:\/\/bulaoutdoor.nl\/?s={search_term_string}"},"query-input":{"@type":"PropertyValueSpecification","valueRequired":true,"valueName":"search_term_string"}}],"inLanguage":"fr-FR"},{"@type":"Organization","@id":"https:\/\/bulaoutdoor.nl\/#organization","name":"Bula Outdoor","url":"https:\/\/bulaoutdoor.nl\/","logo":{"@type":"ImageObject","inLanguage":"fr-FR","@id":"https:\/\/bulaoutdoor.nl\/#\/schema\/logo\/image\/","url":"https:\/\/www.bulaoutdoor.nl\/wp-content\/uploads\/2018\/04\/bulaoutdoor-logo.png","contentUrl":"https:\/\/www.bulaoutdoor.nl\/wp-content\/uploads\/2018\/04\/bulaoutdoor-logo.png","width":324,"height":91,"caption":"Bula Outdoor"},"image":{"@id":"https:\/\/bulaoutdoor.nl\/#\/schema\/logo\/image\/"}}]}},"jetpack_sharing_enabled":true,"_links":{"self":[{"href":"https:\/\/bulaoutdoor.nl\/fr\/wp-json\/wp\/v2\/product\/79756","targetHints":{"allow":["GET"]}}],"collection":[{"href":"https:\/\/bulaoutdoor.nl\/fr\/wp-json\/wp\/v2\/product"}],"about":[{"href":"https:\/\/bulaoutdoor.nl\/fr\/wp-json\/wp\/v2\/types\/product"}],"replies":[{"embeddable":true,"href":"https:\/\/bulaoutdoor.nl\/fr\/wp-json\/wp\/v2\/comments?post=79756"}],"wp:featuredmedia":[{"embeddable":true,"href":"https:\/\/bulaoutdoor.nl\/fr\/wp-json\/wp\/v2\/media\/79757"}],"wp:attachment":[{"href":"https:\/\/bulaoutdoor.nl\/fr\/wp-json\/wp\/v2\/media?parent=79756"}],"wp:term":[{"taxonomy":"product_brand","embeddable":true,"href":"https:\/\/bulaoutdoor.nl\/fr\/wp-json\/wp\/v2\/product_brand?post=79756"},{"taxonomy":"product_cat","embeddable":true,"href":"https:\/\/bulaoutdoor.nl\/fr\/wp-json\/wp\/v2\/product_cat?post=79756"},{"taxonomy":"product_tag","embeddable":true,"href":"https:\/\/bulaoutdoor.nl\/fr\/wp-json\/wp\/v2\/product_tag?post=79756"}],"curies":[{"name":"wp","href":"https:\/\/api.w.org\/{rel}","templated":true}]}}