{"id":79764,"date":"2025-10-27T11:44:19","date_gmt":"2025-10-27T11:44:19","guid":{"rendered":"https:\/\/bulaoutdoor.nl\/product\/olsberg-muna-plus\/"},"modified":"2026-04-04T04:22:27","modified_gmt":"2026-04-04T04:22:27","slug":"olsberg-muna-plus","status":"publish","type":"product","link":"https:\/\/bulaoutdoor.nl\/fr\/product\/olsberg-muna-plus\/","title":{"rendered":"Olsberg Muna Plus"},"content":{"rendered":"<p class=\"p1\">Les <a href=\"https:\/\/www.haveverwarming.nl\/olsberg\">Olsberg<\/a> Muna Plus est un syst\u00e8me \u00e9l\u00e9gant et efficace. <a href=\"https:\/\/www.haveverwarming.nl\/kachels\/hout\">po\u00eale \u00e0 bois<\/a> qui allie \u00e0 la perfection chaleur et ambiance. Avec une puissance de 6 kW et un rendement sup\u00e9rieur \u00e0 81%, il offre un confort durable et une faible consommation de combustible. Le syst\u00e8me innovant Olsberg Efficiency Control (OEC) optimise automatiquement la combustion et r\u00e9duit les \u00e9missions. Avec son design intemporel et sa technologie de pointe, le Muna est un choix haut de gamme pour chaque habitation.<\/p>\n<p class=\"p1\">La poign\u00e9e ventil\u00e9e garantit un remplissage confortable et s\u00fbr des b\u00fbches. Gr\u00e2ce \u00e0 la ventilation interne, notre poign\u00e9e reste en grande partie froide et peut donc g\u00e9n\u00e9ralement \u00eatre touch\u00e9e sans les gants habituels.<\/p>\n<p class=\"p1\">Le Soft Close (porte compacte) d'Olsberg offre une solution automatique et silencieuse pour fermer la porte de la chambre de combustion. La porte se ferme automatiquement en douceur et sans bruit et reste ferm\u00e9e en permanence. Pour nettoyer le po\u00eale, la porte peut \u00eatre verrouill\u00e9e en position ouverte.&nbsp;<\/p>\n<h3 class=\"p1\">Contr\u00f4leur d'efficacit\u00e9 Olsberg&nbsp;<span class=\"s2\">(OEC)<\/span><\/h3>\n<p class=\"p2\">Les mod\u00e8les Olsberg sont \u00e9quip\u00e9s de s\u00e9rie d'un syst\u00e8me de r\u00e9gulation de combustion avanc\u00e9 pour une diffusion optimale de la chaleur et une utilisation optimale du combustible. Gr\u00e2ce \u00e0 la r\u00e9gulation command\u00e9e par les gaz de combustion et \u00e0 l'alimentation optimis\u00e9e en air de combustion, la combustion est enti\u00e8rement adapt\u00e9e \u00e0 la situation actuelle, ce qui garantit un rendement maximal et des \u00e9missions minimales.<\/p>\n<h3>Voir les po\u00eales Olsberg<\/h3>\n<p>Venez voir les po\u00eales Olsberg dans notre magasin.&nbsp;<a href=\"https:\/\/www.haveverwarming.nl\/experiencecenter\" target=\"_blank\" rel=\"noopener\">Centre d'exp\u00e9rience<\/a> \u00e0 Lunteren. Plusieurs mod\u00e8les Olsberg y sont expos\u00e9s (allum\u00e9s).&nbsp;<\/p>\n<p>T\u00e9l\u00e9chargements de produits<\/p>\n<ul>\n<li><a class=\"download file\" href=\"https:\/\/www.haveverwarming.nl\/amfile\/file\/download\/file\/9165\/product\/2448\/\" target=\"_blank\"><span>Brochure Olsberg bois 2025\/2026<\/span><\/a><\/li>\n<li><a class=\"download file\" href=\"https:\/\/www.haveverwarming.nl\/amfile\/file\/download\/file\/9110\/product\/2448\/\" target=\"_blank\"><span>Label \u00e9nerg\u00e9tique Olsberg Muna<\/span><\/a><\/li>\n<li><a class=\"download file\" href=\"https:\/\/www.haveverwarming.nl\/amfile\/file\/download\/file\/9111\/product\/2448\/\" target=\"_blank\"><span>Dessin au trait Olsberg Muna<\/span><\/a><\/li>\n<li><a class=\"download file\" href=\"https:\/\/www.haveverwarming.nl\/productpdf\/download\/file\/id\/2448\/name\/Olsberg_Muna_Plus.pdf\/\" target=\"_blank\"><span>T\u00e9l\u00e9charger la fiche technique<\/span><\/a><\/li>\n<\/ul>","protected":false},"excerpt":{"rendered":"<p>De Olsberg Muna Plus is een stijlvolle en effici\u00ebnte houtkachel die warmte en sfeer perfect combineert. Met een vermogen van 6 kW en een rendement van meer dan 81% biedt hij langdurig comfort met laag brandstofverbruik. Het innovatieve Olsberg Efficiency Control (OEC) systeem optimaliseert automatisch de verbranding en vermindert emissies. Met zijn tijdloze design en [&hellip;]<\/p>\n","protected":false},"featured_media":79765,"comment_status":"open","ping_status":"closed","template":"","meta":{"_acf_changed":false},"product_brand":[],"product_cat":[1092],"product_tag":[],"class_list":{"0":"post-79764","1":"product","2":"type-product","3":"status-publish","4":"has-post-thumbnail","6":"product_cat-vrijstaande-houtkachels","8":"first","9":"instock","10":"taxable","11":"shipping-taxable","12":"purchasable","13":"product-type-simple"},"acf":[],"yoast_head":"<!-- This site is optimized with the Yoast SEO plugin v27.3 - https:\/\/yoast.com\/product\/yoast-seo-wordpress\/ -->\n<title>Olsberg Muna Plus &#8211; Bula Outdoor<\/title>\n<meta name=\"robots\" content=\"index, follow, max-snippet:-1, max-image-preview:large, max-video-preview:-1\" \/>\n<link rel=\"canonical\" href=\"https:\/\/bulaoutdoor.nl\/fr\/produit\/olsberg-muna-plus\/\" \/>\n<meta property=\"og:locale\" content=\"fr_FR\" \/>\n<meta property=\"og:type\" content=\"article\" \/>\n<meta property=\"og:title\" content=\"Olsberg Muna Plus &#8211; Bula Outdoor\" \/>\n<meta property=\"og:description\" content=\"De Olsberg Muna Plus is een stijlvolle en effici\u00ebnte houtkachel die warmte en sfeer perfect combineert. Met een vermogen van 6 kW en een rendement van meer dan 81% biedt hij langdurig comfort met laag brandstofverbruik. Het innovatieve Olsberg Efficiency Control (OEC) systeem optimaliseert automatisch de verbranding en vermindert emissies. Met zijn tijdloze design en [&hellip;]\" \/>\n<meta property=\"og:url\" content=\"https:\/\/bulaoutdoor.nl\/fr\/produit\/olsberg-muna-plus\/\" \/>\n<meta property=\"og:site_name\" content=\"Bula Outdoor\" \/>\n<meta property=\"article:modified_time\" content=\"2026-04-04T04:22:27+00:00\" \/>\n<meta property=\"og:image\" content=\"https:\/\/bulaoutdoor.nl\/wp-content\/uploads\/2025\/10\/olsbergmunaplus.jpg\" \/>\n\t<meta property=\"og:image:width\" content=\"1400\" \/>\n\t<meta property=\"og:image:height\" content=\"1400\" \/>\n\t<meta property=\"og:image:type\" content=\"image\/jpeg\" \/>\n<meta name=\"twitter:card\" content=\"summary_large_image\" \/>\n<meta name=\"twitter:label1\" content=\"Dur\u00e9e de lecture estim\u00e9e\" \/>\n\t<meta name=\"twitter:data1\" content=\"2 minutes\" \/>\n<script type=\"application\/ld+json\" class=\"yoast-schema-graph\">{\"@context\":\"https:\\\/\\\/schema.org\",\"@graph\":[{\"@type\":\"WebPage\",\"@id\":\"https:\\\/\\\/bulaoutdoor.nl\\\/product\\\/olsberg-muna-plus\\\/\",\"url\":\"https:\\\/\\\/bulaoutdoor.nl\\\/product\\\/olsberg-muna-plus\\\/\",\"name\":\"Olsberg Muna Plus &#8211; Bula Outdoor\",\"isPartOf\":{\"@id\":\"https:\\\/\\\/bulaoutdoor.nl\\\/#website\"},\"primaryImageOfPage\":{\"@id\":\"https:\\\/\\\/bulaoutdoor.nl\\\/product\\\/olsberg-muna-plus\\\/#primaryimage\"},\"image\":{\"@id\":\"https:\\\/\\\/bulaoutdoor.nl\\\/product\\\/olsberg-muna-plus\\\/#primaryimage\"},\"thumbnailUrl\":\"https:\\\/\\\/bulaoutdoor.nl\\\/wp-content\\\/uploads\\\/2025\\\/10\\\/olsbergmunaplus.jpg\",\"datePublished\":\"2025-10-27T11:44:19+00:00\",\"dateModified\":\"2026-04-04T04:22:27+00:00\",\"breadcrumb\":{\"@id\":\"https:\\\/\\\/bulaoutdoor.nl\\\/product\\\/olsberg-muna-plus\\\/#breadcrumb\"},\"inLanguage\":\"fr-FR\",\"potentialAction\":[{\"@type\":\"ReadAction\",\"target\":[\"https:\\\/\\\/bulaoutdoor.nl\\\/product\\\/olsberg-muna-plus\\\/\"]}]},{\"@type\":\"ImageObject\",\"inLanguage\":\"fr-FR\",\"@id\":\"https:\\\/\\\/bulaoutdoor.nl\\\/product\\\/olsberg-muna-plus\\\/#primaryimage\",\"url\":\"https:\\\/\\\/bulaoutdoor.nl\\\/wp-content\\\/uploads\\\/2025\\\/10\\\/olsbergmunaplus.jpg\",\"contentUrl\":\"https:\\\/\\\/bulaoutdoor.nl\\\/wp-content\\\/uploads\\\/2025\\\/10\\\/olsbergmunaplus.jpg\",\"width\":1400,\"height\":1400,\"caption\":\"olsberg-muna-plus-thumbnail\"},{\"@type\":\"BreadcrumbList\",\"@id\":\"https:\\\/\\\/bulaoutdoor.nl\\\/product\\\/olsberg-muna-plus\\\/#breadcrumb\",\"itemListElement\":[{\"@type\":\"ListItem\",\"position\":1,\"name\":\"Home\",\"item\":\"https:\\\/\\\/bulaoutdoor.nl\\\/\"},{\"@type\":\"ListItem\",\"position\":2,\"name\":\"Online BBQ kopen\",\"item\":\"https:\\\/\\\/bulaoutdoor.nl\\\/\"},{\"@type\":\"ListItem\",\"position\":3,\"name\":\"Olsberg Muna Plus\"}]},{\"@type\":\"WebSite\",\"@id\":\"https:\\\/\\\/bulaoutdoor.nl\\\/#website\",\"url\":\"https:\\\/\\\/bulaoutdoor.nl\\\/\",\"name\":\"Bula Outdoor\",\"description\":\"Voor uw buitenhaard, BBQ, tuinfakkel en houtoven\",\"publisher\":{\"@id\":\"https:\\\/\\\/bulaoutdoor.nl\\\/#organization\"},\"potentialAction\":[{\"@type\":\"SearchAction\",\"target\":{\"@type\":\"EntryPoint\",\"urlTemplate\":\"https:\\\/\\\/bulaoutdoor.nl\\\/?s={search_term_string}\"},\"query-input\":{\"@type\":\"PropertyValueSpecification\",\"valueRequired\":true,\"valueName\":\"search_term_string\"}}],\"inLanguage\":\"fr-FR\"},{\"@type\":\"Organization\",\"@id\":\"https:\\\/\\\/bulaoutdoor.nl\\\/#organization\",\"name\":\"Bula Outdoor\",\"url\":\"https:\\\/\\\/bulaoutdoor.nl\\\/\",\"logo\":{\"@type\":\"ImageObject\",\"inLanguage\":\"fr-FR\",\"@id\":\"https:\\\/\\\/bulaoutdoor.nl\\\/#\\\/schema\\\/logo\\\/image\\\/\",\"url\":\"https:\\\/\\\/www.bulaoutdoor.nl\\\/wp-content\\\/uploads\\\/2018\\\/04\\\/bulaoutdoor-logo.png\",\"contentUrl\":\"https:\\\/\\\/www.bulaoutdoor.nl\\\/wp-content\\\/uploads\\\/2018\\\/04\\\/bulaoutdoor-logo.png\",\"width\":324,\"height\":91,\"caption\":\"Bula Outdoor\"},\"image\":{\"@id\":\"https:\\\/\\\/bulaoutdoor.nl\\\/#\\\/schema\\\/logo\\\/image\\\/\"}}]}<\/script>\n<!-- \/ Yoast SEO plugin. -->","yoast_head_json":{"title":"Olsberg Muna Plus \u2013 Bula Outdoor","robots":{"index":"index","follow":"follow","max-snippet":"max-snippet:-1","max-image-preview":"max-image-preview:large","max-video-preview":"max-video-preview:-1"},"canonical":"https:\/\/bulaoutdoor.nl\/fr\/produit\/olsberg-muna-plus\/","og_locale":"fr_FR","og_type":"article","og_title":"Olsberg Muna Plus &#8211; Bula Outdoor","og_description":"De Olsberg Muna Plus is een stijlvolle en effici\u00ebnte houtkachel die warmte en sfeer perfect combineert. Met een vermogen van 6 kW en een rendement van meer dan 81% biedt hij langdurig comfort met laag brandstofverbruik. Het innovatieve Olsberg Efficiency Control (OEC) systeem optimaliseert automatisch de verbranding en vermindert emissies. Met zijn tijdloze design en [&hellip;]","og_url":"https:\/\/bulaoutdoor.nl\/fr\/produit\/olsberg-muna-plus\/","og_site_name":"Bula Outdoor","article_modified_time":"2026-04-04T04:22:27+00:00","og_image":[{"width":1400,"height":1400,"url":"https:\/\/bulaoutdoor.nl\/wp-content\/uploads\/2025\/10\/olsbergmunaplus.jpg","type":"image\/jpeg"}],"twitter_card":"summary_large_image","twitter_misc":{"Dur\u00e9e de lecture estim\u00e9e":"2 minutes"},"schema":{"@context":"https:\/\/schema.org","@graph":[{"@type":"WebPage","@id":"https:\/\/bulaoutdoor.nl\/product\/olsberg-muna-plus\/","url":"https:\/\/bulaoutdoor.nl\/product\/olsberg-muna-plus\/","name":"Olsberg Muna Plus \u2013 Bula Outdoor","isPartOf":{"@id":"https:\/\/bulaoutdoor.nl\/#website"},"primaryImageOfPage":{"@id":"https:\/\/bulaoutdoor.nl\/product\/olsberg-muna-plus\/#primaryimage"},"image":{"@id":"https:\/\/bulaoutdoor.nl\/product\/olsberg-muna-plus\/#primaryimage"},"thumbnailUrl":"https:\/\/bulaoutdoor.nl\/wp-content\/uploads\/2025\/10\/olsbergmunaplus.jpg","datePublished":"2025-10-27T11:44:19+00:00","dateModified":"2026-04-04T04:22:27+00:00","breadcrumb":{"@id":"https:\/\/bulaoutdoor.nl\/product\/olsberg-muna-plus\/#breadcrumb"},"inLanguage":"fr-FR","potentialAction":[{"@type":"ReadAction","target":["https:\/\/bulaoutdoor.nl\/product\/olsberg-muna-plus\/"]}]},{"@type":"ImageObject","inLanguage":"fr-FR","@id":"https:\/\/bulaoutdoor.nl\/product\/olsberg-muna-plus\/#primaryimage","url":"https:\/\/bulaoutdoor.nl\/wp-content\/uploads\/2025\/10\/olsbergmunaplus.jpg","contentUrl":"https:\/\/bulaoutdoor.nl\/wp-content\/uploads\/2025\/10\/olsbergmunaplus.jpg","width":1400,"height":1400,"caption":"olsberg-muna-plus-thumbnail"},{"@type":"BreadcrumbList","@id":"https:\/\/bulaoutdoor.nl\/product\/olsberg-muna-plus\/#breadcrumb","itemListElement":[{"@type":"ListItem","position":1,"name":"Home","item":"https:\/\/bulaoutdoor.nl\/"},{"@type":"ListItem","position":2,"name":"Online BBQ kopen","item":"https:\/\/bulaoutdoor.nl\/"},{"@type":"ListItem","position":3,"name":"Olsberg Muna Plus"}]},{"@type":"WebSite","@id":"https:\/\/bulaoutdoor.nl\/#website","url":"https:\/\/bulaoutdoor.nl\/","name":"Bula Outdoor","description":"Pour votre chemin\u00e9e ext\u00e9rieure, votre barbecue, votre torche de jardin et votre four \u00e0 bois","publisher":{"@id":"https:\/\/bulaoutdoor.nl\/#organization"},"potentialAction":[{"@type":"SearchAction","target":{"@type":"EntryPoint","urlTemplate":"https:\/\/bulaoutdoor.nl\/?s={search_term_string}"},"query-input":{"@type":"PropertyValueSpecification","valueRequired":true,"valueName":"search_term_string"}}],"inLanguage":"fr-FR"},{"@type":"Organization","@id":"https:\/\/bulaoutdoor.nl\/#organization","name":"Bula Outdoor","url":"https:\/\/bulaoutdoor.nl\/","logo":{"@type":"ImageObject","inLanguage":"fr-FR","@id":"https:\/\/bulaoutdoor.nl\/#\/schema\/logo\/image\/","url":"https:\/\/www.bulaoutdoor.nl\/wp-content\/uploads\/2018\/04\/bulaoutdoor-logo.png","contentUrl":"https:\/\/www.bulaoutdoor.nl\/wp-content\/uploads\/2018\/04\/bulaoutdoor-logo.png","width":324,"height":91,"caption":"Bula Outdoor"},"image":{"@id":"https:\/\/bulaoutdoor.nl\/#\/schema\/logo\/image\/"}}]}},"jetpack_sharing_enabled":true,"_links":{"self":[{"href":"https:\/\/bulaoutdoor.nl\/fr\/wp-json\/wp\/v2\/product\/79764","targetHints":{"allow":["GET"]}}],"collection":[{"href":"https:\/\/bulaoutdoor.nl\/fr\/wp-json\/wp\/v2\/product"}],"about":[{"href":"https:\/\/bulaoutdoor.nl\/fr\/wp-json\/wp\/v2\/types\/product"}],"replies":[{"embeddable":true,"href":"https:\/\/bulaoutdoor.nl\/fr\/wp-json\/wp\/v2\/comments?post=79764"}],"wp:featuredmedia":[{"embeddable":true,"href":"https:\/\/bulaoutdoor.nl\/fr\/wp-json\/wp\/v2\/media\/79765"}],"wp:attachment":[{"href":"https:\/\/bulaoutdoor.nl\/fr\/wp-json\/wp\/v2\/media?parent=79764"}],"wp:term":[{"taxonomy":"product_brand","embeddable":true,"href":"https:\/\/bulaoutdoor.nl\/fr\/wp-json\/wp\/v2\/product_brand?post=79764"},{"taxonomy":"product_cat","embeddable":true,"href":"https:\/\/bulaoutdoor.nl\/fr\/wp-json\/wp\/v2\/product_cat?post=79764"},{"taxonomy":"product_tag","embeddable":true,"href":"https:\/\/bulaoutdoor.nl\/fr\/wp-json\/wp\/v2\/product_tag?post=79764"}],"curies":[{"name":"wp","href":"https:\/\/api.w.org\/{rel}","templated":true}]}}