{"id":79775,"date":"2025-12-04T08:49:25","date_gmt":"2025-12-04T08:49:25","guid":{"rendered":"https:\/\/bulaoutdoor.nl\/product\/spartherm-zirkon\/"},"modified":"2026-04-05T04:52:18","modified_gmt":"2026-04-05T04:52:18","slug":"spartherm-zircon","status":"publish","type":"product","link":"https:\/\/bulaoutdoor.nl\/fr\/product\/spartherm-zirkon\/","title":{"rendered":"Spartherm Zirkon"},"content":{"rendered":"<p data-start=\"148\" data-end=\"440\">Rencontrez les <a href=\"https:\/\/www.haveverwarming.nl\/spartherm\">Spartherm<\/a> Zirkon <a href=\"https:\/\/www.haveverwarming.nl\/kachels\/hout\">feu de bois<\/a>Spartherm Lean : un feu de bois intelligent et \u00e9l\u00e9gant qui s'int\u00e8gre parfaitement dans les espaces de vie modernes et compacts gr\u00e2ce \u00e0 son design \u00e9pur\u00e9. Ce mod\u00e8le d'angle de la nouvelle gamme Spartherm Lean (SLS) a \u00e9t\u00e9 sp\u00e9cialement con\u00e7u pour offrir un maximum de chaleur et de flexibilit\u00e9, m\u00eame dans les petites pi\u00e8ces.<\/p>\n<p data-start=\"442\" data-end=\"813\">Le Zirkon peut \u00eatre plac\u00e9 directement contre le mur ; une distance de s\u00e9curit\u00e9 \u00e0 l'arri\u00e8re n'est pas n\u00e9cessaire. La profondeur d'installation exceptionnellement faible et les vitres \u00e9troites en forme de L cr\u00e9ent un appareil mince qui offre n\u00e9anmoins un panorama de feu \u00e9tonnamment large.<\/p>\n<p data-start=\"815\" data-end=\"1170\">Le Zirkon se distingue \u00e9galement sur le plan technique. La vitre en plusieurs parties \u00e0 rev\u00eatement infrarouge garantit des temp\u00e9ratures de combustion plus \u00e9lev\u00e9es, une formation de suie moins importante et une distance de rayonnement plus courte. Ainsi, le bois de chauffage est utilis\u00e9 de mani\u00e8re efficace et la combustion durable est favoris\u00e9e. De plus, le po\u00eale est livr\u00e9 pr\u00e9mont\u00e9, ce qui rend l'installation rapide et facile.<\/p>\n<p data-start=\"1172\" data-end=\"1201\"><strong data-start=\"1172\" data-end=\"1199\">Options de placement<\/strong><\/p>\n<ul data-start=\"1202\" data-end=\"1358\">\n<li data-start=\"1202\" data-end=\"1247\">\n<p data-start=\"1204\" data-end=\"1247\"><strong data-start=\"1204\" data-end=\"1219\">Autonome :<\/strong> paroi arri\u00e8re et lat\u00e9rale laqu\u00e9e<\/p>\n<\/li>\n<li data-start=\"1248\" data-end=\"1306\">\n<p data-start=\"1250\" data-end=\"1306\"><strong data-start=\"1250\" data-end=\"1268\">Contre le mur :<\/strong> panneau lat\u00e9ral peint, panneau arri\u00e8re non peint<\/p>\n<\/li>\n<li data-start=\"1307\" data-end=\"1358\">\n<p data-start=\"1309\" data-end=\"1358\"><strong data-start=\"1309\" data-end=\"1328\">Unit\u00e9 d'angle :<\/strong> panneaux arri\u00e8re et lat\u00e9raux non peints (cette version est plus large de 17 mm \u00e0 l'avant).<\/p>\n<\/li>\n<\/ul>\n<div class=\"text-lg text-primary relative product-description h-auto overflow-visible\">\n<h3>Notre centre d'exp\u00e9rience.<\/h3>\n<p>Dans notre <a href=\"https:\/\/www.haveverwarming.nl\/experiencecenter\" target=\"_blank\" rel=\"noopener\">Centre d'exp\u00e9rience<\/a> \u00e0 Lunteren, plusieurs chemin\u00e9es Spartherm sont expos\u00e9es, vous \u00eates invit\u00e9s \u00e0 venir les voir.<\/p>\n<\/div>\n<p>T\u00e9l\u00e9chargements de produits<\/p>\n<ul>\n<li><a class=\"download file\" href=\"https:\/\/www.haveverwarming.nl\/amfile\/file\/download\/file\/9194\/product\/2454\/\" target=\"_blank\"><span>Dessin au trait Spartherm Zirkon<\/span><\/a><\/li>\n<li><a class=\"download file\" href=\"https:\/\/www.haveverwarming.nl\/amfile\/file\/download\/file\/9196\/product\/2454\/\" target=\"_blank\"><span>Label \u00e9nerg\u00e9tique Spartherm Zirkon<\/span><\/a><\/li>\n<li><a class=\"download file\" href=\"https:\/\/www.haveverwarming.nl\/amfile\/file\/download\/file\/9197\/product\/2454\/\" target=\"_blank\"><span>Instructions d'installation Spartherm Saphir et Zirkon<\/span><\/a><\/li>\n<li><a class=\"download file\" href=\"https:\/\/www.haveverwarming.nl\/amfile\/file\/download\/file\/9195\/product\/2454\/\" target=\"_blank\"><span>Brochure po\u00eales ind\u00e9pendants Spartherm Zirkon<\/span><\/a><\/li>\n<li><a class=\"download file\" href=\"https:\/\/www.haveverwarming.nl\/productpdf\/download\/file\/id\/2454\/name\/Spartherm_Zirkon.pdf\/\" target=\"_blank\"><span>T\u00e9l\u00e9charger la fiche technique<\/span><\/a><\/li>\n<\/ul>","protected":false},"excerpt":{"rendered":"<p>Maak kennis met de Spartherm Zirkon houthaard: een slimme, stijlvolle houthaard die dankzij zijn strakke design perfect past in moderne, compacte woonruimtes. Dit hoekmodel uit de nieuwe Spartherm Lean-serie (SLS) is speciaal ontwikkeld om maximale warmte \u00e9n flexibiliteit te bieden, zelfs in kleinere kamers. De Zirkon kan direct tegen de muur geplaatst worden, een veiligheidsafstand [&hellip;]<\/p>\n","protected":false},"featured_media":79776,"comment_status":"open","ping_status":"closed","template":"","meta":{"_acf_changed":false},"product_brand":[],"product_cat":[1092],"product_tag":[],"class_list":{"0":"post-79775","1":"product","2":"type-product","3":"status-publish","4":"has-post-thumbnail","6":"product_cat-vrijstaande-houtkachels","8":"first","9":"instock","10":"taxable","11":"shipping-taxable","12":"purchasable","13":"product-type-simple"},"acf":[],"yoast_head":"<!-- This site is optimized with the Yoast SEO plugin v27.3 - https:\/\/yoast.com\/product\/yoast-seo-wordpress\/ -->\n<title>Spartherm Zirkon &#8211; Bula Outdoor<\/title>\n<meta name=\"robots\" content=\"index, follow, max-snippet:-1, max-image-preview:large, max-video-preview:-1\" \/>\n<link rel=\"canonical\" href=\"https:\/\/bulaoutdoor.nl\/fr\/produit\/spartherm-zircon\/\" \/>\n<meta property=\"og:locale\" content=\"fr_FR\" \/>\n<meta property=\"og:type\" content=\"article\" \/>\n<meta property=\"og:title\" content=\"Spartherm Zirkon &#8211; Bula Outdoor\" \/>\n<meta property=\"og:description\" content=\"Maak kennis met de Spartherm Zirkon houthaard: een slimme, stijlvolle houthaard die dankzij zijn strakke design perfect past in moderne, compacte woonruimtes. Dit hoekmodel uit de nieuwe Spartherm Lean-serie (SLS) is speciaal ontwikkeld om maximale warmte \u00e9n flexibiliteit te bieden, zelfs in kleinere kamers. De Zirkon kan direct tegen de muur geplaatst worden, een veiligheidsafstand [&hellip;]\" \/>\n<meta property=\"og:url\" content=\"https:\/\/bulaoutdoor.nl\/fr\/produit\/spartherm-zircon\/\" \/>\n<meta property=\"og:site_name\" content=\"Bula Outdoor\" \/>\n<meta property=\"article:modified_time\" content=\"2026-04-05T04:52:18+00:00\" \/>\n<meta property=\"og:image\" content=\"https:\/\/bulaoutdoor.nl\/wp-content\/uploads\/2025\/12\/spartherm-zirkon.jpg\" \/>\n\t<meta property=\"og:image:width\" content=\"1400\" \/>\n\t<meta property=\"og:image:height\" content=\"1400\" \/>\n\t<meta property=\"og:image:type\" content=\"image\/jpeg\" \/>\n<meta name=\"twitter:card\" content=\"summary_large_image\" \/>\n<meta name=\"twitter:label1\" content=\"Dur\u00e9e de lecture estim\u00e9e\" \/>\n\t<meta name=\"twitter:data1\" content=\"2 minutes\" \/>\n<script type=\"application\/ld+json\" class=\"yoast-schema-graph\">{\"@context\":\"https:\\\/\\\/schema.org\",\"@graph\":[{\"@type\":\"WebPage\",\"@id\":\"https:\\\/\\\/bulaoutdoor.nl\\\/product\\\/spartherm-zirkon\\\/\",\"url\":\"https:\\\/\\\/bulaoutdoor.nl\\\/product\\\/spartherm-zirkon\\\/\",\"name\":\"Spartherm Zirkon &#8211; Bula Outdoor\",\"isPartOf\":{\"@id\":\"https:\\\/\\\/bulaoutdoor.nl\\\/#website\"},\"primaryImageOfPage\":{\"@id\":\"https:\\\/\\\/bulaoutdoor.nl\\\/product\\\/spartherm-zirkon\\\/#primaryimage\"},\"image\":{\"@id\":\"https:\\\/\\\/bulaoutdoor.nl\\\/product\\\/spartherm-zirkon\\\/#primaryimage\"},\"thumbnailUrl\":\"https:\\\/\\\/bulaoutdoor.nl\\\/wp-content\\\/uploads\\\/2025\\\/12\\\/spartherm-zirkon.jpg\",\"datePublished\":\"2025-12-04T08:49:25+00:00\",\"dateModified\":\"2026-04-05T04:52:18+00:00\",\"breadcrumb\":{\"@id\":\"https:\\\/\\\/bulaoutdoor.nl\\\/product\\\/spartherm-zirkon\\\/#breadcrumb\"},\"inLanguage\":\"fr-FR\",\"potentialAction\":[{\"@type\":\"ReadAction\",\"target\":[\"https:\\\/\\\/bulaoutdoor.nl\\\/product\\\/spartherm-zirkon\\\/\"]}]},{\"@type\":\"ImageObject\",\"inLanguage\":\"fr-FR\",\"@id\":\"https:\\\/\\\/bulaoutdoor.nl\\\/product\\\/spartherm-zirkon\\\/#primaryimage\",\"url\":\"https:\\\/\\\/bulaoutdoor.nl\\\/wp-content\\\/uploads\\\/2025\\\/12\\\/spartherm-zirkon.jpg\",\"contentUrl\":\"https:\\\/\\\/bulaoutdoor.nl\\\/wp-content\\\/uploads\\\/2025\\\/12\\\/spartherm-zirkon.jpg\",\"width\":1400,\"height\":1400,\"caption\":\"spartherm-zirkon-thumbnail\"},{\"@type\":\"BreadcrumbList\",\"@id\":\"https:\\\/\\\/bulaoutdoor.nl\\\/product\\\/spartherm-zirkon\\\/#breadcrumb\",\"itemListElement\":[{\"@type\":\"ListItem\",\"position\":1,\"name\":\"Home\",\"item\":\"https:\\\/\\\/bulaoutdoor.nl\\\/\"},{\"@type\":\"ListItem\",\"position\":2,\"name\":\"Online BBQ kopen\",\"item\":\"https:\\\/\\\/bulaoutdoor.nl\\\/\"},{\"@type\":\"ListItem\",\"position\":3,\"name\":\"Spartherm Zirkon\"}]},{\"@type\":\"WebSite\",\"@id\":\"https:\\\/\\\/bulaoutdoor.nl\\\/#website\",\"url\":\"https:\\\/\\\/bulaoutdoor.nl\\\/\",\"name\":\"Bula Outdoor\",\"description\":\"Voor uw buitenhaard, BBQ, tuinfakkel en houtoven\",\"publisher\":{\"@id\":\"https:\\\/\\\/bulaoutdoor.nl\\\/#organization\"},\"potentialAction\":[{\"@type\":\"SearchAction\",\"target\":{\"@type\":\"EntryPoint\",\"urlTemplate\":\"https:\\\/\\\/bulaoutdoor.nl\\\/?s={search_term_string}\"},\"query-input\":{\"@type\":\"PropertyValueSpecification\",\"valueRequired\":true,\"valueName\":\"search_term_string\"}}],\"inLanguage\":\"fr-FR\"},{\"@type\":\"Organization\",\"@id\":\"https:\\\/\\\/bulaoutdoor.nl\\\/#organization\",\"name\":\"Bula Outdoor\",\"url\":\"https:\\\/\\\/bulaoutdoor.nl\\\/\",\"logo\":{\"@type\":\"ImageObject\",\"inLanguage\":\"fr-FR\",\"@id\":\"https:\\\/\\\/bulaoutdoor.nl\\\/#\\\/schema\\\/logo\\\/image\\\/\",\"url\":\"https:\\\/\\\/www.bulaoutdoor.nl\\\/wp-content\\\/uploads\\\/2018\\\/04\\\/bulaoutdoor-logo.png\",\"contentUrl\":\"https:\\\/\\\/www.bulaoutdoor.nl\\\/wp-content\\\/uploads\\\/2018\\\/04\\\/bulaoutdoor-logo.png\",\"width\":324,\"height\":91,\"caption\":\"Bula Outdoor\"},\"image\":{\"@id\":\"https:\\\/\\\/bulaoutdoor.nl\\\/#\\\/schema\\\/logo\\\/image\\\/\"}}]}<\/script>\n<!-- \/ Yoast SEO plugin. -->","yoast_head_json":{"title":"Spartherm Zirkon - Bula Outdoor","robots":{"index":"index","follow":"follow","max-snippet":"max-snippet:-1","max-image-preview":"max-image-preview:large","max-video-preview":"max-video-preview:-1"},"canonical":"https:\/\/bulaoutdoor.nl\/fr\/produit\/spartherm-zircon\/","og_locale":"fr_FR","og_type":"article","og_title":"Spartherm Zirkon &#8211; Bula Outdoor","og_description":"Maak kennis met de Spartherm Zirkon houthaard: een slimme, stijlvolle houthaard die dankzij zijn strakke design perfect past in moderne, compacte woonruimtes. Dit hoekmodel uit de nieuwe Spartherm Lean-serie (SLS) is speciaal ontwikkeld om maximale warmte \u00e9n flexibiliteit te bieden, zelfs in kleinere kamers. De Zirkon kan direct tegen de muur geplaatst worden, een veiligheidsafstand [&hellip;]","og_url":"https:\/\/bulaoutdoor.nl\/fr\/produit\/spartherm-zircon\/","og_site_name":"Bula Outdoor","article_modified_time":"2026-04-05T04:52:18+00:00","og_image":[{"width":1400,"height":1400,"url":"https:\/\/bulaoutdoor.nl\/wp-content\/uploads\/2025\/12\/spartherm-zirkon.jpg","type":"image\/jpeg"}],"twitter_card":"summary_large_image","twitter_misc":{"Dur\u00e9e de lecture estim\u00e9e":"2 minutes"},"schema":{"@context":"https:\/\/schema.org","@graph":[{"@type":"WebPage","@id":"https:\/\/bulaoutdoor.nl\/product\/spartherm-zirkon\/","url":"https:\/\/bulaoutdoor.nl\/product\/spartherm-zirkon\/","name":"Spartherm Zirkon - Bula Outdoor","isPartOf":{"@id":"https:\/\/bulaoutdoor.nl\/#website"},"primaryImageOfPage":{"@id":"https:\/\/bulaoutdoor.nl\/product\/spartherm-zirkon\/#primaryimage"},"image":{"@id":"https:\/\/bulaoutdoor.nl\/product\/spartherm-zirkon\/#primaryimage"},"thumbnailUrl":"https:\/\/bulaoutdoor.nl\/wp-content\/uploads\/2025\/12\/spartherm-zirkon.jpg","datePublished":"2025-12-04T08:49:25+00:00","dateModified":"2026-04-05T04:52:18+00:00","breadcrumb":{"@id":"https:\/\/bulaoutdoor.nl\/product\/spartherm-zirkon\/#breadcrumb"},"inLanguage":"fr-FR","potentialAction":[{"@type":"ReadAction","target":["https:\/\/bulaoutdoor.nl\/product\/spartherm-zirkon\/"]}]},{"@type":"ImageObject","inLanguage":"fr-FR","@id":"https:\/\/bulaoutdoor.nl\/product\/spartherm-zirkon\/#primaryimage","url":"https:\/\/bulaoutdoor.nl\/wp-content\/uploads\/2025\/12\/spartherm-zirkon.jpg","contentUrl":"https:\/\/bulaoutdoor.nl\/wp-content\/uploads\/2025\/12\/spartherm-zirkon.jpg","width":1400,"height":1400,"caption":"spartherm-zirkon-thumbnail"},{"@type":"BreadcrumbList","@id":"https:\/\/bulaoutdoor.nl\/product\/spartherm-zirkon\/#breadcrumb","itemListElement":[{"@type":"ListItem","position":1,"name":"Home","item":"https:\/\/bulaoutdoor.nl\/"},{"@type":"ListItem","position":2,"name":"Online BBQ kopen","item":"https:\/\/bulaoutdoor.nl\/"},{"@type":"ListItem","position":3,"name":"Spartherm Zirkon"}]},{"@type":"WebSite","@id":"https:\/\/bulaoutdoor.nl\/#website","url":"https:\/\/bulaoutdoor.nl\/","name":"Bula Outdoor","description":"Pour votre chemin\u00e9e ext\u00e9rieure, votre barbecue, votre torche de jardin et votre four \u00e0 bois","publisher":{"@id":"https:\/\/bulaoutdoor.nl\/#organization"},"potentialAction":[{"@type":"SearchAction","target":{"@type":"EntryPoint","urlTemplate":"https:\/\/bulaoutdoor.nl\/?s={search_term_string}"},"query-input":{"@type":"PropertyValueSpecification","valueRequired":true,"valueName":"search_term_string"}}],"inLanguage":"fr-FR"},{"@type":"Organization","@id":"https:\/\/bulaoutdoor.nl\/#organization","name":"Bula Outdoor","url":"https:\/\/bulaoutdoor.nl\/","logo":{"@type":"ImageObject","inLanguage":"fr-FR","@id":"https:\/\/bulaoutdoor.nl\/#\/schema\/logo\/image\/","url":"https:\/\/www.bulaoutdoor.nl\/wp-content\/uploads\/2018\/04\/bulaoutdoor-logo.png","contentUrl":"https:\/\/www.bulaoutdoor.nl\/wp-content\/uploads\/2018\/04\/bulaoutdoor-logo.png","width":324,"height":91,"caption":"Bula Outdoor"},"image":{"@id":"https:\/\/bulaoutdoor.nl\/#\/schema\/logo\/image\/"}}]}},"jetpack_sharing_enabled":true,"_links":{"self":[{"href":"https:\/\/bulaoutdoor.nl\/fr\/wp-json\/wp\/v2\/product\/79775","targetHints":{"allow":["GET"]}}],"collection":[{"href":"https:\/\/bulaoutdoor.nl\/fr\/wp-json\/wp\/v2\/product"}],"about":[{"href":"https:\/\/bulaoutdoor.nl\/fr\/wp-json\/wp\/v2\/types\/product"}],"replies":[{"embeddable":true,"href":"https:\/\/bulaoutdoor.nl\/fr\/wp-json\/wp\/v2\/comments?post=79775"}],"wp:featuredmedia":[{"embeddable":true,"href":"https:\/\/bulaoutdoor.nl\/fr\/wp-json\/wp\/v2\/media\/79776"}],"wp:attachment":[{"href":"https:\/\/bulaoutdoor.nl\/fr\/wp-json\/wp\/v2\/media?parent=79775"}],"wp:term":[{"taxonomy":"product_brand","embeddable":true,"href":"https:\/\/bulaoutdoor.nl\/fr\/wp-json\/wp\/v2\/product_brand?post=79775"},{"taxonomy":"product_cat","embeddable":true,"href":"https:\/\/bulaoutdoor.nl\/fr\/wp-json\/wp\/v2\/product_cat?post=79775"},{"taxonomy":"product_tag","embeddable":true,"href":"https:\/\/bulaoutdoor.nl\/fr\/wp-json\/wp\/v2\/product_tag?post=79775"}],"curies":[{"name":"wp","href":"https:\/\/api.w.org\/{rel}","templated":true}]}}