{"id":848,"date":"2018-05-27T09:31:36","date_gmt":"2018-05-27T09:31:36","guid":{"rendered":"http:\/\/www.bulaoutdoor.nl\/product\/import-placeholder-for-320\/"},"modified":"2023-09-05T13:38:26","modified_gmt":"2023-09-05T13:38:26","slug":"four-exterieur-weltevree","status":"publish","type":"product","link":"https:\/\/bulaoutdoor.nl\/fr\/product\/weltevree-outdooroven\/","title":{"rendered":"Four d'ext\u00e9rieur Weltevree"},"content":{"rendered":"<h1>Weltevree Outdooroven chemin\u00e9e ext\u00e9rieure, four et barbecue en un seul appareil.<\/h1>\n<p><strong>Temporaire <span style=\"color: #800000;\">gratuit<\/span> pizza scoop et exp\u00e9dition\u00a0<\/strong><\/p>\n<p>Vu dans Heel Holland Bakt ! Pr\u00e9parez maintenant votre propre flammkuchen dans le four en plein air. Nous sommes heureux de vous aider \u00e0 en faire un succ\u00e8s.<\/p>\n<p>Avec le Outdooroven, le toit de votre jardin ou de votre terrasse devient une extension de votre cuisine. Ce four d'ext\u00e9rieur offre une chaleur agr\u00e9able et de d\u00e9licieux repas : des plats au four aux pizzas maison sur la pierre de cuisson, en passant par un barbecue d'\u00e9t\u00e9 sur le grill. L'ext\u00e9rieur est le nouvel int\u00e9rieur ! Ce four polyvalent est fabriqu\u00e9 en acier Corten et peut donc \u00eatre utilis\u00e9 toute l'ann\u00e9e.<\/p>\n<p>Le Outdooroven peut \u00eatre plac\u00e9 sous un auvent. Nous pouvons fournir une p\u00e9n\u00e9tration de toit compl\u00e8te sur mesure. Pr\u00e9cisez la taille entre le sol et le plafond et le type de toit (tuiles, bitume, angle et hauteur). Nous vous ferons une offre sans engagement.<\/p>\n<p>Les intemp\u00e9ries conf\u00e8rent au four un rev\u00eatement r\u00e9sistant de couleur rouille qui prot\u00e8ge \u00e9galement l'acier de la rouille. Le four d'ext\u00e9rieur est livr\u00e9 de s\u00e9rie avec une grille de barbecue en acier inoxydable et une pierre de four pour pr\u00e9parer des pizzas ou d'autres plats savoureux. Les accessoires optionnels comprennent une porte pour la chambre de combustion, des extensions de chemin\u00e9e, une pelle \u00e0 pizza et une hotte.<\/p>\n<p>Prolongez la saison ext\u00e9rieure et profitez des repas et de la vie en plein air tout au long de l'ann\u00e9e gr\u00e2ce \u00e0 cet accroche-regard multifonctionnel.<\/p>\n<ul>\n<li>Four (\u00e0 pizza), barbecue, chemin\u00e9e d'ext\u00e9rieur et plaque de cuisson en un seul appareil<\/li>\n<li>Nombreux accessoires suppl\u00e9mentaires disponibles<\/li>\n<li>Peut rester \u00e0 l'ext\u00e9rieur toute l'ann\u00e9e<\/li>\n<li>Attire l'attention dans tous les jardins<\/li>\n<li>Design fonctionnel et \u00e9l\u00e9gant<\/li>\n<li>Y compris pierre \u00e0 pizza et gril<\/li>\n<\/ul>\n<ul>\n<li>Four d'ext\u00e9rieur : H 190 x L 34 x P 33 cm<br \/>\nSection du four : H 21 x L 33 x P 33 cm<\/li>\n<li>Hauteur incluant la chemin\u00e9e de 100 cm de long<\/li>\n<li>Poids 35 kg<\/li>\n<\/ul>\n<p>La raison pour laquelle les Outdooroven sont recouverts d'une \u00e9paisse couche de rouille n'est pas seulement qu'elle ajoute de la beaut\u00e9 \u00e0 un produit robuste ; ce type d'acier est appel\u00e9 \"acier Corten\" et cette couche de rouille permet \u00e0 l'Outdooroven de mieux se prot\u00e9ger contre toutes sortes de conditions m\u00e9t\u00e9orologiques. L'acier Corten, \u00e9galement connu sous le nom d'acier COR-TEN ou d'acier r\u00e9sistant aux intemp\u00e9ries, est un groupe d'alliages d'acier mis au point pour \u00e9liminer le besoin de peinture et cr\u00e9er un aspect rouill\u00e9 stable, m\u00eame apr\u00e8s plusieurs ann\u00e9es d'exposition \u00e0 toutes sortes d'intemp\u00e9ries. Ce nouvel acier a \u00e9t\u00e9 baptis\u00e9 COR-TEN en raison de ses propri\u00e9t\u00e9s : COR (r\u00e9sistant \u00e0 la corrosion) et TEN (r\u00e9sistance \u00e0 la traction). Votre four d'ext\u00e9rieur peut ainsi se prot\u00e9ger du vent et de la pluie et l'oxydation est \u00e9vit\u00e9e.<\/p>","protected":false},"excerpt":{"rendered":"<h3>Four d'ext\u00e9rieur Weltevree<\/h3>\n<p>le polyvalent. R\u00e9chaud, four \u00e0 pizza et barbecue en acier corten robuste. Pelle \u00e0 pizza et livraison temporairement gratuites.<\/p>","protected":false},"featured_media":10864,"comment_status":"open","ping_status":"closed","template":"","meta":{"_acf_changed":false},"product_brand":[],"product_cat":[17,24],"product_tag":[43,60,62,58,61,59],"class_list":{"0":"post-848","1":"product","2":"type-product","3":"status-publish","4":"has-post-thumbnail","6":"product_cat-bula-tuinhaarden","7":"product_cat-weltevree","8":"product_tag-bbq","9":"product_tag-bulaoutdoor","10":"product_tag-haard","11":"product_tag-outdooroven","12":"product_tag-pizzaoven","13":"product_tag-weltevree","15":"first","16":"instock","17":"taxable","18":"shipping-taxable","19":"purchasable","20":"product-type-simple"},"acf":[],"yoast_head":"<!-- This site is optimized with the Yoast SEO plugin v27.4 - https:\/\/yoast.com\/product\/yoast-seo-wordpress\/ -->\n<title>Weltevree Outdooroven &#8211; Bula Outdoor<\/title>\n<meta name=\"description\" content=\"Weltevree Outdooroven de alleskunner. Kachel, pizza oven en BBQ van robuust corten staal. Tijdelijk gratis pizza schep en bezorging.\" \/>\n<meta name=\"robots\" content=\"index, follow, max-snippet:-1, max-image-preview:large, max-video-preview:-1\" \/>\n<link rel=\"canonical\" href=\"https:\/\/bulaoutdoor.nl\/fr\/produit\/four-exterieur-weltevree\/\" \/>\n<meta property=\"og:locale\" content=\"fr_FR\" \/>\n<meta property=\"og:type\" content=\"article\" \/>\n<meta property=\"og:title\" content=\"Weltevree Outdooroven &#8211; Bula Outdoor\" \/>\n<meta property=\"og:description\" content=\"Weltevree Outdooroven de alleskunner. Kachel, pizza oven en BBQ van robuust corten staal. Tijdelijk gratis pizza schep en bezorging.\" \/>\n<meta property=\"og:url\" content=\"https:\/\/bulaoutdoor.nl\/fr\/produit\/four-exterieur-weltevree\/\" \/>\n<meta property=\"og:site_name\" content=\"Bula Outdoor\" \/>\n<meta property=\"article:modified_time\" content=\"2023-09-05T13:38:26+00:00\" \/>\n<meta property=\"og:image\" content=\"https:\/\/bulaoutdoor.nl\/wp-content\/uploads\/2018\/05\/outdooroven-de-alleskunner-kachel-pizza-oven-en-bbq-van-robuust-corten-st_3547_1_G_scaled.jpg\" \/>\n\t<meta property=\"og:image:width\" content=\"823\" \/>\n\t<meta property=\"og:image:height\" content=\"750\" \/>\n\t<meta property=\"og:image:type\" content=\"image\/jpeg\" \/>\n<meta name=\"twitter:card\" content=\"summary_large_image\" \/>\n<meta name=\"twitter:label1\" content=\"Dur\u00e9e de lecture estim\u00e9e\" \/>\n\t<meta name=\"twitter:data1\" content=\"2 minutes\" \/>\n<script type=\"application\/ld+json\" class=\"yoast-schema-graph\">{\"@context\":\"https:\\\/\\\/schema.org\",\"@graph\":[{\"@type\":\"WebPage\",\"@id\":\"https:\\\/\\\/bulaoutdoor.nl\\\/product\\\/weltevree-outdooroven\\\/\",\"url\":\"https:\\\/\\\/bulaoutdoor.nl\\\/product\\\/weltevree-outdooroven\\\/\",\"name\":\"Weltevree Outdooroven &#8211; Bula Outdoor\",\"isPartOf\":{\"@id\":\"https:\\\/\\\/bulaoutdoor.nl\\\/#website\"},\"primaryImageOfPage\":{\"@id\":\"https:\\\/\\\/bulaoutdoor.nl\\\/product\\\/weltevree-outdooroven\\\/#primaryimage\"},\"image\":{\"@id\":\"https:\\\/\\\/bulaoutdoor.nl\\\/product\\\/weltevree-outdooroven\\\/#primaryimage\"},\"thumbnailUrl\":\"https:\\\/\\\/bulaoutdoor.nl\\\/wp-content\\\/uploads\\\/2018\\\/05\\\/outdooroven-de-alleskunner-kachel-pizza-oven-en-bbq-van-robuust-corten-st_3547_1_G_scaled.jpg\",\"datePublished\":\"2018-05-27T09:31:36+00:00\",\"dateModified\":\"2023-09-05T13:38:26+00:00\",\"description\":\"Weltevree Outdooroven de alleskunner. Kachel, pizza oven en BBQ van robuust corten staal. Tijdelijk gratis pizza schep en bezorging.\",\"breadcrumb\":{\"@id\":\"https:\\\/\\\/bulaoutdoor.nl\\\/product\\\/weltevree-outdooroven\\\/#breadcrumb\"},\"inLanguage\":\"fr-FR\",\"potentialAction\":[{\"@type\":\"ReadAction\",\"target\":[\"https:\\\/\\\/bulaoutdoor.nl\\\/product\\\/weltevree-outdooroven\\\/\"]}]},{\"@type\":\"ImageObject\",\"inLanguage\":\"fr-FR\",\"@id\":\"https:\\\/\\\/bulaoutdoor.nl\\\/product\\\/weltevree-outdooroven\\\/#primaryimage\",\"url\":\"https:\\\/\\\/bulaoutdoor.nl\\\/wp-content\\\/uploads\\\/2018\\\/05\\\/outdooroven-de-alleskunner-kachel-pizza-oven-en-bbq-van-robuust-corten-st_3547_1_G_scaled.jpg\",\"contentUrl\":\"https:\\\/\\\/bulaoutdoor.nl\\\/wp-content\\\/uploads\\\/2018\\\/05\\\/outdooroven-de-alleskunner-kachel-pizza-oven-en-bbq-van-robuust-corten-st_3547_1_G_scaled.jpg\",\"width\":823,\"height\":750},{\"@type\":\"BreadcrumbList\",\"@id\":\"https:\\\/\\\/bulaoutdoor.nl\\\/product\\\/weltevree-outdooroven\\\/#breadcrumb\",\"itemListElement\":[{\"@type\":\"ListItem\",\"position\":1,\"name\":\"Home\",\"item\":\"https:\\\/\\\/bulaoutdoor.nl\\\/\"},{\"@type\":\"ListItem\",\"position\":2,\"name\":\"Online BBQ kopen\",\"item\":\"https:\\\/\\\/bulaoutdoor.nl\\\/\"},{\"@type\":\"ListItem\",\"position\":3,\"name\":\"Weltevree Outdooroven\"}]},{\"@type\":\"WebSite\",\"@id\":\"https:\\\/\\\/bulaoutdoor.nl\\\/#website\",\"url\":\"https:\\\/\\\/bulaoutdoor.nl\\\/\",\"name\":\"Bula Outdoor\",\"description\":\"Voor uw buitenhaard, BBQ, tuinfakkel en houtoven\",\"publisher\":{\"@id\":\"https:\\\/\\\/bulaoutdoor.nl\\\/#organization\"},\"potentialAction\":[{\"@type\":\"SearchAction\",\"target\":{\"@type\":\"EntryPoint\",\"urlTemplate\":\"https:\\\/\\\/bulaoutdoor.nl\\\/?s={search_term_string}\"},\"query-input\":{\"@type\":\"PropertyValueSpecification\",\"valueRequired\":true,\"valueName\":\"search_term_string\"}}],\"inLanguage\":\"fr-FR\"},{\"@type\":\"Organization\",\"@id\":\"https:\\\/\\\/bulaoutdoor.nl\\\/#organization\",\"name\":\"Bula Outdoor\",\"url\":\"https:\\\/\\\/bulaoutdoor.nl\\\/\",\"logo\":{\"@type\":\"ImageObject\",\"inLanguage\":\"fr-FR\",\"@id\":\"https:\\\/\\\/bulaoutdoor.nl\\\/#\\\/schema\\\/logo\\\/image\\\/\",\"url\":\"https:\\\/\\\/www.bulaoutdoor.nl\\\/wp-content\\\/uploads\\\/2018\\\/04\\\/bulaoutdoor-logo.png\",\"contentUrl\":\"https:\\\/\\\/www.bulaoutdoor.nl\\\/wp-content\\\/uploads\\\/2018\\\/04\\\/bulaoutdoor-logo.png\",\"width\":324,\"height\":91,\"caption\":\"Bula Outdoor\"},\"image\":{\"@id\":\"https:\\\/\\\/bulaoutdoor.nl\\\/#\\\/schema\\\/logo\\\/image\\\/\"}}]}<\/script>\n<!-- \/ Yoast SEO plugin. -->","yoast_head_json":{"title":"Four d'ext\u00e9rieur Weltevree - Bula Outdoor","description":"Weltevree Outdooroven, le polyvalent. Cuisini\u00e8re, four \u00e0 pizza et barbecue en acier corten robuste. Livraison et pelle \u00e0 pizza temporairement gratuites.","robots":{"index":"index","follow":"follow","max-snippet":"max-snippet:-1","max-image-preview":"max-image-preview:large","max-video-preview":"max-video-preview:-1"},"canonical":"https:\/\/bulaoutdoor.nl\/fr\/produit\/four-exterieur-weltevree\/","og_locale":"fr_FR","og_type":"article","og_title":"Weltevree Outdooroven &#8211; Bula Outdoor","og_description":"Weltevree Outdooroven de alleskunner. Kachel, pizza oven en BBQ van robuust corten staal. Tijdelijk gratis pizza schep en bezorging.","og_url":"https:\/\/bulaoutdoor.nl\/fr\/produit\/four-exterieur-weltevree\/","og_site_name":"Bula Outdoor","article_modified_time":"2023-09-05T13:38:26+00:00","og_image":[{"width":823,"height":750,"url":"https:\/\/bulaoutdoor.nl\/wp-content\/uploads\/2018\/05\/outdooroven-de-alleskunner-kachel-pizza-oven-en-bbq-van-robuust-corten-st_3547_1_G_scaled.jpg","type":"image\/jpeg"}],"twitter_card":"summary_large_image","twitter_misc":{"Dur\u00e9e de lecture estim\u00e9e":"2 minutes"},"schema":{"@context":"https:\/\/schema.org","@graph":[{"@type":"WebPage","@id":"https:\/\/bulaoutdoor.nl\/product\/weltevree-outdooroven\/","url":"https:\/\/bulaoutdoor.nl\/product\/weltevree-outdooroven\/","name":"Four d'ext\u00e9rieur Weltevree - Bula Outdoor","isPartOf":{"@id":"https:\/\/bulaoutdoor.nl\/#website"},"primaryImageOfPage":{"@id":"https:\/\/bulaoutdoor.nl\/product\/weltevree-outdooroven\/#primaryimage"},"image":{"@id":"https:\/\/bulaoutdoor.nl\/product\/weltevree-outdooroven\/#primaryimage"},"thumbnailUrl":"https:\/\/bulaoutdoor.nl\/wp-content\/uploads\/2018\/05\/outdooroven-de-alleskunner-kachel-pizza-oven-en-bbq-van-robuust-corten-st_3547_1_G_scaled.jpg","datePublished":"2018-05-27T09:31:36+00:00","dateModified":"2023-09-05T13:38:26+00:00","description":"Weltevree Outdooroven, le polyvalent. Cuisini\u00e8re, four \u00e0 pizza et barbecue en acier corten robuste. Livraison et pelle \u00e0 pizza temporairement gratuites.","breadcrumb":{"@id":"https:\/\/bulaoutdoor.nl\/product\/weltevree-outdooroven\/#breadcrumb"},"inLanguage":"fr-FR","potentialAction":[{"@type":"ReadAction","target":["https:\/\/bulaoutdoor.nl\/product\/weltevree-outdooroven\/"]}]},{"@type":"ImageObject","inLanguage":"fr-FR","@id":"https:\/\/bulaoutdoor.nl\/product\/weltevree-outdooroven\/#primaryimage","url":"https:\/\/bulaoutdoor.nl\/wp-content\/uploads\/2018\/05\/outdooroven-de-alleskunner-kachel-pizza-oven-en-bbq-van-robuust-corten-st_3547_1_G_scaled.jpg","contentUrl":"https:\/\/bulaoutdoor.nl\/wp-content\/uploads\/2018\/05\/outdooroven-de-alleskunner-kachel-pizza-oven-en-bbq-van-robuust-corten-st_3547_1_G_scaled.jpg","width":823,"height":750},{"@type":"BreadcrumbList","@id":"https:\/\/bulaoutdoor.nl\/product\/weltevree-outdooroven\/#breadcrumb","itemListElement":[{"@type":"ListItem","position":1,"name":"Home","item":"https:\/\/bulaoutdoor.nl\/"},{"@type":"ListItem","position":2,"name":"Online BBQ kopen","item":"https:\/\/bulaoutdoor.nl\/"},{"@type":"ListItem","position":3,"name":"Weltevree Outdooroven"}]},{"@type":"WebSite","@id":"https:\/\/bulaoutdoor.nl\/#website","url":"https:\/\/bulaoutdoor.nl\/","name":"Bula Outdoor","description":"Pour votre chemin\u00e9e ext\u00e9rieure, votre barbecue, votre torche de jardin et votre four \u00e0 bois","publisher":{"@id":"https:\/\/bulaoutdoor.nl\/#organization"},"potentialAction":[{"@type":"SearchAction","target":{"@type":"EntryPoint","urlTemplate":"https:\/\/bulaoutdoor.nl\/?s={search_term_string}"},"query-input":{"@type":"PropertyValueSpecification","valueRequired":true,"valueName":"search_term_string"}}],"inLanguage":"fr-FR"},{"@type":"Organization","@id":"https:\/\/bulaoutdoor.nl\/#organization","name":"Bula Outdoor","url":"https:\/\/bulaoutdoor.nl\/","logo":{"@type":"ImageObject","inLanguage":"fr-FR","@id":"https:\/\/bulaoutdoor.nl\/#\/schema\/logo\/image\/","url":"https:\/\/www.bulaoutdoor.nl\/wp-content\/uploads\/2018\/04\/bulaoutdoor-logo.png","contentUrl":"https:\/\/www.bulaoutdoor.nl\/wp-content\/uploads\/2018\/04\/bulaoutdoor-logo.png","width":324,"height":91,"caption":"Bula Outdoor"},"image":{"@id":"https:\/\/bulaoutdoor.nl\/#\/schema\/logo\/image\/"}}]}},"jetpack_sharing_enabled":true,"_links":{"self":[{"href":"https:\/\/bulaoutdoor.nl\/fr\/wp-json\/wp\/v2\/product\/848","targetHints":{"allow":["GET"]}}],"collection":[{"href":"https:\/\/bulaoutdoor.nl\/fr\/wp-json\/wp\/v2\/product"}],"about":[{"href":"https:\/\/bulaoutdoor.nl\/fr\/wp-json\/wp\/v2\/types\/product"}],"replies":[{"embeddable":true,"href":"https:\/\/bulaoutdoor.nl\/fr\/wp-json\/wp\/v2\/comments?post=848"}],"wp:featuredmedia":[{"embeddable":true,"href":"https:\/\/bulaoutdoor.nl\/fr\/wp-json\/wp\/v2\/media\/10864"}],"wp:attachment":[{"href":"https:\/\/bulaoutdoor.nl\/fr\/wp-json\/wp\/v2\/media?parent=848"}],"wp:term":[{"taxonomy":"product_brand","embeddable":true,"href":"https:\/\/bulaoutdoor.nl\/fr\/wp-json\/wp\/v2\/product_brand?post=848"},{"taxonomy":"product_cat","embeddable":true,"href":"https:\/\/bulaoutdoor.nl\/fr\/wp-json\/wp\/v2\/product_cat?post=848"},{"taxonomy":"product_tag","embeddable":true,"href":"https:\/\/bulaoutdoor.nl\/fr\/wp-json\/wp\/v2\/product_tag?post=848"}],"curies":[{"name":"wp","href":"https:\/\/api.w.org\/{rel}","templated":true}]}}