{"id":849,"date":"2018-05-27T09:31:36","date_gmt":"2018-05-27T09:31:36","guid":{"rendered":"http:\/\/www.bulaoutdoor.nl\/product\/import-placeholder-for-325\/"},"modified":"2025-11-13T09:37:38","modified_gmt":"2025-11-13T09:37:38","slug":"bain-de-sieste-weltevree","status":"publish","type":"product","link":"https:\/\/bulaoutdoor.nl\/fr\/product\/dutchtub-weltevree\/","title":{"rendered":"Weltevree Dutchtub"},"content":{"rendered":"<p>Disponible en stock (1 \u00e0 2 semaines) | y compris tapis isolant, wok | livraison gratuite NL\/BE<\/p>\n<p>Sortez de chez vous avec le Dutchtub Original et vivez le luxe d'avoir votre propre jacuzzi dans votre jardin. Avec cette belle piscine ext\u00e9rieure, vous pouvez vous d\u00e9tendre dans votre jardin ou sur votre terrasse. Bien au frais en \u00e9t\u00e9 et bien au chaud en hiver, le tout sans \u00e9lectricit\u00e9 ! En effet, le Dutchtub est chauff\u00e9 au bois et utilise uniquement la circulation naturelle. La pompe et l'\u00e9lectricit\u00e9 sont donc inutiles, ce qui le rend \u00e9tonnamment simple !<\/p>\n<p>Le Dutchtub est un v\u00e9ritable accroche-regard dans votre jardin. Outre son aspect esth\u00e9tique, il offre un confort naturel et est facile \u00e0 d\u00e9placer.<\/p>\n<p>Le Dutchtub Original est livr\u00e9 de s\u00e9rie avec un tapis isolant, un raccord pour tuyau d'arrosage et un wok Dutchtub. Le Dutchtub wok conserve la chaleur du feu dans le serpentin, ce qui vous permet de l'alimenter de mani\u00e8re plus \u00e9conomique.<\/p>\n<p>Chauffer le Dutchtub \u00e0 38\u00b0C : \u00b1 2 heures, \u00b1 1 sac de bois de chauffage Maintenir le Dutchtub \u00e0 38\u00b0C : \u00b1 1 sac de bois de chauffage pendant 4 heures. Mais vous pouvez aussi utiliser la baignoire comme bain de glace, bien s\u00fbr.<\/p>\n<p>Coloris : Vert olive, Orange, Gris galet<\/p>\n<ul>\n<li>Dimensions : 259 x 173 x 92 cm<\/li>\n<li>Espace pour 4 personnes.<\/li>\n<li>Capacit\u00e9 : 600 litres<\/li>\n<li>Poids : 75 kg, facile \u00e0 d\u00e9placer avec deux personnes.<\/li>\n<li>Mat\u00e9riau : fibre de verre, polyester et acier inoxydable<\/li>\n<li>Couleurs : orange, gris galet et vert olive.<\/li>\n<li>Comprend : un tapis isolant, un wok, un brasero et un tuyau d'arrosage pour la baignoire.<\/li>\n<li>Le Dutchtub est emball\u00e9 dans une caisse en bois.<\/li>\n<\/ul>\n<p>Commandez Weltevree Dutchtub Original d\u00e8s maintenant chez Bula Outdoor, votre fournisseur de produits d'ext\u00e9rieur. <a href=\"https:\/\/bulaoutdoor.nl\/fr\/categorie-de-produits\/cheminees-de-jardin-bula\/\" target=\"_blank\" rel=\"noopener\">sp\u00e9cialiste des feux de jardin !<\/a><\/p>","protected":false},"excerpt":{"rendered":"<p>Une exp\u00e9rience ext\u00e9rieure optimale dans le Dutchtub Weltevree original chauff\u00e9 au bois<\/p>","protected":false},"featured_media":64293,"comment_status":"open","ping_status":"closed","template":"","meta":{"_acf_changed":false},"product_brand":[],"product_cat":[24],"product_tag":[200,199,374,59],"class_list":{"0":"post-849","1":"product","2":"type-product","3":"status-publish","4":"has-post-thumbnail","6":"product_cat-weltevree","7":"product_tag-bad","8":"product_tag-dutchtub","9":"product_tag-hottub","10":"product_tag-weltevree","12":"first","13":"instock","14":"sale","15":"taxable","16":"shipping-taxable","17":"purchasable","18":"product-type-variable"},"acf":[],"yoast_head":"<!-- This site is optimized with the Yoast SEO plugin v27.3 - https:\/\/yoast.com\/product\/yoast-seo-wordpress\/ -->\n<title>Weltevree Dutchtub &#8211; Bula Outdoor<\/title>\n<meta name=\"robots\" content=\"index, follow, max-snippet:-1, max-image-preview:large, max-video-preview:-1\" \/>\n<link rel=\"canonical\" href=\"https:\/\/bulaoutdoor.nl\/fr\/produit\/bain-de-sieste-weltevree\/\" \/>\n<meta property=\"og:locale\" content=\"fr_FR\" \/>\n<meta property=\"og:type\" content=\"article\" \/>\n<meta property=\"og:title\" content=\"Weltevree Dutchtub &#8211; Bula Outdoor\" \/>\n<meta property=\"og:description\" content=\"Optimale buitenbeleving in de originele houtgestookte Weltevree Dutchtub\" \/>\n<meta property=\"og:url\" content=\"https:\/\/bulaoutdoor.nl\/fr\/produit\/bain-de-sieste-weltevree\/\" \/>\n<meta property=\"og:site_name\" content=\"Bula Outdoor\" \/>\n<meta property=\"article:modified_time\" content=\"2025-11-13T09:37:38+00:00\" \/>\n<meta property=\"og:image\" content=\"https:\/\/bulaoutdoor.nl\/wp-content\/uploads\/2018\/05\/weltevree_dutchtub_original_product_image_orange_with_wok_2.jpg\" \/>\n\t<meta property=\"og:image:width\" content=\"960\" \/>\n\t<meta property=\"og:image:height\" content=\"960\" \/>\n\t<meta property=\"og:image:type\" content=\"image\/jpeg\" \/>\n<meta name=\"twitter:card\" content=\"summary_large_image\" \/>\n<meta name=\"twitter:label1\" content=\"Dur\u00e9e de lecture estim\u00e9e\" \/>\n\t<meta name=\"twitter:data1\" content=\"2 minutes\" \/>\n<script type=\"application\/ld+json\" class=\"yoast-schema-graph\">{\"@context\":\"https:\\\/\\\/schema.org\",\"@graph\":[{\"@type\":\"WebPage\",\"@id\":\"https:\\\/\\\/bulaoutdoor.nl\\\/product\\\/dutchtub-weltevree\\\/\",\"url\":\"https:\\\/\\\/bulaoutdoor.nl\\\/product\\\/dutchtub-weltevree\\\/\",\"name\":\"Weltevree Dutchtub &#8211; Bula Outdoor\",\"isPartOf\":{\"@id\":\"https:\\\/\\\/bulaoutdoor.nl\\\/#website\"},\"primaryImageOfPage\":{\"@id\":\"https:\\\/\\\/bulaoutdoor.nl\\\/product\\\/dutchtub-weltevree\\\/#primaryimage\"},\"image\":{\"@id\":\"https:\\\/\\\/bulaoutdoor.nl\\\/product\\\/dutchtub-weltevree\\\/#primaryimage\"},\"thumbnailUrl\":\"https:\\\/\\\/bulaoutdoor.nl\\\/wp-content\\\/uploads\\\/2018\\\/05\\\/weltevree_dutchtub_original_product_image_orange_with_wok_2.jpg\",\"datePublished\":\"2018-05-27T09:31:36+00:00\",\"dateModified\":\"2025-11-13T09:37:38+00:00\",\"breadcrumb\":{\"@id\":\"https:\\\/\\\/bulaoutdoor.nl\\\/product\\\/dutchtub-weltevree\\\/#breadcrumb\"},\"inLanguage\":\"fr-FR\",\"potentialAction\":[{\"@type\":\"ReadAction\",\"target\":[\"https:\\\/\\\/bulaoutdoor.nl\\\/product\\\/dutchtub-weltevree\\\/\"]}]},{\"@type\":\"ImageObject\",\"inLanguage\":\"fr-FR\",\"@id\":\"https:\\\/\\\/bulaoutdoor.nl\\\/product\\\/dutchtub-weltevree\\\/#primaryimage\",\"url\":\"https:\\\/\\\/bulaoutdoor.nl\\\/wp-content\\\/uploads\\\/2018\\\/05\\\/weltevree_dutchtub_original_product_image_orange_with_wok_2.jpg\",\"contentUrl\":\"https:\\\/\\\/bulaoutdoor.nl\\\/wp-content\\\/uploads\\\/2018\\\/05\\\/weltevree_dutchtub_original_product_image_orange_with_wok_2.jpg\",\"width\":960,\"height\":960},{\"@type\":\"BreadcrumbList\",\"@id\":\"https:\\\/\\\/bulaoutdoor.nl\\\/product\\\/dutchtub-weltevree\\\/#breadcrumb\",\"itemListElement\":[{\"@type\":\"ListItem\",\"position\":1,\"name\":\"Home\",\"item\":\"https:\\\/\\\/bulaoutdoor.nl\\\/\"},{\"@type\":\"ListItem\",\"position\":2,\"name\":\"Online BBQ kopen\",\"item\":\"https:\\\/\\\/bulaoutdoor.nl\\\/\"},{\"@type\":\"ListItem\",\"position\":3,\"name\":\"Weltevree Dutchtub\"}]},{\"@type\":\"WebSite\",\"@id\":\"https:\\\/\\\/bulaoutdoor.nl\\\/#website\",\"url\":\"https:\\\/\\\/bulaoutdoor.nl\\\/\",\"name\":\"Bula Outdoor\",\"description\":\"Voor uw buitenhaard, BBQ, tuinfakkel en houtoven\",\"publisher\":{\"@id\":\"https:\\\/\\\/bulaoutdoor.nl\\\/#organization\"},\"potentialAction\":[{\"@type\":\"SearchAction\",\"target\":{\"@type\":\"EntryPoint\",\"urlTemplate\":\"https:\\\/\\\/bulaoutdoor.nl\\\/?s={search_term_string}\"},\"query-input\":{\"@type\":\"PropertyValueSpecification\",\"valueRequired\":true,\"valueName\":\"search_term_string\"}}],\"inLanguage\":\"fr-FR\"},{\"@type\":\"Organization\",\"@id\":\"https:\\\/\\\/bulaoutdoor.nl\\\/#organization\",\"name\":\"Bula Outdoor\",\"url\":\"https:\\\/\\\/bulaoutdoor.nl\\\/\",\"logo\":{\"@type\":\"ImageObject\",\"inLanguage\":\"fr-FR\",\"@id\":\"https:\\\/\\\/bulaoutdoor.nl\\\/#\\\/schema\\\/logo\\\/image\\\/\",\"url\":\"https:\\\/\\\/www.bulaoutdoor.nl\\\/wp-content\\\/uploads\\\/2018\\\/04\\\/bulaoutdoor-logo.png\",\"contentUrl\":\"https:\\\/\\\/www.bulaoutdoor.nl\\\/wp-content\\\/uploads\\\/2018\\\/04\\\/bulaoutdoor-logo.png\",\"width\":324,\"height\":91,\"caption\":\"Bula Outdoor\"},\"image\":{\"@id\":\"https:\\\/\\\/bulaoutdoor.nl\\\/#\\\/schema\\\/logo\\\/image\\\/\"}}]}<\/script>\n<!-- \/ Yoast SEO plugin. -->","yoast_head_json":{"title":"Weltevree Dutchtub - Bula Outdoor","robots":{"index":"index","follow":"follow","max-snippet":"max-snippet:-1","max-image-preview":"max-image-preview:large","max-video-preview":"max-video-preview:-1"},"canonical":"https:\/\/bulaoutdoor.nl\/fr\/produit\/bain-de-sieste-weltevree\/","og_locale":"fr_FR","og_type":"article","og_title":"Weltevree Dutchtub &#8211; Bula Outdoor","og_description":"Optimale buitenbeleving in de originele houtgestookte Weltevree Dutchtub","og_url":"https:\/\/bulaoutdoor.nl\/fr\/produit\/bain-de-sieste-weltevree\/","og_site_name":"Bula Outdoor","article_modified_time":"2025-11-13T09:37:38+00:00","og_image":[{"width":960,"height":960,"url":"https:\/\/bulaoutdoor.nl\/wp-content\/uploads\/2018\/05\/weltevree_dutchtub_original_product_image_orange_with_wok_2.jpg","type":"image\/jpeg"}],"twitter_card":"summary_large_image","twitter_misc":{"Dur\u00e9e de lecture estim\u00e9e":"2 minutes"},"schema":{"@context":"https:\/\/schema.org","@graph":[{"@type":"WebPage","@id":"https:\/\/bulaoutdoor.nl\/product\/dutchtub-weltevree\/","url":"https:\/\/bulaoutdoor.nl\/product\/dutchtub-weltevree\/","name":"Weltevree Dutchtub - Bula Outdoor","isPartOf":{"@id":"https:\/\/bulaoutdoor.nl\/#website"},"primaryImageOfPage":{"@id":"https:\/\/bulaoutdoor.nl\/product\/dutchtub-weltevree\/#primaryimage"},"image":{"@id":"https:\/\/bulaoutdoor.nl\/product\/dutchtub-weltevree\/#primaryimage"},"thumbnailUrl":"https:\/\/bulaoutdoor.nl\/wp-content\/uploads\/2018\/05\/weltevree_dutchtub_original_product_image_orange_with_wok_2.jpg","datePublished":"2018-05-27T09:31:36+00:00","dateModified":"2025-11-13T09:37:38+00:00","breadcrumb":{"@id":"https:\/\/bulaoutdoor.nl\/product\/dutchtub-weltevree\/#breadcrumb"},"inLanguage":"fr-FR","potentialAction":[{"@type":"ReadAction","target":["https:\/\/bulaoutdoor.nl\/product\/dutchtub-weltevree\/"]}]},{"@type":"ImageObject","inLanguage":"fr-FR","@id":"https:\/\/bulaoutdoor.nl\/product\/dutchtub-weltevree\/#primaryimage","url":"https:\/\/bulaoutdoor.nl\/wp-content\/uploads\/2018\/05\/weltevree_dutchtub_original_product_image_orange_with_wok_2.jpg","contentUrl":"https:\/\/bulaoutdoor.nl\/wp-content\/uploads\/2018\/05\/weltevree_dutchtub_original_product_image_orange_with_wok_2.jpg","width":960,"height":960},{"@type":"BreadcrumbList","@id":"https:\/\/bulaoutdoor.nl\/product\/dutchtub-weltevree\/#breadcrumb","itemListElement":[{"@type":"ListItem","position":1,"name":"Home","item":"https:\/\/bulaoutdoor.nl\/"},{"@type":"ListItem","position":2,"name":"Online BBQ kopen","item":"https:\/\/bulaoutdoor.nl\/"},{"@type":"ListItem","position":3,"name":"Weltevree Dutchtub"}]},{"@type":"WebSite","@id":"https:\/\/bulaoutdoor.nl\/#website","url":"https:\/\/bulaoutdoor.nl\/","name":"Bula Outdoor","description":"Pour votre chemin\u00e9e ext\u00e9rieure, votre barbecue, votre torche de jardin et votre four \u00e0 bois","publisher":{"@id":"https:\/\/bulaoutdoor.nl\/#organization"},"potentialAction":[{"@type":"SearchAction","target":{"@type":"EntryPoint","urlTemplate":"https:\/\/bulaoutdoor.nl\/?s={search_term_string}"},"query-input":{"@type":"PropertyValueSpecification","valueRequired":true,"valueName":"search_term_string"}}],"inLanguage":"fr-FR"},{"@type":"Organization","@id":"https:\/\/bulaoutdoor.nl\/#organization","name":"Bula Outdoor","url":"https:\/\/bulaoutdoor.nl\/","logo":{"@type":"ImageObject","inLanguage":"fr-FR","@id":"https:\/\/bulaoutdoor.nl\/#\/schema\/logo\/image\/","url":"https:\/\/www.bulaoutdoor.nl\/wp-content\/uploads\/2018\/04\/bulaoutdoor-logo.png","contentUrl":"https:\/\/www.bulaoutdoor.nl\/wp-content\/uploads\/2018\/04\/bulaoutdoor-logo.png","width":324,"height":91,"caption":"Bula Outdoor"},"image":{"@id":"https:\/\/bulaoutdoor.nl\/#\/schema\/logo\/image\/"}}]}},"jetpack_sharing_enabled":true,"_links":{"self":[{"href":"https:\/\/bulaoutdoor.nl\/fr\/wp-json\/wp\/v2\/product\/849","targetHints":{"allow":["GET"]}}],"collection":[{"href":"https:\/\/bulaoutdoor.nl\/fr\/wp-json\/wp\/v2\/product"}],"about":[{"href":"https:\/\/bulaoutdoor.nl\/fr\/wp-json\/wp\/v2\/types\/product"}],"replies":[{"embeddable":true,"href":"https:\/\/bulaoutdoor.nl\/fr\/wp-json\/wp\/v2\/comments?post=849"}],"wp:featuredmedia":[{"embeddable":true,"href":"https:\/\/bulaoutdoor.nl\/fr\/wp-json\/wp\/v2\/media\/64293"}],"wp:attachment":[{"href":"https:\/\/bulaoutdoor.nl\/fr\/wp-json\/wp\/v2\/media?parent=849"}],"wp:term":[{"taxonomy":"product_brand","embeddable":true,"href":"https:\/\/bulaoutdoor.nl\/fr\/wp-json\/wp\/v2\/product_brand?post=849"},{"taxonomy":"product_cat","embeddable":true,"href":"https:\/\/bulaoutdoor.nl\/fr\/wp-json\/wp\/v2\/product_cat?post=849"},{"taxonomy":"product_tag","embeddable":true,"href":"https:\/\/bulaoutdoor.nl\/fr\/wp-json\/wp\/v2\/product_tag?post=849"}],"curies":[{"name":"wp","href":"https:\/\/api.w.org\/{rel}","templated":true}]}}