{"id":854,"date":"2018-05-27T09:31:37","date_gmt":"2018-05-27T09:31:37","guid":{"rendered":"http:\/\/www.bulaoutdoor.nl\/product\/import-placeholder-for-348\/"},"modified":"2025-11-17T16:05:50","modified_gmt":"2025-11-17T16:05:50","slug":"oval-xl-400-ceramic-bbq-grill-and-smoker","status":"publish","type":"product","link":"https:\/\/bulaoutdoor.nl\/fr\/product\/oval-xl-400-ceramische-bbq-grill-en-smoker\/","title":{"rendered":"Primo Oval XL 400 barbecue et fumoir en c\u00e9ramique"},"content":{"rendered":"<p>Un Primo Oval XL BBQ est un barbecue complet qui vous permet de mettre les plats les plus savoureux sur la table en un rien de temps. Comme nous adorons ce type de barbecue chez Bula Outdoor, nous le proposons naturellement dans notre gamme. Vous pouvez \u00e9galement acheter le Grill Kamado de Primo. Jetez un coup d'\u0153il \u00e0 notre gamme et choisissez le barbecue qui vous convient.<\/p>\n<p>Livraison gratuite aux Pays-Bas et en Belgique<\/p>\n<h2>Chez Primo, nous vendons le BBQ XL ovale et le Grill Kamado.<\/h2>\n<p>Avec Primo, vous faites entrer la cr\u00e8me de la cr\u00e8me dans votre maison. Choisissez l'un des mod\u00e8les que nous vendons. Le Grill Kamado de Primo est \u00e9quip\u00e9 de tables lat\u00e9rales s\u00e9curis\u00e9es, de grilles de cuisson r\u00e9versibles et d'un thermom\u00e8tre. Le barbecue Oval XL de Primo offre un contr\u00f4le sublime de la temp\u00e9rature, vous permettant de cuisiner lentement mais aussi d'atteindre rapidement des temp\u00e9ratures \u00e9lev\u00e9es. Le <a href=\"https:\/\/bulaoutdoor.nl\/fr\/produit\/oval-lg-300-ceramic-bbq-grill-and-smoker-the-best-and-versatile-barbecue-from-usa\/\">Primo Oval LG<\/a> est \u00e9galement un beau mod\u00e8le, sur lequel vous pouvez griller, fumer ou faire des grillades. Si vous prenez rendez-vous dans notre magasin, nous nous ferons un plaisir de vous expliquer les diff\u00e9rences entre le Grill Kamado et le BBQ Oval XL de Primo.<\/p>\n<h2>Barbecues d'autres marques<\/h2>\n<p>Vous n'\u00eates pas attach\u00e9 \u00e0 cette marque ? Vous pouvez \u00e9galement trouver d'excellents mod\u00e8les d'autres marques, comme le <a href=\"https:\/\/bulaoutdoor.nl\/fr\/produit\/beefeater-discovery-1100e-serie-encastrable-4-bruleurs\/\">Beefeater Discovery BBQ<\/a>. Ce mod\u00e8le est dot\u00e9 d'une fen\u00eatre de visualisation, ce qui vous \u00e9vite d'ouvrir le couvercle pour voir si votre viande est cuite. Si vous recherchez une qualit\u00e9 sup\u00e9rieure \u00e0 un prix raisonnable, nous vous recommandons le <a href=\"https:\/\/bulaoutdoor.nl\/fr\/produit\/baron-440\/\">Baron 440<\/a> sur. Ce mod\u00e8le est facile \u00e0 d\u00e9placer gr\u00e2ce \u00e0 ses roulettes, et l'acier \u00e0 double paroi assure une conservation optimale de la chaleur. Les <a href=\"https:\/\/bulaoutdoor.nl\/fr\/categorie-de-produits\/bbq\/roi-du-gril-2\/couronne-polyvalente\/\">Broil King Crown<\/a> est \u00e9galement fortement recommand\u00e9.<\/p>\n<h3>Commandez votre nouveau barbecue directement en ligne<\/h3>\n<p>Chez Primo, vous avez le choix entre le Grill Kamado et le BBQ XL ovale. Choisissez le mod\u00e8le qui vous convient et passez commande. Prenez rendez-vous \u00e0 <a href=\"https:\/\/bulaoutdoor.nl\/fr\/\">notre boutique d'accessoires d'ext\u00e9rieur<\/a> \u00e0 Bussum, pr\u00e8s de Hilversum ? N'h\u00e9sitez pas \u00e0 nous contacter en appelant le <a href=\"tel:0031355330658\">035-5330658<\/a> ou envoyer un courriel \u00e0 <a href=\"mailto:info@bulaoutdoor.nl\">info@bulaoutdoor.nl<\/a>.<\/p>","protected":false},"excerpt":{"rendered":"<p>Oval XL 400 ceramic BBQ Grill and Smoker Le meilleur et le plus polyvalent des barbecues am\u00e9ricains.<\/p>","protected":false},"featured_media":10984,"comment_status":"open","ping_status":"closed","template":"","meta":{"_acf_changed":false},"product_brand":[],"product_cat":[389],"product_tag":[162,43,163,156,155,161],"class_list":{"0":"post-854","1":"product","2":"type-product","3":"status-publish","4":"has-post-thumbnail","6":"product_cat-primo-barbecues","7":"product_tag-162","8":"product_tag-bbq","9":"product_tag-ceramisch","10":"product_tag-ovaal","11":"product_tag-primo","12":"product_tag-xl","14":"first","15":"onbackorder","16":"sale","17":"taxable","18":"shipping-taxable","19":"purchasable","20":"product-type-simple"},"acf":[],"yoast_head":"<!-- This site is optimized with the Yoast SEO plugin v27.5 - https:\/\/yoast.com\/product\/yoast-seo-wordpress\/ -->\n<title>Primo Oval XL 400 keramische BBQ Grill en Smoker &#8211; Bula Outdoor<\/title>\n<meta name=\"description\" content=\"Genieten van de lekkerste gerechten van de Primo Oval XL BBQ? Dan bestelt u direct een exemplaar bij ons in de online shop. Neem contact op bij vragen.\" \/>\n<meta name=\"robots\" content=\"index, follow, max-snippet:-1, max-image-preview:large, max-video-preview:-1\" \/>\n<link rel=\"canonical\" href=\"https:\/\/bulaoutdoor.nl\/fr\/produit\/oval-xl-400-ceramic-bbq-grill-and-smoker\/\" \/>\n<meta property=\"og:locale\" content=\"fr_FR\" \/>\n<meta property=\"og:type\" content=\"article\" \/>\n<meta property=\"og:title\" content=\"Primo Oval XL 400 keramische BBQ Grill en Smoker &#8211; Bula Outdoor\" \/>\n<meta property=\"og:description\" content=\"Genieten van de lekkerste gerechten van de Primo Oval XL BBQ? Dan bestelt u direct een exemplaar bij ons in de online shop. Neem contact op bij vragen.\" \/>\n<meta property=\"og:url\" content=\"https:\/\/bulaoutdoor.nl\/fr\/produit\/oval-xl-400-ceramic-bbq-grill-and-smoker\/\" \/>\n<meta property=\"og:site_name\" content=\"Bula Outdoor\" \/>\n<meta property=\"article:modified_time\" content=\"2025-11-17T16:05:50+00:00\" \/>\n<meta property=\"og:image\" content=\"https:\/\/bulaoutdoor.nl\/wp-content\/uploads\/2018\/05\/xl-400.png\" \/>\n\t<meta property=\"og:image:width\" content=\"480\" \/>\n\t<meta property=\"og:image:height\" content=\"392\" \/>\n\t<meta property=\"og:image:type\" content=\"image\/png\" \/>\n<meta name=\"twitter:card\" content=\"summary_large_image\" \/>\n<meta name=\"twitter:label1\" content=\"Dur\u00e9e de lecture estim\u00e9e\" \/>\n\t<meta name=\"twitter:data1\" content=\"2 minutes\" \/>\n<script type=\"application\/ld+json\" class=\"yoast-schema-graph\">{\"@context\":\"https:\\\/\\\/schema.org\",\"@graph\":[{\"@type\":\"WebPage\",\"@id\":\"https:\\\/\\\/bulaoutdoor.nl\\\/product\\\/oval-xl-400-ceramische-bbq-grill-en-smoker\\\/\",\"url\":\"https:\\\/\\\/bulaoutdoor.nl\\\/product\\\/oval-xl-400-ceramische-bbq-grill-en-smoker\\\/\",\"name\":\"Primo Oval XL 400 keramische BBQ Grill en Smoker &#8211; Bula Outdoor\",\"isPartOf\":{\"@id\":\"https:\\\/\\\/bulaoutdoor.nl\\\/#website\"},\"primaryImageOfPage\":{\"@id\":\"https:\\\/\\\/bulaoutdoor.nl\\\/product\\\/oval-xl-400-ceramische-bbq-grill-en-smoker\\\/#primaryimage\"},\"image\":{\"@id\":\"https:\\\/\\\/bulaoutdoor.nl\\\/product\\\/oval-xl-400-ceramische-bbq-grill-en-smoker\\\/#primaryimage\"},\"thumbnailUrl\":\"https:\\\/\\\/bulaoutdoor.nl\\\/wp-content\\\/uploads\\\/2018\\\/05\\\/xl-400.png\",\"datePublished\":\"2018-05-27T09:31:37+00:00\",\"dateModified\":\"2025-11-17T16:05:50+00:00\",\"description\":\"Genieten van de lekkerste gerechten van de Primo Oval XL BBQ? Dan bestelt u direct een exemplaar bij ons in de online shop. Neem contact op bij vragen.\",\"breadcrumb\":{\"@id\":\"https:\\\/\\\/bulaoutdoor.nl\\\/product\\\/oval-xl-400-ceramische-bbq-grill-en-smoker\\\/#breadcrumb\"},\"inLanguage\":\"fr-FR\",\"potentialAction\":[{\"@type\":\"ReadAction\",\"target\":[\"https:\\\/\\\/bulaoutdoor.nl\\\/product\\\/oval-xl-400-ceramische-bbq-grill-en-smoker\\\/\"]}]},{\"@type\":\"ImageObject\",\"inLanguage\":\"fr-FR\",\"@id\":\"https:\\\/\\\/bulaoutdoor.nl\\\/product\\\/oval-xl-400-ceramische-bbq-grill-en-smoker\\\/#primaryimage\",\"url\":\"https:\\\/\\\/bulaoutdoor.nl\\\/wp-content\\\/uploads\\\/2018\\\/05\\\/xl-400.png\",\"contentUrl\":\"https:\\\/\\\/bulaoutdoor.nl\\\/wp-content\\\/uploads\\\/2018\\\/05\\\/xl-400.png\",\"width\":480,\"height\":392},{\"@type\":\"BreadcrumbList\",\"@id\":\"https:\\\/\\\/bulaoutdoor.nl\\\/product\\\/oval-xl-400-ceramische-bbq-grill-en-smoker\\\/#breadcrumb\",\"itemListElement\":[{\"@type\":\"ListItem\",\"position\":1,\"name\":\"Home\",\"item\":\"https:\\\/\\\/bulaoutdoor.nl\\\/\"},{\"@type\":\"ListItem\",\"position\":2,\"name\":\"Online BBQ kopen\",\"item\":\"https:\\\/\\\/bulaoutdoor.nl\\\/\"},{\"@type\":\"ListItem\",\"position\":3,\"name\":\"Primo Oval XL 400 keramische BBQ Grill en Smoker\"}]},{\"@type\":\"WebSite\",\"@id\":\"https:\\\/\\\/bulaoutdoor.nl\\\/#website\",\"url\":\"https:\\\/\\\/bulaoutdoor.nl\\\/\",\"name\":\"Bula Outdoor\",\"description\":\"Voor uw buitenhaard, BBQ, tuinfakkel en houtoven\",\"publisher\":{\"@id\":\"https:\\\/\\\/bulaoutdoor.nl\\\/#organization\"},\"potentialAction\":[{\"@type\":\"SearchAction\",\"target\":{\"@type\":\"EntryPoint\",\"urlTemplate\":\"https:\\\/\\\/bulaoutdoor.nl\\\/?s={search_term_string}\"},\"query-input\":{\"@type\":\"PropertyValueSpecification\",\"valueRequired\":true,\"valueName\":\"search_term_string\"}}],\"inLanguage\":\"fr-FR\"},{\"@type\":\"Organization\",\"@id\":\"https:\\\/\\\/bulaoutdoor.nl\\\/#organization\",\"name\":\"Bula Outdoor\",\"url\":\"https:\\\/\\\/bulaoutdoor.nl\\\/\",\"logo\":{\"@type\":\"ImageObject\",\"inLanguage\":\"fr-FR\",\"@id\":\"https:\\\/\\\/bulaoutdoor.nl\\\/#\\\/schema\\\/logo\\\/image\\\/\",\"url\":\"https:\\\/\\\/www.bulaoutdoor.nl\\\/wp-content\\\/uploads\\\/2018\\\/04\\\/bulaoutdoor-logo.png\",\"contentUrl\":\"https:\\\/\\\/www.bulaoutdoor.nl\\\/wp-content\\\/uploads\\\/2018\\\/04\\\/bulaoutdoor-logo.png\",\"width\":324,\"height\":91,\"caption\":\"Bula Outdoor\"},\"image\":{\"@id\":\"https:\\\/\\\/bulaoutdoor.nl\\\/#\\\/schema\\\/logo\\\/image\\\/\"}}]}<\/script>\n<!-- \/ Yoast SEO plugin. -->","yoast_head_json":{"title":"Primo Oval XL 400 barbecue et fumoir en c\u00e9ramique - Bula Outdoor","description":"Vous appr\u00e9ciez les plats les plus savoureux du Primo Oval XL BBQ ? Commandez-en un directement dans notre boutique en ligne. N'h\u00e9sitez pas \u00e0 nous contacter si vous avez des questions.","robots":{"index":"index","follow":"follow","max-snippet":"max-snippet:-1","max-image-preview":"max-image-preview:large","max-video-preview":"max-video-preview:-1"},"canonical":"https:\/\/bulaoutdoor.nl\/fr\/produit\/oval-xl-400-ceramic-bbq-grill-and-smoker\/","og_locale":"fr_FR","og_type":"article","og_title":"Primo Oval XL 400 keramische BBQ Grill en Smoker &#8211; Bula Outdoor","og_description":"Genieten van de lekkerste gerechten van de Primo Oval XL BBQ? Dan bestelt u direct een exemplaar bij ons in de online shop. Neem contact op bij vragen.","og_url":"https:\/\/bulaoutdoor.nl\/fr\/produit\/oval-xl-400-ceramic-bbq-grill-and-smoker\/","og_site_name":"Bula Outdoor","article_modified_time":"2025-11-17T16:05:50+00:00","og_image":[{"width":480,"height":392,"url":"https:\/\/bulaoutdoor.nl\/wp-content\/uploads\/2018\/05\/xl-400.png","type":"image\/png"}],"twitter_card":"summary_large_image","twitter_misc":{"Dur\u00e9e de lecture estim\u00e9e":"2 minutes"},"schema":{"@context":"https:\/\/schema.org","@graph":[{"@type":"WebPage","@id":"https:\/\/bulaoutdoor.nl\/product\/oval-xl-400-ceramische-bbq-grill-en-smoker\/","url":"https:\/\/bulaoutdoor.nl\/product\/oval-xl-400-ceramische-bbq-grill-en-smoker\/","name":"Primo Oval XL 400 barbecue et fumoir en c\u00e9ramique - Bula Outdoor","isPartOf":{"@id":"https:\/\/bulaoutdoor.nl\/#website"},"primaryImageOfPage":{"@id":"https:\/\/bulaoutdoor.nl\/product\/oval-xl-400-ceramische-bbq-grill-en-smoker\/#primaryimage"},"image":{"@id":"https:\/\/bulaoutdoor.nl\/product\/oval-xl-400-ceramische-bbq-grill-en-smoker\/#primaryimage"},"thumbnailUrl":"https:\/\/bulaoutdoor.nl\/wp-content\/uploads\/2018\/05\/xl-400.png","datePublished":"2018-05-27T09:31:37+00:00","dateModified":"2025-11-17T16:05:50+00:00","description":"Vous appr\u00e9ciez les plats les plus savoureux du Primo Oval XL BBQ ? Commandez-en un directement dans notre boutique en ligne. N'h\u00e9sitez pas \u00e0 nous contacter si vous avez des questions.","breadcrumb":{"@id":"https:\/\/bulaoutdoor.nl\/product\/oval-xl-400-ceramische-bbq-grill-en-smoker\/#breadcrumb"},"inLanguage":"fr-FR","potentialAction":[{"@type":"ReadAction","target":["https:\/\/bulaoutdoor.nl\/product\/oval-xl-400-ceramische-bbq-grill-en-smoker\/"]}]},{"@type":"ImageObject","inLanguage":"fr-FR","@id":"https:\/\/bulaoutdoor.nl\/product\/oval-xl-400-ceramische-bbq-grill-en-smoker\/#primaryimage","url":"https:\/\/bulaoutdoor.nl\/wp-content\/uploads\/2018\/05\/xl-400.png","contentUrl":"https:\/\/bulaoutdoor.nl\/wp-content\/uploads\/2018\/05\/xl-400.png","width":480,"height":392},{"@type":"BreadcrumbList","@id":"https:\/\/bulaoutdoor.nl\/product\/oval-xl-400-ceramische-bbq-grill-en-smoker\/#breadcrumb","itemListElement":[{"@type":"ListItem","position":1,"name":"Home","item":"https:\/\/bulaoutdoor.nl\/"},{"@type":"ListItem","position":2,"name":"Online BBQ kopen","item":"https:\/\/bulaoutdoor.nl\/"},{"@type":"ListItem","position":3,"name":"Primo Oval XL 400 keramische BBQ Grill en Smoker"}]},{"@type":"WebSite","@id":"https:\/\/bulaoutdoor.nl\/#website","url":"https:\/\/bulaoutdoor.nl\/","name":"Bula Outdoor","description":"Pour votre chemin\u00e9e ext\u00e9rieure, votre barbecue, votre torche de jardin et votre four \u00e0 bois","publisher":{"@id":"https:\/\/bulaoutdoor.nl\/#organization"},"potentialAction":[{"@type":"SearchAction","target":{"@type":"EntryPoint","urlTemplate":"https:\/\/bulaoutdoor.nl\/?s={search_term_string}"},"query-input":{"@type":"PropertyValueSpecification","valueRequired":true,"valueName":"search_term_string"}}],"inLanguage":"fr-FR"},{"@type":"Organization","@id":"https:\/\/bulaoutdoor.nl\/#organization","name":"Bula Outdoor","url":"https:\/\/bulaoutdoor.nl\/","logo":{"@type":"ImageObject","inLanguage":"fr-FR","@id":"https:\/\/bulaoutdoor.nl\/#\/schema\/logo\/image\/","url":"https:\/\/www.bulaoutdoor.nl\/wp-content\/uploads\/2018\/04\/bulaoutdoor-logo.png","contentUrl":"https:\/\/www.bulaoutdoor.nl\/wp-content\/uploads\/2018\/04\/bulaoutdoor-logo.png","width":324,"height":91,"caption":"Bula Outdoor"},"image":{"@id":"https:\/\/bulaoutdoor.nl\/#\/schema\/logo\/image\/"}}]}},"jetpack_sharing_enabled":true,"_links":{"self":[{"href":"https:\/\/bulaoutdoor.nl\/fr\/wp-json\/wp\/v2\/product\/854","targetHints":{"allow":["GET"]}}],"collection":[{"href":"https:\/\/bulaoutdoor.nl\/fr\/wp-json\/wp\/v2\/product"}],"about":[{"href":"https:\/\/bulaoutdoor.nl\/fr\/wp-json\/wp\/v2\/types\/product"}],"replies":[{"embeddable":true,"href":"https:\/\/bulaoutdoor.nl\/fr\/wp-json\/wp\/v2\/comments?post=854"}],"wp:featuredmedia":[{"embeddable":true,"href":"https:\/\/bulaoutdoor.nl\/fr\/wp-json\/wp\/v2\/media\/10984"}],"wp:attachment":[{"href":"https:\/\/bulaoutdoor.nl\/fr\/wp-json\/wp\/v2\/media?parent=854"}],"wp:term":[{"taxonomy":"product_brand","embeddable":true,"href":"https:\/\/bulaoutdoor.nl\/fr\/wp-json\/wp\/v2\/product_brand?post=854"},{"taxonomy":"product_cat","embeddable":true,"href":"https:\/\/bulaoutdoor.nl\/fr\/wp-json\/wp\/v2\/product_cat?post=854"},{"taxonomy":"product_tag","embeddable":true,"href":"https:\/\/bulaoutdoor.nl\/fr\/wp-json\/wp\/v2\/product_tag?post=854"}],"curies":[{"name":"wp","href":"https:\/\/api.w.org\/{rel}","templated":true}]}}