{"id":859,"date":"2018-05-27T09:31:39","date_gmt":"2018-05-27T09:31:39","guid":{"rendered":"http:\/\/www.bulaoutdoor.nl\/product\/import-placeholder-for-371\/"},"modified":"2025-05-20T13:09:02","modified_gmt":"2025-05-20T13:09:02","slug":"oval-lg-300-ceramic-bbq-grill-and-smoker-the-best-and-versatile-barbecue-from-usa","status":"publish","type":"product","link":"https:\/\/bulaoutdoor.nl\/fr\/product\/oval-lg-300-ceramische-bbq-grill-en-smoker-de-beste-en-veelzijdige-barbecue-uit-de-usa\/","title":{"rendered":"Primo Oval LG 300 barbecue et fumoir en c\u00e9ramique"},"content":{"rendered":"<h2>Le Primo Oval LG<\/h2>\n<p>est parfait pour pr\u00e9parer de grandes quantit\u00e9s : griller, cuire, griller ou fumer. Si n\u00e9cessaire, agrandissez votre surface de cuisson avec une grille de cuisson sur\u00e9lev\u00e9e en option. Vous pouvez bien entendu acheter le Primo Oval LG dans la boutique en ligne de Bula Outdoor.<\/p>\n<p>Livraison gratuite aux Pays-Bas et en Belgique<\/p>\n<h2>Commander un Primo Oval LG en ligne<\/h2>\n<p>Le Primo Oval LG pr\u00e9sente de nombreux avantages, notamment une sortie de fum\u00e9e r\u00e9glable en fonte, un thermom\u00e8tre facile \u00e0 lire, des grilles de cuisson r\u00e9versibles et une entr\u00e9e d'air en acier inoxydable \u00e0 la base. Il est disponible en tant que gril seul ou avec un \"chariot avec panier\" en option et des tables lat\u00e9rales avec deux porte-gobelets ou avec une autre table ou un autre chariot Oval Large. Gr\u00e2ce \u00e0 un contr\u00f4le exceptionnel de la temp\u00e9rature, vous vous assurez que chaque plat devient une v\u00e9ritable sensation gustative.<\/p>\n<h2>Sp\u00e9cifications et caract\u00e9ristiques d'un Prima Oval LG<\/h2>\n<p>Sp\u00e9cifications :<\/p>\n<ul>\n<li>Poids : 68,95 kg<\/li>\n<li>Surface de cuisson : 1 935 cm\u00b2.<\/li>\n<li>Syst\u00e8me d'\u00e9tag\u00e8res en option : 1 258 cm\u00b2.<\/li>\n<li>Surface totale de cuisson : 3 193 cm\u00b2.<\/li>\n<li>Grille de cuisson : 38 cm x 56 cm<\/li>\n<li>Plage de temp\u00e9rature : 66\u00b0C-454\u00b0C<\/li>\n<\/ul>\n<p>Caract\u00e9ristiques :<\/p>\n<ul>\n<li>Conception ovale brevet\u00e9e \u00e0 l'\u00e9chelle mondiale<\/li>\n<li>C\u00e9ramique de premi\u00e8re qualit\u00e9<\/li>\n<li>Grilles de cuisson r\u00e9versibles<\/li>\n<li>Syst\u00e8me d'\u00e9tag\u00e8res et accessoires en option<\/li>\n<\/ul>\n<h2>Tous les avantages de la Prima Oval LG en un coup d'\u0153il<\/h2>\n<h4>Un go\u00fbt \u00e9tonnant<\/h4>\n<p>Avec notre c\u00e9ramique de premi\u00e8re qualit\u00e9 et notre charbon de bois naturel Primo, vous obtiendrez une viande incroyablement juteuse avec un soup\u00e7on d'ar\u00f4me de charbon de bois. La coquille en c\u00e9ramique permet \u00e0 la viande cuite sur un Primo de conserver sa jutosit\u00e9, contrairement aux barbecues en m\u00e9tal qui extraient l'humidit\u00e9 de la viande. Notre charbon de bois est fabriqu\u00e9 \u00e0 partir de bois dur am\u00e9ricain et injecte un peu de cette douce saveur de fum\u00e9e dans vos plats.<\/p>\n<h4>Contr\u00f4le exceptionnel de la temp\u00e9rature<\/h4>\n<p>Faites cuire du saumon \u00e0 65\u00b0C ou pr\u00e9parez de savoureuses c\u00f4tes \u00e0 une temp\u00e9rature de 450\u00b0C. Vous pouvez \u00e9galement cuire \u00e0 basse temp\u00e9rature et lentement, par exemple pour pr\u00e9parer un cochon de lait ou un gigot d'agneau.<\/p>\n<h4>Facile \u00e0 pr\u00e9parer et rapide \u00e0 r\u00e9chauffer<\/h4>\n<p>Vous pouvez commencer \u00e0 cuisiner apr\u00e8s seulement 15 minutes, aussi rapidement qu'avec un barbecue \u00e0 gaz. Un autre avantage de notre charbon de bois naturel est qu'il peut \u00eatre reconstitu\u00e9 pour \u00eatre utilis\u00e9 plusieurs fois.<\/p>\n<h4>Entretien facile et autonettoyage<\/h4>\n<p>Les grils en c\u00e9ramique Primo font pratiquement tout eux-m\u00eames. Des inspections p\u00e9riodiques garantissent que votre Primo sera parfait pendant des ann\u00e9es et que vous pourrez en profiter \"pour toujours\". Nos grils fonctionnent comme un four autonettoyant.<\/p>\n<h4>R\u00e9sistant aux intemp\u00e9ries<\/h4>\n<p>Les barbecues Primo, comme le Primo Oval LG, sont con\u00e7us pour la vie en plein air. Nos c\u00e9ramiques, nos finitions \u00e9maill\u00e9es et nos m\u00e9taux r\u00e9sistent aux conditions climatiques les plus extr\u00eames. Nos grilles sont utilis\u00e9es dans le monde entier par forte chaleur, forte humidit\u00e9, sous la pluie, le vent, la neige et m\u00eame \u00e0 des temp\u00e9ratures bien inf\u00e9rieures au point de cong\u00e9lation. Profitez de la s\u00e9curit\u00e9 et des performances in\u00e9gal\u00e9es de votre Primo partout dans le monde !<\/p>\n<p>Voir aussi les vid\u00e9os de\u00a0<a href=\"http:\/\/www.primogrill.com\/en-us\/explore\/primo-university\" target=\"_blank\" rel=\"noopener noreferrer\">Primo<\/a>\u00a0ou <a href=\"https:\/\/www.dropbox.com\/s\/st9xax4hf56q934\/PRIMO%20BROCHURE%20DUTCH.pdf\" target=\"_blank\" rel=\"noopener noreferrer\">t\u00e9l\u00e9charger la brochure<\/a><\/p>\n<p>Recette :\u00a0<a href=\"https:\/\/youtu.be\/ZYJn0d9qIKw\" target=\"_blank\" rel=\"noopener noreferrer\"> Porc Char Siu avec le Primo Kamado All-In-One. Il s'agit d'une recette facile pour un merveilleux porc barbecue chinois.<\/a><\/p>\n<h3>Passez une commande imm\u00e9diatement ou contactez-nous pour plus d'informations.<\/h3>\n<p>Commandez votre nouveau Primo Oval LG directement en ligne et profitez des meilleurs produits de barbecue. Vous avez des questions, vous avez besoin de plus d'informations ou nous pouvons vous aider ? Alors n'h\u00e9sitez pas \u00e0 nous contacter <a href=\"https:\/\/bulaoutdoor.nl\/fr\/contact\/\">nous contacter<\/a> en appelant le <a href=\"tel:0031355330658\">035-5330658<\/a>. Il est possible de passer au magasin de Bussum, pr\u00e8s de Hilversum, et d'y d\u00e9couvrir notre large gamme. Veuillez prendre rendez-vous pour une visite.<\/p>\n<p>\u00c9galement int\u00e9ressant :<\/p>\n<p><a href=\"https:\/\/bulaoutdoor.nl\/fr\/produit\/oval-xl-400-ceramic-bbq-grill-and-smoker\/\">Primo Oval XL BBQ<\/a> | <a href=\"https:\/\/bulaoutdoor.nl\/fr\/categorie-de-produits\/bbq\/gril-et-fumoir-primo-2\/\">Primo Grill Kamado<\/a> | <a href=\"https:\/\/bulaoutdoor.nl\/fr\/produit\/beefeater-discovery-1100e-serie-encastrable-4-bruleurs\/\">Beefeater Discovery BBQ<\/a><\/p>","protected":false},"excerpt":{"rendered":"<p>Primo Oval LG 300 ceramic BBQ Grill and Smoker Le meilleur et le plus polyvalent des barbecues am\u00e9ricains<\/p>","protected":false},"featured_media":10983,"comment_status":"open","ping_status":"closed","template":"","meta":{"_acf_changed":false},"product_brand":[],"product_cat":[389],"product_tag":[],"class_list":{"0":"post-859","1":"product","2":"type-product","3":"status-publish","4":"has-post-thumbnail","6":"product_cat-primo-barbecues","8":"first","9":"instock","10":"sale","11":"taxable","12":"shipping-taxable","13":"purchasable","14":"product-type-simple"},"acf":[],"yoast_head":"<!-- This site is optimized with the Yoast SEO plugin v27.4 - https:\/\/yoast.com\/product\/yoast-seo-wordpress\/ -->\n<title>Primo Oval LG 300 keramische BBQ Grill en Smoker &#8211; Bula Outdoor<\/title>\n<meta name=\"description\" content=\"Wilt u genieten van het beste wat een barbecue u kan bieden? Dan kiest u voor een Primo Oval LG bij ons in de online shop. Maak uw keuze en bestel direct.\" \/>\n<meta name=\"robots\" content=\"index, follow, max-snippet:-1, max-image-preview:large, max-video-preview:-1\" \/>\n<link rel=\"canonical\" href=\"https:\/\/bulaoutdoor.nl\/fr\/produit\/oval-lg-300-ceramic-bbq-grill-and-smoker-the-best-and-versatile-barbecue-from-usa\/\" \/>\n<meta property=\"og:locale\" content=\"fr_FR\" \/>\n<meta property=\"og:type\" content=\"article\" \/>\n<meta property=\"og:title\" content=\"Primo Oval LG 300 keramische BBQ Grill en Smoker &#8211; Bula Outdoor\" \/>\n<meta property=\"og:description\" content=\"Wilt u genieten van het beste wat een barbecue u kan bieden? Dan kiest u voor een Primo Oval LG bij ons in de online shop. Maak uw keuze en bestel direct.\" \/>\n<meta property=\"og:url\" content=\"https:\/\/bulaoutdoor.nl\/fr\/produit\/oval-lg-300-ceramic-bbq-grill-and-smoker-the-best-and-versatile-barbecue-from-usa\/\" \/>\n<meta property=\"og:site_name\" content=\"Bula Outdoor\" \/>\n<meta property=\"article:modified_time\" content=\"2025-05-20T13:09:02+00:00\" \/>\n<meta property=\"og:image\" content=\"https:\/\/bulaoutdoor.nl\/wp-content\/uploads\/2018\/05\/lg-300.png\" \/>\n\t<meta property=\"og:image:width\" content=\"480\" \/>\n\t<meta property=\"og:image:height\" content=\"392\" \/>\n\t<meta property=\"og:image:type\" content=\"image\/png\" \/>\n<meta name=\"twitter:card\" content=\"summary_large_image\" \/>\n<meta name=\"twitter:label1\" content=\"Dur\u00e9e de lecture estim\u00e9e\" \/>\n\t<meta name=\"twitter:data1\" content=\"3 minutes\" \/>\n<script type=\"application\/ld+json\" class=\"yoast-schema-graph\">{\"@context\":\"https:\\\/\\\/schema.org\",\"@graph\":[{\"@type\":\"WebPage\",\"@id\":\"https:\\\/\\\/bulaoutdoor.nl\\\/product\\\/oval-lg-300-ceramische-bbq-grill-en-smoker-de-beste-en-veelzijdige-barbecue-uit-de-usa\\\/\",\"url\":\"https:\\\/\\\/bulaoutdoor.nl\\\/product\\\/oval-lg-300-ceramische-bbq-grill-en-smoker-de-beste-en-veelzijdige-barbecue-uit-de-usa\\\/\",\"name\":\"Primo Oval LG 300 keramische BBQ Grill en Smoker &#8211; Bula Outdoor\",\"isPartOf\":{\"@id\":\"https:\\\/\\\/bulaoutdoor.nl\\\/#website\"},\"primaryImageOfPage\":{\"@id\":\"https:\\\/\\\/bulaoutdoor.nl\\\/product\\\/oval-lg-300-ceramische-bbq-grill-en-smoker-de-beste-en-veelzijdige-barbecue-uit-de-usa\\\/#primaryimage\"},\"image\":{\"@id\":\"https:\\\/\\\/bulaoutdoor.nl\\\/product\\\/oval-lg-300-ceramische-bbq-grill-en-smoker-de-beste-en-veelzijdige-barbecue-uit-de-usa\\\/#primaryimage\"},\"thumbnailUrl\":\"https:\\\/\\\/bulaoutdoor.nl\\\/wp-content\\\/uploads\\\/2018\\\/05\\\/lg-300.png\",\"datePublished\":\"2018-05-27T09:31:39+00:00\",\"dateModified\":\"2025-05-20T13:09:02+00:00\",\"description\":\"Wilt u genieten van het beste wat een barbecue u kan bieden? Dan kiest u voor een Primo Oval LG bij ons in de online shop. Maak uw keuze en bestel direct.\",\"breadcrumb\":{\"@id\":\"https:\\\/\\\/bulaoutdoor.nl\\\/product\\\/oval-lg-300-ceramische-bbq-grill-en-smoker-de-beste-en-veelzijdige-barbecue-uit-de-usa\\\/#breadcrumb\"},\"inLanguage\":\"fr-FR\",\"potentialAction\":[{\"@type\":\"ReadAction\",\"target\":[\"https:\\\/\\\/bulaoutdoor.nl\\\/product\\\/oval-lg-300-ceramische-bbq-grill-en-smoker-de-beste-en-veelzijdige-barbecue-uit-de-usa\\\/\"]}]},{\"@type\":\"ImageObject\",\"inLanguage\":\"fr-FR\",\"@id\":\"https:\\\/\\\/bulaoutdoor.nl\\\/product\\\/oval-lg-300-ceramische-bbq-grill-en-smoker-de-beste-en-veelzijdige-barbecue-uit-de-usa\\\/#primaryimage\",\"url\":\"https:\\\/\\\/bulaoutdoor.nl\\\/wp-content\\\/uploads\\\/2018\\\/05\\\/lg-300.png\",\"contentUrl\":\"https:\\\/\\\/bulaoutdoor.nl\\\/wp-content\\\/uploads\\\/2018\\\/05\\\/lg-300.png\",\"width\":480,\"height\":392},{\"@type\":\"BreadcrumbList\",\"@id\":\"https:\\\/\\\/bulaoutdoor.nl\\\/product\\\/oval-lg-300-ceramische-bbq-grill-en-smoker-de-beste-en-veelzijdige-barbecue-uit-de-usa\\\/#breadcrumb\",\"itemListElement\":[{\"@type\":\"ListItem\",\"position\":1,\"name\":\"Home\",\"item\":\"https:\\\/\\\/bulaoutdoor.nl\\\/\"},{\"@type\":\"ListItem\",\"position\":2,\"name\":\"Online BBQ kopen\",\"item\":\"https:\\\/\\\/bulaoutdoor.nl\\\/\"},{\"@type\":\"ListItem\",\"position\":3,\"name\":\"Primo Oval LG 300 keramische BBQ Grill en Smoker\"}]},{\"@type\":\"WebSite\",\"@id\":\"https:\\\/\\\/bulaoutdoor.nl\\\/#website\",\"url\":\"https:\\\/\\\/bulaoutdoor.nl\\\/\",\"name\":\"Bula Outdoor\",\"description\":\"Voor uw buitenhaard, BBQ, tuinfakkel en houtoven\",\"publisher\":{\"@id\":\"https:\\\/\\\/bulaoutdoor.nl\\\/#organization\"},\"potentialAction\":[{\"@type\":\"SearchAction\",\"target\":{\"@type\":\"EntryPoint\",\"urlTemplate\":\"https:\\\/\\\/bulaoutdoor.nl\\\/?s={search_term_string}\"},\"query-input\":{\"@type\":\"PropertyValueSpecification\",\"valueRequired\":true,\"valueName\":\"search_term_string\"}}],\"inLanguage\":\"fr-FR\"},{\"@type\":\"Organization\",\"@id\":\"https:\\\/\\\/bulaoutdoor.nl\\\/#organization\",\"name\":\"Bula Outdoor\",\"url\":\"https:\\\/\\\/bulaoutdoor.nl\\\/\",\"logo\":{\"@type\":\"ImageObject\",\"inLanguage\":\"fr-FR\",\"@id\":\"https:\\\/\\\/bulaoutdoor.nl\\\/#\\\/schema\\\/logo\\\/image\\\/\",\"url\":\"https:\\\/\\\/www.bulaoutdoor.nl\\\/wp-content\\\/uploads\\\/2018\\\/04\\\/bulaoutdoor-logo.png\",\"contentUrl\":\"https:\\\/\\\/www.bulaoutdoor.nl\\\/wp-content\\\/uploads\\\/2018\\\/04\\\/bulaoutdoor-logo.png\",\"width\":324,\"height\":91,\"caption\":\"Bula Outdoor\"},\"image\":{\"@id\":\"https:\\\/\\\/bulaoutdoor.nl\\\/#\\\/schema\\\/logo\\\/image\\\/\"}}]}<\/script>\n<!-- \/ Yoast SEO plugin. -->","yoast_head_json":{"title":"Primo Oval LG 300 barbecue et fumoir en c\u00e9ramique - Bula Outdoor","description":"Vous voulez profiter de ce qu'un barbecue peut vous offrir de mieux ? Choisissez alors un Primo Oval LG dans notre boutique en ligne. Faites votre choix et commandez directement.","robots":{"index":"index","follow":"follow","max-snippet":"max-snippet:-1","max-image-preview":"max-image-preview:large","max-video-preview":"max-video-preview:-1"},"canonical":"https:\/\/bulaoutdoor.nl\/fr\/produit\/oval-lg-300-ceramic-bbq-grill-and-smoker-the-best-and-versatile-barbecue-from-usa\/","og_locale":"fr_FR","og_type":"article","og_title":"Primo Oval LG 300 keramische BBQ Grill en Smoker &#8211; Bula Outdoor","og_description":"Wilt u genieten van het beste wat een barbecue u kan bieden? Dan kiest u voor een Primo Oval LG bij ons in de online shop. Maak uw keuze en bestel direct.","og_url":"https:\/\/bulaoutdoor.nl\/fr\/produit\/oval-lg-300-ceramic-bbq-grill-and-smoker-the-best-and-versatile-barbecue-from-usa\/","og_site_name":"Bula Outdoor","article_modified_time":"2025-05-20T13:09:02+00:00","og_image":[{"width":480,"height":392,"url":"https:\/\/bulaoutdoor.nl\/wp-content\/uploads\/2018\/05\/lg-300.png","type":"image\/png"}],"twitter_card":"summary_large_image","twitter_misc":{"Dur\u00e9e de lecture estim\u00e9e":"3 minutes"},"schema":{"@context":"https:\/\/schema.org","@graph":[{"@type":"WebPage","@id":"https:\/\/bulaoutdoor.nl\/product\/oval-lg-300-ceramische-bbq-grill-en-smoker-de-beste-en-veelzijdige-barbecue-uit-de-usa\/","url":"https:\/\/bulaoutdoor.nl\/product\/oval-lg-300-ceramische-bbq-grill-en-smoker-de-beste-en-veelzijdige-barbecue-uit-de-usa\/","name":"Primo Oval LG 300 barbecue et fumoir en c\u00e9ramique - Bula Outdoor","isPartOf":{"@id":"https:\/\/bulaoutdoor.nl\/#website"},"primaryImageOfPage":{"@id":"https:\/\/bulaoutdoor.nl\/product\/oval-lg-300-ceramische-bbq-grill-en-smoker-de-beste-en-veelzijdige-barbecue-uit-de-usa\/#primaryimage"},"image":{"@id":"https:\/\/bulaoutdoor.nl\/product\/oval-lg-300-ceramische-bbq-grill-en-smoker-de-beste-en-veelzijdige-barbecue-uit-de-usa\/#primaryimage"},"thumbnailUrl":"https:\/\/bulaoutdoor.nl\/wp-content\/uploads\/2018\/05\/lg-300.png","datePublished":"2018-05-27T09:31:39+00:00","dateModified":"2025-05-20T13:09:02+00:00","description":"Vous voulez profiter de ce qu'un barbecue peut vous offrir de mieux ? Choisissez alors un Primo Oval LG dans notre boutique en ligne. Faites votre choix et commandez directement.","breadcrumb":{"@id":"https:\/\/bulaoutdoor.nl\/product\/oval-lg-300-ceramische-bbq-grill-en-smoker-de-beste-en-veelzijdige-barbecue-uit-de-usa\/#breadcrumb"},"inLanguage":"fr-FR","potentialAction":[{"@type":"ReadAction","target":["https:\/\/bulaoutdoor.nl\/product\/oval-lg-300-ceramische-bbq-grill-en-smoker-de-beste-en-veelzijdige-barbecue-uit-de-usa\/"]}]},{"@type":"ImageObject","inLanguage":"fr-FR","@id":"https:\/\/bulaoutdoor.nl\/product\/oval-lg-300-ceramische-bbq-grill-en-smoker-de-beste-en-veelzijdige-barbecue-uit-de-usa\/#primaryimage","url":"https:\/\/bulaoutdoor.nl\/wp-content\/uploads\/2018\/05\/lg-300.png","contentUrl":"https:\/\/bulaoutdoor.nl\/wp-content\/uploads\/2018\/05\/lg-300.png","width":480,"height":392},{"@type":"BreadcrumbList","@id":"https:\/\/bulaoutdoor.nl\/product\/oval-lg-300-ceramische-bbq-grill-en-smoker-de-beste-en-veelzijdige-barbecue-uit-de-usa\/#breadcrumb","itemListElement":[{"@type":"ListItem","position":1,"name":"Home","item":"https:\/\/bulaoutdoor.nl\/"},{"@type":"ListItem","position":2,"name":"Online BBQ kopen","item":"https:\/\/bulaoutdoor.nl\/"},{"@type":"ListItem","position":3,"name":"Primo Oval LG 300 keramische BBQ Grill en Smoker"}]},{"@type":"WebSite","@id":"https:\/\/bulaoutdoor.nl\/#website","url":"https:\/\/bulaoutdoor.nl\/","name":"Bula Outdoor","description":"Pour votre chemin\u00e9e ext\u00e9rieure, votre barbecue, votre torche de jardin et votre four \u00e0 bois","publisher":{"@id":"https:\/\/bulaoutdoor.nl\/#organization"},"potentialAction":[{"@type":"SearchAction","target":{"@type":"EntryPoint","urlTemplate":"https:\/\/bulaoutdoor.nl\/?s={search_term_string}"},"query-input":{"@type":"PropertyValueSpecification","valueRequired":true,"valueName":"search_term_string"}}],"inLanguage":"fr-FR"},{"@type":"Organization","@id":"https:\/\/bulaoutdoor.nl\/#organization","name":"Bula Outdoor","url":"https:\/\/bulaoutdoor.nl\/","logo":{"@type":"ImageObject","inLanguage":"fr-FR","@id":"https:\/\/bulaoutdoor.nl\/#\/schema\/logo\/image\/","url":"https:\/\/www.bulaoutdoor.nl\/wp-content\/uploads\/2018\/04\/bulaoutdoor-logo.png","contentUrl":"https:\/\/www.bulaoutdoor.nl\/wp-content\/uploads\/2018\/04\/bulaoutdoor-logo.png","width":324,"height":91,"caption":"Bula Outdoor"},"image":{"@id":"https:\/\/bulaoutdoor.nl\/#\/schema\/logo\/image\/"}}]}},"jetpack_sharing_enabled":true,"_links":{"self":[{"href":"https:\/\/bulaoutdoor.nl\/fr\/wp-json\/wp\/v2\/product\/859","targetHints":{"allow":["GET"]}}],"collection":[{"href":"https:\/\/bulaoutdoor.nl\/fr\/wp-json\/wp\/v2\/product"}],"about":[{"href":"https:\/\/bulaoutdoor.nl\/fr\/wp-json\/wp\/v2\/types\/product"}],"replies":[{"embeddable":true,"href":"https:\/\/bulaoutdoor.nl\/fr\/wp-json\/wp\/v2\/comments?post=859"}],"wp:featuredmedia":[{"embeddable":true,"href":"https:\/\/bulaoutdoor.nl\/fr\/wp-json\/wp\/v2\/media\/10983"}],"wp:attachment":[{"href":"https:\/\/bulaoutdoor.nl\/fr\/wp-json\/wp\/v2\/media?parent=859"}],"wp:term":[{"taxonomy":"product_brand","embeddable":true,"href":"https:\/\/bulaoutdoor.nl\/fr\/wp-json\/wp\/v2\/product_brand?post=859"},{"taxonomy":"product_cat","embeddable":true,"href":"https:\/\/bulaoutdoor.nl\/fr\/wp-json\/wp\/v2\/product_cat?post=859"},{"taxonomy":"product_tag","embeddable":true,"href":"https:\/\/bulaoutdoor.nl\/fr\/wp-json\/wp\/v2\/product_tag?post=859"}],"curies":[{"name":"wp","href":"https:\/\/api.w.org\/{rel}","templated":true}]}}