{"id":861,"date":"2018-05-27T09:31:39","date_gmt":"2018-05-27T09:31:39","guid":{"rendered":"http:\/\/www.bulaoutdoor.nl\/product\/import-placeholder-for-378\/"},"modified":"2025-11-17T16:05:20","modified_gmt":"2025-11-17T16:05:20","slug":"jack-danials-edition-primo-oval-xl-series-400-ceramic-bbq-grill-and-smoker","status":"publish","type":"product","link":"https:\/\/bulaoutdoor.nl\/fr\/product\/jack-danials-editie-primo-ovaal-xl-serie-400-ceramische-bbq-grill-en-smoker\/","title":{"rendered":"Primo Oval XL Series 400 Jack Daniels Edition"},"content":{"rendered":"<p><strong>Jack Daniels Edition Primo Oval XL Series 400<\/strong><\/p>\n<p><strong>Gratuit<\/strong> transport maritime aux Pays-Bas et en Belgique<\/p>\n<p>Le Jack Daniels Oval XL Series 400 est notre gril phare. Il repr\u00e9sente l'ing\u00e9niosit\u00e9, la qualit\u00e9 et l'artisanat am\u00e9ricains, ainsi que l'esprit d'ind\u00e9pendance de nos grilleurs et amateurs de barbecue qui partagent notre passion pour la bonne cuisine et le whisky d'exception. Disponible en tant que gril seul ou avec un plateau de table Jack Daniels original, ou avec des tables lat\u00e9rales Jack Daniels pour un chariot Primo (comme illustr\u00e9) ou avec n'importe quelle autre table de mod\u00e8le XL. Sp\u00e9cialement con\u00e7u pour ceux qui consid\u00e8rent la cuisine et la p\u00e2tisserie en plein air comme une exp\u00e9rience unique, qui consid\u00e8rent leur jardin comme leur propre domaine o\u00f9 ils peuvent se d\u00e9tendre et s'\u00e9vader de la vie quotidienne tr\u00e9pidante et exigeante et des engagements de performance que nous devons tous respecter. Con\u00e7u pour le cuisinier de plein air qui adore cuisiner sur un feu de bois et qui trouve que c'est un v\u00e9ritable d\u00e9fi de pr\u00e9parer un chef-d'\u0153uvre culinaire avec ce feu. Il s'adresse \u00e9galement au grillardin du week-end qui souhaite savourer un d\u00e9licieux repas fait maison avec sa famille et ses amis dans son jardin. D\u00e9couvrez l'ing\u00e9niosit\u00e9, le savoir-faire et la volont\u00e9 d'ind\u00e9pendance des Am\u00e9ricains et offrez-vous un v\u00e9ritable plaisir festif... ;<\/p>\n<p><strong>Sp\u00e9cifications : <\/strong><\/p>\n<ul>\n<li>Poids 113,40 kg<\/li>\n<li>Surface de cuisson 2 580 cm2<\/li>\n<li>Syst\u00e8me d'\u00e9tag\u00e8res en option 1 806 cm2<\/li>\n<li>Surface totale de cuisson 4.386 cm2<\/li>\n<li>Grille de cuisson 47cm x 64 cm<\/li>\n<li>Plage de temp\u00e9rature 66 \u00b0C-454 \u00b0C<\/li>\n<\/ul>\n<p><strong>Caract\u00e9ristiques :<\/strong><\/p>\n<ul>\n<li>Conception ovale brevet\u00e9e \u00e0 l'\u00e9chelle mondiale<\/li>\n<li>C\u00e9ramique de premi\u00e8re qualit\u00e9<\/li>\n<li>Grilles de cuisson r\u00e9versibles<\/li>\n<li>Syst\u00e8me d'\u00e9tag\u00e8res et accessoires en option<\/li>\n<\/ul>\n<p>Voir aussi les vid\u00e9os de\u00a0<a href=\"http:\/\/www.primogrill.com\/en-us\/explore\/primo-university\" target=\"_blank\" rel=\"noopener noreferrer\">Primo<\/a>\u00a0ou <a href=\"https:\/\/www.dropbox.com\/s\/st9xax4hf56q934\/PRIMO%20BROCHURE%20DUTCH.pdf\" target=\"_blank\" rel=\"noopener noreferrer\">t\u00e9l\u00e9charger la brochure<\/a><\/p>\n<p>Recette :\u00a0<a href=\"https:\/\/youtu.be\/ZYJn0d9qIKw\" target=\"_blank\" rel=\"noopener noreferrer\"> Porc Char Siu avec le Primo Kamado All-In-One. Il s'agit d'une recette facile pour un merveilleux porc barbecue chinois.<\/a><\/p>\n<p class=\"textbox\" dir=\"ltr\"><strong>Un go\u00fbt \u00e9tonnant\u00a0<\/strong>Avec notre c\u00e9ramique de premi\u00e8re qualit\u00e9 et notre charbon de bois naturel Primo, le r\u00e9sultat est une viande incroyablement juteuse avec un soup\u00e7on d'ar\u00f4me de charbon de bois. La coque en c\u00e9ramique permet \u00e0 la viande cuite sur un Primo de conserver sa jutosit\u00e9, contrairement aux barbecues en m\u00e9tal qui extraient l'humidit\u00e9 de la viande. Notre charbon de bois est fabriqu\u00e9 \u00e0 partir de bois dur am\u00e9ricain et injecte un peu de cette douce saveur de fum\u00e9e dans vos plats.<\/p>\n<p class=\"textbox\" dir=\"ltr\"><strong>Contr\u00f4le exceptionnel de la temp\u00e9rature\u00a0<\/strong>Faites cuire du saumon \u00e0 65\u00b0C ou pr\u00e9parez de savoureuses c\u00f4tes \u00e0 une temp\u00e9rature de 450\u00b0C. Vous pouvez \u00e9galement cuire \u00e0 basse temp\u00e9rature et lentement, par exemple pour pr\u00e9parer un cochon de lait ou un gigot d'agneau.<\/p>\n<p class=\"textbox\" dir=\"ltr\"><strong>Facile \u00e0 pr\u00e9parer et rapide \u00e0 r\u00e9chauffer\u00a0<\/strong>vous pouvez commencer \u00e0 cuisiner apr\u00e8s seulement 15 minutes, aussi rapidement qu'avec un barbecue \u00e0 gaz. Un autre avantage de notre charbon de bois naturel est qu'il peut \u00eatre reconstitu\u00e9 pour de multiples usages.<\/p>\n<p class=\"textbox\" dir=\"ltr\"><strong>Entretien facile et autonettoyage\u00a0<\/strong>Les grils en c\u00e9ramique Primo sont pratiquement autonettoyants. Des contr\u00f4les p\u00e9riodiques garantissent que votre Primo sera parfait pendant des ann\u00e9es et que vous pourrez en profiter \"pour toujours\". Nos grils fonctionnent comme un four autonettoyant.<\/p>\n<p class=\"textbox\" dir=\"ltr\"><strong>R\u00e9sistant aux intemp\u00e9ries\u00a0<\/strong>Les barbecues Primo sont con\u00e7us pour la vie en plein air, quel que soit le climat. Nos c\u00e9ramiques, la finition \u00e9maill\u00e9e et le m\u00e9tal utilis\u00e9 r\u00e9sistent aux conditions climatiques les plus extr\u00eames. Nos grilles sont utilis\u00e9es dans le monde entier par forte chaleur, forte humidit\u00e9, sous la pluie, le vent, la neige et m\u00eame \u00e0 des temp\u00e9ratures bien inf\u00e9rieures au point de cong\u00e9lation. Profitez de la s\u00e9curit\u00e9 et des performances in\u00e9gal\u00e9es de votre Primo partout dans le monde.<\/p>","protected":false},"excerpt":{"rendered":"<p>\u00c9dition Jack Daniels Primo Oval XL Series 400 gril barbecue et fumoir en c\u00e9ramique<\/p>","protected":false},"featured_media":10985,"comment_status":"open","ping_status":"closed","template":"","meta":{"_acf_changed":false},"product_brand":[],"product_cat":[389],"product_tag":[],"class_list":{"0":"post-861","1":"product","2":"type-product","3":"status-publish","4":"has-post-thumbnail","6":"product_cat-primo-barbecues","8":"first","9":"onbackorder","10":"sale","11":"taxable","12":"shipping-taxable","13":"purchasable","14":"product-type-simple"},"acf":[],"yoast_head":"<!-- This site is optimized with the Yoast SEO plugin v27.4 - https:\/\/yoast.com\/product\/yoast-seo-wordpress\/ -->\n<title>Primo Oval XL Serie 400 Jack Dani\u00ebls Editie &#8211; Bula Outdoor<\/title>\n<meta name=\"robots\" content=\"index, follow, max-snippet:-1, max-image-preview:large, max-video-preview:-1\" \/>\n<link rel=\"canonical\" href=\"https:\/\/bulaoutdoor.nl\/fr\/produit\/jack-danials-edition-primo-oval-xl-series-400-ceramic-bbq-grill-and-smoker\/\" \/>\n<meta property=\"og:locale\" content=\"fr_FR\" \/>\n<meta property=\"og:type\" content=\"article\" \/>\n<meta property=\"og:title\" content=\"Primo Oval XL Serie 400 Jack Dani\u00ebls Editie &#8211; Bula Outdoor\" \/>\n<meta property=\"og:description\" content=\"Jack Dani\u00ebls Editie Primo Oval XL Serie 400 keramische BBQ Grill en Smoker\" \/>\n<meta property=\"og:url\" content=\"https:\/\/bulaoutdoor.nl\/fr\/produit\/jack-danials-edition-primo-oval-xl-series-400-ceramic-bbq-grill-and-smoker\/\" \/>\n<meta property=\"og:site_name\" content=\"Bula Outdoor\" \/>\n<meta property=\"article:modified_time\" content=\"2025-11-17T16:05:20+00:00\" \/>\n<meta property=\"og:image\" content=\"https:\/\/bulaoutdoor.nl\/wp-content\/uploads\/2018\/05\/xl-400-JD.png\" \/>\n\t<meta property=\"og:image:width\" content=\"480\" \/>\n\t<meta property=\"og:image:height\" content=\"392\" \/>\n\t<meta property=\"og:image:type\" content=\"image\/png\" \/>\n<meta name=\"twitter:card\" content=\"summary_large_image\" \/>\n<meta name=\"twitter:label1\" content=\"Dur\u00e9e de lecture estim\u00e9e\" \/>\n\t<meta name=\"twitter:data1\" content=\"3 minutes\" \/>\n<script type=\"application\/ld+json\" class=\"yoast-schema-graph\">{\"@context\":\"https:\\\/\\\/schema.org\",\"@graph\":[{\"@type\":\"WebPage\",\"@id\":\"https:\\\/\\\/bulaoutdoor.nl\\\/product\\\/jack-danials-editie-primo-ovaal-xl-serie-400-ceramische-bbq-grill-en-smoker\\\/\",\"url\":\"https:\\\/\\\/bulaoutdoor.nl\\\/product\\\/jack-danials-editie-primo-ovaal-xl-serie-400-ceramische-bbq-grill-en-smoker\\\/\",\"name\":\"Primo Oval XL Serie 400 Jack Dani\u00ebls Editie &#8211; Bula Outdoor\",\"isPartOf\":{\"@id\":\"https:\\\/\\\/bulaoutdoor.nl\\\/#website\"},\"primaryImageOfPage\":{\"@id\":\"https:\\\/\\\/bulaoutdoor.nl\\\/product\\\/jack-danials-editie-primo-ovaal-xl-serie-400-ceramische-bbq-grill-en-smoker\\\/#primaryimage\"},\"image\":{\"@id\":\"https:\\\/\\\/bulaoutdoor.nl\\\/product\\\/jack-danials-editie-primo-ovaal-xl-serie-400-ceramische-bbq-grill-en-smoker\\\/#primaryimage\"},\"thumbnailUrl\":\"https:\\\/\\\/bulaoutdoor.nl\\\/wp-content\\\/uploads\\\/2018\\\/05\\\/xl-400-JD.png\",\"datePublished\":\"2018-05-27T09:31:39+00:00\",\"dateModified\":\"2025-11-17T16:05:20+00:00\",\"breadcrumb\":{\"@id\":\"https:\\\/\\\/bulaoutdoor.nl\\\/product\\\/jack-danials-editie-primo-ovaal-xl-serie-400-ceramische-bbq-grill-en-smoker\\\/#breadcrumb\"},\"inLanguage\":\"fr-FR\",\"potentialAction\":[{\"@type\":\"ReadAction\",\"target\":[\"https:\\\/\\\/bulaoutdoor.nl\\\/product\\\/jack-danials-editie-primo-ovaal-xl-serie-400-ceramische-bbq-grill-en-smoker\\\/\"]}]},{\"@type\":\"ImageObject\",\"inLanguage\":\"fr-FR\",\"@id\":\"https:\\\/\\\/bulaoutdoor.nl\\\/product\\\/jack-danials-editie-primo-ovaal-xl-serie-400-ceramische-bbq-grill-en-smoker\\\/#primaryimage\",\"url\":\"https:\\\/\\\/bulaoutdoor.nl\\\/wp-content\\\/uploads\\\/2018\\\/05\\\/xl-400-JD.png\",\"contentUrl\":\"https:\\\/\\\/bulaoutdoor.nl\\\/wp-content\\\/uploads\\\/2018\\\/05\\\/xl-400-JD.png\",\"width\":480,\"height\":392},{\"@type\":\"BreadcrumbList\",\"@id\":\"https:\\\/\\\/bulaoutdoor.nl\\\/product\\\/jack-danials-editie-primo-ovaal-xl-serie-400-ceramische-bbq-grill-en-smoker\\\/#breadcrumb\",\"itemListElement\":[{\"@type\":\"ListItem\",\"position\":1,\"name\":\"Home\",\"item\":\"https:\\\/\\\/bulaoutdoor.nl\\\/\"},{\"@type\":\"ListItem\",\"position\":2,\"name\":\"Online BBQ kopen\",\"item\":\"https:\\\/\\\/bulaoutdoor.nl\\\/\"},{\"@type\":\"ListItem\",\"position\":3,\"name\":\"Primo Oval XL Serie 400 Jack Dani\u00ebls Editie\"}]},{\"@type\":\"WebSite\",\"@id\":\"https:\\\/\\\/bulaoutdoor.nl\\\/#website\",\"url\":\"https:\\\/\\\/bulaoutdoor.nl\\\/\",\"name\":\"Bula Outdoor\",\"description\":\"Voor uw buitenhaard, BBQ, tuinfakkel en houtoven\",\"publisher\":{\"@id\":\"https:\\\/\\\/bulaoutdoor.nl\\\/#organization\"},\"potentialAction\":[{\"@type\":\"SearchAction\",\"target\":{\"@type\":\"EntryPoint\",\"urlTemplate\":\"https:\\\/\\\/bulaoutdoor.nl\\\/?s={search_term_string}\"},\"query-input\":{\"@type\":\"PropertyValueSpecification\",\"valueRequired\":true,\"valueName\":\"search_term_string\"}}],\"inLanguage\":\"fr-FR\"},{\"@type\":\"Organization\",\"@id\":\"https:\\\/\\\/bulaoutdoor.nl\\\/#organization\",\"name\":\"Bula Outdoor\",\"url\":\"https:\\\/\\\/bulaoutdoor.nl\\\/\",\"logo\":{\"@type\":\"ImageObject\",\"inLanguage\":\"fr-FR\",\"@id\":\"https:\\\/\\\/bulaoutdoor.nl\\\/#\\\/schema\\\/logo\\\/image\\\/\",\"url\":\"https:\\\/\\\/www.bulaoutdoor.nl\\\/wp-content\\\/uploads\\\/2018\\\/04\\\/bulaoutdoor-logo.png\",\"contentUrl\":\"https:\\\/\\\/www.bulaoutdoor.nl\\\/wp-content\\\/uploads\\\/2018\\\/04\\\/bulaoutdoor-logo.png\",\"width\":324,\"height\":91,\"caption\":\"Bula Outdoor\"},\"image\":{\"@id\":\"https:\\\/\\\/bulaoutdoor.nl\\\/#\\\/schema\\\/logo\\\/image\\\/\"}}]}<\/script>\n<!-- \/ Yoast SEO plugin. -->","yoast_head_json":{"title":"Primo Oval XL Series 400 Jack Daniels Edition - Bula Outdoor","robots":{"index":"index","follow":"follow","max-snippet":"max-snippet:-1","max-image-preview":"max-image-preview:large","max-video-preview":"max-video-preview:-1"},"canonical":"https:\/\/bulaoutdoor.nl\/fr\/produit\/jack-danials-edition-primo-oval-xl-series-400-ceramic-bbq-grill-and-smoker\/","og_locale":"fr_FR","og_type":"article","og_title":"Primo Oval XL Serie 400 Jack Dani\u00ebls Editie &#8211; Bula Outdoor","og_description":"Jack Dani\u00ebls Editie Primo Oval XL Serie 400 keramische BBQ Grill en Smoker","og_url":"https:\/\/bulaoutdoor.nl\/fr\/produit\/jack-danials-edition-primo-oval-xl-series-400-ceramic-bbq-grill-and-smoker\/","og_site_name":"Bula Outdoor","article_modified_time":"2025-11-17T16:05:20+00:00","og_image":[{"width":480,"height":392,"url":"https:\/\/bulaoutdoor.nl\/wp-content\/uploads\/2018\/05\/xl-400-JD.png","type":"image\/png"}],"twitter_card":"summary_large_image","twitter_misc":{"Dur\u00e9e de lecture estim\u00e9e":"3 minutes"},"schema":{"@context":"https:\/\/schema.org","@graph":[{"@type":"WebPage","@id":"https:\/\/bulaoutdoor.nl\/product\/jack-danials-editie-primo-ovaal-xl-serie-400-ceramische-bbq-grill-en-smoker\/","url":"https:\/\/bulaoutdoor.nl\/product\/jack-danials-editie-primo-ovaal-xl-serie-400-ceramische-bbq-grill-en-smoker\/","name":"Primo Oval XL Series 400 Jack Daniels Edition - Bula Outdoor","isPartOf":{"@id":"https:\/\/bulaoutdoor.nl\/#website"},"primaryImageOfPage":{"@id":"https:\/\/bulaoutdoor.nl\/product\/jack-danials-editie-primo-ovaal-xl-serie-400-ceramische-bbq-grill-en-smoker\/#primaryimage"},"image":{"@id":"https:\/\/bulaoutdoor.nl\/product\/jack-danials-editie-primo-ovaal-xl-serie-400-ceramische-bbq-grill-en-smoker\/#primaryimage"},"thumbnailUrl":"https:\/\/bulaoutdoor.nl\/wp-content\/uploads\/2018\/05\/xl-400-JD.png","datePublished":"2018-05-27T09:31:39+00:00","dateModified":"2025-11-17T16:05:20+00:00","breadcrumb":{"@id":"https:\/\/bulaoutdoor.nl\/product\/jack-danials-editie-primo-ovaal-xl-serie-400-ceramische-bbq-grill-en-smoker\/#breadcrumb"},"inLanguage":"fr-FR","potentialAction":[{"@type":"ReadAction","target":["https:\/\/bulaoutdoor.nl\/product\/jack-danials-editie-primo-ovaal-xl-serie-400-ceramische-bbq-grill-en-smoker\/"]}]},{"@type":"ImageObject","inLanguage":"fr-FR","@id":"https:\/\/bulaoutdoor.nl\/product\/jack-danials-editie-primo-ovaal-xl-serie-400-ceramische-bbq-grill-en-smoker\/#primaryimage","url":"https:\/\/bulaoutdoor.nl\/wp-content\/uploads\/2018\/05\/xl-400-JD.png","contentUrl":"https:\/\/bulaoutdoor.nl\/wp-content\/uploads\/2018\/05\/xl-400-JD.png","width":480,"height":392},{"@type":"BreadcrumbList","@id":"https:\/\/bulaoutdoor.nl\/product\/jack-danials-editie-primo-ovaal-xl-serie-400-ceramische-bbq-grill-en-smoker\/#breadcrumb","itemListElement":[{"@type":"ListItem","position":1,"name":"Home","item":"https:\/\/bulaoutdoor.nl\/"},{"@type":"ListItem","position":2,"name":"Online BBQ kopen","item":"https:\/\/bulaoutdoor.nl\/"},{"@type":"ListItem","position":3,"name":"Primo Oval XL Serie 400 Jack Dani\u00ebls Editie"}]},{"@type":"WebSite","@id":"https:\/\/bulaoutdoor.nl\/#website","url":"https:\/\/bulaoutdoor.nl\/","name":"Bula Outdoor","description":"Pour votre chemin\u00e9e ext\u00e9rieure, votre barbecue, votre torche de jardin et votre four \u00e0 bois","publisher":{"@id":"https:\/\/bulaoutdoor.nl\/#organization"},"potentialAction":[{"@type":"SearchAction","target":{"@type":"EntryPoint","urlTemplate":"https:\/\/bulaoutdoor.nl\/?s={search_term_string}"},"query-input":{"@type":"PropertyValueSpecification","valueRequired":true,"valueName":"search_term_string"}}],"inLanguage":"fr-FR"},{"@type":"Organization","@id":"https:\/\/bulaoutdoor.nl\/#organization","name":"Bula Outdoor","url":"https:\/\/bulaoutdoor.nl\/","logo":{"@type":"ImageObject","inLanguage":"fr-FR","@id":"https:\/\/bulaoutdoor.nl\/#\/schema\/logo\/image\/","url":"https:\/\/www.bulaoutdoor.nl\/wp-content\/uploads\/2018\/04\/bulaoutdoor-logo.png","contentUrl":"https:\/\/www.bulaoutdoor.nl\/wp-content\/uploads\/2018\/04\/bulaoutdoor-logo.png","width":324,"height":91,"caption":"Bula Outdoor"},"image":{"@id":"https:\/\/bulaoutdoor.nl\/#\/schema\/logo\/image\/"}}]}},"jetpack_sharing_enabled":true,"_links":{"self":[{"href":"https:\/\/bulaoutdoor.nl\/fr\/wp-json\/wp\/v2\/product\/861","targetHints":{"allow":["GET"]}}],"collection":[{"href":"https:\/\/bulaoutdoor.nl\/fr\/wp-json\/wp\/v2\/product"}],"about":[{"href":"https:\/\/bulaoutdoor.nl\/fr\/wp-json\/wp\/v2\/types\/product"}],"replies":[{"embeddable":true,"href":"https:\/\/bulaoutdoor.nl\/fr\/wp-json\/wp\/v2\/comments?post=861"}],"wp:featuredmedia":[{"embeddable":true,"href":"https:\/\/bulaoutdoor.nl\/fr\/wp-json\/wp\/v2\/media\/10985"}],"wp:attachment":[{"href":"https:\/\/bulaoutdoor.nl\/fr\/wp-json\/wp\/v2\/media?parent=861"}],"wp:term":[{"taxonomy":"product_brand","embeddable":true,"href":"https:\/\/bulaoutdoor.nl\/fr\/wp-json\/wp\/v2\/product_brand?post=861"},{"taxonomy":"product_cat","embeddable":true,"href":"https:\/\/bulaoutdoor.nl\/fr\/wp-json\/wp\/v2\/product_cat?post=861"},{"taxonomy":"product_tag","embeddable":true,"href":"https:\/\/bulaoutdoor.nl\/fr\/wp-json\/wp\/v2\/product_tag?post=861"}],"curies":[{"name":"wp","href":"https:\/\/api.w.org\/{rel}","templated":true}]}}