{"id":8638,"date":"2020-03-13T10:57:09","date_gmt":"2020-03-13T10:57:09","guid":{"rendered":"https:\/\/www.bulaoutdoor.nl\/?post_type=product&#038;p=8638"},"modified":"2024-09-23T10:53:35","modified_gmt":"2024-09-23T10:53:35","slug":"dammers-restaurant-charcoal","status":"publish","type":"product","link":"https:\/\/bulaoutdoor.nl\/fr\/product\/dammers-restaurant-houtskool\/","title":{"rendered":"Dammers Restaurant Charcoal"},"content":{"rendered":"<h2>Charbon de bois pour restaurant Dammers 10 kg<\/h2>\n<p>Fusain d'Acacia d'Afrique du Sud (Black Wattle), certifi\u00e9 FSC\u00ae.<\/p>\n<p>Ce charbon de bois convient \u00e0 l'industrie de la restauration, mais aussi aux cuisiniers amateurs.<br \/>\nPeu importe que le barbecue soit ouvert ou ferm\u00e9.<\/p>\n<p>En effet, le charbon de bois d'acacia sud-africain se distingue par les caract\u00e9ristiques suivantes :<br \/>\n\u200b<\/p>\n<ul>\n<li>Il est facile \u00e0 cr\u00e9er. Ce qui permet de gagner beaucoup de temps.<\/li>\n<li>Il br\u00fble uniform\u00e9ment et dure tr\u00e8s longtemps. Il est tr\u00e8s \u00e9conomique \u00e0 utiliser.<\/li>\n<li>Elle br\u00fble \u00e0 tr\u00e8s haute temp\u00e9rature. La viande est donc rapidement br\u00fbl\u00e9e.<\/li>\n<li>Il n'y a pas d'\u00e9claboussures pendant le r\u00f4tissage. Ce qui est un gage de s\u00e9curit\u00e9 lors des grillades.<\/li>\n<li>Il conf\u00e8re \u00e0 la viande l'ar\u00f4me et la saveur qui lui conviennent.<\/li>\n<li>Il contient de beaux morceaux de charbon de bois grossiers (40-120 mm), sans trop de grains ni de poussi\u00e8re.<\/li>\n<\/ul>\n<p>Lorsque nous parlons de charbon de bois sud-africain, il s'agit en fait de bois provenant de l'Afrique du Sud.<br \/>\nAcacia d'Australie (Black Wattle) Il s'agit d'un arbre \u00e0 croissance rapide qui n'est pas indig\u00e8ne.<br \/>\ncommun en Afrique du Sud. Notre charbon de bois est br\u00fbl\u00e9 uniquement \u00e0 partir de d\u00e9chets de bois. Il y a<br \/>\naucun arbre n'a \u00e9t\u00e9 abattu pour cela.<\/p>\n<p>Le charbon de bois Dammers Restaurant est emball\u00e9 dans un sac en papier solide (contenu 10 kg).<\/p>","protected":false},"excerpt":{"rendered":"<p>Dammers restaurant houtskool 10 kg Zuidafrikaanse Acacia houtskool (Black Wattle),\u00a0FSC\u00ae gecertificeerd. Deze houtskool is geschikt voor de horeca, maar ook voor de hobby kok. Het maakt daarbij niet uit of het om een open bbq of om een gesloten bbq gaat. Zuidafrikaanse Acacia houtskool onderscheidt zich namelijk als volgt: \u200b Het laat zich makkelijk aanmaken. [&hellip;]<\/p>\n","protected":false},"featured_media":10916,"comment_status":"open","ping_status":"closed","template":"","meta":{"_acf_changed":false},"product_brand":[],"product_cat":[27],"product_tag":[231,229,227,230,226,228],"class_list":{"0":"post-8638","1":"product","2":"type-product","3":"status-publish","4":"has-post-thumbnail","6":"product_cat-houtskool","7":"product_tag-acacia","8":"product_tag-black-wattle","9":"product_tag-dammers","10":"product_tag-fsc","11":"product_tag-houtskool","12":"product_tag-restaurant","14":"first","15":"outofstock","16":"taxable","17":"shipping-taxable","18":"purchasable","19":"product-type-simple"},"acf":[],"yoast_head":"<!-- This site is optimized with the Yoast SEO plugin v27.4 - https:\/\/yoast.com\/product\/yoast-seo-wordpress\/ -->\n<title>Dammers Restaurant Houtskool &#8211; Bula Outdoor<\/title>\n<meta name=\"robots\" content=\"index, follow, max-snippet:-1, max-image-preview:large, max-video-preview:-1\" \/>\n<link rel=\"canonical\" href=\"https:\/\/bulaoutdoor.nl\/fr\/produit\/dammers-restaurant-charcoal\/\" \/>\n<meta property=\"og:locale\" content=\"fr_FR\" \/>\n<meta property=\"og:type\" content=\"article\" \/>\n<meta property=\"og:title\" content=\"Dammers Restaurant Houtskool &#8211; Bula Outdoor\" \/>\n<meta property=\"og:description\" content=\"Dammers restaurant houtskool 10 kg Zuidafrikaanse Acacia houtskool (Black Wattle),\u00a0FSC\u00ae gecertificeerd. Deze houtskool is geschikt voor de horeca, maar ook voor de hobby kok. Het maakt daarbij niet uit of het om een open bbq of om een gesloten bbq gaat. Zuidafrikaanse Acacia houtskool onderscheidt zich namelijk als volgt: \u200b Het laat zich makkelijk aanmaken. [&hellip;]\" \/>\n<meta property=\"og:url\" content=\"https:\/\/bulaoutdoor.nl\/fr\/produit\/dammers-restaurant-charcoal\/\" \/>\n<meta property=\"og:site_name\" content=\"Bula Outdoor\" \/>\n<meta property=\"article:modified_time\" content=\"2024-09-23T10:53:35+00:00\" \/>\n<meta property=\"og:image\" content=\"https:\/\/bulaoutdoor.nl\/wp-content\/uploads\/2020\/03\/Dammers-Restaurant-Houtskool-Bula-Outdoor_SCALED.jpg\" \/>\n\t<meta property=\"og:image:width\" content=\"800\" \/>\n\t<meta property=\"og:image:height\" content=\"800\" \/>\n\t<meta property=\"og:image:type\" content=\"image\/jpeg\" \/>\n<meta name=\"twitter:card\" content=\"summary_large_image\" \/>\n<meta name=\"twitter:label1\" content=\"Dur\u00e9e de lecture estim\u00e9e\" \/>\n\t<meta name=\"twitter:data1\" content=\"1 minute\" \/>\n<script type=\"application\/ld+json\" class=\"yoast-schema-graph\">{\"@context\":\"https:\\\/\\\/schema.org\",\"@graph\":[{\"@type\":\"WebPage\",\"@id\":\"https:\\\/\\\/bulaoutdoor.nl\\\/product\\\/dammers-restaurant-houtskool\\\/\",\"url\":\"https:\\\/\\\/bulaoutdoor.nl\\\/product\\\/dammers-restaurant-houtskool\\\/\",\"name\":\"Dammers Restaurant Houtskool &#8211; Bula Outdoor\",\"isPartOf\":{\"@id\":\"https:\\\/\\\/bulaoutdoor.nl\\\/#website\"},\"primaryImageOfPage\":{\"@id\":\"https:\\\/\\\/bulaoutdoor.nl\\\/product\\\/dammers-restaurant-houtskool\\\/#primaryimage\"},\"image\":{\"@id\":\"https:\\\/\\\/bulaoutdoor.nl\\\/product\\\/dammers-restaurant-houtskool\\\/#primaryimage\"},\"thumbnailUrl\":\"https:\\\/\\\/bulaoutdoor.nl\\\/wp-content\\\/uploads\\\/2020\\\/03\\\/Dammers-Restaurant-Houtskool-Bula-Outdoor_SCALED.jpg\",\"datePublished\":\"2020-03-13T10:57:09+00:00\",\"dateModified\":\"2024-09-23T10:53:35+00:00\",\"breadcrumb\":{\"@id\":\"https:\\\/\\\/bulaoutdoor.nl\\\/product\\\/dammers-restaurant-houtskool\\\/#breadcrumb\"},\"inLanguage\":\"fr-FR\",\"potentialAction\":[{\"@type\":\"ReadAction\",\"target\":[\"https:\\\/\\\/bulaoutdoor.nl\\\/product\\\/dammers-restaurant-houtskool\\\/\"]}]},{\"@type\":\"ImageObject\",\"inLanguage\":\"fr-FR\",\"@id\":\"https:\\\/\\\/bulaoutdoor.nl\\\/product\\\/dammers-restaurant-houtskool\\\/#primaryimage\",\"url\":\"https:\\\/\\\/bulaoutdoor.nl\\\/wp-content\\\/uploads\\\/2020\\\/03\\\/Dammers-Restaurant-Houtskool-Bula-Outdoor_SCALED.jpg\",\"contentUrl\":\"https:\\\/\\\/bulaoutdoor.nl\\\/wp-content\\\/uploads\\\/2020\\\/03\\\/Dammers-Restaurant-Houtskool-Bula-Outdoor_SCALED.jpg\",\"width\":800,\"height\":800},{\"@type\":\"BreadcrumbList\",\"@id\":\"https:\\\/\\\/bulaoutdoor.nl\\\/product\\\/dammers-restaurant-houtskool\\\/#breadcrumb\",\"itemListElement\":[{\"@type\":\"ListItem\",\"position\":1,\"name\":\"Home\",\"item\":\"https:\\\/\\\/bulaoutdoor.nl\\\/\"},{\"@type\":\"ListItem\",\"position\":2,\"name\":\"Online BBQ kopen\",\"item\":\"https:\\\/\\\/bulaoutdoor.nl\\\/\"},{\"@type\":\"ListItem\",\"position\":3,\"name\":\"Dammers Restaurant Houtskool\"}]},{\"@type\":\"WebSite\",\"@id\":\"https:\\\/\\\/bulaoutdoor.nl\\\/#website\",\"url\":\"https:\\\/\\\/bulaoutdoor.nl\\\/\",\"name\":\"Bula Outdoor\",\"description\":\"Voor uw buitenhaard, BBQ, tuinfakkel en houtoven\",\"publisher\":{\"@id\":\"https:\\\/\\\/bulaoutdoor.nl\\\/#organization\"},\"potentialAction\":[{\"@type\":\"SearchAction\",\"target\":{\"@type\":\"EntryPoint\",\"urlTemplate\":\"https:\\\/\\\/bulaoutdoor.nl\\\/?s={search_term_string}\"},\"query-input\":{\"@type\":\"PropertyValueSpecification\",\"valueRequired\":true,\"valueName\":\"search_term_string\"}}],\"inLanguage\":\"fr-FR\"},{\"@type\":\"Organization\",\"@id\":\"https:\\\/\\\/bulaoutdoor.nl\\\/#organization\",\"name\":\"Bula Outdoor\",\"url\":\"https:\\\/\\\/bulaoutdoor.nl\\\/\",\"logo\":{\"@type\":\"ImageObject\",\"inLanguage\":\"fr-FR\",\"@id\":\"https:\\\/\\\/bulaoutdoor.nl\\\/#\\\/schema\\\/logo\\\/image\\\/\",\"url\":\"https:\\\/\\\/www.bulaoutdoor.nl\\\/wp-content\\\/uploads\\\/2018\\\/04\\\/bulaoutdoor-logo.png\",\"contentUrl\":\"https:\\\/\\\/www.bulaoutdoor.nl\\\/wp-content\\\/uploads\\\/2018\\\/04\\\/bulaoutdoor-logo.png\",\"width\":324,\"height\":91,\"caption\":\"Bula Outdoor\"},\"image\":{\"@id\":\"https:\\\/\\\/bulaoutdoor.nl\\\/#\\\/schema\\\/logo\\\/image\\\/\"}}]}<\/script>\n<!-- \/ Yoast SEO plugin. -->","yoast_head_json":{"title":"Dammers Restaurant Charcoal - Bula Outdoor","robots":{"index":"index","follow":"follow","max-snippet":"max-snippet:-1","max-image-preview":"max-image-preview:large","max-video-preview":"max-video-preview:-1"},"canonical":"https:\/\/bulaoutdoor.nl\/fr\/produit\/dammers-restaurant-charcoal\/","og_locale":"fr_FR","og_type":"article","og_title":"Dammers Restaurant Houtskool &#8211; Bula Outdoor","og_description":"Dammers restaurant houtskool 10 kg Zuidafrikaanse Acacia houtskool (Black Wattle),\u00a0FSC\u00ae gecertificeerd. Deze houtskool is geschikt voor de horeca, maar ook voor de hobby kok. Het maakt daarbij niet uit of het om een open bbq of om een gesloten bbq gaat. Zuidafrikaanse Acacia houtskool onderscheidt zich namelijk als volgt: \u200b Het laat zich makkelijk aanmaken. [&hellip;]","og_url":"https:\/\/bulaoutdoor.nl\/fr\/produit\/dammers-restaurant-charcoal\/","og_site_name":"Bula Outdoor","article_modified_time":"2024-09-23T10:53:35+00:00","og_image":[{"width":800,"height":800,"url":"https:\/\/bulaoutdoor.nl\/wp-content\/uploads\/2020\/03\/Dammers-Restaurant-Houtskool-Bula-Outdoor_SCALED.jpg","type":"image\/jpeg"}],"twitter_card":"summary_large_image","twitter_misc":{"Dur\u00e9e de lecture estim\u00e9e":"1 minute"},"schema":{"@context":"https:\/\/schema.org","@graph":[{"@type":"WebPage","@id":"https:\/\/bulaoutdoor.nl\/product\/dammers-restaurant-houtskool\/","url":"https:\/\/bulaoutdoor.nl\/product\/dammers-restaurant-houtskool\/","name":"Dammers Restaurant Charcoal - Bula Outdoor","isPartOf":{"@id":"https:\/\/bulaoutdoor.nl\/#website"},"primaryImageOfPage":{"@id":"https:\/\/bulaoutdoor.nl\/product\/dammers-restaurant-houtskool\/#primaryimage"},"image":{"@id":"https:\/\/bulaoutdoor.nl\/product\/dammers-restaurant-houtskool\/#primaryimage"},"thumbnailUrl":"https:\/\/bulaoutdoor.nl\/wp-content\/uploads\/2020\/03\/Dammers-Restaurant-Houtskool-Bula-Outdoor_SCALED.jpg","datePublished":"2020-03-13T10:57:09+00:00","dateModified":"2024-09-23T10:53:35+00:00","breadcrumb":{"@id":"https:\/\/bulaoutdoor.nl\/product\/dammers-restaurant-houtskool\/#breadcrumb"},"inLanguage":"fr-FR","potentialAction":[{"@type":"ReadAction","target":["https:\/\/bulaoutdoor.nl\/product\/dammers-restaurant-houtskool\/"]}]},{"@type":"ImageObject","inLanguage":"fr-FR","@id":"https:\/\/bulaoutdoor.nl\/product\/dammers-restaurant-houtskool\/#primaryimage","url":"https:\/\/bulaoutdoor.nl\/wp-content\/uploads\/2020\/03\/Dammers-Restaurant-Houtskool-Bula-Outdoor_SCALED.jpg","contentUrl":"https:\/\/bulaoutdoor.nl\/wp-content\/uploads\/2020\/03\/Dammers-Restaurant-Houtskool-Bula-Outdoor_SCALED.jpg","width":800,"height":800},{"@type":"BreadcrumbList","@id":"https:\/\/bulaoutdoor.nl\/product\/dammers-restaurant-houtskool\/#breadcrumb","itemListElement":[{"@type":"ListItem","position":1,"name":"Home","item":"https:\/\/bulaoutdoor.nl\/"},{"@type":"ListItem","position":2,"name":"Online BBQ kopen","item":"https:\/\/bulaoutdoor.nl\/"},{"@type":"ListItem","position":3,"name":"Dammers Restaurant Houtskool"}]},{"@type":"WebSite","@id":"https:\/\/bulaoutdoor.nl\/#website","url":"https:\/\/bulaoutdoor.nl\/","name":"Bula Outdoor","description":"Pour votre chemin\u00e9e ext\u00e9rieure, votre barbecue, votre torche de jardin et votre four \u00e0 bois","publisher":{"@id":"https:\/\/bulaoutdoor.nl\/#organization"},"potentialAction":[{"@type":"SearchAction","target":{"@type":"EntryPoint","urlTemplate":"https:\/\/bulaoutdoor.nl\/?s={search_term_string}"},"query-input":{"@type":"PropertyValueSpecification","valueRequired":true,"valueName":"search_term_string"}}],"inLanguage":"fr-FR"},{"@type":"Organization","@id":"https:\/\/bulaoutdoor.nl\/#organization","name":"Bula Outdoor","url":"https:\/\/bulaoutdoor.nl\/","logo":{"@type":"ImageObject","inLanguage":"fr-FR","@id":"https:\/\/bulaoutdoor.nl\/#\/schema\/logo\/image\/","url":"https:\/\/www.bulaoutdoor.nl\/wp-content\/uploads\/2018\/04\/bulaoutdoor-logo.png","contentUrl":"https:\/\/www.bulaoutdoor.nl\/wp-content\/uploads\/2018\/04\/bulaoutdoor-logo.png","width":324,"height":91,"caption":"Bula Outdoor"},"image":{"@id":"https:\/\/bulaoutdoor.nl\/#\/schema\/logo\/image\/"}}]}},"jetpack_sharing_enabled":true,"_links":{"self":[{"href":"https:\/\/bulaoutdoor.nl\/fr\/wp-json\/wp\/v2\/product\/8638","targetHints":{"allow":["GET"]}}],"collection":[{"href":"https:\/\/bulaoutdoor.nl\/fr\/wp-json\/wp\/v2\/product"}],"about":[{"href":"https:\/\/bulaoutdoor.nl\/fr\/wp-json\/wp\/v2\/types\/product"}],"replies":[{"embeddable":true,"href":"https:\/\/bulaoutdoor.nl\/fr\/wp-json\/wp\/v2\/comments?post=8638"}],"wp:featuredmedia":[{"embeddable":true,"href":"https:\/\/bulaoutdoor.nl\/fr\/wp-json\/wp\/v2\/media\/10916"}],"wp:attachment":[{"href":"https:\/\/bulaoutdoor.nl\/fr\/wp-json\/wp\/v2\/media?parent=8638"}],"wp:term":[{"taxonomy":"product_brand","embeddable":true,"href":"https:\/\/bulaoutdoor.nl\/fr\/wp-json\/wp\/v2\/product_brand?post=8638"},{"taxonomy":"product_cat","embeddable":true,"href":"https:\/\/bulaoutdoor.nl\/fr\/wp-json\/wp\/v2\/product_cat?post=8638"},{"taxonomy":"product_tag","embeddable":true,"href":"https:\/\/bulaoutdoor.nl\/fr\/wp-json\/wp\/v2\/product_tag?post=8638"}],"curies":[{"name":"wp","href":"https:\/\/api.w.org\/{rel}","templated":true}]}}