{"id":8648,"date":"2020-03-13T11:33:06","date_gmt":"2020-03-13T11:33:06","guid":{"rendered":"https:\/\/www.bulaoutdoor.nl\/?post_type=product&#038;p=8648"},"modified":"2024-09-23T10:53:01","modified_gmt":"2024-09-23T10:53:01","slug":"dammers-restaurant-charcoal-marabu","status":"publish","type":"product","link":"https:\/\/bulaoutdoor.nl\/fr\/product\/dammers-restaurant-houtskool-marabu\/","title":{"rendered":"Dammers Restaurant Charcoal Marabu"},"content":{"rendered":"<h2>Dammers Restaurant Charcoal Marabu 15 kg<\/h2>\n<p>Charbon de bois cubain Marabu<br \/>\nCe charbon de bois est import\u00e9 directement de Cuba.<\/p>\n<ul>\n<li>Le charbon de bois Marabu est un type de charbon de bois lourd. (poids sp\u00e9cifique \u00e9lev\u00e9)<\/li>\n<li>Se cr\u00e9e un peu moins facilement. Mais br\u00fble tr\u00e8s longtemps.<\/li>\n<li>Br\u00fble plus longtemps que le charbon de bois d'acacia, ce qui rend son utilisation encore plus \u00e9conomique.<\/li>\n<li>Il n'y a pratiquement pas d'\u00e9claboussures, contrairement au charbon de bois argentin Quebracho.<\/li>\n<li>Conf\u00e8re \u00e0 la viande une odeur et une saveur neutres.<\/li>\n<li>La taille des pi\u00e8ces est d'environ 20 \u00e0 60 mm, sans grains ni poussi\u00e8res.<\/li>\n<\/ul>\n<p>Se m\u00e9lange bien avec le charbon de bois de restaurant de Dammers. Le charbon de bois Marabu est fabriqu\u00e9 \u00e0 partir du bois de l'arbuste Marabu. Il s'agit d'un arbuste\/arbre exotique \u00e0 croissance rapide qui est consid\u00e9r\u00e9 comme ind\u00e9sirable \u00e0 Cuba. La production de charbon de bois Marabu ne constitue donc pas une charge suppl\u00e9mentaire pour l'environnement.<\/p>\n<p>Le charbon de bois Marabu est emball\u00e9 dans un sac en papier solide de 5 kg et 15 kg.<\/p>","protected":false},"excerpt":{"rendered":"<h2>Dammers Restaurant Charcoal Marabu 15 kg<\/h2>\n<p>Le charbon de bois Marabu est un type de charbon de bois lourd.<\/p>","protected":false},"featured_media":8643,"comment_status":"open","ping_status":"closed","template":"","meta":{"_acf_changed":false},"product_brand":[],"product_cat":[27],"product_tag":[235,227,226,232,228],"class_list":{"0":"post-8648","1":"product","2":"type-product","3":"status-publish","4":"has-post-thumbnail","6":"product_cat-houtskool","7":"product_tag-15-kg","8":"product_tag-dammers","9":"product_tag-houtskool","10":"product_tag-marabu","11":"product_tag-restaurant","13":"first","14":"outofstock","15":"taxable","16":"shipping-taxable","17":"purchasable","18":"product-type-simple"},"acf":[],"yoast_head":"<!-- This site is optimized with the Yoast SEO plugin v27.5 - https:\/\/yoast.com\/product\/yoast-seo-wordpress\/ -->\n<title>Dammers Restaurant Houtskool Marabu &#8211; Bula Outdoor<\/title>\n<meta name=\"robots\" content=\"index, follow, max-snippet:-1, max-image-preview:large, max-video-preview:-1\" \/>\n<link rel=\"canonical\" href=\"https:\/\/bulaoutdoor.nl\/fr\/produit\/dammers-restaurant-charcoal-marabu\/\" \/>\n<meta property=\"og:locale\" content=\"fr_FR\" \/>\n<meta property=\"og:type\" content=\"article\" \/>\n<meta property=\"og:title\" content=\"Dammers Restaurant Houtskool Marabu &#8211; Bula Outdoor\" \/>\n<meta property=\"og:description\" content=\"Dammers Restaurant Houtskool Marabu 15 kg Marabu houtskool is een zware houtskool soort.\" \/>\n<meta property=\"og:url\" content=\"https:\/\/bulaoutdoor.nl\/fr\/produit\/dammers-restaurant-charcoal-marabu\/\" \/>\n<meta property=\"og:site_name\" content=\"Bula Outdoor\" \/>\n<meta property=\"article:modified_time\" content=\"2024-09-23T10:53:01+00:00\" \/>\n<meta property=\"og:image\" content=\"https:\/\/bulaoutdoor.nl\/wp-content\/uploads\/2020\/03\/Dammers-Marabu-15kg-bula-outdoor.jpg\" \/>\n\t<meta property=\"og:image:width\" content=\"500\" \/>\n\t<meta property=\"og:image:height\" content=\"562\" \/>\n\t<meta property=\"og:image:type\" content=\"image\/jpeg\" \/>\n<meta name=\"twitter:card\" content=\"summary_large_image\" \/>\n<meta name=\"twitter:label1\" content=\"Dur\u00e9e de lecture estim\u00e9e\" \/>\n\t<meta name=\"twitter:data1\" content=\"1 minute\" \/>\n<script type=\"application\/ld+json\" class=\"yoast-schema-graph\">{\"@context\":\"https:\\\/\\\/schema.org\",\"@graph\":[{\"@type\":\"WebPage\",\"@id\":\"https:\\\/\\\/bulaoutdoor.nl\\\/product\\\/dammers-restaurant-houtskool-marabu\\\/\",\"url\":\"https:\\\/\\\/bulaoutdoor.nl\\\/product\\\/dammers-restaurant-houtskool-marabu\\\/\",\"name\":\"Dammers Restaurant Houtskool Marabu &#8211; Bula Outdoor\",\"isPartOf\":{\"@id\":\"https:\\\/\\\/bulaoutdoor.nl\\\/#website\"},\"primaryImageOfPage\":{\"@id\":\"https:\\\/\\\/bulaoutdoor.nl\\\/product\\\/dammers-restaurant-houtskool-marabu\\\/#primaryimage\"},\"image\":{\"@id\":\"https:\\\/\\\/bulaoutdoor.nl\\\/product\\\/dammers-restaurant-houtskool-marabu\\\/#primaryimage\"},\"thumbnailUrl\":\"https:\\\/\\\/bulaoutdoor.nl\\\/wp-content\\\/uploads\\\/2020\\\/03\\\/Dammers-Marabu-15kg-bula-outdoor.jpg\",\"datePublished\":\"2020-03-13T11:33:06+00:00\",\"dateModified\":\"2024-09-23T10:53:01+00:00\",\"breadcrumb\":{\"@id\":\"https:\\\/\\\/bulaoutdoor.nl\\\/product\\\/dammers-restaurant-houtskool-marabu\\\/#breadcrumb\"},\"inLanguage\":\"fr-FR\",\"potentialAction\":[{\"@type\":\"ReadAction\",\"target\":[\"https:\\\/\\\/bulaoutdoor.nl\\\/product\\\/dammers-restaurant-houtskool-marabu\\\/\"]}]},{\"@type\":\"ImageObject\",\"inLanguage\":\"fr-FR\",\"@id\":\"https:\\\/\\\/bulaoutdoor.nl\\\/product\\\/dammers-restaurant-houtskool-marabu\\\/#primaryimage\",\"url\":\"https:\\\/\\\/bulaoutdoor.nl\\\/wp-content\\\/uploads\\\/2020\\\/03\\\/Dammers-Marabu-15kg-bula-outdoor.jpg\",\"contentUrl\":\"https:\\\/\\\/bulaoutdoor.nl\\\/wp-content\\\/uploads\\\/2020\\\/03\\\/Dammers-Marabu-15kg-bula-outdoor.jpg\",\"width\":500,\"height\":562},{\"@type\":\"BreadcrumbList\",\"@id\":\"https:\\\/\\\/bulaoutdoor.nl\\\/product\\\/dammers-restaurant-houtskool-marabu\\\/#breadcrumb\",\"itemListElement\":[{\"@type\":\"ListItem\",\"position\":1,\"name\":\"Home\",\"item\":\"https:\\\/\\\/bulaoutdoor.nl\\\/\"},{\"@type\":\"ListItem\",\"position\":2,\"name\":\"Online BBQ kopen\",\"item\":\"https:\\\/\\\/bulaoutdoor.nl\\\/\"},{\"@type\":\"ListItem\",\"position\":3,\"name\":\"Dammers Restaurant Houtskool Marabu\"}]},{\"@type\":\"WebSite\",\"@id\":\"https:\\\/\\\/bulaoutdoor.nl\\\/#website\",\"url\":\"https:\\\/\\\/bulaoutdoor.nl\\\/\",\"name\":\"Bula Outdoor\",\"description\":\"Voor uw buitenhaard, BBQ, tuinfakkel en houtoven\",\"publisher\":{\"@id\":\"https:\\\/\\\/bulaoutdoor.nl\\\/#organization\"},\"potentialAction\":[{\"@type\":\"SearchAction\",\"target\":{\"@type\":\"EntryPoint\",\"urlTemplate\":\"https:\\\/\\\/bulaoutdoor.nl\\\/?s={search_term_string}\"},\"query-input\":{\"@type\":\"PropertyValueSpecification\",\"valueRequired\":true,\"valueName\":\"search_term_string\"}}],\"inLanguage\":\"fr-FR\"},{\"@type\":\"Organization\",\"@id\":\"https:\\\/\\\/bulaoutdoor.nl\\\/#organization\",\"name\":\"Bula Outdoor\",\"url\":\"https:\\\/\\\/bulaoutdoor.nl\\\/\",\"logo\":{\"@type\":\"ImageObject\",\"inLanguage\":\"fr-FR\",\"@id\":\"https:\\\/\\\/bulaoutdoor.nl\\\/#\\\/schema\\\/logo\\\/image\\\/\",\"url\":\"https:\\\/\\\/www.bulaoutdoor.nl\\\/wp-content\\\/uploads\\\/2018\\\/04\\\/bulaoutdoor-logo.png\",\"contentUrl\":\"https:\\\/\\\/www.bulaoutdoor.nl\\\/wp-content\\\/uploads\\\/2018\\\/04\\\/bulaoutdoor-logo.png\",\"width\":324,\"height\":91,\"caption\":\"Bula Outdoor\"},\"image\":{\"@id\":\"https:\\\/\\\/bulaoutdoor.nl\\\/#\\\/schema\\\/logo\\\/image\\\/\"}}]}<\/script>\n<!-- \/ Yoast SEO plugin. -->","yoast_head_json":{"title":"Dammers Restaurant Charcoal Marabu - Bula Outdoor","robots":{"index":"index","follow":"follow","max-snippet":"max-snippet:-1","max-image-preview":"max-image-preview:large","max-video-preview":"max-video-preview:-1"},"canonical":"https:\/\/bulaoutdoor.nl\/fr\/produit\/dammers-restaurant-charcoal-marabu\/","og_locale":"fr_FR","og_type":"article","og_title":"Dammers Restaurant Houtskool Marabu &#8211; Bula Outdoor","og_description":"Dammers Restaurant Houtskool Marabu 15 kg Marabu houtskool is een zware houtskool soort.","og_url":"https:\/\/bulaoutdoor.nl\/fr\/produit\/dammers-restaurant-charcoal-marabu\/","og_site_name":"Bula Outdoor","article_modified_time":"2024-09-23T10:53:01+00:00","og_image":[{"width":500,"height":562,"url":"https:\/\/bulaoutdoor.nl\/wp-content\/uploads\/2020\/03\/Dammers-Marabu-15kg-bula-outdoor.jpg","type":"image\/jpeg"}],"twitter_card":"summary_large_image","twitter_misc":{"Dur\u00e9e de lecture estim\u00e9e":"1 minute"},"schema":{"@context":"https:\/\/schema.org","@graph":[{"@type":"WebPage","@id":"https:\/\/bulaoutdoor.nl\/product\/dammers-restaurant-houtskool-marabu\/","url":"https:\/\/bulaoutdoor.nl\/product\/dammers-restaurant-houtskool-marabu\/","name":"Dammers Restaurant Charcoal Marabu - Bula Outdoor","isPartOf":{"@id":"https:\/\/bulaoutdoor.nl\/#website"},"primaryImageOfPage":{"@id":"https:\/\/bulaoutdoor.nl\/product\/dammers-restaurant-houtskool-marabu\/#primaryimage"},"image":{"@id":"https:\/\/bulaoutdoor.nl\/product\/dammers-restaurant-houtskool-marabu\/#primaryimage"},"thumbnailUrl":"https:\/\/bulaoutdoor.nl\/wp-content\/uploads\/2020\/03\/Dammers-Marabu-15kg-bula-outdoor.jpg","datePublished":"2020-03-13T11:33:06+00:00","dateModified":"2024-09-23T10:53:01+00:00","breadcrumb":{"@id":"https:\/\/bulaoutdoor.nl\/product\/dammers-restaurant-houtskool-marabu\/#breadcrumb"},"inLanguage":"fr-FR","potentialAction":[{"@type":"ReadAction","target":["https:\/\/bulaoutdoor.nl\/product\/dammers-restaurant-houtskool-marabu\/"]}]},{"@type":"ImageObject","inLanguage":"fr-FR","@id":"https:\/\/bulaoutdoor.nl\/product\/dammers-restaurant-houtskool-marabu\/#primaryimage","url":"https:\/\/bulaoutdoor.nl\/wp-content\/uploads\/2020\/03\/Dammers-Marabu-15kg-bula-outdoor.jpg","contentUrl":"https:\/\/bulaoutdoor.nl\/wp-content\/uploads\/2020\/03\/Dammers-Marabu-15kg-bula-outdoor.jpg","width":500,"height":562},{"@type":"BreadcrumbList","@id":"https:\/\/bulaoutdoor.nl\/product\/dammers-restaurant-houtskool-marabu\/#breadcrumb","itemListElement":[{"@type":"ListItem","position":1,"name":"Home","item":"https:\/\/bulaoutdoor.nl\/"},{"@type":"ListItem","position":2,"name":"Online BBQ kopen","item":"https:\/\/bulaoutdoor.nl\/"},{"@type":"ListItem","position":3,"name":"Dammers Restaurant Houtskool Marabu"}]},{"@type":"WebSite","@id":"https:\/\/bulaoutdoor.nl\/#website","url":"https:\/\/bulaoutdoor.nl\/","name":"Bula Outdoor","description":"Pour votre chemin\u00e9e ext\u00e9rieure, votre barbecue, votre torche de jardin et votre four \u00e0 bois","publisher":{"@id":"https:\/\/bulaoutdoor.nl\/#organization"},"potentialAction":[{"@type":"SearchAction","target":{"@type":"EntryPoint","urlTemplate":"https:\/\/bulaoutdoor.nl\/?s={search_term_string}"},"query-input":{"@type":"PropertyValueSpecification","valueRequired":true,"valueName":"search_term_string"}}],"inLanguage":"fr-FR"},{"@type":"Organization","@id":"https:\/\/bulaoutdoor.nl\/#organization","name":"Bula Outdoor","url":"https:\/\/bulaoutdoor.nl\/","logo":{"@type":"ImageObject","inLanguage":"fr-FR","@id":"https:\/\/bulaoutdoor.nl\/#\/schema\/logo\/image\/","url":"https:\/\/www.bulaoutdoor.nl\/wp-content\/uploads\/2018\/04\/bulaoutdoor-logo.png","contentUrl":"https:\/\/www.bulaoutdoor.nl\/wp-content\/uploads\/2018\/04\/bulaoutdoor-logo.png","width":324,"height":91,"caption":"Bula Outdoor"},"image":{"@id":"https:\/\/bulaoutdoor.nl\/#\/schema\/logo\/image\/"}}]}},"jetpack_sharing_enabled":true,"_links":{"self":[{"href":"https:\/\/bulaoutdoor.nl\/fr\/wp-json\/wp\/v2\/product\/8648","targetHints":{"allow":["GET"]}}],"collection":[{"href":"https:\/\/bulaoutdoor.nl\/fr\/wp-json\/wp\/v2\/product"}],"about":[{"href":"https:\/\/bulaoutdoor.nl\/fr\/wp-json\/wp\/v2\/types\/product"}],"replies":[{"embeddable":true,"href":"https:\/\/bulaoutdoor.nl\/fr\/wp-json\/wp\/v2\/comments?post=8648"}],"wp:featuredmedia":[{"embeddable":true,"href":"https:\/\/bulaoutdoor.nl\/fr\/wp-json\/wp\/v2\/media\/8643"}],"wp:attachment":[{"href":"https:\/\/bulaoutdoor.nl\/fr\/wp-json\/wp\/v2\/media?parent=8648"}],"wp:term":[{"taxonomy":"product_brand","embeddable":true,"href":"https:\/\/bulaoutdoor.nl\/fr\/wp-json\/wp\/v2\/product_brand?post=8648"},{"taxonomy":"product_cat","embeddable":true,"href":"https:\/\/bulaoutdoor.nl\/fr\/wp-json\/wp\/v2\/product_cat?post=8648"},{"taxonomy":"product_tag","embeddable":true,"href":"https:\/\/bulaoutdoor.nl\/fr\/wp-json\/wp\/v2\/product_tag?post=8648"}],"curies":[{"name":"wp","href":"https:\/\/api.w.org\/{rel}","templated":true}]}}