{"id":906,"date":"2018-05-27T09:32:01","date_gmt":"2018-05-27T09:32:01","guid":{"rendered":"http:\/\/www.bulaoutdoor.nl\/product\/import-placeholder-for-385\/"},"modified":"2023-06-01T09:11:10","modified_gmt":"2023-06-01T09:11:10","slug":"weltevree-wheelbench-banc-exterieur-mobile-en-chene-avec-roue-de-brouette","status":"publish","type":"product","link":"https:\/\/bulaoutdoor.nl\/fr\/product\/weltevree-wheelbench-mobiele-eikenhouten-buitenbank-met-kruiwagenwiel\/","title":{"rendered":"Weltevree Wheelbench, banc d'ext\u00e9rieur avec roue de brouette"},"content":{"rendered":"<p>Weltevree Banc de Roue Ch\u00eane<\/p>\n<p>Livraison gratuite<\/p>\n<p>Le d\u00e9sormais embl\u00e9matique Wheelbench vous invite \u00e0 trouver le meilleur emplacement. Sa roue distinctive rend ce banc confortable mobile. Le Wheelbench du designer Rogier Martens est fabriqu\u00e9 en ch\u00eane de haute qualit\u00e9. Ce banc d'ext\u00e9rieur sur roues est \u00e0 la fois fonctionnel et confortable. D\u00e9couvrez le monde, cr\u00e9ez votre propre place (assise).<\/p>\n<p>Ajoutez une peau de mouton et vous ne voudrez plus le quitter. Banc d'ext\u00e9rieur facilement d\u00e9pla\u00e7able gr\u00e2ce \u00e0 la roue de brouette et aux poign\u00e9es dimensions 190 x 46 x 76 cm poids 25 kg mat\u00e9riau Bois de ch\u00eane couleur Le banc Wheelbench est livr\u00e9 non trait\u00e9. Vous pouvez traiter le bois vous-m\u00eame avec de l'huile ou l'impr\u00e9gner pour pr\u00e9server la couleur. Si vous ne traitez pas le bois, le banc grisonnera magnifiquement. livraison<\/p>\n<p>L'\u00e9tabli est emball\u00e9 en paquet plat (210x50x20 cm).<\/p>\n<p>le designer Rogier Martens<\/p>","protected":false},"excerpt":{"rendered":"<p>Weltevree Wheelbench, Banc d'ext\u00e9rieur mobile en ch\u00eane avec roue de brouette Maintenant pas de frais de port<\/p>","protected":false},"featured_media":10949,"comment_status":"open","ping_status":"closed","template":"","meta":{"_acf_changed":false},"product_brand":[],"product_cat":[24],"product_tag":[],"class_list":{"0":"post-906","1":"product","2":"type-product","3":"status-publish","4":"has-post-thumbnail","6":"product_cat-weltevree","8":"first","9":"onbackorder","10":"taxable","11":"shipping-taxable","12":"purchasable","13":"product-type-simple"},"acf":[],"yoast_head":"<!-- This site is optimized with the Yoast SEO plugin v27.3 - https:\/\/yoast.com\/product\/yoast-seo-wordpress\/ -->\n<title>Weltevree Wheelbench, buitenbank met kruiwagenwiel &#8211; Bula Outdoor<\/title>\n<meta name=\"robots\" content=\"index, follow, max-snippet:-1, max-image-preview:large, max-video-preview:-1\" \/>\n<link rel=\"canonical\" href=\"https:\/\/bulaoutdoor.nl\/fr\/produit\/weltevree-wheelbench-banc-exterieur-mobile-en-chene-avec-roue-de-brouette\/\" \/>\n<meta property=\"og:locale\" content=\"fr_FR\" \/>\n<meta property=\"og:type\" content=\"article\" \/>\n<meta property=\"og:title\" content=\"Weltevree Wheelbench, buitenbank met kruiwagenwiel &#8211; Bula Outdoor\" \/>\n<meta property=\"og:description\" content=\"Weltevree Wheelbench, Mobiele eikenhouten buitenbank met kruiwagenwiel Nu geen verzendkosten\" \/>\n<meta property=\"og:url\" content=\"https:\/\/bulaoutdoor.nl\/fr\/produit\/weltevree-wheelbench-banc-exterieur-mobile-en-chene-avec-roue-de-brouette\/\" \/>\n<meta property=\"og:site_name\" content=\"Bula Outdoor\" \/>\n<meta property=\"article:modified_time\" content=\"2023-06-01T09:11:10+00:00\" \/>\n<meta property=\"og:image\" content=\"https:\/\/bulaoutdoor.nl\/wp-content\/uploads\/2018\/05\/wheelbench-mobiele-eikenhouten-buitenbank-met-kruiwagenwiel_3567_1_G_SCALED.jpg\" \/>\n\t<meta property=\"og:image:width\" content=\"800\" \/>\n\t<meta property=\"og:image:height\" content=\"800\" \/>\n\t<meta property=\"og:image:type\" content=\"image\/jpeg\" \/>\n<meta name=\"twitter:card\" content=\"summary_large_image\" \/>\n<meta name=\"twitter:label1\" content=\"Dur\u00e9e de lecture estim\u00e9e\" \/>\n\t<meta name=\"twitter:data1\" content=\"1 minute\" \/>\n<script type=\"application\/ld+json\" class=\"yoast-schema-graph\">{\"@context\":\"https:\\\/\\\/schema.org\",\"@graph\":[{\"@type\":\"WebPage\",\"@id\":\"https:\\\/\\\/bulaoutdoor.nl\\\/product\\\/weltevree-wheelbench-mobiele-eikenhouten-buitenbank-met-kruiwagenwiel\\\/\",\"url\":\"https:\\\/\\\/bulaoutdoor.nl\\\/product\\\/weltevree-wheelbench-mobiele-eikenhouten-buitenbank-met-kruiwagenwiel\\\/\",\"name\":\"Weltevree Wheelbench, buitenbank met kruiwagenwiel &#8211; Bula Outdoor\",\"isPartOf\":{\"@id\":\"https:\\\/\\\/bulaoutdoor.nl\\\/#website\"},\"primaryImageOfPage\":{\"@id\":\"https:\\\/\\\/bulaoutdoor.nl\\\/product\\\/weltevree-wheelbench-mobiele-eikenhouten-buitenbank-met-kruiwagenwiel\\\/#primaryimage\"},\"image\":{\"@id\":\"https:\\\/\\\/bulaoutdoor.nl\\\/product\\\/weltevree-wheelbench-mobiele-eikenhouten-buitenbank-met-kruiwagenwiel\\\/#primaryimage\"},\"thumbnailUrl\":\"https:\\\/\\\/bulaoutdoor.nl\\\/wp-content\\\/uploads\\\/2018\\\/05\\\/wheelbench-mobiele-eikenhouten-buitenbank-met-kruiwagenwiel_3567_1_G_SCALED.jpg\",\"datePublished\":\"2018-05-27T09:32:01+00:00\",\"dateModified\":\"2023-06-01T09:11:10+00:00\",\"breadcrumb\":{\"@id\":\"https:\\\/\\\/bulaoutdoor.nl\\\/product\\\/weltevree-wheelbench-mobiele-eikenhouten-buitenbank-met-kruiwagenwiel\\\/#breadcrumb\"},\"inLanguage\":\"fr-FR\",\"potentialAction\":[{\"@type\":\"ReadAction\",\"target\":[\"https:\\\/\\\/bulaoutdoor.nl\\\/product\\\/weltevree-wheelbench-mobiele-eikenhouten-buitenbank-met-kruiwagenwiel\\\/\"]}]},{\"@type\":\"ImageObject\",\"inLanguage\":\"fr-FR\",\"@id\":\"https:\\\/\\\/bulaoutdoor.nl\\\/product\\\/weltevree-wheelbench-mobiele-eikenhouten-buitenbank-met-kruiwagenwiel\\\/#primaryimage\",\"url\":\"https:\\\/\\\/bulaoutdoor.nl\\\/wp-content\\\/uploads\\\/2018\\\/05\\\/wheelbench-mobiele-eikenhouten-buitenbank-met-kruiwagenwiel_3567_1_G_SCALED.jpg\",\"contentUrl\":\"https:\\\/\\\/bulaoutdoor.nl\\\/wp-content\\\/uploads\\\/2018\\\/05\\\/wheelbench-mobiele-eikenhouten-buitenbank-met-kruiwagenwiel_3567_1_G_SCALED.jpg\",\"width\":800,\"height\":800},{\"@type\":\"BreadcrumbList\",\"@id\":\"https:\\\/\\\/bulaoutdoor.nl\\\/product\\\/weltevree-wheelbench-mobiele-eikenhouten-buitenbank-met-kruiwagenwiel\\\/#breadcrumb\",\"itemListElement\":[{\"@type\":\"ListItem\",\"position\":1,\"name\":\"Home\",\"item\":\"https:\\\/\\\/bulaoutdoor.nl\\\/\"},{\"@type\":\"ListItem\",\"position\":2,\"name\":\"Online BBQ kopen\",\"item\":\"https:\\\/\\\/bulaoutdoor.nl\\\/\"},{\"@type\":\"ListItem\",\"position\":3,\"name\":\"Weltevree Wheelbench, buitenbank met kruiwagenwiel\"}]},{\"@type\":\"WebSite\",\"@id\":\"https:\\\/\\\/bulaoutdoor.nl\\\/#website\",\"url\":\"https:\\\/\\\/bulaoutdoor.nl\\\/\",\"name\":\"Bula Outdoor\",\"description\":\"Voor uw buitenhaard, BBQ, tuinfakkel en houtoven\",\"publisher\":{\"@id\":\"https:\\\/\\\/bulaoutdoor.nl\\\/#organization\"},\"potentialAction\":[{\"@type\":\"SearchAction\",\"target\":{\"@type\":\"EntryPoint\",\"urlTemplate\":\"https:\\\/\\\/bulaoutdoor.nl\\\/?s={search_term_string}\"},\"query-input\":{\"@type\":\"PropertyValueSpecification\",\"valueRequired\":true,\"valueName\":\"search_term_string\"}}],\"inLanguage\":\"fr-FR\"},{\"@type\":\"Organization\",\"@id\":\"https:\\\/\\\/bulaoutdoor.nl\\\/#organization\",\"name\":\"Bula Outdoor\",\"url\":\"https:\\\/\\\/bulaoutdoor.nl\\\/\",\"logo\":{\"@type\":\"ImageObject\",\"inLanguage\":\"fr-FR\",\"@id\":\"https:\\\/\\\/bulaoutdoor.nl\\\/#\\\/schema\\\/logo\\\/image\\\/\",\"url\":\"https:\\\/\\\/www.bulaoutdoor.nl\\\/wp-content\\\/uploads\\\/2018\\\/04\\\/bulaoutdoor-logo.png\",\"contentUrl\":\"https:\\\/\\\/www.bulaoutdoor.nl\\\/wp-content\\\/uploads\\\/2018\\\/04\\\/bulaoutdoor-logo.png\",\"width\":324,\"height\":91,\"caption\":\"Bula Outdoor\"},\"image\":{\"@id\":\"https:\\\/\\\/bulaoutdoor.nl\\\/#\\\/schema\\\/logo\\\/image\\\/\"}}]}<\/script>\n<!-- \/ Yoast SEO plugin. -->","yoast_head_json":{"title":"Weltevree Wheelbench, banc d'ext\u00e9rieur avec roue de brouette - Bula Outdoor","robots":{"index":"index","follow":"follow","max-snippet":"max-snippet:-1","max-image-preview":"max-image-preview:large","max-video-preview":"max-video-preview:-1"},"canonical":"https:\/\/bulaoutdoor.nl\/fr\/produit\/weltevree-wheelbench-banc-exterieur-mobile-en-chene-avec-roue-de-brouette\/","og_locale":"fr_FR","og_type":"article","og_title":"Weltevree Wheelbench, buitenbank met kruiwagenwiel &#8211; Bula Outdoor","og_description":"Weltevree Wheelbench, Mobiele eikenhouten buitenbank met kruiwagenwiel Nu geen verzendkosten","og_url":"https:\/\/bulaoutdoor.nl\/fr\/produit\/weltevree-wheelbench-banc-exterieur-mobile-en-chene-avec-roue-de-brouette\/","og_site_name":"Bula Outdoor","article_modified_time":"2023-06-01T09:11:10+00:00","og_image":[{"width":800,"height":800,"url":"https:\/\/bulaoutdoor.nl\/wp-content\/uploads\/2018\/05\/wheelbench-mobiele-eikenhouten-buitenbank-met-kruiwagenwiel_3567_1_G_SCALED.jpg","type":"image\/jpeg"}],"twitter_card":"summary_large_image","twitter_misc":{"Dur\u00e9e de lecture estim\u00e9e":"1 minute"},"schema":{"@context":"https:\/\/schema.org","@graph":[{"@type":"WebPage","@id":"https:\/\/bulaoutdoor.nl\/product\/weltevree-wheelbench-mobiele-eikenhouten-buitenbank-met-kruiwagenwiel\/","url":"https:\/\/bulaoutdoor.nl\/product\/weltevree-wheelbench-mobiele-eikenhouten-buitenbank-met-kruiwagenwiel\/","name":"Weltevree Wheelbench, banc d'ext\u00e9rieur avec roue de brouette - Bula Outdoor","isPartOf":{"@id":"https:\/\/bulaoutdoor.nl\/#website"},"primaryImageOfPage":{"@id":"https:\/\/bulaoutdoor.nl\/product\/weltevree-wheelbench-mobiele-eikenhouten-buitenbank-met-kruiwagenwiel\/#primaryimage"},"image":{"@id":"https:\/\/bulaoutdoor.nl\/product\/weltevree-wheelbench-mobiele-eikenhouten-buitenbank-met-kruiwagenwiel\/#primaryimage"},"thumbnailUrl":"https:\/\/bulaoutdoor.nl\/wp-content\/uploads\/2018\/05\/wheelbench-mobiele-eikenhouten-buitenbank-met-kruiwagenwiel_3567_1_G_SCALED.jpg","datePublished":"2018-05-27T09:32:01+00:00","dateModified":"2023-06-01T09:11:10+00:00","breadcrumb":{"@id":"https:\/\/bulaoutdoor.nl\/product\/weltevree-wheelbench-mobiele-eikenhouten-buitenbank-met-kruiwagenwiel\/#breadcrumb"},"inLanguage":"fr-FR","potentialAction":[{"@type":"ReadAction","target":["https:\/\/bulaoutdoor.nl\/product\/weltevree-wheelbench-mobiele-eikenhouten-buitenbank-met-kruiwagenwiel\/"]}]},{"@type":"ImageObject","inLanguage":"fr-FR","@id":"https:\/\/bulaoutdoor.nl\/product\/weltevree-wheelbench-mobiele-eikenhouten-buitenbank-met-kruiwagenwiel\/#primaryimage","url":"https:\/\/bulaoutdoor.nl\/wp-content\/uploads\/2018\/05\/wheelbench-mobiele-eikenhouten-buitenbank-met-kruiwagenwiel_3567_1_G_SCALED.jpg","contentUrl":"https:\/\/bulaoutdoor.nl\/wp-content\/uploads\/2018\/05\/wheelbench-mobiele-eikenhouten-buitenbank-met-kruiwagenwiel_3567_1_G_SCALED.jpg","width":800,"height":800},{"@type":"BreadcrumbList","@id":"https:\/\/bulaoutdoor.nl\/product\/weltevree-wheelbench-mobiele-eikenhouten-buitenbank-met-kruiwagenwiel\/#breadcrumb","itemListElement":[{"@type":"ListItem","position":1,"name":"Home","item":"https:\/\/bulaoutdoor.nl\/"},{"@type":"ListItem","position":2,"name":"Online BBQ kopen","item":"https:\/\/bulaoutdoor.nl\/"},{"@type":"ListItem","position":3,"name":"Weltevree Wheelbench, buitenbank met kruiwagenwiel"}]},{"@type":"WebSite","@id":"https:\/\/bulaoutdoor.nl\/#website","url":"https:\/\/bulaoutdoor.nl\/","name":"Bula Outdoor","description":"Pour votre chemin\u00e9e ext\u00e9rieure, votre barbecue, votre torche de jardin et votre four \u00e0 bois","publisher":{"@id":"https:\/\/bulaoutdoor.nl\/#organization"},"potentialAction":[{"@type":"SearchAction","target":{"@type":"EntryPoint","urlTemplate":"https:\/\/bulaoutdoor.nl\/?s={search_term_string}"},"query-input":{"@type":"PropertyValueSpecification","valueRequired":true,"valueName":"search_term_string"}}],"inLanguage":"fr-FR"},{"@type":"Organization","@id":"https:\/\/bulaoutdoor.nl\/#organization","name":"Bula Outdoor","url":"https:\/\/bulaoutdoor.nl\/","logo":{"@type":"ImageObject","inLanguage":"fr-FR","@id":"https:\/\/bulaoutdoor.nl\/#\/schema\/logo\/image\/","url":"https:\/\/www.bulaoutdoor.nl\/wp-content\/uploads\/2018\/04\/bulaoutdoor-logo.png","contentUrl":"https:\/\/www.bulaoutdoor.nl\/wp-content\/uploads\/2018\/04\/bulaoutdoor-logo.png","width":324,"height":91,"caption":"Bula Outdoor"},"image":{"@id":"https:\/\/bulaoutdoor.nl\/#\/schema\/logo\/image\/"}}]}},"jetpack_sharing_enabled":true,"_links":{"self":[{"href":"https:\/\/bulaoutdoor.nl\/fr\/wp-json\/wp\/v2\/product\/906","targetHints":{"allow":["GET"]}}],"collection":[{"href":"https:\/\/bulaoutdoor.nl\/fr\/wp-json\/wp\/v2\/product"}],"about":[{"href":"https:\/\/bulaoutdoor.nl\/fr\/wp-json\/wp\/v2\/types\/product"}],"replies":[{"embeddable":true,"href":"https:\/\/bulaoutdoor.nl\/fr\/wp-json\/wp\/v2\/comments?post=906"}],"wp:featuredmedia":[{"embeddable":true,"href":"https:\/\/bulaoutdoor.nl\/fr\/wp-json\/wp\/v2\/media\/10949"}],"wp:attachment":[{"href":"https:\/\/bulaoutdoor.nl\/fr\/wp-json\/wp\/v2\/media?parent=906"}],"wp:term":[{"taxonomy":"product_brand","embeddable":true,"href":"https:\/\/bulaoutdoor.nl\/fr\/wp-json\/wp\/v2\/product_brand?post=906"},{"taxonomy":"product_cat","embeddable":true,"href":"https:\/\/bulaoutdoor.nl\/fr\/wp-json\/wp\/v2\/product_cat?post=906"},{"taxonomy":"product_tag","embeddable":true,"href":"https:\/\/bulaoutdoor.nl\/fr\/wp-json\/wp\/v2\/product_tag?post=906"}],"curies":[{"name":"wp","href":"https:\/\/api.w.org\/{rel}","templated":true}]}}