{"id":907,"date":"2018-05-27T09:32:02","date_gmt":"2018-05-27T09:32:02","guid":{"rendered":"http:\/\/www.bulaoutdoor.nl\/product\/import-placeholder-for-391\/"},"modified":"2025-05-30T07:09:33","modified_gmt":"2025-05-30T07:09:33","slug":"guidelight-lampe-led-rechargeable-pour-lexterieur-et-linterieur-comme-lampe-dambiance-lampe-de-travail-dimmable","status":"publish","type":"product","link":"https:\/\/bulaoutdoor.nl\/fr\/product\/guidelight-oplaadbare-ledlamp-voor-buiten-en-binnen-als-sfeerlamp-werklamp-dimbaar\/","title":{"rendered":"Lampe LED rechargeable Guidelight pour l'ext\u00e9rieur et l'int\u00e9rieur. Comme lumi\u00e8re d'ambiance, lumi\u00e8re de travail. Dimmable"},"content":{"rendered":"<h2>Le Guidelight Weltevree<\/h2>\n<p>La Guidelight est la lampe la plus multifonctionnelle. D'un simple coup de t\u00eate, elle se transforme d'une lumi\u00e8re d'ambiance subtile en une lampe de travail lumineuse ou en une torche pratique au faisceau lumineux. Tout endroit inattendu devient votre maison avec la Guidelight. La Guidelight est mobile, sans fil et incroyablement \u00e9conome en \u00e9nergie. La lampe LED \u00e0 intensit\u00e9 variable est facile \u00e0 charger via micro-USB et peut fournir de l'\u00e9nergie pendant environ 10 heures \u00e0 l'intensit\u00e9 la plus \u00e9lev\u00e9e jusqu'\u00e0 150 heures \u00e0 l'intensit\u00e9 la plus faible. Gr\u00e2ce \u00e0 ses nombreuses fonctions, cette lampe de promenade r\u00e9volutionnaire peut \u00eatre transport\u00e9e, suspendue ou plac\u00e9e sur une table dans le jardin. Avec son esprit nomade et son apparence sympathique, la Guidelight est un compl\u00e9ment parfait \u00e0 tout voyage, destination ou espace, \u00e0 l'int\u00e9rieur comme \u00e0 l'ext\u00e9rieur ! Nous avons \u00e9galement test\u00e9 ce produit en conditions r\u00e9elles. Nous sommes maintenant de vrais fans de cette lampe. Elle peut tout faire en toute occasion. Recommand\u00e9.<\/p>","protected":false},"excerpt":{"rendered":"<p>Lampe LED rechargeable Guidelight pour l'ext\u00e9rieur et l'int\u00e9rieur. Comme lumi\u00e8re d'ambiance, lumi\u00e8re de travail. Dimmable<\/p>","protected":false},"featured_media":928,"comment_status":"open","ping_status":"closed","template":"","meta":{"_acf_changed":false},"product_brand":[],"product_cat":[24],"product_tag":[319,320,59],"class_list":{"0":"post-907","1":"product","2":"type-product","3":"status-publish","4":"has-post-thumbnail","6":"product_cat-weltevree","7":"product_tag-guidelight","8":"product_tag-lamp","9":"product_tag-weltevree","11":"first","12":"onbackorder","13":"taxable","14":"shipping-taxable","15":"purchasable","16":"product-type-variable"},"acf":[],"yoast_head":"<!-- This site is optimized with the Yoast SEO plugin v27.4 - https:\/\/yoast.com\/product\/yoast-seo-wordpress\/ -->\n<title>Guidelight oplaadbare ledlamp voor buiten en binnen. Als sfeerlamp, werklamp. Dimbaar &#8211; Bula Outdoor<\/title>\n<meta name=\"robots\" content=\"index, follow, max-snippet:-1, max-image-preview:large, max-video-preview:-1\" \/>\n<link rel=\"canonical\" href=\"https:\/\/bulaoutdoor.nl\/fr\/produit\/guidelight-lampe-led-rechargeable-pour-lexterieur-et-linterieur-comme-lampe-dambiance-lampe-de-travail-dimmable\/\" \/>\n<meta property=\"og:locale\" content=\"fr_FR\" \/>\n<meta property=\"og:type\" content=\"article\" \/>\n<meta property=\"og:title\" content=\"Guidelight oplaadbare ledlamp voor buiten en binnen. Als sfeerlamp, werklamp. Dimbaar &#8211; Bula Outdoor\" \/>\n<meta property=\"og:description\" content=\"Guidelight oplaadbare ledlamp voor buiten en binnen. Als sfeerlamp, werklamp. Dimbaar\" \/>\n<meta property=\"og:url\" content=\"https:\/\/bulaoutdoor.nl\/fr\/produit\/guidelight-lampe-led-rechargeable-pour-lexterieur-et-linterieur-comme-lampe-dambiance-lampe-de-travail-dimmable\/\" \/>\n<meta property=\"og:site_name\" content=\"Bula Outdoor\" \/>\n<meta property=\"article:modified_time\" content=\"2025-05-30T07:09:33+00:00\" \/>\n<meta property=\"og:image\" content=\"https:\/\/bulaoutdoor.nl\/wp-content\/uploads\/2018\/05\/guidelight-oplaadbare-ledlamp-voor-buiten-en-binnen-als-sfeerlamp-werklam_3573_1_G.jpg\" \/>\n\t<meta property=\"og:image:width\" content=\"800\" \/>\n\t<meta property=\"og:image:height\" content=\"800\" \/>\n\t<meta property=\"og:image:type\" content=\"image\/jpeg\" \/>\n<meta name=\"twitter:card\" content=\"summary_large_image\" \/>\n<meta name=\"twitter:label1\" content=\"Dur\u00e9e de lecture estim\u00e9e\" \/>\n\t<meta name=\"twitter:data1\" content=\"1 minute\" \/>\n<script type=\"application\/ld+json\" class=\"yoast-schema-graph\">{\"@context\":\"https:\\\/\\\/schema.org\",\"@graph\":[{\"@type\":\"WebPage\",\"@id\":\"https:\\\/\\\/bulaoutdoor.nl\\\/product\\\/guidelight-oplaadbare-ledlamp-voor-buiten-en-binnen-als-sfeerlamp-werklamp-dimbaar\\\/\",\"url\":\"https:\\\/\\\/bulaoutdoor.nl\\\/product\\\/guidelight-oplaadbare-ledlamp-voor-buiten-en-binnen-als-sfeerlamp-werklamp-dimbaar\\\/\",\"name\":\"Guidelight oplaadbare ledlamp voor buiten en binnen. Als sfeerlamp, werklamp. Dimbaar &#8211; Bula Outdoor\",\"isPartOf\":{\"@id\":\"https:\\\/\\\/bulaoutdoor.nl\\\/#website\"},\"primaryImageOfPage\":{\"@id\":\"https:\\\/\\\/bulaoutdoor.nl\\\/product\\\/guidelight-oplaadbare-ledlamp-voor-buiten-en-binnen-als-sfeerlamp-werklamp-dimbaar\\\/#primaryimage\"},\"image\":{\"@id\":\"https:\\\/\\\/bulaoutdoor.nl\\\/product\\\/guidelight-oplaadbare-ledlamp-voor-buiten-en-binnen-als-sfeerlamp-werklamp-dimbaar\\\/#primaryimage\"},\"thumbnailUrl\":\"https:\\\/\\\/bulaoutdoor.nl\\\/wp-content\\\/uploads\\\/2018\\\/05\\\/guidelight-oplaadbare-ledlamp-voor-buiten-en-binnen-als-sfeerlamp-werklam_3573_1_G.jpg\",\"datePublished\":\"2018-05-27T09:32:02+00:00\",\"dateModified\":\"2025-05-30T07:09:33+00:00\",\"breadcrumb\":{\"@id\":\"https:\\\/\\\/bulaoutdoor.nl\\\/product\\\/guidelight-oplaadbare-ledlamp-voor-buiten-en-binnen-als-sfeerlamp-werklamp-dimbaar\\\/#breadcrumb\"},\"inLanguage\":\"fr-FR\",\"potentialAction\":[{\"@type\":\"ReadAction\",\"target\":[\"https:\\\/\\\/bulaoutdoor.nl\\\/product\\\/guidelight-oplaadbare-ledlamp-voor-buiten-en-binnen-als-sfeerlamp-werklamp-dimbaar\\\/\"]}]},{\"@type\":\"ImageObject\",\"inLanguage\":\"fr-FR\",\"@id\":\"https:\\\/\\\/bulaoutdoor.nl\\\/product\\\/guidelight-oplaadbare-ledlamp-voor-buiten-en-binnen-als-sfeerlamp-werklamp-dimbaar\\\/#primaryimage\",\"url\":\"https:\\\/\\\/bulaoutdoor.nl\\\/wp-content\\\/uploads\\\/2018\\\/05\\\/guidelight-oplaadbare-ledlamp-voor-buiten-en-binnen-als-sfeerlamp-werklam_3573_1_G.jpg\",\"contentUrl\":\"https:\\\/\\\/bulaoutdoor.nl\\\/wp-content\\\/uploads\\\/2018\\\/05\\\/guidelight-oplaadbare-ledlamp-voor-buiten-en-binnen-als-sfeerlamp-werklam_3573_1_G.jpg\",\"width\":800,\"height\":800},{\"@type\":\"BreadcrumbList\",\"@id\":\"https:\\\/\\\/bulaoutdoor.nl\\\/product\\\/guidelight-oplaadbare-ledlamp-voor-buiten-en-binnen-als-sfeerlamp-werklamp-dimbaar\\\/#breadcrumb\",\"itemListElement\":[{\"@type\":\"ListItem\",\"position\":1,\"name\":\"Home\",\"item\":\"https:\\\/\\\/bulaoutdoor.nl\\\/\"},{\"@type\":\"ListItem\",\"position\":2,\"name\":\"Online BBQ kopen\",\"item\":\"https:\\\/\\\/bulaoutdoor.nl\\\/\"},{\"@type\":\"ListItem\",\"position\":3,\"name\":\"Guidelight oplaadbare ledlamp voor buiten en binnen. Als sfeerlamp, werklamp. Dimbaar\"}]},{\"@type\":\"WebSite\",\"@id\":\"https:\\\/\\\/bulaoutdoor.nl\\\/#website\",\"url\":\"https:\\\/\\\/bulaoutdoor.nl\\\/\",\"name\":\"Bula Outdoor\",\"description\":\"Voor uw buitenhaard, BBQ, tuinfakkel en houtoven\",\"publisher\":{\"@id\":\"https:\\\/\\\/bulaoutdoor.nl\\\/#organization\"},\"potentialAction\":[{\"@type\":\"SearchAction\",\"target\":{\"@type\":\"EntryPoint\",\"urlTemplate\":\"https:\\\/\\\/bulaoutdoor.nl\\\/?s={search_term_string}\"},\"query-input\":{\"@type\":\"PropertyValueSpecification\",\"valueRequired\":true,\"valueName\":\"search_term_string\"}}],\"inLanguage\":\"fr-FR\"},{\"@type\":\"Organization\",\"@id\":\"https:\\\/\\\/bulaoutdoor.nl\\\/#organization\",\"name\":\"Bula Outdoor\",\"url\":\"https:\\\/\\\/bulaoutdoor.nl\\\/\",\"logo\":{\"@type\":\"ImageObject\",\"inLanguage\":\"fr-FR\",\"@id\":\"https:\\\/\\\/bulaoutdoor.nl\\\/#\\\/schema\\\/logo\\\/image\\\/\",\"url\":\"https:\\\/\\\/www.bulaoutdoor.nl\\\/wp-content\\\/uploads\\\/2018\\\/04\\\/bulaoutdoor-logo.png\",\"contentUrl\":\"https:\\\/\\\/www.bulaoutdoor.nl\\\/wp-content\\\/uploads\\\/2018\\\/04\\\/bulaoutdoor-logo.png\",\"width\":324,\"height\":91,\"caption\":\"Bula Outdoor\"},\"image\":{\"@id\":\"https:\\\/\\\/bulaoutdoor.nl\\\/#\\\/schema\\\/logo\\\/image\\\/\"}}]}<\/script>\n<!-- \/ Yoast SEO plugin. -->","yoast_head_json":{"title":"Lampe LED rechargeable Guidelight pour l'ext\u00e9rieur et l'int\u00e9rieur. Comme lumi\u00e8re d'ambiance, lumi\u00e8re de travail. Dimmable - Bula Outdoor","robots":{"index":"index","follow":"follow","max-snippet":"max-snippet:-1","max-image-preview":"max-image-preview:large","max-video-preview":"max-video-preview:-1"},"canonical":"https:\/\/bulaoutdoor.nl\/fr\/produit\/guidelight-lampe-led-rechargeable-pour-lexterieur-et-linterieur-comme-lampe-dambiance-lampe-de-travail-dimmable\/","og_locale":"fr_FR","og_type":"article","og_title":"Guidelight oplaadbare ledlamp voor buiten en binnen. Als sfeerlamp, werklamp. Dimbaar &#8211; Bula Outdoor","og_description":"Guidelight oplaadbare ledlamp voor buiten en binnen. Als sfeerlamp, werklamp. Dimbaar","og_url":"https:\/\/bulaoutdoor.nl\/fr\/produit\/guidelight-lampe-led-rechargeable-pour-lexterieur-et-linterieur-comme-lampe-dambiance-lampe-de-travail-dimmable\/","og_site_name":"Bula Outdoor","article_modified_time":"2025-05-30T07:09:33+00:00","og_image":[{"width":800,"height":800,"url":"https:\/\/bulaoutdoor.nl\/wp-content\/uploads\/2018\/05\/guidelight-oplaadbare-ledlamp-voor-buiten-en-binnen-als-sfeerlamp-werklam_3573_1_G.jpg","type":"image\/jpeg"}],"twitter_card":"summary_large_image","twitter_misc":{"Dur\u00e9e de lecture estim\u00e9e":"1 minute"},"schema":{"@context":"https:\/\/schema.org","@graph":[{"@type":"WebPage","@id":"https:\/\/bulaoutdoor.nl\/product\/guidelight-oplaadbare-ledlamp-voor-buiten-en-binnen-als-sfeerlamp-werklamp-dimbaar\/","url":"https:\/\/bulaoutdoor.nl\/product\/guidelight-oplaadbare-ledlamp-voor-buiten-en-binnen-als-sfeerlamp-werklamp-dimbaar\/","name":"Lampe LED rechargeable Guidelight pour l'ext\u00e9rieur et l'int\u00e9rieur. Comme lumi\u00e8re d'ambiance, lumi\u00e8re de travail. Dimmable - Bula Outdoor","isPartOf":{"@id":"https:\/\/bulaoutdoor.nl\/#website"},"primaryImageOfPage":{"@id":"https:\/\/bulaoutdoor.nl\/product\/guidelight-oplaadbare-ledlamp-voor-buiten-en-binnen-als-sfeerlamp-werklamp-dimbaar\/#primaryimage"},"image":{"@id":"https:\/\/bulaoutdoor.nl\/product\/guidelight-oplaadbare-ledlamp-voor-buiten-en-binnen-als-sfeerlamp-werklamp-dimbaar\/#primaryimage"},"thumbnailUrl":"https:\/\/bulaoutdoor.nl\/wp-content\/uploads\/2018\/05\/guidelight-oplaadbare-ledlamp-voor-buiten-en-binnen-als-sfeerlamp-werklam_3573_1_G.jpg","datePublished":"2018-05-27T09:32:02+00:00","dateModified":"2025-05-30T07:09:33+00:00","breadcrumb":{"@id":"https:\/\/bulaoutdoor.nl\/product\/guidelight-oplaadbare-ledlamp-voor-buiten-en-binnen-als-sfeerlamp-werklamp-dimbaar\/#breadcrumb"},"inLanguage":"fr-FR","potentialAction":[{"@type":"ReadAction","target":["https:\/\/bulaoutdoor.nl\/product\/guidelight-oplaadbare-ledlamp-voor-buiten-en-binnen-als-sfeerlamp-werklamp-dimbaar\/"]}]},{"@type":"ImageObject","inLanguage":"fr-FR","@id":"https:\/\/bulaoutdoor.nl\/product\/guidelight-oplaadbare-ledlamp-voor-buiten-en-binnen-als-sfeerlamp-werklamp-dimbaar\/#primaryimage","url":"https:\/\/bulaoutdoor.nl\/wp-content\/uploads\/2018\/05\/guidelight-oplaadbare-ledlamp-voor-buiten-en-binnen-als-sfeerlamp-werklam_3573_1_G.jpg","contentUrl":"https:\/\/bulaoutdoor.nl\/wp-content\/uploads\/2018\/05\/guidelight-oplaadbare-ledlamp-voor-buiten-en-binnen-als-sfeerlamp-werklam_3573_1_G.jpg","width":800,"height":800},{"@type":"BreadcrumbList","@id":"https:\/\/bulaoutdoor.nl\/product\/guidelight-oplaadbare-ledlamp-voor-buiten-en-binnen-als-sfeerlamp-werklamp-dimbaar\/#breadcrumb","itemListElement":[{"@type":"ListItem","position":1,"name":"Home","item":"https:\/\/bulaoutdoor.nl\/"},{"@type":"ListItem","position":2,"name":"Online BBQ kopen","item":"https:\/\/bulaoutdoor.nl\/"},{"@type":"ListItem","position":3,"name":"Guidelight oplaadbare ledlamp voor buiten en binnen. Als sfeerlamp, werklamp. Dimbaar"}]},{"@type":"WebSite","@id":"https:\/\/bulaoutdoor.nl\/#website","url":"https:\/\/bulaoutdoor.nl\/","name":"Bula Outdoor","description":"Pour votre chemin\u00e9e ext\u00e9rieure, votre barbecue, votre torche de jardin et votre four \u00e0 bois","publisher":{"@id":"https:\/\/bulaoutdoor.nl\/#organization"},"potentialAction":[{"@type":"SearchAction","target":{"@type":"EntryPoint","urlTemplate":"https:\/\/bulaoutdoor.nl\/?s={search_term_string}"},"query-input":{"@type":"PropertyValueSpecification","valueRequired":true,"valueName":"search_term_string"}}],"inLanguage":"fr-FR"},{"@type":"Organization","@id":"https:\/\/bulaoutdoor.nl\/#organization","name":"Bula Outdoor","url":"https:\/\/bulaoutdoor.nl\/","logo":{"@type":"ImageObject","inLanguage":"fr-FR","@id":"https:\/\/bulaoutdoor.nl\/#\/schema\/logo\/image\/","url":"https:\/\/www.bulaoutdoor.nl\/wp-content\/uploads\/2018\/04\/bulaoutdoor-logo.png","contentUrl":"https:\/\/www.bulaoutdoor.nl\/wp-content\/uploads\/2018\/04\/bulaoutdoor-logo.png","width":324,"height":91,"caption":"Bula Outdoor"},"image":{"@id":"https:\/\/bulaoutdoor.nl\/#\/schema\/logo\/image\/"}}]}},"jetpack_sharing_enabled":true,"_links":{"self":[{"href":"https:\/\/bulaoutdoor.nl\/fr\/wp-json\/wp\/v2\/product\/907","targetHints":{"allow":["GET"]}}],"collection":[{"href":"https:\/\/bulaoutdoor.nl\/fr\/wp-json\/wp\/v2\/product"}],"about":[{"href":"https:\/\/bulaoutdoor.nl\/fr\/wp-json\/wp\/v2\/types\/product"}],"replies":[{"embeddable":true,"href":"https:\/\/bulaoutdoor.nl\/fr\/wp-json\/wp\/v2\/comments?post=907"}],"wp:featuredmedia":[{"embeddable":true,"href":"https:\/\/bulaoutdoor.nl\/fr\/wp-json\/wp\/v2\/media\/928"}],"wp:attachment":[{"href":"https:\/\/bulaoutdoor.nl\/fr\/wp-json\/wp\/v2\/media?parent=907"}],"wp:term":[{"taxonomy":"product_brand","embeddable":true,"href":"https:\/\/bulaoutdoor.nl\/fr\/wp-json\/wp\/v2\/product_brand?post=907"},{"taxonomy":"product_cat","embeddable":true,"href":"https:\/\/bulaoutdoor.nl\/fr\/wp-json\/wp\/v2\/product_cat?post=907"},{"taxonomy":"product_tag","embeddable":true,"href":"https:\/\/bulaoutdoor.nl\/fr\/wp-json\/wp\/v2\/product_tag?post=907"}],"curies":[{"name":"wp","href":"https:\/\/api.w.org\/{rel}","templated":true}]}}