{"id":912,"date":"2018-05-27T09:32:03","date_gmt":"2018-05-27T09:32:03","guid":{"rendered":"http:\/\/www.bulaoutdoor.nl\/product\/import-placeholder-for-418\/"},"modified":"2025-06-07T04:56:13","modified_gmt":"2025-06-07T04:56:13","slug":"bula-smart-bbq-grill-brochettes-rotatives-automatiques-et-rotisserie-avec-batterie-ou-prise-complete-avec-tous-les-accessoires-imaginables","status":"publish","type":"product","link":"https:\/\/bulaoutdoor.nl\/fr\/product\/bula-smart-bbq-grill-automatisch-draaiende-spiesen-en-draaispit-met-een-batterij-of-stekker-compleet-geleverd-met-alle-denkbare-accessoires\/","title":{"rendered":"Bula Smart BBQ Grill - brochettes \u00e0 rotation automatique et tournebroche"},"content":{"rendered":"<h2>Bula Smart BBQ Grill<\/h2>\n<p>Plus de commodit\u00e9, plus de confort et des r\u00e9sultats encore plus savoureux ! Le Smart est un barbecue r\u00e9volutionnaire, car il peut presque tout faire et fait tout le travail \u00e0 votre place. La base du barbecue est une grande roue dent\u00e9e rotative dot\u00e9e d'un moteur \u00e9lectrique, qui fait tourner votre viande, votre poisson et vos l\u00e9gumes au-dessus des braises incandescentes de mani\u00e8re enti\u00e8rement automatique. Ainsi, tout cuit de mani\u00e8re tr\u00e8s uniforme, vous ne vous br\u00fblez pas les mains et vous pouvez boire un bon verre avec vos invit\u00e9s ! C'est donc le barbecue id\u00e9al pour toutes les f\u00eates ! Autour du feu, le Smart dispose de 10 brochettes qui tournent automatiquement. En un clin d'\u0153il, vous retirez la brochette et en ins\u00e9rez une nouvelle. C'est id\u00e9al pour la viande, les l\u00e9gumes, le poisson et, bien s\u00fbr, les guimauves !<\/p>\n<p><strong>Brochettes et r\u00f4tissoires \u00e0 rotation automatique avec une batterie ou une prise. Livr\u00e9 avec tous les accessoires imaginables.<\/strong><\/p>\n<p>Mais il peut faire bien plus. Le Smart dispose \u00e9galement d'un tournebroche qui tourne automatiquement. Que voulez-vous enfiler sur la broche ? Un morceau de gibier, un poulet entier ? Ou pr\u00e9f\u00e9rez-vous utiliser les pinces dans lesquelles vous pouvez faire tourner un poisson ou une belle entrec\u00f4te ? Le Smart est m\u00eame \u00e9quip\u00e9 de s\u00e9rie d'un tambour en acier inoxydable que vous pouvez remplir, par exemple, de crevettes ou de crustac\u00e9s, mais aussi, bien s\u00fbr, de noix et de caf\u00e9 ! Et si vous voulez des grillades \u00e0 l'ancienne, de l'artisanat pur o\u00f9 vous faites le tour vous-m\u00eame ? C'est possible gr\u00e2ce \u00e0 la grille fournie de s\u00e9rie. Ce barbecue r\u00e9volutionnaire est livr\u00e9 de s\u00e9rie tr\u00e8s complet, avec des brochettes, une pince, une broche, deux bols en acier inoxydable et un sac de transport pratique... parce qu'il vous arrive de faire la f\u00eate sur le bateau, dans le parc ou sur la plage. Le Smart fonctionne partout, sur secteur ou sur batterie. En bref : le Smart est un appareil polyvalent qui permet de pr\u00e9parer des plats d\u00e9licieux tout en s'amusant. En effet, tout cuit de mani\u00e8re homog\u00e8ne et vous n'avez qu'\u00e0 regarder, ce qui est tr\u00e8s amusant, car tout le monde se r\u00e9unit autour du Smart.<\/p>\n<ul>\n<li>Moteur \u00e9lectrique pour fonctionnement sur batterie ou sur secteur<\/li>\n<li>16 brochettes en m\u00e9tal<\/li>\n<li>Cracher<\/li>\n<li>Pinces pour le crachat<\/li>\n<li>Tambour<\/li>\n<li>Grille du gril<\/li>\n<li>2 x plateau en acier inoxydable<\/li>\n<li>Anneau de distribution de charbon de bois<\/li>\n<\/ul>","protected":false},"excerpt":{"rendered":"<p>Bula Smart BBQ Grill &#8211; automatisch draaiende spiesen en draaispit met een batterij of stekker Compleet geleverd met alle denkbare accessoires.<\/p>","protected":false},"featured_media":13563,"comment_status":"open","ping_status":"closed","template":"","meta":{"_acf_changed":false},"product_brand":[],"product_cat":[164],"product_tag":[988,985,987,986],"class_list":{"0":"post-912","1":"product","2":"type-product","3":"status-publish","4":"has-post-thumbnail","6":"product_cat-bula-smart-bbq","7":"product_tag-bula-outdoor-bbq","8":"product_tag-houtskool-bbq","9":"product_tag-smart-bbq","10":"product_tag-spit-bbq","12":"first","13":"instock","14":"taxable","15":"shipping-taxable","16":"purchasable","17":"product-type-simple"},"acf":[],"yoast_head":"<!-- This site is optimized with the Yoast SEO plugin v27.3 - https:\/\/yoast.com\/product\/yoast-seo-wordpress\/ -->\n<title>Bula Smart BBQ Grill - automatisch draaiende spiesen en draaispit &#8211; Bula Outdoor<\/title>\n<meta name=\"robots\" content=\"index, follow, max-snippet:-1, max-image-preview:large, max-video-preview:-1\" \/>\n<link rel=\"canonical\" href=\"https:\/\/bulaoutdoor.nl\/fr\/produit\/bula-smart-bbq-grill-brochettes-rotatives-automatiques-et-rotisserie-avec-batterie-ou-prise-complete-avec-tous-les-accessoires-imaginables\/\" \/>\n<meta property=\"og:locale\" content=\"fr_FR\" \/>\n<meta property=\"og:type\" content=\"article\" \/>\n<meta property=\"og:title\" content=\"Bula Smart BBQ Grill - automatisch draaiende spiesen en draaispit &#8211; Bula Outdoor\" \/>\n<meta property=\"og:description\" content=\"Bula Smart BBQ Grill - automatisch draaiende spiesen en draaispit met een batterij of stekker Compleet geleverd met alle denkbare accessoires.\" \/>\n<meta property=\"og:url\" content=\"https:\/\/bulaoutdoor.nl\/fr\/produit\/bula-smart-bbq-grill-brochettes-rotatives-automatiques-et-rotisserie-avec-batterie-ou-prise-complete-avec-tous-les-accessoires-imaginables\/\" \/>\n<meta property=\"og:site_name\" content=\"Bula Outdoor\" \/>\n<meta property=\"article:modified_time\" content=\"2025-06-07T04:56:13+00:00\" \/>\n<meta property=\"og:image\" content=\"https:\/\/bulaoutdoor.nl\/wp-content\/uploads\/2018\/05\/Bula-Smart-barbecue-.jpg\" \/>\n\t<meta property=\"og:image:width\" content=\"495\" \/>\n\t<meta property=\"og:image:height\" content=\"423\" \/>\n\t<meta property=\"og:image:type\" content=\"image\/jpeg\" \/>\n<meta name=\"twitter:card\" content=\"summary_large_image\" \/>\n<meta name=\"twitter:label1\" content=\"Dur\u00e9e de lecture estim\u00e9e\" \/>\n\t<meta name=\"twitter:data1\" content=\"2 minutes\" \/>\n<script type=\"application\/ld+json\" class=\"yoast-schema-graph\">{\"@context\":\"https:\\\/\\\/schema.org\",\"@graph\":[{\"@type\":\"WebPage\",\"@id\":\"https:\\\/\\\/bulaoutdoor.nl\\\/product\\\/bula-smart-bbq-grill-automatisch-draaiende-spiesen-en-draaispit-met-een-batterij-of-stekker-compleet-geleverd-met-alle-denkbare-accessoires\\\/\",\"url\":\"https:\\\/\\\/bulaoutdoor.nl\\\/product\\\/bula-smart-bbq-grill-automatisch-draaiende-spiesen-en-draaispit-met-een-batterij-of-stekker-compleet-geleverd-met-alle-denkbare-accessoires\\\/\",\"name\":\"Bula Smart BBQ Grill - automatisch draaiende spiesen en draaispit &#8211; Bula Outdoor\",\"isPartOf\":{\"@id\":\"https:\\\/\\\/bulaoutdoor.nl\\\/#website\"},\"primaryImageOfPage\":{\"@id\":\"https:\\\/\\\/bulaoutdoor.nl\\\/product\\\/bula-smart-bbq-grill-automatisch-draaiende-spiesen-en-draaispit-met-een-batterij-of-stekker-compleet-geleverd-met-alle-denkbare-accessoires\\\/#primaryimage\"},\"image\":{\"@id\":\"https:\\\/\\\/bulaoutdoor.nl\\\/product\\\/bula-smart-bbq-grill-automatisch-draaiende-spiesen-en-draaispit-met-een-batterij-of-stekker-compleet-geleverd-met-alle-denkbare-accessoires\\\/#primaryimage\"},\"thumbnailUrl\":\"https:\\\/\\\/bulaoutdoor.nl\\\/wp-content\\\/uploads\\\/2018\\\/05\\\/Bula-Smart-barbecue-.jpg\",\"datePublished\":\"2018-05-27T09:32:03+00:00\",\"dateModified\":\"2025-06-07T04:56:13+00:00\",\"breadcrumb\":{\"@id\":\"https:\\\/\\\/bulaoutdoor.nl\\\/product\\\/bula-smart-bbq-grill-automatisch-draaiende-spiesen-en-draaispit-met-een-batterij-of-stekker-compleet-geleverd-met-alle-denkbare-accessoires\\\/#breadcrumb\"},\"inLanguage\":\"fr-FR\",\"potentialAction\":[{\"@type\":\"ReadAction\",\"target\":[\"https:\\\/\\\/bulaoutdoor.nl\\\/product\\\/bula-smart-bbq-grill-automatisch-draaiende-spiesen-en-draaispit-met-een-batterij-of-stekker-compleet-geleverd-met-alle-denkbare-accessoires\\\/\"]}]},{\"@type\":\"ImageObject\",\"inLanguage\":\"fr-FR\",\"@id\":\"https:\\\/\\\/bulaoutdoor.nl\\\/product\\\/bula-smart-bbq-grill-automatisch-draaiende-spiesen-en-draaispit-met-een-batterij-of-stekker-compleet-geleverd-met-alle-denkbare-accessoires\\\/#primaryimage\",\"url\":\"https:\\\/\\\/bulaoutdoor.nl\\\/wp-content\\\/uploads\\\/2018\\\/05\\\/Bula-Smart-barbecue-.jpg\",\"contentUrl\":\"https:\\\/\\\/bulaoutdoor.nl\\\/wp-content\\\/uploads\\\/2018\\\/05\\\/Bula-Smart-barbecue-.jpg\",\"width\":495,\"height\":423},{\"@type\":\"BreadcrumbList\",\"@id\":\"https:\\\/\\\/bulaoutdoor.nl\\\/product\\\/bula-smart-bbq-grill-automatisch-draaiende-spiesen-en-draaispit-met-een-batterij-of-stekker-compleet-geleverd-met-alle-denkbare-accessoires\\\/#breadcrumb\",\"itemListElement\":[{\"@type\":\"ListItem\",\"position\":1,\"name\":\"Home\",\"item\":\"https:\\\/\\\/bulaoutdoor.nl\\\/\"},{\"@type\":\"ListItem\",\"position\":2,\"name\":\"Online BBQ kopen\",\"item\":\"https:\\\/\\\/bulaoutdoor.nl\\\/\"},{\"@type\":\"ListItem\",\"position\":3,\"name\":\"Bula Smart BBQ Grill &#8211; automatisch draaiende spiesen en draaispit\"}]},{\"@type\":\"WebSite\",\"@id\":\"https:\\\/\\\/bulaoutdoor.nl\\\/#website\",\"url\":\"https:\\\/\\\/bulaoutdoor.nl\\\/\",\"name\":\"Bula Outdoor\",\"description\":\"Voor uw buitenhaard, BBQ, tuinfakkel en houtoven\",\"publisher\":{\"@id\":\"https:\\\/\\\/bulaoutdoor.nl\\\/#organization\"},\"potentialAction\":[{\"@type\":\"SearchAction\",\"target\":{\"@type\":\"EntryPoint\",\"urlTemplate\":\"https:\\\/\\\/bulaoutdoor.nl\\\/?s={search_term_string}\"},\"query-input\":{\"@type\":\"PropertyValueSpecification\",\"valueRequired\":true,\"valueName\":\"search_term_string\"}}],\"inLanguage\":\"fr-FR\"},{\"@type\":\"Organization\",\"@id\":\"https:\\\/\\\/bulaoutdoor.nl\\\/#organization\",\"name\":\"Bula Outdoor\",\"url\":\"https:\\\/\\\/bulaoutdoor.nl\\\/\",\"logo\":{\"@type\":\"ImageObject\",\"inLanguage\":\"fr-FR\",\"@id\":\"https:\\\/\\\/bulaoutdoor.nl\\\/#\\\/schema\\\/logo\\\/image\\\/\",\"url\":\"https:\\\/\\\/www.bulaoutdoor.nl\\\/wp-content\\\/uploads\\\/2018\\\/04\\\/bulaoutdoor-logo.png\",\"contentUrl\":\"https:\\\/\\\/www.bulaoutdoor.nl\\\/wp-content\\\/uploads\\\/2018\\\/04\\\/bulaoutdoor-logo.png\",\"width\":324,\"height\":91,\"caption\":\"Bula Outdoor\"},\"image\":{\"@id\":\"https:\\\/\\\/bulaoutdoor.nl\\\/#\\\/schema\\\/logo\\\/image\\\/\"}}]}<\/script>\n<!-- \/ Yoast SEO plugin. -->","yoast_head_json":{"title":"Bula Smart BBQ Grill - brochettes rotatives automatiques et tournebroche - Bula Outdoor","robots":{"index":"index","follow":"follow","max-snippet":"max-snippet:-1","max-image-preview":"max-image-preview:large","max-video-preview":"max-video-preview:-1"},"canonical":"https:\/\/bulaoutdoor.nl\/fr\/produit\/bula-smart-bbq-grill-brochettes-rotatives-automatiques-et-rotisserie-avec-batterie-ou-prise-complete-avec-tous-les-accessoires-imaginables\/","og_locale":"fr_FR","og_type":"article","og_title":"Bula Smart BBQ Grill - automatisch draaiende spiesen en draaispit &#8211; Bula Outdoor","og_description":"Bula Smart BBQ Grill - automatisch draaiende spiesen en draaispit met een batterij of stekker Compleet geleverd met alle denkbare accessoires.","og_url":"https:\/\/bulaoutdoor.nl\/fr\/produit\/bula-smart-bbq-grill-brochettes-rotatives-automatiques-et-rotisserie-avec-batterie-ou-prise-complete-avec-tous-les-accessoires-imaginables\/","og_site_name":"Bula Outdoor","article_modified_time":"2025-06-07T04:56:13+00:00","og_image":[{"width":495,"height":423,"url":"https:\/\/bulaoutdoor.nl\/wp-content\/uploads\/2018\/05\/Bula-Smart-barbecue-.jpg","type":"image\/jpeg"}],"twitter_card":"summary_large_image","twitter_misc":{"Dur\u00e9e de lecture estim\u00e9e":"2 minutes"},"schema":{"@context":"https:\/\/schema.org","@graph":[{"@type":"WebPage","@id":"https:\/\/bulaoutdoor.nl\/product\/bula-smart-bbq-grill-automatisch-draaiende-spiesen-en-draaispit-met-een-batterij-of-stekker-compleet-geleverd-met-alle-denkbare-accessoires\/","url":"https:\/\/bulaoutdoor.nl\/product\/bula-smart-bbq-grill-automatisch-draaiende-spiesen-en-draaispit-met-een-batterij-of-stekker-compleet-geleverd-met-alle-denkbare-accessoires\/","name":"Bula Smart BBQ Grill - brochettes rotatives automatiques et tournebroche - Bula Outdoor","isPartOf":{"@id":"https:\/\/bulaoutdoor.nl\/#website"},"primaryImageOfPage":{"@id":"https:\/\/bulaoutdoor.nl\/product\/bula-smart-bbq-grill-automatisch-draaiende-spiesen-en-draaispit-met-een-batterij-of-stekker-compleet-geleverd-met-alle-denkbare-accessoires\/#primaryimage"},"image":{"@id":"https:\/\/bulaoutdoor.nl\/product\/bula-smart-bbq-grill-automatisch-draaiende-spiesen-en-draaispit-met-een-batterij-of-stekker-compleet-geleverd-met-alle-denkbare-accessoires\/#primaryimage"},"thumbnailUrl":"https:\/\/bulaoutdoor.nl\/wp-content\/uploads\/2018\/05\/Bula-Smart-barbecue-.jpg","datePublished":"2018-05-27T09:32:03+00:00","dateModified":"2025-06-07T04:56:13+00:00","breadcrumb":{"@id":"https:\/\/bulaoutdoor.nl\/product\/bula-smart-bbq-grill-automatisch-draaiende-spiesen-en-draaispit-met-een-batterij-of-stekker-compleet-geleverd-met-alle-denkbare-accessoires\/#breadcrumb"},"inLanguage":"fr-FR","potentialAction":[{"@type":"ReadAction","target":["https:\/\/bulaoutdoor.nl\/product\/bula-smart-bbq-grill-automatisch-draaiende-spiesen-en-draaispit-met-een-batterij-of-stekker-compleet-geleverd-met-alle-denkbare-accessoires\/"]}]},{"@type":"ImageObject","inLanguage":"fr-FR","@id":"https:\/\/bulaoutdoor.nl\/product\/bula-smart-bbq-grill-automatisch-draaiende-spiesen-en-draaispit-met-een-batterij-of-stekker-compleet-geleverd-met-alle-denkbare-accessoires\/#primaryimage","url":"https:\/\/bulaoutdoor.nl\/wp-content\/uploads\/2018\/05\/Bula-Smart-barbecue-.jpg","contentUrl":"https:\/\/bulaoutdoor.nl\/wp-content\/uploads\/2018\/05\/Bula-Smart-barbecue-.jpg","width":495,"height":423},{"@type":"BreadcrumbList","@id":"https:\/\/bulaoutdoor.nl\/product\/bula-smart-bbq-grill-automatisch-draaiende-spiesen-en-draaispit-met-een-batterij-of-stekker-compleet-geleverd-met-alle-denkbare-accessoires\/#breadcrumb","itemListElement":[{"@type":"ListItem","position":1,"name":"Home","item":"https:\/\/bulaoutdoor.nl\/"},{"@type":"ListItem","position":2,"name":"Online BBQ kopen","item":"https:\/\/bulaoutdoor.nl\/"},{"@type":"ListItem","position":3,"name":"Bula Smart BBQ Grill &#8211; automatisch draaiende spiesen en draaispit"}]},{"@type":"WebSite","@id":"https:\/\/bulaoutdoor.nl\/#website","url":"https:\/\/bulaoutdoor.nl\/","name":"Bula Outdoor","description":"Pour votre chemin\u00e9e ext\u00e9rieure, votre barbecue, votre torche de jardin et votre four \u00e0 bois","publisher":{"@id":"https:\/\/bulaoutdoor.nl\/#organization"},"potentialAction":[{"@type":"SearchAction","target":{"@type":"EntryPoint","urlTemplate":"https:\/\/bulaoutdoor.nl\/?s={search_term_string}"},"query-input":{"@type":"PropertyValueSpecification","valueRequired":true,"valueName":"search_term_string"}}],"inLanguage":"fr-FR"},{"@type":"Organization","@id":"https:\/\/bulaoutdoor.nl\/#organization","name":"Bula Outdoor","url":"https:\/\/bulaoutdoor.nl\/","logo":{"@type":"ImageObject","inLanguage":"fr-FR","@id":"https:\/\/bulaoutdoor.nl\/#\/schema\/logo\/image\/","url":"https:\/\/www.bulaoutdoor.nl\/wp-content\/uploads\/2018\/04\/bulaoutdoor-logo.png","contentUrl":"https:\/\/www.bulaoutdoor.nl\/wp-content\/uploads\/2018\/04\/bulaoutdoor-logo.png","width":324,"height":91,"caption":"Bula Outdoor"},"image":{"@id":"https:\/\/bulaoutdoor.nl\/#\/schema\/logo\/image\/"}}]}},"jetpack_sharing_enabled":true,"_links":{"self":[{"href":"https:\/\/bulaoutdoor.nl\/fr\/wp-json\/wp\/v2\/product\/912","targetHints":{"allow":["GET"]}}],"collection":[{"href":"https:\/\/bulaoutdoor.nl\/fr\/wp-json\/wp\/v2\/product"}],"about":[{"href":"https:\/\/bulaoutdoor.nl\/fr\/wp-json\/wp\/v2\/types\/product"}],"replies":[{"embeddable":true,"href":"https:\/\/bulaoutdoor.nl\/fr\/wp-json\/wp\/v2\/comments?post=912"}],"wp:featuredmedia":[{"embeddable":true,"href":"https:\/\/bulaoutdoor.nl\/fr\/wp-json\/wp\/v2\/media\/13563"}],"wp:attachment":[{"href":"https:\/\/bulaoutdoor.nl\/fr\/wp-json\/wp\/v2\/media?parent=912"}],"wp:term":[{"taxonomy":"product_brand","embeddable":true,"href":"https:\/\/bulaoutdoor.nl\/fr\/wp-json\/wp\/v2\/product_brand?post=912"},{"taxonomy":"product_cat","embeddable":true,"href":"https:\/\/bulaoutdoor.nl\/fr\/wp-json\/wp\/v2\/product_cat?post=912"},{"taxonomy":"product_tag","embeddable":true,"href":"https:\/\/bulaoutdoor.nl\/fr\/wp-json\/wp\/v2\/product_tag?post=912"}],"curies":[{"name":"wp","href":"https:\/\/api.w.org\/{rel}","templated":true}]}}