{"id":914,"date":"2018-05-27T09:32:04","date_gmt":"2018-05-27T09:32:04","guid":{"rendered":"http:\/\/www.bulaoutdoor.nl\/product\/import-placeholder-for-427\/"},"modified":"2022-04-08T16:32:58","modified_gmt":"2022-04-08T16:32:58","slug":"houe-click-chair-high-back-with-armrest-garden-chair","status":"publish","type":"product","link":"https:\/\/bulaoutdoor.nl\/fr\/product\/houe-click-chair-hoge-rug-met-armsteun-tuinstoel\/","title":{"rendered":"Houe Click Chair chaise de jardin \u00e0 haut dossier avec accoudoir"},"content":{"rendered":"<p>Commandez la chaise de jardin \u00e0 dossier haut Houe Click Chair et tous les autres meubles d'ext\u00e9rieur Houe maintenant chez Bula Outdoor. Les prix et produits Houe sont toujours \u00e0 jour et visibles sur le site de Bula Outdoor. <a href=\"https:\/\/houe.com\/\" target=\"_blank\" rel=\"noopener\">Houe.<\/a><\/p>\n<p>Ensuite, vous pouvez contacter directement Bula Outdoor pour nous faire part de vos besoins !<\/p>\n<p>Naviguer rapidement vers les bons produits ?<\/p>\n<ul>\n<li><a href=\"https:\/\/houe.com\/Products\/Outdoor-Chairs\" target=\"_blank\" rel=\"noopener\">Chaises d'ext\u00e9rieur Houe<\/a><\/li>\n<li><a href=\"https:\/\/houe.com\/Products\/Outdoor-Tables\" target=\"_blank\" rel=\"noopener\">Tables d'ext\u00e9rieur Houe<\/a><\/li>\n<li><a href=\"https:\/\/houe.com\/Products\/Outdoor-Lounge\" target=\"_blank\" rel=\"noopener\">Salon ext\u00e9rieur Houe<\/a><\/li>\n<\/ul>\n<div>\n<p>Faites-nous part de vos souhaits ou demandez une offre d\u00e8s maintenant ! Visiter\u00a0<a href=\"https:\/\/bulaoutdoor.nl\/fr\/contact\/\" target=\"_blank\" rel=\"noopener\">contact<\/a>\u00a0on avec Bula Outdoor\u00a0<a href=\"mailto:info@bulaoutdoor.nl\">info@bulaoutdoor.nl<\/a>\u00a0ou appeler\u00a0<a href=\"tel:0031355330658\" target=\"_blank\" rel=\"noopener\">035-5330658<\/a><\/p>\n<\/div>","protected":false},"excerpt":{"rendered":"<p>Houe Click Chair chaise de jardin \u00e0 haut dossier avec accoudoir. D\u00e9sormais, tous les produits et prix de Houe sont visibles via le site web de Houe. Passez votre commande\u00a0<a href=\"https:\/\/bulaoutdoor.nl\/fr\/contact\/\">direct<\/a>\u00a0\u00e0 nous !<\/p>","protected":false},"featured_media":13733,"comment_status":"open","ping_status":"closed","template":"","meta":{"_acf_changed":false},"product_brand":[],"product_cat":[23],"product_tag":[],"class_list":{"0":"post-914","1":"product","2":"type-product","3":"status-publish","4":"has-post-thumbnail","6":"product_cat-houe-meubels","8":"first","9":"instock","10":"taxable","11":"shipping-taxable","12":"product-type-simple"},"acf":[],"yoast_head":"<!-- This site is optimized with the Yoast SEO plugin v27.4 - https:\/\/yoast.com\/product\/yoast-seo-wordpress\/ -->\n<title>Houe Click Chair hoge rug met armsteun tuinstoel &#8211; Bula Outdoor<\/title>\n<meta name=\"description\" content=\"Houe Click Chair de armsteunen\u00a0van bamboe. 14 kleuren leverbaar. De stapelbare stoelen zitten comfortabel door het mee bewegen van de lamellen\" \/>\n<meta name=\"robots\" content=\"index, follow, max-snippet:-1, max-image-preview:large, max-video-preview:-1\" \/>\n<link rel=\"canonical\" href=\"https:\/\/bulaoutdoor.nl\/fr\/produit\/houe-click-chair-high-back-with-armrest-garden-chair\/\" \/>\n<meta property=\"og:locale\" content=\"fr_FR\" \/>\n<meta property=\"og:type\" content=\"article\" \/>\n<meta property=\"og:title\" content=\"Houe Click Chair hoge rug met armsteun tuinstoel &#8211; Bula Outdoor\" \/>\n<meta property=\"og:description\" content=\"Houe Click Chair de armsteunen\u00a0van bamboe. 14 kleuren leverbaar. De stapelbare stoelen zitten comfortabel door het mee bewegen van de lamellen\" \/>\n<meta property=\"og:url\" content=\"https:\/\/bulaoutdoor.nl\/fr\/produit\/houe-click-chair-high-back-with-armrest-garden-chair\/\" \/>\n<meta property=\"og:site_name\" content=\"Bula Outdoor\" \/>\n<meta property=\"article:modified_time\" content=\"2022-04-08T16:32:58+00:00\" \/>\n<meta property=\"og:image\" content=\"https:\/\/bulaoutdoor.nl\/wp-content\/uploads\/2018\/05\/click-chair-cut-out-blue1.jpg\" \/>\n\t<meta property=\"og:image:width\" content=\"900\" \/>\n\t<meta property=\"og:image:height\" content=\"900\" \/>\n\t<meta property=\"og:image:type\" content=\"image\/jpeg\" \/>\n<meta name=\"twitter:card\" content=\"summary_large_image\" \/>\n<meta name=\"twitter:label1\" content=\"Dur\u00e9e de lecture estim\u00e9e\" \/>\n\t<meta name=\"twitter:data1\" content=\"1 minute\" \/>\n<script type=\"application\/ld+json\" class=\"yoast-schema-graph\">{\"@context\":\"https:\\\/\\\/schema.org\",\"@graph\":[{\"@type\":\"WebPage\",\"@id\":\"https:\\\/\\\/bulaoutdoor.nl\\\/product\\\/houe-click-chair-hoge-rug-met-armsteun-tuinstoel\\\/\",\"url\":\"https:\\\/\\\/bulaoutdoor.nl\\\/product\\\/houe-click-chair-hoge-rug-met-armsteun-tuinstoel\\\/\",\"name\":\"Houe Click Chair hoge rug met armsteun tuinstoel &#8211; Bula Outdoor\",\"isPartOf\":{\"@id\":\"https:\\\/\\\/bulaoutdoor.nl\\\/#website\"},\"primaryImageOfPage\":{\"@id\":\"https:\\\/\\\/bulaoutdoor.nl\\\/product\\\/houe-click-chair-hoge-rug-met-armsteun-tuinstoel\\\/#primaryimage\"},\"image\":{\"@id\":\"https:\\\/\\\/bulaoutdoor.nl\\\/product\\\/houe-click-chair-hoge-rug-met-armsteun-tuinstoel\\\/#primaryimage\"},\"thumbnailUrl\":\"https:\\\/\\\/bulaoutdoor.nl\\\/wp-content\\\/uploads\\\/2018\\\/05\\\/click-chair-cut-out-blue1.jpg\",\"datePublished\":\"2018-05-27T09:32:04+00:00\",\"dateModified\":\"2022-04-08T16:32:58+00:00\",\"description\":\"Houe Click Chair de armsteunen\u00a0van bamboe. 14 kleuren leverbaar. De stapelbare stoelen zitten comfortabel door het mee bewegen van de lamellen\",\"breadcrumb\":{\"@id\":\"https:\\\/\\\/bulaoutdoor.nl\\\/product\\\/houe-click-chair-hoge-rug-met-armsteun-tuinstoel\\\/#breadcrumb\"},\"inLanguage\":\"fr-FR\",\"potentialAction\":[{\"@type\":\"ReadAction\",\"target\":[\"https:\\\/\\\/bulaoutdoor.nl\\\/product\\\/houe-click-chair-hoge-rug-met-armsteun-tuinstoel\\\/\"]}]},{\"@type\":\"ImageObject\",\"inLanguage\":\"fr-FR\",\"@id\":\"https:\\\/\\\/bulaoutdoor.nl\\\/product\\\/houe-click-chair-hoge-rug-met-armsteun-tuinstoel\\\/#primaryimage\",\"url\":\"https:\\\/\\\/bulaoutdoor.nl\\\/wp-content\\\/uploads\\\/2018\\\/05\\\/click-chair-cut-out-blue1.jpg\",\"contentUrl\":\"https:\\\/\\\/bulaoutdoor.nl\\\/wp-content\\\/uploads\\\/2018\\\/05\\\/click-chair-cut-out-blue1.jpg\",\"width\":900,\"height\":900,\"caption\":\"product zelf\"},{\"@type\":\"BreadcrumbList\",\"@id\":\"https:\\\/\\\/bulaoutdoor.nl\\\/product\\\/houe-click-chair-hoge-rug-met-armsteun-tuinstoel\\\/#breadcrumb\",\"itemListElement\":[{\"@type\":\"ListItem\",\"position\":1,\"name\":\"Home\",\"item\":\"https:\\\/\\\/bulaoutdoor.nl\\\/\"},{\"@type\":\"ListItem\",\"position\":2,\"name\":\"Online BBQ kopen\",\"item\":\"https:\\\/\\\/bulaoutdoor.nl\\\/\"},{\"@type\":\"ListItem\",\"position\":3,\"name\":\"Houe Click Chair hoge rug met armsteun tuinstoel\"}]},{\"@type\":\"WebSite\",\"@id\":\"https:\\\/\\\/bulaoutdoor.nl\\\/#website\",\"url\":\"https:\\\/\\\/bulaoutdoor.nl\\\/\",\"name\":\"Bula Outdoor\",\"description\":\"Voor uw buitenhaard, BBQ, tuinfakkel en houtoven\",\"publisher\":{\"@id\":\"https:\\\/\\\/bulaoutdoor.nl\\\/#organization\"},\"potentialAction\":[{\"@type\":\"SearchAction\",\"target\":{\"@type\":\"EntryPoint\",\"urlTemplate\":\"https:\\\/\\\/bulaoutdoor.nl\\\/?s={search_term_string}\"},\"query-input\":{\"@type\":\"PropertyValueSpecification\",\"valueRequired\":true,\"valueName\":\"search_term_string\"}}],\"inLanguage\":\"fr-FR\"},{\"@type\":\"Organization\",\"@id\":\"https:\\\/\\\/bulaoutdoor.nl\\\/#organization\",\"name\":\"Bula Outdoor\",\"url\":\"https:\\\/\\\/bulaoutdoor.nl\\\/\",\"logo\":{\"@type\":\"ImageObject\",\"inLanguage\":\"fr-FR\",\"@id\":\"https:\\\/\\\/bulaoutdoor.nl\\\/#\\\/schema\\\/logo\\\/image\\\/\",\"url\":\"https:\\\/\\\/www.bulaoutdoor.nl\\\/wp-content\\\/uploads\\\/2018\\\/04\\\/bulaoutdoor-logo.png\",\"contentUrl\":\"https:\\\/\\\/www.bulaoutdoor.nl\\\/wp-content\\\/uploads\\\/2018\\\/04\\\/bulaoutdoor-logo.png\",\"width\":324,\"height\":91,\"caption\":\"Bula Outdoor\"},\"image\":{\"@id\":\"https:\\\/\\\/bulaoutdoor.nl\\\/#\\\/schema\\\/logo\\\/image\\\/\"}}]}<\/script>\n<!-- \/ Yoast SEO plugin. -->","yoast_head_json":{"title":"Houe Click Chair chaise de jardin \u00e0 haut dossier avec accoudoir - Bula Outdoor","description":"Accoudoirs de la chaise Houe Click en bambou. 14 couleurs disponibles. Les chaises empilables sont confortables gr\u00e2ce aux lattes qui bougent avec vous.","robots":{"index":"index","follow":"follow","max-snippet":"max-snippet:-1","max-image-preview":"max-image-preview:large","max-video-preview":"max-video-preview:-1"},"canonical":"https:\/\/bulaoutdoor.nl\/fr\/produit\/houe-click-chair-high-back-with-armrest-garden-chair\/","og_locale":"fr_FR","og_type":"article","og_title":"Houe Click Chair hoge rug met armsteun tuinstoel &#8211; Bula Outdoor","og_description":"Houe Click Chair de armsteunen\u00a0van bamboe. 14 kleuren leverbaar. De stapelbare stoelen zitten comfortabel door het mee bewegen van de lamellen","og_url":"https:\/\/bulaoutdoor.nl\/fr\/produit\/houe-click-chair-high-back-with-armrest-garden-chair\/","og_site_name":"Bula Outdoor","article_modified_time":"2022-04-08T16:32:58+00:00","og_image":[{"width":900,"height":900,"url":"https:\/\/bulaoutdoor.nl\/wp-content\/uploads\/2018\/05\/click-chair-cut-out-blue1.jpg","type":"image\/jpeg"}],"twitter_card":"summary_large_image","twitter_misc":{"Dur\u00e9e de lecture estim\u00e9e":"1 minute"},"schema":{"@context":"https:\/\/schema.org","@graph":[{"@type":"WebPage","@id":"https:\/\/bulaoutdoor.nl\/product\/houe-click-chair-hoge-rug-met-armsteun-tuinstoel\/","url":"https:\/\/bulaoutdoor.nl\/product\/houe-click-chair-hoge-rug-met-armsteun-tuinstoel\/","name":"Houe Click Chair chaise de jardin \u00e0 haut dossier avec accoudoir - Bula Outdoor","isPartOf":{"@id":"https:\/\/bulaoutdoor.nl\/#website"},"primaryImageOfPage":{"@id":"https:\/\/bulaoutdoor.nl\/product\/houe-click-chair-hoge-rug-met-armsteun-tuinstoel\/#primaryimage"},"image":{"@id":"https:\/\/bulaoutdoor.nl\/product\/houe-click-chair-hoge-rug-met-armsteun-tuinstoel\/#primaryimage"},"thumbnailUrl":"https:\/\/bulaoutdoor.nl\/wp-content\/uploads\/2018\/05\/click-chair-cut-out-blue1.jpg","datePublished":"2018-05-27T09:32:04+00:00","dateModified":"2022-04-08T16:32:58+00:00","description":"Accoudoirs de la chaise Houe Click en bambou. 14 couleurs disponibles. Les chaises empilables sont confortables gr\u00e2ce aux lattes qui bougent avec vous.","breadcrumb":{"@id":"https:\/\/bulaoutdoor.nl\/product\/houe-click-chair-hoge-rug-met-armsteun-tuinstoel\/#breadcrumb"},"inLanguage":"fr-FR","potentialAction":[{"@type":"ReadAction","target":["https:\/\/bulaoutdoor.nl\/product\/houe-click-chair-hoge-rug-met-armsteun-tuinstoel\/"]}]},{"@type":"ImageObject","inLanguage":"fr-FR","@id":"https:\/\/bulaoutdoor.nl\/product\/houe-click-chair-hoge-rug-met-armsteun-tuinstoel\/#primaryimage","url":"https:\/\/bulaoutdoor.nl\/wp-content\/uploads\/2018\/05\/click-chair-cut-out-blue1.jpg","contentUrl":"https:\/\/bulaoutdoor.nl\/wp-content\/uploads\/2018\/05\/click-chair-cut-out-blue1.jpg","width":900,"height":900,"caption":"product zelf"},{"@type":"BreadcrumbList","@id":"https:\/\/bulaoutdoor.nl\/product\/houe-click-chair-hoge-rug-met-armsteun-tuinstoel\/#breadcrumb","itemListElement":[{"@type":"ListItem","position":1,"name":"Home","item":"https:\/\/bulaoutdoor.nl\/"},{"@type":"ListItem","position":2,"name":"Online BBQ kopen","item":"https:\/\/bulaoutdoor.nl\/"},{"@type":"ListItem","position":3,"name":"Houe Click Chair hoge rug met armsteun tuinstoel"}]},{"@type":"WebSite","@id":"https:\/\/bulaoutdoor.nl\/#website","url":"https:\/\/bulaoutdoor.nl\/","name":"Bula Outdoor","description":"Pour votre chemin\u00e9e ext\u00e9rieure, votre barbecue, votre torche de jardin et votre four \u00e0 bois","publisher":{"@id":"https:\/\/bulaoutdoor.nl\/#organization"},"potentialAction":[{"@type":"SearchAction","target":{"@type":"EntryPoint","urlTemplate":"https:\/\/bulaoutdoor.nl\/?s={search_term_string}"},"query-input":{"@type":"PropertyValueSpecification","valueRequired":true,"valueName":"search_term_string"}}],"inLanguage":"fr-FR"},{"@type":"Organization","@id":"https:\/\/bulaoutdoor.nl\/#organization","name":"Bula Outdoor","url":"https:\/\/bulaoutdoor.nl\/","logo":{"@type":"ImageObject","inLanguage":"fr-FR","@id":"https:\/\/bulaoutdoor.nl\/#\/schema\/logo\/image\/","url":"https:\/\/www.bulaoutdoor.nl\/wp-content\/uploads\/2018\/04\/bulaoutdoor-logo.png","contentUrl":"https:\/\/www.bulaoutdoor.nl\/wp-content\/uploads\/2018\/04\/bulaoutdoor-logo.png","width":324,"height":91,"caption":"Bula Outdoor"},"image":{"@id":"https:\/\/bulaoutdoor.nl\/#\/schema\/logo\/image\/"}}]}},"jetpack_sharing_enabled":true,"_links":{"self":[{"href":"https:\/\/bulaoutdoor.nl\/fr\/wp-json\/wp\/v2\/product\/914","targetHints":{"allow":["GET"]}}],"collection":[{"href":"https:\/\/bulaoutdoor.nl\/fr\/wp-json\/wp\/v2\/product"}],"about":[{"href":"https:\/\/bulaoutdoor.nl\/fr\/wp-json\/wp\/v2\/types\/product"}],"replies":[{"embeddable":true,"href":"https:\/\/bulaoutdoor.nl\/fr\/wp-json\/wp\/v2\/comments?post=914"}],"wp:featuredmedia":[{"embeddable":true,"href":"https:\/\/bulaoutdoor.nl\/fr\/wp-json\/wp\/v2\/media\/13733"}],"wp:attachment":[{"href":"https:\/\/bulaoutdoor.nl\/fr\/wp-json\/wp\/v2\/media?parent=914"}],"wp:term":[{"taxonomy":"product_brand","embeddable":true,"href":"https:\/\/bulaoutdoor.nl\/fr\/wp-json\/wp\/v2\/product_brand?post=914"},{"taxonomy":"product_cat","embeddable":true,"href":"https:\/\/bulaoutdoor.nl\/fr\/wp-json\/wp\/v2\/product_cat?post=914"},{"taxonomy":"product_tag","embeddable":true,"href":"https:\/\/bulaoutdoor.nl\/fr\/wp-json\/wp\/v2\/product_tag?post=914"}],"curies":[{"name":"wp","href":"https:\/\/api.w.org\/{rel}","templated":true}]}}