{"id":917,"date":"2018-05-27T09:32:05","date_gmt":"2018-05-27T09:32:05","guid":{"rendered":"http:\/\/www.bulaoutdoor.nl\/product\/import-placeholder-for-443\/"},"modified":"2023-02-15T12:18:41","modified_gmt":"2023-02-15T12:18:41","slug":"base-multifonctionnelle-pour-dome-a-pizza-ciao-5-minuti-4-pizze-avec-roues-support-a-suspendre-outil","status":"publish","type":"product","link":"https:\/\/bulaoutdoor.nl\/fr\/product\/multifunctionele-basis-voor-pizza-dome-ciao-5-minuti-4-pizze-met-wielen-ophangrek-gereedschap\/","title":{"rendered":"Base multifonctionnelle pour d\u00f4me \u00e0 pizza, Ciao, 5 Minuti, 4 Pizze avec roues."},"content":{"rendered":"<h2>Base multifonctionnelle pour d\u00f4me \u00e0 pizza | Plan de travail<\/h2>\n<p>Un plan de travail multifonctionnel qui offre de l'espace pour la pr\u00e9paration, la cuisson et le service. Il est con\u00e7u pour \u00eatre pratique et \u00e9l\u00e9gant. Tout est \u00e0 port\u00e9e de main gr\u00e2ce au support pratique pour suspendre les outils de cuisson. Rangement du bois, des ingr\u00e9dients et m\u00eame d'un d\u00e9capsuleur \u00e0 port\u00e9e de main. Le plan de travail en acier inoxydable est facile \u00e0 nettoyer de mani\u00e8re hygi\u00e9nique.<\/p>\n<p>La base peut \u00eatre utilis\u00e9e pour les mod\u00e8les : Ciao, Domo, 5 Minuti, 4 Pizze, Allegro, Dolce Vita<\/p>\n<p>Il est \u00e9quip\u00e9 de 4 roues, dont 2 avec freins. Une poign\u00e9e permet de d\u00e9placer la base o\u00f9 vous le souhaitez. Le plan de travail peut \u00e9galement \u00eatre utilis\u00e9 comme plan de travail avec votre four \u00e0 bois, avec sa propre base \u00e0 c\u00f4t\u00e9. Pour le p\u00e9trissage de la p\u00e2te et son traitement ult\u00e9rieur. Chariot ou table de travail indispensable.<\/p>\n<p>Des housses de protection seront bient\u00f4t disponibles pour les mod\u00e8les Top (sans base) et pour les mod\u00e8les Top et la table multifonction ensemble.<\/p>","protected":false},"excerpt":{"rendered":"<p>Alfa Pizza Base multifonctionnelle pour Pizza d\u00f4me, Ciao, 5 Minuti, 4 Pizze, avec roues et support de suspension.<\/p>","protected":false},"featured_media":973,"comment_status":"open","ping_status":"closed","template":"","meta":{"_acf_changed":false},"product_brand":[],"product_cat":[22],"product_tag":[],"class_list":{"0":"post-917","1":"product","2":"type-product","3":"status-publish","4":"has-post-thumbnail","6":"product_cat-alfa-pizza-rvs-houtoven","8":"first","9":"instock","10":"taxable","11":"shipping-taxable","12":"purchasable","13":"product-type-variable"},"acf":[],"yoast_head":"<!-- This site is optimized with the Yoast SEO plugin v27.3 - https:\/\/yoast.com\/product\/yoast-seo-wordpress\/ -->\n<title>Multifunctionele basis voor Pizza dome, Ciao, 5 Minuti, 4 Pizze met wielen. &#8211; Bula Outdoor<\/title>\n<meta name=\"description\" content=\"Tafel voor houtoven pizza dome, voorzien van 4 wielen en handige ophang haken en flessenopener\" \/>\n<meta name=\"robots\" content=\"index, follow, max-snippet:-1, max-image-preview:large, max-video-preview:-1\" \/>\n<link rel=\"canonical\" href=\"https:\/\/bulaoutdoor.nl\/fr\/produit\/base-multifonctionnelle-pour-dome-a-pizza-ciao-5-minuti-4-pizze-avec-roues-support-a-suspendre-outil\/\" \/>\n<meta property=\"og:locale\" content=\"fr_FR\" \/>\n<meta property=\"og:type\" content=\"article\" \/>\n<meta property=\"og:title\" content=\"Multifunctionele basis voor Pizza dome, Ciao, 5 Minuti, 4 Pizze met wielen. &#8211; Bula Outdoor\" \/>\n<meta property=\"og:description\" content=\"Tafel voor houtoven pizza dome, voorzien van 4 wielen en handige ophang haken en flessenopener\" \/>\n<meta property=\"og:url\" content=\"https:\/\/bulaoutdoor.nl\/fr\/produit\/base-multifonctionnelle-pour-dome-a-pizza-ciao-5-minuti-4-pizze-avec-roues-support-a-suspendre-outil\/\" \/>\n<meta property=\"og:site_name\" content=\"Bula Outdoor\" \/>\n<meta property=\"article:modified_time\" content=\"2023-02-15T12:18:41+00:00\" \/>\n<meta property=\"og:image\" content=\"https:\/\/bulaoutdoor.nl\/wp-content\/uploads\/2018\/05\/multifunctionele-basis-voor-pizza-dome-ciao-5-minuti-4-pizze-met-wielen_3594_1_G.jpg\" \/>\n\t<meta property=\"og:image:width\" content=\"748\" \/>\n\t<meta property=\"og:image:height\" content=\"589\" \/>\n\t<meta property=\"og:image:type\" content=\"image\/jpeg\" \/>\n<meta name=\"twitter:card\" content=\"summary_large_image\" \/>\n<meta name=\"twitter:label1\" content=\"Dur\u00e9e de lecture estim\u00e9e\" \/>\n\t<meta name=\"twitter:data1\" content=\"1 minute\" \/>\n<script type=\"application\/ld+json\" class=\"yoast-schema-graph\">{\"@context\":\"https:\\\/\\\/schema.org\",\"@graph\":[{\"@type\":\"WebPage\",\"@id\":\"https:\\\/\\\/bulaoutdoor.nl\\\/product\\\/multifunctionele-basis-voor-pizza-dome-ciao-5-minuti-4-pizze-met-wielen-ophangrek-gereedschap\\\/\",\"url\":\"https:\\\/\\\/bulaoutdoor.nl\\\/product\\\/multifunctionele-basis-voor-pizza-dome-ciao-5-minuti-4-pizze-met-wielen-ophangrek-gereedschap\\\/\",\"name\":\"Multifunctionele basis voor Pizza dome, Ciao, 5 Minuti, 4 Pizze met wielen. &#8211; Bula Outdoor\",\"isPartOf\":{\"@id\":\"https:\\\/\\\/bulaoutdoor.nl\\\/#website\"},\"primaryImageOfPage\":{\"@id\":\"https:\\\/\\\/bulaoutdoor.nl\\\/product\\\/multifunctionele-basis-voor-pizza-dome-ciao-5-minuti-4-pizze-met-wielen-ophangrek-gereedschap\\\/#primaryimage\"},\"image\":{\"@id\":\"https:\\\/\\\/bulaoutdoor.nl\\\/product\\\/multifunctionele-basis-voor-pizza-dome-ciao-5-minuti-4-pizze-met-wielen-ophangrek-gereedschap\\\/#primaryimage\"},\"thumbnailUrl\":\"https:\\\/\\\/bulaoutdoor.nl\\\/wp-content\\\/uploads\\\/2018\\\/05\\\/multifunctionele-basis-voor-pizza-dome-ciao-5-minuti-4-pizze-met-wielen_3594_1_G.jpg\",\"datePublished\":\"2018-05-27T09:32:05+00:00\",\"dateModified\":\"2023-02-15T12:18:41+00:00\",\"description\":\"Tafel voor houtoven pizza dome, voorzien van 4 wielen en handige ophang haken en flessenopener\",\"breadcrumb\":{\"@id\":\"https:\\\/\\\/bulaoutdoor.nl\\\/product\\\/multifunctionele-basis-voor-pizza-dome-ciao-5-minuti-4-pizze-met-wielen-ophangrek-gereedschap\\\/#breadcrumb\"},\"inLanguage\":\"fr-FR\",\"potentialAction\":[{\"@type\":\"ReadAction\",\"target\":[\"https:\\\/\\\/bulaoutdoor.nl\\\/product\\\/multifunctionele-basis-voor-pizza-dome-ciao-5-minuti-4-pizze-met-wielen-ophangrek-gereedschap\\\/\"]}]},{\"@type\":\"ImageObject\",\"inLanguage\":\"fr-FR\",\"@id\":\"https:\\\/\\\/bulaoutdoor.nl\\\/product\\\/multifunctionele-basis-voor-pizza-dome-ciao-5-minuti-4-pizze-met-wielen-ophangrek-gereedschap\\\/#primaryimage\",\"url\":\"https:\\\/\\\/bulaoutdoor.nl\\\/wp-content\\\/uploads\\\/2018\\\/05\\\/multifunctionele-basis-voor-pizza-dome-ciao-5-minuti-4-pizze-met-wielen_3594_1_G.jpg\",\"contentUrl\":\"https:\\\/\\\/bulaoutdoor.nl\\\/wp-content\\\/uploads\\\/2018\\\/05\\\/multifunctionele-basis-voor-pizza-dome-ciao-5-minuti-4-pizze-met-wielen_3594_1_G.jpg\",\"width\":748,\"height\":589},{\"@type\":\"BreadcrumbList\",\"@id\":\"https:\\\/\\\/bulaoutdoor.nl\\\/product\\\/multifunctionele-basis-voor-pizza-dome-ciao-5-minuti-4-pizze-met-wielen-ophangrek-gereedschap\\\/#breadcrumb\",\"itemListElement\":[{\"@type\":\"ListItem\",\"position\":1,\"name\":\"Home\",\"item\":\"https:\\\/\\\/bulaoutdoor.nl\\\/\"},{\"@type\":\"ListItem\",\"position\":2,\"name\":\"Online BBQ kopen\",\"item\":\"https:\\\/\\\/bulaoutdoor.nl\\\/\"},{\"@type\":\"ListItem\",\"position\":3,\"name\":\"Multifunctionele basis voor Pizza dome, Ciao, 5 Minuti, 4 Pizze met wielen.\"}]},{\"@type\":\"WebSite\",\"@id\":\"https:\\\/\\\/bulaoutdoor.nl\\\/#website\",\"url\":\"https:\\\/\\\/bulaoutdoor.nl\\\/\",\"name\":\"Bula Outdoor\",\"description\":\"Voor uw buitenhaard, BBQ, tuinfakkel en houtoven\",\"publisher\":{\"@id\":\"https:\\\/\\\/bulaoutdoor.nl\\\/#organization\"},\"potentialAction\":[{\"@type\":\"SearchAction\",\"target\":{\"@type\":\"EntryPoint\",\"urlTemplate\":\"https:\\\/\\\/bulaoutdoor.nl\\\/?s={search_term_string}\"},\"query-input\":{\"@type\":\"PropertyValueSpecification\",\"valueRequired\":true,\"valueName\":\"search_term_string\"}}],\"inLanguage\":\"fr-FR\"},{\"@type\":\"Organization\",\"@id\":\"https:\\\/\\\/bulaoutdoor.nl\\\/#organization\",\"name\":\"Bula Outdoor\",\"url\":\"https:\\\/\\\/bulaoutdoor.nl\\\/\",\"logo\":{\"@type\":\"ImageObject\",\"inLanguage\":\"fr-FR\",\"@id\":\"https:\\\/\\\/bulaoutdoor.nl\\\/#\\\/schema\\\/logo\\\/image\\\/\",\"url\":\"https:\\\/\\\/www.bulaoutdoor.nl\\\/wp-content\\\/uploads\\\/2018\\\/04\\\/bulaoutdoor-logo.png\",\"contentUrl\":\"https:\\\/\\\/www.bulaoutdoor.nl\\\/wp-content\\\/uploads\\\/2018\\\/04\\\/bulaoutdoor-logo.png\",\"width\":324,\"height\":91,\"caption\":\"Bula Outdoor\"},\"image\":{\"@id\":\"https:\\\/\\\/bulaoutdoor.nl\\\/#\\\/schema\\\/logo\\\/image\\\/\"}}]}<\/script>\n<!-- \/ Yoast SEO plugin. -->","yoast_head_json":{"title":"Base multifonctionnelle pour d\u00f4me \u00e0 pizza, Ciao, 5 Minuti, 4 Pizze avec roues. - Bula Outdoor","description":"Table pour d\u00f4me \u00e0 pizza au four \u00e0 bois, \u00e9quip\u00e9e de 4 roues et de crochets de suspension pratiques et d'un d\u00e9capsuleur.","robots":{"index":"index","follow":"follow","max-snippet":"max-snippet:-1","max-image-preview":"max-image-preview:large","max-video-preview":"max-video-preview:-1"},"canonical":"https:\/\/bulaoutdoor.nl\/fr\/produit\/base-multifonctionnelle-pour-dome-a-pizza-ciao-5-minuti-4-pizze-avec-roues-support-a-suspendre-outil\/","og_locale":"fr_FR","og_type":"article","og_title":"Multifunctionele basis voor Pizza dome, Ciao, 5 Minuti, 4 Pizze met wielen. &#8211; Bula Outdoor","og_description":"Tafel voor houtoven pizza dome, voorzien van 4 wielen en handige ophang haken en flessenopener","og_url":"https:\/\/bulaoutdoor.nl\/fr\/produit\/base-multifonctionnelle-pour-dome-a-pizza-ciao-5-minuti-4-pizze-avec-roues-support-a-suspendre-outil\/","og_site_name":"Bula Outdoor","article_modified_time":"2023-02-15T12:18:41+00:00","og_image":[{"width":748,"height":589,"url":"https:\/\/bulaoutdoor.nl\/wp-content\/uploads\/2018\/05\/multifunctionele-basis-voor-pizza-dome-ciao-5-minuti-4-pizze-met-wielen_3594_1_G.jpg","type":"image\/jpeg"}],"twitter_card":"summary_large_image","twitter_misc":{"Dur\u00e9e de lecture estim\u00e9e":"1 minute"},"schema":{"@context":"https:\/\/schema.org","@graph":[{"@type":"WebPage","@id":"https:\/\/bulaoutdoor.nl\/product\/multifunctionele-basis-voor-pizza-dome-ciao-5-minuti-4-pizze-met-wielen-ophangrek-gereedschap\/","url":"https:\/\/bulaoutdoor.nl\/product\/multifunctionele-basis-voor-pizza-dome-ciao-5-minuti-4-pizze-met-wielen-ophangrek-gereedschap\/","name":"Base multifonctionnelle pour d\u00f4me \u00e0 pizza, Ciao, 5 Minuti, 4 Pizze avec roues. - Bula Outdoor","isPartOf":{"@id":"https:\/\/bulaoutdoor.nl\/#website"},"primaryImageOfPage":{"@id":"https:\/\/bulaoutdoor.nl\/product\/multifunctionele-basis-voor-pizza-dome-ciao-5-minuti-4-pizze-met-wielen-ophangrek-gereedschap\/#primaryimage"},"image":{"@id":"https:\/\/bulaoutdoor.nl\/product\/multifunctionele-basis-voor-pizza-dome-ciao-5-minuti-4-pizze-met-wielen-ophangrek-gereedschap\/#primaryimage"},"thumbnailUrl":"https:\/\/bulaoutdoor.nl\/wp-content\/uploads\/2018\/05\/multifunctionele-basis-voor-pizza-dome-ciao-5-minuti-4-pizze-met-wielen_3594_1_G.jpg","datePublished":"2018-05-27T09:32:05+00:00","dateModified":"2023-02-15T12:18:41+00:00","description":"Table pour d\u00f4me \u00e0 pizza au four \u00e0 bois, \u00e9quip\u00e9e de 4 roues et de crochets de suspension pratiques et d'un d\u00e9capsuleur.","breadcrumb":{"@id":"https:\/\/bulaoutdoor.nl\/product\/multifunctionele-basis-voor-pizza-dome-ciao-5-minuti-4-pizze-met-wielen-ophangrek-gereedschap\/#breadcrumb"},"inLanguage":"fr-FR","potentialAction":[{"@type":"ReadAction","target":["https:\/\/bulaoutdoor.nl\/product\/multifunctionele-basis-voor-pizza-dome-ciao-5-minuti-4-pizze-met-wielen-ophangrek-gereedschap\/"]}]},{"@type":"ImageObject","inLanguage":"fr-FR","@id":"https:\/\/bulaoutdoor.nl\/product\/multifunctionele-basis-voor-pizza-dome-ciao-5-minuti-4-pizze-met-wielen-ophangrek-gereedschap\/#primaryimage","url":"https:\/\/bulaoutdoor.nl\/wp-content\/uploads\/2018\/05\/multifunctionele-basis-voor-pizza-dome-ciao-5-minuti-4-pizze-met-wielen_3594_1_G.jpg","contentUrl":"https:\/\/bulaoutdoor.nl\/wp-content\/uploads\/2018\/05\/multifunctionele-basis-voor-pizza-dome-ciao-5-minuti-4-pizze-met-wielen_3594_1_G.jpg","width":748,"height":589},{"@type":"BreadcrumbList","@id":"https:\/\/bulaoutdoor.nl\/product\/multifunctionele-basis-voor-pizza-dome-ciao-5-minuti-4-pizze-met-wielen-ophangrek-gereedschap\/#breadcrumb","itemListElement":[{"@type":"ListItem","position":1,"name":"Home","item":"https:\/\/bulaoutdoor.nl\/"},{"@type":"ListItem","position":2,"name":"Online BBQ kopen","item":"https:\/\/bulaoutdoor.nl\/"},{"@type":"ListItem","position":3,"name":"Multifunctionele basis voor Pizza dome, Ciao, 5 Minuti, 4 Pizze met wielen."}]},{"@type":"WebSite","@id":"https:\/\/bulaoutdoor.nl\/#website","url":"https:\/\/bulaoutdoor.nl\/","name":"Bula Outdoor","description":"Pour votre chemin\u00e9e ext\u00e9rieure, votre barbecue, votre torche de jardin et votre four \u00e0 bois","publisher":{"@id":"https:\/\/bulaoutdoor.nl\/#organization"},"potentialAction":[{"@type":"SearchAction","target":{"@type":"EntryPoint","urlTemplate":"https:\/\/bulaoutdoor.nl\/?s={search_term_string}"},"query-input":{"@type":"PropertyValueSpecification","valueRequired":true,"valueName":"search_term_string"}}],"inLanguage":"fr-FR"},{"@type":"Organization","@id":"https:\/\/bulaoutdoor.nl\/#organization","name":"Bula Outdoor","url":"https:\/\/bulaoutdoor.nl\/","logo":{"@type":"ImageObject","inLanguage":"fr-FR","@id":"https:\/\/bulaoutdoor.nl\/#\/schema\/logo\/image\/","url":"https:\/\/www.bulaoutdoor.nl\/wp-content\/uploads\/2018\/04\/bulaoutdoor-logo.png","contentUrl":"https:\/\/www.bulaoutdoor.nl\/wp-content\/uploads\/2018\/04\/bulaoutdoor-logo.png","width":324,"height":91,"caption":"Bula Outdoor"},"image":{"@id":"https:\/\/bulaoutdoor.nl\/#\/schema\/logo\/image\/"}}]}},"jetpack_sharing_enabled":true,"_links":{"self":[{"href":"https:\/\/bulaoutdoor.nl\/fr\/wp-json\/wp\/v2\/product\/917","targetHints":{"allow":["GET"]}}],"collection":[{"href":"https:\/\/bulaoutdoor.nl\/fr\/wp-json\/wp\/v2\/product"}],"about":[{"href":"https:\/\/bulaoutdoor.nl\/fr\/wp-json\/wp\/v2\/types\/product"}],"replies":[{"embeddable":true,"href":"https:\/\/bulaoutdoor.nl\/fr\/wp-json\/wp\/v2\/comments?post=917"}],"wp:featuredmedia":[{"embeddable":true,"href":"https:\/\/bulaoutdoor.nl\/fr\/wp-json\/wp\/v2\/media\/973"}],"wp:attachment":[{"href":"https:\/\/bulaoutdoor.nl\/fr\/wp-json\/wp\/v2\/media?parent=917"}],"wp:term":[{"taxonomy":"product_brand","embeddable":true,"href":"https:\/\/bulaoutdoor.nl\/fr\/wp-json\/wp\/v2\/product_brand?post=917"},{"taxonomy":"product_cat","embeddable":true,"href":"https:\/\/bulaoutdoor.nl\/fr\/wp-json\/wp\/v2\/product_cat?post=917"},{"taxonomy":"product_tag","embeddable":true,"href":"https:\/\/bulaoutdoor.nl\/fr\/wp-json\/wp\/v2\/product_tag?post=917"}],"curies":[{"name":"wp","href":"https:\/\/api.w.org\/{rel}","templated":true}]}}