{"id":9185,"date":"2020-06-06T11:34:23","date_gmt":"2020-06-06T11:34:23","guid":{"rendered":"https:\/\/www.bulaoutdoor.nl\/?post_type=product&#038;p=9185"},"modified":"2023-06-07T21:25:56","modified_gmt":"2023-06-07T21:25:56","slug":"coude-de-tuyau-de-poele-en-corten-45-degres-150-mm","status":"publish","type":"product","link":"https:\/\/bulaoutdoor.nl\/fr\/product\/corten-kachelpijp-bocht-45-graden-150-mm\/","title":{"rendered":"Corten tuyau de po\u00eale coud\u00e9 45 degr\u00e9s 150 mm"},"content":{"rendered":"<h2>Pliage de l'acier corten \u00e0 45 degr\u00e9s<\/h2>\n<ul>\n<li>Diam\u00e8tre : 150 mm<\/li>\n<li>Mat\u00e9riau : acier corten<\/li>\n<\/ul>\n<p>Ce coude convient au four Weltevree Outdoor.<\/p>","protected":false},"excerpt":{"rendered":"<p>Coude en acier corten 45 degr\u00e9s Diam\u00e8tre : 150 mm Mat\u00e9riau : acier corten Ce coude est adapt\u00e9 au Weltevree Outdooroven<\/p>","protected":false},"featured_media":9186,"comment_status":"open","ping_status":"closed","template":"","meta":{"_acf_changed":false},"product_brand":[],"product_cat":[125,24],"product_tag":[469,470,471],"class_list":{"0":"post-9185","1":"product","2":"type-product","3":"status-publish","4":"has-post-thumbnail","6":"product_cat-rookgasafvoer","7":"product_cat-weltevree","8":"product_tag-45-graden-bocht","9":"product_tag-corten-staal-pijp","10":"product_tag-weltevree-outdooroven","12":"first","13":"instock","14":"taxable","15":"shipping-taxable","16":"purchasable","17":"product-type-simple"},"acf":[],"yoast_head":"<!-- This site is optimized with the Yoast SEO plugin v27.3 - https:\/\/yoast.com\/product\/yoast-seo-wordpress\/ -->\n<title>Corten Kachelpijp bocht 45 graden 150 mm &#8211; Bula Outdoor<\/title>\n<meta name=\"robots\" content=\"index, follow, max-snippet:-1, max-image-preview:large, max-video-preview:-1\" \/>\n<link rel=\"canonical\" href=\"https:\/\/bulaoutdoor.nl\/fr\/produit\/coude-de-tuyau-de-poele-en-corten-45-degres-150-mm\/\" \/>\n<meta property=\"og:locale\" content=\"fr_FR\" \/>\n<meta property=\"og:type\" content=\"article\" \/>\n<meta property=\"og:title\" content=\"Corten Kachelpijp bocht 45 graden 150 mm &#8211; Bula Outdoor\" \/>\n<meta property=\"og:description\" content=\"Cortenstaal bocht 45 graden Diameter: 150 mm Materiaal: cortenstaal Deze bocht is geschikt voor de Weltevree Outdooroven\" \/>\n<meta property=\"og:url\" content=\"https:\/\/bulaoutdoor.nl\/fr\/produit\/coude-de-tuyau-de-poele-en-corten-45-degres-150-mm\/\" \/>\n<meta property=\"og:site_name\" content=\"Bula Outdoor\" \/>\n<meta property=\"article:modified_time\" content=\"2023-06-07T21:25:56+00:00\" \/>\n<meta property=\"og:image\" content=\"https:\/\/bulaoutdoor.nl\/wp-content\/uploads\/2020\/06\/kachelpijp-cortenstaal-diameter-o150-45-bocht.jpg\" \/>\n\t<meta property=\"og:image:width\" content=\"458\" \/>\n\t<meta property=\"og:image:height\" content=\"330\" \/>\n\t<meta property=\"og:image:type\" content=\"image\/jpeg\" \/>\n<meta name=\"twitter:card\" content=\"summary_large_image\" \/>\n<script type=\"application\/ld+json\" class=\"yoast-schema-graph\">{\"@context\":\"https:\\\/\\\/schema.org\",\"@graph\":[{\"@type\":\"WebPage\",\"@id\":\"https:\\\/\\\/bulaoutdoor.nl\\\/product\\\/corten-kachelpijp-bocht-45-graden-150-mm\\\/\",\"url\":\"https:\\\/\\\/bulaoutdoor.nl\\\/product\\\/corten-kachelpijp-bocht-45-graden-150-mm\\\/\",\"name\":\"Corten Kachelpijp bocht 45 graden 150 mm &#8211; Bula Outdoor\",\"isPartOf\":{\"@id\":\"https:\\\/\\\/bulaoutdoor.nl\\\/#website\"},\"primaryImageOfPage\":{\"@id\":\"https:\\\/\\\/bulaoutdoor.nl\\\/product\\\/corten-kachelpijp-bocht-45-graden-150-mm\\\/#primaryimage\"},\"image\":{\"@id\":\"https:\\\/\\\/bulaoutdoor.nl\\\/product\\\/corten-kachelpijp-bocht-45-graden-150-mm\\\/#primaryimage\"},\"thumbnailUrl\":\"https:\\\/\\\/bulaoutdoor.nl\\\/wp-content\\\/uploads\\\/2020\\\/06\\\/kachelpijp-cortenstaal-diameter-o150-45-bocht.jpg\",\"datePublished\":\"2020-06-06T11:34:23+00:00\",\"dateModified\":\"2023-06-07T21:25:56+00:00\",\"breadcrumb\":{\"@id\":\"https:\\\/\\\/bulaoutdoor.nl\\\/product\\\/corten-kachelpijp-bocht-45-graden-150-mm\\\/#breadcrumb\"},\"inLanguage\":\"fr-FR\",\"potentialAction\":[{\"@type\":\"ReadAction\",\"target\":[\"https:\\\/\\\/bulaoutdoor.nl\\\/product\\\/corten-kachelpijp-bocht-45-graden-150-mm\\\/\"]}]},{\"@type\":\"ImageObject\",\"inLanguage\":\"fr-FR\",\"@id\":\"https:\\\/\\\/bulaoutdoor.nl\\\/product\\\/corten-kachelpijp-bocht-45-graden-150-mm\\\/#primaryimage\",\"url\":\"https:\\\/\\\/bulaoutdoor.nl\\\/wp-content\\\/uploads\\\/2020\\\/06\\\/kachelpijp-cortenstaal-diameter-o150-45-bocht.jpg\",\"contentUrl\":\"https:\\\/\\\/bulaoutdoor.nl\\\/wp-content\\\/uploads\\\/2020\\\/06\\\/kachelpijp-cortenstaal-diameter-o150-45-bocht.jpg\",\"width\":458,\"height\":330,\"caption\":\"Bocht corten pijp 45 graden\"},{\"@type\":\"BreadcrumbList\",\"@id\":\"https:\\\/\\\/bulaoutdoor.nl\\\/product\\\/corten-kachelpijp-bocht-45-graden-150-mm\\\/#breadcrumb\",\"itemListElement\":[{\"@type\":\"ListItem\",\"position\":1,\"name\":\"Home\",\"item\":\"https:\\\/\\\/bulaoutdoor.nl\\\/\"},{\"@type\":\"ListItem\",\"position\":2,\"name\":\"Online BBQ kopen\",\"item\":\"https:\\\/\\\/bulaoutdoor.nl\\\/\"},{\"@type\":\"ListItem\",\"position\":3,\"name\":\"Corten Kachelpijp bocht 45 graden 150 mm\"}]},{\"@type\":\"WebSite\",\"@id\":\"https:\\\/\\\/bulaoutdoor.nl\\\/#website\",\"url\":\"https:\\\/\\\/bulaoutdoor.nl\\\/\",\"name\":\"Bula Outdoor\",\"description\":\"Voor uw buitenhaard, BBQ, tuinfakkel en houtoven\",\"publisher\":{\"@id\":\"https:\\\/\\\/bulaoutdoor.nl\\\/#organization\"},\"potentialAction\":[{\"@type\":\"SearchAction\",\"target\":{\"@type\":\"EntryPoint\",\"urlTemplate\":\"https:\\\/\\\/bulaoutdoor.nl\\\/?s={search_term_string}\"},\"query-input\":{\"@type\":\"PropertyValueSpecification\",\"valueRequired\":true,\"valueName\":\"search_term_string\"}}],\"inLanguage\":\"fr-FR\"},{\"@type\":\"Organization\",\"@id\":\"https:\\\/\\\/bulaoutdoor.nl\\\/#organization\",\"name\":\"Bula Outdoor\",\"url\":\"https:\\\/\\\/bulaoutdoor.nl\\\/\",\"logo\":{\"@type\":\"ImageObject\",\"inLanguage\":\"fr-FR\",\"@id\":\"https:\\\/\\\/bulaoutdoor.nl\\\/#\\\/schema\\\/logo\\\/image\\\/\",\"url\":\"https:\\\/\\\/www.bulaoutdoor.nl\\\/wp-content\\\/uploads\\\/2018\\\/04\\\/bulaoutdoor-logo.png\",\"contentUrl\":\"https:\\\/\\\/www.bulaoutdoor.nl\\\/wp-content\\\/uploads\\\/2018\\\/04\\\/bulaoutdoor-logo.png\",\"width\":324,\"height\":91,\"caption\":\"Bula Outdoor\"},\"image\":{\"@id\":\"https:\\\/\\\/bulaoutdoor.nl\\\/#\\\/schema\\\/logo\\\/image\\\/\"}}]}<\/script>\n<!-- \/ Yoast SEO plugin. -->","yoast_head_json":{"title":"Tuyau de po\u00eale en corten coud\u00e9 \u00e0 45 degr\u00e9s 150 mm - Bula Outdoor","robots":{"index":"index","follow":"follow","max-snippet":"max-snippet:-1","max-image-preview":"max-image-preview:large","max-video-preview":"max-video-preview:-1"},"canonical":"https:\/\/bulaoutdoor.nl\/fr\/produit\/coude-de-tuyau-de-poele-en-corten-45-degres-150-mm\/","og_locale":"fr_FR","og_type":"article","og_title":"Corten Kachelpijp bocht 45 graden 150 mm &#8211; Bula Outdoor","og_description":"Cortenstaal bocht 45 graden Diameter: 150 mm Materiaal: cortenstaal Deze bocht is geschikt voor de Weltevree Outdooroven","og_url":"https:\/\/bulaoutdoor.nl\/fr\/produit\/coude-de-tuyau-de-poele-en-corten-45-degres-150-mm\/","og_site_name":"Bula Outdoor","article_modified_time":"2023-06-07T21:25:56+00:00","og_image":[{"width":458,"height":330,"url":"https:\/\/bulaoutdoor.nl\/wp-content\/uploads\/2020\/06\/kachelpijp-cortenstaal-diameter-o150-45-bocht.jpg","type":"image\/jpeg"}],"twitter_card":"summary_large_image","schema":{"@context":"https:\/\/schema.org","@graph":[{"@type":"WebPage","@id":"https:\/\/bulaoutdoor.nl\/product\/corten-kachelpijp-bocht-45-graden-150-mm\/","url":"https:\/\/bulaoutdoor.nl\/product\/corten-kachelpijp-bocht-45-graden-150-mm\/","name":"Tuyau de po\u00eale en corten coud\u00e9 \u00e0 45 degr\u00e9s 150 mm - Bula Outdoor","isPartOf":{"@id":"https:\/\/bulaoutdoor.nl\/#website"},"primaryImageOfPage":{"@id":"https:\/\/bulaoutdoor.nl\/product\/corten-kachelpijp-bocht-45-graden-150-mm\/#primaryimage"},"image":{"@id":"https:\/\/bulaoutdoor.nl\/product\/corten-kachelpijp-bocht-45-graden-150-mm\/#primaryimage"},"thumbnailUrl":"https:\/\/bulaoutdoor.nl\/wp-content\/uploads\/2020\/06\/kachelpijp-cortenstaal-diameter-o150-45-bocht.jpg","datePublished":"2020-06-06T11:34:23+00:00","dateModified":"2023-06-07T21:25:56+00:00","breadcrumb":{"@id":"https:\/\/bulaoutdoor.nl\/product\/corten-kachelpijp-bocht-45-graden-150-mm\/#breadcrumb"},"inLanguage":"fr-FR","potentialAction":[{"@type":"ReadAction","target":["https:\/\/bulaoutdoor.nl\/product\/corten-kachelpijp-bocht-45-graden-150-mm\/"]}]},{"@type":"ImageObject","inLanguage":"fr-FR","@id":"https:\/\/bulaoutdoor.nl\/product\/corten-kachelpijp-bocht-45-graden-150-mm\/#primaryimage","url":"https:\/\/bulaoutdoor.nl\/wp-content\/uploads\/2020\/06\/kachelpijp-cortenstaal-diameter-o150-45-bocht.jpg","contentUrl":"https:\/\/bulaoutdoor.nl\/wp-content\/uploads\/2020\/06\/kachelpijp-cortenstaal-diameter-o150-45-bocht.jpg","width":458,"height":330,"caption":"Bocht corten pijp 45 graden"},{"@type":"BreadcrumbList","@id":"https:\/\/bulaoutdoor.nl\/product\/corten-kachelpijp-bocht-45-graden-150-mm\/#breadcrumb","itemListElement":[{"@type":"ListItem","position":1,"name":"Home","item":"https:\/\/bulaoutdoor.nl\/"},{"@type":"ListItem","position":2,"name":"Online BBQ kopen","item":"https:\/\/bulaoutdoor.nl\/"},{"@type":"ListItem","position":3,"name":"Corten Kachelpijp bocht 45 graden 150 mm"}]},{"@type":"WebSite","@id":"https:\/\/bulaoutdoor.nl\/#website","url":"https:\/\/bulaoutdoor.nl\/","name":"Bula Outdoor","description":"Pour votre chemin\u00e9e ext\u00e9rieure, votre barbecue, votre torche de jardin et votre four \u00e0 bois","publisher":{"@id":"https:\/\/bulaoutdoor.nl\/#organization"},"potentialAction":[{"@type":"SearchAction","target":{"@type":"EntryPoint","urlTemplate":"https:\/\/bulaoutdoor.nl\/?s={search_term_string}"},"query-input":{"@type":"PropertyValueSpecification","valueRequired":true,"valueName":"search_term_string"}}],"inLanguage":"fr-FR"},{"@type":"Organization","@id":"https:\/\/bulaoutdoor.nl\/#organization","name":"Bula Outdoor","url":"https:\/\/bulaoutdoor.nl\/","logo":{"@type":"ImageObject","inLanguage":"fr-FR","@id":"https:\/\/bulaoutdoor.nl\/#\/schema\/logo\/image\/","url":"https:\/\/www.bulaoutdoor.nl\/wp-content\/uploads\/2018\/04\/bulaoutdoor-logo.png","contentUrl":"https:\/\/www.bulaoutdoor.nl\/wp-content\/uploads\/2018\/04\/bulaoutdoor-logo.png","width":324,"height":91,"caption":"Bula Outdoor"},"image":{"@id":"https:\/\/bulaoutdoor.nl\/#\/schema\/logo\/image\/"}}]}},"jetpack_sharing_enabled":true,"_links":{"self":[{"href":"https:\/\/bulaoutdoor.nl\/fr\/wp-json\/wp\/v2\/product\/9185","targetHints":{"allow":["GET"]}}],"collection":[{"href":"https:\/\/bulaoutdoor.nl\/fr\/wp-json\/wp\/v2\/product"}],"about":[{"href":"https:\/\/bulaoutdoor.nl\/fr\/wp-json\/wp\/v2\/types\/product"}],"replies":[{"embeddable":true,"href":"https:\/\/bulaoutdoor.nl\/fr\/wp-json\/wp\/v2\/comments?post=9185"}],"wp:featuredmedia":[{"embeddable":true,"href":"https:\/\/bulaoutdoor.nl\/fr\/wp-json\/wp\/v2\/media\/9186"}],"wp:attachment":[{"href":"https:\/\/bulaoutdoor.nl\/fr\/wp-json\/wp\/v2\/media?parent=9185"}],"wp:term":[{"taxonomy":"product_brand","embeddable":true,"href":"https:\/\/bulaoutdoor.nl\/fr\/wp-json\/wp\/v2\/product_brand?post=9185"},{"taxonomy":"product_cat","embeddable":true,"href":"https:\/\/bulaoutdoor.nl\/fr\/wp-json\/wp\/v2\/product_cat?post=9185"},{"taxonomy":"product_tag","embeddable":true,"href":"https:\/\/bulaoutdoor.nl\/fr\/wp-json\/wp\/v2\/product_tag?post=9185"}],"curies":[{"name":"wp","href":"https:\/\/api.w.org\/{rel}","templated":true}]}}