{"id":9187,"date":"2020-06-06T11:38:04","date_gmt":"2020-06-06T11:38:04","guid":{"rendered":"https:\/\/www.bulaoutdoor.nl\/?post_type=product&#038;p=9187"},"modified":"2024-04-22T15:04:48","modified_gmt":"2024-04-22T15:04:48","slug":"tuyau-de-poele-en-corten-150-mm-750-mm","status":"publish","type":"product","link":"https:\/\/bulaoutdoor.nl\/fr\/product\/corten-kachelpijp-150-mm-750-mm\/","title":{"rendered":"Tuyau de po\u00eale en corten 150 mm 750 mm"},"content":{"rendered":"<h2>Tuyau de po\u00eale en acier corten 150 mm<\/h2>\n<ul>\n<li>Longueur : 750 mm<\/li>\n<li>Diam\u00e8tre : 150 mm<\/li>\n<li>Mat\u00e9riau : acier corten<\/li>\n<\/ul>\n<p>Ce tuyau est adapt\u00e9 au four Weltevree Outdoor.<\/p>","protected":false},"excerpt":{"rendered":"<p>Tuyau de po\u00eale en acier corten 150 mm Longueur : 750 mm Diam\u00e8tre : 150 mm Mat\u00e9riau : acier corten Ce tuyau convient pour le po\u00eale Weltevree Outdooroven<\/p>","protected":false},"featured_media":9188,"comment_status":"open","ping_status":"closed","template":"","meta":{"_acf_changed":false},"product_brand":[],"product_cat":[125,24],"product_tag":[312,120,242,58,248,311,59],"class_list":{"0":"post-9187","1":"product","2":"type-product","3":"status-publish","4":"has-post-thumbnail","6":"product_cat-rookgasafvoer","7":"product_cat-weltevree","8":"product_tag-312","9":"product_tag-corten","10":"product_tag-kachelpijp","11":"product_tag-outdooroven","12":"product_tag-schoorsteen","13":"product_tag-verlengpijp","14":"product_tag-weltevree","16":"first","17":"onbackorder","18":"taxable","19":"shipping-taxable","20":"purchasable","21":"product-type-simple"},"acf":[],"yoast_head":"<!-- This site is optimized with the Yoast SEO plugin v27.3 - https:\/\/yoast.com\/product\/yoast-seo-wordpress\/ -->\n<title>Corten kachelpijp 150 mm 750 mm &#8211; Bula Outdoor<\/title>\n<meta name=\"robots\" content=\"index, follow, max-snippet:-1, max-image-preview:large, max-video-preview:-1\" \/>\n<link rel=\"canonical\" href=\"https:\/\/bulaoutdoor.nl\/fr\/produit\/tuyau-de-poele-en-corten-150-mm-750-mm\/\" \/>\n<meta property=\"og:locale\" content=\"fr_FR\" \/>\n<meta property=\"og:type\" content=\"article\" \/>\n<meta property=\"og:title\" content=\"Corten kachelpijp 150 mm 750 mm &#8211; Bula Outdoor\" \/>\n<meta property=\"og:description\" content=\"Corten staal kachelpijp 150 mm Lengte: 750 mm Diameter: 150 mm Materiaal: corten staal Deze pijp is geschikt voor de Weltevree Outdooroven\" \/>\n<meta property=\"og:url\" content=\"https:\/\/bulaoutdoor.nl\/fr\/produit\/tuyau-de-poele-en-corten-150-mm-750-mm\/\" \/>\n<meta property=\"og:site_name\" content=\"Bula Outdoor\" \/>\n<meta property=\"article:modified_time\" content=\"2024-04-22T15:04:48+00:00\" \/>\n<meta property=\"og:image\" content=\"https:\/\/bulaoutdoor.nl\/wp-content\/uploads\/2020\/06\/kachelpijp-cortenstaal-diameter-o150-750mm-pijp.jpg\" \/>\n\t<meta property=\"og:image:width\" content=\"458\" \/>\n\t<meta property=\"og:image:height\" content=\"330\" \/>\n\t<meta property=\"og:image:type\" content=\"image\/jpeg\" \/>\n<meta name=\"twitter:card\" content=\"summary_large_image\" \/>\n<meta name=\"twitter:label1\" content=\"Dur\u00e9e de lecture estim\u00e9e\" \/>\n\t<meta name=\"twitter:data1\" content=\"1 minute\" \/>\n<script type=\"application\/ld+json\" class=\"yoast-schema-graph\">{\"@context\":\"https:\\\/\\\/schema.org\",\"@graph\":[{\"@type\":\"WebPage\",\"@id\":\"https:\\\/\\\/bulaoutdoor.nl\\\/product\\\/corten-kachelpijp-150-mm-750-mm\\\/\",\"url\":\"https:\\\/\\\/bulaoutdoor.nl\\\/product\\\/corten-kachelpijp-150-mm-750-mm\\\/\",\"name\":\"Corten kachelpijp 150 mm 750 mm &#8211; Bula Outdoor\",\"isPartOf\":{\"@id\":\"https:\\\/\\\/bulaoutdoor.nl\\\/#website\"},\"primaryImageOfPage\":{\"@id\":\"https:\\\/\\\/bulaoutdoor.nl\\\/product\\\/corten-kachelpijp-150-mm-750-mm\\\/#primaryimage\"},\"image\":{\"@id\":\"https:\\\/\\\/bulaoutdoor.nl\\\/product\\\/corten-kachelpijp-150-mm-750-mm\\\/#primaryimage\"},\"thumbnailUrl\":\"https:\\\/\\\/bulaoutdoor.nl\\\/wp-content\\\/uploads\\\/2020\\\/06\\\/kachelpijp-cortenstaal-diameter-o150-750mm-pijp.jpg\",\"datePublished\":\"2020-06-06T11:38:04+00:00\",\"dateModified\":\"2024-04-22T15:04:48+00:00\",\"breadcrumb\":{\"@id\":\"https:\\\/\\\/bulaoutdoor.nl\\\/product\\\/corten-kachelpijp-150-mm-750-mm\\\/#breadcrumb\"},\"inLanguage\":\"fr-FR\",\"potentialAction\":[{\"@type\":\"ReadAction\",\"target\":[\"https:\\\/\\\/bulaoutdoor.nl\\\/product\\\/corten-kachelpijp-150-mm-750-mm\\\/\"]}]},{\"@type\":\"ImageObject\",\"inLanguage\":\"fr-FR\",\"@id\":\"https:\\\/\\\/bulaoutdoor.nl\\\/product\\\/corten-kachelpijp-150-mm-750-mm\\\/#primaryimage\",\"url\":\"https:\\\/\\\/bulaoutdoor.nl\\\/wp-content\\\/uploads\\\/2020\\\/06\\\/kachelpijp-cortenstaal-diameter-o150-750mm-pijp.jpg\",\"contentUrl\":\"https:\\\/\\\/bulaoutdoor.nl\\\/wp-content\\\/uploads\\\/2020\\\/06\\\/kachelpijp-cortenstaal-diameter-o150-750mm-pijp.jpg\",\"width\":458,\"height\":330,\"caption\":\"corten-Staal-pijp\"},{\"@type\":\"BreadcrumbList\",\"@id\":\"https:\\\/\\\/bulaoutdoor.nl\\\/product\\\/corten-kachelpijp-150-mm-750-mm\\\/#breadcrumb\",\"itemListElement\":[{\"@type\":\"ListItem\",\"position\":1,\"name\":\"Home\",\"item\":\"https:\\\/\\\/bulaoutdoor.nl\\\/\"},{\"@type\":\"ListItem\",\"position\":2,\"name\":\"Online BBQ kopen\",\"item\":\"https:\\\/\\\/bulaoutdoor.nl\\\/\"},{\"@type\":\"ListItem\",\"position\":3,\"name\":\"Corten kachelpijp 150 mm 750 mm\"}]},{\"@type\":\"WebSite\",\"@id\":\"https:\\\/\\\/bulaoutdoor.nl\\\/#website\",\"url\":\"https:\\\/\\\/bulaoutdoor.nl\\\/\",\"name\":\"Bula Outdoor\",\"description\":\"Voor uw buitenhaard, BBQ, tuinfakkel en houtoven\",\"publisher\":{\"@id\":\"https:\\\/\\\/bulaoutdoor.nl\\\/#organization\"},\"potentialAction\":[{\"@type\":\"SearchAction\",\"target\":{\"@type\":\"EntryPoint\",\"urlTemplate\":\"https:\\\/\\\/bulaoutdoor.nl\\\/?s={search_term_string}\"},\"query-input\":{\"@type\":\"PropertyValueSpecification\",\"valueRequired\":true,\"valueName\":\"search_term_string\"}}],\"inLanguage\":\"fr-FR\"},{\"@type\":\"Organization\",\"@id\":\"https:\\\/\\\/bulaoutdoor.nl\\\/#organization\",\"name\":\"Bula Outdoor\",\"url\":\"https:\\\/\\\/bulaoutdoor.nl\\\/\",\"logo\":{\"@type\":\"ImageObject\",\"inLanguage\":\"fr-FR\",\"@id\":\"https:\\\/\\\/bulaoutdoor.nl\\\/#\\\/schema\\\/logo\\\/image\\\/\",\"url\":\"https:\\\/\\\/www.bulaoutdoor.nl\\\/wp-content\\\/uploads\\\/2018\\\/04\\\/bulaoutdoor-logo.png\",\"contentUrl\":\"https:\\\/\\\/www.bulaoutdoor.nl\\\/wp-content\\\/uploads\\\/2018\\\/04\\\/bulaoutdoor-logo.png\",\"width\":324,\"height\":91,\"caption\":\"Bula Outdoor\"},\"image\":{\"@id\":\"https:\\\/\\\/bulaoutdoor.nl\\\/#\\\/schema\\\/logo\\\/image\\\/\"}}]}<\/script>\n<!-- \/ Yoast SEO plugin. -->","yoast_head_json":{"title":"Tuyau de po\u00eale en corten 150 mm 750 mm - Bula Outdoor","robots":{"index":"index","follow":"follow","max-snippet":"max-snippet:-1","max-image-preview":"max-image-preview:large","max-video-preview":"max-video-preview:-1"},"canonical":"https:\/\/bulaoutdoor.nl\/fr\/produit\/tuyau-de-poele-en-corten-150-mm-750-mm\/","og_locale":"fr_FR","og_type":"article","og_title":"Corten kachelpijp 150 mm 750 mm &#8211; Bula Outdoor","og_description":"Corten staal kachelpijp 150 mm Lengte: 750 mm Diameter: 150 mm Materiaal: corten staal Deze pijp is geschikt voor de Weltevree Outdooroven","og_url":"https:\/\/bulaoutdoor.nl\/fr\/produit\/tuyau-de-poele-en-corten-150-mm-750-mm\/","og_site_name":"Bula Outdoor","article_modified_time":"2024-04-22T15:04:48+00:00","og_image":[{"width":458,"height":330,"url":"https:\/\/bulaoutdoor.nl\/wp-content\/uploads\/2020\/06\/kachelpijp-cortenstaal-diameter-o150-750mm-pijp.jpg","type":"image\/jpeg"}],"twitter_card":"summary_large_image","twitter_misc":{"Dur\u00e9e de lecture estim\u00e9e":"1 minute"},"schema":{"@context":"https:\/\/schema.org","@graph":[{"@type":"WebPage","@id":"https:\/\/bulaoutdoor.nl\/product\/corten-kachelpijp-150-mm-750-mm\/","url":"https:\/\/bulaoutdoor.nl\/product\/corten-kachelpijp-150-mm-750-mm\/","name":"Tuyau de po\u00eale en corten 150 mm 750 mm - Bula Outdoor","isPartOf":{"@id":"https:\/\/bulaoutdoor.nl\/#website"},"primaryImageOfPage":{"@id":"https:\/\/bulaoutdoor.nl\/product\/corten-kachelpijp-150-mm-750-mm\/#primaryimage"},"image":{"@id":"https:\/\/bulaoutdoor.nl\/product\/corten-kachelpijp-150-mm-750-mm\/#primaryimage"},"thumbnailUrl":"https:\/\/bulaoutdoor.nl\/wp-content\/uploads\/2020\/06\/kachelpijp-cortenstaal-diameter-o150-750mm-pijp.jpg","datePublished":"2020-06-06T11:38:04+00:00","dateModified":"2024-04-22T15:04:48+00:00","breadcrumb":{"@id":"https:\/\/bulaoutdoor.nl\/product\/corten-kachelpijp-150-mm-750-mm\/#breadcrumb"},"inLanguage":"fr-FR","potentialAction":[{"@type":"ReadAction","target":["https:\/\/bulaoutdoor.nl\/product\/corten-kachelpijp-150-mm-750-mm\/"]}]},{"@type":"ImageObject","inLanguage":"fr-FR","@id":"https:\/\/bulaoutdoor.nl\/product\/corten-kachelpijp-150-mm-750-mm\/#primaryimage","url":"https:\/\/bulaoutdoor.nl\/wp-content\/uploads\/2020\/06\/kachelpijp-cortenstaal-diameter-o150-750mm-pijp.jpg","contentUrl":"https:\/\/bulaoutdoor.nl\/wp-content\/uploads\/2020\/06\/kachelpijp-cortenstaal-diameter-o150-750mm-pijp.jpg","width":458,"height":330,"caption":"corten-Staal-pijp"},{"@type":"BreadcrumbList","@id":"https:\/\/bulaoutdoor.nl\/product\/corten-kachelpijp-150-mm-750-mm\/#breadcrumb","itemListElement":[{"@type":"ListItem","position":1,"name":"Home","item":"https:\/\/bulaoutdoor.nl\/"},{"@type":"ListItem","position":2,"name":"Online BBQ kopen","item":"https:\/\/bulaoutdoor.nl\/"},{"@type":"ListItem","position":3,"name":"Corten kachelpijp 150 mm 750 mm"}]},{"@type":"WebSite","@id":"https:\/\/bulaoutdoor.nl\/#website","url":"https:\/\/bulaoutdoor.nl\/","name":"Bula Outdoor","description":"Pour votre chemin\u00e9e ext\u00e9rieure, votre barbecue, votre torche de jardin et votre four \u00e0 bois","publisher":{"@id":"https:\/\/bulaoutdoor.nl\/#organization"},"potentialAction":[{"@type":"SearchAction","target":{"@type":"EntryPoint","urlTemplate":"https:\/\/bulaoutdoor.nl\/?s={search_term_string}"},"query-input":{"@type":"PropertyValueSpecification","valueRequired":true,"valueName":"search_term_string"}}],"inLanguage":"fr-FR"},{"@type":"Organization","@id":"https:\/\/bulaoutdoor.nl\/#organization","name":"Bula Outdoor","url":"https:\/\/bulaoutdoor.nl\/","logo":{"@type":"ImageObject","inLanguage":"fr-FR","@id":"https:\/\/bulaoutdoor.nl\/#\/schema\/logo\/image\/","url":"https:\/\/www.bulaoutdoor.nl\/wp-content\/uploads\/2018\/04\/bulaoutdoor-logo.png","contentUrl":"https:\/\/www.bulaoutdoor.nl\/wp-content\/uploads\/2018\/04\/bulaoutdoor-logo.png","width":324,"height":91,"caption":"Bula Outdoor"},"image":{"@id":"https:\/\/bulaoutdoor.nl\/#\/schema\/logo\/image\/"}}]}},"jetpack_sharing_enabled":true,"_links":{"self":[{"href":"https:\/\/bulaoutdoor.nl\/fr\/wp-json\/wp\/v2\/product\/9187","targetHints":{"allow":["GET"]}}],"collection":[{"href":"https:\/\/bulaoutdoor.nl\/fr\/wp-json\/wp\/v2\/product"}],"about":[{"href":"https:\/\/bulaoutdoor.nl\/fr\/wp-json\/wp\/v2\/types\/product"}],"replies":[{"embeddable":true,"href":"https:\/\/bulaoutdoor.nl\/fr\/wp-json\/wp\/v2\/comments?post=9187"}],"wp:featuredmedia":[{"embeddable":true,"href":"https:\/\/bulaoutdoor.nl\/fr\/wp-json\/wp\/v2\/media\/9188"}],"wp:attachment":[{"href":"https:\/\/bulaoutdoor.nl\/fr\/wp-json\/wp\/v2\/media?parent=9187"}],"wp:term":[{"taxonomy":"product_brand","embeddable":true,"href":"https:\/\/bulaoutdoor.nl\/fr\/wp-json\/wp\/v2\/product_brand?post=9187"},{"taxonomy":"product_cat","embeddable":true,"href":"https:\/\/bulaoutdoor.nl\/fr\/wp-json\/wp\/v2\/product_cat?post=9187"},{"taxonomy":"product_tag","embeddable":true,"href":"https:\/\/bulaoutdoor.nl\/fr\/wp-json\/wp\/v2\/product_tag?post=9187"}],"curies":[{"name":"wp","href":"https:\/\/api.w.org\/{rel}","templated":true}]}}