{"id":9244,"date":"2020-06-17T09:51:01","date_gmt":"2020-06-17T09:51:01","guid":{"rendered":"https:\/\/www.bulaoutdoor.nl\/?post_type=product&#038;p=9244"},"modified":"2022-12-08T19:19:47","modified_gmt":"2022-12-08T19:19:47","slug":"stringlight-weltevree","status":"publish","type":"product","link":"https:\/\/bulaoutdoor.nl\/fr\/product\/stringlight-weltevree\/","title":{"rendered":"Stringlight Weltevree"},"content":{"rendered":"<h2>Stringlight Weltevree<\/h2>\n<p>Ces abat-jour en verre souffl\u00e9 \u00e0 la bouche et color\u00e9 offrent un \u00e9clairage agr\u00e9able \u00e0 l'int\u00e9rieur et \u00e0 l'ext\u00e9rieur. Quel que soit l'endroit o\u00f9 vous suspendez le c\u00e2ble, le Stringlight transforme chaque endroit en un lieu sp\u00e9cial.<\/p>\n<ul>\n<li>Un \u00e9clairage joyeux pour l'int\u00e9rieur et l'ext\u00e9rieur.<\/li>\n<li>Fait de n'importe quel endroit un lieu sp\u00e9cial.<\/li>\n<li>Verre color\u00e9 souffl\u00e9 \u00e0 la bouche et c\u00e2ble solide.<\/li>\n<\/ul>\n<ul>\n<li>Dimensions de l'abat-jour : H 15 cm x \u00f8 10 cm.<\/li>\n<li>Dimensions du c\u00e2ble : L 12 m, avec 8 teintes sur un c\u00e2ble.<\/li>\n<li>Poids : 5 kg \/ 11 lbs<\/li>\n<li>Mat\u00e9riau : verre color\u00e9 souffl\u00e9 \u00e0 la bouche.<\/li>\n<li>C\u00e2ble mat\u00e9riel : 230V, 50-60HZ, Classe II, IP44 (prot\u00e9g\u00e9 contre les \u00e9claboussures)<\/li>\n<li>Le c\u00e2ble est livr\u00e9 avec un crochet de suspension et une prise europ\u00e9enne.<\/li>\n<li>Sources lumineuses non incluses. (E27, max. 15W)<\/li>\n<li>Une combinaison d'aubergine, de rose, de bleu oc\u00e9an, de blanc, de vert clair et d'orange.<\/li>\n<\/ul>","protected":false},"excerpt":{"rendered":"<p>Abat-jour en verre souffl\u00e9 \u00e0 la bouche et en verre color\u00e9.<\/p>","protected":false},"featured_media":9245,"comment_status":"open","ping_status":"closed","template":"","meta":{"_acf_changed":false},"product_brand":[],"product_cat":[24],"product_tag":[318,317,59],"class_list":{"0":"post-9244","1":"product","2":"type-product","3":"status-publish","4":"has-post-thumbnail","6":"product_cat-weltevree","7":"product_tag-buitenlamp","8":"product_tag-stringlight","9":"product_tag-weltevree","11":"first","12":"instock","13":"taxable","14":"shipping-taxable","15":"purchasable","16":"product-type-simple"},"acf":[],"yoast_head":"<!-- This site is optimized with the Yoast SEO plugin v27.5 - https:\/\/yoast.com\/product\/yoast-seo-wordpress\/ -->\n<title>Stringlight Weltevree &#8211; Bula Outdoor<\/title>\n<meta name=\"robots\" content=\"index, follow, max-snippet:-1, max-image-preview:large, max-video-preview:-1\" \/>\n<link rel=\"canonical\" href=\"https:\/\/bulaoutdoor.nl\/fr\/produit\/stringlight-weltevree\/\" \/>\n<meta property=\"og:locale\" content=\"fr_FR\" \/>\n<meta property=\"og:type\" content=\"article\" \/>\n<meta property=\"og:title\" content=\"Stringlight Weltevree &#8211; Bula Outdoor\" \/>\n<meta property=\"og:description\" content=\"Mondgeblazen en gekleurde glazen lampenkappen.\" \/>\n<meta property=\"og:url\" content=\"https:\/\/bulaoutdoor.nl\/fr\/produit\/stringlight-weltevree\/\" \/>\n<meta property=\"og:site_name\" content=\"Bula Outdoor\" \/>\n<meta property=\"article:modified_time\" content=\"2022-12-08T19:19:47+00:00\" \/>\n<meta property=\"og:image\" content=\"https:\/\/bulaoutdoor.nl\/wp-content\/uploads\/2020\/06\/Stringlight_standing-600x600-1.jpg\" \/>\n\t<meta property=\"og:image:width\" content=\"600\" \/>\n\t<meta property=\"og:image:height\" content=\"600\" \/>\n\t<meta property=\"og:image:type\" content=\"image\/jpeg\" \/>\n<meta name=\"twitter:card\" content=\"summary_large_image\" \/>\n<meta name=\"twitter:label1\" content=\"Dur\u00e9e de lecture estim\u00e9e\" \/>\n\t<meta name=\"twitter:data1\" content=\"1 minute\" \/>\n<script type=\"application\/ld+json\" class=\"yoast-schema-graph\">{\"@context\":\"https:\\\/\\\/schema.org\",\"@graph\":[{\"@type\":\"WebPage\",\"@id\":\"https:\\\/\\\/bulaoutdoor.nl\\\/product\\\/stringlight-weltevree\\\/\",\"url\":\"https:\\\/\\\/bulaoutdoor.nl\\\/product\\\/stringlight-weltevree\\\/\",\"name\":\"Stringlight Weltevree &#8211; Bula Outdoor\",\"isPartOf\":{\"@id\":\"https:\\\/\\\/bulaoutdoor.nl\\\/#website\"},\"primaryImageOfPage\":{\"@id\":\"https:\\\/\\\/bulaoutdoor.nl\\\/product\\\/stringlight-weltevree\\\/#primaryimage\"},\"image\":{\"@id\":\"https:\\\/\\\/bulaoutdoor.nl\\\/product\\\/stringlight-weltevree\\\/#primaryimage\"},\"thumbnailUrl\":\"https:\\\/\\\/bulaoutdoor.nl\\\/wp-content\\\/uploads\\\/2020\\\/06\\\/Stringlight_standing-600x600-1.jpg\",\"datePublished\":\"2020-06-17T09:51:01+00:00\",\"dateModified\":\"2022-12-08T19:19:47+00:00\",\"breadcrumb\":{\"@id\":\"https:\\\/\\\/bulaoutdoor.nl\\\/product\\\/stringlight-weltevree\\\/#breadcrumb\"},\"inLanguage\":\"fr-FR\",\"potentialAction\":[{\"@type\":\"ReadAction\",\"target\":[\"https:\\\/\\\/bulaoutdoor.nl\\\/product\\\/stringlight-weltevree\\\/\"]}]},{\"@type\":\"ImageObject\",\"inLanguage\":\"fr-FR\",\"@id\":\"https:\\\/\\\/bulaoutdoor.nl\\\/product\\\/stringlight-weltevree\\\/#primaryimage\",\"url\":\"https:\\\/\\\/bulaoutdoor.nl\\\/wp-content\\\/uploads\\\/2020\\\/06\\\/Stringlight_standing-600x600-1.jpg\",\"contentUrl\":\"https:\\\/\\\/bulaoutdoor.nl\\\/wp-content\\\/uploads\\\/2020\\\/06\\\/Stringlight_standing-600x600-1.jpg\",\"width\":600,\"height\":600,\"caption\":\"Stringlight\"},{\"@type\":\"BreadcrumbList\",\"@id\":\"https:\\\/\\\/bulaoutdoor.nl\\\/product\\\/stringlight-weltevree\\\/#breadcrumb\",\"itemListElement\":[{\"@type\":\"ListItem\",\"position\":1,\"name\":\"Home\",\"item\":\"https:\\\/\\\/bulaoutdoor.nl\\\/\"},{\"@type\":\"ListItem\",\"position\":2,\"name\":\"Online BBQ kopen\",\"item\":\"https:\\\/\\\/bulaoutdoor.nl\\\/\"},{\"@type\":\"ListItem\",\"position\":3,\"name\":\"Stringlight Weltevree\"}]},{\"@type\":\"WebSite\",\"@id\":\"https:\\\/\\\/bulaoutdoor.nl\\\/#website\",\"url\":\"https:\\\/\\\/bulaoutdoor.nl\\\/\",\"name\":\"Bula Outdoor\",\"description\":\"Voor uw buitenhaard, BBQ, tuinfakkel en houtoven\",\"publisher\":{\"@id\":\"https:\\\/\\\/bulaoutdoor.nl\\\/#organization\"},\"potentialAction\":[{\"@type\":\"SearchAction\",\"target\":{\"@type\":\"EntryPoint\",\"urlTemplate\":\"https:\\\/\\\/bulaoutdoor.nl\\\/?s={search_term_string}\"},\"query-input\":{\"@type\":\"PropertyValueSpecification\",\"valueRequired\":true,\"valueName\":\"search_term_string\"}}],\"inLanguage\":\"fr-FR\"},{\"@type\":\"Organization\",\"@id\":\"https:\\\/\\\/bulaoutdoor.nl\\\/#organization\",\"name\":\"Bula Outdoor\",\"url\":\"https:\\\/\\\/bulaoutdoor.nl\\\/\",\"logo\":{\"@type\":\"ImageObject\",\"inLanguage\":\"fr-FR\",\"@id\":\"https:\\\/\\\/bulaoutdoor.nl\\\/#\\\/schema\\\/logo\\\/image\\\/\",\"url\":\"https:\\\/\\\/www.bulaoutdoor.nl\\\/wp-content\\\/uploads\\\/2018\\\/04\\\/bulaoutdoor-logo.png\",\"contentUrl\":\"https:\\\/\\\/www.bulaoutdoor.nl\\\/wp-content\\\/uploads\\\/2018\\\/04\\\/bulaoutdoor-logo.png\",\"width\":324,\"height\":91,\"caption\":\"Bula Outdoor\"},\"image\":{\"@id\":\"https:\\\/\\\/bulaoutdoor.nl\\\/#\\\/schema\\\/logo\\\/image\\\/\"}}]}<\/script>\n<!-- \/ Yoast SEO plugin. -->","yoast_head_json":{"title":"Stringlight Weltevree - Bula Outdoor","robots":{"index":"index","follow":"follow","max-snippet":"max-snippet:-1","max-image-preview":"max-image-preview:large","max-video-preview":"max-video-preview:-1"},"canonical":"https:\/\/bulaoutdoor.nl\/fr\/produit\/stringlight-weltevree\/","og_locale":"fr_FR","og_type":"article","og_title":"Stringlight Weltevree &#8211; Bula Outdoor","og_description":"Mondgeblazen en gekleurde glazen lampenkappen.","og_url":"https:\/\/bulaoutdoor.nl\/fr\/produit\/stringlight-weltevree\/","og_site_name":"Bula Outdoor","article_modified_time":"2022-12-08T19:19:47+00:00","og_image":[{"width":600,"height":600,"url":"https:\/\/bulaoutdoor.nl\/wp-content\/uploads\/2020\/06\/Stringlight_standing-600x600-1.jpg","type":"image\/jpeg"}],"twitter_card":"summary_large_image","twitter_misc":{"Dur\u00e9e de lecture estim\u00e9e":"1 minute"},"schema":{"@context":"https:\/\/schema.org","@graph":[{"@type":"WebPage","@id":"https:\/\/bulaoutdoor.nl\/product\/stringlight-weltevree\/","url":"https:\/\/bulaoutdoor.nl\/product\/stringlight-weltevree\/","name":"Stringlight Weltevree - Bula Outdoor","isPartOf":{"@id":"https:\/\/bulaoutdoor.nl\/#website"},"primaryImageOfPage":{"@id":"https:\/\/bulaoutdoor.nl\/product\/stringlight-weltevree\/#primaryimage"},"image":{"@id":"https:\/\/bulaoutdoor.nl\/product\/stringlight-weltevree\/#primaryimage"},"thumbnailUrl":"https:\/\/bulaoutdoor.nl\/wp-content\/uploads\/2020\/06\/Stringlight_standing-600x600-1.jpg","datePublished":"2020-06-17T09:51:01+00:00","dateModified":"2022-12-08T19:19:47+00:00","breadcrumb":{"@id":"https:\/\/bulaoutdoor.nl\/product\/stringlight-weltevree\/#breadcrumb"},"inLanguage":"fr-FR","potentialAction":[{"@type":"ReadAction","target":["https:\/\/bulaoutdoor.nl\/product\/stringlight-weltevree\/"]}]},{"@type":"ImageObject","inLanguage":"fr-FR","@id":"https:\/\/bulaoutdoor.nl\/product\/stringlight-weltevree\/#primaryimage","url":"https:\/\/bulaoutdoor.nl\/wp-content\/uploads\/2020\/06\/Stringlight_standing-600x600-1.jpg","contentUrl":"https:\/\/bulaoutdoor.nl\/wp-content\/uploads\/2020\/06\/Stringlight_standing-600x600-1.jpg","width":600,"height":600,"caption":"Stringlight"},{"@type":"BreadcrumbList","@id":"https:\/\/bulaoutdoor.nl\/product\/stringlight-weltevree\/#breadcrumb","itemListElement":[{"@type":"ListItem","position":1,"name":"Home","item":"https:\/\/bulaoutdoor.nl\/"},{"@type":"ListItem","position":2,"name":"Online BBQ kopen","item":"https:\/\/bulaoutdoor.nl\/"},{"@type":"ListItem","position":3,"name":"Stringlight Weltevree"}]},{"@type":"WebSite","@id":"https:\/\/bulaoutdoor.nl\/#website","url":"https:\/\/bulaoutdoor.nl\/","name":"Bula Outdoor","description":"Pour votre chemin\u00e9e ext\u00e9rieure, votre barbecue, votre torche de jardin et votre four \u00e0 bois","publisher":{"@id":"https:\/\/bulaoutdoor.nl\/#organization"},"potentialAction":[{"@type":"SearchAction","target":{"@type":"EntryPoint","urlTemplate":"https:\/\/bulaoutdoor.nl\/?s={search_term_string}"},"query-input":{"@type":"PropertyValueSpecification","valueRequired":true,"valueName":"search_term_string"}}],"inLanguage":"fr-FR"},{"@type":"Organization","@id":"https:\/\/bulaoutdoor.nl\/#organization","name":"Bula Outdoor","url":"https:\/\/bulaoutdoor.nl\/","logo":{"@type":"ImageObject","inLanguage":"fr-FR","@id":"https:\/\/bulaoutdoor.nl\/#\/schema\/logo\/image\/","url":"https:\/\/www.bulaoutdoor.nl\/wp-content\/uploads\/2018\/04\/bulaoutdoor-logo.png","contentUrl":"https:\/\/www.bulaoutdoor.nl\/wp-content\/uploads\/2018\/04\/bulaoutdoor-logo.png","width":324,"height":91,"caption":"Bula Outdoor"},"image":{"@id":"https:\/\/bulaoutdoor.nl\/#\/schema\/logo\/image\/"}}]}},"jetpack_sharing_enabled":true,"_links":{"self":[{"href":"https:\/\/bulaoutdoor.nl\/fr\/wp-json\/wp\/v2\/product\/9244","targetHints":{"allow":["GET"]}}],"collection":[{"href":"https:\/\/bulaoutdoor.nl\/fr\/wp-json\/wp\/v2\/product"}],"about":[{"href":"https:\/\/bulaoutdoor.nl\/fr\/wp-json\/wp\/v2\/types\/product"}],"replies":[{"embeddable":true,"href":"https:\/\/bulaoutdoor.nl\/fr\/wp-json\/wp\/v2\/comments?post=9244"}],"wp:featuredmedia":[{"embeddable":true,"href":"https:\/\/bulaoutdoor.nl\/fr\/wp-json\/wp\/v2\/media\/9245"}],"wp:attachment":[{"href":"https:\/\/bulaoutdoor.nl\/fr\/wp-json\/wp\/v2\/media?parent=9244"}],"wp:term":[{"taxonomy":"product_brand","embeddable":true,"href":"https:\/\/bulaoutdoor.nl\/fr\/wp-json\/wp\/v2\/product_brand?post=9244"},{"taxonomy":"product_cat","embeddable":true,"href":"https:\/\/bulaoutdoor.nl\/fr\/wp-json\/wp\/v2\/product_cat?post=9244"},{"taxonomy":"product_tag","embeddable":true,"href":"https:\/\/bulaoutdoor.nl\/fr\/wp-json\/wp\/v2\/product_tag?post=9244"}],"curies":[{"name":"wp","href":"https:\/\/api.w.org\/{rel}","templated":true}]}}