{"id":93189,"date":"2025-12-03T15:39:34","date_gmt":"2025-12-03T15:39:34","guid":{"rendered":"https:\/\/bulaoutdoor.nl\/product\/spartherm-premium-front-87x68\/"},"modified":"2026-04-04T04:22:28","modified_gmt":"2026-04-04T04:22:28","slug":"spartherm-premium-front-87x68","status":"publish","type":"product","link":"https:\/\/bulaoutdoor.nl\/fr\/product\/spartherm-premium-front-87x68\/","title":{"rendered":"Spartherm Premium Front 87\u00d768"},"content":{"rendered":"<p data-start=\"552\" data-end=\"870\">Avec la <a href=\"https:\/\/www.haveverwarming.nl\/spartherm\">Spartherm<\/a> Premium 87\u00d768 <a href=\"https:\/\/www.haveverwarming.nl\/kachels\/hout\">feu de bois<\/a> n'apporte pas seulement une chemin\u00e9e dans votre maison, mais une exp\u00e9rience d'ambiance compl\u00e8te. La large vitre offre une vue impressionnante sur le feu, tandis que vous r\u00e9glez sans effort l'ambiance souhait\u00e9e via l'appli. Gr\u00e2ce \u00e0 sa finition luxueuse, sa technologie intelligente et son aspect chaleureux, cette chemin\u00e9e sera la pi\u00e8ce ma\u00eetresse rayonnante de votre int\u00e9rieur.<\/p>\n<p data-start=\"81\" data-end=\"550\">La gamme Premium se distingue \u00e9galement par une poign\u00e9e encastr\u00e9e \u00e9pur\u00e9e. Cette poign\u00e9e int\u00e9gr\u00e9e n'entre pas en contact avec le verre et reste donc toujours agr\u00e9ablement fra\u00eeche au toucher, m\u00eame pendant une utilisation prolong\u00e9e. Gr\u00e2ce \u00e0 la poign\u00e9e enti\u00e8rement int\u00e9gr\u00e9e, l'aspect g\u00e9n\u00e9ral est plus harmonieux et vous b\u00e9n\u00e9ficiez d'une vue d\u00e9gag\u00e9e sur le feu.<\/p>\n<p data-start=\"552\" data-end=\"870\">Outre son design \u00e9l\u00e9gant, vous b\u00e9n\u00e9ficiez de la qualit\u00e9 de fabrication haut de gamme et de la technologie de combustion avanc\u00e9e qui font la renomm\u00e9e de Spartherm. La porte relevable souple, le cadre minimaliste et la combustion puissante et propre font de ce po\u00eale un v\u00e9ritable accroche-regard qui apporte \u00e0 la fois ambiance et efficacit\u00e9 dans votre int\u00e9rieur.<\/p>\n<h3 data-start=\"552\" data-end=\"870\">Centre d'exp\u00e9rience<\/h3>\n<p>Diverses chemin\u00e9es Spartherm sont disponibles dans notre rubrique&nbsp;<a href=\"https:\/\/www.haveverwarming.nl\/experiencecenter\" target=\"_blank\" rel=\"noopener\">Centre d'exp\u00e9rience<\/a> et vous \u00eates les bienvenus pour y jeter un coup d'\u0153il.<\/p>\n<p>T\u00e9l\u00e9chargements de produits<\/p>\n<ul>\n<li><a class=\"download file\" href=\"https:\/\/www.haveverwarming.nl\/amfile\/file\/download\/file\/9191\/product\/2453\/\" target=\"_blank\"><span>Dessin au trait Spartherm Premium Front 87\u00d768<\/span><\/a><\/li>\n<li><a class=\"download file\" href=\"https:\/\/www.haveverwarming.nl\/amfile\/file\/download\/file\/9192\/product\/2453\/\" target=\"_blank\"><span>Etiquette \u00e9nerg\u00e9tique Spartherm Premium Front 87\u00d768<\/span><\/a><\/li>\n<li><a class=\"download file\" href=\"https:\/\/www.haveverwarming.nl\/amfile\/file\/download\/file\/9193\/product\/2453\/\" target=\"_blank\"><span> Instructions d'installation et d'utilisation Spartherm Premium Front 87\u00d768<\/span><\/a><\/li>\n<li><a class=\"download file\" href=\"https:\/\/www.haveverwarming.nl\/productpdf\/download\/file\/id\/2453\/name\/Spartherm_Premium_Front_87x68.pdf\/\" target=\"_blank\"><span>T\u00e9l\u00e9charger la fiche technique<\/span><\/a><\/li>\n<\/ul>","protected":false},"excerpt":{"rendered":"<p>Met de Spartherm Premium 87&#215;68 houthaard haalt niet zomaar een haard in huis, maar een complete sfeerbeleving. Het brede glas zorgt voor een indrukwekkend zicht op het vuur, terwijl je via de app moeiteloos de gewenste ambiance instelt. Dankzij de luxe afwerking, slimme technologie en warme uitstraling vormt deze haard het stralende middelpunt van je [&hellip;]<\/p>\n","protected":false},"featured_media":93190,"comment_status":"open","ping_status":"closed","template":"","meta":{"_acf_changed":false},"product_brand":[],"product_cat":[1092],"product_tag":[],"class_list":{"0":"post-93189","1":"product","2":"type-product","3":"status-publish","4":"has-post-thumbnail","6":"product_cat-vrijstaande-houtkachels","8":"first","9":"instock","10":"taxable","11":"shipping-taxable","12":"purchasable","13":"product-type-simple"},"acf":[],"yoast_head":"<!-- This site is optimized with the Yoast SEO plugin v27.3 - https:\/\/yoast.com\/product\/yoast-seo-wordpress\/ -->\n<title>Spartherm Premium Front 87x68 &#8211; Bula Outdoor<\/title>\n<meta name=\"robots\" content=\"index, follow, max-snippet:-1, max-image-preview:large, max-video-preview:-1\" \/>\n<link rel=\"canonical\" href=\"https:\/\/bulaoutdoor.nl\/fr\/produit\/spartherm-premium-front-87x68\/\" \/>\n<meta property=\"og:locale\" content=\"fr_FR\" \/>\n<meta property=\"og:type\" content=\"article\" \/>\n<meta property=\"og:title\" content=\"Spartherm Premium Front 87x68 &#8211; Bula Outdoor\" \/>\n<meta property=\"og:description\" content=\"Met de Spartherm Premium 87&#215;68 houthaard haalt niet zomaar een haard in huis, maar een complete sfeerbeleving. Het brede glas zorgt voor een indrukwekkend zicht op het vuur, terwijl je via de app moeiteloos de gewenste ambiance instelt. Dankzij de luxe afwerking, slimme technologie en warme uitstraling vormt deze haard het stralende middelpunt van je [&hellip;]\" \/>\n<meta property=\"og:url\" content=\"https:\/\/bulaoutdoor.nl\/fr\/produit\/spartherm-premium-front-87x68\/\" \/>\n<meta property=\"og:site_name\" content=\"Bula Outdoor\" \/>\n<meta property=\"article:modified_time\" content=\"2026-04-04T04:22:28+00:00\" \/>\n<meta property=\"og:image\" content=\"https:\/\/bulaoutdoor.nl\/wp-content\/uploads\/2025\/12\/spartherm-87x68_2.jpg\" \/>\n\t<meta property=\"og:image:width\" content=\"1400\" \/>\n\t<meta property=\"og:image:height\" content=\"1400\" \/>\n\t<meta property=\"og:image:type\" content=\"image\/jpeg\" \/>\n<meta name=\"twitter:card\" content=\"summary_large_image\" \/>\n<meta name=\"twitter:label1\" content=\"Dur\u00e9e de lecture estim\u00e9e\" \/>\n\t<meta name=\"twitter:data1\" content=\"2 minutes\" \/>\n<script type=\"application\/ld+json\" class=\"yoast-schema-graph\">{\"@context\":\"https:\\\/\\\/schema.org\",\"@graph\":[{\"@type\":\"WebPage\",\"@id\":\"https:\\\/\\\/bulaoutdoor.nl\\\/product\\\/spartherm-premium-front-87x68\\\/\",\"url\":\"https:\\\/\\\/bulaoutdoor.nl\\\/product\\\/spartherm-premium-front-87x68\\\/\",\"name\":\"Spartherm Premium Front 87x68 &#8211; Bula Outdoor\",\"isPartOf\":{\"@id\":\"https:\\\/\\\/bulaoutdoor.nl\\\/#website\"},\"primaryImageOfPage\":{\"@id\":\"https:\\\/\\\/bulaoutdoor.nl\\\/product\\\/spartherm-premium-front-87x68\\\/#primaryimage\"},\"image\":{\"@id\":\"https:\\\/\\\/bulaoutdoor.nl\\\/product\\\/spartherm-premium-front-87x68\\\/#primaryimage\"},\"thumbnailUrl\":\"https:\\\/\\\/bulaoutdoor.nl\\\/wp-content\\\/uploads\\\/2025\\\/12\\\/spartherm-87x68_2.jpg\",\"datePublished\":\"2025-12-03T15:39:34+00:00\",\"dateModified\":\"2026-04-04T04:22:28+00:00\",\"breadcrumb\":{\"@id\":\"https:\\\/\\\/bulaoutdoor.nl\\\/product\\\/spartherm-premium-front-87x68\\\/#breadcrumb\"},\"inLanguage\":\"fr-FR\",\"potentialAction\":[{\"@type\":\"ReadAction\",\"target\":[\"https:\\\/\\\/bulaoutdoor.nl\\\/product\\\/spartherm-premium-front-87x68\\\/\"]}]},{\"@type\":\"ImageObject\",\"inLanguage\":\"fr-FR\",\"@id\":\"https:\\\/\\\/bulaoutdoor.nl\\\/product\\\/spartherm-premium-front-87x68\\\/#primaryimage\",\"url\":\"https:\\\/\\\/bulaoutdoor.nl\\\/wp-content\\\/uploads\\\/2025\\\/12\\\/spartherm-87x68_2.jpg\",\"contentUrl\":\"https:\\\/\\\/bulaoutdoor.nl\\\/wp-content\\\/uploads\\\/2025\\\/12\\\/spartherm-87x68_2.jpg\",\"width\":1400,\"height\":1400,\"caption\":\"spartherm-premium-front-87x68-thumbnail\"},{\"@type\":\"BreadcrumbList\",\"@id\":\"https:\\\/\\\/bulaoutdoor.nl\\\/product\\\/spartherm-premium-front-87x68\\\/#breadcrumb\",\"itemListElement\":[{\"@type\":\"ListItem\",\"position\":1,\"name\":\"Home\",\"item\":\"https:\\\/\\\/bulaoutdoor.nl\\\/\"},{\"@type\":\"ListItem\",\"position\":2,\"name\":\"Online BBQ kopen\",\"item\":\"https:\\\/\\\/bulaoutdoor.nl\\\/\"},{\"@type\":\"ListItem\",\"position\":3,\"name\":\"Spartherm Premium Front 87&#215;68\"}]},{\"@type\":\"WebSite\",\"@id\":\"https:\\\/\\\/bulaoutdoor.nl\\\/#website\",\"url\":\"https:\\\/\\\/bulaoutdoor.nl\\\/\",\"name\":\"Bula Outdoor\",\"description\":\"Voor uw buitenhaard, BBQ, tuinfakkel en houtoven\",\"publisher\":{\"@id\":\"https:\\\/\\\/bulaoutdoor.nl\\\/#organization\"},\"potentialAction\":[{\"@type\":\"SearchAction\",\"target\":{\"@type\":\"EntryPoint\",\"urlTemplate\":\"https:\\\/\\\/bulaoutdoor.nl\\\/?s={search_term_string}\"},\"query-input\":{\"@type\":\"PropertyValueSpecification\",\"valueRequired\":true,\"valueName\":\"search_term_string\"}}],\"inLanguage\":\"fr-FR\"},{\"@type\":\"Organization\",\"@id\":\"https:\\\/\\\/bulaoutdoor.nl\\\/#organization\",\"name\":\"Bula Outdoor\",\"url\":\"https:\\\/\\\/bulaoutdoor.nl\\\/\",\"logo\":{\"@type\":\"ImageObject\",\"inLanguage\":\"fr-FR\",\"@id\":\"https:\\\/\\\/bulaoutdoor.nl\\\/#\\\/schema\\\/logo\\\/image\\\/\",\"url\":\"https:\\\/\\\/www.bulaoutdoor.nl\\\/wp-content\\\/uploads\\\/2018\\\/04\\\/bulaoutdoor-logo.png\",\"contentUrl\":\"https:\\\/\\\/www.bulaoutdoor.nl\\\/wp-content\\\/uploads\\\/2018\\\/04\\\/bulaoutdoor-logo.png\",\"width\":324,\"height\":91,\"caption\":\"Bula Outdoor\"},\"image\":{\"@id\":\"https:\\\/\\\/bulaoutdoor.nl\\\/#\\\/schema\\\/logo\\\/image\\\/\"}}]}<\/script>\n<!-- \/ Yoast SEO plugin. -->","yoast_head_json":{"title":"Spartherm Premium Front 87x68 - Bula Outdoor","robots":{"index":"index","follow":"follow","max-snippet":"max-snippet:-1","max-image-preview":"max-image-preview:large","max-video-preview":"max-video-preview:-1"},"canonical":"https:\/\/bulaoutdoor.nl\/fr\/produit\/spartherm-premium-front-87x68\/","og_locale":"fr_FR","og_type":"article","og_title":"Spartherm Premium Front 87x68 &#8211; Bula Outdoor","og_description":"Met de Spartherm Premium 87&#215;68 houthaard haalt niet zomaar een haard in huis, maar een complete sfeerbeleving. Het brede glas zorgt voor een indrukwekkend zicht op het vuur, terwijl je via de app moeiteloos de gewenste ambiance instelt. Dankzij de luxe afwerking, slimme technologie en warme uitstraling vormt deze haard het stralende middelpunt van je [&hellip;]","og_url":"https:\/\/bulaoutdoor.nl\/fr\/produit\/spartherm-premium-front-87x68\/","og_site_name":"Bula Outdoor","article_modified_time":"2026-04-04T04:22:28+00:00","og_image":[{"width":1400,"height":1400,"url":"https:\/\/bulaoutdoor.nl\/wp-content\/uploads\/2025\/12\/spartherm-87x68_2.jpg","type":"image\/jpeg"}],"twitter_card":"summary_large_image","twitter_misc":{"Dur\u00e9e de lecture estim\u00e9e":"2 minutes"},"schema":{"@context":"https:\/\/schema.org","@graph":[{"@type":"WebPage","@id":"https:\/\/bulaoutdoor.nl\/product\/spartherm-premium-front-87x68\/","url":"https:\/\/bulaoutdoor.nl\/product\/spartherm-premium-front-87x68\/","name":"Spartherm Premium Front 87x68 - Bula Outdoor","isPartOf":{"@id":"https:\/\/bulaoutdoor.nl\/#website"},"primaryImageOfPage":{"@id":"https:\/\/bulaoutdoor.nl\/product\/spartherm-premium-front-87x68\/#primaryimage"},"image":{"@id":"https:\/\/bulaoutdoor.nl\/product\/spartherm-premium-front-87x68\/#primaryimage"},"thumbnailUrl":"https:\/\/bulaoutdoor.nl\/wp-content\/uploads\/2025\/12\/spartherm-87x68_2.jpg","datePublished":"2025-12-03T15:39:34+00:00","dateModified":"2026-04-04T04:22:28+00:00","breadcrumb":{"@id":"https:\/\/bulaoutdoor.nl\/product\/spartherm-premium-front-87x68\/#breadcrumb"},"inLanguage":"fr-FR","potentialAction":[{"@type":"ReadAction","target":["https:\/\/bulaoutdoor.nl\/product\/spartherm-premium-front-87x68\/"]}]},{"@type":"ImageObject","inLanguage":"fr-FR","@id":"https:\/\/bulaoutdoor.nl\/product\/spartherm-premium-front-87x68\/#primaryimage","url":"https:\/\/bulaoutdoor.nl\/wp-content\/uploads\/2025\/12\/spartherm-87x68_2.jpg","contentUrl":"https:\/\/bulaoutdoor.nl\/wp-content\/uploads\/2025\/12\/spartherm-87x68_2.jpg","width":1400,"height":1400,"caption":"spartherm-premium-front-87x68-thumbnail"},{"@type":"BreadcrumbList","@id":"https:\/\/bulaoutdoor.nl\/product\/spartherm-premium-front-87x68\/#breadcrumb","itemListElement":[{"@type":"ListItem","position":1,"name":"Home","item":"https:\/\/bulaoutdoor.nl\/"},{"@type":"ListItem","position":2,"name":"Online BBQ kopen","item":"https:\/\/bulaoutdoor.nl\/"},{"@type":"ListItem","position":3,"name":"Spartherm Premium Front 87&#215;68"}]},{"@type":"WebSite","@id":"https:\/\/bulaoutdoor.nl\/#website","url":"https:\/\/bulaoutdoor.nl\/","name":"Bula Outdoor","description":"Pour votre chemin\u00e9e ext\u00e9rieure, votre barbecue, votre torche de jardin et votre four \u00e0 bois","publisher":{"@id":"https:\/\/bulaoutdoor.nl\/#organization"},"potentialAction":[{"@type":"SearchAction","target":{"@type":"EntryPoint","urlTemplate":"https:\/\/bulaoutdoor.nl\/?s={search_term_string}"},"query-input":{"@type":"PropertyValueSpecification","valueRequired":true,"valueName":"search_term_string"}}],"inLanguage":"fr-FR"},{"@type":"Organization","@id":"https:\/\/bulaoutdoor.nl\/#organization","name":"Bula Outdoor","url":"https:\/\/bulaoutdoor.nl\/","logo":{"@type":"ImageObject","inLanguage":"fr-FR","@id":"https:\/\/bulaoutdoor.nl\/#\/schema\/logo\/image\/","url":"https:\/\/www.bulaoutdoor.nl\/wp-content\/uploads\/2018\/04\/bulaoutdoor-logo.png","contentUrl":"https:\/\/www.bulaoutdoor.nl\/wp-content\/uploads\/2018\/04\/bulaoutdoor-logo.png","width":324,"height":91,"caption":"Bula Outdoor"},"image":{"@id":"https:\/\/bulaoutdoor.nl\/#\/schema\/logo\/image\/"}}]}},"jetpack_sharing_enabled":true,"_links":{"self":[{"href":"https:\/\/bulaoutdoor.nl\/fr\/wp-json\/wp\/v2\/product\/93189","targetHints":{"allow":["GET"]}}],"collection":[{"href":"https:\/\/bulaoutdoor.nl\/fr\/wp-json\/wp\/v2\/product"}],"about":[{"href":"https:\/\/bulaoutdoor.nl\/fr\/wp-json\/wp\/v2\/types\/product"}],"replies":[{"embeddable":true,"href":"https:\/\/bulaoutdoor.nl\/fr\/wp-json\/wp\/v2\/comments?post=93189"}],"wp:featuredmedia":[{"embeddable":true,"href":"https:\/\/bulaoutdoor.nl\/fr\/wp-json\/wp\/v2\/media\/93190"}],"wp:attachment":[{"href":"https:\/\/bulaoutdoor.nl\/fr\/wp-json\/wp\/v2\/media?parent=93189"}],"wp:term":[{"taxonomy":"product_brand","embeddable":true,"href":"https:\/\/bulaoutdoor.nl\/fr\/wp-json\/wp\/v2\/product_brand?post=93189"},{"taxonomy":"product_cat","embeddable":true,"href":"https:\/\/bulaoutdoor.nl\/fr\/wp-json\/wp\/v2\/product_cat?post=93189"},{"taxonomy":"product_tag","embeddable":true,"href":"https:\/\/bulaoutdoor.nl\/fr\/wp-json\/wp\/v2\/product_tag?post=93189"}],"curies":[{"name":"wp","href":"https:\/\/api.w.org\/{rel}","templated":true}]}}