{"id":93437,"date":"2026-02-16T14:14:26","date_gmt":"2026-02-16T14:14:26","guid":{"rendered":"https:\/\/bulaoutdoor.nl\/?post_type=product&#038;p=93437"},"modified":"2026-02-16T20:44:10","modified_gmt":"2026-02-16T20:44:10","slug":"couteau-universel-forge-sebra","status":"publish","type":"product","link":"https:\/\/bulaoutdoor.nl\/fr\/product\/forged-sebra-universeel-mes\/","title":{"rendered":"Couteau universel Sebra forg\u00e9"},"content":{"rendered":"<h2 data-start=\"0\" data-end=\"71\">Couteau universel Sebra forg\u00e9 - Compact, puissant et parfaitement \u00e9quilibr\u00e9<\/h2>\n<p data-start=\"73\" data-end=\"443\">Les <strong data-start=\"77\" data-end=\"108\">Couteau universel Sebra forg\u00e9<\/strong> est le choix id\u00e9al pour ceux qui recherchent la pr\u00e9cision, le contr\u00f4le et le savoir-faire dans un seul couteau. Ce couteau de cuisine compact est la version plus petite du couteau de chef et il est parfait pour couper avec pr\u00e9cision les l\u00e9gumes, les fruits et les petits morceaux de viande. Gr\u00e2ce \u00e0 sa lame \u00e9troite, vous travaillez avec un maximum de contr\u00f4le et de raffinement \u00e0 chaque coupe.<\/p>\n<h3 data-start=\"445\" data-end=\"492\">Acier japonais 440C de haute qualit\u00e9 (58 Rockwell)<\/h3>\n<p data-start=\"494\" data-end=\"830\">La lame est fabriqu\u00e9e \u00e0 partir d'un mat\u00e9riau de premi\u00e8re qualit\u00e9 <strong data-start=\"532\" data-end=\"553\">Acier japonais 440C<\/strong> et a une duret\u00e9 de <strong data-start=\"580\" data-end=\"595\">58 Rockwell<\/strong>. Cela garantit un excellent tranchant, une tenue de coupe \u00e0 long terme et une r\u00e9sistance optimale \u00e0 l'abrasion. Avec une \u00e9paisseur de lame de <strong data-start=\"710\" data-end=\"718\">2 mm<\/strong> et un angle de coupe de <strong data-start=\"739\" data-end=\"752\">18 degr\u00e9s<\/strong> ce couteau universel offre un \u00e9quilibre parfait entre le tranchant et la durabilit\u00e9.<\/p>\n<h3 data-start=\"832\" data-end=\"875\">Artisanat forg\u00e9 \u00e0 la main - Chaque couteau est unique<\/h3>\n<p data-start=\"877\" data-end=\"1130\">Chaque couteau Forged Sebra est forg\u00e9 \u00e0 la main. Par cons\u00e9quent, chacun d'entre eux a un caract\u00e8re et un aspect uniques. Ce processus de fabrication artisanale garantit non seulement une qualit\u00e9 robuste, mais conf\u00e8re \u00e9galement au couteau un aspect exclusif et authentique.<\/p>\n<h3 data-start=\"1132\" data-end=\"1163\">Emballage de luxe et garantie<\/h3>\n<p data-start=\"1165\" data-end=\"1373\">Le couteau est livr\u00e9 dans un <strong data-start=\"1195\" data-end=\"1217\">coffret de luxe en bois<\/strong>, Il s'agit d'un outil id\u00e9al pour offrir ou ranger le couteau en toute s\u00e9curit\u00e9. En outre, vous recevrez <strong data-start=\"1293\" data-end=\"1313\">Garantie de 10 ans<\/strong>, Ce qui souligne la qualit\u00e9 et la durabilit\u00e9 de ce couteau.<\/p>\n<hr data-start=\"1375\" data-end=\"1378\" \/>\n<h3 data-start=\"1380\" data-end=\"1435\">Pourquoi choisir le couteau Forg\u00e9 Sebra Universal ?<\/h3>\n<ul data-start=\"1437\" data-end=\"1738\">\n<li data-start=\"1437\" data-end=\"1472\">\n<p data-start=\"1439\" data-end=\"1472\">Couteau de cuisine compact et polyvalent<\/p>\n<\/li>\n<li data-start=\"1473\" data-end=\"1531\">\n<p data-start=\"1475\" data-end=\"1531\">Parfait pour les l\u00e9gumes, les fruits et les petits morceaux de viande<\/p>\n<\/li>\n<li data-start=\"1532\" data-end=\"1576\">\n<p data-start=\"1534\" data-end=\"1576\">Acier japonais 440C - duret\u00e9 de 58 Rockwell<\/p>\n<\/li>\n<li data-start=\"1577\" data-end=\"1601\">\n<p data-start=\"1579\" data-end=\"1601\">Epaisseur de la lame : 2 mm<\/p>\n<\/li>\n<li data-start=\"1602\" data-end=\"1651\">\n<p data-start=\"1604\" data-end=\"1651\">Angle de coupe de 18 degr\u00e9s pour un tranchant optimal<\/p>\n<\/li>\n<li data-start=\"1652\" data-end=\"1683\">\n<p data-start=\"1654\" data-end=\"1683\">Forg\u00e9 \u00e0 la main et conception unique<\/p>\n<\/li>\n<li data-start=\"1684\" data-end=\"1717\">\n<p data-start=\"1686\" data-end=\"1717\">Emball\u00e9 dans une bo\u00eete en bois de luxe<\/p>\n<\/li>\n<li data-start=\"1718\" data-end=\"1738\">\n<p data-start=\"1720\" data-end=\"1738\">Garantie de 10 ans<\/p>\n<\/li>\n<\/ul>\n<p data-start=\"1740\" data-end=\"1950\" data-is-last-node=\"\" data-is-only-node=\"\">Vous \u00eates \u00e0 la recherche d'un couteau universel de haute qualit\u00e9, aux performances professionnelles et \u00e0 l'aspect artisanal ? Dans ce cas, le <strong data-start=\"1865\" data-end=\"1896\">Couteau universel Sebra forg\u00e9<\/strong> un excellent compl\u00e9ment \u00e0 votre \u00e9quipement de cuisine.<\/p>","protected":false},"excerpt":{"rendered":"<p>Couteau de cuisine compact et polyvalent<\/p>","protected":false},"featured_media":93451,"comment_status":"open","ping_status":"closed","template":"","meta":{"_acf_changed":false},"product_brand":[],"product_cat":[15,1448],"product_tag":[],"class_list":{"0":"post-93437","1":"product","2":"type-product","3":"status-publish","4":"has-post-thumbnail","6":"product_cat-forged-messen","7":"product_cat-uitverkoop","9":"first","10":"instock","11":"sale","12":"taxable","13":"shipping-taxable","14":"purchasable","15":"product-type-simple"},"acf":[],"yoast_head":"<!-- This site is optimized with the Yoast SEO plugin v27.3 - https:\/\/yoast.com\/product\/yoast-seo-wordpress\/ -->\n<title>Forged Sebra Universeel mes &#8211; Bula Outdoor<\/title>\n<meta name=\"robots\" content=\"index, follow, max-snippet:-1, max-image-preview:large, max-video-preview:-1\" \/>\n<link rel=\"canonical\" href=\"https:\/\/bulaoutdoor.nl\/fr\/produit\/couteau-universel-forge-sebra\/\" \/>\n<meta property=\"og:locale\" content=\"fr_FR\" \/>\n<meta property=\"og:type\" content=\"article\" \/>\n<meta property=\"og:title\" content=\"Forged Sebra Universeel mes &#8211; Bula Outdoor\" \/>\n<meta property=\"og:description\" content=\"Compact en veelzijdig keukenmes\" \/>\n<meta property=\"og:url\" content=\"https:\/\/bulaoutdoor.nl\/fr\/produit\/couteau-universel-forge-sebra\/\" \/>\n<meta property=\"og:site_name\" content=\"Bula Outdoor\" \/>\n<meta property=\"article:modified_time\" content=\"2026-02-16T20:44:10+00:00\" \/>\n<meta property=\"og:image\" content=\"https:\/\/bulaoutdoor.nl\/wp-content\/uploads\/2026\/02\/Forged-Sebra-Universeel-mes.jpg\" \/>\n\t<meta property=\"og:image:width\" content=\"550\" \/>\n\t<meta property=\"og:image:height\" content=\"393\" \/>\n\t<meta property=\"og:image:type\" content=\"image\/jpeg\" \/>\n<meta name=\"twitter:card\" content=\"summary_large_image\" \/>\n<meta name=\"twitter:label1\" content=\"Dur\u00e9e de lecture estim\u00e9e\" \/>\n\t<meta name=\"twitter:data1\" content=\"2 minutes\" \/>\n<script type=\"application\/ld+json\" class=\"yoast-schema-graph\">{\"@context\":\"https:\\\/\\\/schema.org\",\"@graph\":[{\"@type\":\"WebPage\",\"@id\":\"https:\\\/\\\/bulaoutdoor.nl\\\/product\\\/forged-sebra-universeel-mes\\\/\",\"url\":\"https:\\\/\\\/bulaoutdoor.nl\\\/product\\\/forged-sebra-universeel-mes\\\/\",\"name\":\"Forged Sebra Universeel mes &#8211; Bula Outdoor\",\"isPartOf\":{\"@id\":\"https:\\\/\\\/bulaoutdoor.nl\\\/#website\"},\"primaryImageOfPage\":{\"@id\":\"https:\\\/\\\/bulaoutdoor.nl\\\/product\\\/forged-sebra-universeel-mes\\\/#primaryimage\"},\"image\":{\"@id\":\"https:\\\/\\\/bulaoutdoor.nl\\\/product\\\/forged-sebra-universeel-mes\\\/#primaryimage\"},\"thumbnailUrl\":\"https:\\\/\\\/bulaoutdoor.nl\\\/wp-content\\\/uploads\\\/2026\\\/02\\\/Forged-Sebra-Universeel-mes.jpg\",\"datePublished\":\"2026-02-16T14:14:26+00:00\",\"dateModified\":\"2026-02-16T20:44:10+00:00\",\"breadcrumb\":{\"@id\":\"https:\\\/\\\/bulaoutdoor.nl\\\/product\\\/forged-sebra-universeel-mes\\\/#breadcrumb\"},\"inLanguage\":\"fr-FR\",\"potentialAction\":[{\"@type\":\"ReadAction\",\"target\":[\"https:\\\/\\\/bulaoutdoor.nl\\\/product\\\/forged-sebra-universeel-mes\\\/\"]}]},{\"@type\":\"ImageObject\",\"inLanguage\":\"fr-FR\",\"@id\":\"https:\\\/\\\/bulaoutdoor.nl\\\/product\\\/forged-sebra-universeel-mes\\\/#primaryimage\",\"url\":\"https:\\\/\\\/bulaoutdoor.nl\\\/wp-content\\\/uploads\\\/2026\\\/02\\\/Forged-Sebra-Universeel-mes.jpg\",\"contentUrl\":\"https:\\\/\\\/bulaoutdoor.nl\\\/wp-content\\\/uploads\\\/2026\\\/02\\\/Forged-Sebra-Universeel-mes.jpg\",\"width\":550,\"height\":393},{\"@type\":\"BreadcrumbList\",\"@id\":\"https:\\\/\\\/bulaoutdoor.nl\\\/product\\\/forged-sebra-universeel-mes\\\/#breadcrumb\",\"itemListElement\":[{\"@type\":\"ListItem\",\"position\":1,\"name\":\"Home\",\"item\":\"https:\\\/\\\/bulaoutdoor.nl\\\/\"},{\"@type\":\"ListItem\",\"position\":2,\"name\":\"Online BBQ kopen\",\"item\":\"https:\\\/\\\/bulaoutdoor.nl\\\/\"},{\"@type\":\"ListItem\",\"position\":3,\"name\":\"Forged Sebra Universeel mes\"}]},{\"@type\":\"WebSite\",\"@id\":\"https:\\\/\\\/bulaoutdoor.nl\\\/#website\",\"url\":\"https:\\\/\\\/bulaoutdoor.nl\\\/\",\"name\":\"Bula Outdoor\",\"description\":\"Voor uw buitenhaard, BBQ, tuinfakkel en houtoven\",\"publisher\":{\"@id\":\"https:\\\/\\\/bulaoutdoor.nl\\\/#organization\"},\"potentialAction\":[{\"@type\":\"SearchAction\",\"target\":{\"@type\":\"EntryPoint\",\"urlTemplate\":\"https:\\\/\\\/bulaoutdoor.nl\\\/?s={search_term_string}\"},\"query-input\":{\"@type\":\"PropertyValueSpecification\",\"valueRequired\":true,\"valueName\":\"search_term_string\"}}],\"inLanguage\":\"fr-FR\"},{\"@type\":\"Organization\",\"@id\":\"https:\\\/\\\/bulaoutdoor.nl\\\/#organization\",\"name\":\"Bula Outdoor\",\"url\":\"https:\\\/\\\/bulaoutdoor.nl\\\/\",\"logo\":{\"@type\":\"ImageObject\",\"inLanguage\":\"fr-FR\",\"@id\":\"https:\\\/\\\/bulaoutdoor.nl\\\/#\\\/schema\\\/logo\\\/image\\\/\",\"url\":\"https:\\\/\\\/www.bulaoutdoor.nl\\\/wp-content\\\/uploads\\\/2018\\\/04\\\/bulaoutdoor-logo.png\",\"contentUrl\":\"https:\\\/\\\/www.bulaoutdoor.nl\\\/wp-content\\\/uploads\\\/2018\\\/04\\\/bulaoutdoor-logo.png\",\"width\":324,\"height\":91,\"caption\":\"Bula Outdoor\"},\"image\":{\"@id\":\"https:\\\/\\\/bulaoutdoor.nl\\\/#\\\/schema\\\/logo\\\/image\\\/\"}}]}<\/script>\n<!-- \/ Yoast SEO plugin. -->","yoast_head_json":{"title":"Couteau universel Sebra forg\u00e9 - Bula Outdoors","robots":{"index":"index","follow":"follow","max-snippet":"max-snippet:-1","max-image-preview":"max-image-preview:large","max-video-preview":"max-video-preview:-1"},"canonical":"https:\/\/bulaoutdoor.nl\/fr\/produit\/couteau-universel-forge-sebra\/","og_locale":"fr_FR","og_type":"article","og_title":"Forged Sebra Universeel mes &#8211; Bula Outdoor","og_description":"Compact en veelzijdig keukenmes","og_url":"https:\/\/bulaoutdoor.nl\/fr\/produit\/couteau-universel-forge-sebra\/","og_site_name":"Bula Outdoor","article_modified_time":"2026-02-16T20:44:10+00:00","og_image":[{"width":550,"height":393,"url":"https:\/\/bulaoutdoor.nl\/wp-content\/uploads\/2026\/02\/Forged-Sebra-Universeel-mes.jpg","type":"image\/jpeg"}],"twitter_card":"summary_large_image","twitter_misc":{"Dur\u00e9e de lecture estim\u00e9e":"2 minutes"},"schema":{"@context":"https:\/\/schema.org","@graph":[{"@type":"WebPage","@id":"https:\/\/bulaoutdoor.nl\/product\/forged-sebra-universeel-mes\/","url":"https:\/\/bulaoutdoor.nl\/product\/forged-sebra-universeel-mes\/","name":"Couteau universel Sebra forg\u00e9 - Bula Outdoors","isPartOf":{"@id":"https:\/\/bulaoutdoor.nl\/#website"},"primaryImageOfPage":{"@id":"https:\/\/bulaoutdoor.nl\/product\/forged-sebra-universeel-mes\/#primaryimage"},"image":{"@id":"https:\/\/bulaoutdoor.nl\/product\/forged-sebra-universeel-mes\/#primaryimage"},"thumbnailUrl":"https:\/\/bulaoutdoor.nl\/wp-content\/uploads\/2026\/02\/Forged-Sebra-Universeel-mes.jpg","datePublished":"2026-02-16T14:14:26+00:00","dateModified":"2026-02-16T20:44:10+00:00","breadcrumb":{"@id":"https:\/\/bulaoutdoor.nl\/product\/forged-sebra-universeel-mes\/#breadcrumb"},"inLanguage":"fr-FR","potentialAction":[{"@type":"ReadAction","target":["https:\/\/bulaoutdoor.nl\/product\/forged-sebra-universeel-mes\/"]}]},{"@type":"ImageObject","inLanguage":"fr-FR","@id":"https:\/\/bulaoutdoor.nl\/product\/forged-sebra-universeel-mes\/#primaryimage","url":"https:\/\/bulaoutdoor.nl\/wp-content\/uploads\/2026\/02\/Forged-Sebra-Universeel-mes.jpg","contentUrl":"https:\/\/bulaoutdoor.nl\/wp-content\/uploads\/2026\/02\/Forged-Sebra-Universeel-mes.jpg","width":550,"height":393},{"@type":"BreadcrumbList","@id":"https:\/\/bulaoutdoor.nl\/product\/forged-sebra-universeel-mes\/#breadcrumb","itemListElement":[{"@type":"ListItem","position":1,"name":"Home","item":"https:\/\/bulaoutdoor.nl\/"},{"@type":"ListItem","position":2,"name":"Online BBQ kopen","item":"https:\/\/bulaoutdoor.nl\/"},{"@type":"ListItem","position":3,"name":"Forged Sebra Universeel mes"}]},{"@type":"WebSite","@id":"https:\/\/bulaoutdoor.nl\/#website","url":"https:\/\/bulaoutdoor.nl\/","name":"Bula Outdoor","description":"Pour votre chemin\u00e9e ext\u00e9rieure, votre barbecue, votre torche de jardin et votre four \u00e0 bois","publisher":{"@id":"https:\/\/bulaoutdoor.nl\/#organization"},"potentialAction":[{"@type":"SearchAction","target":{"@type":"EntryPoint","urlTemplate":"https:\/\/bulaoutdoor.nl\/?s={search_term_string}"},"query-input":{"@type":"PropertyValueSpecification","valueRequired":true,"valueName":"search_term_string"}}],"inLanguage":"fr-FR"},{"@type":"Organization","@id":"https:\/\/bulaoutdoor.nl\/#organization","name":"Bula Outdoor","url":"https:\/\/bulaoutdoor.nl\/","logo":{"@type":"ImageObject","inLanguage":"fr-FR","@id":"https:\/\/bulaoutdoor.nl\/#\/schema\/logo\/image\/","url":"https:\/\/www.bulaoutdoor.nl\/wp-content\/uploads\/2018\/04\/bulaoutdoor-logo.png","contentUrl":"https:\/\/www.bulaoutdoor.nl\/wp-content\/uploads\/2018\/04\/bulaoutdoor-logo.png","width":324,"height":91,"caption":"Bula Outdoor"},"image":{"@id":"https:\/\/bulaoutdoor.nl\/#\/schema\/logo\/image\/"}}]}},"jetpack_sharing_enabled":true,"_links":{"self":[{"href":"https:\/\/bulaoutdoor.nl\/fr\/wp-json\/wp\/v2\/product\/93437","targetHints":{"allow":["GET"]}}],"collection":[{"href":"https:\/\/bulaoutdoor.nl\/fr\/wp-json\/wp\/v2\/product"}],"about":[{"href":"https:\/\/bulaoutdoor.nl\/fr\/wp-json\/wp\/v2\/types\/product"}],"replies":[{"embeddable":true,"href":"https:\/\/bulaoutdoor.nl\/fr\/wp-json\/wp\/v2\/comments?post=93437"}],"wp:featuredmedia":[{"embeddable":true,"href":"https:\/\/bulaoutdoor.nl\/fr\/wp-json\/wp\/v2\/media\/93451"}],"wp:attachment":[{"href":"https:\/\/bulaoutdoor.nl\/fr\/wp-json\/wp\/v2\/media?parent=93437"}],"wp:term":[{"taxonomy":"product_brand","embeddable":true,"href":"https:\/\/bulaoutdoor.nl\/fr\/wp-json\/wp\/v2\/product_brand?post=93437"},{"taxonomy":"product_cat","embeddable":true,"href":"https:\/\/bulaoutdoor.nl\/fr\/wp-json\/wp\/v2\/product_cat?post=93437"},{"taxonomy":"product_tag","embeddable":true,"href":"https:\/\/bulaoutdoor.nl\/fr\/wp-json\/wp\/v2\/product_tag?post=93437"}],"curies":[{"name":"wp","href":"https:\/\/api.w.org\/{rel}","templated":true}]}}