{"id":93442,"date":"2026-02-16T14:29:05","date_gmt":"2026-02-16T14:29:05","guid":{"rendered":"https:\/\/bulaoutdoor.nl\/?post_type=product&#038;p=93442"},"modified":"2026-02-16T20:44:10","modified_gmt":"2026-02-16T20:44:10","slug":"couteau-sebra-forge","status":"publish","type":"product","link":"https:\/\/bulaoutdoor.nl\/fr\/product\/forged-sebra-cleaver\/","title":{"rendered":"Cleaver Sebra forg\u00e9"},"content":{"rendered":"<h2>Polyvalent et fonctionnel<\/h2>\n<p>Le Cleaver de Sebra, \u00e9galement connu sous le nom de Asian Chopping Knife, est id\u00e9al pour les amateurs de cuisine qui aiment la pr\u00e9cision et la polyvalence. Ce couteau est con\u00e7u pour couper de gros morceaux de viande, hacher des l\u00e9gumes et portionner facilement la volaille. Gr\u00e2ce au poids et \u00e0 la forme incurv\u00e9e de la lame, ce hachoir est \u00e9galement parfait pour hacher les herbes fra\u00eeches.<\/p>\n<h2>Mat\u00e9riaux de haute qualit\u00e9 et pr\u00e9cision<\/h2>\n<p>La lame est fabriqu\u00e9e en acier inoxydable 7CR17MOV, ce qui garantit sa durabilit\u00e9 et ses excellentes performances. D'une duret\u00e9 de 58 Rockwell, elle offre un \u00e9quilibre parfait entre tranchant et robustesse. L'angle de coupe de 18 degr\u00e9s et l'\u00e9paisseur de la lame de 4 mm garantissent une facilit\u00e9 de coupe sans effort, m\u00eame pour les t\u00e2ches les plus difficiles en cuisine.<\/p>\n<h2>Fabriqu\u00e9 \u00e0 la main et finition de luxe<\/h2>\n<p>Chaque couteau Sebra est fabriqu\u00e9 \u00e0 la main et soigneusement emball\u00e9 dans un luxueux coffret en bois, ce qui en fait un choix parfait pour un usage professionnel ou comme cadeau. De plus, ce couteau est garanti 10 ans, ce qui t\u00e9moigne de sa grande qualit\u00e9 et de sa durabilit\u00e9.<\/p>\n<div class=\"elementor-element elementor-element-c03dbb6 elementor-widget elementor-widget-heading\" data-id=\"c03dbb6\" data-element_type=\"widget\" data-e-type=\"widget\" data-widget_type=\"heading.default\">\n<div class=\"elementor-widget-container\">\n<p class=\"elementor-heading-title elementor-size-default\"><b>Mat\u00e9riau :<\/b> Acier 7Cr17MOV, bois d'olivier<\/p>\n<\/div>\n<\/div>\n<div class=\"elementor-element elementor-element-f43aaff elementor-widget elementor-widget-heading\" data-id=\"f43aaff\" data-element_type=\"widget\" data-e-type=\"widget\" data-widget_type=\"heading.default\">\n<div class=\"elementor-widget-container\">\n<p class=\"elementor-heading-title elementor-size-default\"><b>La robustesse :<\/b> 58 Rockwell<\/p>\n<\/div>\n<\/div>\n<div class=\"elementor-element elementor-element-754a872 elementor-widget elementor-widget-heading\" data-id=\"754a872\" data-element_type=\"widget\" data-e-type=\"widget\" data-widget_type=\"heading.default\">\n<div class=\"elementor-widget-container\">\n<p class=\"elementor-heading-title elementor-size-default\"><b>Longueur de la lame :<\/b> N\/A<\/p>\n<\/div>\n<\/div>\n<div class=\"elementor-element elementor-element-cea88ce elementor-widget elementor-widget-heading\" data-id=\"cea88ce\" data-element_type=\"widget\" data-e-type=\"widget\" data-widget_type=\"heading.default\">\n<div class=\"elementor-widget-container\">\n<p class=\"elementor-heading-title elementor-size-default\"><b>\u00c9paisseur de la lame :<\/b> 4 mm<\/p>\n<\/div>\n<\/div>\n<div class=\"elementor-element elementor-element-ae3eac8 elementor-widget elementor-widget-heading\" data-id=\"ae3eac8\" data-element_type=\"widget\" data-e-type=\"widget\" data-widget_type=\"heading.default\">\n<div class=\"elementor-widget-container\">\n<p class=\"elementor-heading-title elementor-size-default\"><b>Angle de meulage :<\/b> 18 degr\u00e9s<\/p>\n<\/div>\n<\/div>\n<div class=\"elementor-element elementor-element-56c9301 elementor-widget elementor-widget-heading\" data-id=\"56c9301\" data-element_type=\"widget\" data-e-type=\"widget\" data-widget_type=\"heading.default\">\n<div class=\"elementor-widget-container\">\n<p class=\"elementor-heading-title elementor-size-default\"><b>Poids :<\/b> N\/A<\/p>\n<\/div>\n<\/div>\n<div class=\"elementor-element elementor-element-fa3f92d elementor-widget elementor-widget-heading\" data-id=\"fa3f92d\" data-element_type=\"widget\" data-e-type=\"widget\" data-widget_type=\"heading.default\">\n<div class=\"elementor-widget-container\">\n<p class=\"elementor-heading-title elementor-size-default\"><b>Passe au lave-vaisselle :<\/b>\u00a0Non<\/p>\n<\/div>\n<\/div>\n<div class=\"elementor-element elementor-element-5f6a1fd elementor-widget-divider--view-line elementor-widget elementor-widget-divider\" data-id=\"5f6a1fd\" data-element_type=\"widget\" data-e-type=\"widget\" data-widget_type=\"divider.default\">\n<div class=\"elementor-widget-container\">\n<div class=\"elementor-divider\"><\/div>\n<\/div>\n<\/div>","protected":false},"excerpt":{"rendered":"<p>Le couteau Sebra<\/p>","protected":false},"featured_media":93443,"comment_status":"open","ping_status":"closed","template":"","meta":{"_acf_changed":false},"product_brand":[],"product_cat":[15,1448],"product_tag":[216,1417],"class_list":{"0":"post-93442","1":"product","2":"type-product","3":"status-publish","4":"has-post-thumbnail","6":"product_cat-forged-messen","7":"product_cat-uitverkoop","8":"product_tag-forged","9":"product_tag-sebra","11":"first","12":"instock","13":"sale","14":"taxable","15":"shipping-taxable","16":"purchasable","17":"product-type-simple"},"acf":[],"yoast_head":"<!-- This site is optimized with the Yoast SEO plugin v27.3 - https:\/\/yoast.com\/product\/yoast-seo-wordpress\/ -->\n<title>Forged Sebra Cleaver &#8211; Bula Outdoor<\/title>\n<meta name=\"robots\" content=\"index, follow, max-snippet:-1, max-image-preview:large, max-video-preview:-1\" \/>\n<link rel=\"canonical\" href=\"https:\/\/bulaoutdoor.nl\/fr\/produit\/couteau-sebra-forge\/\" \/>\n<meta property=\"og:locale\" content=\"fr_FR\" \/>\n<meta property=\"og:type\" content=\"article\" \/>\n<meta property=\"og:title\" content=\"Forged Sebra Cleaver &#8211; Bula Outdoor\" \/>\n<meta property=\"og:description\" content=\"De Sebra Cleaver\" \/>\n<meta property=\"og:url\" content=\"https:\/\/bulaoutdoor.nl\/fr\/produit\/couteau-sebra-forge\/\" \/>\n<meta property=\"og:site_name\" content=\"Bula Outdoor\" \/>\n<meta property=\"article:modified_time\" content=\"2026-02-16T20:44:10+00:00\" \/>\n<meta property=\"og:image\" content=\"https:\/\/bulaoutdoor.nl\/wp-content\/uploads\/2026\/02\/forged-forged-sebra-cleaver.webp\" \/>\n\t<meta property=\"og:image:width\" content=\"1024\" \/>\n\t<meta property=\"og:image:height\" content=\"683\" \/>\n\t<meta property=\"og:image:type\" content=\"image\/webp\" \/>\n<meta name=\"twitter:card\" content=\"summary_large_image\" \/>\n<meta name=\"twitter:label1\" content=\"Dur\u00e9e de lecture estim\u00e9e\" \/>\n\t<meta name=\"twitter:data1\" content=\"2 minutes\" \/>\n<script type=\"application\/ld+json\" class=\"yoast-schema-graph\">{\"@context\":\"https:\\\/\\\/schema.org\",\"@graph\":[{\"@type\":\"WebPage\",\"@id\":\"https:\\\/\\\/bulaoutdoor.nl\\\/product\\\/forged-sebra-cleaver\\\/\",\"url\":\"https:\\\/\\\/bulaoutdoor.nl\\\/product\\\/forged-sebra-cleaver\\\/\",\"name\":\"Forged Sebra Cleaver &#8211; Bula Outdoor\",\"isPartOf\":{\"@id\":\"https:\\\/\\\/bulaoutdoor.nl\\\/#website\"},\"primaryImageOfPage\":{\"@id\":\"https:\\\/\\\/bulaoutdoor.nl\\\/product\\\/forged-sebra-cleaver\\\/#primaryimage\"},\"image\":{\"@id\":\"https:\\\/\\\/bulaoutdoor.nl\\\/product\\\/forged-sebra-cleaver\\\/#primaryimage\"},\"thumbnailUrl\":\"https:\\\/\\\/bulaoutdoor.nl\\\/wp-content\\\/uploads\\\/2026\\\/02\\\/forged-forged-sebra-cleaver.webp\",\"datePublished\":\"2026-02-16T14:29:05+00:00\",\"dateModified\":\"2026-02-16T20:44:10+00:00\",\"breadcrumb\":{\"@id\":\"https:\\\/\\\/bulaoutdoor.nl\\\/product\\\/forged-sebra-cleaver\\\/#breadcrumb\"},\"inLanguage\":\"fr-FR\",\"potentialAction\":[{\"@type\":\"ReadAction\",\"target\":[\"https:\\\/\\\/bulaoutdoor.nl\\\/product\\\/forged-sebra-cleaver\\\/\"]}]},{\"@type\":\"ImageObject\",\"inLanguage\":\"fr-FR\",\"@id\":\"https:\\\/\\\/bulaoutdoor.nl\\\/product\\\/forged-sebra-cleaver\\\/#primaryimage\",\"url\":\"https:\\\/\\\/bulaoutdoor.nl\\\/wp-content\\\/uploads\\\/2026\\\/02\\\/forged-forged-sebra-cleaver.webp\",\"contentUrl\":\"https:\\\/\\\/bulaoutdoor.nl\\\/wp-content\\\/uploads\\\/2026\\\/02\\\/forged-forged-sebra-cleaver.webp\",\"width\":1024,\"height\":683},{\"@type\":\"BreadcrumbList\",\"@id\":\"https:\\\/\\\/bulaoutdoor.nl\\\/product\\\/forged-sebra-cleaver\\\/#breadcrumb\",\"itemListElement\":[{\"@type\":\"ListItem\",\"position\":1,\"name\":\"Home\",\"item\":\"https:\\\/\\\/bulaoutdoor.nl\\\/\"},{\"@type\":\"ListItem\",\"position\":2,\"name\":\"Online BBQ kopen\",\"item\":\"https:\\\/\\\/bulaoutdoor.nl\\\/\"},{\"@type\":\"ListItem\",\"position\":3,\"name\":\"Forged Sebra Cleaver\"}]},{\"@type\":\"WebSite\",\"@id\":\"https:\\\/\\\/bulaoutdoor.nl\\\/#website\",\"url\":\"https:\\\/\\\/bulaoutdoor.nl\\\/\",\"name\":\"Bula Outdoor\",\"description\":\"Voor uw buitenhaard, BBQ, tuinfakkel en houtoven\",\"publisher\":{\"@id\":\"https:\\\/\\\/bulaoutdoor.nl\\\/#organization\"},\"potentialAction\":[{\"@type\":\"SearchAction\",\"target\":{\"@type\":\"EntryPoint\",\"urlTemplate\":\"https:\\\/\\\/bulaoutdoor.nl\\\/?s={search_term_string}\"},\"query-input\":{\"@type\":\"PropertyValueSpecification\",\"valueRequired\":true,\"valueName\":\"search_term_string\"}}],\"inLanguage\":\"fr-FR\"},{\"@type\":\"Organization\",\"@id\":\"https:\\\/\\\/bulaoutdoor.nl\\\/#organization\",\"name\":\"Bula Outdoor\",\"url\":\"https:\\\/\\\/bulaoutdoor.nl\\\/\",\"logo\":{\"@type\":\"ImageObject\",\"inLanguage\":\"fr-FR\",\"@id\":\"https:\\\/\\\/bulaoutdoor.nl\\\/#\\\/schema\\\/logo\\\/image\\\/\",\"url\":\"https:\\\/\\\/www.bulaoutdoor.nl\\\/wp-content\\\/uploads\\\/2018\\\/04\\\/bulaoutdoor-logo.png\",\"contentUrl\":\"https:\\\/\\\/www.bulaoutdoor.nl\\\/wp-content\\\/uploads\\\/2018\\\/04\\\/bulaoutdoor-logo.png\",\"width\":324,\"height\":91,\"caption\":\"Bula Outdoor\"},\"image\":{\"@id\":\"https:\\\/\\\/bulaoutdoor.nl\\\/#\\\/schema\\\/logo\\\/image\\\/\"}}]}<\/script>\n<!-- \/ Yoast SEO plugin. -->","yoast_head_json":{"title":"Cleaver Sebra forg\u00e9 - Bula Outdoor","robots":{"index":"index","follow":"follow","max-snippet":"max-snippet:-1","max-image-preview":"max-image-preview:large","max-video-preview":"max-video-preview:-1"},"canonical":"https:\/\/bulaoutdoor.nl\/fr\/produit\/couteau-sebra-forge\/","og_locale":"fr_FR","og_type":"article","og_title":"Forged Sebra Cleaver &#8211; Bula Outdoor","og_description":"De Sebra Cleaver","og_url":"https:\/\/bulaoutdoor.nl\/fr\/produit\/couteau-sebra-forge\/","og_site_name":"Bula Outdoor","article_modified_time":"2026-02-16T20:44:10+00:00","og_image":[{"width":1024,"height":683,"url":"https:\/\/bulaoutdoor.nl\/wp-content\/uploads\/2026\/02\/forged-forged-sebra-cleaver.webp","type":"image\/webp"}],"twitter_card":"summary_large_image","twitter_misc":{"Dur\u00e9e de lecture estim\u00e9e":"2 minutes"},"schema":{"@context":"https:\/\/schema.org","@graph":[{"@type":"WebPage","@id":"https:\/\/bulaoutdoor.nl\/product\/forged-sebra-cleaver\/","url":"https:\/\/bulaoutdoor.nl\/product\/forged-sebra-cleaver\/","name":"Cleaver Sebra forg\u00e9 - Bula Outdoor","isPartOf":{"@id":"https:\/\/bulaoutdoor.nl\/#website"},"primaryImageOfPage":{"@id":"https:\/\/bulaoutdoor.nl\/product\/forged-sebra-cleaver\/#primaryimage"},"image":{"@id":"https:\/\/bulaoutdoor.nl\/product\/forged-sebra-cleaver\/#primaryimage"},"thumbnailUrl":"https:\/\/bulaoutdoor.nl\/wp-content\/uploads\/2026\/02\/forged-forged-sebra-cleaver.webp","datePublished":"2026-02-16T14:29:05+00:00","dateModified":"2026-02-16T20:44:10+00:00","breadcrumb":{"@id":"https:\/\/bulaoutdoor.nl\/product\/forged-sebra-cleaver\/#breadcrumb"},"inLanguage":"fr-FR","potentialAction":[{"@type":"ReadAction","target":["https:\/\/bulaoutdoor.nl\/product\/forged-sebra-cleaver\/"]}]},{"@type":"ImageObject","inLanguage":"fr-FR","@id":"https:\/\/bulaoutdoor.nl\/product\/forged-sebra-cleaver\/#primaryimage","url":"https:\/\/bulaoutdoor.nl\/wp-content\/uploads\/2026\/02\/forged-forged-sebra-cleaver.webp","contentUrl":"https:\/\/bulaoutdoor.nl\/wp-content\/uploads\/2026\/02\/forged-forged-sebra-cleaver.webp","width":1024,"height":683},{"@type":"BreadcrumbList","@id":"https:\/\/bulaoutdoor.nl\/product\/forged-sebra-cleaver\/#breadcrumb","itemListElement":[{"@type":"ListItem","position":1,"name":"Home","item":"https:\/\/bulaoutdoor.nl\/"},{"@type":"ListItem","position":2,"name":"Online BBQ kopen","item":"https:\/\/bulaoutdoor.nl\/"},{"@type":"ListItem","position":3,"name":"Forged Sebra Cleaver"}]},{"@type":"WebSite","@id":"https:\/\/bulaoutdoor.nl\/#website","url":"https:\/\/bulaoutdoor.nl\/","name":"Bula Outdoor","description":"Pour votre chemin\u00e9e ext\u00e9rieure, votre barbecue, votre torche de jardin et votre four \u00e0 bois","publisher":{"@id":"https:\/\/bulaoutdoor.nl\/#organization"},"potentialAction":[{"@type":"SearchAction","target":{"@type":"EntryPoint","urlTemplate":"https:\/\/bulaoutdoor.nl\/?s={search_term_string}"},"query-input":{"@type":"PropertyValueSpecification","valueRequired":true,"valueName":"search_term_string"}}],"inLanguage":"fr-FR"},{"@type":"Organization","@id":"https:\/\/bulaoutdoor.nl\/#organization","name":"Bula Outdoor","url":"https:\/\/bulaoutdoor.nl\/","logo":{"@type":"ImageObject","inLanguage":"fr-FR","@id":"https:\/\/bulaoutdoor.nl\/#\/schema\/logo\/image\/","url":"https:\/\/www.bulaoutdoor.nl\/wp-content\/uploads\/2018\/04\/bulaoutdoor-logo.png","contentUrl":"https:\/\/www.bulaoutdoor.nl\/wp-content\/uploads\/2018\/04\/bulaoutdoor-logo.png","width":324,"height":91,"caption":"Bula Outdoor"},"image":{"@id":"https:\/\/bulaoutdoor.nl\/#\/schema\/logo\/image\/"}}]}},"jetpack_sharing_enabled":true,"_links":{"self":[{"href":"https:\/\/bulaoutdoor.nl\/fr\/wp-json\/wp\/v2\/product\/93442","targetHints":{"allow":["GET"]}}],"collection":[{"href":"https:\/\/bulaoutdoor.nl\/fr\/wp-json\/wp\/v2\/product"}],"about":[{"href":"https:\/\/bulaoutdoor.nl\/fr\/wp-json\/wp\/v2\/types\/product"}],"replies":[{"embeddable":true,"href":"https:\/\/bulaoutdoor.nl\/fr\/wp-json\/wp\/v2\/comments?post=93442"}],"wp:featuredmedia":[{"embeddable":true,"href":"https:\/\/bulaoutdoor.nl\/fr\/wp-json\/wp\/v2\/media\/93443"}],"wp:attachment":[{"href":"https:\/\/bulaoutdoor.nl\/fr\/wp-json\/wp\/v2\/media?parent=93442"}],"wp:term":[{"taxonomy":"product_brand","embeddable":true,"href":"https:\/\/bulaoutdoor.nl\/fr\/wp-json\/wp\/v2\/product_brand?post=93442"},{"taxonomy":"product_cat","embeddable":true,"href":"https:\/\/bulaoutdoor.nl\/fr\/wp-json\/wp\/v2\/product_cat?post=93442"},{"taxonomy":"product_tag","embeddable":true,"href":"https:\/\/bulaoutdoor.nl\/fr\/wp-json\/wp\/v2\/product_tag?post=93442"}],"curies":[{"name":"wp","href":"https:\/\/api.w.org\/{rel}","templated":true}]}}